{"id":87692,"date":"2023-04-26T22:49:21","date_gmt":"2023-04-26T22:49:21","guid":{"rendered":"https:\/\/www.silentblocks.com\/product\/klingen-70-4-silent-blocke-aus-der-aufhangung-arriere-iveco-daily\/"},"modified":"2026-02-17T21:35:30","modified_gmt":"2026-02-17T21:35:30","slug":"klingen-70-4-silent-blocke-aus-der-aufhangung-arriere-iveco-daily","status":"publish","type":"product","link":"https:\/\/www.silentblocks.com\/de\/produkt\/klingen-70-4-silent-blocke-aus-der-aufhangung-arriere-iveco-daily\/","title":{"rendered":"Silentblocks der Feder der Hinterradaufh\u00e4ngung Iveco Daily (70er Klingen)"},"content":{"rendered":"<p>Satz mit 4 Silentbl\u00f6cken der hinteren Aufh\u00e4ngungsfeder, passend f\u00fcr die folgenden Fahrzeuge:<br \/>\nIveco Daily<br \/>\nModelle: 35.12 \/ 49.12 \/ 59.12<br \/>\nAbmessungen: von:40 x 40 x di:16,5mm<\/p>\n<p>F\u00fcr 70mm Klingen<\/p>\n<p>Herstellerreferenzen (OEM-Code) zur Orientierung :<br \/>\n8587681<\/p>\n<p>Neue Teile, die mit Rechnung verkauft werden. Alle unsere Produkte haben eine Garantie von 2 Jahren.<\/p>\n","protected":false},"excerpt":{"rendered":"<p>Satz von 4 Silentbl\u00f6cken der Feder der hinteren Radaufh\u00e4ngung f\u00fcr IVECO DAILY<\/p>\n","protected":false},"featured_media":60251,"template":"","meta":[],"product_brand":[],"product_cat":[2179,2827],"product_tag":[],"class_list":{"0":"post-87692","1":"product","2":"type-product","3":"status-publish","4":"has-post-thumbnail","6":"product_cat-iveco-de","7":"product_cat-daily-de","9":"first","10":"instock","11":"shipping-taxable","12":"purchasable","13":"product-type-simple"},"yoast_head":"<!-- This site is optimized with the Yoast SEO Premium plugin v23.0 (Yoast SEO v27.4) - https:\/\/yoast.com\/product\/yoast-seo-premium-wordpress\/ -->\n<title>Silentblocks der Feder der Hinterradaufh\u00e4ngung Iveco Daily (70er Klingen) - SILENT BLOCKS<\/title>\n<meta name=\"description\" content=\"Silentblocs hintere Aufh\u00e4ngungsfeder f\u00fcr Iveco Daily (70mm Bl\u00e4tter), oem 8587681\" \/>\n<meta name=\"robots\" content=\"index, follow, max-snippet:-1, max-image-preview:large, max-video-preview:-1\" \/>\n<link rel=\"canonical\" href=\"https:\/\/www.silentblocks.com\/de\/produkt\/klingen-70-4-silent-blocke-aus-der-aufhangung-arriere-iveco-daily\/\" \/>\n<meta property=\"og:locale\" content=\"de_DE\" \/>\n<meta property=\"og:type\" content=\"article\" \/>\n<meta property=\"og:title\" content=\"Silentblocks der Feder der Hinterradaufh\u00e4ngung Iveco Daily (70er Klingen)\" \/>\n<meta property=\"og:description\" content=\"Silentblocs hintere Aufh\u00e4ngungsfeder f\u00fcr Iveco Daily (70mm Bl\u00e4tter), oem 8587681\" \/>\n<meta property=\"og:url\" content=\"https:\/\/www.silentblocks.com\/de\/produkt\/klingen-70-4-silent-blocke-aus-der-aufhangung-arriere-iveco-daily\/\" \/>\n<meta property=\"og:site_name\" content=\"SILENT BLOCKS\" \/>\n<meta property=\"article:modified_time\" content=\"2026-02-17T21:35:30+00:00\" \/>\n<meta property=\"og:image\" content=\"https:\/\/www.silentblocks.com\/wp-content\/uploads\/2026\/02\/8587681_ressort70-2.jpg\" \/>\n\t<meta property=\"og:image:width\" content=\"800\" \/>\n\t<meta property=\"og:image:height\" content=\"800\" \/>\n\t<meta property=\"og:image:type\" content=\"image\/jpeg\" \/>\n<meta name=\"twitter:card\" content=\"summary_large_image\" \/>\n<script type=\"application\/ld+json\" class=\"yoast-schema-graph\">{\"@context\":\"https:\\\/\\\/schema.org\",\"@graph\":[{\"@type\":\"WebPage\",\"@id\":\"https:\\\/\\\/www.silentblocks.com\\\/de\\\/produkt\\\/klingen-70-4-silent-blocke-aus-der-aufhangung-arriere-iveco-daily\\\/\",\"url\":\"https:\\\/\\\/www.silentblocks.com\\\/de\\\/produkt\\\/klingen-70-4-silent-blocke-aus-der-aufhangung-arriere-iveco-daily\\\/\",\"name\":\"Silentblocks der Feder der Hinterradaufh\u00e4ngung Iveco Daily (70er Klingen) - SILENT BLOCKS\",\"isPartOf\":{\"@id\":\"https:\\\/\\\/www.silentblocks.com\\\/de\\\/#website\"},\"primaryImageOfPage\":{\"@id\":\"https:\\\/\\\/www.silentblocks.com\\\/de\\\/produkt\\\/klingen-70-4-silent-blocke-aus-der-aufhangung-arriere-iveco-daily\\\/#primaryimage\"},\"image\":{\"@id\":\"https:\\\/\\\/www.silentblocks.com\\\/de\\\/produkt\\\/klingen-70-4-silent-blocke-aus-der-aufhangung-arriere-iveco-daily\\\/#primaryimage\"},\"thumbnailUrl\":\"https:\\\/\\\/www.silentblocks.com\\\/wp-content\\\/uploads\\\/2026\\\/02\\\/8587681_ressort70-2.jpg\",\"datePublished\":\"2023-04-26T22:49:21+00:00\",\"dateModified\":\"2026-02-17T21:35:30+00:00\",\"description\":\"Silentblocs hintere Aufh\u00e4ngungsfeder f\u00fcr Iveco Daily (70mm Bl\u00e4tter), oem 8587681\",\"breadcrumb\":{\"@id\":\"https:\\\/\\\/www.silentblocks.com\\\/de\\\/produkt\\\/klingen-70-4-silent-blocke-aus-der-aufhangung-arriere-iveco-daily\\\/#breadcrumb\"},\"inLanguage\":\"de\",\"potentialAction\":[{\"@type\":\"ReadAction\",\"target\":[\"https:\\\/\\\/www.silentblocks.com\\\/de\\\/produkt\\\/klingen-70-4-silent-blocke-aus-der-aufhangung-arriere-iveco-daily\\\/\"]}]},{\"@type\":\"ImageObject\",\"inLanguage\":\"de\",\"@id\":\"https:\\\/\\\/www.silentblocks.com\\\/de\\\/produkt\\\/klingen-70-4-silent-blocke-aus-der-aufhangung-arriere-iveco-daily\\\/#primaryimage\",\"url\":\"https:\\\/\\\/www.silentblocks.com\\\/wp-content\\\/uploads\\\/2026\\\/02\\\/8587681_ressort70-2.jpg\",\"contentUrl\":\"https:\\\/\\\/www.silentblocks.com\\\/wp-content\\\/uploads\\\/2026\\\/02\\\/8587681_ressort70-2.jpg\",\"width\":800,\"height\":800,\"caption\":\"????????????????????????????????????\"},{\"@type\":\"BreadcrumbList\",\"@id\":\"https:\\\/\\\/www.silentblocks.com\\\/de\\\/produkt\\\/klingen-70-4-silent-blocke-aus-der-aufhangung-arriere-iveco-daily\\\/#breadcrumb\",\"itemListElement\":[{\"@type\":\"ListItem\",\"position\":1,\"name\":\"In\u00edcio\",\"item\":\"https:\\\/\\\/www.silentblocks.com\\\/de\\\/\"},{\"@type\":\"ListItem\",\"position\":2,\"name\":\"Page boutique\",\"item\":\"https:\\\/\\\/www.silentblocks.com\\\/shop-2\\\/\"},{\"@type\":\"ListItem\",\"position\":3,\"name\":\"Silentblocks der Feder der Hinterradaufh\u00e4ngung Iveco Daily (70er Klingen)\"}]},{\"@type\":\"WebSite\",\"@id\":\"https:\\\/\\\/www.silentblocks.com\\\/de\\\/#website\",\"url\":\"https:\\\/\\\/www.silentblocks.com\\\/de\\\/\",\"name\":\"SILENTBLOCKS\",\"description\":\"Secure on the road\",\"publisher\":{\"@id\":\"https:\\\/\\\/www.silentblocks.com\\\/de\\\/#organization\"},\"potentialAction\":[{\"@type\":\"SearchAction\",\"target\":{\"@type\":\"EntryPoint\",\"urlTemplate\":\"https:\\\/\\\/www.silentblocks.com\\\/de\\\/?s={search_term_string}\"},\"query-input\":{\"@type\":\"PropertyValueSpecification\",\"valueRequired\":true,\"valueName\":\"search_term_string\"}}],\"inLanguage\":\"de\"},{\"@type\":\"Organization\",\"@id\":\"https:\\\/\\\/www.silentblocks.com\\\/de\\\/#organization\",\"name\":\"SILENTBLOCKS\",\"url\":\"https:\\\/\\\/www.silentblocks.com\\\/de\\\/\",\"logo\":{\"@type\":\"ImageObject\",\"inLanguage\":\"de\",\"@id\":\"https:\\\/\\\/www.silentblocks.com\\\/de\\\/#\\\/schema\\\/logo\\\/image\\\/\",\"url\":\"https:\\\/\\\/www.silentblocks.com\\\/wp-content\\\/uploads\\\/2023\\\/07\\\/logo211-sem-fundo_2012-PARA-BOUTIQUE-EBAY.png\",\"contentUrl\":\"https:\\\/\\\/www.silentblocks.com\\\/wp-content\\\/uploads\\\/2023\\\/07\\\/logo211-sem-fundo_2012-PARA-BOUTIQUE-EBAY.png\",\"width\":300,\"height\":190,\"caption\":\"SILENTBLOCKS\"},\"image\":{\"@id\":\"https:\\\/\\\/www.silentblocks.com\\\/de\\\/#\\\/schema\\\/logo\\\/image\\\/\"}}]}<\/script>\n<!-- \/ Yoast SEO Premium plugin. -->","yoast_head_json":{"title":"Silentblocks der Feder der Hinterradaufh\u00e4ngung Iveco Daily (70er Klingen) - SILENT BLOCKS","description":"Silentblocs hintere Aufh\u00e4ngungsfeder f\u00fcr Iveco Daily (70mm Bl\u00e4tter), oem 8587681","robots":{"index":"index","follow":"follow","max-snippet":"max-snippet:-1","max-image-preview":"max-image-preview:large","max-video-preview":"max-video-preview:-1"},"canonical":"https:\/\/www.silentblocks.com\/de\/produkt\/klingen-70-4-silent-blocke-aus-der-aufhangung-arriere-iveco-daily\/","og_locale":"de_DE","og_type":"article","og_title":"Silentblocks der Feder der Hinterradaufh\u00e4ngung Iveco Daily (70er Klingen)","og_description":"Silentblocs hintere Aufh\u00e4ngungsfeder f\u00fcr Iveco Daily (70mm Bl\u00e4tter), oem 8587681","og_url":"https:\/\/www.silentblocks.com\/de\/produkt\/klingen-70-4-silent-blocke-aus-der-aufhangung-arriere-iveco-daily\/","og_site_name":"SILENT BLOCKS","article_modified_time":"2026-02-17T21:35:30+00:00","og_image":[{"width":800,"height":800,"url":"https:\/\/www.silentblocks.com\/wp-content\/uploads\/2026\/02\/8587681_ressort70-2.jpg","type":"image\/jpeg"}],"twitter_card":"summary_large_image","schema":{"@context":"https:\/\/schema.org","@graph":[{"@type":"WebPage","@id":"https:\/\/www.silentblocks.com\/de\/produkt\/klingen-70-4-silent-blocke-aus-der-aufhangung-arriere-iveco-daily\/","url":"https:\/\/www.silentblocks.com\/de\/produkt\/klingen-70-4-silent-blocke-aus-der-aufhangung-arriere-iveco-daily\/","name":"Silentblocks der Feder der Hinterradaufh\u00e4ngung Iveco Daily (70er Klingen) - SILENT BLOCKS","isPartOf":{"@id":"https:\/\/www.silentblocks.com\/de\/#website"},"primaryImageOfPage":{"@id":"https:\/\/www.silentblocks.com\/de\/produkt\/klingen-70-4-silent-blocke-aus-der-aufhangung-arriere-iveco-daily\/#primaryimage"},"image":{"@id":"https:\/\/www.silentblocks.com\/de\/produkt\/klingen-70-4-silent-blocke-aus-der-aufhangung-arriere-iveco-daily\/#primaryimage"},"thumbnailUrl":"https:\/\/www.silentblocks.com\/wp-content\/uploads\/2026\/02\/8587681_ressort70-2.jpg","datePublished":"2023-04-26T22:49:21+00:00","dateModified":"2026-02-17T21:35:30+00:00","description":"Silentblocs hintere Aufh\u00e4ngungsfeder f\u00fcr Iveco Daily (70mm Bl\u00e4tter), oem 8587681","breadcrumb":{"@id":"https:\/\/www.silentblocks.com\/de\/produkt\/klingen-70-4-silent-blocke-aus-der-aufhangung-arriere-iveco-daily\/#breadcrumb"},"inLanguage":"de","potentialAction":[{"@type":"ReadAction","target":["https:\/\/www.silentblocks.com\/de\/produkt\/klingen-70-4-silent-blocke-aus-der-aufhangung-arriere-iveco-daily\/"]}]},{"@type":"ImageObject","inLanguage":"de","@id":"https:\/\/www.silentblocks.com\/de\/produkt\/klingen-70-4-silent-blocke-aus-der-aufhangung-arriere-iveco-daily\/#primaryimage","url":"https:\/\/www.silentblocks.com\/wp-content\/uploads\/2026\/02\/8587681_ressort70-2.jpg","contentUrl":"https:\/\/www.silentblocks.com\/wp-content\/uploads\/2026\/02\/8587681_ressort70-2.jpg","width":800,"height":800,"caption":"????????????????????????????????????"},{"@type":"BreadcrumbList","@id":"https:\/\/www.silentblocks.com\/de\/produkt\/klingen-70-4-silent-blocke-aus-der-aufhangung-arriere-iveco-daily\/#breadcrumb","itemListElement":[{"@type":"ListItem","position":1,"name":"In\u00edcio","item":"https:\/\/www.silentblocks.com\/de\/"},{"@type":"ListItem","position":2,"name":"Page boutique","item":"https:\/\/www.silentblocks.com\/shop-2\/"},{"@type":"ListItem","position":3,"name":"Silentblocks der Feder der Hinterradaufh\u00e4ngung Iveco Daily (70er Klingen)"}]},{"@type":"WebSite","@id":"https:\/\/www.silentblocks.com\/de\/#website","url":"https:\/\/www.silentblocks.com\/de\/","name":"SILENTBLOCKS","description":"Secure on the road","publisher":{"@id":"https:\/\/www.silentblocks.com\/de\/#organization"},"potentialAction":[{"@type":"SearchAction","target":{"@type":"EntryPoint","urlTemplate":"https:\/\/www.silentblocks.com\/de\/?s={search_term_string}"},"query-input":{"@type":"PropertyValueSpecification","valueRequired":true,"valueName":"search_term_string"}}],"inLanguage":"de"},{"@type":"Organization","@id":"https:\/\/www.silentblocks.com\/de\/#organization","name":"SILENTBLOCKS","url":"https:\/\/www.silentblocks.com\/de\/","logo":{"@type":"ImageObject","inLanguage":"de","@id":"https:\/\/www.silentblocks.com\/de\/#\/schema\/logo\/image\/","url":"https:\/\/www.silentblocks.com\/wp-content\/uploads\/2023\/07\/logo211-sem-fundo_2012-PARA-BOUTIQUE-EBAY.png","contentUrl":"https:\/\/www.silentblocks.com\/wp-content\/uploads\/2023\/07\/logo211-sem-fundo_2012-PARA-BOUTIQUE-EBAY.png","width":300,"height":190,"caption":"SILENTBLOCKS"},"image":{"@id":"https:\/\/www.silentblocks.com\/de\/#\/schema\/logo\/image\/"}}]}},"_links":{"self":[{"href":"https:\/\/www.silentblocks.com\/de\/wp-json\/wp\/v2\/product\/87692","targetHints":{"allow":["GET"]}}],"collection":[{"href":"https:\/\/www.silentblocks.com\/de\/wp-json\/wp\/v2\/product"}],"about":[{"href":"https:\/\/www.silentblocks.com\/de\/wp-json\/wp\/v2\/types\/product"}],"version-history":[{"count":0,"href":"https:\/\/www.silentblocks.com\/de\/wp-json\/wp\/v2\/product\/87692\/revisions"}],"wp:featuredmedia":[{"embeddable":true,"href":"https:\/\/www.silentblocks.com\/de\/wp-json\/wp\/v2\/media\/60251"}],"wp:attachment":[{"href":"https:\/\/www.silentblocks.com\/de\/wp-json\/wp\/v2\/media?parent=87692"}],"wp:term":[{"taxonomy":"product_brand","embeddable":true,"href":"https:\/\/www.silentblocks.com\/de\/wp-json\/wp\/v2\/product_brand?post=87692"},{"taxonomy":"product_cat","embeddable":true,"href":"https:\/\/www.silentblocks.com\/de\/wp-json\/wp\/v2\/product_cat?post=87692"},{"taxonomy":"product_tag","embeddable":true,"href":"https:\/\/www.silentblocks.com\/de\/wp-json\/wp\/v2\/product_tag?post=87692"}],"curies":[{"name":"wp","href":"https:\/\/api.w.org\/{rel}","templated":true}]}}