{"id":88021,"date":"2023-04-26T22:49:00","date_gmt":"2023-04-26T22:49:00","guid":{"rendered":"https:\/\/www.silentblocks.com\/product\/motorhalterung-rechts-und-links-mitsubishi-l200-pajero\/"},"modified":"2026-02-17T21:36:20","modified_gmt":"2026-02-17T21:36:20","slug":"motorhalterung-rechts-und-links-mitsubishi-l200-pajero","status":"publish","type":"product","link":"https:\/\/www.silentblocks.com\/de\/produkt\/motorhalterung-rechts-und-links-mitsubishi-l200-pajero\/","title":{"rendered":"Motorhalterung rechts und links f\u00fcr Mitsubishi L200, Pajero"},"content":{"rendered":"<p>2 Motorhalterungen, f\u00fcr die linke und rechte Seite, f\u00fcr Mitsubishi L200, Pajero<\/p>\n<p>OEM: MB007023, 437578, 436578T, 070023, MB006605, MB436331<\/p>\n<table style=\"width: 463px;\" border=\"0\" cellspacing=\"0\" cellpadding=\"0\">\n<colgroup>\n<col width=\"107\">\n<col width=\"126\">\n<col width=\"98\">\n<col width=\"54\">\n<col width=\"78\"><\/colgroup>\n<tbody>\n<tr>\n<td class=\"xl66\" width=\"107\" height=\"20\"><\/td>\n<td class=\"xl66\" width=\"126\">Code Modelle<\/td>\n<td class=\"xl66\" width=\"98\">Code Motor<\/td>\n<td class=\"xl67\" width=\"54\">Von<\/td>\n<td class=\"xl67\" width=\"78\">Bis<\/td>\n<\/tr>\n<tr>\n<td class=\"xl70\" colspan=\"5\" height=\"20\">L200<\/td>\n<\/tr>\n<tr>\n<td class=\"xl68\" height=\"20\">2.6<\/td>\n<td class=\"xl68\">K33T<\/td>\n<td class=\"xl68\">G54B<\/td>\n<td class=\"xl69\">11-1989<\/td>\n<td class=\"xl69\">5-1995<\/td>\n<\/tr>\n<tr>\n<td class=\"xl68\" height=\"20\">2.5<\/td>\n<td class=\"xl68\">K14T<\/td>\n<td class=\"xl68\">4D56<\/td>\n<td class=\"xl69\">11-1986<\/td>\n<td class=\"xl69\">8-1996<\/td>\n<\/tr>\n<tr>\n<td class=\"xl68\" height=\"20\">2.5<\/td>\n<td class=\"xl68\">K24T<\/td>\n<td class=\"xl68\">4D56<\/td>\n<td class=\"xl69\">12-1987<\/td>\n<td class=\"xl69\">5-1993<\/td>\n<\/tr>\n<tr>\n<td class=\"xl68\" height=\"20\">2.5<\/td>\n<td class=\"xl68\">K34T<\/td>\n<td class=\"xl68\">4D56T<\/td>\n<td class=\"xl69\">11-1992<\/td>\n<td class=\"xl69\">8-1996<\/td>\n<\/tr>\n<tr>\n<td class=\"xl68\" height=\"20\">2.0<\/td>\n<td class=\"xl68\">K62T<\/td>\n<td class=\"xl68\">4G63<\/td>\n<td class=\"xl69\">6-1996<\/td>\n<td class=\"xl69\">heute<\/td>\n<\/tr>\n<tr>\n<td class=\"xl68\" height=\"20\">2.4<\/td>\n<td class=\"xl68\">K75T<\/td>\n<td class=\"xl68\">4G64<\/td>\n<td class=\"xl69\">6-1996<\/td>\n<td class=\"xl69\">heute<\/td>\n<\/tr>\n<tr>\n<td class=\"xl68\" height=\"20\">2.5<\/td>\n<td class=\"xl68\">K64T<\/td>\n<td class=\"xl68\">4D56<\/td>\n<td class=\"xl69\">6-1996<\/td>\n<td class=\"xl69\">heute<\/td>\n<\/tr>\n<tr>\n<td class=\"xl68\" height=\"20\">2.5<\/td>\n<td class=\"xl68\">K74T<\/td>\n<td class=\"xl68\">4D56TD<\/td>\n<td class=\"xl69\">6-1996<\/td>\n<td class=\"xl69\">heute<\/td>\n<\/tr>\n<tr>\n<td class=\"xl68\" height=\"20\">2.5<\/td>\n<td class=\"xl68\">K74T<\/td>\n<td class=\"xl68\">4D56T<\/td>\n<td class=\"xl69\">11-2001<\/td>\n<td class=\"xl69\">heute<\/td>\n<\/tr>\n<tr>\n<td height=\"20\"><\/td>\n<td><\/td>\n<td><\/td>\n<td><\/td>\n<td><\/td>\n<\/tr>\n<tr>\n<td class=\"xl70\" colspan=\"5\" height=\"20\">PAJERO CLASSIC<\/td>\n<\/tr>\n<tr>\n<td class=\"xl68\" height=\"20\">2.5<\/td>\n<td class=\"xl68\">V2_W<\/td>\n<td class=\"xl68\">4D56T<\/td>\n<td class=\"xl69\">7-2002<\/td>\n<td class=\"xl69\">heute<\/td>\n<\/tr>\n<tr>\n<td height=\"20\"><\/td>\n<td><\/td>\n<td><\/td>\n<td><\/td>\n<td><\/td>\n<\/tr>\n<tr>\n<td class=\"xl70\" colspan=\"5\" height=\"20\">PAJERO I<\/td>\n<\/tr>\n<tr>\n<td class=\"xl68\" height=\"20\">3.0<\/td>\n<td class=\"xl68\">L141G, L146G<\/td>\n<td class=\"xl68\">6G72<\/td>\n<td class=\"xl69\">11-1998<\/td>\n<td class=\"xl69\">11-1990<\/td>\n<\/tr>\n<tr>\n<td class=\"xl68\" height=\"20\">2.5<\/td>\n<td class=\"xl68\">L044G, L049G<\/td>\n<td class=\"xl68\">4D56T<\/td>\n<td class=\"xl69\">1-1990<\/td>\n<td class=\"xl69\">12-1991<\/td>\n<\/tr>\n<tr>\n<td class=\"xl68\" height=\"20\">2.5<\/td>\n<td class=\"xl68\">L044G, L049G<\/td>\n<td class=\"xl68\">4D56T<\/td>\n<td class=\"xl69\">11-1989<\/td>\n<td class=\"xl69\">11-1990<\/td>\n<\/tr>\n<tr>\n<td class=\"xl68\" height=\"20\">2.6<\/td>\n<td class=\"xl68\">L042G, L047G<\/td>\n<td class=\"xl68\">4G54<\/td>\n<td class=\"xl69\">1-1983<\/td>\n<td class=\"xl69\">11-1990<\/td>\n<\/tr>\n<tr>\n<td class=\"xl68\" height=\"20\">2.3<\/td>\n<td class=\"xl68\">L043G, L048G<\/td>\n<td class=\"xl68\">4D55T<\/td>\n<td class=\"xl69\">12-1982<\/td>\n<td class=\"xl69\">4-1986<\/td>\n<\/tr>\n<tr>\n<td class=\"xl68\" height=\"20\">2.5<\/td>\n<td class=\"xl68\">L044G, L049G<\/td>\n<td class=\"xl68\">4D56T<\/td>\n<td class=\"xl69\">5-1986<\/td>\n<td class=\"xl69\">10-1989<\/td>\n<\/tr>\n<tr>\n<td class=\"xl68\" height=\"20\">2.5<\/td>\n<td class=\"xl68\">L044G, L049G<\/td>\n<td class=\"xl68\">4D56T<\/td>\n<td class=\"xl69\">11-1989<\/td>\n<td class=\"xl69\">11-1990<\/td>\n<\/tr>\n<tr>\n<td height=\"20\"><\/td>\n<td><\/td>\n<td><\/td>\n<td><\/td>\n<td><\/td>\n<\/tr>\n<tr>\n<td class=\"xl70\" colspan=\"5\" height=\"20\">PAJERO II<\/td>\n<\/tr>\n<tr>\n<td class=\"xl68\" height=\"20\">2.4<\/td>\n<td class=\"xl68\">V21W, V21C<\/td>\n<td class=\"xl68\">4G64<\/td>\n<td class=\"xl69\">4-1991<\/td>\n<td class=\"xl69\">4-2000<\/td>\n<\/tr>\n<tr>\n<td class=\"xl68\" height=\"20\">3.0<\/td>\n<td class=\"xl68\">V23W, V43W, V23C<\/td>\n<td class=\"xl68\">6G72<\/td>\n<td class=\"xl69\">12-1990<\/td>\n<td class=\"xl69\">12-1995<\/td>\n<\/tr>\n<tr>\n<td class=\"xl68\" height=\"20\">3.0<\/td>\n<td class=\"xl68\">V43W, V23W<\/td>\n<td class=\"xl68\">6G72<\/td>\n<td class=\"xl69\">6-1997<\/td>\n<td class=\"xl69\">4-2000<\/td>\n<\/tr>\n<tr>\n<td class=\"xl68\" height=\"20\">3.0<\/td>\n<td class=\"xl68\">V43W, V23W<\/td>\n<td class=\"xl68\">6G72<\/td>\n<td class=\"xl69\">6-1994<\/td>\n<td class=\"xl69\">5-1997<\/td>\n<\/tr>\n<tr>\n<td class=\"xl68\" height=\"20\">3.5<\/td>\n<td class=\"xl68\">V45W, V25W<\/td>\n<td class=\"xl68\">6G74 DOHC<\/td>\n<td class=\"xl69\">7-1997<\/td>\n<td class=\"xl69\">4-2000<\/td>\n<\/tr>\n<tr>\n<td class=\"xl68\" height=\"20\">3.5<\/td>\n<td class=\"xl68\">V45W, V25W<\/td>\n<td class=\"xl68\">6G74 DOHC<\/td>\n<td class=\"xl69\">6-1994<\/td>\n<td class=\"xl69\">4-2000<\/td>\n<\/tr>\n<tr>\n<td class=\"xl68\" height=\"20\">2.5<\/td>\n<td class=\"xl68\">V24C, V24W<\/td>\n<td class=\"xl68\">4D56TD<\/td>\n<td class=\"xl69\">12-1990<\/td>\n<td class=\"xl69\">4-2000<\/td>\n<\/tr>\n<tr>\n<td class=\"xl68\" height=\"20\">2.8<\/td>\n<td class=\"xl68\">V46W<\/td>\n<td class=\"xl68\">4M40-T, 4M40<\/td>\n<td class=\"xl69\">6-1994<\/td>\n<td class=\"xl69\">4-2000<\/td>\n<\/tr>\n<tr>\n<td class=\"xl68\" height=\"20\">1.8GDI<\/td>\n<td class=\"xl68\"><\/td>\n<td class=\"xl68\">4G93<\/td>\n<td class=\"xl69\">6-1998<\/td>\n<td class=\"xl69\">4-2000<\/td>\n<\/tr>\n<tr>\n<td class=\"xl68\" height=\"20\">2.4<\/td>\n<td class=\"xl68\">V41W, V21W, V21C<\/td>\n<td class=\"xl68\">4G64<\/td>\n<td class=\"xl69\">4-1991<\/td>\n<td class=\"xl69\">4-2000<\/td>\n<\/tr>\n<tr>\n<td class=\"xl68\" height=\"20\">3.0<\/td>\n<td class=\"xl68\">V23W, V43W, V23C<\/td>\n<td class=\"xl68\">6G72<\/td>\n<td class=\"xl69\">12-1990<\/td>\n<td class=\"xl69\">12-1995<\/td>\n<\/tr>\n<tr>\n<td class=\"xl68\" height=\"20\">3.0<\/td>\n<td class=\"xl68\">V23W, V23C<\/td>\n<td class=\"xl68\">6G72<\/td>\n<td class=\"xl69\">6-1994<\/td>\n<td class=\"xl69\">4-2000<\/td>\n<\/tr>\n<tr>\n<td class=\"xl68\" height=\"20\">2.5<\/td>\n<td class=\"xl68\">V24C, V24W<\/td>\n<td class=\"xl68\">6G72<\/td>\n<td class=\"xl69\">12-1990<\/td>\n<td class=\"xl69\">4-2000<\/td>\n<\/tr>\n<tr>\n<td height=\"20\"><\/td>\n<td><\/td>\n<td><\/td>\n<td><\/td>\n<td><\/td>\n<\/tr>\n<tr>\n<td class=\"xl70\" colspan=\"5\" height=\"20\">PAGERO III<\/td>\n<\/tr>\n<tr>\n<td class=\"xl68\" height=\"20\">3.5<\/td>\n<td class=\"xl68\">V65W, V75W<\/td>\n<td class=\"xl68\">6G74 DOHC<\/td>\n<td class=\"xl69\">4-2000<\/td>\n<td class=\"xl69\">heute<\/td>\n<\/tr>\n<tr>\n<td class=\"xl68\" height=\"20\">3.2<\/td>\n<td class=\"xl68\">V68W, V78W<\/td>\n<td class=\"xl68\">4M41<\/td>\n<td class=\"xl69\">1-2011<\/td>\n<td class=\"xl69\">heute<\/td>\n<\/tr>\n<tr>\n<td class=\"xl68\" height=\"20\">3.2<\/td>\n<td class=\"xl68\">V68W, V78W<\/td>\n<td class=\"xl68\">4M41<\/td>\n<td class=\"xl69\">4-2000<\/td>\n<td class=\"xl69\">1-2011<\/td>\n<\/tr>\n<tr>\n<td class=\"xl68\" height=\"20\">3.2<\/td>\n<td class=\"xl68\"><\/td>\n<td class=\"xl68\"><\/td>\n<td class=\"xl69\"><\/td>\n<td class=\"xl69\"><\/td>\n<\/tr>\n<tr>\n<td height=\"20\"><\/td>\n<td><\/td>\n<td><\/td>\n<td><\/td>\n<td><\/td>\n<\/tr>\n<tr>\n<td class=\"xl70\" colspan=\"5\" height=\"20\">PAGERO PININ<\/td>\n<\/tr>\n<tr>\n<td class=\"xl68\" height=\"20\">1.8<\/td>\n<td class=\"xl68\">H76W, H66W<\/td>\n<td class=\"xl68\">4G93<\/td>\n<td class=\"xl69\">1-2011<\/td>\n<td class=\"xl69\">heute<\/td>\n<\/tr>\n<tr>\n<td class=\"xl68\" height=\"20\">1.8<\/td>\n<td class=\"xl68\">H66W<\/td>\n<td class=\"xl68\">4G93<\/td>\n<td class=\"xl69\">10-1999<\/td>\n<td class=\"xl69\">heute<\/td>\n<\/tr>\n<tr>\n<td class=\"xl68\" height=\"20\">2.0<\/td>\n<td class=\"xl68\">H67W, H77W<\/td>\n<td class=\"xl68\">4G94<\/td>\n<td class=\"xl69\">10-2000<\/td>\n<td class=\"xl69\">heute<\/td>\n<\/tr>\n<tr>\n<td height=\"20\"><\/td>\n<td><\/td>\n<td><\/td>\n<td><\/td>\n<td><\/td>\n<\/tr>\n<tr>\n<td class=\"xl70\" colspan=\"5\" height=\"20\">PAJERO SPORT<\/td>\n<\/tr>\n<tr>\n<td class=\"xl68\" height=\"20\">3.0<\/td>\n<td class=\"xl68\">K96W<\/td>\n<td class=\"xl68\">6G72<\/td>\n<td class=\"xl69\">3-2011<\/td>\n<td class=\"xl69\">heute<\/td>\n<\/tr>\n<tr>\n<td class=\"xl68\" height=\"20\">3.0<\/td>\n<td class=\"xl68\">K96W<\/td>\n<td class=\"xl68\">6G72<\/td>\n<td class=\"xl69\">6-2000<\/td>\n<td class=\"xl69\">heute<\/td>\n<\/tr>\n<tr>\n<td class=\"xl68\" height=\"20\">3.0<\/td>\n<td class=\"xl68\">K96W<\/td>\n<td class=\"xl68\">6G72<\/td>\n<td class=\"xl69\">11-1998<\/td>\n<td class=\"xl69\">heute<\/td>\n<\/tr>\n<tr>\n<td class=\"xl68\" height=\"20\">2.5<\/td>\n<td class=\"xl68\">K94W<\/td>\n<td class=\"xl68\">4D56T<\/td>\n<td class=\"xl69\">11-1998<\/td>\n<td class=\"xl69\">heute<\/td>\n<\/tr>\n<tr>\n<td class=\"xl68\" height=\"20\">2.5<\/td>\n<td class=\"xl68\">K94W<\/td>\n<td class=\"xl68\">4D56T<\/td>\n<td class=\"xl69\">7-2002<\/td>\n<td class=\"xl69\">heute<\/td>\n<\/tr>\n<tr>\n<td class=\"xl68\" height=\"20\">2.5<\/td>\n<td class=\"xl68\">K94W<\/td>\n<td class=\"xl68\">4D56T<\/td>\n<td class=\"xl69\">8-2003<\/td>\n<td class=\"xl69\">heute<\/td>\n<\/tr>\n<\/tbody>\n<\/table>\n","protected":false},"excerpt":{"rendered":"<p>2 Motorhalterungen, rechts und links, f\u00fcr Mitsubishi L200, Pajero<\/p>\n","protected":false},"featured_media":114281,"template":"","meta":[],"product_brand":[],"product_cat":[2209,3110,3127,3131,3133,3140,1806],"product_tag":[],"class_list":{"0":"post-88021","1":"product","2":"type-product","3":"status-publish","4":"has-post-thumbnail","6":"product_cat-mitsubishi-de","7":"product_cat-l200-87-00-de","8":"product_cat-pajero-i-de","9":"product_cat-pajero-ii-de","10":"product_cat-pajero-iii-de","11":"product_cat-pajero-pinin-de","12":"product_cat-pajero-sport-98-09-de","14":"first","15":"instock","16":"shipping-taxable","17":"purchasable","18":"product-type-simple"},"yoast_head":"<!-- This site is optimized with the Yoast SEO Premium plugin v23.0 (Yoast SEO v27.4) - https:\/\/yoast.com\/product\/yoast-seo-premium-wordpress\/ -->\n<title>Motorhalterung rechts und links f\u00fcr Mitsubishi L200, Pajero - SILENT BLOCKS<\/title>\n<meta name=\"description\" content=\"Motorhalterung rechts und Motorhalterung links f\u00fcr Mitsubishi L200, Mitsubishi Pajero, OEM-kompatibel MB006605, MB436331\" \/>\n<meta name=\"robots\" content=\"index, follow, max-snippet:-1, max-image-preview:large, max-video-preview:-1\" \/>\n<link rel=\"canonical\" href=\"https:\/\/www.silentblocks.com\/de\/produkt\/motorhalterung-rechts-und-links-mitsubishi-l200-pajero\/\" \/>\n<meta property=\"og:locale\" content=\"de_DE\" \/>\n<meta property=\"og:type\" content=\"article\" \/>\n<meta property=\"og:title\" content=\"Motorhalterung rechts und links f\u00fcr Mitsubishi L200, Pajero\" \/>\n<meta property=\"og:description\" content=\"Motorhalterung rechts und Motorhalterung links f\u00fcr Mitsubishi L200, Mitsubishi Pajero, OEM-kompatibel MB006605, MB436331\" \/>\n<meta property=\"og:url\" content=\"https:\/\/www.silentblocks.com\/de\/produkt\/motorhalterung-rechts-und-links-mitsubishi-l200-pajero\/\" \/>\n<meta property=\"og:site_name\" content=\"SILENT BLOCKS\" \/>\n<meta property=\"article:modified_time\" content=\"2026-02-17T21:36:20+00:00\" \/>\n<meta property=\"og:image\" content=\"https:\/\/www.silentblocks.com\/wp-content\/uploads\/2026\/02\/engine-mount-l200-pajero.jpg\" \/>\n\t<meta property=\"og:image:width\" content=\"1000\" \/>\n\t<meta property=\"og:image:height\" content=\"1000\" \/>\n\t<meta property=\"og:image:type\" content=\"image\/jpeg\" \/>\n<meta name=\"twitter:card\" content=\"summary_large_image\" \/>\n<meta name=\"twitter:label1\" content=\"Gesch\u00e4tzte Lesezeit\" \/>\n\t<meta name=\"twitter:data1\" content=\"2\u00a0Minuten\" \/>\n<script type=\"application\/ld+json\" class=\"yoast-schema-graph\">{\"@context\":\"https:\\\/\\\/schema.org\",\"@graph\":[{\"@type\":\"WebPage\",\"@id\":\"https:\\\/\\\/www.silentblocks.com\\\/de\\\/produkt\\\/motorhalterung-rechts-und-links-mitsubishi-l200-pajero\\\/\",\"url\":\"https:\\\/\\\/www.silentblocks.com\\\/de\\\/produkt\\\/motorhalterung-rechts-und-links-mitsubishi-l200-pajero\\\/\",\"name\":\"Motorhalterung rechts und links f\u00fcr Mitsubishi L200, Pajero - SILENT BLOCKS\",\"isPartOf\":{\"@id\":\"https:\\\/\\\/www.silentblocks.com\\\/de\\\/#website\"},\"primaryImageOfPage\":{\"@id\":\"https:\\\/\\\/www.silentblocks.com\\\/de\\\/produkt\\\/motorhalterung-rechts-und-links-mitsubishi-l200-pajero\\\/#primaryimage\"},\"image\":{\"@id\":\"https:\\\/\\\/www.silentblocks.com\\\/de\\\/produkt\\\/motorhalterung-rechts-und-links-mitsubishi-l200-pajero\\\/#primaryimage\"},\"thumbnailUrl\":\"https:\\\/\\\/www.silentblocks.com\\\/wp-content\\\/uploads\\\/2026\\\/02\\\/engine-mount-l200-pajero.jpg\",\"datePublished\":\"2023-04-26T22:49:00+00:00\",\"dateModified\":\"2026-02-17T21:36:20+00:00\",\"description\":\"Motorhalterung rechts und Motorhalterung links f\u00fcr Mitsubishi L200, Mitsubishi Pajero, OEM-kompatibel MB006605, MB436331\",\"breadcrumb\":{\"@id\":\"https:\\\/\\\/www.silentblocks.com\\\/de\\\/produkt\\\/motorhalterung-rechts-und-links-mitsubishi-l200-pajero\\\/#breadcrumb\"},\"inLanguage\":\"de\",\"potentialAction\":[{\"@type\":\"ReadAction\",\"target\":[\"https:\\\/\\\/www.silentblocks.com\\\/de\\\/produkt\\\/motorhalterung-rechts-und-links-mitsubishi-l200-pajero\\\/\"]}]},{\"@type\":\"ImageObject\",\"inLanguage\":\"de\",\"@id\":\"https:\\\/\\\/www.silentblocks.com\\\/de\\\/produkt\\\/motorhalterung-rechts-und-links-mitsubishi-l200-pajero\\\/#primaryimage\",\"url\":\"https:\\\/\\\/www.silentblocks.com\\\/wp-content\\\/uploads\\\/2026\\\/02\\\/engine-mount-l200-pajero.jpg\",\"contentUrl\":\"https:\\\/\\\/www.silentblocks.com\\\/wp-content\\\/uploads\\\/2026\\\/02\\\/engine-mount-l200-pajero.jpg\",\"width\":1000,\"height\":1000},{\"@type\":\"BreadcrumbList\",\"@id\":\"https:\\\/\\\/www.silentblocks.com\\\/de\\\/produkt\\\/motorhalterung-rechts-und-links-mitsubishi-l200-pajero\\\/#breadcrumb\",\"itemListElement\":[{\"@type\":\"ListItem\",\"position\":1,\"name\":\"In\u00edcio\",\"item\":\"https:\\\/\\\/www.silentblocks.com\\\/de\\\/\"},{\"@type\":\"ListItem\",\"position\":2,\"name\":\"Page boutique\",\"item\":\"https:\\\/\\\/www.silentblocks.com\\\/shop-2\\\/\"},{\"@type\":\"ListItem\",\"position\":3,\"name\":\"Motorhalterung rechts und links f\u00fcr Mitsubishi L200, Pajero\"}]},{\"@type\":\"WebSite\",\"@id\":\"https:\\\/\\\/www.silentblocks.com\\\/de\\\/#website\",\"url\":\"https:\\\/\\\/www.silentblocks.com\\\/de\\\/\",\"name\":\"SILENTBLOCKS\",\"description\":\"Secure on the road\",\"publisher\":{\"@id\":\"https:\\\/\\\/www.silentblocks.com\\\/de\\\/#organization\"},\"potentialAction\":[{\"@type\":\"SearchAction\",\"target\":{\"@type\":\"EntryPoint\",\"urlTemplate\":\"https:\\\/\\\/www.silentblocks.com\\\/de\\\/?s={search_term_string}\"},\"query-input\":{\"@type\":\"PropertyValueSpecification\",\"valueRequired\":true,\"valueName\":\"search_term_string\"}}],\"inLanguage\":\"de\"},{\"@type\":\"Organization\",\"@id\":\"https:\\\/\\\/www.silentblocks.com\\\/de\\\/#organization\",\"name\":\"SILENTBLOCKS\",\"url\":\"https:\\\/\\\/www.silentblocks.com\\\/de\\\/\",\"logo\":{\"@type\":\"ImageObject\",\"inLanguage\":\"de\",\"@id\":\"https:\\\/\\\/www.silentblocks.com\\\/de\\\/#\\\/schema\\\/logo\\\/image\\\/\",\"url\":\"https:\\\/\\\/www.silentblocks.com\\\/wp-content\\\/uploads\\\/2023\\\/07\\\/logo211-sem-fundo_2012-PARA-BOUTIQUE-EBAY.png\",\"contentUrl\":\"https:\\\/\\\/www.silentblocks.com\\\/wp-content\\\/uploads\\\/2023\\\/07\\\/logo211-sem-fundo_2012-PARA-BOUTIQUE-EBAY.png\",\"width\":300,\"height\":190,\"caption\":\"SILENTBLOCKS\"},\"image\":{\"@id\":\"https:\\\/\\\/www.silentblocks.com\\\/de\\\/#\\\/schema\\\/logo\\\/image\\\/\"}}]}<\/script>\n<!-- \/ Yoast SEO Premium plugin. -->","yoast_head_json":{"title":"Motorhalterung rechts und links f\u00fcr Mitsubishi L200, Pajero - SILENT BLOCKS","description":"Motorhalterung rechts und Motorhalterung links f\u00fcr Mitsubishi L200, Mitsubishi Pajero, OEM-kompatibel MB006605, MB436331","robots":{"index":"index","follow":"follow","max-snippet":"max-snippet:-1","max-image-preview":"max-image-preview:large","max-video-preview":"max-video-preview:-1"},"canonical":"https:\/\/www.silentblocks.com\/de\/produkt\/motorhalterung-rechts-und-links-mitsubishi-l200-pajero\/","og_locale":"de_DE","og_type":"article","og_title":"Motorhalterung rechts und links f\u00fcr Mitsubishi L200, Pajero","og_description":"Motorhalterung rechts und Motorhalterung links f\u00fcr Mitsubishi L200, Mitsubishi Pajero, OEM-kompatibel MB006605, MB436331","og_url":"https:\/\/www.silentblocks.com\/de\/produkt\/motorhalterung-rechts-und-links-mitsubishi-l200-pajero\/","og_site_name":"SILENT BLOCKS","article_modified_time":"2026-02-17T21:36:20+00:00","og_image":[{"width":1000,"height":1000,"url":"https:\/\/www.silentblocks.com\/wp-content\/uploads\/2026\/02\/engine-mount-l200-pajero.jpg","type":"image\/jpeg"}],"twitter_card":"summary_large_image","twitter_misc":{"Gesch\u00e4tzte Lesezeit":"2\u00a0Minuten"},"schema":{"@context":"https:\/\/schema.org","@graph":[{"@type":"WebPage","@id":"https:\/\/www.silentblocks.com\/de\/produkt\/motorhalterung-rechts-und-links-mitsubishi-l200-pajero\/","url":"https:\/\/www.silentblocks.com\/de\/produkt\/motorhalterung-rechts-und-links-mitsubishi-l200-pajero\/","name":"Motorhalterung rechts und links f\u00fcr Mitsubishi L200, Pajero - SILENT BLOCKS","isPartOf":{"@id":"https:\/\/www.silentblocks.com\/de\/#website"},"primaryImageOfPage":{"@id":"https:\/\/www.silentblocks.com\/de\/produkt\/motorhalterung-rechts-und-links-mitsubishi-l200-pajero\/#primaryimage"},"image":{"@id":"https:\/\/www.silentblocks.com\/de\/produkt\/motorhalterung-rechts-und-links-mitsubishi-l200-pajero\/#primaryimage"},"thumbnailUrl":"https:\/\/www.silentblocks.com\/wp-content\/uploads\/2026\/02\/engine-mount-l200-pajero.jpg","datePublished":"2023-04-26T22:49:00+00:00","dateModified":"2026-02-17T21:36:20+00:00","description":"Motorhalterung rechts und Motorhalterung links f\u00fcr Mitsubishi L200, Mitsubishi Pajero, OEM-kompatibel MB006605, MB436331","breadcrumb":{"@id":"https:\/\/www.silentblocks.com\/de\/produkt\/motorhalterung-rechts-und-links-mitsubishi-l200-pajero\/#breadcrumb"},"inLanguage":"de","potentialAction":[{"@type":"ReadAction","target":["https:\/\/www.silentblocks.com\/de\/produkt\/motorhalterung-rechts-und-links-mitsubishi-l200-pajero\/"]}]},{"@type":"ImageObject","inLanguage":"de","@id":"https:\/\/www.silentblocks.com\/de\/produkt\/motorhalterung-rechts-und-links-mitsubishi-l200-pajero\/#primaryimage","url":"https:\/\/www.silentblocks.com\/wp-content\/uploads\/2026\/02\/engine-mount-l200-pajero.jpg","contentUrl":"https:\/\/www.silentblocks.com\/wp-content\/uploads\/2026\/02\/engine-mount-l200-pajero.jpg","width":1000,"height":1000},{"@type":"BreadcrumbList","@id":"https:\/\/www.silentblocks.com\/de\/produkt\/motorhalterung-rechts-und-links-mitsubishi-l200-pajero\/#breadcrumb","itemListElement":[{"@type":"ListItem","position":1,"name":"In\u00edcio","item":"https:\/\/www.silentblocks.com\/de\/"},{"@type":"ListItem","position":2,"name":"Page boutique","item":"https:\/\/www.silentblocks.com\/shop-2\/"},{"@type":"ListItem","position":3,"name":"Motorhalterung rechts und links f\u00fcr Mitsubishi L200, Pajero"}]},{"@type":"WebSite","@id":"https:\/\/www.silentblocks.com\/de\/#website","url":"https:\/\/www.silentblocks.com\/de\/","name":"SILENTBLOCKS","description":"Secure on the road","publisher":{"@id":"https:\/\/www.silentblocks.com\/de\/#organization"},"potentialAction":[{"@type":"SearchAction","target":{"@type":"EntryPoint","urlTemplate":"https:\/\/www.silentblocks.com\/de\/?s={search_term_string}"},"query-input":{"@type":"PropertyValueSpecification","valueRequired":true,"valueName":"search_term_string"}}],"inLanguage":"de"},{"@type":"Organization","@id":"https:\/\/www.silentblocks.com\/de\/#organization","name":"SILENTBLOCKS","url":"https:\/\/www.silentblocks.com\/de\/","logo":{"@type":"ImageObject","inLanguage":"de","@id":"https:\/\/www.silentblocks.com\/de\/#\/schema\/logo\/image\/","url":"https:\/\/www.silentblocks.com\/wp-content\/uploads\/2023\/07\/logo211-sem-fundo_2012-PARA-BOUTIQUE-EBAY.png","contentUrl":"https:\/\/www.silentblocks.com\/wp-content\/uploads\/2023\/07\/logo211-sem-fundo_2012-PARA-BOUTIQUE-EBAY.png","width":300,"height":190,"caption":"SILENTBLOCKS"},"image":{"@id":"https:\/\/www.silentblocks.com\/de\/#\/schema\/logo\/image\/"}}]}},"_links":{"self":[{"href":"https:\/\/www.silentblocks.com\/de\/wp-json\/wp\/v2\/product\/88021","targetHints":{"allow":["GET"]}}],"collection":[{"href":"https:\/\/www.silentblocks.com\/de\/wp-json\/wp\/v2\/product"}],"about":[{"href":"https:\/\/www.silentblocks.com\/de\/wp-json\/wp\/v2\/types\/product"}],"version-history":[{"count":0,"href":"https:\/\/www.silentblocks.com\/de\/wp-json\/wp\/v2\/product\/88021\/revisions"}],"wp:featuredmedia":[{"embeddable":true,"href":"https:\/\/www.silentblocks.com\/de\/wp-json\/wp\/v2\/media\/114281"}],"wp:attachment":[{"href":"https:\/\/www.silentblocks.com\/de\/wp-json\/wp\/v2\/media?parent=88021"}],"wp:term":[{"taxonomy":"product_brand","embeddable":true,"href":"https:\/\/www.silentblocks.com\/de\/wp-json\/wp\/v2\/product_brand?post=88021"},{"taxonomy":"product_cat","embeddable":true,"href":"https:\/\/www.silentblocks.com\/de\/wp-json\/wp\/v2\/product_cat?post=88021"},{"taxonomy":"product_tag","embeddable":true,"href":"https:\/\/www.silentblocks.com\/de\/wp-json\/wp\/v2\/product_tag?post=88021"}],"curies":[{"name":"wp","href":"https:\/\/api.w.org\/{rel}","templated":true}]}}