{"id":88039,"date":"2023-04-26T22:38:28","date_gmt":"2023-04-26T22:38:28","guid":{"rendered":"https:\/\/www.silentblocks.com\/product\/motor-reduktions-schwingungshalter-kiste\/"},"modified":"2026-02-17T21:36:24","modified_gmt":"2026-02-17T21:36:24","slug":"motor-reduktions-schwingungshalter-kiste","status":"publish","type":"product","link":"https:\/\/www.silentblocks.com\/de\/produkt\/motor-reduktions-schwingungshalter-kiste\/","title":{"rendered":"Motorhalterung f\u00fcr Vibrationsuntersetzungsgetriebe, L200 86-96, Pajero 82&gt;."},"content":{"rendered":"<p>Motorhalterung, Schwingungsd\u00e4mpfer auf der Getriebeseite, passend f\u00fcr die folgenden Fahrzeuge:<br \/>\nMitsubishi L200 (1986-11-01&gt;1996-08-31)<br \/>\nModellcode: K22T\/ K24T\/ K32T\/ K33T\/ K34T<br \/>\nMitsubishi Pajero (1982-12-01&gt;)<br \/>\nModellcode: L043G\/ L044G\/ L048G\/ L049G\/ L141G\/ L144G\/ L146G\/ L149G<\/p>\n<p>Herstellerreferenzen (OEM-Code) zur Orientierung :<br \/>\nMB260676<\/p>\n<p>Neue Teile, die mit Rechnung verkauft werden. Alle unsere Produkte haben eine Garantie von 2 Jahren.<\/p>\n<p>&nbsp;<\/p>\n<p>&nbsp;<\/p>\n<p>&nbsp;<\/p>\n<p>&nbsp;<\/p>\n","protected":false},"excerpt":{"rendered":"<p>Motorhalterung, Vibrationsminderer f\u00fcr Mitsubishi L200\/Pajero, auf der Geh\u00e4useseite<\/p>\n","protected":false},"featured_media":114233,"template":"","meta":[],"product_brand":[],"product_cat":[2209,3110,3127],"product_tag":[],"class_list":{"0":"post-88039","1":"product","2":"type-product","3":"status-publish","4":"has-post-thumbnail","6":"product_cat-mitsubishi-de","7":"product_cat-l200-87-00-de","8":"product_cat-pajero-i-de","10":"first","11":"instock","12":"shipping-taxable","13":"purchasable","14":"product-type-simple"},"yoast_head":"<!-- This site is optimized with the Yoast SEO Premium plugin v23.0 (Yoast SEO v27.4) - https:\/\/yoast.com\/product\/yoast-seo-premium-wordpress\/ -->\n<title>Motorhalterung f\u00fcr Vibrationsuntersetzungsgetriebe, L200 86-96, Pajero 82&gt;. - SILENT BLOCKS<\/title>\n<meta name=\"description\" content=\"Motorhalterung Vibrationsreduktionsgetriebe, L200 86-96, Pajero 82&gt;, oem MB260676\" \/>\n<meta name=\"robots\" content=\"index, follow, max-snippet:-1, max-image-preview:large, max-video-preview:-1\" \/>\n<link rel=\"canonical\" href=\"https:\/\/www.silentblocks.com\/de\/produkt\/motor-reduktions-schwingungshalter-kiste\/\" \/>\n<meta property=\"og:locale\" content=\"de_DE\" \/>\n<meta property=\"og:type\" content=\"article\" \/>\n<meta property=\"og:title\" content=\"Motorhalterung f\u00fcr Vibrationsuntersetzungsgetriebe, L200 86-96, Pajero 82&gt;.\" \/>\n<meta property=\"og:description\" content=\"Motorhalterung Vibrationsreduktionsgetriebe, L200 86-96, Pajero 82&gt;, oem MB260676\" \/>\n<meta property=\"og:url\" content=\"https:\/\/www.silentblocks.com\/de\/produkt\/motor-reduktions-schwingungshalter-kiste\/\" \/>\n<meta property=\"og:site_name\" content=\"SILENT BLOCKS\" \/>\n<meta property=\"article:modified_time\" content=\"2026-02-17T21:36:24+00:00\" \/>\n<meta property=\"og:image\" content=\"https:\/\/www.silentblocks.com\/wp-content\/uploads\/2026\/02\/l2008696.jpg\" \/>\n\t<meta property=\"og:image:width\" content=\"800\" \/>\n\t<meta property=\"og:image:height\" content=\"800\" \/>\n\t<meta property=\"og:image:type\" content=\"image\/jpeg\" \/>\n<meta name=\"twitter:card\" content=\"summary_large_image\" \/>\n<script type=\"application\/ld+json\" class=\"yoast-schema-graph\">{\"@context\":\"https:\\\/\\\/schema.org\",\"@graph\":[{\"@type\":\"WebPage\",\"@id\":\"https:\\\/\\\/www.silentblocks.com\\\/de\\\/produkt\\\/motor-reduktions-schwingungshalter-kiste\\\/\",\"url\":\"https:\\\/\\\/www.silentblocks.com\\\/de\\\/produkt\\\/motor-reduktions-schwingungshalter-kiste\\\/\",\"name\":\"Motorhalterung f\u00fcr Vibrationsuntersetzungsgetriebe, L200 86-96, Pajero 82&gt;. - SILENT BLOCKS\",\"isPartOf\":{\"@id\":\"https:\\\/\\\/www.silentblocks.com\\\/de\\\/#website\"},\"primaryImageOfPage\":{\"@id\":\"https:\\\/\\\/www.silentblocks.com\\\/de\\\/produkt\\\/motor-reduktions-schwingungshalter-kiste\\\/#primaryimage\"},\"image\":{\"@id\":\"https:\\\/\\\/www.silentblocks.com\\\/de\\\/produkt\\\/motor-reduktions-schwingungshalter-kiste\\\/#primaryimage\"},\"thumbnailUrl\":\"https:\\\/\\\/www.silentblocks.com\\\/wp-content\\\/uploads\\\/2026\\\/02\\\/l2008696.jpg\",\"datePublished\":\"2023-04-26T22:38:28+00:00\",\"dateModified\":\"2026-02-17T21:36:24+00:00\",\"description\":\"Motorhalterung Vibrationsreduktionsgetriebe, L200 86-96, Pajero 82>, oem MB260676\",\"breadcrumb\":{\"@id\":\"https:\\\/\\\/www.silentblocks.com\\\/de\\\/produkt\\\/motor-reduktions-schwingungshalter-kiste\\\/#breadcrumb\"},\"inLanguage\":\"de\",\"potentialAction\":[{\"@type\":\"ReadAction\",\"target\":[\"https:\\\/\\\/www.silentblocks.com\\\/de\\\/produkt\\\/motor-reduktions-schwingungshalter-kiste\\\/\"]}]},{\"@type\":\"ImageObject\",\"inLanguage\":\"de\",\"@id\":\"https:\\\/\\\/www.silentblocks.com\\\/de\\\/produkt\\\/motor-reduktions-schwingungshalter-kiste\\\/#primaryimage\",\"url\":\"https:\\\/\\\/www.silentblocks.com\\\/wp-content\\\/uploads\\\/2026\\\/02\\\/l2008696.jpg\",\"contentUrl\":\"https:\\\/\\\/www.silentblocks.com\\\/wp-content\\\/uploads\\\/2026\\\/02\\\/l2008696.jpg\",\"width\":800,\"height\":800},{\"@type\":\"BreadcrumbList\",\"@id\":\"https:\\\/\\\/www.silentblocks.com\\\/de\\\/produkt\\\/motor-reduktions-schwingungshalter-kiste\\\/#breadcrumb\",\"itemListElement\":[{\"@type\":\"ListItem\",\"position\":1,\"name\":\"In\u00edcio\",\"item\":\"https:\\\/\\\/www.silentblocks.com\\\/de\\\/\"},{\"@type\":\"ListItem\",\"position\":2,\"name\":\"Page boutique\",\"item\":\"https:\\\/\\\/www.silentblocks.com\\\/shop-2\\\/\"},{\"@type\":\"ListItem\",\"position\":3,\"name\":\"Motorhalterung f\u00fcr Vibrationsuntersetzungsgetriebe, L200 86-96, Pajero 82&gt;.\"}]},{\"@type\":\"WebSite\",\"@id\":\"https:\\\/\\\/www.silentblocks.com\\\/de\\\/#website\",\"url\":\"https:\\\/\\\/www.silentblocks.com\\\/de\\\/\",\"name\":\"SILENTBLOCKS\",\"description\":\"Secure on the road\",\"publisher\":{\"@id\":\"https:\\\/\\\/www.silentblocks.com\\\/de\\\/#organization\"},\"potentialAction\":[{\"@type\":\"SearchAction\",\"target\":{\"@type\":\"EntryPoint\",\"urlTemplate\":\"https:\\\/\\\/www.silentblocks.com\\\/de\\\/?s={search_term_string}\"},\"query-input\":{\"@type\":\"PropertyValueSpecification\",\"valueRequired\":true,\"valueName\":\"search_term_string\"}}],\"inLanguage\":\"de\"},{\"@type\":\"Organization\",\"@id\":\"https:\\\/\\\/www.silentblocks.com\\\/de\\\/#organization\",\"name\":\"SILENTBLOCKS\",\"url\":\"https:\\\/\\\/www.silentblocks.com\\\/de\\\/\",\"logo\":{\"@type\":\"ImageObject\",\"inLanguage\":\"de\",\"@id\":\"https:\\\/\\\/www.silentblocks.com\\\/de\\\/#\\\/schema\\\/logo\\\/image\\\/\",\"url\":\"https:\\\/\\\/www.silentblocks.com\\\/wp-content\\\/uploads\\\/2023\\\/07\\\/logo211-sem-fundo_2012-PARA-BOUTIQUE-EBAY.png\",\"contentUrl\":\"https:\\\/\\\/www.silentblocks.com\\\/wp-content\\\/uploads\\\/2023\\\/07\\\/logo211-sem-fundo_2012-PARA-BOUTIQUE-EBAY.png\",\"width\":300,\"height\":190,\"caption\":\"SILENTBLOCKS\"},\"image\":{\"@id\":\"https:\\\/\\\/www.silentblocks.com\\\/de\\\/#\\\/schema\\\/logo\\\/image\\\/\"}}]}<\/script>\n<!-- \/ Yoast SEO Premium plugin. -->","yoast_head_json":{"title":"Motorhalterung f\u00fcr Vibrationsuntersetzungsgetriebe, L200 86-96, Pajero 82&gt;. - SILENT BLOCKS","description":"Motorhalterung Vibrationsreduktionsgetriebe, L200 86-96, Pajero 82>, oem MB260676","robots":{"index":"index","follow":"follow","max-snippet":"max-snippet:-1","max-image-preview":"max-image-preview:large","max-video-preview":"max-video-preview:-1"},"canonical":"https:\/\/www.silentblocks.com\/de\/produkt\/motor-reduktions-schwingungshalter-kiste\/","og_locale":"de_DE","og_type":"article","og_title":"Motorhalterung f\u00fcr Vibrationsuntersetzungsgetriebe, L200 86-96, Pajero 82&gt;.","og_description":"Motorhalterung Vibrationsreduktionsgetriebe, L200 86-96, Pajero 82>, oem MB260676","og_url":"https:\/\/www.silentblocks.com\/de\/produkt\/motor-reduktions-schwingungshalter-kiste\/","og_site_name":"SILENT BLOCKS","article_modified_time":"2026-02-17T21:36:24+00:00","og_image":[{"width":800,"height":800,"url":"https:\/\/www.silentblocks.com\/wp-content\/uploads\/2026\/02\/l2008696.jpg","type":"image\/jpeg"}],"twitter_card":"summary_large_image","schema":{"@context":"https:\/\/schema.org","@graph":[{"@type":"WebPage","@id":"https:\/\/www.silentblocks.com\/de\/produkt\/motor-reduktions-schwingungshalter-kiste\/","url":"https:\/\/www.silentblocks.com\/de\/produkt\/motor-reduktions-schwingungshalter-kiste\/","name":"Motorhalterung f\u00fcr Vibrationsuntersetzungsgetriebe, L200 86-96, Pajero 82&gt;. - SILENT BLOCKS","isPartOf":{"@id":"https:\/\/www.silentblocks.com\/de\/#website"},"primaryImageOfPage":{"@id":"https:\/\/www.silentblocks.com\/de\/produkt\/motor-reduktions-schwingungshalter-kiste\/#primaryimage"},"image":{"@id":"https:\/\/www.silentblocks.com\/de\/produkt\/motor-reduktions-schwingungshalter-kiste\/#primaryimage"},"thumbnailUrl":"https:\/\/www.silentblocks.com\/wp-content\/uploads\/2026\/02\/l2008696.jpg","datePublished":"2023-04-26T22:38:28+00:00","dateModified":"2026-02-17T21:36:24+00:00","description":"Motorhalterung Vibrationsreduktionsgetriebe, L200 86-96, Pajero 82>, oem MB260676","breadcrumb":{"@id":"https:\/\/www.silentblocks.com\/de\/produkt\/motor-reduktions-schwingungshalter-kiste\/#breadcrumb"},"inLanguage":"de","potentialAction":[{"@type":"ReadAction","target":["https:\/\/www.silentblocks.com\/de\/produkt\/motor-reduktions-schwingungshalter-kiste\/"]}]},{"@type":"ImageObject","inLanguage":"de","@id":"https:\/\/www.silentblocks.com\/de\/produkt\/motor-reduktions-schwingungshalter-kiste\/#primaryimage","url":"https:\/\/www.silentblocks.com\/wp-content\/uploads\/2026\/02\/l2008696.jpg","contentUrl":"https:\/\/www.silentblocks.com\/wp-content\/uploads\/2026\/02\/l2008696.jpg","width":800,"height":800},{"@type":"BreadcrumbList","@id":"https:\/\/www.silentblocks.com\/de\/produkt\/motor-reduktions-schwingungshalter-kiste\/#breadcrumb","itemListElement":[{"@type":"ListItem","position":1,"name":"In\u00edcio","item":"https:\/\/www.silentblocks.com\/de\/"},{"@type":"ListItem","position":2,"name":"Page boutique","item":"https:\/\/www.silentblocks.com\/shop-2\/"},{"@type":"ListItem","position":3,"name":"Motorhalterung f\u00fcr Vibrationsuntersetzungsgetriebe, L200 86-96, Pajero 82&gt;."}]},{"@type":"WebSite","@id":"https:\/\/www.silentblocks.com\/de\/#website","url":"https:\/\/www.silentblocks.com\/de\/","name":"SILENTBLOCKS","description":"Secure on the road","publisher":{"@id":"https:\/\/www.silentblocks.com\/de\/#organization"},"potentialAction":[{"@type":"SearchAction","target":{"@type":"EntryPoint","urlTemplate":"https:\/\/www.silentblocks.com\/de\/?s={search_term_string}"},"query-input":{"@type":"PropertyValueSpecification","valueRequired":true,"valueName":"search_term_string"}}],"inLanguage":"de"},{"@type":"Organization","@id":"https:\/\/www.silentblocks.com\/de\/#organization","name":"SILENTBLOCKS","url":"https:\/\/www.silentblocks.com\/de\/","logo":{"@type":"ImageObject","inLanguage":"de","@id":"https:\/\/www.silentblocks.com\/de\/#\/schema\/logo\/image\/","url":"https:\/\/www.silentblocks.com\/wp-content\/uploads\/2023\/07\/logo211-sem-fundo_2012-PARA-BOUTIQUE-EBAY.png","contentUrl":"https:\/\/www.silentblocks.com\/wp-content\/uploads\/2023\/07\/logo211-sem-fundo_2012-PARA-BOUTIQUE-EBAY.png","width":300,"height":190,"caption":"SILENTBLOCKS"},"image":{"@id":"https:\/\/www.silentblocks.com\/de\/#\/schema\/logo\/image\/"}}]}},"_links":{"self":[{"href":"https:\/\/www.silentblocks.com\/de\/wp-json\/wp\/v2\/product\/88039","targetHints":{"allow":["GET"]}}],"collection":[{"href":"https:\/\/www.silentblocks.com\/de\/wp-json\/wp\/v2\/product"}],"about":[{"href":"https:\/\/www.silentblocks.com\/de\/wp-json\/wp\/v2\/types\/product"}],"version-history":[{"count":0,"href":"https:\/\/www.silentblocks.com\/de\/wp-json\/wp\/v2\/product\/88039\/revisions"}],"wp:featuredmedia":[{"embeddable":true,"href":"https:\/\/www.silentblocks.com\/de\/wp-json\/wp\/v2\/media\/114233"}],"wp:attachment":[{"href":"https:\/\/www.silentblocks.com\/de\/wp-json\/wp\/v2\/media?parent=88039"}],"wp:term":[{"taxonomy":"product_brand","embeddable":true,"href":"https:\/\/www.silentblocks.com\/de\/wp-json\/wp\/v2\/product_brand?post=88039"},{"taxonomy":"product_cat","embeddable":true,"href":"https:\/\/www.silentblocks.com\/de\/wp-json\/wp\/v2\/product_cat?post=88039"},{"taxonomy":"product_tag","embeddable":true,"href":"https:\/\/www.silentblocks.com\/de\/wp-json\/wp\/v2\/product_tag?post=88039"}],"curies":[{"name":"wp","href":"https:\/\/api.w.org\/{rel}","templated":true}]}}