{"id":88582,"date":"2023-04-26T22:36:55","date_gmt":"2023-04-26T22:36:55","guid":{"rendered":"https:\/\/www.silentblocks.com\/product\/fiat-marea-silent-block-stabilisator-vorne\/"},"modified":"2026-02-17T21:37:50","modified_gmt":"2026-02-17T21:37:50","slug":"fiat-marea-silent-block-stabilisator-vorne","status":"publish","type":"product","link":"https:\/\/www.silentblocks.com\/de\/produkt\/fiat-marea-silent-block-stabilisator-vorne\/","title":{"rendered":"Silentblocs f\u00fcr den vorderen Stabilisator, Marea, Marea Weekend"},"content":{"rendered":"<p>Silentblocs f\u00fcr den vorderen Stabilisator, kompatibel mit den folgenden Fahrzeugen:<br \/>\nFiat Marea und Marea Weekend (1996-09-01-&gt;)<br \/>\nModelle: 1.9 und 2.4 TD Diesel, alle Benzinmodelle au\u00dfer 1.2.<\/p>\n<p>Erh\u00e4ltlich in 18mm oder 19mm (sehr selten).Wir bitten Sie, den Durchmesser der Stange vor Ihrer Bestellung zu \u00fcberpr\u00fcfen.<\/p>\n<p>Neue Teile, die mit Rechnung verkauft werden. Alle unsere Produkte haben eine Garantie von 2 Jahren.<\/p>\n","protected":false},"excerpt":{"rendered":"<p>Satz von 2 Silentblocs aus Gummi f\u00fcr Fiat Marea und Marea Weekend (1996-09-01-&gt;)<\/p>\n","protected":false},"featured_media":113649,"template":"","meta":[],"product_brand":[],"product_cat":[2164,2590],"product_tag":[],"class_list":{"0":"post-88582","1":"product","2":"type-product","3":"status-publish","4":"has-post-thumbnail","6":"product_cat-fiat-de","7":"product_cat-marea-weekend-de","9":"first","10":"instock","11":"shipping-taxable","12":"purchasable","13":"product-type-simple"},"yoast_head":"<!-- This site is optimized with the Yoast SEO Premium plugin v23.0 (Yoast SEO v27.4) - https:\/\/yoast.com\/product\/yoast-seo-premium-wordpress\/ -->\n<title>Silentblocs f\u00fcr den vorderen Stabilisator, Marea, Marea Weekend - SILENT BLOCKS<\/title>\n<meta name=\"description\" content=\"Silentblocks des vorderen Stabilisators f\u00fcr Fiat Marea, Marea Weekend\" \/>\n<meta name=\"robots\" content=\"index, follow, max-snippet:-1, max-image-preview:large, max-video-preview:-1\" \/>\n<link rel=\"canonical\" href=\"https:\/\/www.silentblocks.com\/de\/produkt\/fiat-marea-silent-block-stabilisator-vorne\/\" \/>\n<meta property=\"og:locale\" content=\"de_DE\" \/>\n<meta property=\"og:type\" content=\"article\" \/>\n<meta property=\"og:title\" content=\"Silentblocs f\u00fcr den vorderen Stabilisator, Marea, Marea Weekend\" \/>\n<meta property=\"og:description\" content=\"Silentblocks des vorderen Stabilisators f\u00fcr Fiat Marea, Marea Weekend\" \/>\n<meta property=\"og:url\" content=\"https:\/\/www.silentblocks.com\/de\/produkt\/fiat-marea-silent-block-stabilisator-vorne\/\" \/>\n<meta property=\"og:site_name\" content=\"SILENT BLOCKS\" \/>\n<meta property=\"article:modified_time\" content=\"2026-02-17T21:37:50+00:00\" \/>\n<meta property=\"og:image\" content=\"https:\/\/www.silentblocks.com\/wp-content\/uploads\/2026\/02\/multipla_sbfrente_800x800.jpg\" \/>\n\t<meta property=\"og:image:width\" content=\"800\" \/>\n\t<meta property=\"og:image:height\" content=\"828\" \/>\n\t<meta property=\"og:image:type\" content=\"image\/jpeg\" \/>\n<meta name=\"twitter:card\" content=\"summary_large_image\" \/>\n<script type=\"application\/ld+json\" class=\"yoast-schema-graph\">{\"@context\":\"https:\\\/\\\/schema.org\",\"@graph\":[{\"@type\":\"WebPage\",\"@id\":\"https:\\\/\\\/www.silentblocks.com\\\/de\\\/produkt\\\/fiat-marea-silent-block-stabilisator-vorne\\\/\",\"url\":\"https:\\\/\\\/www.silentblocks.com\\\/de\\\/produkt\\\/fiat-marea-silent-block-stabilisator-vorne\\\/\",\"name\":\"Silentblocs f\u00fcr den vorderen Stabilisator, Marea, Marea Weekend - SILENT BLOCKS\",\"isPartOf\":{\"@id\":\"https:\\\/\\\/www.silentblocks.com\\\/de\\\/#website\"},\"primaryImageOfPage\":{\"@id\":\"https:\\\/\\\/www.silentblocks.com\\\/de\\\/produkt\\\/fiat-marea-silent-block-stabilisator-vorne\\\/#primaryimage\"},\"image\":{\"@id\":\"https:\\\/\\\/www.silentblocks.com\\\/de\\\/produkt\\\/fiat-marea-silent-block-stabilisator-vorne\\\/#primaryimage\"},\"thumbnailUrl\":\"https:\\\/\\\/www.silentblocks.com\\\/wp-content\\\/uploads\\\/2026\\\/02\\\/multipla_sbfrente_800x800.jpg\",\"datePublished\":\"2023-04-26T22:36:55+00:00\",\"dateModified\":\"2026-02-17T21:37:50+00:00\",\"description\":\"Silentblocks des vorderen Stabilisators f\u00fcr Fiat Marea, Marea Weekend\",\"breadcrumb\":{\"@id\":\"https:\\\/\\\/www.silentblocks.com\\\/de\\\/produkt\\\/fiat-marea-silent-block-stabilisator-vorne\\\/#breadcrumb\"},\"inLanguage\":\"de\",\"potentialAction\":[{\"@type\":\"ReadAction\",\"target\":[\"https:\\\/\\\/www.silentblocks.com\\\/de\\\/produkt\\\/fiat-marea-silent-block-stabilisator-vorne\\\/\"]}]},{\"@type\":\"ImageObject\",\"inLanguage\":\"de\",\"@id\":\"https:\\\/\\\/www.silentblocks.com\\\/de\\\/produkt\\\/fiat-marea-silent-block-stabilisator-vorne\\\/#primaryimage\",\"url\":\"https:\\\/\\\/www.silentblocks.com\\\/wp-content\\\/uploads\\\/2026\\\/02\\\/multipla_sbfrente_800x800.jpg\",\"contentUrl\":\"https:\\\/\\\/www.silentblocks.com\\\/wp-content\\\/uploads\\\/2026\\\/02\\\/multipla_sbfrente_800x800.jpg\",\"width\":800,\"height\":828},{\"@type\":\"BreadcrumbList\",\"@id\":\"https:\\\/\\\/www.silentblocks.com\\\/de\\\/produkt\\\/fiat-marea-silent-block-stabilisator-vorne\\\/#breadcrumb\",\"itemListElement\":[{\"@type\":\"ListItem\",\"position\":1,\"name\":\"In\u00edcio\",\"item\":\"https:\\\/\\\/www.silentblocks.com\\\/de\\\/\"},{\"@type\":\"ListItem\",\"position\":2,\"name\":\"Page boutique\",\"item\":\"https:\\\/\\\/www.silentblocks.com\\\/shop-2\\\/\"},{\"@type\":\"ListItem\",\"position\":3,\"name\":\"Silentblocs f\u00fcr den vorderen Stabilisator, Marea, Marea Weekend\"}]},{\"@type\":\"WebSite\",\"@id\":\"https:\\\/\\\/www.silentblocks.com\\\/de\\\/#website\",\"url\":\"https:\\\/\\\/www.silentblocks.com\\\/de\\\/\",\"name\":\"SILENTBLOCKS\",\"description\":\"Secure on the road\",\"publisher\":{\"@id\":\"https:\\\/\\\/www.silentblocks.com\\\/de\\\/#organization\"},\"potentialAction\":[{\"@type\":\"SearchAction\",\"target\":{\"@type\":\"EntryPoint\",\"urlTemplate\":\"https:\\\/\\\/www.silentblocks.com\\\/de\\\/?s={search_term_string}\"},\"query-input\":{\"@type\":\"PropertyValueSpecification\",\"valueRequired\":true,\"valueName\":\"search_term_string\"}}],\"inLanguage\":\"de\"},{\"@type\":\"Organization\",\"@id\":\"https:\\\/\\\/www.silentblocks.com\\\/de\\\/#organization\",\"name\":\"SILENTBLOCKS\",\"url\":\"https:\\\/\\\/www.silentblocks.com\\\/de\\\/\",\"logo\":{\"@type\":\"ImageObject\",\"inLanguage\":\"de\",\"@id\":\"https:\\\/\\\/www.silentblocks.com\\\/de\\\/#\\\/schema\\\/logo\\\/image\\\/\",\"url\":\"https:\\\/\\\/www.silentblocks.com\\\/wp-content\\\/uploads\\\/2023\\\/07\\\/logo211-sem-fundo_2012-PARA-BOUTIQUE-EBAY.png\",\"contentUrl\":\"https:\\\/\\\/www.silentblocks.com\\\/wp-content\\\/uploads\\\/2023\\\/07\\\/logo211-sem-fundo_2012-PARA-BOUTIQUE-EBAY.png\",\"width\":300,\"height\":190,\"caption\":\"SILENTBLOCKS\"},\"image\":{\"@id\":\"https:\\\/\\\/www.silentblocks.com\\\/de\\\/#\\\/schema\\\/logo\\\/image\\\/\"}}]}<\/script>\n<!-- \/ Yoast SEO Premium plugin. -->","yoast_head_json":{"title":"Silentblocs f\u00fcr den vorderen Stabilisator, Marea, Marea Weekend - SILENT BLOCKS","description":"Silentblocks des vorderen Stabilisators f\u00fcr Fiat Marea, Marea Weekend","robots":{"index":"index","follow":"follow","max-snippet":"max-snippet:-1","max-image-preview":"max-image-preview:large","max-video-preview":"max-video-preview:-1"},"canonical":"https:\/\/www.silentblocks.com\/de\/produkt\/fiat-marea-silent-block-stabilisator-vorne\/","og_locale":"de_DE","og_type":"article","og_title":"Silentblocs f\u00fcr den vorderen Stabilisator, Marea, Marea Weekend","og_description":"Silentblocks des vorderen Stabilisators f\u00fcr Fiat Marea, Marea Weekend","og_url":"https:\/\/www.silentblocks.com\/de\/produkt\/fiat-marea-silent-block-stabilisator-vorne\/","og_site_name":"SILENT BLOCKS","article_modified_time":"2026-02-17T21:37:50+00:00","og_image":[{"width":800,"height":828,"url":"https:\/\/www.silentblocks.com\/wp-content\/uploads\/2026\/02\/multipla_sbfrente_800x800.jpg","type":"image\/jpeg"}],"twitter_card":"summary_large_image","schema":{"@context":"https:\/\/schema.org","@graph":[{"@type":"WebPage","@id":"https:\/\/www.silentblocks.com\/de\/produkt\/fiat-marea-silent-block-stabilisator-vorne\/","url":"https:\/\/www.silentblocks.com\/de\/produkt\/fiat-marea-silent-block-stabilisator-vorne\/","name":"Silentblocs f\u00fcr den vorderen Stabilisator, Marea, Marea Weekend - SILENT BLOCKS","isPartOf":{"@id":"https:\/\/www.silentblocks.com\/de\/#website"},"primaryImageOfPage":{"@id":"https:\/\/www.silentblocks.com\/de\/produkt\/fiat-marea-silent-block-stabilisator-vorne\/#primaryimage"},"image":{"@id":"https:\/\/www.silentblocks.com\/de\/produkt\/fiat-marea-silent-block-stabilisator-vorne\/#primaryimage"},"thumbnailUrl":"https:\/\/www.silentblocks.com\/wp-content\/uploads\/2026\/02\/multipla_sbfrente_800x800.jpg","datePublished":"2023-04-26T22:36:55+00:00","dateModified":"2026-02-17T21:37:50+00:00","description":"Silentblocks des vorderen Stabilisators f\u00fcr Fiat Marea, Marea Weekend","breadcrumb":{"@id":"https:\/\/www.silentblocks.com\/de\/produkt\/fiat-marea-silent-block-stabilisator-vorne\/#breadcrumb"},"inLanguage":"de","potentialAction":[{"@type":"ReadAction","target":["https:\/\/www.silentblocks.com\/de\/produkt\/fiat-marea-silent-block-stabilisator-vorne\/"]}]},{"@type":"ImageObject","inLanguage":"de","@id":"https:\/\/www.silentblocks.com\/de\/produkt\/fiat-marea-silent-block-stabilisator-vorne\/#primaryimage","url":"https:\/\/www.silentblocks.com\/wp-content\/uploads\/2026\/02\/multipla_sbfrente_800x800.jpg","contentUrl":"https:\/\/www.silentblocks.com\/wp-content\/uploads\/2026\/02\/multipla_sbfrente_800x800.jpg","width":800,"height":828},{"@type":"BreadcrumbList","@id":"https:\/\/www.silentblocks.com\/de\/produkt\/fiat-marea-silent-block-stabilisator-vorne\/#breadcrumb","itemListElement":[{"@type":"ListItem","position":1,"name":"In\u00edcio","item":"https:\/\/www.silentblocks.com\/de\/"},{"@type":"ListItem","position":2,"name":"Page boutique","item":"https:\/\/www.silentblocks.com\/shop-2\/"},{"@type":"ListItem","position":3,"name":"Silentblocs f\u00fcr den vorderen Stabilisator, Marea, Marea Weekend"}]},{"@type":"WebSite","@id":"https:\/\/www.silentblocks.com\/de\/#website","url":"https:\/\/www.silentblocks.com\/de\/","name":"SILENTBLOCKS","description":"Secure on the road","publisher":{"@id":"https:\/\/www.silentblocks.com\/de\/#organization"},"potentialAction":[{"@type":"SearchAction","target":{"@type":"EntryPoint","urlTemplate":"https:\/\/www.silentblocks.com\/de\/?s={search_term_string}"},"query-input":{"@type":"PropertyValueSpecification","valueRequired":true,"valueName":"search_term_string"}}],"inLanguage":"de"},{"@type":"Organization","@id":"https:\/\/www.silentblocks.com\/de\/#organization","name":"SILENTBLOCKS","url":"https:\/\/www.silentblocks.com\/de\/","logo":{"@type":"ImageObject","inLanguage":"de","@id":"https:\/\/www.silentblocks.com\/de\/#\/schema\/logo\/image\/","url":"https:\/\/www.silentblocks.com\/wp-content\/uploads\/2023\/07\/logo211-sem-fundo_2012-PARA-BOUTIQUE-EBAY.png","contentUrl":"https:\/\/www.silentblocks.com\/wp-content\/uploads\/2023\/07\/logo211-sem-fundo_2012-PARA-BOUTIQUE-EBAY.png","width":300,"height":190,"caption":"SILENTBLOCKS"},"image":{"@id":"https:\/\/www.silentblocks.com\/de\/#\/schema\/logo\/image\/"}}]}},"_links":{"self":[{"href":"https:\/\/www.silentblocks.com\/de\/wp-json\/wp\/v2\/product\/88582","targetHints":{"allow":["GET"]}}],"collection":[{"href":"https:\/\/www.silentblocks.com\/de\/wp-json\/wp\/v2\/product"}],"about":[{"href":"https:\/\/www.silentblocks.com\/de\/wp-json\/wp\/v2\/types\/product"}],"version-history":[{"count":0,"href":"https:\/\/www.silentblocks.com\/de\/wp-json\/wp\/v2\/product\/88582\/revisions"}],"wp:featuredmedia":[{"embeddable":true,"href":"https:\/\/www.silentblocks.com\/de\/wp-json\/wp\/v2\/media\/113649"}],"wp:attachment":[{"href":"https:\/\/www.silentblocks.com\/de\/wp-json\/wp\/v2\/media?parent=88582"}],"wp:term":[{"taxonomy":"product_brand","embeddable":true,"href":"https:\/\/www.silentblocks.com\/de\/wp-json\/wp\/v2\/product_brand?post=88582"},{"taxonomy":"product_cat","embeddable":true,"href":"https:\/\/www.silentblocks.com\/de\/wp-json\/wp\/v2\/product_cat?post=88582"},{"taxonomy":"product_tag","embeddable":true,"href":"https:\/\/www.silentblocks.com\/de\/wp-json\/wp\/v2\/product_tag?post=88582"}],"curies":[{"name":"wp","href":"https:\/\/api.w.org\/{rel}","templated":true}]}}