{"id":88952,"date":"2024-01-22T19:51:49","date_gmt":"2024-01-22T19:51:49","guid":{"rendered":"https:\/\/www.silentblocks.com\/product\/satz-verstaerkte-buchsen-der-vorderen-querlenker-fiat-bravo-ii\/"},"modified":"2026-02-17T21:38:47","modified_gmt":"2026-02-17T21:38:47","slug":"satz-verstaerkte-buchsen-der-vorderen-querlenker-fiat-bravo-ii","status":"publish","type":"product","link":"https:\/\/www.silentblocks.com\/de\/produkt\/satz-verstaerkte-buchsen-der-vorderen-querlenker-fiat-bravo-ii\/","title":{"rendered":"Satz verst\u00e4rkte buchsen der vorderen Querlenker, Bravo II, Delta III"},"content":{"rendered":"<p>Satz mit 4 verst\u00e4rkten buchsen f\u00fcr den vorderen Querlenker, passend f\u00fcr die folgenden Fahrzeuge:<br \/>\nFiat Bravo II (2007-2016)<br \/>\nModelle: 198_<br \/>\nLancia Delta III (09.2008-08.2014)<br \/>\nModell: 844<\/p>\n<p>Herstellerreferenzen (OEM-Code) zur Orientierung :<br \/>\n50 705 465, 50 705 544, 51 827 737, 51 827 738, 50 700 779, 50 700 797, 50 705 464, 50 705 465, 50 705 544, 51 827 736, 51 827 737<\/p>\n<p>Neue Teile, die mit Rechnung verkauft werden. Alle unsere Produkte haben eine Garantie von 2 Jahren.<\/p>\n","protected":false},"excerpt":{"rendered":"<p>Satz mit 4 verst\u00e4rkten buchsen f\u00fcr den vorderen Querlenker, passend f\u00fcr die folgenden Fahrzeuge: Fiat Bravo II (2007-2016) Modelle: 198_ Lancia Delta III (09.2008-08.2014) Modell: 844 Herstellerreferenzen (OEM-Code) zur Orientierung : 50 705 465, 50 705 544, 51 827 737, 51 827 738, 50 700 779, 50 700 797, 50 705 464, 50 705 465, [&hellip;]<\/p>\n","protected":false},"featured_media":88948,"template":"","meta":[],"product_brand":[],"product_cat":[2164,2557,2188,2898],"product_tag":[],"class_list":{"0":"post-88952","1":"product","2":"type-product","3":"status-publish","4":"has-post-thumbnail","6":"product_cat-fiat-de","7":"product_cat-bravo-de","8":"product_cat-lancia-de","9":"product_cat-delta-iii-de","11":"first","12":"instock","13":"shipping-taxable","14":"purchasable","15":"product-type-simple"},"yoast_head":"<!-- This site is optimized with the Yoast SEO Premium plugin v23.0 (Yoast SEO v27.4) - https:\/\/yoast.com\/product\/yoast-seo-premium-wordpress\/ -->\n<title>Satz verst\u00e4rkte buchsen der vorderen Querlenker, Bravo II, Delta III - SILENT BLOCKS<\/title>\n<meta name=\"description\" content=\"Satz verst\u00e4rkte buchsen der vorderen Querlenker, Fiat Bravo II, Lancia Delta III OEM 50 705 465, 50 705 544, 51 827 737, 51 827 738, 50 700 779\" \/>\n<meta name=\"robots\" content=\"index, follow, max-snippet:-1, max-image-preview:large, max-video-preview:-1\" \/>\n<link rel=\"canonical\" href=\"https:\/\/www.silentblocks.com\/de\/produkt\/satz-verstaerkte-buchsen-der-vorderen-querlenker-fiat-bravo-ii\/\" \/>\n<meta property=\"og:locale\" content=\"de_DE\" \/>\n<meta property=\"og:type\" content=\"article\" \/>\n<meta property=\"og:title\" content=\"Satz verst\u00e4rkte buchsen der vorderen Querlenker, Bravo II, Delta III\" \/>\n<meta property=\"og:description\" content=\"Satz verst\u00e4rkte buchsen der vorderen Querlenker, Fiat Bravo II, Lancia Delta III OEM 50 705 465, 50 705 544, 51 827 737, 51 827 738, 50 700 779\" \/>\n<meta property=\"og:url\" content=\"https:\/\/www.silentblocks.com\/de\/produkt\/satz-verstaerkte-buchsen-der-vorderen-querlenker-fiat-bravo-ii\/\" \/>\n<meta property=\"og:site_name\" content=\"SILENT BLOCKS\" \/>\n<meta property=\"article:modified_time\" content=\"2026-02-17T21:38:47+00:00\" \/>\n<meta property=\"og:image\" content=\"https:\/\/www.silentblocks.com\/wp-content\/uploads\/2026\/02\/silentblocs-bras-avant-fiat-bravo-II-1.jpg\" \/>\n\t<meta property=\"og:image:width\" content=\"1024\" \/>\n\t<meta property=\"og:image:height\" content=\"1024\" \/>\n\t<meta property=\"og:image:type\" content=\"image\/jpeg\" \/>\n<meta name=\"twitter:card\" content=\"summary_large_image\" \/>\n<script type=\"application\/ld+json\" class=\"yoast-schema-graph\">{\"@context\":\"https:\\\/\\\/schema.org\",\"@graph\":[{\"@type\":\"WebPage\",\"@id\":\"https:\\\/\\\/www.silentblocks.com\\\/de\\\/produkt\\\/satz-verstaerkte-buchsen-der-vorderen-querlenker-fiat-bravo-ii\\\/\",\"url\":\"https:\\\/\\\/www.silentblocks.com\\\/de\\\/produkt\\\/satz-verstaerkte-buchsen-der-vorderen-querlenker-fiat-bravo-ii\\\/\",\"name\":\"Satz verst\u00e4rkte buchsen der vorderen Querlenker, Bravo II, Delta III - SILENT BLOCKS\",\"isPartOf\":{\"@id\":\"https:\\\/\\\/www.silentblocks.com\\\/de\\\/#website\"},\"primaryImageOfPage\":{\"@id\":\"https:\\\/\\\/www.silentblocks.com\\\/de\\\/produkt\\\/satz-verstaerkte-buchsen-der-vorderen-querlenker-fiat-bravo-ii\\\/#primaryimage\"},\"image\":{\"@id\":\"https:\\\/\\\/www.silentblocks.com\\\/de\\\/produkt\\\/satz-verstaerkte-buchsen-der-vorderen-querlenker-fiat-bravo-ii\\\/#primaryimage\"},\"thumbnailUrl\":\"https:\\\/\\\/www.silentblocks.com\\\/wp-content\\\/uploads\\\/2026\\\/02\\\/silentblocs-bras-avant-fiat-bravo-II-1.jpg\",\"datePublished\":\"2024-01-22T19:51:49+00:00\",\"dateModified\":\"2026-02-17T21:38:47+00:00\",\"description\":\"Satz verst\u00e4rkte buchsen der vorderen Querlenker, Fiat Bravo II, Lancia Delta III OEM 50 705 465, 50 705 544, 51 827 737, 51 827 738, 50 700 779\",\"breadcrumb\":{\"@id\":\"https:\\\/\\\/www.silentblocks.com\\\/de\\\/produkt\\\/satz-verstaerkte-buchsen-der-vorderen-querlenker-fiat-bravo-ii\\\/#breadcrumb\"},\"inLanguage\":\"de\",\"potentialAction\":[{\"@type\":\"ReadAction\",\"target\":[\"https:\\\/\\\/www.silentblocks.com\\\/de\\\/produkt\\\/satz-verstaerkte-buchsen-der-vorderen-querlenker-fiat-bravo-ii\\\/\"]}]},{\"@type\":\"ImageObject\",\"inLanguage\":\"de\",\"@id\":\"https:\\\/\\\/www.silentblocks.com\\\/de\\\/produkt\\\/satz-verstaerkte-buchsen-der-vorderen-querlenker-fiat-bravo-ii\\\/#primaryimage\",\"url\":\"https:\\\/\\\/www.silentblocks.com\\\/wp-content\\\/uploads\\\/2026\\\/02\\\/silentblocs-bras-avant-fiat-bravo-II-1.jpg\",\"contentUrl\":\"https:\\\/\\\/www.silentblocks.com\\\/wp-content\\\/uploads\\\/2026\\\/02\\\/silentblocs-bras-avant-fiat-bravo-II-1.jpg\",\"width\":1024,\"height\":1024},{\"@type\":\"BreadcrumbList\",\"@id\":\"https:\\\/\\\/www.silentblocks.com\\\/de\\\/produkt\\\/satz-verstaerkte-buchsen-der-vorderen-querlenker-fiat-bravo-ii\\\/#breadcrumb\",\"itemListElement\":[{\"@type\":\"ListItem\",\"position\":1,\"name\":\"In\u00edcio\",\"item\":\"https:\\\/\\\/www.silentblocks.com\\\/de\\\/\"},{\"@type\":\"ListItem\",\"position\":2,\"name\":\"Page boutique\",\"item\":\"https:\\\/\\\/www.silentblocks.com\\\/shop-2\\\/\"},{\"@type\":\"ListItem\",\"position\":3,\"name\":\"Satz verst\u00e4rkte buchsen der vorderen Querlenker, Bravo II, Delta III\"}]},{\"@type\":\"WebSite\",\"@id\":\"https:\\\/\\\/www.silentblocks.com\\\/de\\\/#website\",\"url\":\"https:\\\/\\\/www.silentblocks.com\\\/de\\\/\",\"name\":\"SILENTBLOCKS\",\"description\":\"Secure on the road\",\"publisher\":{\"@id\":\"https:\\\/\\\/www.silentblocks.com\\\/de\\\/#organization\"},\"potentialAction\":[{\"@type\":\"SearchAction\",\"target\":{\"@type\":\"EntryPoint\",\"urlTemplate\":\"https:\\\/\\\/www.silentblocks.com\\\/de\\\/?s={search_term_string}\"},\"query-input\":{\"@type\":\"PropertyValueSpecification\",\"valueRequired\":true,\"valueName\":\"search_term_string\"}}],\"inLanguage\":\"de\"},{\"@type\":\"Organization\",\"@id\":\"https:\\\/\\\/www.silentblocks.com\\\/de\\\/#organization\",\"name\":\"SILENTBLOCKS\",\"url\":\"https:\\\/\\\/www.silentblocks.com\\\/de\\\/\",\"logo\":{\"@type\":\"ImageObject\",\"inLanguage\":\"de\",\"@id\":\"https:\\\/\\\/www.silentblocks.com\\\/de\\\/#\\\/schema\\\/logo\\\/image\\\/\",\"url\":\"https:\\\/\\\/www.silentblocks.com\\\/wp-content\\\/uploads\\\/2023\\\/07\\\/logo211-sem-fundo_2012-PARA-BOUTIQUE-EBAY.png\",\"contentUrl\":\"https:\\\/\\\/www.silentblocks.com\\\/wp-content\\\/uploads\\\/2023\\\/07\\\/logo211-sem-fundo_2012-PARA-BOUTIQUE-EBAY.png\",\"width\":300,\"height\":190,\"caption\":\"SILENTBLOCKS\"},\"image\":{\"@id\":\"https:\\\/\\\/www.silentblocks.com\\\/de\\\/#\\\/schema\\\/logo\\\/image\\\/\"}}]}<\/script>\n<!-- \/ Yoast SEO Premium plugin. -->","yoast_head_json":{"title":"Satz verst\u00e4rkte buchsen der vorderen Querlenker, Bravo II, Delta III - SILENT BLOCKS","description":"Satz verst\u00e4rkte buchsen der vorderen Querlenker, Fiat Bravo II, Lancia Delta III OEM 50 705 465, 50 705 544, 51 827 737, 51 827 738, 50 700 779","robots":{"index":"index","follow":"follow","max-snippet":"max-snippet:-1","max-image-preview":"max-image-preview:large","max-video-preview":"max-video-preview:-1"},"canonical":"https:\/\/www.silentblocks.com\/de\/produkt\/satz-verstaerkte-buchsen-der-vorderen-querlenker-fiat-bravo-ii\/","og_locale":"de_DE","og_type":"article","og_title":"Satz verst\u00e4rkte buchsen der vorderen Querlenker, Bravo II, Delta III","og_description":"Satz verst\u00e4rkte buchsen der vorderen Querlenker, Fiat Bravo II, Lancia Delta III OEM 50 705 465, 50 705 544, 51 827 737, 51 827 738, 50 700 779","og_url":"https:\/\/www.silentblocks.com\/de\/produkt\/satz-verstaerkte-buchsen-der-vorderen-querlenker-fiat-bravo-ii\/","og_site_name":"SILENT BLOCKS","article_modified_time":"2026-02-17T21:38:47+00:00","og_image":[{"width":1024,"height":1024,"url":"https:\/\/www.silentblocks.com\/wp-content\/uploads\/2026\/02\/silentblocs-bras-avant-fiat-bravo-II-1.jpg","type":"image\/jpeg"}],"twitter_card":"summary_large_image","schema":{"@context":"https:\/\/schema.org","@graph":[{"@type":"WebPage","@id":"https:\/\/www.silentblocks.com\/de\/produkt\/satz-verstaerkte-buchsen-der-vorderen-querlenker-fiat-bravo-ii\/","url":"https:\/\/www.silentblocks.com\/de\/produkt\/satz-verstaerkte-buchsen-der-vorderen-querlenker-fiat-bravo-ii\/","name":"Satz verst\u00e4rkte buchsen der vorderen Querlenker, Bravo II, Delta III - SILENT BLOCKS","isPartOf":{"@id":"https:\/\/www.silentblocks.com\/de\/#website"},"primaryImageOfPage":{"@id":"https:\/\/www.silentblocks.com\/de\/produkt\/satz-verstaerkte-buchsen-der-vorderen-querlenker-fiat-bravo-ii\/#primaryimage"},"image":{"@id":"https:\/\/www.silentblocks.com\/de\/produkt\/satz-verstaerkte-buchsen-der-vorderen-querlenker-fiat-bravo-ii\/#primaryimage"},"thumbnailUrl":"https:\/\/www.silentblocks.com\/wp-content\/uploads\/2026\/02\/silentblocs-bras-avant-fiat-bravo-II-1.jpg","datePublished":"2024-01-22T19:51:49+00:00","dateModified":"2026-02-17T21:38:47+00:00","description":"Satz verst\u00e4rkte buchsen der vorderen Querlenker, Fiat Bravo II, Lancia Delta III OEM 50 705 465, 50 705 544, 51 827 737, 51 827 738, 50 700 779","breadcrumb":{"@id":"https:\/\/www.silentblocks.com\/de\/produkt\/satz-verstaerkte-buchsen-der-vorderen-querlenker-fiat-bravo-ii\/#breadcrumb"},"inLanguage":"de","potentialAction":[{"@type":"ReadAction","target":["https:\/\/www.silentblocks.com\/de\/produkt\/satz-verstaerkte-buchsen-der-vorderen-querlenker-fiat-bravo-ii\/"]}]},{"@type":"ImageObject","inLanguage":"de","@id":"https:\/\/www.silentblocks.com\/de\/produkt\/satz-verstaerkte-buchsen-der-vorderen-querlenker-fiat-bravo-ii\/#primaryimage","url":"https:\/\/www.silentblocks.com\/wp-content\/uploads\/2026\/02\/silentblocs-bras-avant-fiat-bravo-II-1.jpg","contentUrl":"https:\/\/www.silentblocks.com\/wp-content\/uploads\/2026\/02\/silentblocs-bras-avant-fiat-bravo-II-1.jpg","width":1024,"height":1024},{"@type":"BreadcrumbList","@id":"https:\/\/www.silentblocks.com\/de\/produkt\/satz-verstaerkte-buchsen-der-vorderen-querlenker-fiat-bravo-ii\/#breadcrumb","itemListElement":[{"@type":"ListItem","position":1,"name":"In\u00edcio","item":"https:\/\/www.silentblocks.com\/de\/"},{"@type":"ListItem","position":2,"name":"Page boutique","item":"https:\/\/www.silentblocks.com\/shop-2\/"},{"@type":"ListItem","position":3,"name":"Satz verst\u00e4rkte buchsen der vorderen Querlenker, Bravo II, Delta III"}]},{"@type":"WebSite","@id":"https:\/\/www.silentblocks.com\/de\/#website","url":"https:\/\/www.silentblocks.com\/de\/","name":"SILENTBLOCKS","description":"Secure on the road","publisher":{"@id":"https:\/\/www.silentblocks.com\/de\/#organization"},"potentialAction":[{"@type":"SearchAction","target":{"@type":"EntryPoint","urlTemplate":"https:\/\/www.silentblocks.com\/de\/?s={search_term_string}"},"query-input":{"@type":"PropertyValueSpecification","valueRequired":true,"valueName":"search_term_string"}}],"inLanguage":"de"},{"@type":"Organization","@id":"https:\/\/www.silentblocks.com\/de\/#organization","name":"SILENTBLOCKS","url":"https:\/\/www.silentblocks.com\/de\/","logo":{"@type":"ImageObject","inLanguage":"de","@id":"https:\/\/www.silentblocks.com\/de\/#\/schema\/logo\/image\/","url":"https:\/\/www.silentblocks.com\/wp-content\/uploads\/2023\/07\/logo211-sem-fundo_2012-PARA-BOUTIQUE-EBAY.png","contentUrl":"https:\/\/www.silentblocks.com\/wp-content\/uploads\/2023\/07\/logo211-sem-fundo_2012-PARA-BOUTIQUE-EBAY.png","width":300,"height":190,"caption":"SILENTBLOCKS"},"image":{"@id":"https:\/\/www.silentblocks.com\/de\/#\/schema\/logo\/image\/"}}]}},"_links":{"self":[{"href":"https:\/\/www.silentblocks.com\/de\/wp-json\/wp\/v2\/product\/88952","targetHints":{"allow":["GET"]}}],"collection":[{"href":"https:\/\/www.silentblocks.com\/de\/wp-json\/wp\/v2\/product"}],"about":[{"href":"https:\/\/www.silentblocks.com\/de\/wp-json\/wp\/v2\/types\/product"}],"version-history":[{"count":0,"href":"https:\/\/www.silentblocks.com\/de\/wp-json\/wp\/v2\/product\/88952\/revisions"}],"wp:featuredmedia":[{"embeddable":true,"href":"https:\/\/www.silentblocks.com\/de\/wp-json\/wp\/v2\/media\/88948"}],"wp:attachment":[{"href":"https:\/\/www.silentblocks.com\/de\/wp-json\/wp\/v2\/media?parent=88952"}],"wp:term":[{"taxonomy":"product_brand","embeddable":true,"href":"https:\/\/www.silentblocks.com\/de\/wp-json\/wp\/v2\/product_brand?post=88952"},{"taxonomy":"product_cat","embeddable":true,"href":"https:\/\/www.silentblocks.com\/de\/wp-json\/wp\/v2\/product_cat?post=88952"},{"taxonomy":"product_tag","embeddable":true,"href":"https:\/\/www.silentblocks.com\/de\/wp-json\/wp\/v2\/product_tag?post=88952"}],"curies":[{"name":"wp","href":"https:\/\/api.w.org\/{rel}","templated":true}]}}