{"id":89250,"date":"2024-02-27T19:58:56","date_gmt":"2024-02-27T19:58:56","guid":{"rendered":"https:\/\/www.silentblocks.com\/product\/keile-zur-erhoehung-der-hinterachse-pajero-iii-iv\/"},"modified":"2026-02-17T21:39:30","modified_gmt":"2026-02-17T21:39:30","slug":"keile-zur-erhoehung-der-hinterachse-pajero-iii-iv","status":"publish","type":"product","link":"https:\/\/www.silentblocks.com\/de\/produkt\/keile-zur-erhoehung-der-hinterachse-pajero-iii-iv\/","title":{"rendered":"abstandshalter komplettes Lift, Pajero III, IV"},"content":{"rendered":"<p>Keile zur Erh\u00f6hung der Hinterradaufh\u00e4ngung aus Polyurethan, H\u00f6he 4,5cm, passend f\u00fcr die folgenden Fahrzeuge:<br \/>\nMitsubishi Pajero III<br \/>\nMitsubishi Pajero IV<\/p>\n<p>Innendurchmesser: 11cm, Au\u00dfendurchmesser: 16,3cm<\/p>\n<p>Neue Teile, die mit Rechnung verkauft werden. Alle unsere Produkte haben eine Garantie von 2 Jahren.<\/p>\n","protected":false},"excerpt":{"rendered":"<p>Keile zur Erh\u00f6hung der Hinterradaufh\u00e4ngung aus Polyurethan, H\u00f6he 4,5cm, passend f\u00fcr die folgenden Fahrzeuge: Mitsubishi Pajero III Mitsubishi Pajero IV Innendurchmesser: 11cm, Au\u00dfendurchmesser: 16,3cm Neue Teile, die mit Rechnung verkauft werden. Alle unsere Produkte haben eine Garantie von 2 Jahren.<\/p>\n","protected":false},"featured_media":89247,"template":"","meta":[],"product_brand":[],"product_cat":[2209,3133,3136],"product_tag":[],"class_list":{"0":"post-89250","1":"product","2":"type-product","3":"status-publish","4":"has-post-thumbnail","6":"product_cat-mitsubishi-de","7":"product_cat-pajero-iii-de","8":"product_cat-pajero-iv-de","10":"first","11":"instock","12":"shipping-taxable","13":"purchasable","14":"product-type-simple"},"yoast_head":"<!-- This site is optimized with the Yoast SEO Premium plugin v23.0 (Yoast SEO v27.4) - https:\/\/yoast.com\/product\/yoast-seo-premium-wordpress\/ -->\n<title>abstandshalter komplettes Lift, Pajero III, IV - SILENT BLOCKS<\/title>\n<meta name=\"description\" content=\"Polyurethan-Hinterradaufsatzkeile f\u00fcr Mitsubishi Pajero III und Mitsubishi Pajero IV\" \/>\n<meta name=\"robots\" content=\"index, follow, max-snippet:-1, max-image-preview:large, max-video-preview:-1\" \/>\n<link rel=\"canonical\" href=\"https:\/\/www.silentblocks.com\/de\/produkt\/keile-zur-erhoehung-der-hinterachse-pajero-iii-iv\/\" \/>\n<meta property=\"og:locale\" content=\"de_DE\" \/>\n<meta property=\"og:type\" content=\"article\" \/>\n<meta property=\"og:title\" content=\"abstandshalter komplettes Lift, Pajero III, IV\" \/>\n<meta property=\"og:description\" content=\"Polyurethan-Hinterradaufsatzkeile f\u00fcr Mitsubishi Pajero III und Mitsubishi Pajero IV\" \/>\n<meta property=\"og:url\" content=\"https:\/\/www.silentblocks.com\/de\/produkt\/keile-zur-erhoehung-der-hinterachse-pajero-iii-iv\/\" \/>\n<meta property=\"og:site_name\" content=\"SILENT BLOCKS\" \/>\n<meta property=\"article:modified_time\" content=\"2026-02-17T21:39:30+00:00\" \/>\n<meta property=\"og:image\" content=\"https:\/\/www.silentblocks.com\/wp-content\/uploads\/2026\/02\/cale-ressort-arriere-pajero-III-IV.jpg\" \/>\n\t<meta property=\"og:image:width\" content=\"1000\" \/>\n\t<meta property=\"og:image:height\" content=\"1000\" \/>\n\t<meta property=\"og:image:type\" content=\"image\/jpeg\" \/>\n<meta name=\"twitter:card\" content=\"summary_large_image\" \/>\n<script type=\"application\/ld+json\" class=\"yoast-schema-graph\">{\"@context\":\"https:\\\/\\\/schema.org\",\"@graph\":[{\"@type\":\"WebPage\",\"@id\":\"https:\\\/\\\/www.silentblocks.com\\\/de\\\/produkt\\\/keile-zur-erhoehung-der-hinterachse-pajero-iii-iv\\\/\",\"url\":\"https:\\\/\\\/www.silentblocks.com\\\/de\\\/produkt\\\/keile-zur-erhoehung-der-hinterachse-pajero-iii-iv\\\/\",\"name\":\"abstandshalter komplettes Lift, Pajero III, IV - SILENT BLOCKS\",\"isPartOf\":{\"@id\":\"https:\\\/\\\/www.silentblocks.com\\\/de\\\/#website\"},\"primaryImageOfPage\":{\"@id\":\"https:\\\/\\\/www.silentblocks.com\\\/de\\\/produkt\\\/keile-zur-erhoehung-der-hinterachse-pajero-iii-iv\\\/#primaryimage\"},\"image\":{\"@id\":\"https:\\\/\\\/www.silentblocks.com\\\/de\\\/produkt\\\/keile-zur-erhoehung-der-hinterachse-pajero-iii-iv\\\/#primaryimage\"},\"thumbnailUrl\":\"https:\\\/\\\/www.silentblocks.com\\\/wp-content\\\/uploads\\\/2026\\\/02\\\/cale-ressort-arriere-pajero-III-IV.jpg\",\"datePublished\":\"2024-02-27T19:58:56+00:00\",\"dateModified\":\"2026-02-17T21:39:30+00:00\",\"description\":\"Polyurethan-Hinterradaufsatzkeile f\u00fcr Mitsubishi Pajero III und Mitsubishi Pajero IV\",\"breadcrumb\":{\"@id\":\"https:\\\/\\\/www.silentblocks.com\\\/de\\\/produkt\\\/keile-zur-erhoehung-der-hinterachse-pajero-iii-iv\\\/#breadcrumb\"},\"inLanguage\":\"de\",\"potentialAction\":[{\"@type\":\"ReadAction\",\"target\":[\"https:\\\/\\\/www.silentblocks.com\\\/de\\\/produkt\\\/keile-zur-erhoehung-der-hinterachse-pajero-iii-iv\\\/\"]}]},{\"@type\":\"ImageObject\",\"inLanguage\":\"de\",\"@id\":\"https:\\\/\\\/www.silentblocks.com\\\/de\\\/produkt\\\/keile-zur-erhoehung-der-hinterachse-pajero-iii-iv\\\/#primaryimage\",\"url\":\"https:\\\/\\\/www.silentblocks.com\\\/wp-content\\\/uploads\\\/2026\\\/02\\\/cale-ressort-arriere-pajero-III-IV.jpg\",\"contentUrl\":\"https:\\\/\\\/www.silentblocks.com\\\/wp-content\\\/uploads\\\/2026\\\/02\\\/cale-ressort-arriere-pajero-III-IV.jpg\",\"width\":1000,\"height\":1000},{\"@type\":\"BreadcrumbList\",\"@id\":\"https:\\\/\\\/www.silentblocks.com\\\/de\\\/produkt\\\/keile-zur-erhoehung-der-hinterachse-pajero-iii-iv\\\/#breadcrumb\",\"itemListElement\":[{\"@type\":\"ListItem\",\"position\":1,\"name\":\"In\u00edcio\",\"item\":\"https:\\\/\\\/www.silentblocks.com\\\/de\\\/\"},{\"@type\":\"ListItem\",\"position\":2,\"name\":\"Page boutique\",\"item\":\"https:\\\/\\\/www.silentblocks.com\\\/shop-2\\\/\"},{\"@type\":\"ListItem\",\"position\":3,\"name\":\"abstandshalter komplettes Lift, Pajero III, IV\"}]},{\"@type\":\"WebSite\",\"@id\":\"https:\\\/\\\/www.silentblocks.com\\\/de\\\/#website\",\"url\":\"https:\\\/\\\/www.silentblocks.com\\\/de\\\/\",\"name\":\"SILENTBLOCKS\",\"description\":\"Secure on the road\",\"publisher\":{\"@id\":\"https:\\\/\\\/www.silentblocks.com\\\/de\\\/#organization\"},\"potentialAction\":[{\"@type\":\"SearchAction\",\"target\":{\"@type\":\"EntryPoint\",\"urlTemplate\":\"https:\\\/\\\/www.silentblocks.com\\\/de\\\/?s={search_term_string}\"},\"query-input\":{\"@type\":\"PropertyValueSpecification\",\"valueRequired\":true,\"valueName\":\"search_term_string\"}}],\"inLanguage\":\"de\"},{\"@type\":\"Organization\",\"@id\":\"https:\\\/\\\/www.silentblocks.com\\\/de\\\/#organization\",\"name\":\"SILENTBLOCKS\",\"url\":\"https:\\\/\\\/www.silentblocks.com\\\/de\\\/\",\"logo\":{\"@type\":\"ImageObject\",\"inLanguage\":\"de\",\"@id\":\"https:\\\/\\\/www.silentblocks.com\\\/de\\\/#\\\/schema\\\/logo\\\/image\\\/\",\"url\":\"https:\\\/\\\/www.silentblocks.com\\\/wp-content\\\/uploads\\\/2023\\\/07\\\/logo211-sem-fundo_2012-PARA-BOUTIQUE-EBAY.png\",\"contentUrl\":\"https:\\\/\\\/www.silentblocks.com\\\/wp-content\\\/uploads\\\/2023\\\/07\\\/logo211-sem-fundo_2012-PARA-BOUTIQUE-EBAY.png\",\"width\":300,\"height\":190,\"caption\":\"SILENTBLOCKS\"},\"image\":{\"@id\":\"https:\\\/\\\/www.silentblocks.com\\\/de\\\/#\\\/schema\\\/logo\\\/image\\\/\"}}]}<\/script>\n<!-- \/ Yoast SEO Premium plugin. -->","yoast_head_json":{"title":"abstandshalter komplettes Lift, Pajero III, IV - SILENT BLOCKS","description":"Polyurethan-Hinterradaufsatzkeile f\u00fcr Mitsubishi Pajero III und Mitsubishi Pajero IV","robots":{"index":"index","follow":"follow","max-snippet":"max-snippet:-1","max-image-preview":"max-image-preview:large","max-video-preview":"max-video-preview:-1"},"canonical":"https:\/\/www.silentblocks.com\/de\/produkt\/keile-zur-erhoehung-der-hinterachse-pajero-iii-iv\/","og_locale":"de_DE","og_type":"article","og_title":"abstandshalter komplettes Lift, Pajero III, IV","og_description":"Polyurethan-Hinterradaufsatzkeile f\u00fcr Mitsubishi Pajero III und Mitsubishi Pajero IV","og_url":"https:\/\/www.silentblocks.com\/de\/produkt\/keile-zur-erhoehung-der-hinterachse-pajero-iii-iv\/","og_site_name":"SILENT BLOCKS","article_modified_time":"2026-02-17T21:39:30+00:00","og_image":[{"width":1000,"height":1000,"url":"https:\/\/www.silentblocks.com\/wp-content\/uploads\/2026\/02\/cale-ressort-arriere-pajero-III-IV.jpg","type":"image\/jpeg"}],"twitter_card":"summary_large_image","schema":{"@context":"https:\/\/schema.org","@graph":[{"@type":"WebPage","@id":"https:\/\/www.silentblocks.com\/de\/produkt\/keile-zur-erhoehung-der-hinterachse-pajero-iii-iv\/","url":"https:\/\/www.silentblocks.com\/de\/produkt\/keile-zur-erhoehung-der-hinterachse-pajero-iii-iv\/","name":"abstandshalter komplettes Lift, Pajero III, IV - SILENT BLOCKS","isPartOf":{"@id":"https:\/\/www.silentblocks.com\/de\/#website"},"primaryImageOfPage":{"@id":"https:\/\/www.silentblocks.com\/de\/produkt\/keile-zur-erhoehung-der-hinterachse-pajero-iii-iv\/#primaryimage"},"image":{"@id":"https:\/\/www.silentblocks.com\/de\/produkt\/keile-zur-erhoehung-der-hinterachse-pajero-iii-iv\/#primaryimage"},"thumbnailUrl":"https:\/\/www.silentblocks.com\/wp-content\/uploads\/2026\/02\/cale-ressort-arriere-pajero-III-IV.jpg","datePublished":"2024-02-27T19:58:56+00:00","dateModified":"2026-02-17T21:39:30+00:00","description":"Polyurethan-Hinterradaufsatzkeile f\u00fcr Mitsubishi Pajero III und Mitsubishi Pajero IV","breadcrumb":{"@id":"https:\/\/www.silentblocks.com\/de\/produkt\/keile-zur-erhoehung-der-hinterachse-pajero-iii-iv\/#breadcrumb"},"inLanguage":"de","potentialAction":[{"@type":"ReadAction","target":["https:\/\/www.silentblocks.com\/de\/produkt\/keile-zur-erhoehung-der-hinterachse-pajero-iii-iv\/"]}]},{"@type":"ImageObject","inLanguage":"de","@id":"https:\/\/www.silentblocks.com\/de\/produkt\/keile-zur-erhoehung-der-hinterachse-pajero-iii-iv\/#primaryimage","url":"https:\/\/www.silentblocks.com\/wp-content\/uploads\/2026\/02\/cale-ressort-arriere-pajero-III-IV.jpg","contentUrl":"https:\/\/www.silentblocks.com\/wp-content\/uploads\/2026\/02\/cale-ressort-arriere-pajero-III-IV.jpg","width":1000,"height":1000},{"@type":"BreadcrumbList","@id":"https:\/\/www.silentblocks.com\/de\/produkt\/keile-zur-erhoehung-der-hinterachse-pajero-iii-iv\/#breadcrumb","itemListElement":[{"@type":"ListItem","position":1,"name":"In\u00edcio","item":"https:\/\/www.silentblocks.com\/de\/"},{"@type":"ListItem","position":2,"name":"Page boutique","item":"https:\/\/www.silentblocks.com\/shop-2\/"},{"@type":"ListItem","position":3,"name":"abstandshalter komplettes Lift, Pajero III, IV"}]},{"@type":"WebSite","@id":"https:\/\/www.silentblocks.com\/de\/#website","url":"https:\/\/www.silentblocks.com\/de\/","name":"SILENTBLOCKS","description":"Secure on the road","publisher":{"@id":"https:\/\/www.silentblocks.com\/de\/#organization"},"potentialAction":[{"@type":"SearchAction","target":{"@type":"EntryPoint","urlTemplate":"https:\/\/www.silentblocks.com\/de\/?s={search_term_string}"},"query-input":{"@type":"PropertyValueSpecification","valueRequired":true,"valueName":"search_term_string"}}],"inLanguage":"de"},{"@type":"Organization","@id":"https:\/\/www.silentblocks.com\/de\/#organization","name":"SILENTBLOCKS","url":"https:\/\/www.silentblocks.com\/de\/","logo":{"@type":"ImageObject","inLanguage":"de","@id":"https:\/\/www.silentblocks.com\/de\/#\/schema\/logo\/image\/","url":"https:\/\/www.silentblocks.com\/wp-content\/uploads\/2023\/07\/logo211-sem-fundo_2012-PARA-BOUTIQUE-EBAY.png","contentUrl":"https:\/\/www.silentblocks.com\/wp-content\/uploads\/2023\/07\/logo211-sem-fundo_2012-PARA-BOUTIQUE-EBAY.png","width":300,"height":190,"caption":"SILENTBLOCKS"},"image":{"@id":"https:\/\/www.silentblocks.com\/de\/#\/schema\/logo\/image\/"}}]}},"_links":{"self":[{"href":"https:\/\/www.silentblocks.com\/de\/wp-json\/wp\/v2\/product\/89250","targetHints":{"allow":["GET"]}}],"collection":[{"href":"https:\/\/www.silentblocks.com\/de\/wp-json\/wp\/v2\/product"}],"about":[{"href":"https:\/\/www.silentblocks.com\/de\/wp-json\/wp\/v2\/types\/product"}],"version-history":[{"count":0,"href":"https:\/\/www.silentblocks.com\/de\/wp-json\/wp\/v2\/product\/89250\/revisions"}],"wp:featuredmedia":[{"embeddable":true,"href":"https:\/\/www.silentblocks.com\/de\/wp-json\/wp\/v2\/media\/89247"}],"wp:attachment":[{"href":"https:\/\/www.silentblocks.com\/de\/wp-json\/wp\/v2\/media?parent=89250"}],"wp:term":[{"taxonomy":"product_brand","embeddable":true,"href":"https:\/\/www.silentblocks.com\/de\/wp-json\/wp\/v2\/product_brand?post=89250"},{"taxonomy":"product_cat","embeddable":true,"href":"https:\/\/www.silentblocks.com\/de\/wp-json\/wp\/v2\/product_cat?post=89250"},{"taxonomy":"product_tag","embeddable":true,"href":"https:\/\/www.silentblocks.com\/de\/wp-json\/wp\/v2\/product_tag?post=89250"}],"curies":[{"name":"wp","href":"https:\/\/api.w.org\/{rel}","templated":true}]}}