{"id":89354,"date":"2024-03-02T22:11:33","date_gmt":"2024-03-02T22:11:33","guid":{"rendered":"https:\/\/www.silentblocks.com\/product\/buchsen-der-getriebehalterungen-fuer-vito-w639-mit-om646-4matic\/"},"modified":"2026-02-17T21:39:44","modified_gmt":"2026-02-17T21:39:44","slug":"buchsen-der-getriebehalterungen-fuer-vito-w639-mit-om646-4matic","status":"publish","type":"product","link":"https:\/\/www.silentblocks.com\/de\/produkt\/buchsen-der-getriebehalterungen-fuer-vito-w639-mit-om646-4matic\/","title":{"rendered":"Buchsen der Getriebehalter f\u00fcr Vito (W639), Sprinter (W906)"},"content":{"rendered":"<div  class=\"section-element\"><div class=\"row\"><div class=\"large-12 nasa-col columns\"><div  class=\"wpb_text_column wpb_content_element\"><p>Buchsen f\u00fcr Getriebehalterungen, aus Polyurethan, passend f\u00fcr die folgenden Fahrzeuge:<br \/>\nMercedes Vito (W639) mit OM646 \/ 4MATIC<br \/>\nMercedes Sprinter (W906) 4MATIC 4X4<\/p>\n<p>Metallische buchsen sind in den L\u00e4ngen 40mm oder 50mm erh\u00e4ltlich, teilen Sie uns Ihre Wahl w\u00e4hrend oder nach der Bestellung per E-Mail mit.<\/p>\n<p>H\u00e4rte: 75Sha<\/p>\n<p>Herstellerreferenzen (OEM-Code) zur Orientierung :<br \/>\nA6399920503<\/p>\n<p>Neue Teile, die mit Rechnung verkauft werden. Alle unsere Produkte haben eine Garantie von 2 Jahren.<\/p>\n<\/div><\/div><\/div><\/div>\n","protected":false},"excerpt":{"rendered":"","protected":false},"featured_media":89344,"template":"","meta":[],"product_brand":[],"product_cat":[2203,3082,2029],"product_tag":[],"class_list":{"0":"post-89354","1":"product","2":"type-product","3":"status-publish","4":"has-post-thumbnail","6":"product_cat-mercedes-de","7":"product_cat-sprinter-906-de","8":"product_cat-vito-de","10":"first","11":"instock","12":"shipping-taxable","13":"purchasable","14":"product-type-simple"},"yoast_head":"<!-- This site is optimized with the Yoast SEO Premium plugin v23.0 (Yoast SEO v27.4) - https:\/\/yoast.com\/product\/yoast-seo-premium-wordpress\/ -->\n<title>Buchsen der Getriebehalter f\u00fcr Vito (W639), Sprinter (W906) - SILENT BLOCKS<\/title>\n<meta name=\"description\" content=\"Buchsen der Getriebehalter f\u00fcr Mercedes VITO (W639) 4MATIC, Sprinter (W906), kompatibel mit oem A6399920503\" \/>\n<meta name=\"robots\" content=\"index, follow, max-snippet:-1, max-image-preview:large, max-video-preview:-1\" \/>\n<link rel=\"canonical\" href=\"https:\/\/www.silentblocks.com\/de\/produkt\/buchsen-der-getriebehalterungen-fuer-vito-w639-mit-om646-4matic\/\" \/>\n<meta property=\"og:locale\" content=\"de_DE\" \/>\n<meta property=\"og:type\" content=\"article\" \/>\n<meta property=\"og:title\" content=\"Buchsen der Getriebehalter f\u00fcr Vito (W639), Sprinter (W906)\" \/>\n<meta property=\"og:description\" content=\"Buchsen der Getriebehalter f\u00fcr Mercedes VITO (W639) 4MATIC, Sprinter (W906), kompatibel mit oem A6399920503\" \/>\n<meta property=\"og:url\" content=\"https:\/\/www.silentblocks.com\/de\/produkt\/buchsen-der-getriebehalterungen-fuer-vito-w639-mit-om646-4matic\/\" \/>\n<meta property=\"og:site_name\" content=\"SILENT BLOCKS\" \/>\n<meta property=\"article:modified_time\" content=\"2026-02-17T21:39:44+00:00\" \/>\n<meta name=\"twitter:card\" content=\"summary_large_image\" \/>\n<script type=\"application\/ld+json\" class=\"yoast-schema-graph\">{\"@context\":\"https:\\\/\\\/schema.org\",\"@graph\":[{\"@type\":\"WebPage\",\"@id\":\"https:\\\/\\\/www.silentblocks.com\\\/de\\\/produkt\\\/buchsen-der-getriebehalterungen-fuer-vito-w639-mit-om646-4matic\\\/\",\"url\":\"https:\\\/\\\/www.silentblocks.com\\\/de\\\/produkt\\\/buchsen-der-getriebehalterungen-fuer-vito-w639-mit-om646-4matic\\\/\",\"name\":\"Buchsen der Getriebehalter f\u00fcr Vito (W639), Sprinter (W906) - SILENT BLOCKS\",\"isPartOf\":{\"@id\":\"https:\\\/\\\/www.silentblocks.com\\\/de\\\/#website\"},\"primaryImageOfPage\":{\"@id\":\"https:\\\/\\\/www.silentblocks.com\\\/de\\\/produkt\\\/buchsen-der-getriebehalterungen-fuer-vito-w639-mit-om646-4matic\\\/#primaryimage\"},\"image\":{\"@id\":\"https:\\\/\\\/www.silentblocks.com\\\/de\\\/produkt\\\/buchsen-der-getriebehalterungen-fuer-vito-w639-mit-om646-4matic\\\/#primaryimage\"},\"thumbnailUrl\":\"https:\\\/\\\/www.silentblocks.com\\\/wp-content\\\/uploads\\\/2026\\\/02\\\/silentblocs-support-boite-de-vitesse-vito-A6399920503-1.jpg\",\"datePublished\":\"2024-03-02T22:11:33+00:00\",\"dateModified\":\"2026-02-17T21:39:44+00:00\",\"description\":\"Buchsen der Getriebehalter f\u00fcr Mercedes VITO (W639) 4MATIC, Sprinter (W906), kompatibel mit oem A6399920503\",\"breadcrumb\":{\"@id\":\"https:\\\/\\\/www.silentblocks.com\\\/de\\\/produkt\\\/buchsen-der-getriebehalterungen-fuer-vito-w639-mit-om646-4matic\\\/#breadcrumb\"},\"inLanguage\":\"de\",\"potentialAction\":[{\"@type\":\"ReadAction\",\"target\":[\"https:\\\/\\\/www.silentblocks.com\\\/de\\\/produkt\\\/buchsen-der-getriebehalterungen-fuer-vito-w639-mit-om646-4matic\\\/\"]}]},{\"@type\":\"ImageObject\",\"inLanguage\":\"de\",\"@id\":\"https:\\\/\\\/www.silentblocks.com\\\/de\\\/produkt\\\/buchsen-der-getriebehalterungen-fuer-vito-w639-mit-om646-4matic\\\/#primaryimage\",\"url\":\"https:\\\/\\\/www.silentblocks.com\\\/wp-content\\\/uploads\\\/2026\\\/02\\\/silentblocs-support-boite-de-vitesse-vito-A6399920503-1.jpg\",\"contentUrl\":\"https:\\\/\\\/www.silentblocks.com\\\/wp-content\\\/uploads\\\/2026\\\/02\\\/silentblocs-support-boite-de-vitesse-vito-A6399920503-1.jpg\",\"width\":1500,\"height\":1500},{\"@type\":\"BreadcrumbList\",\"@id\":\"https:\\\/\\\/www.silentblocks.com\\\/de\\\/produkt\\\/buchsen-der-getriebehalterungen-fuer-vito-w639-mit-om646-4matic\\\/#breadcrumb\",\"itemListElement\":[{\"@type\":\"ListItem\",\"position\":1,\"name\":\"In\u00edcio\",\"item\":\"https:\\\/\\\/www.silentblocks.com\\\/de\\\/\"},{\"@type\":\"ListItem\",\"position\":2,\"name\":\"Page boutique\",\"item\":\"https:\\\/\\\/www.silentblocks.com\\\/shop-2\\\/\"},{\"@type\":\"ListItem\",\"position\":3,\"name\":\"Buchsen der Getriebehalter f\u00fcr Vito (W639), Sprinter (W906)\"}]},{\"@type\":\"WebSite\",\"@id\":\"https:\\\/\\\/www.silentblocks.com\\\/de\\\/#website\",\"url\":\"https:\\\/\\\/www.silentblocks.com\\\/de\\\/\",\"name\":\"SILENTBLOCKS\",\"description\":\"Secure on the road\",\"publisher\":{\"@id\":\"https:\\\/\\\/www.silentblocks.com\\\/de\\\/#organization\"},\"potentialAction\":[{\"@type\":\"SearchAction\",\"target\":{\"@type\":\"EntryPoint\",\"urlTemplate\":\"https:\\\/\\\/www.silentblocks.com\\\/de\\\/?s={search_term_string}\"},\"query-input\":{\"@type\":\"PropertyValueSpecification\",\"valueRequired\":true,\"valueName\":\"search_term_string\"}}],\"inLanguage\":\"de\"},{\"@type\":\"Organization\",\"@id\":\"https:\\\/\\\/www.silentblocks.com\\\/de\\\/#organization\",\"name\":\"SILENTBLOCKS\",\"url\":\"https:\\\/\\\/www.silentblocks.com\\\/de\\\/\",\"logo\":{\"@type\":\"ImageObject\",\"inLanguage\":\"de\",\"@id\":\"https:\\\/\\\/www.silentblocks.com\\\/de\\\/#\\\/schema\\\/logo\\\/image\\\/\",\"url\":\"https:\\\/\\\/www.silentblocks.com\\\/wp-content\\\/uploads\\\/2023\\\/07\\\/logo211-sem-fundo_2012-PARA-BOUTIQUE-EBAY.png\",\"contentUrl\":\"https:\\\/\\\/www.silentblocks.com\\\/wp-content\\\/uploads\\\/2023\\\/07\\\/logo211-sem-fundo_2012-PARA-BOUTIQUE-EBAY.png\",\"width\":300,\"height\":190,\"caption\":\"SILENTBLOCKS\"},\"image\":{\"@id\":\"https:\\\/\\\/www.silentblocks.com\\\/de\\\/#\\\/schema\\\/logo\\\/image\\\/\"}}]}<\/script>\n<!-- \/ Yoast SEO Premium plugin. -->","yoast_head_json":{"title":"Buchsen der Getriebehalter f\u00fcr Vito (W639), Sprinter (W906) - SILENT BLOCKS","description":"Buchsen der Getriebehalter f\u00fcr Mercedes VITO (W639) 4MATIC, Sprinter (W906), kompatibel mit oem A6399920503","robots":{"index":"index","follow":"follow","max-snippet":"max-snippet:-1","max-image-preview":"max-image-preview:large","max-video-preview":"max-video-preview:-1"},"canonical":"https:\/\/www.silentblocks.com\/de\/produkt\/buchsen-der-getriebehalterungen-fuer-vito-w639-mit-om646-4matic\/","og_locale":"de_DE","og_type":"article","og_title":"Buchsen der Getriebehalter f\u00fcr Vito (W639), Sprinter (W906)","og_description":"Buchsen der Getriebehalter f\u00fcr Mercedes VITO (W639) 4MATIC, Sprinter (W906), kompatibel mit oem A6399920503","og_url":"https:\/\/www.silentblocks.com\/de\/produkt\/buchsen-der-getriebehalterungen-fuer-vito-w639-mit-om646-4matic\/","og_site_name":"SILENT BLOCKS","article_modified_time":"2026-02-17T21:39:44+00:00","twitter_card":"summary_large_image","schema":{"@context":"https:\/\/schema.org","@graph":[{"@type":"WebPage","@id":"https:\/\/www.silentblocks.com\/de\/produkt\/buchsen-der-getriebehalterungen-fuer-vito-w639-mit-om646-4matic\/","url":"https:\/\/www.silentblocks.com\/de\/produkt\/buchsen-der-getriebehalterungen-fuer-vito-w639-mit-om646-4matic\/","name":"Buchsen der Getriebehalter f\u00fcr Vito (W639), Sprinter (W906) - SILENT BLOCKS","isPartOf":{"@id":"https:\/\/www.silentblocks.com\/de\/#website"},"primaryImageOfPage":{"@id":"https:\/\/www.silentblocks.com\/de\/produkt\/buchsen-der-getriebehalterungen-fuer-vito-w639-mit-om646-4matic\/#primaryimage"},"image":{"@id":"https:\/\/www.silentblocks.com\/de\/produkt\/buchsen-der-getriebehalterungen-fuer-vito-w639-mit-om646-4matic\/#primaryimage"},"thumbnailUrl":"https:\/\/www.silentblocks.com\/wp-content\/uploads\/2026\/02\/silentblocs-support-boite-de-vitesse-vito-A6399920503-1.jpg","datePublished":"2024-03-02T22:11:33+00:00","dateModified":"2026-02-17T21:39:44+00:00","description":"Buchsen der Getriebehalter f\u00fcr Mercedes VITO (W639) 4MATIC, Sprinter (W906), kompatibel mit oem A6399920503","breadcrumb":{"@id":"https:\/\/www.silentblocks.com\/de\/produkt\/buchsen-der-getriebehalterungen-fuer-vito-w639-mit-om646-4matic\/#breadcrumb"},"inLanguage":"de","potentialAction":[{"@type":"ReadAction","target":["https:\/\/www.silentblocks.com\/de\/produkt\/buchsen-der-getriebehalterungen-fuer-vito-w639-mit-om646-4matic\/"]}]},{"@type":"ImageObject","inLanguage":"de","@id":"https:\/\/www.silentblocks.com\/de\/produkt\/buchsen-der-getriebehalterungen-fuer-vito-w639-mit-om646-4matic\/#primaryimage","url":"https:\/\/www.silentblocks.com\/wp-content\/uploads\/2026\/02\/silentblocs-support-boite-de-vitesse-vito-A6399920503-1.jpg","contentUrl":"https:\/\/www.silentblocks.com\/wp-content\/uploads\/2026\/02\/silentblocs-support-boite-de-vitesse-vito-A6399920503-1.jpg","width":1500,"height":1500},{"@type":"BreadcrumbList","@id":"https:\/\/www.silentblocks.com\/de\/produkt\/buchsen-der-getriebehalterungen-fuer-vito-w639-mit-om646-4matic\/#breadcrumb","itemListElement":[{"@type":"ListItem","position":1,"name":"In\u00edcio","item":"https:\/\/www.silentblocks.com\/de\/"},{"@type":"ListItem","position":2,"name":"Page boutique","item":"https:\/\/www.silentblocks.com\/shop-2\/"},{"@type":"ListItem","position":3,"name":"Buchsen der Getriebehalter f\u00fcr Vito (W639), Sprinter (W906)"}]},{"@type":"WebSite","@id":"https:\/\/www.silentblocks.com\/de\/#website","url":"https:\/\/www.silentblocks.com\/de\/","name":"SILENTBLOCKS","description":"Secure on the road","publisher":{"@id":"https:\/\/www.silentblocks.com\/de\/#organization"},"potentialAction":[{"@type":"SearchAction","target":{"@type":"EntryPoint","urlTemplate":"https:\/\/www.silentblocks.com\/de\/?s={search_term_string}"},"query-input":{"@type":"PropertyValueSpecification","valueRequired":true,"valueName":"search_term_string"}}],"inLanguage":"de"},{"@type":"Organization","@id":"https:\/\/www.silentblocks.com\/de\/#organization","name":"SILENTBLOCKS","url":"https:\/\/www.silentblocks.com\/de\/","logo":{"@type":"ImageObject","inLanguage":"de","@id":"https:\/\/www.silentblocks.com\/de\/#\/schema\/logo\/image\/","url":"https:\/\/www.silentblocks.com\/wp-content\/uploads\/2023\/07\/logo211-sem-fundo_2012-PARA-BOUTIQUE-EBAY.png","contentUrl":"https:\/\/www.silentblocks.com\/wp-content\/uploads\/2023\/07\/logo211-sem-fundo_2012-PARA-BOUTIQUE-EBAY.png","width":300,"height":190,"caption":"SILENTBLOCKS"},"image":{"@id":"https:\/\/www.silentblocks.com\/de\/#\/schema\/logo\/image\/"}}]}},"_links":{"self":[{"href":"https:\/\/www.silentblocks.com\/de\/wp-json\/wp\/v2\/product\/89354","targetHints":{"allow":["GET"]}}],"collection":[{"href":"https:\/\/www.silentblocks.com\/de\/wp-json\/wp\/v2\/product"}],"about":[{"href":"https:\/\/www.silentblocks.com\/de\/wp-json\/wp\/v2\/types\/product"}],"version-history":[{"count":0,"href":"https:\/\/www.silentblocks.com\/de\/wp-json\/wp\/v2\/product\/89354\/revisions"}],"wp:featuredmedia":[{"embeddable":true,"href":"https:\/\/www.silentblocks.com\/de\/wp-json\/wp\/v2\/media\/89344"}],"wp:attachment":[{"href":"https:\/\/www.silentblocks.com\/de\/wp-json\/wp\/v2\/media?parent=89354"}],"wp:term":[{"taxonomy":"product_brand","embeddable":true,"href":"https:\/\/www.silentblocks.com\/de\/wp-json\/wp\/v2\/product_brand?post=89354"},{"taxonomy":"product_cat","embeddable":true,"href":"https:\/\/www.silentblocks.com\/de\/wp-json\/wp\/v2\/product_cat?post=89354"},{"taxonomy":"product_tag","embeddable":true,"href":"https:\/\/www.silentblocks.com\/de\/wp-json\/wp\/v2\/product_tag?post=89354"}],"curies":[{"name":"wp","href":"https:\/\/api.w.org\/{rel}","templated":true}]}}