{"id":89436,"date":"2024-03-07T17:47:58","date_gmt":"2024-03-07T17:47:58","guid":{"rendered":"https:\/\/www.silentblocks.com\/product\/buchsen-fur-die-hintere-differentialhalterung-alfa-romeo-159-4x4-brera-copie\/"},"modified":"2026-02-17T21:39:53","modified_gmt":"2026-02-17T21:39:53","slug":"buchsen-fur-die-hintere-differentialhalterung-alfa-romeo-159-4x4-brera-copie","status":"publish","type":"product","link":"https:\/\/www.silentblocks.com\/de\/produkt\/buchsen-fur-die-hintere-differentialhalterung-alfa-romeo-159-4x4-brera-copie\/","title":{"rendered":"Buchsen f\u00fcr die hintere Differentialhalterung, Alfa Romeo 159 4&#215;4, Brera"},"content":{"rendered":"<p>Buchsen aus Polyurethan zur Unterst\u00fctzung des Differentials, hintere Antriebsachse, kompatibel mit den folgenden Fahrzeugen:<br \/>\nAlfa Romeo 159 Q4<br \/>\nAlfa Romeo Brera 4&#215;4 3.2 V6 Q4<br \/>\nAlfa Romeo Spider 4&#215;4<\/p>\n<p>H\u00e4rte: 75Sha<\/p>\n<p>Herstellerreferenzen (OEM-Code) zur Orientierung :<br \/>\n60694523<\/p>\n<p>Neue Teile, die mit Rechnung verkauft werden. Alle unsere Produkte haben eine Garantie von 2 Jahren.<\/p>\n","protected":false},"excerpt":{"rendered":"<p>Buchsen aus Polyurethan zur Unterst\u00fctzung des Differentials, hintere Antriebsachse, kompatibel mit den folgenden Fahrzeugen: Alfa Romeo 159 Q4 Alfa Romeo Brera 4&#215;4 3.2 V6 Q4 Alfa Romeo Spider 4&#215;4 H\u00e4rte: 75Sha Herstellerreferenzen (OEM-Code) zur Orientierung : 60694523 Neue Teile, die mit Rechnung verkauft werden. Alle unsere Produkte haben eine Garantie von 2 Jahren.<\/p>\n","protected":false},"featured_media":135244,"template":"","meta":[],"product_brand":[],"product_cat":[2125,2272,2281,2290],"product_tag":[],"class_list":{"0":"post-89436","1":"product","2":"type-product","3":"status-publish","4":"has-post-thumbnail","6":"product_cat-alfa-romeo-de","7":"product_cat-159-de","8":"product_cat-brera-de","9":"product_cat-spider-de","11":"first","12":"instock","13":"shipping-taxable","14":"purchasable","15":"product-type-simple"},"yoast_head":"<!-- This site is optimized with the Yoast SEO Premium plugin v23.0 (Yoast SEO v27.4) - https:\/\/yoast.com\/product\/yoast-seo-premium-wordpress\/ -->\n<title>Buchsen f\u00fcr die hintere Differentialhalterung, Alfa Romeo 159 4x4, Brera - SILENT BLOCKS<\/title>\n<meta name=\"description\" content=\"Buchsen f\u00fcr die hintere Differentialhalterung f\u00fcr Alfa Romeo 159 Q4, Brera 4x4 OEM 60694523\" \/>\n<meta name=\"robots\" content=\"index, follow, max-snippet:-1, max-image-preview:large, max-video-preview:-1\" \/>\n<link rel=\"canonical\" href=\"https:\/\/www.silentblocks.com\/de\/produkt\/buchsen-fur-die-hintere-differentialhalterung-alfa-romeo-159-4x4-brera-copie\/\" \/>\n<meta property=\"og:locale\" content=\"de_DE\" \/>\n<meta property=\"og:type\" content=\"article\" \/>\n<meta property=\"og:title\" content=\"Buchsen f\u00fcr die hintere Differentialhalterung, Alfa Romeo 159 4x4, Brera\" \/>\n<meta property=\"og:description\" content=\"Buchsen f\u00fcr die hintere Differentialhalterung f\u00fcr Alfa Romeo 159 Q4, Brera 4x4 OEM 60694523\" \/>\n<meta property=\"og:url\" content=\"https:\/\/www.silentblocks.com\/de\/produkt\/buchsen-fur-die-hintere-differentialhalterung-alfa-romeo-159-4x4-brera-copie\/\" \/>\n<meta property=\"og:site_name\" content=\"SILENT BLOCKS\" \/>\n<meta property=\"article:modified_time\" content=\"2026-02-17T21:39:53+00:00\" \/>\n<meta property=\"og:image\" content=\"https:\/\/www.silentblocks.com\/wp-content\/uploads\/2024\/03\/silentbloc-differentiel-alfa-romeo-159.jpg\" \/>\n\t<meta property=\"og:image:width\" content=\"1024\" \/>\n\t<meta property=\"og:image:height\" content=\"1024\" \/>\n\t<meta property=\"og:image:type\" content=\"image\/jpeg\" \/>\n<meta name=\"twitter:card\" content=\"summary_large_image\" \/>\n<script type=\"application\/ld+json\" class=\"yoast-schema-graph\">{\"@context\":\"https:\\\/\\\/schema.org\",\"@graph\":[{\"@type\":\"WebPage\",\"@id\":\"https:\\\/\\\/www.silentblocks.com\\\/de\\\/produkt\\\/buchsen-fur-die-hintere-differentialhalterung-alfa-romeo-159-4x4-brera-copie\\\/\",\"url\":\"https:\\\/\\\/www.silentblocks.com\\\/de\\\/produkt\\\/buchsen-fur-die-hintere-differentialhalterung-alfa-romeo-159-4x4-brera-copie\\\/\",\"name\":\"Buchsen f\u00fcr die hintere Differentialhalterung, Alfa Romeo 159 4x4, Brera - SILENT BLOCKS\",\"isPartOf\":{\"@id\":\"https:\\\/\\\/www.silentblocks.com\\\/de\\\/#website\"},\"primaryImageOfPage\":{\"@id\":\"https:\\\/\\\/www.silentblocks.com\\\/de\\\/produkt\\\/buchsen-fur-die-hintere-differentialhalterung-alfa-romeo-159-4x4-brera-copie\\\/#primaryimage\"},\"image\":{\"@id\":\"https:\\\/\\\/www.silentblocks.com\\\/de\\\/produkt\\\/buchsen-fur-die-hintere-differentialhalterung-alfa-romeo-159-4x4-brera-copie\\\/#primaryimage\"},\"thumbnailUrl\":\"https:\\\/\\\/www.silentblocks.com\\\/wp-content\\\/uploads\\\/2024\\\/03\\\/silentbloc-differentiel-alfa-romeo-159.jpg\",\"datePublished\":\"2024-03-07T17:47:58+00:00\",\"dateModified\":\"2026-02-17T21:39:53+00:00\",\"description\":\"Buchsen f\u00fcr die hintere Differentialhalterung f\u00fcr Alfa Romeo 159 Q4, Brera 4x4 OEM 60694523\",\"breadcrumb\":{\"@id\":\"https:\\\/\\\/www.silentblocks.com\\\/de\\\/produkt\\\/buchsen-fur-die-hintere-differentialhalterung-alfa-romeo-159-4x4-brera-copie\\\/#breadcrumb\"},\"inLanguage\":\"de\",\"potentialAction\":[{\"@type\":\"ReadAction\",\"target\":[\"https:\\\/\\\/www.silentblocks.com\\\/de\\\/produkt\\\/buchsen-fur-die-hintere-differentialhalterung-alfa-romeo-159-4x4-brera-copie\\\/\"]}]},{\"@type\":\"ImageObject\",\"inLanguage\":\"de\",\"@id\":\"https:\\\/\\\/www.silentblocks.com\\\/de\\\/produkt\\\/buchsen-fur-die-hintere-differentialhalterung-alfa-romeo-159-4x4-brera-copie\\\/#primaryimage\",\"url\":\"https:\\\/\\\/www.silentblocks.com\\\/wp-content\\\/uploads\\\/2024\\\/03\\\/silentbloc-differentiel-alfa-romeo-159.jpg\",\"contentUrl\":\"https:\\\/\\\/www.silentblocks.com\\\/wp-content\\\/uploads\\\/2024\\\/03\\\/silentbloc-differentiel-alfa-romeo-159.jpg\",\"width\":1024,\"height\":1024},{\"@type\":\"BreadcrumbList\",\"@id\":\"https:\\\/\\\/www.silentblocks.com\\\/de\\\/produkt\\\/buchsen-fur-die-hintere-differentialhalterung-alfa-romeo-159-4x4-brera-copie\\\/#breadcrumb\",\"itemListElement\":[{\"@type\":\"ListItem\",\"position\":1,\"name\":\"In\u00edcio\",\"item\":\"https:\\\/\\\/www.silentblocks.com\\\/de\\\/\"},{\"@type\":\"ListItem\",\"position\":2,\"name\":\"Page boutique\",\"item\":\"https:\\\/\\\/www.silentblocks.com\\\/shop-2\\\/\"},{\"@type\":\"ListItem\",\"position\":3,\"name\":\"Buchsen f\u00fcr die hintere Differentialhalterung, Alfa Romeo 159 4&#215;4, Brera\"}]},{\"@type\":\"WebSite\",\"@id\":\"https:\\\/\\\/www.silentblocks.com\\\/de\\\/#website\",\"url\":\"https:\\\/\\\/www.silentblocks.com\\\/de\\\/\",\"name\":\"SILENTBLOCKS\",\"description\":\"Secure on the road\",\"publisher\":{\"@id\":\"https:\\\/\\\/www.silentblocks.com\\\/de\\\/#organization\"},\"potentialAction\":[{\"@type\":\"SearchAction\",\"target\":{\"@type\":\"EntryPoint\",\"urlTemplate\":\"https:\\\/\\\/www.silentblocks.com\\\/de\\\/?s={search_term_string}\"},\"query-input\":{\"@type\":\"PropertyValueSpecification\",\"valueRequired\":true,\"valueName\":\"search_term_string\"}}],\"inLanguage\":\"de\"},{\"@type\":\"Organization\",\"@id\":\"https:\\\/\\\/www.silentblocks.com\\\/de\\\/#organization\",\"name\":\"SILENTBLOCKS\",\"url\":\"https:\\\/\\\/www.silentblocks.com\\\/de\\\/\",\"logo\":{\"@type\":\"ImageObject\",\"inLanguage\":\"de\",\"@id\":\"https:\\\/\\\/www.silentblocks.com\\\/de\\\/#\\\/schema\\\/logo\\\/image\\\/\",\"url\":\"https:\\\/\\\/www.silentblocks.com\\\/wp-content\\\/uploads\\\/2023\\\/07\\\/logo211-sem-fundo_2012-PARA-BOUTIQUE-EBAY.png\",\"contentUrl\":\"https:\\\/\\\/www.silentblocks.com\\\/wp-content\\\/uploads\\\/2023\\\/07\\\/logo211-sem-fundo_2012-PARA-BOUTIQUE-EBAY.png\",\"width\":300,\"height\":190,\"caption\":\"SILENTBLOCKS\"},\"image\":{\"@id\":\"https:\\\/\\\/www.silentblocks.com\\\/de\\\/#\\\/schema\\\/logo\\\/image\\\/\"}}]}<\/script>\n<!-- \/ Yoast SEO Premium plugin. -->","yoast_head_json":{"title":"Buchsen f\u00fcr die hintere Differentialhalterung, Alfa Romeo 159 4x4, Brera - SILENT BLOCKS","description":"Buchsen f\u00fcr die hintere Differentialhalterung f\u00fcr Alfa Romeo 159 Q4, Brera 4x4 OEM 60694523","robots":{"index":"index","follow":"follow","max-snippet":"max-snippet:-1","max-image-preview":"max-image-preview:large","max-video-preview":"max-video-preview:-1"},"canonical":"https:\/\/www.silentblocks.com\/de\/produkt\/buchsen-fur-die-hintere-differentialhalterung-alfa-romeo-159-4x4-brera-copie\/","og_locale":"de_DE","og_type":"article","og_title":"Buchsen f\u00fcr die hintere Differentialhalterung, Alfa Romeo 159 4x4, Brera","og_description":"Buchsen f\u00fcr die hintere Differentialhalterung f\u00fcr Alfa Romeo 159 Q4, Brera 4x4 OEM 60694523","og_url":"https:\/\/www.silentblocks.com\/de\/produkt\/buchsen-fur-die-hintere-differentialhalterung-alfa-romeo-159-4x4-brera-copie\/","og_site_name":"SILENT BLOCKS","article_modified_time":"2026-02-17T21:39:53+00:00","og_image":[{"width":1024,"height":1024,"url":"https:\/\/www.silentblocks.com\/wp-content\/uploads\/2024\/03\/silentbloc-differentiel-alfa-romeo-159.jpg","type":"image\/jpeg"}],"twitter_card":"summary_large_image","schema":{"@context":"https:\/\/schema.org","@graph":[{"@type":"WebPage","@id":"https:\/\/www.silentblocks.com\/de\/produkt\/buchsen-fur-die-hintere-differentialhalterung-alfa-romeo-159-4x4-brera-copie\/","url":"https:\/\/www.silentblocks.com\/de\/produkt\/buchsen-fur-die-hintere-differentialhalterung-alfa-romeo-159-4x4-brera-copie\/","name":"Buchsen f\u00fcr die hintere Differentialhalterung, Alfa Romeo 159 4x4, Brera - SILENT BLOCKS","isPartOf":{"@id":"https:\/\/www.silentblocks.com\/de\/#website"},"primaryImageOfPage":{"@id":"https:\/\/www.silentblocks.com\/de\/produkt\/buchsen-fur-die-hintere-differentialhalterung-alfa-romeo-159-4x4-brera-copie\/#primaryimage"},"image":{"@id":"https:\/\/www.silentblocks.com\/de\/produkt\/buchsen-fur-die-hintere-differentialhalterung-alfa-romeo-159-4x4-brera-copie\/#primaryimage"},"thumbnailUrl":"https:\/\/www.silentblocks.com\/wp-content\/uploads\/2024\/03\/silentbloc-differentiel-alfa-romeo-159.jpg","datePublished":"2024-03-07T17:47:58+00:00","dateModified":"2026-02-17T21:39:53+00:00","description":"Buchsen f\u00fcr die hintere Differentialhalterung f\u00fcr Alfa Romeo 159 Q4, Brera 4x4 OEM 60694523","breadcrumb":{"@id":"https:\/\/www.silentblocks.com\/de\/produkt\/buchsen-fur-die-hintere-differentialhalterung-alfa-romeo-159-4x4-brera-copie\/#breadcrumb"},"inLanguage":"de","potentialAction":[{"@type":"ReadAction","target":["https:\/\/www.silentblocks.com\/de\/produkt\/buchsen-fur-die-hintere-differentialhalterung-alfa-romeo-159-4x4-brera-copie\/"]}]},{"@type":"ImageObject","inLanguage":"de","@id":"https:\/\/www.silentblocks.com\/de\/produkt\/buchsen-fur-die-hintere-differentialhalterung-alfa-romeo-159-4x4-brera-copie\/#primaryimage","url":"https:\/\/www.silentblocks.com\/wp-content\/uploads\/2024\/03\/silentbloc-differentiel-alfa-romeo-159.jpg","contentUrl":"https:\/\/www.silentblocks.com\/wp-content\/uploads\/2024\/03\/silentbloc-differentiel-alfa-romeo-159.jpg","width":1024,"height":1024},{"@type":"BreadcrumbList","@id":"https:\/\/www.silentblocks.com\/de\/produkt\/buchsen-fur-die-hintere-differentialhalterung-alfa-romeo-159-4x4-brera-copie\/#breadcrumb","itemListElement":[{"@type":"ListItem","position":1,"name":"In\u00edcio","item":"https:\/\/www.silentblocks.com\/de\/"},{"@type":"ListItem","position":2,"name":"Page boutique","item":"https:\/\/www.silentblocks.com\/shop-2\/"},{"@type":"ListItem","position":3,"name":"Buchsen f\u00fcr die hintere Differentialhalterung, Alfa Romeo 159 4&#215;4, Brera"}]},{"@type":"WebSite","@id":"https:\/\/www.silentblocks.com\/de\/#website","url":"https:\/\/www.silentblocks.com\/de\/","name":"SILENTBLOCKS","description":"Secure on the road","publisher":{"@id":"https:\/\/www.silentblocks.com\/de\/#organization"},"potentialAction":[{"@type":"SearchAction","target":{"@type":"EntryPoint","urlTemplate":"https:\/\/www.silentblocks.com\/de\/?s={search_term_string}"},"query-input":{"@type":"PropertyValueSpecification","valueRequired":true,"valueName":"search_term_string"}}],"inLanguage":"de"},{"@type":"Organization","@id":"https:\/\/www.silentblocks.com\/de\/#organization","name":"SILENTBLOCKS","url":"https:\/\/www.silentblocks.com\/de\/","logo":{"@type":"ImageObject","inLanguage":"de","@id":"https:\/\/www.silentblocks.com\/de\/#\/schema\/logo\/image\/","url":"https:\/\/www.silentblocks.com\/wp-content\/uploads\/2023\/07\/logo211-sem-fundo_2012-PARA-BOUTIQUE-EBAY.png","contentUrl":"https:\/\/www.silentblocks.com\/wp-content\/uploads\/2023\/07\/logo211-sem-fundo_2012-PARA-BOUTIQUE-EBAY.png","width":300,"height":190,"caption":"SILENTBLOCKS"},"image":{"@id":"https:\/\/www.silentblocks.com\/de\/#\/schema\/logo\/image\/"}}]}},"_links":{"self":[{"href":"https:\/\/www.silentblocks.com\/de\/wp-json\/wp\/v2\/product\/89436","targetHints":{"allow":["GET"]}}],"collection":[{"href":"https:\/\/www.silentblocks.com\/de\/wp-json\/wp\/v2\/product"}],"about":[{"href":"https:\/\/www.silentblocks.com\/de\/wp-json\/wp\/v2\/types\/product"}],"version-history":[{"count":0,"href":"https:\/\/www.silentblocks.com\/de\/wp-json\/wp\/v2\/product\/89436\/revisions"}],"wp:featuredmedia":[{"embeddable":true,"href":"https:\/\/www.silentblocks.com\/de\/wp-json\/wp\/v2\/media\/135244"}],"wp:attachment":[{"href":"https:\/\/www.silentblocks.com\/de\/wp-json\/wp\/v2\/media?parent=89436"}],"wp:term":[{"taxonomy":"product_brand","embeddable":true,"href":"https:\/\/www.silentblocks.com\/de\/wp-json\/wp\/v2\/product_brand?post=89436"},{"taxonomy":"product_cat","embeddable":true,"href":"https:\/\/www.silentblocks.com\/de\/wp-json\/wp\/v2\/product_cat?post=89436"},{"taxonomy":"product_tag","embeddable":true,"href":"https:\/\/www.silentblocks.com\/de\/wp-json\/wp\/v2\/product_tag?post=89436"}],"curies":[{"name":"wp","href":"https:\/\/api.w.org\/{rel}","templated":true}]}}