{"id":89488,"date":"2024-03-19T20:11:37","date_gmt":"2024-03-19T20:11:37","guid":{"rendered":"https:\/\/www.silentblocks.com\/product\/buchsen-der-vorderen-stossdaempfer-pajero-iii-iv\/"},"modified":"2026-02-17T21:40:03","modified_gmt":"2026-02-17T21:40:03","slug":"buchsen-der-vorderen-stossdaempfer-pajero-iii-iv","status":"publish","type":"product","link":"https:\/\/www.silentblocks.com\/de\/produkt\/buchsen-der-vorderen-stossdaempfer-pajero-iii-iv\/","title":{"rendered":"Buchsen der vorderen Sto\u00dfd\u00e4mpfer, Pajero III\/IV"},"content":{"rendered":"<p>Buchsen der vorderen Sto\u00dfd\u00e4mpfer, kompatibel mit den folgenden Fahrzeugen:<br \/>\nMitsubishi Pajero III (V7_W, V6_W)<br \/>\nMitsubishi Pajero III Canvas Top (V6_W, V7_W)<br \/>\nMitsubishi Pajero IV (V8_W, V9_W)<br \/>\nMitsubishi Pajero IV Van (V9_, V8_, V8_V)<\/p>\n<p>Herstellerreferenzen (OEM-Code) zur Orientierung :<br \/>\n2-2A0201-90127, 40 62A 023, MB515165<\/p>\n<p>Neue Teile, die mit Rechnung verkauft werden. Alle unsere Produkte haben eine Garantie von 2 Jahren.<\/p>\n","protected":false},"excerpt":{"rendered":"<p>Buchsen der vorderen Sto\u00dfd\u00e4mpfer, kompatibel mit den folgenden Fahrzeugen: Mitsubishi Pajero III (V7_W, V6_W) Mitsubishi Pajero III Canvas Top (V6_W, V7_W) Mitsubishi Pajero IV (V8_W, V9_W) Mitsubishi Pajero IV Van (V9_, V8_, V8_V) Herstellerreferenzen (OEM-Code) zur Orientierung : 2-2A0201-90127, 40 62A 023, MB515165 Neue Teile, die mit Rechnung verkauft werden. Alle unsere Produkte haben eine [&hellip;]<\/p>\n","protected":false},"featured_media":89485,"template":"","meta":[],"product_brand":[],"product_cat":[2209,3133,3136],"product_tag":[],"class_list":{"0":"post-89488","1":"product","2":"type-product","3":"status-publish","4":"has-post-thumbnail","6":"product_cat-mitsubishi-de","7":"product_cat-pajero-iii-de","8":"product_cat-pajero-iv-de","10":"first","11":"instock","12":"shipping-taxable","13":"purchasable","14":"product-type-simple"},"yoast_head":"<!-- This site is optimized with the Yoast SEO Premium plugin v23.0 (Yoast SEO v27.4) - https:\/\/yoast.com\/product\/yoast-seo-premium-wordpress\/ -->\n<title>Buchsen der vorderen Sto\u00dfd\u00e4mpfer, Pajero III\/IV - SILENT BLOCKS<\/title>\n<meta name=\"description\" content=\"Buchsen der vorderen Sto\u00dfd\u00e4mpfer f\u00fcr Mitsubishi Pajero III, Pajero IV, oem 2-2A0201-90127, 40 62A 023, MB515165\" \/>\n<meta name=\"robots\" content=\"index, follow, max-snippet:-1, max-image-preview:large, max-video-preview:-1\" \/>\n<link rel=\"canonical\" href=\"https:\/\/www.silentblocks.com\/de\/produkt\/buchsen-der-vorderen-stossdaempfer-pajero-iii-iv\/\" \/>\n<meta property=\"og:locale\" content=\"de_DE\" \/>\n<meta property=\"og:type\" content=\"article\" \/>\n<meta property=\"og:title\" content=\"Buchsen der vorderen Sto\u00dfd\u00e4mpfer, Pajero III\/IV\" \/>\n<meta property=\"og:description\" content=\"Buchsen der vorderen Sto\u00dfd\u00e4mpfer f\u00fcr Mitsubishi Pajero III, Pajero IV, oem 2-2A0201-90127, 40 62A 023, MB515165\" \/>\n<meta property=\"og:url\" content=\"https:\/\/www.silentblocks.com\/de\/produkt\/buchsen-der-vorderen-stossdaempfer-pajero-iii-iv\/\" \/>\n<meta property=\"og:site_name\" content=\"SILENT BLOCKS\" \/>\n<meta property=\"article:modified_time\" content=\"2026-02-17T21:40:03+00:00\" \/>\n<meta property=\"og:image\" content=\"https:\/\/www.silentblocks.com\/wp-content\/uploads\/2026\/02\/silentblocs-amortisseur-avant-pajero-III-IV.jpg\" \/>\n\t<meta property=\"og:image:width\" content=\"800\" \/>\n\t<meta property=\"og:image:height\" content=\"800\" \/>\n\t<meta property=\"og:image:type\" content=\"image\/jpeg\" \/>\n<meta name=\"twitter:card\" content=\"summary_large_image\" \/>\n<script type=\"application\/ld+json\" class=\"yoast-schema-graph\">{\"@context\":\"https:\\\/\\\/schema.org\",\"@graph\":[{\"@type\":\"WebPage\",\"@id\":\"https:\\\/\\\/www.silentblocks.com\\\/de\\\/produkt\\\/buchsen-der-vorderen-stossdaempfer-pajero-iii-iv\\\/\",\"url\":\"https:\\\/\\\/www.silentblocks.com\\\/de\\\/produkt\\\/buchsen-der-vorderen-stossdaempfer-pajero-iii-iv\\\/\",\"name\":\"Buchsen der vorderen Sto\u00dfd\u00e4mpfer, Pajero III\\\/IV - SILENT BLOCKS\",\"isPartOf\":{\"@id\":\"https:\\\/\\\/www.silentblocks.com\\\/de\\\/#website\"},\"primaryImageOfPage\":{\"@id\":\"https:\\\/\\\/www.silentblocks.com\\\/de\\\/produkt\\\/buchsen-der-vorderen-stossdaempfer-pajero-iii-iv\\\/#primaryimage\"},\"image\":{\"@id\":\"https:\\\/\\\/www.silentblocks.com\\\/de\\\/produkt\\\/buchsen-der-vorderen-stossdaempfer-pajero-iii-iv\\\/#primaryimage\"},\"thumbnailUrl\":\"https:\\\/\\\/www.silentblocks.com\\\/wp-content\\\/uploads\\\/2026\\\/02\\\/silentblocs-amortisseur-avant-pajero-III-IV.jpg\",\"datePublished\":\"2024-03-19T20:11:37+00:00\",\"dateModified\":\"2026-02-17T21:40:03+00:00\",\"description\":\"Buchsen der vorderen Sto\u00dfd\u00e4mpfer f\u00fcr Mitsubishi Pajero III, Pajero IV, oem 2-2A0201-90127, 40 62A 023, MB515165\",\"breadcrumb\":{\"@id\":\"https:\\\/\\\/www.silentblocks.com\\\/de\\\/produkt\\\/buchsen-der-vorderen-stossdaempfer-pajero-iii-iv\\\/#breadcrumb\"},\"inLanguage\":\"de\",\"potentialAction\":[{\"@type\":\"ReadAction\",\"target\":[\"https:\\\/\\\/www.silentblocks.com\\\/de\\\/produkt\\\/buchsen-der-vorderen-stossdaempfer-pajero-iii-iv\\\/\"]}]},{\"@type\":\"ImageObject\",\"inLanguage\":\"de\",\"@id\":\"https:\\\/\\\/www.silentblocks.com\\\/de\\\/produkt\\\/buchsen-der-vorderen-stossdaempfer-pajero-iii-iv\\\/#primaryimage\",\"url\":\"https:\\\/\\\/www.silentblocks.com\\\/wp-content\\\/uploads\\\/2026\\\/02\\\/silentblocs-amortisseur-avant-pajero-III-IV.jpg\",\"contentUrl\":\"https:\\\/\\\/www.silentblocks.com\\\/wp-content\\\/uploads\\\/2026\\\/02\\\/silentblocs-amortisseur-avant-pajero-III-IV.jpg\",\"width\":800,\"height\":800},{\"@type\":\"BreadcrumbList\",\"@id\":\"https:\\\/\\\/www.silentblocks.com\\\/de\\\/produkt\\\/buchsen-der-vorderen-stossdaempfer-pajero-iii-iv\\\/#breadcrumb\",\"itemListElement\":[{\"@type\":\"ListItem\",\"position\":1,\"name\":\"In\u00edcio\",\"item\":\"https:\\\/\\\/www.silentblocks.com\\\/de\\\/\"},{\"@type\":\"ListItem\",\"position\":2,\"name\":\"Page boutique\",\"item\":\"https:\\\/\\\/www.silentblocks.com\\\/shop-2\\\/\"},{\"@type\":\"ListItem\",\"position\":3,\"name\":\"Buchsen der vorderen Sto\u00dfd\u00e4mpfer, Pajero III\\\/IV\"}]},{\"@type\":\"WebSite\",\"@id\":\"https:\\\/\\\/www.silentblocks.com\\\/de\\\/#website\",\"url\":\"https:\\\/\\\/www.silentblocks.com\\\/de\\\/\",\"name\":\"SILENTBLOCKS\",\"description\":\"Secure on the road\",\"publisher\":{\"@id\":\"https:\\\/\\\/www.silentblocks.com\\\/de\\\/#organization\"},\"potentialAction\":[{\"@type\":\"SearchAction\",\"target\":{\"@type\":\"EntryPoint\",\"urlTemplate\":\"https:\\\/\\\/www.silentblocks.com\\\/de\\\/?s={search_term_string}\"},\"query-input\":{\"@type\":\"PropertyValueSpecification\",\"valueRequired\":true,\"valueName\":\"search_term_string\"}}],\"inLanguage\":\"de\"},{\"@type\":\"Organization\",\"@id\":\"https:\\\/\\\/www.silentblocks.com\\\/de\\\/#organization\",\"name\":\"SILENTBLOCKS\",\"url\":\"https:\\\/\\\/www.silentblocks.com\\\/de\\\/\",\"logo\":{\"@type\":\"ImageObject\",\"inLanguage\":\"de\",\"@id\":\"https:\\\/\\\/www.silentblocks.com\\\/de\\\/#\\\/schema\\\/logo\\\/image\\\/\",\"url\":\"https:\\\/\\\/www.silentblocks.com\\\/wp-content\\\/uploads\\\/2023\\\/07\\\/logo211-sem-fundo_2012-PARA-BOUTIQUE-EBAY.png\",\"contentUrl\":\"https:\\\/\\\/www.silentblocks.com\\\/wp-content\\\/uploads\\\/2023\\\/07\\\/logo211-sem-fundo_2012-PARA-BOUTIQUE-EBAY.png\",\"width\":300,\"height\":190,\"caption\":\"SILENTBLOCKS\"},\"image\":{\"@id\":\"https:\\\/\\\/www.silentblocks.com\\\/de\\\/#\\\/schema\\\/logo\\\/image\\\/\"}}]}<\/script>\n<!-- \/ Yoast SEO Premium plugin. -->","yoast_head_json":{"title":"Buchsen der vorderen Sto\u00dfd\u00e4mpfer, Pajero III\/IV - SILENT BLOCKS","description":"Buchsen der vorderen Sto\u00dfd\u00e4mpfer f\u00fcr Mitsubishi Pajero III, Pajero IV, oem 2-2A0201-90127, 40 62A 023, MB515165","robots":{"index":"index","follow":"follow","max-snippet":"max-snippet:-1","max-image-preview":"max-image-preview:large","max-video-preview":"max-video-preview:-1"},"canonical":"https:\/\/www.silentblocks.com\/de\/produkt\/buchsen-der-vorderen-stossdaempfer-pajero-iii-iv\/","og_locale":"de_DE","og_type":"article","og_title":"Buchsen der vorderen Sto\u00dfd\u00e4mpfer, Pajero III\/IV","og_description":"Buchsen der vorderen Sto\u00dfd\u00e4mpfer f\u00fcr Mitsubishi Pajero III, Pajero IV, oem 2-2A0201-90127, 40 62A 023, MB515165","og_url":"https:\/\/www.silentblocks.com\/de\/produkt\/buchsen-der-vorderen-stossdaempfer-pajero-iii-iv\/","og_site_name":"SILENT BLOCKS","article_modified_time":"2026-02-17T21:40:03+00:00","og_image":[{"width":800,"height":800,"url":"https:\/\/www.silentblocks.com\/wp-content\/uploads\/2026\/02\/silentblocs-amortisseur-avant-pajero-III-IV.jpg","type":"image\/jpeg"}],"twitter_card":"summary_large_image","schema":{"@context":"https:\/\/schema.org","@graph":[{"@type":"WebPage","@id":"https:\/\/www.silentblocks.com\/de\/produkt\/buchsen-der-vorderen-stossdaempfer-pajero-iii-iv\/","url":"https:\/\/www.silentblocks.com\/de\/produkt\/buchsen-der-vorderen-stossdaempfer-pajero-iii-iv\/","name":"Buchsen der vorderen Sto\u00dfd\u00e4mpfer, Pajero III\/IV - SILENT BLOCKS","isPartOf":{"@id":"https:\/\/www.silentblocks.com\/de\/#website"},"primaryImageOfPage":{"@id":"https:\/\/www.silentblocks.com\/de\/produkt\/buchsen-der-vorderen-stossdaempfer-pajero-iii-iv\/#primaryimage"},"image":{"@id":"https:\/\/www.silentblocks.com\/de\/produkt\/buchsen-der-vorderen-stossdaempfer-pajero-iii-iv\/#primaryimage"},"thumbnailUrl":"https:\/\/www.silentblocks.com\/wp-content\/uploads\/2026\/02\/silentblocs-amortisseur-avant-pajero-III-IV.jpg","datePublished":"2024-03-19T20:11:37+00:00","dateModified":"2026-02-17T21:40:03+00:00","description":"Buchsen der vorderen Sto\u00dfd\u00e4mpfer f\u00fcr Mitsubishi Pajero III, Pajero IV, oem 2-2A0201-90127, 40 62A 023, MB515165","breadcrumb":{"@id":"https:\/\/www.silentblocks.com\/de\/produkt\/buchsen-der-vorderen-stossdaempfer-pajero-iii-iv\/#breadcrumb"},"inLanguage":"de","potentialAction":[{"@type":"ReadAction","target":["https:\/\/www.silentblocks.com\/de\/produkt\/buchsen-der-vorderen-stossdaempfer-pajero-iii-iv\/"]}]},{"@type":"ImageObject","inLanguage":"de","@id":"https:\/\/www.silentblocks.com\/de\/produkt\/buchsen-der-vorderen-stossdaempfer-pajero-iii-iv\/#primaryimage","url":"https:\/\/www.silentblocks.com\/wp-content\/uploads\/2026\/02\/silentblocs-amortisseur-avant-pajero-III-IV.jpg","contentUrl":"https:\/\/www.silentblocks.com\/wp-content\/uploads\/2026\/02\/silentblocs-amortisseur-avant-pajero-III-IV.jpg","width":800,"height":800},{"@type":"BreadcrumbList","@id":"https:\/\/www.silentblocks.com\/de\/produkt\/buchsen-der-vorderen-stossdaempfer-pajero-iii-iv\/#breadcrumb","itemListElement":[{"@type":"ListItem","position":1,"name":"In\u00edcio","item":"https:\/\/www.silentblocks.com\/de\/"},{"@type":"ListItem","position":2,"name":"Page boutique","item":"https:\/\/www.silentblocks.com\/shop-2\/"},{"@type":"ListItem","position":3,"name":"Buchsen der vorderen Sto\u00dfd\u00e4mpfer, Pajero III\/IV"}]},{"@type":"WebSite","@id":"https:\/\/www.silentblocks.com\/de\/#website","url":"https:\/\/www.silentblocks.com\/de\/","name":"SILENTBLOCKS","description":"Secure on the road","publisher":{"@id":"https:\/\/www.silentblocks.com\/de\/#organization"},"potentialAction":[{"@type":"SearchAction","target":{"@type":"EntryPoint","urlTemplate":"https:\/\/www.silentblocks.com\/de\/?s={search_term_string}"},"query-input":{"@type":"PropertyValueSpecification","valueRequired":true,"valueName":"search_term_string"}}],"inLanguage":"de"},{"@type":"Organization","@id":"https:\/\/www.silentblocks.com\/de\/#organization","name":"SILENTBLOCKS","url":"https:\/\/www.silentblocks.com\/de\/","logo":{"@type":"ImageObject","inLanguage":"de","@id":"https:\/\/www.silentblocks.com\/de\/#\/schema\/logo\/image\/","url":"https:\/\/www.silentblocks.com\/wp-content\/uploads\/2023\/07\/logo211-sem-fundo_2012-PARA-BOUTIQUE-EBAY.png","contentUrl":"https:\/\/www.silentblocks.com\/wp-content\/uploads\/2023\/07\/logo211-sem-fundo_2012-PARA-BOUTIQUE-EBAY.png","width":300,"height":190,"caption":"SILENTBLOCKS"},"image":{"@id":"https:\/\/www.silentblocks.com\/de\/#\/schema\/logo\/image\/"}}]}},"_links":{"self":[{"href":"https:\/\/www.silentblocks.com\/de\/wp-json\/wp\/v2\/product\/89488","targetHints":{"allow":["GET"]}}],"collection":[{"href":"https:\/\/www.silentblocks.com\/de\/wp-json\/wp\/v2\/product"}],"about":[{"href":"https:\/\/www.silentblocks.com\/de\/wp-json\/wp\/v2\/types\/product"}],"version-history":[{"count":0,"href":"https:\/\/www.silentblocks.com\/de\/wp-json\/wp\/v2\/product\/89488\/revisions"}],"wp:featuredmedia":[{"embeddable":true,"href":"https:\/\/www.silentblocks.com\/de\/wp-json\/wp\/v2\/media\/89485"}],"wp:attachment":[{"href":"https:\/\/www.silentblocks.com\/de\/wp-json\/wp\/v2\/media?parent=89488"}],"wp:term":[{"taxonomy":"product_brand","embeddable":true,"href":"https:\/\/www.silentblocks.com\/de\/wp-json\/wp\/v2\/product_brand?post=89488"},{"taxonomy":"product_cat","embeddable":true,"href":"https:\/\/www.silentblocks.com\/de\/wp-json\/wp\/v2\/product_cat?post=89488"},{"taxonomy":"product_tag","embeddable":true,"href":"https:\/\/www.silentblocks.com\/de\/wp-json\/wp\/v2\/product_tag?post=89488"}],"curies":[{"name":"wp","href":"https:\/\/api.w.org\/{rel}","templated":true}]}}