{"id":89583,"date":"2024-03-25T15:19:29","date_gmt":"2024-03-25T15:19:29","guid":{"rendered":"https:\/\/www.silentblocks.com\/product\/motortraeger-achstraeger-buchsen-fuer-renault-laguna-iii\/"},"modified":"2026-02-17T21:40:14","modified_gmt":"2026-02-17T21:40:14","slug":"motortraeger-achstraeger-buchsen-fuer-renault-laguna-iii","status":"publish","type":"product","link":"https:\/\/www.silentblocks.com\/de\/produkt\/motortraeger-achstraeger-buchsen-fuer-renault-laguna-iii\/","title":{"rendered":"Motortr\u00e4ger achstr\u00e4ger buchsen f\u00fcr Renault Laguna III"},"content":{"rendered":"<p>Buchsen der Motorwiege, kompatibel mit den folgenden Fahrzeugen:<br \/>\nRenault Laguna III (10.2007-12.2015)<br \/>\nAbmessungen -&gt; \u230019,2&#215;84 \/ \u230052,4&#215;55<\/p>\n<p>Herstellerreferenzen (OEM-Code) zur Orientierung :<br \/>\n544000005R, 544012760R<\/p>\n<p>Neue Teile, die mit Rechnung verkauft werden. Alle unsere Produkte haben eine Garantie von 2 Jahren.<\/p>\n","protected":false},"excerpt":{"rendered":"<p>Buchsen der Motorwiege, kompatibel mit den folgenden Fahrzeugen: Renault Laguna III (10.2007-12.2015) Abmessungen -&gt; \u230019,2&#215;84 \/ \u230052,4&#215;55 Herstellerreferenzen (OEM-Code) zur Orientierung : 544000005R, 544012760R Neue Teile, die mit Rechnung verkauft werden. Alle unsere Produkte haben eine Garantie von 2 Jahren.<\/p>\n","protected":false},"featured_media":135164,"template":"","meta":[],"product_brand":[],"product_cat":[2224,3415,3424],"product_tag":[],"class_list":{"0":"post-89583","1":"product","2":"type-product","3":"status-publish","4":"has-post-thumbnail","6":"product_cat-renault-de","7":"product_cat-laguna-de","8":"product_cat-laguna-iii-de","10":"first","11":"instock","12":"shipping-taxable","13":"purchasable","14":"product-type-simple"},"yoast_head":"<!-- This site is optimized with the Yoast SEO Premium plugin v23.0 (Yoast SEO v27.4) - https:\/\/yoast.com\/product\/yoast-seo-premium-wordpress\/ -->\n<title>Motortr\u00e4ger achstr\u00e4ger buchsen f\u00fcr Renault Laguna III - SILENT BLOCKS<\/title>\n<meta name=\"description\" content=\"Motortr\u00e4gerbuchsen f\u00fcr Renault Laguna III, kompatibel mit oem 544000005R, 544012760R\" \/>\n<meta name=\"robots\" content=\"index, follow, max-snippet:-1, max-image-preview:large, max-video-preview:-1\" \/>\n<link rel=\"canonical\" href=\"https:\/\/www.silentblocks.com\/de\/produkt\/motortraeger-achstraeger-buchsen-fuer-renault-laguna-iii\/\" \/>\n<meta property=\"og:locale\" content=\"de_DE\" \/>\n<meta property=\"og:type\" content=\"article\" \/>\n<meta property=\"og:title\" content=\"Motortr\u00e4ger achstr\u00e4ger buchsen f\u00fcr Renault Laguna III\" \/>\n<meta property=\"og:description\" content=\"Motortr\u00e4gerbuchsen f\u00fcr Renault Laguna III, kompatibel mit oem 544000005R, 544012760R\" \/>\n<meta property=\"og:url\" content=\"https:\/\/www.silentblocks.com\/de\/produkt\/motortraeger-achstraeger-buchsen-fuer-renault-laguna-iii\/\" \/>\n<meta property=\"og:site_name\" content=\"SILENT BLOCKS\" \/>\n<meta property=\"article:modified_time\" content=\"2026-02-17T21:40:14+00:00\" \/>\n<meta property=\"og:image\" content=\"https:\/\/www.silentblocks.com\/wp-content\/uploads\/2024\/03\/silentblocs-berceau-moteur-laguna-III-2.jpg\" \/>\n\t<meta property=\"og:image:width\" content=\"1024\" \/>\n\t<meta property=\"og:image:height\" content=\"1024\" \/>\n\t<meta property=\"og:image:type\" content=\"image\/jpeg\" \/>\n<meta name=\"twitter:card\" content=\"summary_large_image\" \/>\n<script type=\"application\/ld+json\" class=\"yoast-schema-graph\">{\"@context\":\"https:\\\/\\\/schema.org\",\"@graph\":[{\"@type\":\"WebPage\",\"@id\":\"https:\\\/\\\/www.silentblocks.com\\\/de\\\/produkt\\\/motortraeger-achstraeger-buchsen-fuer-renault-laguna-iii\\\/\",\"url\":\"https:\\\/\\\/www.silentblocks.com\\\/de\\\/produkt\\\/motortraeger-achstraeger-buchsen-fuer-renault-laguna-iii\\\/\",\"name\":\"Motortr\u00e4ger achstr\u00e4ger buchsen f\u00fcr Renault Laguna III - SILENT BLOCKS\",\"isPartOf\":{\"@id\":\"https:\\\/\\\/www.silentblocks.com\\\/de\\\/#website\"},\"primaryImageOfPage\":{\"@id\":\"https:\\\/\\\/www.silentblocks.com\\\/de\\\/produkt\\\/motortraeger-achstraeger-buchsen-fuer-renault-laguna-iii\\\/#primaryimage\"},\"image\":{\"@id\":\"https:\\\/\\\/www.silentblocks.com\\\/de\\\/produkt\\\/motortraeger-achstraeger-buchsen-fuer-renault-laguna-iii\\\/#primaryimage\"},\"thumbnailUrl\":\"https:\\\/\\\/www.silentblocks.com\\\/wp-content\\\/uploads\\\/2024\\\/03\\\/silentblocs-berceau-moteur-laguna-III-2.jpg\",\"datePublished\":\"2024-03-25T15:19:29+00:00\",\"dateModified\":\"2026-02-17T21:40:14+00:00\",\"description\":\"Motortr\u00e4gerbuchsen f\u00fcr Renault Laguna III, kompatibel mit oem 544000005R, 544012760R\",\"breadcrumb\":{\"@id\":\"https:\\\/\\\/www.silentblocks.com\\\/de\\\/produkt\\\/motortraeger-achstraeger-buchsen-fuer-renault-laguna-iii\\\/#breadcrumb\"},\"inLanguage\":\"de\",\"potentialAction\":[{\"@type\":\"ReadAction\",\"target\":[\"https:\\\/\\\/www.silentblocks.com\\\/de\\\/produkt\\\/motortraeger-achstraeger-buchsen-fuer-renault-laguna-iii\\\/\"]}]},{\"@type\":\"ImageObject\",\"inLanguage\":\"de\",\"@id\":\"https:\\\/\\\/www.silentblocks.com\\\/de\\\/produkt\\\/motortraeger-achstraeger-buchsen-fuer-renault-laguna-iii\\\/#primaryimage\",\"url\":\"https:\\\/\\\/www.silentblocks.com\\\/wp-content\\\/uploads\\\/2024\\\/03\\\/silentblocs-berceau-moteur-laguna-III-2.jpg\",\"contentUrl\":\"https:\\\/\\\/www.silentblocks.com\\\/wp-content\\\/uploads\\\/2024\\\/03\\\/silentblocs-berceau-moteur-laguna-III-2.jpg\",\"width\":1024,\"height\":1024},{\"@type\":\"BreadcrumbList\",\"@id\":\"https:\\\/\\\/www.silentblocks.com\\\/de\\\/produkt\\\/motortraeger-achstraeger-buchsen-fuer-renault-laguna-iii\\\/#breadcrumb\",\"itemListElement\":[{\"@type\":\"ListItem\",\"position\":1,\"name\":\"In\u00edcio\",\"item\":\"https:\\\/\\\/www.silentblocks.com\\\/de\\\/\"},{\"@type\":\"ListItem\",\"position\":2,\"name\":\"Page boutique\",\"item\":\"https:\\\/\\\/www.silentblocks.com\\\/shop-2\\\/\"},{\"@type\":\"ListItem\",\"position\":3,\"name\":\"Motortr\u00e4ger achstr\u00e4ger buchsen f\u00fcr Renault Laguna III\"}]},{\"@type\":\"WebSite\",\"@id\":\"https:\\\/\\\/www.silentblocks.com\\\/de\\\/#website\",\"url\":\"https:\\\/\\\/www.silentblocks.com\\\/de\\\/\",\"name\":\"SILENTBLOCKS\",\"description\":\"Secure on the road\",\"publisher\":{\"@id\":\"https:\\\/\\\/www.silentblocks.com\\\/de\\\/#organization\"},\"potentialAction\":[{\"@type\":\"SearchAction\",\"target\":{\"@type\":\"EntryPoint\",\"urlTemplate\":\"https:\\\/\\\/www.silentblocks.com\\\/de\\\/?s={search_term_string}\"},\"query-input\":{\"@type\":\"PropertyValueSpecification\",\"valueRequired\":true,\"valueName\":\"search_term_string\"}}],\"inLanguage\":\"de\"},{\"@type\":\"Organization\",\"@id\":\"https:\\\/\\\/www.silentblocks.com\\\/de\\\/#organization\",\"name\":\"SILENTBLOCKS\",\"url\":\"https:\\\/\\\/www.silentblocks.com\\\/de\\\/\",\"logo\":{\"@type\":\"ImageObject\",\"inLanguage\":\"de\",\"@id\":\"https:\\\/\\\/www.silentblocks.com\\\/de\\\/#\\\/schema\\\/logo\\\/image\\\/\",\"url\":\"https:\\\/\\\/www.silentblocks.com\\\/wp-content\\\/uploads\\\/2023\\\/07\\\/logo211-sem-fundo_2012-PARA-BOUTIQUE-EBAY.png\",\"contentUrl\":\"https:\\\/\\\/www.silentblocks.com\\\/wp-content\\\/uploads\\\/2023\\\/07\\\/logo211-sem-fundo_2012-PARA-BOUTIQUE-EBAY.png\",\"width\":300,\"height\":190,\"caption\":\"SILENTBLOCKS\"},\"image\":{\"@id\":\"https:\\\/\\\/www.silentblocks.com\\\/de\\\/#\\\/schema\\\/logo\\\/image\\\/\"}}]}<\/script>\n<!-- \/ Yoast SEO Premium plugin. -->","yoast_head_json":{"title":"Motortr\u00e4ger achstr\u00e4ger buchsen f\u00fcr Renault Laguna III - SILENT BLOCKS","description":"Motortr\u00e4gerbuchsen f\u00fcr Renault Laguna III, kompatibel mit oem 544000005R, 544012760R","robots":{"index":"index","follow":"follow","max-snippet":"max-snippet:-1","max-image-preview":"max-image-preview:large","max-video-preview":"max-video-preview:-1"},"canonical":"https:\/\/www.silentblocks.com\/de\/produkt\/motortraeger-achstraeger-buchsen-fuer-renault-laguna-iii\/","og_locale":"de_DE","og_type":"article","og_title":"Motortr\u00e4ger achstr\u00e4ger buchsen f\u00fcr Renault Laguna III","og_description":"Motortr\u00e4gerbuchsen f\u00fcr Renault Laguna III, kompatibel mit oem 544000005R, 544012760R","og_url":"https:\/\/www.silentblocks.com\/de\/produkt\/motortraeger-achstraeger-buchsen-fuer-renault-laguna-iii\/","og_site_name":"SILENT BLOCKS","article_modified_time":"2026-02-17T21:40:14+00:00","og_image":[{"width":1024,"height":1024,"url":"https:\/\/www.silentblocks.com\/wp-content\/uploads\/2024\/03\/silentblocs-berceau-moteur-laguna-III-2.jpg","type":"image\/jpeg"}],"twitter_card":"summary_large_image","schema":{"@context":"https:\/\/schema.org","@graph":[{"@type":"WebPage","@id":"https:\/\/www.silentblocks.com\/de\/produkt\/motortraeger-achstraeger-buchsen-fuer-renault-laguna-iii\/","url":"https:\/\/www.silentblocks.com\/de\/produkt\/motortraeger-achstraeger-buchsen-fuer-renault-laguna-iii\/","name":"Motortr\u00e4ger achstr\u00e4ger buchsen f\u00fcr Renault Laguna III - SILENT BLOCKS","isPartOf":{"@id":"https:\/\/www.silentblocks.com\/de\/#website"},"primaryImageOfPage":{"@id":"https:\/\/www.silentblocks.com\/de\/produkt\/motortraeger-achstraeger-buchsen-fuer-renault-laguna-iii\/#primaryimage"},"image":{"@id":"https:\/\/www.silentblocks.com\/de\/produkt\/motortraeger-achstraeger-buchsen-fuer-renault-laguna-iii\/#primaryimage"},"thumbnailUrl":"https:\/\/www.silentblocks.com\/wp-content\/uploads\/2024\/03\/silentblocs-berceau-moteur-laguna-III-2.jpg","datePublished":"2024-03-25T15:19:29+00:00","dateModified":"2026-02-17T21:40:14+00:00","description":"Motortr\u00e4gerbuchsen f\u00fcr Renault Laguna III, kompatibel mit oem 544000005R, 544012760R","breadcrumb":{"@id":"https:\/\/www.silentblocks.com\/de\/produkt\/motortraeger-achstraeger-buchsen-fuer-renault-laguna-iii\/#breadcrumb"},"inLanguage":"de","potentialAction":[{"@type":"ReadAction","target":["https:\/\/www.silentblocks.com\/de\/produkt\/motortraeger-achstraeger-buchsen-fuer-renault-laguna-iii\/"]}]},{"@type":"ImageObject","inLanguage":"de","@id":"https:\/\/www.silentblocks.com\/de\/produkt\/motortraeger-achstraeger-buchsen-fuer-renault-laguna-iii\/#primaryimage","url":"https:\/\/www.silentblocks.com\/wp-content\/uploads\/2024\/03\/silentblocs-berceau-moteur-laguna-III-2.jpg","contentUrl":"https:\/\/www.silentblocks.com\/wp-content\/uploads\/2024\/03\/silentblocs-berceau-moteur-laguna-III-2.jpg","width":1024,"height":1024},{"@type":"BreadcrumbList","@id":"https:\/\/www.silentblocks.com\/de\/produkt\/motortraeger-achstraeger-buchsen-fuer-renault-laguna-iii\/#breadcrumb","itemListElement":[{"@type":"ListItem","position":1,"name":"In\u00edcio","item":"https:\/\/www.silentblocks.com\/de\/"},{"@type":"ListItem","position":2,"name":"Page boutique","item":"https:\/\/www.silentblocks.com\/shop-2\/"},{"@type":"ListItem","position":3,"name":"Motortr\u00e4ger achstr\u00e4ger buchsen f\u00fcr Renault Laguna III"}]},{"@type":"WebSite","@id":"https:\/\/www.silentblocks.com\/de\/#website","url":"https:\/\/www.silentblocks.com\/de\/","name":"SILENTBLOCKS","description":"Secure on the road","publisher":{"@id":"https:\/\/www.silentblocks.com\/de\/#organization"},"potentialAction":[{"@type":"SearchAction","target":{"@type":"EntryPoint","urlTemplate":"https:\/\/www.silentblocks.com\/de\/?s={search_term_string}"},"query-input":{"@type":"PropertyValueSpecification","valueRequired":true,"valueName":"search_term_string"}}],"inLanguage":"de"},{"@type":"Organization","@id":"https:\/\/www.silentblocks.com\/de\/#organization","name":"SILENTBLOCKS","url":"https:\/\/www.silentblocks.com\/de\/","logo":{"@type":"ImageObject","inLanguage":"de","@id":"https:\/\/www.silentblocks.com\/de\/#\/schema\/logo\/image\/","url":"https:\/\/www.silentblocks.com\/wp-content\/uploads\/2023\/07\/logo211-sem-fundo_2012-PARA-BOUTIQUE-EBAY.png","contentUrl":"https:\/\/www.silentblocks.com\/wp-content\/uploads\/2023\/07\/logo211-sem-fundo_2012-PARA-BOUTIQUE-EBAY.png","width":300,"height":190,"caption":"SILENTBLOCKS"},"image":{"@id":"https:\/\/www.silentblocks.com\/de\/#\/schema\/logo\/image\/"}}]}},"_links":{"self":[{"href":"https:\/\/www.silentblocks.com\/de\/wp-json\/wp\/v2\/product\/89583","targetHints":{"allow":["GET"]}}],"collection":[{"href":"https:\/\/www.silentblocks.com\/de\/wp-json\/wp\/v2\/product"}],"about":[{"href":"https:\/\/www.silentblocks.com\/de\/wp-json\/wp\/v2\/types\/product"}],"version-history":[{"count":0,"href":"https:\/\/www.silentblocks.com\/de\/wp-json\/wp\/v2\/product\/89583\/revisions"}],"wp:featuredmedia":[{"embeddable":true,"href":"https:\/\/www.silentblocks.com\/de\/wp-json\/wp\/v2\/media\/135164"}],"wp:attachment":[{"href":"https:\/\/www.silentblocks.com\/de\/wp-json\/wp\/v2\/media?parent=89583"}],"wp:term":[{"taxonomy":"product_brand","embeddable":true,"href":"https:\/\/www.silentblocks.com\/de\/wp-json\/wp\/v2\/product_brand?post=89583"},{"taxonomy":"product_cat","embeddable":true,"href":"https:\/\/www.silentblocks.com\/de\/wp-json\/wp\/v2\/product_cat?post=89583"},{"taxonomy":"product_tag","embeddable":true,"href":"https:\/\/www.silentblocks.com\/de\/wp-json\/wp\/v2\/product_tag?post=89583"}],"curies":[{"name":"wp","href":"https:\/\/api.w.org\/{rel}","templated":true}]}}