{"id":90068,"date":"2024-04-13T20:43:04","date_gmt":"2024-04-13T20:43:04","guid":{"rendered":"https:\/\/www.silentblocks.com\/product\/vordere-stabilisatorlagerbuchsen-o25-5mm-class-a-w176-b-w246-cla-c117-x117\/"},"modified":"2026-02-17T21:41:13","modified_gmt":"2026-02-17T21:41:13","slug":"vordere-stabilisatorlagerbuchsen-o25-5mm-class-a-w176-b-w246-cla-c117-x117","status":"publish","type":"product","link":"https:\/\/www.silentblocks.com\/de\/produkt\/vordere-stabilisatorlagerbuchsen-o25-5mm-class-a-w176-b-w246-cla-c117-x117\/","title":{"rendered":"Vordere Stabilisatorlagerbuchsen \u00d825.5mm, Class A W176, B W246, CLA C117 X117"},"content":{"rendered":"<p>Buchsen f\u00fcr den vorderen Stabilisator, Durchmesser \u00d825.5mm, kompatibel mit den folgenden Fahrzeugen:<br \/>\nMercedes A-Klasse W176<br \/>\nMercedes B W246, W242<br \/>\nMercedes CLA Coupe C117<br \/>\nMercedes CLA Shooting Brake X117<\/p>\n<p>Herstellerreferenzen (OEM-Code) zur Orientierung :<br \/>\n246 320 34 11, A246 320 34 11<\/p>\n<p>Neue Teile, die mit Rechnung verkauft werden. Alle unsere Produkte haben eine Garantie von 2 Jahren.<\/p>\n","protected":false},"excerpt":{"rendered":"<p>Buchsen f\u00fcr den vorderen Stabilisator, Durchmesser \u00d825.5mm, kompatibel mit den folgenden Fahrzeugen: Mercedes A-Klasse W176 Mercedes B W246, W242 Mercedes CLA Coupe C117 Mercedes CLA Shooting Brake X117 Herstellerreferenzen (OEM-Code) zur Orientierung : 246 320 34 11, A246 320 34 11 Neue Teile, die mit Rechnung verkauft werden. Alle unsere Produkte haben eine Garantie von [&hellip;]<\/p>\n","protected":false},"featured_media":90065,"template":"","meta":[],"product_brand":[],"product_cat":[2203,4042,4046,4049],"product_tag":[],"class_list":{"0":"post-90068","1":"product","2":"type-product","3":"status-publish","4":"has-post-thumbnail","6":"product_cat-mercedes-de","7":"product_cat-cla-117-de","8":"product_cat-class-a-w176-de","9":"product_cat-class-b-w246-de","11":"first","12":"instock","13":"shipping-taxable","14":"purchasable","15":"product-type-simple"},"yoast_head":"<!-- This site is optimized with the Yoast SEO Premium plugin v23.0 (Yoast SEO v27.4) - https:\/\/yoast.com\/product\/yoast-seo-premium-wordpress\/ -->\n<title>Vordere Stabilisatorlagerbuchsen \u00d825.5mm, Class A W176, B W246, CLA C117 X117 - SILENT BLOCKS<\/title>\n<meta name=\"description\" content=\"Buchsen des vorderen Stabilisators f\u00fcr Mercedes A-Klasse W176, B-Klasse W246, CLA C117 X117, oem 246 320 34 11, A246 320 34 11\" \/>\n<meta name=\"robots\" content=\"index, follow, max-snippet:-1, max-image-preview:large, max-video-preview:-1\" \/>\n<link rel=\"canonical\" href=\"https:\/\/www.silentblocks.com\/de\/produkt\/vordere-stabilisatorlagerbuchsen-o25-5mm-class-a-w176-b-w246-cla-c117-x117\/\" \/>\n<meta property=\"og:locale\" content=\"de_DE\" \/>\n<meta property=\"og:type\" content=\"article\" \/>\n<meta property=\"og:title\" content=\"Vordere Stabilisatorlagerbuchsen \u00d825.5mm, Class A W176, B W246, CLA C117 X117\" \/>\n<meta property=\"og:description\" content=\"Buchsen des vorderen Stabilisators f\u00fcr Mercedes A-Klasse W176, B-Klasse W246, CLA C117 X117, oem 246 320 34 11, A246 320 34 11\" \/>\n<meta property=\"og:url\" content=\"https:\/\/www.silentblocks.com\/de\/produkt\/vordere-stabilisatorlagerbuchsen-o25-5mm-class-a-w176-b-w246-cla-c117-x117\/\" \/>\n<meta property=\"og:site_name\" content=\"SILENT BLOCKS\" \/>\n<meta property=\"article:modified_time\" content=\"2026-02-17T21:41:13+00:00\" \/>\n<meta property=\"og:image\" content=\"https:\/\/www.silentblocks.com\/wp-content\/uploads\/2026\/02\/w176-A-246-320-34-11-246-320-34-11-silentbloc-barre-avant-class-a-cla-class-B.jpg\" \/>\n\t<meta property=\"og:image:width\" content=\"1000\" \/>\n\t<meta property=\"og:image:height\" content=\"1000\" \/>\n\t<meta property=\"og:image:type\" content=\"image\/jpeg\" \/>\n<meta name=\"twitter:card\" content=\"summary_large_image\" \/>\n<script type=\"application\/ld+json\" class=\"yoast-schema-graph\">{\"@context\":\"https:\\\/\\\/schema.org\",\"@graph\":[{\"@type\":\"WebPage\",\"@id\":\"https:\\\/\\\/www.silentblocks.com\\\/de\\\/produkt\\\/vordere-stabilisatorlagerbuchsen-o25-5mm-class-a-w176-b-w246-cla-c117-x117\\\/\",\"url\":\"https:\\\/\\\/www.silentblocks.com\\\/de\\\/produkt\\\/vordere-stabilisatorlagerbuchsen-o25-5mm-class-a-w176-b-w246-cla-c117-x117\\\/\",\"name\":\"Vordere Stabilisatorlagerbuchsen \u00d825.5mm, Class A W176, B W246, CLA C117 X117 - SILENT BLOCKS\",\"isPartOf\":{\"@id\":\"https:\\\/\\\/www.silentblocks.com\\\/de\\\/#website\"},\"primaryImageOfPage\":{\"@id\":\"https:\\\/\\\/www.silentblocks.com\\\/de\\\/produkt\\\/vordere-stabilisatorlagerbuchsen-o25-5mm-class-a-w176-b-w246-cla-c117-x117\\\/#primaryimage\"},\"image\":{\"@id\":\"https:\\\/\\\/www.silentblocks.com\\\/de\\\/produkt\\\/vordere-stabilisatorlagerbuchsen-o25-5mm-class-a-w176-b-w246-cla-c117-x117\\\/#primaryimage\"},\"thumbnailUrl\":\"https:\\\/\\\/www.silentblocks.com\\\/wp-content\\\/uploads\\\/2026\\\/02\\\/w176-A-246-320-34-11-246-320-34-11-silentbloc-barre-avant-class-a-cla-class-B.jpg\",\"datePublished\":\"2024-04-13T20:43:04+00:00\",\"dateModified\":\"2026-02-17T21:41:13+00:00\",\"description\":\"Buchsen des vorderen Stabilisators f\u00fcr Mercedes A-Klasse W176, B-Klasse W246, CLA C117 X117, oem 246 320 34 11, A246 320 34 11\",\"breadcrumb\":{\"@id\":\"https:\\\/\\\/www.silentblocks.com\\\/de\\\/produkt\\\/vordere-stabilisatorlagerbuchsen-o25-5mm-class-a-w176-b-w246-cla-c117-x117\\\/#breadcrumb\"},\"inLanguage\":\"de\",\"potentialAction\":[{\"@type\":\"ReadAction\",\"target\":[\"https:\\\/\\\/www.silentblocks.com\\\/de\\\/produkt\\\/vordere-stabilisatorlagerbuchsen-o25-5mm-class-a-w176-b-w246-cla-c117-x117\\\/\"]}]},{\"@type\":\"ImageObject\",\"inLanguage\":\"de\",\"@id\":\"https:\\\/\\\/www.silentblocks.com\\\/de\\\/produkt\\\/vordere-stabilisatorlagerbuchsen-o25-5mm-class-a-w176-b-w246-cla-c117-x117\\\/#primaryimage\",\"url\":\"https:\\\/\\\/www.silentblocks.com\\\/wp-content\\\/uploads\\\/2026\\\/02\\\/w176-A-246-320-34-11-246-320-34-11-silentbloc-barre-avant-class-a-cla-class-B.jpg\",\"contentUrl\":\"https:\\\/\\\/www.silentblocks.com\\\/wp-content\\\/uploads\\\/2026\\\/02\\\/w176-A-246-320-34-11-246-320-34-11-silentbloc-barre-avant-class-a-cla-class-B.jpg\",\"width\":1000,\"height\":1000},{\"@type\":\"BreadcrumbList\",\"@id\":\"https:\\\/\\\/www.silentblocks.com\\\/de\\\/produkt\\\/vordere-stabilisatorlagerbuchsen-o25-5mm-class-a-w176-b-w246-cla-c117-x117\\\/#breadcrumb\",\"itemListElement\":[{\"@type\":\"ListItem\",\"position\":1,\"name\":\"In\u00edcio\",\"item\":\"https:\\\/\\\/www.silentblocks.com\\\/de\\\/\"},{\"@type\":\"ListItem\",\"position\":2,\"name\":\"Page boutique\",\"item\":\"https:\\\/\\\/www.silentblocks.com\\\/shop-2\\\/\"},{\"@type\":\"ListItem\",\"position\":3,\"name\":\"Vordere Stabilisatorlagerbuchsen \u00d825.5mm, Class A W176, B W246, CLA C117 X117\"}]},{\"@type\":\"WebSite\",\"@id\":\"https:\\\/\\\/www.silentblocks.com\\\/de\\\/#website\",\"url\":\"https:\\\/\\\/www.silentblocks.com\\\/de\\\/\",\"name\":\"SILENTBLOCKS\",\"description\":\"Secure on the road\",\"publisher\":{\"@id\":\"https:\\\/\\\/www.silentblocks.com\\\/de\\\/#organization\"},\"potentialAction\":[{\"@type\":\"SearchAction\",\"target\":{\"@type\":\"EntryPoint\",\"urlTemplate\":\"https:\\\/\\\/www.silentblocks.com\\\/de\\\/?s={search_term_string}\"},\"query-input\":{\"@type\":\"PropertyValueSpecification\",\"valueRequired\":true,\"valueName\":\"search_term_string\"}}],\"inLanguage\":\"de\"},{\"@type\":\"Organization\",\"@id\":\"https:\\\/\\\/www.silentblocks.com\\\/de\\\/#organization\",\"name\":\"SILENTBLOCKS\",\"url\":\"https:\\\/\\\/www.silentblocks.com\\\/de\\\/\",\"logo\":{\"@type\":\"ImageObject\",\"inLanguage\":\"de\",\"@id\":\"https:\\\/\\\/www.silentblocks.com\\\/de\\\/#\\\/schema\\\/logo\\\/image\\\/\",\"url\":\"https:\\\/\\\/www.silentblocks.com\\\/wp-content\\\/uploads\\\/2023\\\/07\\\/logo211-sem-fundo_2012-PARA-BOUTIQUE-EBAY.png\",\"contentUrl\":\"https:\\\/\\\/www.silentblocks.com\\\/wp-content\\\/uploads\\\/2023\\\/07\\\/logo211-sem-fundo_2012-PARA-BOUTIQUE-EBAY.png\",\"width\":300,\"height\":190,\"caption\":\"SILENTBLOCKS\"},\"image\":{\"@id\":\"https:\\\/\\\/www.silentblocks.com\\\/de\\\/#\\\/schema\\\/logo\\\/image\\\/\"}}]}<\/script>\n<!-- \/ Yoast SEO Premium plugin. -->","yoast_head_json":{"title":"Vordere Stabilisatorlagerbuchsen \u00d825.5mm, Class A W176, B W246, CLA C117 X117 - SILENT BLOCKS","description":"Buchsen des vorderen Stabilisators f\u00fcr Mercedes A-Klasse W176, B-Klasse W246, CLA C117 X117, oem 246 320 34 11, A246 320 34 11","robots":{"index":"index","follow":"follow","max-snippet":"max-snippet:-1","max-image-preview":"max-image-preview:large","max-video-preview":"max-video-preview:-1"},"canonical":"https:\/\/www.silentblocks.com\/de\/produkt\/vordere-stabilisatorlagerbuchsen-o25-5mm-class-a-w176-b-w246-cla-c117-x117\/","og_locale":"de_DE","og_type":"article","og_title":"Vordere Stabilisatorlagerbuchsen \u00d825.5mm, Class A W176, B W246, CLA C117 X117","og_description":"Buchsen des vorderen Stabilisators f\u00fcr Mercedes A-Klasse W176, B-Klasse W246, CLA C117 X117, oem 246 320 34 11, A246 320 34 11","og_url":"https:\/\/www.silentblocks.com\/de\/produkt\/vordere-stabilisatorlagerbuchsen-o25-5mm-class-a-w176-b-w246-cla-c117-x117\/","og_site_name":"SILENT BLOCKS","article_modified_time":"2026-02-17T21:41:13+00:00","og_image":[{"width":1000,"height":1000,"url":"https:\/\/www.silentblocks.com\/wp-content\/uploads\/2026\/02\/w176-A-246-320-34-11-246-320-34-11-silentbloc-barre-avant-class-a-cla-class-B.jpg","type":"image\/jpeg"}],"twitter_card":"summary_large_image","schema":{"@context":"https:\/\/schema.org","@graph":[{"@type":"WebPage","@id":"https:\/\/www.silentblocks.com\/de\/produkt\/vordere-stabilisatorlagerbuchsen-o25-5mm-class-a-w176-b-w246-cla-c117-x117\/","url":"https:\/\/www.silentblocks.com\/de\/produkt\/vordere-stabilisatorlagerbuchsen-o25-5mm-class-a-w176-b-w246-cla-c117-x117\/","name":"Vordere Stabilisatorlagerbuchsen \u00d825.5mm, Class A W176, B W246, CLA C117 X117 - SILENT BLOCKS","isPartOf":{"@id":"https:\/\/www.silentblocks.com\/de\/#website"},"primaryImageOfPage":{"@id":"https:\/\/www.silentblocks.com\/de\/produkt\/vordere-stabilisatorlagerbuchsen-o25-5mm-class-a-w176-b-w246-cla-c117-x117\/#primaryimage"},"image":{"@id":"https:\/\/www.silentblocks.com\/de\/produkt\/vordere-stabilisatorlagerbuchsen-o25-5mm-class-a-w176-b-w246-cla-c117-x117\/#primaryimage"},"thumbnailUrl":"https:\/\/www.silentblocks.com\/wp-content\/uploads\/2026\/02\/w176-A-246-320-34-11-246-320-34-11-silentbloc-barre-avant-class-a-cla-class-B.jpg","datePublished":"2024-04-13T20:43:04+00:00","dateModified":"2026-02-17T21:41:13+00:00","description":"Buchsen des vorderen Stabilisators f\u00fcr Mercedes A-Klasse W176, B-Klasse W246, CLA C117 X117, oem 246 320 34 11, A246 320 34 11","breadcrumb":{"@id":"https:\/\/www.silentblocks.com\/de\/produkt\/vordere-stabilisatorlagerbuchsen-o25-5mm-class-a-w176-b-w246-cla-c117-x117\/#breadcrumb"},"inLanguage":"de","potentialAction":[{"@type":"ReadAction","target":["https:\/\/www.silentblocks.com\/de\/produkt\/vordere-stabilisatorlagerbuchsen-o25-5mm-class-a-w176-b-w246-cla-c117-x117\/"]}]},{"@type":"ImageObject","inLanguage":"de","@id":"https:\/\/www.silentblocks.com\/de\/produkt\/vordere-stabilisatorlagerbuchsen-o25-5mm-class-a-w176-b-w246-cla-c117-x117\/#primaryimage","url":"https:\/\/www.silentblocks.com\/wp-content\/uploads\/2026\/02\/w176-A-246-320-34-11-246-320-34-11-silentbloc-barre-avant-class-a-cla-class-B.jpg","contentUrl":"https:\/\/www.silentblocks.com\/wp-content\/uploads\/2026\/02\/w176-A-246-320-34-11-246-320-34-11-silentbloc-barre-avant-class-a-cla-class-B.jpg","width":1000,"height":1000},{"@type":"BreadcrumbList","@id":"https:\/\/www.silentblocks.com\/de\/produkt\/vordere-stabilisatorlagerbuchsen-o25-5mm-class-a-w176-b-w246-cla-c117-x117\/#breadcrumb","itemListElement":[{"@type":"ListItem","position":1,"name":"In\u00edcio","item":"https:\/\/www.silentblocks.com\/de\/"},{"@type":"ListItem","position":2,"name":"Page boutique","item":"https:\/\/www.silentblocks.com\/shop-2\/"},{"@type":"ListItem","position":3,"name":"Vordere Stabilisatorlagerbuchsen \u00d825.5mm, Class A W176, B W246, CLA C117 X117"}]},{"@type":"WebSite","@id":"https:\/\/www.silentblocks.com\/de\/#website","url":"https:\/\/www.silentblocks.com\/de\/","name":"SILENTBLOCKS","description":"Secure on the road","publisher":{"@id":"https:\/\/www.silentblocks.com\/de\/#organization"},"potentialAction":[{"@type":"SearchAction","target":{"@type":"EntryPoint","urlTemplate":"https:\/\/www.silentblocks.com\/de\/?s={search_term_string}"},"query-input":{"@type":"PropertyValueSpecification","valueRequired":true,"valueName":"search_term_string"}}],"inLanguage":"de"},{"@type":"Organization","@id":"https:\/\/www.silentblocks.com\/de\/#organization","name":"SILENTBLOCKS","url":"https:\/\/www.silentblocks.com\/de\/","logo":{"@type":"ImageObject","inLanguage":"de","@id":"https:\/\/www.silentblocks.com\/de\/#\/schema\/logo\/image\/","url":"https:\/\/www.silentblocks.com\/wp-content\/uploads\/2023\/07\/logo211-sem-fundo_2012-PARA-BOUTIQUE-EBAY.png","contentUrl":"https:\/\/www.silentblocks.com\/wp-content\/uploads\/2023\/07\/logo211-sem-fundo_2012-PARA-BOUTIQUE-EBAY.png","width":300,"height":190,"caption":"SILENTBLOCKS"},"image":{"@id":"https:\/\/www.silentblocks.com\/de\/#\/schema\/logo\/image\/"}}]}},"_links":{"self":[{"href":"https:\/\/www.silentblocks.com\/de\/wp-json\/wp\/v2\/product\/90068","targetHints":{"allow":["GET"]}}],"collection":[{"href":"https:\/\/www.silentblocks.com\/de\/wp-json\/wp\/v2\/product"}],"about":[{"href":"https:\/\/www.silentblocks.com\/de\/wp-json\/wp\/v2\/types\/product"}],"version-history":[{"count":0,"href":"https:\/\/www.silentblocks.com\/de\/wp-json\/wp\/v2\/product\/90068\/revisions"}],"wp:featuredmedia":[{"embeddable":true,"href":"https:\/\/www.silentblocks.com\/de\/wp-json\/wp\/v2\/media\/90065"}],"wp:attachment":[{"href":"https:\/\/www.silentblocks.com\/de\/wp-json\/wp\/v2\/media?parent=90068"}],"wp:term":[{"taxonomy":"product_brand","embeddable":true,"href":"https:\/\/www.silentblocks.com\/de\/wp-json\/wp\/v2\/product_brand?post=90068"},{"taxonomy":"product_cat","embeddable":true,"href":"https:\/\/www.silentblocks.com\/de\/wp-json\/wp\/v2\/product_cat?post=90068"},{"taxonomy":"product_tag","embeddable":true,"href":"https:\/\/www.silentblocks.com\/de\/wp-json\/wp\/v2\/product_tag?post=90068"}],"curies":[{"name":"wp","href":"https:\/\/api.w.org\/{rel}","templated":true}]}}