{"id":90201,"date":"2024-04-24T14:10:19","date_gmt":"2024-04-24T14:10:19","guid":{"rendered":"https:\/\/www.silentblocks.com\/product\/silentblocksatz-fuer-vordere-querlenker-kangoo-ii-megane-ii-zoe-captur-i-clio-iv-grand-scenic-ii\/"},"modified":"2026-02-17T21:41:32","modified_gmt":"2026-02-17T21:41:32","slug":"silentblocksatz-fuer-vordere-querlenker-kangoo-ii-megane-ii-zoe-captur-i-clio-iv-grand-scenic-ii","status":"publish","type":"product","link":"https:\/\/www.silentblocks.com\/de\/produkt\/silentblocksatz-fuer-vordere-querlenker-kangoo-ii-megane-ii-zoe-captur-i-clio-iv-grand-scenic-ii\/","title":{"rendered":"Silentblocksatz f\u00fcr vordere Querlenker, Kangoo II, Megane II, Zoe, Captur I, Clio IV, Grand Scenic II"},"content":{"rendered":"<p>Silentblock-Kit f\u00fcr die unteren vorderen Dreiecksquerlenker, kompatibel mit den folgenden Fahrzeugen:<br \/>\nRenault Captur I<br \/>\nRenault Clio IV<br \/>\nRenault Grand Scenic II<br \/>\nRenault Kangoo II KW0\/1<br \/>\nRenault Kangoo Be Bop KW0\/1<br \/>\nRenault Kangoo Express FW0\/1<br \/>\nRenault Megane II BM0\/1_, CM0\/1_.<br \/>\nRenault Scenic II<br \/>\nRenault Zoe BFM<\/p>\n<p>Herstellerreferenzen (OEM-Code) zur Orientierung :<br \/>\n54 50 401 31R, 54 50 413 27R, 54 50 454 76R, 54 50 468 17R, 54 50 479 54R, 54 50 485 06 R, 54 50 499 68R, 54 50 527 37R, 54 50 552 08R, 54 50 557 08R, 545048510R<\/p>\n<p>Neue Teile, die mit Rechnung verkauft werden. Alle unsere Produkte haben eine Garantie von 2 Jahren.<\/p>\n","protected":false},"excerpt":{"rendered":"<p>Silentblock-Kit f\u00fcr die unteren vorderen Dreiecksquerlenker, kompatibel mit den folgenden Fahrzeugen: Renault Captur I Renault Clio IV Renault Grand Scenic II Renault Kangoo II KW0\/1 Renault Kangoo Be Bop KW0\/1 Renault Kangoo Express FW0\/1 Renault Megane II BM0\/1_, CM0\/1_. Renault Scenic II Renault Zoe BFM Herstellerreferenzen (OEM-Code) zur Orientierung : 54 50 401 31R, 54 [&hellip;]<\/p>\n","protected":false},"featured_media":90197,"template":"","meta":[],"product_brand":[],"product_cat":[2224,3371,3383,4061,3408,1827,3436,3442,3460,3463,4064],"product_tag":[],"class_list":{"0":"post-90201","1":"product","2":"type-product","3":"status-publish","4":"has-post-thumbnail","6":"product_cat-renault-de","7":"product_cat-captur-i-de","8":"product_cat-clio-iv-de","9":"product_cat-grand-scenic-ii-de","10":"product_cat-kangoo-de","11":"product_cat-kangoo-08-de","12":"product_cat-megane-de","13":"product_cat-megane-ii-de","14":"product_cat-scenic-de","15":"product_cat-scenic-ii-de","16":"product_cat-zoe-de","18":"first","19":"instock","20":"shipping-taxable","21":"purchasable","22":"product-type-simple"},"yoast_head":"<!-- This site is optimized with the Yoast SEO Premium plugin v23.0 (Yoast SEO v27.4) - https:\/\/yoast.com\/product\/yoast-seo-premium-wordpress\/ -->\n<title>Silentblocksatz f\u00fcr vordere Querlenker, Kangoo II, Megane II, Zoe, Captur I, Clio IV, Grand Scenic II - SILENT BLOCKS<\/title>\n<meta name=\"description\" content=\"Silentblock-Kit f\u00fcr Dreieckslenker der Vorderradaufh\u00e4ngung f\u00fcr Renault Kangoo II, Megane II, Zoe, Captur I, Clio IV, Grand Scenic II, oem 54 50 401 31R\" \/>\n<meta name=\"robots\" content=\"index, follow, max-snippet:-1, max-image-preview:large, max-video-preview:-1\" \/>\n<link rel=\"canonical\" href=\"https:\/\/www.silentblocks.com\/de\/produkt\/silentblocksatz-fuer-vordere-querlenker-kangoo-ii-megane-ii-zoe-captur-i-clio-iv-grand-scenic-ii\/\" \/>\n<meta property=\"og:locale\" content=\"de_DE\" \/>\n<meta property=\"og:type\" content=\"article\" \/>\n<meta property=\"og:title\" content=\"Silentblocksatz f\u00fcr vordere Querlenker, Kangoo II, Megane II, Zoe, Captur I, Clio IV, Grand Scenic II\" \/>\n<meta property=\"og:description\" content=\"Silentblock-Kit f\u00fcr Dreieckslenker der Vorderradaufh\u00e4ngung f\u00fcr Renault Kangoo II, Megane II, Zoe, Captur I, Clio IV, Grand Scenic II, oem 54 50 401 31R\" \/>\n<meta property=\"og:url\" content=\"https:\/\/www.silentblocks.com\/de\/produkt\/silentblocksatz-fuer-vordere-querlenker-kangoo-ii-megane-ii-zoe-captur-i-clio-iv-grand-scenic-ii\/\" \/>\n<meta property=\"og:site_name\" content=\"SILENT BLOCKS\" \/>\n<meta property=\"article:modified_time\" content=\"2026-02-17T21:41:32+00:00\" \/>\n<meta property=\"og:image\" content=\"https:\/\/www.silentblocks.com\/wp-content\/uploads\/2026\/02\/silentbloc-bras-avant-scenic-1.jpg\" \/>\n\t<meta property=\"og:image:width\" content=\"1000\" \/>\n\t<meta property=\"og:image:height\" content=\"1000\" \/>\n\t<meta property=\"og:image:type\" content=\"image\/jpeg\" \/>\n<meta name=\"twitter:card\" content=\"summary_large_image\" \/>\n<script type=\"application\/ld+json\" class=\"yoast-schema-graph\">{\"@context\":\"https:\\\/\\\/schema.org\",\"@graph\":[{\"@type\":\"WebPage\",\"@id\":\"https:\\\/\\\/www.silentblocks.com\\\/de\\\/produkt\\\/silentblocksatz-fuer-vordere-querlenker-kangoo-ii-megane-ii-zoe-captur-i-clio-iv-grand-scenic-ii\\\/\",\"url\":\"https:\\\/\\\/www.silentblocks.com\\\/de\\\/produkt\\\/silentblocksatz-fuer-vordere-querlenker-kangoo-ii-megane-ii-zoe-captur-i-clio-iv-grand-scenic-ii\\\/\",\"name\":\"Silentblocksatz f\u00fcr vordere Querlenker, Kangoo II, Megane II, Zoe, Captur I, Clio IV, Grand Scenic II - SILENT BLOCKS\",\"isPartOf\":{\"@id\":\"https:\\\/\\\/www.silentblocks.com\\\/de\\\/#website\"},\"primaryImageOfPage\":{\"@id\":\"https:\\\/\\\/www.silentblocks.com\\\/de\\\/produkt\\\/silentblocksatz-fuer-vordere-querlenker-kangoo-ii-megane-ii-zoe-captur-i-clio-iv-grand-scenic-ii\\\/#primaryimage\"},\"image\":{\"@id\":\"https:\\\/\\\/www.silentblocks.com\\\/de\\\/produkt\\\/silentblocksatz-fuer-vordere-querlenker-kangoo-ii-megane-ii-zoe-captur-i-clio-iv-grand-scenic-ii\\\/#primaryimage\"},\"thumbnailUrl\":\"https:\\\/\\\/www.silentblocks.com\\\/wp-content\\\/uploads\\\/2026\\\/02\\\/silentbloc-bras-avant-scenic-1.jpg\",\"datePublished\":\"2024-04-24T14:10:19+00:00\",\"dateModified\":\"2026-02-17T21:41:32+00:00\",\"description\":\"Silentblock-Kit f\u00fcr Dreieckslenker der Vorderradaufh\u00e4ngung f\u00fcr Renault Kangoo II, Megane II, Zoe, Captur I, Clio IV, Grand Scenic II, oem 54 50 401 31R\",\"breadcrumb\":{\"@id\":\"https:\\\/\\\/www.silentblocks.com\\\/de\\\/produkt\\\/silentblocksatz-fuer-vordere-querlenker-kangoo-ii-megane-ii-zoe-captur-i-clio-iv-grand-scenic-ii\\\/#breadcrumb\"},\"inLanguage\":\"de\",\"potentialAction\":[{\"@type\":\"ReadAction\",\"target\":[\"https:\\\/\\\/www.silentblocks.com\\\/de\\\/produkt\\\/silentblocksatz-fuer-vordere-querlenker-kangoo-ii-megane-ii-zoe-captur-i-clio-iv-grand-scenic-ii\\\/\"]}]},{\"@type\":\"ImageObject\",\"inLanguage\":\"de\",\"@id\":\"https:\\\/\\\/www.silentblocks.com\\\/de\\\/produkt\\\/silentblocksatz-fuer-vordere-querlenker-kangoo-ii-megane-ii-zoe-captur-i-clio-iv-grand-scenic-ii\\\/#primaryimage\",\"url\":\"https:\\\/\\\/www.silentblocks.com\\\/wp-content\\\/uploads\\\/2026\\\/02\\\/silentbloc-bras-avant-scenic-1.jpg\",\"contentUrl\":\"https:\\\/\\\/www.silentblocks.com\\\/wp-content\\\/uploads\\\/2026\\\/02\\\/silentbloc-bras-avant-scenic-1.jpg\",\"width\":1000,\"height\":1000},{\"@type\":\"BreadcrumbList\",\"@id\":\"https:\\\/\\\/www.silentblocks.com\\\/de\\\/produkt\\\/silentblocksatz-fuer-vordere-querlenker-kangoo-ii-megane-ii-zoe-captur-i-clio-iv-grand-scenic-ii\\\/#breadcrumb\",\"itemListElement\":[{\"@type\":\"ListItem\",\"position\":1,\"name\":\"In\u00edcio\",\"item\":\"https:\\\/\\\/www.silentblocks.com\\\/de\\\/\"},{\"@type\":\"ListItem\",\"position\":2,\"name\":\"Page boutique\",\"item\":\"https:\\\/\\\/www.silentblocks.com\\\/shop-2\\\/\"},{\"@type\":\"ListItem\",\"position\":3,\"name\":\"Silentblocksatz f\u00fcr vordere Querlenker, Kangoo II, Megane II, Zoe, Captur I, Clio IV, Grand Scenic II\"}]},{\"@type\":\"WebSite\",\"@id\":\"https:\\\/\\\/www.silentblocks.com\\\/de\\\/#website\",\"url\":\"https:\\\/\\\/www.silentblocks.com\\\/de\\\/\",\"name\":\"SILENTBLOCKS\",\"description\":\"Secure on the road\",\"publisher\":{\"@id\":\"https:\\\/\\\/www.silentblocks.com\\\/de\\\/#organization\"},\"potentialAction\":[{\"@type\":\"SearchAction\",\"target\":{\"@type\":\"EntryPoint\",\"urlTemplate\":\"https:\\\/\\\/www.silentblocks.com\\\/de\\\/?s={search_term_string}\"},\"query-input\":{\"@type\":\"PropertyValueSpecification\",\"valueRequired\":true,\"valueName\":\"search_term_string\"}}],\"inLanguage\":\"de\"},{\"@type\":\"Organization\",\"@id\":\"https:\\\/\\\/www.silentblocks.com\\\/de\\\/#organization\",\"name\":\"SILENTBLOCKS\",\"url\":\"https:\\\/\\\/www.silentblocks.com\\\/de\\\/\",\"logo\":{\"@type\":\"ImageObject\",\"inLanguage\":\"de\",\"@id\":\"https:\\\/\\\/www.silentblocks.com\\\/de\\\/#\\\/schema\\\/logo\\\/image\\\/\",\"url\":\"https:\\\/\\\/www.silentblocks.com\\\/wp-content\\\/uploads\\\/2023\\\/07\\\/logo211-sem-fundo_2012-PARA-BOUTIQUE-EBAY.png\",\"contentUrl\":\"https:\\\/\\\/www.silentblocks.com\\\/wp-content\\\/uploads\\\/2023\\\/07\\\/logo211-sem-fundo_2012-PARA-BOUTIQUE-EBAY.png\",\"width\":300,\"height\":190,\"caption\":\"SILENTBLOCKS\"},\"image\":{\"@id\":\"https:\\\/\\\/www.silentblocks.com\\\/de\\\/#\\\/schema\\\/logo\\\/image\\\/\"}}]}<\/script>\n<!-- \/ Yoast SEO Premium plugin. -->","yoast_head_json":{"title":"Silentblocksatz f\u00fcr vordere Querlenker, Kangoo II, Megane II, Zoe, Captur I, Clio IV, Grand Scenic II - SILENT BLOCKS","description":"Silentblock-Kit f\u00fcr Dreieckslenker der Vorderradaufh\u00e4ngung f\u00fcr Renault Kangoo II, Megane II, Zoe, Captur I, Clio IV, Grand Scenic II, oem 54 50 401 31R","robots":{"index":"index","follow":"follow","max-snippet":"max-snippet:-1","max-image-preview":"max-image-preview:large","max-video-preview":"max-video-preview:-1"},"canonical":"https:\/\/www.silentblocks.com\/de\/produkt\/silentblocksatz-fuer-vordere-querlenker-kangoo-ii-megane-ii-zoe-captur-i-clio-iv-grand-scenic-ii\/","og_locale":"de_DE","og_type":"article","og_title":"Silentblocksatz f\u00fcr vordere Querlenker, Kangoo II, Megane II, Zoe, Captur I, Clio IV, Grand Scenic II","og_description":"Silentblock-Kit f\u00fcr Dreieckslenker der Vorderradaufh\u00e4ngung f\u00fcr Renault Kangoo II, Megane II, Zoe, Captur I, Clio IV, Grand Scenic II, oem 54 50 401 31R","og_url":"https:\/\/www.silentblocks.com\/de\/produkt\/silentblocksatz-fuer-vordere-querlenker-kangoo-ii-megane-ii-zoe-captur-i-clio-iv-grand-scenic-ii\/","og_site_name":"SILENT BLOCKS","article_modified_time":"2026-02-17T21:41:32+00:00","og_image":[{"width":1000,"height":1000,"url":"https:\/\/www.silentblocks.com\/wp-content\/uploads\/2026\/02\/silentbloc-bras-avant-scenic-1.jpg","type":"image\/jpeg"}],"twitter_card":"summary_large_image","schema":{"@context":"https:\/\/schema.org","@graph":[{"@type":"WebPage","@id":"https:\/\/www.silentblocks.com\/de\/produkt\/silentblocksatz-fuer-vordere-querlenker-kangoo-ii-megane-ii-zoe-captur-i-clio-iv-grand-scenic-ii\/","url":"https:\/\/www.silentblocks.com\/de\/produkt\/silentblocksatz-fuer-vordere-querlenker-kangoo-ii-megane-ii-zoe-captur-i-clio-iv-grand-scenic-ii\/","name":"Silentblocksatz f\u00fcr vordere Querlenker, Kangoo II, Megane II, Zoe, Captur I, Clio IV, Grand Scenic II - SILENT BLOCKS","isPartOf":{"@id":"https:\/\/www.silentblocks.com\/de\/#website"},"primaryImageOfPage":{"@id":"https:\/\/www.silentblocks.com\/de\/produkt\/silentblocksatz-fuer-vordere-querlenker-kangoo-ii-megane-ii-zoe-captur-i-clio-iv-grand-scenic-ii\/#primaryimage"},"image":{"@id":"https:\/\/www.silentblocks.com\/de\/produkt\/silentblocksatz-fuer-vordere-querlenker-kangoo-ii-megane-ii-zoe-captur-i-clio-iv-grand-scenic-ii\/#primaryimage"},"thumbnailUrl":"https:\/\/www.silentblocks.com\/wp-content\/uploads\/2026\/02\/silentbloc-bras-avant-scenic-1.jpg","datePublished":"2024-04-24T14:10:19+00:00","dateModified":"2026-02-17T21:41:32+00:00","description":"Silentblock-Kit f\u00fcr Dreieckslenker der Vorderradaufh\u00e4ngung f\u00fcr Renault Kangoo II, Megane II, Zoe, Captur I, Clio IV, Grand Scenic II, oem 54 50 401 31R","breadcrumb":{"@id":"https:\/\/www.silentblocks.com\/de\/produkt\/silentblocksatz-fuer-vordere-querlenker-kangoo-ii-megane-ii-zoe-captur-i-clio-iv-grand-scenic-ii\/#breadcrumb"},"inLanguage":"de","potentialAction":[{"@type":"ReadAction","target":["https:\/\/www.silentblocks.com\/de\/produkt\/silentblocksatz-fuer-vordere-querlenker-kangoo-ii-megane-ii-zoe-captur-i-clio-iv-grand-scenic-ii\/"]}]},{"@type":"ImageObject","inLanguage":"de","@id":"https:\/\/www.silentblocks.com\/de\/produkt\/silentblocksatz-fuer-vordere-querlenker-kangoo-ii-megane-ii-zoe-captur-i-clio-iv-grand-scenic-ii\/#primaryimage","url":"https:\/\/www.silentblocks.com\/wp-content\/uploads\/2026\/02\/silentbloc-bras-avant-scenic-1.jpg","contentUrl":"https:\/\/www.silentblocks.com\/wp-content\/uploads\/2026\/02\/silentbloc-bras-avant-scenic-1.jpg","width":1000,"height":1000},{"@type":"BreadcrumbList","@id":"https:\/\/www.silentblocks.com\/de\/produkt\/silentblocksatz-fuer-vordere-querlenker-kangoo-ii-megane-ii-zoe-captur-i-clio-iv-grand-scenic-ii\/#breadcrumb","itemListElement":[{"@type":"ListItem","position":1,"name":"In\u00edcio","item":"https:\/\/www.silentblocks.com\/de\/"},{"@type":"ListItem","position":2,"name":"Page boutique","item":"https:\/\/www.silentblocks.com\/shop-2\/"},{"@type":"ListItem","position":3,"name":"Silentblocksatz f\u00fcr vordere Querlenker, Kangoo II, Megane II, Zoe, Captur I, Clio IV, Grand Scenic II"}]},{"@type":"WebSite","@id":"https:\/\/www.silentblocks.com\/de\/#website","url":"https:\/\/www.silentblocks.com\/de\/","name":"SILENTBLOCKS","description":"Secure on the road","publisher":{"@id":"https:\/\/www.silentblocks.com\/de\/#organization"},"potentialAction":[{"@type":"SearchAction","target":{"@type":"EntryPoint","urlTemplate":"https:\/\/www.silentblocks.com\/de\/?s={search_term_string}"},"query-input":{"@type":"PropertyValueSpecification","valueRequired":true,"valueName":"search_term_string"}}],"inLanguage":"de"},{"@type":"Organization","@id":"https:\/\/www.silentblocks.com\/de\/#organization","name":"SILENTBLOCKS","url":"https:\/\/www.silentblocks.com\/de\/","logo":{"@type":"ImageObject","inLanguage":"de","@id":"https:\/\/www.silentblocks.com\/de\/#\/schema\/logo\/image\/","url":"https:\/\/www.silentblocks.com\/wp-content\/uploads\/2023\/07\/logo211-sem-fundo_2012-PARA-BOUTIQUE-EBAY.png","contentUrl":"https:\/\/www.silentblocks.com\/wp-content\/uploads\/2023\/07\/logo211-sem-fundo_2012-PARA-BOUTIQUE-EBAY.png","width":300,"height":190,"caption":"SILENTBLOCKS"},"image":{"@id":"https:\/\/www.silentblocks.com\/de\/#\/schema\/logo\/image\/"}}]}},"_links":{"self":[{"href":"https:\/\/www.silentblocks.com\/de\/wp-json\/wp\/v2\/product\/90201","targetHints":{"allow":["GET"]}}],"collection":[{"href":"https:\/\/www.silentblocks.com\/de\/wp-json\/wp\/v2\/product"}],"about":[{"href":"https:\/\/www.silentblocks.com\/de\/wp-json\/wp\/v2\/types\/product"}],"version-history":[{"count":0,"href":"https:\/\/www.silentblocks.com\/de\/wp-json\/wp\/v2\/product\/90201\/revisions"}],"wp:featuredmedia":[{"embeddable":true,"href":"https:\/\/www.silentblocks.com\/de\/wp-json\/wp\/v2\/media\/90197"}],"wp:attachment":[{"href":"https:\/\/www.silentblocks.com\/de\/wp-json\/wp\/v2\/media?parent=90201"}],"wp:term":[{"taxonomy":"product_brand","embeddable":true,"href":"https:\/\/www.silentblocks.com\/de\/wp-json\/wp\/v2\/product_brand?post=90201"},{"taxonomy":"product_cat","embeddable":true,"href":"https:\/\/www.silentblocks.com\/de\/wp-json\/wp\/v2\/product_cat?post=90201"},{"taxonomy":"product_tag","embeddable":true,"href":"https:\/\/www.silentblocks.com\/de\/wp-json\/wp\/v2\/product_tag?post=90201"}],"curies":[{"name":"wp","href":"https:\/\/api.w.org\/{rel}","templated":true}]}}