{"id":90480,"date":"2024-05-04T15:08:04","date_gmt":"2024-05-04T15:08:04","guid":{"rendered":"https:\/\/www.silentblocks.com\/product\/tuerstopper-hinten-fuer-toyota-rav4\/"},"modified":"2026-02-17T21:42:11","modified_gmt":"2026-02-17T21:42:11","slug":"tuerstopper-hinten-fuer-toyota-rav4","status":"publish","type":"product","link":"https:\/\/www.silentblocks.com\/de\/produkt\/tuerstopper-hinten-fuer-toyota-rav4\/","title":{"rendered":"T\u00fcrstopper hinten f\u00fcr Toyota RAV4"},"content":{"rendered":"<p>5 T\u00fcrstopper hinten, passend f\u00fcr die folgenden Fahrzeuge:<br \/>\nToyota RAV 4, RAV 4 \/ VANGUARD, RAV 4 III (_A3_)<br \/>\nToyota (FAW) RAV4 (2009-2020)<\/p>\n<p>Herstellerreferenzen (OEM-Code) zur Orientierung :<br \/>\n90541-09108, 9054109108<\/p>\n<p>Neue Teile, die mit Rechnung verkauft werden. Alle unsere Produkte haben eine Garantie von 2 Jahren.<\/p>\n","protected":false},"excerpt":{"rendered":"<p>5 T\u00fcrstopper hinten, passend f\u00fcr die folgenden Fahrzeuge: Toyota RAV 4, RAV 4 \/ VANGUARD, RAV 4 III (_A3_) Toyota (FAW) RAV4 (2009-2020) Herstellerreferenzen (OEM-Code) zur Orientierung : 90541-09108, 9054109108 Neue Teile, die mit Rechnung verkauft werden. Alle unsere Produkte haben eine Garantie von 2 Jahren.<\/p>\n","protected":false},"featured_media":90477,"template":"","meta":[],"product_brand":[],"product_cat":[2248,3681,3687,3691],"product_tag":[],"class_list":{"0":"post-90480","1":"product","2":"type-product","3":"status-publish","4":"has-post-thumbnail","6":"product_cat-toyota-de","7":"product_cat-rav4-de","8":"product_cat-rav4-05-13-de","9":"product_cat-rav4-2013-de","11":"first","12":"instock","13":"shipping-taxable","14":"purchasable","15":"product-type-simple"},"yoast_head":"<!-- This site is optimized with the Yoast SEO Premium plugin v23.0 (Yoast SEO v27.4) - https:\/\/yoast.com\/product\/yoast-seo-premium-wordpress\/ -->\n<title>T\u00fcrstopper hinten f\u00fcr Toyota RAV4 - SILENT BLOCKS<\/title>\n<meta name=\"description\" content=\"T\u00fcrstopper hinten f\u00fcr Toyota RAV4, kompatibel mit oem 90541-09108, 9054109108\" \/>\n<meta name=\"robots\" content=\"index, follow, max-snippet:-1, max-image-preview:large, max-video-preview:-1\" \/>\n<link rel=\"canonical\" href=\"https:\/\/www.silentblocks.com\/de\/produkt\/tuerstopper-hinten-fuer-toyota-rav4\/\" \/>\n<meta property=\"og:locale\" content=\"de_DE\" \/>\n<meta property=\"og:type\" content=\"article\" \/>\n<meta property=\"og:title\" content=\"T\u00fcrstopper hinten f\u00fcr Toyota RAV4\" \/>\n<meta property=\"og:description\" content=\"T\u00fcrstopper hinten f\u00fcr Toyota RAV4, kompatibel mit oem 90541-09108, 9054109108\" \/>\n<meta property=\"og:url\" content=\"https:\/\/www.silentblocks.com\/de\/produkt\/tuerstopper-hinten-fuer-toyota-rav4\/\" \/>\n<meta property=\"og:site_name\" content=\"SILENT BLOCKS\" \/>\n<meta property=\"article:modified_time\" content=\"2026-02-17T21:42:11+00:00\" \/>\n<meta property=\"og:image\" content=\"https:\/\/www.silentblocks.com\/wp-content\/uploads\/2026\/02\/90541-09108-TOYOTA-9054109108-butee-coffre-rav4.jpg\" \/>\n\t<meta property=\"og:image:width\" content=\"1000\" \/>\n\t<meta property=\"og:image:height\" content=\"1000\" \/>\n\t<meta property=\"og:image:type\" content=\"image\/jpeg\" \/>\n<meta name=\"twitter:card\" content=\"summary_large_image\" \/>\n<script type=\"application\/ld+json\" class=\"yoast-schema-graph\">{\"@context\":\"https:\\\/\\\/schema.org\",\"@graph\":[{\"@type\":\"WebPage\",\"@id\":\"https:\\\/\\\/www.silentblocks.com\\\/de\\\/produkt\\\/tuerstopper-hinten-fuer-toyota-rav4\\\/\",\"url\":\"https:\\\/\\\/www.silentblocks.com\\\/de\\\/produkt\\\/tuerstopper-hinten-fuer-toyota-rav4\\\/\",\"name\":\"T\u00fcrstopper hinten f\u00fcr Toyota RAV4 - SILENT BLOCKS\",\"isPartOf\":{\"@id\":\"https:\\\/\\\/www.silentblocks.com\\\/de\\\/#website\"},\"primaryImageOfPage\":{\"@id\":\"https:\\\/\\\/www.silentblocks.com\\\/de\\\/produkt\\\/tuerstopper-hinten-fuer-toyota-rav4\\\/#primaryimage\"},\"image\":{\"@id\":\"https:\\\/\\\/www.silentblocks.com\\\/de\\\/produkt\\\/tuerstopper-hinten-fuer-toyota-rav4\\\/#primaryimage\"},\"thumbnailUrl\":\"https:\\\/\\\/www.silentblocks.com\\\/wp-content\\\/uploads\\\/2026\\\/02\\\/90541-09108-TOYOTA-9054109108-butee-coffre-rav4.jpg\",\"datePublished\":\"2024-05-04T15:08:04+00:00\",\"dateModified\":\"2026-02-17T21:42:11+00:00\",\"description\":\"T\u00fcrstopper hinten f\u00fcr Toyota RAV4, kompatibel mit oem 90541-09108, 9054109108\",\"breadcrumb\":{\"@id\":\"https:\\\/\\\/www.silentblocks.com\\\/de\\\/produkt\\\/tuerstopper-hinten-fuer-toyota-rav4\\\/#breadcrumb\"},\"inLanguage\":\"de\",\"potentialAction\":[{\"@type\":\"ReadAction\",\"target\":[\"https:\\\/\\\/www.silentblocks.com\\\/de\\\/produkt\\\/tuerstopper-hinten-fuer-toyota-rav4\\\/\"]}]},{\"@type\":\"ImageObject\",\"inLanguage\":\"de\",\"@id\":\"https:\\\/\\\/www.silentblocks.com\\\/de\\\/produkt\\\/tuerstopper-hinten-fuer-toyota-rav4\\\/#primaryimage\",\"url\":\"https:\\\/\\\/www.silentblocks.com\\\/wp-content\\\/uploads\\\/2026\\\/02\\\/90541-09108-TOYOTA-9054109108-butee-coffre-rav4.jpg\",\"contentUrl\":\"https:\\\/\\\/www.silentblocks.com\\\/wp-content\\\/uploads\\\/2026\\\/02\\\/90541-09108-TOYOTA-9054109108-butee-coffre-rav4.jpg\",\"width\":1000,\"height\":1000},{\"@type\":\"BreadcrumbList\",\"@id\":\"https:\\\/\\\/www.silentblocks.com\\\/de\\\/produkt\\\/tuerstopper-hinten-fuer-toyota-rav4\\\/#breadcrumb\",\"itemListElement\":[{\"@type\":\"ListItem\",\"position\":1,\"name\":\"In\u00edcio\",\"item\":\"https:\\\/\\\/www.silentblocks.com\\\/de\\\/\"},{\"@type\":\"ListItem\",\"position\":2,\"name\":\"Page boutique\",\"item\":\"https:\\\/\\\/www.silentblocks.com\\\/shop-2\\\/\"},{\"@type\":\"ListItem\",\"position\":3,\"name\":\"T\u00fcrstopper hinten f\u00fcr Toyota RAV4\"}]},{\"@type\":\"WebSite\",\"@id\":\"https:\\\/\\\/www.silentblocks.com\\\/de\\\/#website\",\"url\":\"https:\\\/\\\/www.silentblocks.com\\\/de\\\/\",\"name\":\"SILENTBLOCKS\",\"description\":\"Secure on the road\",\"publisher\":{\"@id\":\"https:\\\/\\\/www.silentblocks.com\\\/de\\\/#organization\"},\"potentialAction\":[{\"@type\":\"SearchAction\",\"target\":{\"@type\":\"EntryPoint\",\"urlTemplate\":\"https:\\\/\\\/www.silentblocks.com\\\/de\\\/?s={search_term_string}\"},\"query-input\":{\"@type\":\"PropertyValueSpecification\",\"valueRequired\":true,\"valueName\":\"search_term_string\"}}],\"inLanguage\":\"de\"},{\"@type\":\"Organization\",\"@id\":\"https:\\\/\\\/www.silentblocks.com\\\/de\\\/#organization\",\"name\":\"SILENTBLOCKS\",\"url\":\"https:\\\/\\\/www.silentblocks.com\\\/de\\\/\",\"logo\":{\"@type\":\"ImageObject\",\"inLanguage\":\"de\",\"@id\":\"https:\\\/\\\/www.silentblocks.com\\\/de\\\/#\\\/schema\\\/logo\\\/image\\\/\",\"url\":\"https:\\\/\\\/www.silentblocks.com\\\/wp-content\\\/uploads\\\/2023\\\/07\\\/logo211-sem-fundo_2012-PARA-BOUTIQUE-EBAY.png\",\"contentUrl\":\"https:\\\/\\\/www.silentblocks.com\\\/wp-content\\\/uploads\\\/2023\\\/07\\\/logo211-sem-fundo_2012-PARA-BOUTIQUE-EBAY.png\",\"width\":300,\"height\":190,\"caption\":\"SILENTBLOCKS\"},\"image\":{\"@id\":\"https:\\\/\\\/www.silentblocks.com\\\/de\\\/#\\\/schema\\\/logo\\\/image\\\/\"}}]}<\/script>\n<!-- \/ Yoast SEO Premium plugin. -->","yoast_head_json":{"title":"T\u00fcrstopper hinten f\u00fcr Toyota RAV4 - SILENT BLOCKS","description":"T\u00fcrstopper hinten f\u00fcr Toyota RAV4, kompatibel mit oem 90541-09108, 9054109108","robots":{"index":"index","follow":"follow","max-snippet":"max-snippet:-1","max-image-preview":"max-image-preview:large","max-video-preview":"max-video-preview:-1"},"canonical":"https:\/\/www.silentblocks.com\/de\/produkt\/tuerstopper-hinten-fuer-toyota-rav4\/","og_locale":"de_DE","og_type":"article","og_title":"T\u00fcrstopper hinten f\u00fcr Toyota RAV4","og_description":"T\u00fcrstopper hinten f\u00fcr Toyota RAV4, kompatibel mit oem 90541-09108, 9054109108","og_url":"https:\/\/www.silentblocks.com\/de\/produkt\/tuerstopper-hinten-fuer-toyota-rav4\/","og_site_name":"SILENT BLOCKS","article_modified_time":"2026-02-17T21:42:11+00:00","og_image":[{"width":1000,"height":1000,"url":"https:\/\/www.silentblocks.com\/wp-content\/uploads\/2026\/02\/90541-09108-TOYOTA-9054109108-butee-coffre-rav4.jpg","type":"image\/jpeg"}],"twitter_card":"summary_large_image","schema":{"@context":"https:\/\/schema.org","@graph":[{"@type":"WebPage","@id":"https:\/\/www.silentblocks.com\/de\/produkt\/tuerstopper-hinten-fuer-toyota-rav4\/","url":"https:\/\/www.silentblocks.com\/de\/produkt\/tuerstopper-hinten-fuer-toyota-rav4\/","name":"T\u00fcrstopper hinten f\u00fcr Toyota RAV4 - SILENT BLOCKS","isPartOf":{"@id":"https:\/\/www.silentblocks.com\/de\/#website"},"primaryImageOfPage":{"@id":"https:\/\/www.silentblocks.com\/de\/produkt\/tuerstopper-hinten-fuer-toyota-rav4\/#primaryimage"},"image":{"@id":"https:\/\/www.silentblocks.com\/de\/produkt\/tuerstopper-hinten-fuer-toyota-rav4\/#primaryimage"},"thumbnailUrl":"https:\/\/www.silentblocks.com\/wp-content\/uploads\/2026\/02\/90541-09108-TOYOTA-9054109108-butee-coffre-rav4.jpg","datePublished":"2024-05-04T15:08:04+00:00","dateModified":"2026-02-17T21:42:11+00:00","description":"T\u00fcrstopper hinten f\u00fcr Toyota RAV4, kompatibel mit oem 90541-09108, 9054109108","breadcrumb":{"@id":"https:\/\/www.silentblocks.com\/de\/produkt\/tuerstopper-hinten-fuer-toyota-rav4\/#breadcrumb"},"inLanguage":"de","potentialAction":[{"@type":"ReadAction","target":["https:\/\/www.silentblocks.com\/de\/produkt\/tuerstopper-hinten-fuer-toyota-rav4\/"]}]},{"@type":"ImageObject","inLanguage":"de","@id":"https:\/\/www.silentblocks.com\/de\/produkt\/tuerstopper-hinten-fuer-toyota-rav4\/#primaryimage","url":"https:\/\/www.silentblocks.com\/wp-content\/uploads\/2026\/02\/90541-09108-TOYOTA-9054109108-butee-coffre-rav4.jpg","contentUrl":"https:\/\/www.silentblocks.com\/wp-content\/uploads\/2026\/02\/90541-09108-TOYOTA-9054109108-butee-coffre-rav4.jpg","width":1000,"height":1000},{"@type":"BreadcrumbList","@id":"https:\/\/www.silentblocks.com\/de\/produkt\/tuerstopper-hinten-fuer-toyota-rav4\/#breadcrumb","itemListElement":[{"@type":"ListItem","position":1,"name":"In\u00edcio","item":"https:\/\/www.silentblocks.com\/de\/"},{"@type":"ListItem","position":2,"name":"Page boutique","item":"https:\/\/www.silentblocks.com\/shop-2\/"},{"@type":"ListItem","position":3,"name":"T\u00fcrstopper hinten f\u00fcr Toyota RAV4"}]},{"@type":"WebSite","@id":"https:\/\/www.silentblocks.com\/de\/#website","url":"https:\/\/www.silentblocks.com\/de\/","name":"SILENTBLOCKS","description":"Secure on the road","publisher":{"@id":"https:\/\/www.silentblocks.com\/de\/#organization"},"potentialAction":[{"@type":"SearchAction","target":{"@type":"EntryPoint","urlTemplate":"https:\/\/www.silentblocks.com\/de\/?s={search_term_string}"},"query-input":{"@type":"PropertyValueSpecification","valueRequired":true,"valueName":"search_term_string"}}],"inLanguage":"de"},{"@type":"Organization","@id":"https:\/\/www.silentblocks.com\/de\/#organization","name":"SILENTBLOCKS","url":"https:\/\/www.silentblocks.com\/de\/","logo":{"@type":"ImageObject","inLanguage":"de","@id":"https:\/\/www.silentblocks.com\/de\/#\/schema\/logo\/image\/","url":"https:\/\/www.silentblocks.com\/wp-content\/uploads\/2023\/07\/logo211-sem-fundo_2012-PARA-BOUTIQUE-EBAY.png","contentUrl":"https:\/\/www.silentblocks.com\/wp-content\/uploads\/2023\/07\/logo211-sem-fundo_2012-PARA-BOUTIQUE-EBAY.png","width":300,"height":190,"caption":"SILENTBLOCKS"},"image":{"@id":"https:\/\/www.silentblocks.com\/de\/#\/schema\/logo\/image\/"}}]}},"_links":{"self":[{"href":"https:\/\/www.silentblocks.com\/de\/wp-json\/wp\/v2\/product\/90480","targetHints":{"allow":["GET"]}}],"collection":[{"href":"https:\/\/www.silentblocks.com\/de\/wp-json\/wp\/v2\/product"}],"about":[{"href":"https:\/\/www.silentblocks.com\/de\/wp-json\/wp\/v2\/types\/product"}],"version-history":[{"count":0,"href":"https:\/\/www.silentblocks.com\/de\/wp-json\/wp\/v2\/product\/90480\/revisions"}],"wp:featuredmedia":[{"embeddable":true,"href":"https:\/\/www.silentblocks.com\/de\/wp-json\/wp\/v2\/media\/90477"}],"wp:attachment":[{"href":"https:\/\/www.silentblocks.com\/de\/wp-json\/wp\/v2\/media?parent=90480"}],"wp:term":[{"taxonomy":"product_brand","embeddable":true,"href":"https:\/\/www.silentblocks.com\/de\/wp-json\/wp\/v2\/product_brand?post=90480"},{"taxonomy":"product_cat","embeddable":true,"href":"https:\/\/www.silentblocks.com\/de\/wp-json\/wp\/v2\/product_cat?post=90480"},{"taxonomy":"product_tag","embeddable":true,"href":"https:\/\/www.silentblocks.com\/de\/wp-json\/wp\/v2\/product_tag?post=90480"}],"curies":[{"name":"wp","href":"https:\/\/api.w.org\/{rel}","templated":true}]}}