{"id":91405,"date":"2024-06-01T15:06:08","date_gmt":"2024-06-01T15:06:08","guid":{"rendered":"https:\/\/www.silentblocks.com\/product\/buchse-des-traegers-des-schalthebels-bmw\/"},"modified":"2026-02-17T21:44:15","modified_gmt":"2026-02-17T21:44:15","slug":"buchse-des-traegers-des-schalthebels-bmw","status":"publish","type":"product","link":"https:\/\/www.silentblocks.com\/de\/produkt\/buchse-des-traegers-des-schalthebels-bmw\/","title":{"rendered":"Buchse des Tr\u00e4gers des Schalthebels, BMW"},"content":{"rendered":"<p>Silentbloc f\u00fcr die Halterung des Schalthebels, passend f\u00fcr die folgenden Fahrzeuge:<br \/>\nBMW 1er 125i F20 2015-<br \/>\nBMW Serie 1 E81 2006-2008<br \/>\nBMW Serie 2 218d, 220d, 228iF22, F87 2012-2014<br \/>\nBMW Serie 3 F34, E36, E46, E90, E91, E92, E93 2004-.<br \/>\nBMW Serie 3 F30, F80 2014-2018<br \/>\nBMW Serie 5 E60<br \/>\nBMW Serie 6 F12, F13, E63, E64<br \/>\nBMW Serie 7 E38 1994-2001<br \/>\nBMW Serie 8 E31 1990-1999<br \/>\nBMW Z3 E36 1995-2003<\/p>\n<p>Referenzen des Herstellers (OEM-Code) zur Orientierung :<br \/>\n25111222015<\/p>\n<p>Neue Teile, die mit Rechnung verkauft werden. Alle unsere Produkte haben eine Garantie von 2 Jahren.<\/p>\n","protected":false},"excerpt":{"rendered":"<p>Silentbloc f\u00fcr die Halterung des Schalthebels, passend f\u00fcr die folgenden Fahrzeuge: BMW 1er 125i F20 2015- BMW Serie 1 E81 2006-2008 BMW Serie 2 218d, 220d, 228iF22, F87 2012-2014 BMW Serie 3 F34, E36, E46, E90, E91, E92, E93 2004-. BMW Serie 3 F30, F80 2014-2018 BMW Serie 5 E60 BMW Serie 6 F12, F13, [&hellip;]<\/p>\n","protected":false},"featured_media":135704,"template":"","meta":[],"product_brand":[],"product_cat":[2131,2302,1904,2305,1877,1879,1897,2359,2363,4136,1898,1900,1902],"product_tag":[],"class_list":{"0":"post-91405","1":"product","2":"type-product","3":"status-publish","4":"has-post-thumbnail","6":"product_cat-bmw-de","7":"product_cat-bmw-serie-1","8":"product_cat-bmw-serie-1-e81-de","9":"product_cat-bmw-1er-serie-f20","10":"product_cat-serie-3-e36-de","11":"product_cat-serie-3-e46-de","12":"product_cat-serie-3-e90-e91-e92-e93-de","13":"product_cat-serie-3-f30-de","14":"product_cat-serie-5-e60-e61-2003-2010-de","15":"product_cat-serie-6-f06-f12-f13-de","16":"product_cat-serie-7-e38-1994-2001-de","17":"product_cat-serie-8-e31-de","18":"product_cat-z3-de","20":"first","21":"instock","22":"shipping-taxable","23":"purchasable","24":"product-type-simple"},"yoast_head":"<!-- This site is optimized with the Yoast SEO Premium plugin v23.0 (Yoast SEO v27.4) - https:\/\/yoast.com\/product\/yoast-seo-premium-wordpress\/ -->\n<title>Buchse des Tr\u00e4gers des Schalthebels, BMW - SILENT BLOCKS<\/title>\n<meta name=\"description\" content=\"Silentblock der Schalthebelhalterung, BMW, oem 25111222015\" \/>\n<meta name=\"robots\" content=\"index, follow, max-snippet:-1, max-image-preview:large, max-video-preview:-1\" \/>\n<link rel=\"canonical\" href=\"https:\/\/www.silentblocks.com\/de\/produkt\/buchse-des-traegers-des-schalthebels-bmw\/\" \/>\n<meta property=\"og:locale\" content=\"de_DE\" \/>\n<meta property=\"og:type\" content=\"article\" \/>\n<meta property=\"og:title\" content=\"Buchse des Tr\u00e4gers des Schalthebels, BMW\" \/>\n<meta property=\"og:description\" content=\"Silentblock der Schalthebelhalterung, BMW, oem 25111222015\" \/>\n<meta property=\"og:url\" content=\"https:\/\/www.silentblocks.com\/de\/produkt\/buchse-des-traegers-des-schalthebels-bmw\/\" \/>\n<meta property=\"og:site_name\" content=\"SILENT BLOCKS\" \/>\n<meta property=\"article:modified_time\" content=\"2026-02-17T21:44:15+00:00\" \/>\n<meta property=\"og:image\" content=\"https:\/\/www.silentblocks.com\/wp-content\/uploads\/2024\/06\/SILENTBLOC-LEVIER-VITESSE-BMW-1.jpg\" \/>\n\t<meta property=\"og:image:width\" content=\"1024\" \/>\n\t<meta property=\"og:image:height\" content=\"1024\" \/>\n\t<meta property=\"og:image:type\" content=\"image\/jpeg\" \/>\n<meta name=\"twitter:card\" content=\"summary_large_image\" \/>\n<script type=\"application\/ld+json\" class=\"yoast-schema-graph\">{\"@context\":\"https:\\\/\\\/schema.org\",\"@graph\":[{\"@type\":\"WebPage\",\"@id\":\"https:\\\/\\\/www.silentblocks.com\\\/de\\\/produkt\\\/buchse-des-traegers-des-schalthebels-bmw\\\/\",\"url\":\"https:\\\/\\\/www.silentblocks.com\\\/de\\\/produkt\\\/buchse-des-traegers-des-schalthebels-bmw\\\/\",\"name\":\"Buchse des Tr\u00e4gers des Schalthebels, BMW - SILENT BLOCKS\",\"isPartOf\":{\"@id\":\"https:\\\/\\\/www.silentblocks.com\\\/de\\\/#website\"},\"primaryImageOfPage\":{\"@id\":\"https:\\\/\\\/www.silentblocks.com\\\/de\\\/produkt\\\/buchse-des-traegers-des-schalthebels-bmw\\\/#primaryimage\"},\"image\":{\"@id\":\"https:\\\/\\\/www.silentblocks.com\\\/de\\\/produkt\\\/buchse-des-traegers-des-schalthebels-bmw\\\/#primaryimage\"},\"thumbnailUrl\":\"https:\\\/\\\/www.silentblocks.com\\\/wp-content\\\/uploads\\\/2024\\\/06\\\/SILENTBLOC-LEVIER-VITESSE-BMW-1.jpg\",\"datePublished\":\"2024-06-01T15:06:08+00:00\",\"dateModified\":\"2026-02-17T21:44:15+00:00\",\"description\":\"Silentblock der Schalthebelhalterung, BMW, oem 25111222015\",\"breadcrumb\":{\"@id\":\"https:\\\/\\\/www.silentblocks.com\\\/de\\\/produkt\\\/buchse-des-traegers-des-schalthebels-bmw\\\/#breadcrumb\"},\"inLanguage\":\"de\",\"potentialAction\":[{\"@type\":\"ReadAction\",\"target\":[\"https:\\\/\\\/www.silentblocks.com\\\/de\\\/produkt\\\/buchse-des-traegers-des-schalthebels-bmw\\\/\"]}]},{\"@type\":\"ImageObject\",\"inLanguage\":\"de\",\"@id\":\"https:\\\/\\\/www.silentblocks.com\\\/de\\\/produkt\\\/buchse-des-traegers-des-schalthebels-bmw\\\/#primaryimage\",\"url\":\"https:\\\/\\\/www.silentblocks.com\\\/wp-content\\\/uploads\\\/2024\\\/06\\\/SILENTBLOC-LEVIER-VITESSE-BMW-1.jpg\",\"contentUrl\":\"https:\\\/\\\/www.silentblocks.com\\\/wp-content\\\/uploads\\\/2024\\\/06\\\/SILENTBLOC-LEVIER-VITESSE-BMW-1.jpg\",\"width\":1024,\"height\":1024},{\"@type\":\"BreadcrumbList\",\"@id\":\"https:\\\/\\\/www.silentblocks.com\\\/de\\\/produkt\\\/buchse-des-traegers-des-schalthebels-bmw\\\/#breadcrumb\",\"itemListElement\":[{\"@type\":\"ListItem\",\"position\":1,\"name\":\"In\u00edcio\",\"item\":\"https:\\\/\\\/www.silentblocks.com\\\/de\\\/\"},{\"@type\":\"ListItem\",\"position\":2,\"name\":\"Page boutique\",\"item\":\"https:\\\/\\\/www.silentblocks.com\\\/shop-2\\\/\"},{\"@type\":\"ListItem\",\"position\":3,\"name\":\"Buchse des Tr\u00e4gers des Schalthebels, BMW\"}]},{\"@type\":\"WebSite\",\"@id\":\"https:\\\/\\\/www.silentblocks.com\\\/de\\\/#website\",\"url\":\"https:\\\/\\\/www.silentblocks.com\\\/de\\\/\",\"name\":\"SILENTBLOCKS\",\"description\":\"Secure on the road\",\"publisher\":{\"@id\":\"https:\\\/\\\/www.silentblocks.com\\\/de\\\/#organization\"},\"potentialAction\":[{\"@type\":\"SearchAction\",\"target\":{\"@type\":\"EntryPoint\",\"urlTemplate\":\"https:\\\/\\\/www.silentblocks.com\\\/de\\\/?s={search_term_string}\"},\"query-input\":{\"@type\":\"PropertyValueSpecification\",\"valueRequired\":true,\"valueName\":\"search_term_string\"}}],\"inLanguage\":\"de\"},{\"@type\":\"Organization\",\"@id\":\"https:\\\/\\\/www.silentblocks.com\\\/de\\\/#organization\",\"name\":\"SILENTBLOCKS\",\"url\":\"https:\\\/\\\/www.silentblocks.com\\\/de\\\/\",\"logo\":{\"@type\":\"ImageObject\",\"inLanguage\":\"de\",\"@id\":\"https:\\\/\\\/www.silentblocks.com\\\/de\\\/#\\\/schema\\\/logo\\\/image\\\/\",\"url\":\"https:\\\/\\\/www.silentblocks.com\\\/wp-content\\\/uploads\\\/2023\\\/07\\\/logo211-sem-fundo_2012-PARA-BOUTIQUE-EBAY.png\",\"contentUrl\":\"https:\\\/\\\/www.silentblocks.com\\\/wp-content\\\/uploads\\\/2023\\\/07\\\/logo211-sem-fundo_2012-PARA-BOUTIQUE-EBAY.png\",\"width\":300,\"height\":190,\"caption\":\"SILENTBLOCKS\"},\"image\":{\"@id\":\"https:\\\/\\\/www.silentblocks.com\\\/de\\\/#\\\/schema\\\/logo\\\/image\\\/\"}}]}<\/script>\n<!-- \/ Yoast SEO Premium plugin. -->","yoast_head_json":{"title":"Buchse des Tr\u00e4gers des Schalthebels, BMW - SILENT BLOCKS","description":"Silentblock der Schalthebelhalterung, BMW, oem 25111222015","robots":{"index":"index","follow":"follow","max-snippet":"max-snippet:-1","max-image-preview":"max-image-preview:large","max-video-preview":"max-video-preview:-1"},"canonical":"https:\/\/www.silentblocks.com\/de\/produkt\/buchse-des-traegers-des-schalthebels-bmw\/","og_locale":"de_DE","og_type":"article","og_title":"Buchse des Tr\u00e4gers des Schalthebels, BMW","og_description":"Silentblock der Schalthebelhalterung, BMW, oem 25111222015","og_url":"https:\/\/www.silentblocks.com\/de\/produkt\/buchse-des-traegers-des-schalthebels-bmw\/","og_site_name":"SILENT BLOCKS","article_modified_time":"2026-02-17T21:44:15+00:00","og_image":[{"width":1024,"height":1024,"url":"https:\/\/www.silentblocks.com\/wp-content\/uploads\/2024\/06\/SILENTBLOC-LEVIER-VITESSE-BMW-1.jpg","type":"image\/jpeg"}],"twitter_card":"summary_large_image","schema":{"@context":"https:\/\/schema.org","@graph":[{"@type":"WebPage","@id":"https:\/\/www.silentblocks.com\/de\/produkt\/buchse-des-traegers-des-schalthebels-bmw\/","url":"https:\/\/www.silentblocks.com\/de\/produkt\/buchse-des-traegers-des-schalthebels-bmw\/","name":"Buchse des Tr\u00e4gers des Schalthebels, BMW - SILENT BLOCKS","isPartOf":{"@id":"https:\/\/www.silentblocks.com\/de\/#website"},"primaryImageOfPage":{"@id":"https:\/\/www.silentblocks.com\/de\/produkt\/buchse-des-traegers-des-schalthebels-bmw\/#primaryimage"},"image":{"@id":"https:\/\/www.silentblocks.com\/de\/produkt\/buchse-des-traegers-des-schalthebels-bmw\/#primaryimage"},"thumbnailUrl":"https:\/\/www.silentblocks.com\/wp-content\/uploads\/2024\/06\/SILENTBLOC-LEVIER-VITESSE-BMW-1.jpg","datePublished":"2024-06-01T15:06:08+00:00","dateModified":"2026-02-17T21:44:15+00:00","description":"Silentblock der Schalthebelhalterung, BMW, oem 25111222015","breadcrumb":{"@id":"https:\/\/www.silentblocks.com\/de\/produkt\/buchse-des-traegers-des-schalthebels-bmw\/#breadcrumb"},"inLanguage":"de","potentialAction":[{"@type":"ReadAction","target":["https:\/\/www.silentblocks.com\/de\/produkt\/buchse-des-traegers-des-schalthebels-bmw\/"]}]},{"@type":"ImageObject","inLanguage":"de","@id":"https:\/\/www.silentblocks.com\/de\/produkt\/buchse-des-traegers-des-schalthebels-bmw\/#primaryimage","url":"https:\/\/www.silentblocks.com\/wp-content\/uploads\/2024\/06\/SILENTBLOC-LEVIER-VITESSE-BMW-1.jpg","contentUrl":"https:\/\/www.silentblocks.com\/wp-content\/uploads\/2024\/06\/SILENTBLOC-LEVIER-VITESSE-BMW-1.jpg","width":1024,"height":1024},{"@type":"BreadcrumbList","@id":"https:\/\/www.silentblocks.com\/de\/produkt\/buchse-des-traegers-des-schalthebels-bmw\/#breadcrumb","itemListElement":[{"@type":"ListItem","position":1,"name":"In\u00edcio","item":"https:\/\/www.silentblocks.com\/de\/"},{"@type":"ListItem","position":2,"name":"Page boutique","item":"https:\/\/www.silentblocks.com\/shop-2\/"},{"@type":"ListItem","position":3,"name":"Buchse des Tr\u00e4gers des Schalthebels, BMW"}]},{"@type":"WebSite","@id":"https:\/\/www.silentblocks.com\/de\/#website","url":"https:\/\/www.silentblocks.com\/de\/","name":"SILENTBLOCKS","description":"Secure on the road","publisher":{"@id":"https:\/\/www.silentblocks.com\/de\/#organization"},"potentialAction":[{"@type":"SearchAction","target":{"@type":"EntryPoint","urlTemplate":"https:\/\/www.silentblocks.com\/de\/?s={search_term_string}"},"query-input":{"@type":"PropertyValueSpecification","valueRequired":true,"valueName":"search_term_string"}}],"inLanguage":"de"},{"@type":"Organization","@id":"https:\/\/www.silentblocks.com\/de\/#organization","name":"SILENTBLOCKS","url":"https:\/\/www.silentblocks.com\/de\/","logo":{"@type":"ImageObject","inLanguage":"de","@id":"https:\/\/www.silentblocks.com\/de\/#\/schema\/logo\/image\/","url":"https:\/\/www.silentblocks.com\/wp-content\/uploads\/2023\/07\/logo211-sem-fundo_2012-PARA-BOUTIQUE-EBAY.png","contentUrl":"https:\/\/www.silentblocks.com\/wp-content\/uploads\/2023\/07\/logo211-sem-fundo_2012-PARA-BOUTIQUE-EBAY.png","width":300,"height":190,"caption":"SILENTBLOCKS"},"image":{"@id":"https:\/\/www.silentblocks.com\/de\/#\/schema\/logo\/image\/"}}]}},"_links":{"self":[{"href":"https:\/\/www.silentblocks.com\/de\/wp-json\/wp\/v2\/product\/91405","targetHints":{"allow":["GET"]}}],"collection":[{"href":"https:\/\/www.silentblocks.com\/de\/wp-json\/wp\/v2\/product"}],"about":[{"href":"https:\/\/www.silentblocks.com\/de\/wp-json\/wp\/v2\/types\/product"}],"version-history":[{"count":0,"href":"https:\/\/www.silentblocks.com\/de\/wp-json\/wp\/v2\/product\/91405\/revisions"}],"wp:featuredmedia":[{"embeddable":true,"href":"https:\/\/www.silentblocks.com\/de\/wp-json\/wp\/v2\/media\/135704"}],"wp:attachment":[{"href":"https:\/\/www.silentblocks.com\/de\/wp-json\/wp\/v2\/media?parent=91405"}],"wp:term":[{"taxonomy":"product_brand","embeddable":true,"href":"https:\/\/www.silentblocks.com\/de\/wp-json\/wp\/v2\/product_brand?post=91405"},{"taxonomy":"product_cat","embeddable":true,"href":"https:\/\/www.silentblocks.com\/de\/wp-json\/wp\/v2\/product_cat?post=91405"},{"taxonomy":"product_tag","embeddable":true,"href":"https:\/\/www.silentblocks.com\/de\/wp-json\/wp\/v2\/product_tag?post=91405"}],"curies":[{"name":"wp","href":"https:\/\/api.w.org\/{rel}","templated":true}]}}