{"id":91475,"date":"2024-06-03T13:16:07","date_gmt":"2024-06-03T13:16:07","guid":{"rendered":"https:\/\/www.silentblocks.com\/product\/komplettes-set-bodylift-heben-fuer-suzuki-samurai\/"},"modified":"2026-02-17T21:44:24","modified_gmt":"2026-02-17T21:44:24","slug":"komplettes-set-bodylift-heben-fuer-suzuki-samurai","status":"publish","type":"product","link":"https:\/\/www.silentblocks.com\/de\/produkt\/komplettes-set-bodylift-heben-fuer-suzuki-samurai\/","title":{"rendered":"Komplettes Set Bodylift, Heben f\u00fcr Suzuki Samurai"},"content":{"rendered":"<p>Kompletter Satz Bodylift, Polyurethan-Silentlblocs, 45mm Hub, kompatibel mit den folgenden Fahrzeugen:<br \/>\nSuzuki Samurai<br \/>\nModelle: SJ<\/p>\n<p>Neue Teile, die mit Rechnung verkauft werden. Alle unsere Produkte haben eine Garantie von 2 Jahren.<\/p>\n","protected":false},"excerpt":{"rendered":"<p>Kompletter Satz Bodylift, Polyurethan-Silentlblocs, 45mm Hub, kompatibel mit den folgenden Fahrzeugen: Suzuki Samurai Modelle: SJ Neue Teile, die mit Rechnung verkauft werden. Alle unsere Produkte haben eine Garantie von 2 Jahren.<\/p>\n","protected":false},"featured_media":91472,"template":"","meta":[],"product_brand":[],"product_cat":[2242,1818],"product_tag":[],"class_list":{"0":"post-91475","1":"product","2":"type-product","3":"status-publish","4":"has-post-thumbnail","6":"product_cat-suzuki-de","7":"product_cat-samurai-de","9":"first","10":"instock","11":"shipping-taxable","12":"purchasable","13":"product-type-simple"},"yoast_head":"<!-- This site is optimized with the Yoast SEO Premium plugin v23.0 (Yoast SEO v27.4) - https:\/\/yoast.com\/product\/yoast-seo-premium-wordpress\/ -->\n<title>Komplettes Set Bodylift, Heben f\u00fcr Suzuki Samurai - SILENT BLOCKS<\/title>\n<meta name=\"description\" content=\"Bodylift-Komplettset aus Polyurethan, 45mm H\u00f6herlegung f\u00fcr Suzuki Samurai\" \/>\n<meta name=\"robots\" content=\"index, follow, max-snippet:-1, max-image-preview:large, max-video-preview:-1\" \/>\n<link rel=\"canonical\" href=\"https:\/\/www.silentblocks.com\/de\/produkt\/komplettes-set-bodylift-heben-fuer-suzuki-samurai\/\" \/>\n<meta property=\"og:locale\" content=\"de_DE\" \/>\n<meta property=\"og:type\" content=\"article\" \/>\n<meta property=\"og:title\" content=\"Komplettes Set Bodylift, Heben f\u00fcr Suzuki Samurai\" \/>\n<meta property=\"og:description\" content=\"Bodylift-Komplettset aus Polyurethan, 45mm H\u00f6herlegung f\u00fcr Suzuki Samurai\" \/>\n<meta property=\"og:url\" content=\"https:\/\/www.silentblocks.com\/de\/produkt\/komplettes-set-bodylift-heben-fuer-suzuki-samurai\/\" \/>\n<meta property=\"og:site_name\" content=\"SILENT BLOCKS\" \/>\n<meta property=\"article:modified_time\" content=\"2026-02-17T21:44:24+00:00\" \/>\n<meta property=\"og:image\" content=\"https:\/\/www.silentblocks.com\/wp-content\/uploads\/2026\/02\/Suzuki-Samurai-body-lift-45mm.jpg\" \/>\n\t<meta property=\"og:image:width\" content=\"800\" \/>\n\t<meta property=\"og:image:height\" content=\"800\" \/>\n\t<meta property=\"og:image:type\" content=\"image\/jpeg\" \/>\n<meta name=\"twitter:card\" content=\"summary_large_image\" \/>\n<script type=\"application\/ld+json\" class=\"yoast-schema-graph\">{\"@context\":\"https:\\\/\\\/schema.org\",\"@graph\":[{\"@type\":\"WebPage\",\"@id\":\"https:\\\/\\\/www.silentblocks.com\\\/de\\\/produkt\\\/komplettes-set-bodylift-heben-fuer-suzuki-samurai\\\/\",\"url\":\"https:\\\/\\\/www.silentblocks.com\\\/de\\\/produkt\\\/komplettes-set-bodylift-heben-fuer-suzuki-samurai\\\/\",\"name\":\"Komplettes Set Bodylift, Heben f\u00fcr Suzuki Samurai - SILENT BLOCKS\",\"isPartOf\":{\"@id\":\"https:\\\/\\\/www.silentblocks.com\\\/de\\\/#website\"},\"primaryImageOfPage\":{\"@id\":\"https:\\\/\\\/www.silentblocks.com\\\/de\\\/produkt\\\/komplettes-set-bodylift-heben-fuer-suzuki-samurai\\\/#primaryimage\"},\"image\":{\"@id\":\"https:\\\/\\\/www.silentblocks.com\\\/de\\\/produkt\\\/komplettes-set-bodylift-heben-fuer-suzuki-samurai\\\/#primaryimage\"},\"thumbnailUrl\":\"https:\\\/\\\/www.silentblocks.com\\\/wp-content\\\/uploads\\\/2026\\\/02\\\/Suzuki-Samurai-body-lift-45mm.jpg\",\"datePublished\":\"2024-06-03T13:16:07+00:00\",\"dateModified\":\"2026-02-17T21:44:24+00:00\",\"description\":\"Bodylift-Komplettset aus Polyurethan, 45mm H\u00f6herlegung f\u00fcr Suzuki Samurai\",\"breadcrumb\":{\"@id\":\"https:\\\/\\\/www.silentblocks.com\\\/de\\\/produkt\\\/komplettes-set-bodylift-heben-fuer-suzuki-samurai\\\/#breadcrumb\"},\"inLanguage\":\"de\",\"potentialAction\":[{\"@type\":\"ReadAction\",\"target\":[\"https:\\\/\\\/www.silentblocks.com\\\/de\\\/produkt\\\/komplettes-set-bodylift-heben-fuer-suzuki-samurai\\\/\"]}]},{\"@type\":\"ImageObject\",\"inLanguage\":\"de\",\"@id\":\"https:\\\/\\\/www.silentblocks.com\\\/de\\\/produkt\\\/komplettes-set-bodylift-heben-fuer-suzuki-samurai\\\/#primaryimage\",\"url\":\"https:\\\/\\\/www.silentblocks.com\\\/wp-content\\\/uploads\\\/2026\\\/02\\\/Suzuki-Samurai-body-lift-45mm.jpg\",\"contentUrl\":\"https:\\\/\\\/www.silentblocks.com\\\/wp-content\\\/uploads\\\/2026\\\/02\\\/Suzuki-Samurai-body-lift-45mm.jpg\",\"width\":800,\"height\":800},{\"@type\":\"BreadcrumbList\",\"@id\":\"https:\\\/\\\/www.silentblocks.com\\\/de\\\/produkt\\\/komplettes-set-bodylift-heben-fuer-suzuki-samurai\\\/#breadcrumb\",\"itemListElement\":[{\"@type\":\"ListItem\",\"position\":1,\"name\":\"In\u00edcio\",\"item\":\"https:\\\/\\\/www.silentblocks.com\\\/de\\\/\"},{\"@type\":\"ListItem\",\"position\":2,\"name\":\"Page boutique\",\"item\":\"https:\\\/\\\/www.silentblocks.com\\\/shop-2\\\/\"},{\"@type\":\"ListItem\",\"position\":3,\"name\":\"Komplettes Set Bodylift, Heben f\u00fcr Suzuki Samurai\"}]},{\"@type\":\"WebSite\",\"@id\":\"https:\\\/\\\/www.silentblocks.com\\\/de\\\/#website\",\"url\":\"https:\\\/\\\/www.silentblocks.com\\\/de\\\/\",\"name\":\"SILENTBLOCKS\",\"description\":\"Secure on the road\",\"publisher\":{\"@id\":\"https:\\\/\\\/www.silentblocks.com\\\/de\\\/#organization\"},\"potentialAction\":[{\"@type\":\"SearchAction\",\"target\":{\"@type\":\"EntryPoint\",\"urlTemplate\":\"https:\\\/\\\/www.silentblocks.com\\\/de\\\/?s={search_term_string}\"},\"query-input\":{\"@type\":\"PropertyValueSpecification\",\"valueRequired\":true,\"valueName\":\"search_term_string\"}}],\"inLanguage\":\"de\"},{\"@type\":\"Organization\",\"@id\":\"https:\\\/\\\/www.silentblocks.com\\\/de\\\/#organization\",\"name\":\"SILENTBLOCKS\",\"url\":\"https:\\\/\\\/www.silentblocks.com\\\/de\\\/\",\"logo\":{\"@type\":\"ImageObject\",\"inLanguage\":\"de\",\"@id\":\"https:\\\/\\\/www.silentblocks.com\\\/de\\\/#\\\/schema\\\/logo\\\/image\\\/\",\"url\":\"https:\\\/\\\/www.silentblocks.com\\\/wp-content\\\/uploads\\\/2023\\\/07\\\/logo211-sem-fundo_2012-PARA-BOUTIQUE-EBAY.png\",\"contentUrl\":\"https:\\\/\\\/www.silentblocks.com\\\/wp-content\\\/uploads\\\/2023\\\/07\\\/logo211-sem-fundo_2012-PARA-BOUTIQUE-EBAY.png\",\"width\":300,\"height\":190,\"caption\":\"SILENTBLOCKS\"},\"image\":{\"@id\":\"https:\\\/\\\/www.silentblocks.com\\\/de\\\/#\\\/schema\\\/logo\\\/image\\\/\"}}]}<\/script>\n<!-- \/ Yoast SEO Premium plugin. -->","yoast_head_json":{"title":"Komplettes Set Bodylift, Heben f\u00fcr Suzuki Samurai - SILENT BLOCKS","description":"Bodylift-Komplettset aus Polyurethan, 45mm H\u00f6herlegung f\u00fcr Suzuki Samurai","robots":{"index":"index","follow":"follow","max-snippet":"max-snippet:-1","max-image-preview":"max-image-preview:large","max-video-preview":"max-video-preview:-1"},"canonical":"https:\/\/www.silentblocks.com\/de\/produkt\/komplettes-set-bodylift-heben-fuer-suzuki-samurai\/","og_locale":"de_DE","og_type":"article","og_title":"Komplettes Set Bodylift, Heben f\u00fcr Suzuki Samurai","og_description":"Bodylift-Komplettset aus Polyurethan, 45mm H\u00f6herlegung f\u00fcr Suzuki Samurai","og_url":"https:\/\/www.silentblocks.com\/de\/produkt\/komplettes-set-bodylift-heben-fuer-suzuki-samurai\/","og_site_name":"SILENT BLOCKS","article_modified_time":"2026-02-17T21:44:24+00:00","og_image":[{"width":800,"height":800,"url":"https:\/\/www.silentblocks.com\/wp-content\/uploads\/2026\/02\/Suzuki-Samurai-body-lift-45mm.jpg","type":"image\/jpeg"}],"twitter_card":"summary_large_image","schema":{"@context":"https:\/\/schema.org","@graph":[{"@type":"WebPage","@id":"https:\/\/www.silentblocks.com\/de\/produkt\/komplettes-set-bodylift-heben-fuer-suzuki-samurai\/","url":"https:\/\/www.silentblocks.com\/de\/produkt\/komplettes-set-bodylift-heben-fuer-suzuki-samurai\/","name":"Komplettes Set Bodylift, Heben f\u00fcr Suzuki Samurai - SILENT BLOCKS","isPartOf":{"@id":"https:\/\/www.silentblocks.com\/de\/#website"},"primaryImageOfPage":{"@id":"https:\/\/www.silentblocks.com\/de\/produkt\/komplettes-set-bodylift-heben-fuer-suzuki-samurai\/#primaryimage"},"image":{"@id":"https:\/\/www.silentblocks.com\/de\/produkt\/komplettes-set-bodylift-heben-fuer-suzuki-samurai\/#primaryimage"},"thumbnailUrl":"https:\/\/www.silentblocks.com\/wp-content\/uploads\/2026\/02\/Suzuki-Samurai-body-lift-45mm.jpg","datePublished":"2024-06-03T13:16:07+00:00","dateModified":"2026-02-17T21:44:24+00:00","description":"Bodylift-Komplettset aus Polyurethan, 45mm H\u00f6herlegung f\u00fcr Suzuki Samurai","breadcrumb":{"@id":"https:\/\/www.silentblocks.com\/de\/produkt\/komplettes-set-bodylift-heben-fuer-suzuki-samurai\/#breadcrumb"},"inLanguage":"de","potentialAction":[{"@type":"ReadAction","target":["https:\/\/www.silentblocks.com\/de\/produkt\/komplettes-set-bodylift-heben-fuer-suzuki-samurai\/"]}]},{"@type":"ImageObject","inLanguage":"de","@id":"https:\/\/www.silentblocks.com\/de\/produkt\/komplettes-set-bodylift-heben-fuer-suzuki-samurai\/#primaryimage","url":"https:\/\/www.silentblocks.com\/wp-content\/uploads\/2026\/02\/Suzuki-Samurai-body-lift-45mm.jpg","contentUrl":"https:\/\/www.silentblocks.com\/wp-content\/uploads\/2026\/02\/Suzuki-Samurai-body-lift-45mm.jpg","width":800,"height":800},{"@type":"BreadcrumbList","@id":"https:\/\/www.silentblocks.com\/de\/produkt\/komplettes-set-bodylift-heben-fuer-suzuki-samurai\/#breadcrumb","itemListElement":[{"@type":"ListItem","position":1,"name":"In\u00edcio","item":"https:\/\/www.silentblocks.com\/de\/"},{"@type":"ListItem","position":2,"name":"Page boutique","item":"https:\/\/www.silentblocks.com\/shop-2\/"},{"@type":"ListItem","position":3,"name":"Komplettes Set Bodylift, Heben f\u00fcr Suzuki Samurai"}]},{"@type":"WebSite","@id":"https:\/\/www.silentblocks.com\/de\/#website","url":"https:\/\/www.silentblocks.com\/de\/","name":"SILENTBLOCKS","description":"Secure on the road","publisher":{"@id":"https:\/\/www.silentblocks.com\/de\/#organization"},"potentialAction":[{"@type":"SearchAction","target":{"@type":"EntryPoint","urlTemplate":"https:\/\/www.silentblocks.com\/de\/?s={search_term_string}"},"query-input":{"@type":"PropertyValueSpecification","valueRequired":true,"valueName":"search_term_string"}}],"inLanguage":"de"},{"@type":"Organization","@id":"https:\/\/www.silentblocks.com\/de\/#organization","name":"SILENTBLOCKS","url":"https:\/\/www.silentblocks.com\/de\/","logo":{"@type":"ImageObject","inLanguage":"de","@id":"https:\/\/www.silentblocks.com\/de\/#\/schema\/logo\/image\/","url":"https:\/\/www.silentblocks.com\/wp-content\/uploads\/2023\/07\/logo211-sem-fundo_2012-PARA-BOUTIQUE-EBAY.png","contentUrl":"https:\/\/www.silentblocks.com\/wp-content\/uploads\/2023\/07\/logo211-sem-fundo_2012-PARA-BOUTIQUE-EBAY.png","width":300,"height":190,"caption":"SILENTBLOCKS"},"image":{"@id":"https:\/\/www.silentblocks.com\/de\/#\/schema\/logo\/image\/"}}]}},"_links":{"self":[{"href":"https:\/\/www.silentblocks.com\/de\/wp-json\/wp\/v2\/product\/91475","targetHints":{"allow":["GET"]}}],"collection":[{"href":"https:\/\/www.silentblocks.com\/de\/wp-json\/wp\/v2\/product"}],"about":[{"href":"https:\/\/www.silentblocks.com\/de\/wp-json\/wp\/v2\/types\/product"}],"version-history":[{"count":0,"href":"https:\/\/www.silentblocks.com\/de\/wp-json\/wp\/v2\/product\/91475\/revisions"}],"wp:featuredmedia":[{"embeddable":true,"href":"https:\/\/www.silentblocks.com\/de\/wp-json\/wp\/v2\/media\/91472"}],"wp:attachment":[{"href":"https:\/\/www.silentblocks.com\/de\/wp-json\/wp\/v2\/media?parent=91475"}],"wp:term":[{"taxonomy":"product_brand","embeddable":true,"href":"https:\/\/www.silentblocks.com\/de\/wp-json\/wp\/v2\/product_brand?post=91475"},{"taxonomy":"product_cat","embeddable":true,"href":"https:\/\/www.silentblocks.com\/de\/wp-json\/wp\/v2\/product_cat?post=91475"},{"taxonomy":"product_tag","embeddable":true,"href":"https:\/\/www.silentblocks.com\/de\/wp-json\/wp\/v2\/product_tag?post=91475"}],"curies":[{"name":"wp","href":"https:\/\/api.w.org\/{rel}","templated":true}]}}