{"id":91497,"date":"2024-06-03T19:46:56","date_gmt":"2024-06-03T19:46:56","guid":{"rendered":"https:\/\/www.silentblocks.com\/product\/keile-zur-erhoehung-der-aufhaengung-pajero-iii-und-pajero-iv\/"},"modified":"2026-02-26T14:52:59","modified_gmt":"2026-02-26T14:52:59","slug":"keile-zur-erhoehung-der-aufhaengung-pajero-iii-und-pajero-iv","status":"publish","type":"product","link":"https:\/\/www.silentblocks.com\/de\/produkt\/keile-zur-erhoehung-der-aufhaengung-pajero-iii-und-pajero-iv\/","title":{"rendered":"Keile zur Erh\u00f6hung der Aufh\u00e4ngung, Pajero III und Pajero IV"},"content":{"rendered":"<p>Unterlegkeile (45mm), 25mm Alu-Unterlegkeile vorne und 45mm Polyurethan-Unterlegkeile hinten, passend f\u00fcr die folgenden Fahrzeuge:<br \/>\nMitsubishi Pajero III (1999-2006)<br \/>\nMitsubishi Pajero IV (2006-2018)<\/p>\n<p>Das Kit besteht aus Aluminium McPherson-Distanzst\u00fccken vorne, Polyurethan-Distanzst\u00fccken f\u00fcr die hinteren Federn und Distanzst\u00fccken f\u00fcr den hinteren Sto\u00dfd\u00e4mpfer, die an den unteren Querlenkern befestigt sind. Das Paket verbessert die Winkel des Fahrzeugs (Ann\u00e4herung, Abfahrt, Rampenwinkel), \u00e4ndert jedoch nicht die Eigenschaften (H\u00e4rte) der Federung.<\/p>\n<p>Neue Teile, die mit Rechnung verkauft werden. Alle unsere Produkte haben eine Garantie von 2 Jahren.<\/p>\n","protected":false},"excerpt":{"rendered":"<p>Unterlegkeile (45mm), 25mm Alu-Unterlegkeile vorne und 45mm Polyurethan-Unterlegkeile hinten, passend f\u00fcr die folgenden Fahrzeuge: Mitsubishi Pajero III (1999-2006) Mitsubishi Pajero IV (2006-2018) Das Kit besteht aus Aluminium McPherson-Distanzst\u00fccken vorne, Polyurethan-Distanzst\u00fccken f\u00fcr die hinteren Federn und Distanzst\u00fccken f\u00fcr den hinteren Sto\u00dfd\u00e4mpfer, die an den unteren Querlenkern befestigt sind. Das Paket verbessert die Winkel des Fahrzeugs (Ann\u00e4herung, [&hellip;]<\/p>\n","protected":false},"featured_media":91499,"template":"","meta":[],"product_brand":[],"product_cat":[977],"product_tag":[],"class_list":{"0":"post-91497","1":"product","2":"type-product","3":"status-publish","4":"has-post-thumbnail","6":"product_cat-977","8":"first","9":"instock","10":"shipping-taxable","11":"purchasable","12":"product-type-simple"},"yoast_head":"<!-- This site is optimized with the Yoast SEO Premium plugin v23.0 (Yoast SEO v27.4) - https:\/\/yoast.com\/product\/yoast-seo-premium-wordpress\/ -->\n<title>Keile zur Erh\u00f6hung der Aufh\u00e4ngung, Pajero III und Pajero IV - SILENT BLOCKS<\/title>\n<meta name=\"description\" content=\"Keile zur Erh\u00f6hung der Aufh\u00e4ngung, Hebesatz f\u00fcr Mitsubishi Pajero III und Pajero IV\" \/>\n<meta name=\"robots\" content=\"index, follow, max-snippet:-1, max-image-preview:large, max-video-preview:-1\" \/>\n<link rel=\"canonical\" href=\"https:\/\/www.silentblocks.com\/de\/produkt\/keile-zur-erhoehung-der-aufhaengung-pajero-iii-und-pajero-iv\/\" \/>\n<meta property=\"og:locale\" content=\"de_DE\" \/>\n<meta property=\"og:type\" content=\"article\" \/>\n<meta property=\"og:title\" content=\"Keile zur Erh\u00f6hung der Aufh\u00e4ngung, Pajero III und Pajero IV\" \/>\n<meta property=\"og:description\" content=\"Keile zur Erh\u00f6hung der Aufh\u00e4ngung, Hebesatz f\u00fcr Mitsubishi Pajero III und Pajero IV\" \/>\n<meta property=\"og:url\" content=\"https:\/\/www.silentblocks.com\/de\/produkt\/keile-zur-erhoehung-der-aufhaengung-pajero-iii-und-pajero-iv\/\" \/>\n<meta property=\"og:site_name\" content=\"SILENT BLOCKS\" \/>\n<meta property=\"article:modified_time\" content=\"2026-02-26T14:52:59+00:00\" \/>\n<meta property=\"og:image\" content=\"https:\/\/www.silentblocks.com\/wp-content\/uploads\/2026\/02\/bodylift-pajero-III-IV-1.jpg\" \/>\n\t<meta property=\"og:image:width\" content=\"800\" \/>\n\t<meta property=\"og:image:height\" content=\"800\" \/>\n\t<meta property=\"og:image:type\" content=\"image\/jpeg\" \/>\n<meta name=\"twitter:card\" content=\"summary_large_image\" \/>\n<script type=\"application\/ld+json\" class=\"yoast-schema-graph\">{\"@context\":\"https:\\\/\\\/schema.org\",\"@graph\":[{\"@type\":\"WebPage\",\"@id\":\"https:\\\/\\\/www.silentblocks.com\\\/de\\\/produkt\\\/keile-zur-erhoehung-der-aufhaengung-pajero-iii-und-pajero-iv\\\/\",\"url\":\"https:\\\/\\\/www.silentblocks.com\\\/de\\\/produkt\\\/keile-zur-erhoehung-der-aufhaengung-pajero-iii-und-pajero-iv\\\/\",\"name\":\"Keile zur Erh\u00f6hung der Aufh\u00e4ngung, Pajero III und Pajero IV - SILENT BLOCKS\",\"isPartOf\":{\"@id\":\"https:\\\/\\\/www.silentblocks.com\\\/de\\\/#website\"},\"primaryImageOfPage\":{\"@id\":\"https:\\\/\\\/www.silentblocks.com\\\/de\\\/produkt\\\/keile-zur-erhoehung-der-aufhaengung-pajero-iii-und-pajero-iv\\\/#primaryimage\"},\"image\":{\"@id\":\"https:\\\/\\\/www.silentblocks.com\\\/de\\\/produkt\\\/keile-zur-erhoehung-der-aufhaengung-pajero-iii-und-pajero-iv\\\/#primaryimage\"},\"thumbnailUrl\":\"https:\\\/\\\/www.silentblocks.com\\\/wp-content\\\/uploads\\\/2026\\\/02\\\/bodylift-pajero-III-IV-1.jpg\",\"datePublished\":\"2024-06-03T19:46:56+00:00\",\"dateModified\":\"2026-02-26T14:52:59+00:00\",\"description\":\"Keile zur Erh\u00f6hung der Aufh\u00e4ngung, Hebesatz f\u00fcr Mitsubishi Pajero III und Pajero IV\",\"breadcrumb\":{\"@id\":\"https:\\\/\\\/www.silentblocks.com\\\/de\\\/produkt\\\/keile-zur-erhoehung-der-aufhaengung-pajero-iii-und-pajero-iv\\\/#breadcrumb\"},\"inLanguage\":\"de\",\"potentialAction\":[{\"@type\":\"ReadAction\",\"target\":[\"https:\\\/\\\/www.silentblocks.com\\\/de\\\/produkt\\\/keile-zur-erhoehung-der-aufhaengung-pajero-iii-und-pajero-iv\\\/\"]}]},{\"@type\":\"ImageObject\",\"inLanguage\":\"de\",\"@id\":\"https:\\\/\\\/www.silentblocks.com\\\/de\\\/produkt\\\/keile-zur-erhoehung-der-aufhaengung-pajero-iii-und-pajero-iv\\\/#primaryimage\",\"url\":\"https:\\\/\\\/www.silentblocks.com\\\/wp-content\\\/uploads\\\/2026\\\/02\\\/bodylift-pajero-III-IV-1.jpg\",\"contentUrl\":\"https:\\\/\\\/www.silentblocks.com\\\/wp-content\\\/uploads\\\/2026\\\/02\\\/bodylift-pajero-III-IV-1.jpg\",\"width\":800,\"height\":800},{\"@type\":\"BreadcrumbList\",\"@id\":\"https:\\\/\\\/www.silentblocks.com\\\/de\\\/produkt\\\/keile-zur-erhoehung-der-aufhaengung-pajero-iii-und-pajero-iv\\\/#breadcrumb\",\"itemListElement\":[{\"@type\":\"ListItem\",\"position\":1,\"name\":\"In\u00edcio\",\"item\":\"https:\\\/\\\/www.silentblocks.com\\\/de\\\/\"},{\"@type\":\"ListItem\",\"position\":2,\"name\":\"Page boutique\",\"item\":\"https:\\\/\\\/www.silentblocks.com\\\/shop-2\\\/\"},{\"@type\":\"ListItem\",\"position\":3,\"name\":\"Keile zur Erh\u00f6hung der Aufh\u00e4ngung, Pajero III und Pajero IV\"}]},{\"@type\":\"WebSite\",\"@id\":\"https:\\\/\\\/www.silentblocks.com\\\/de\\\/#website\",\"url\":\"https:\\\/\\\/www.silentblocks.com\\\/de\\\/\",\"name\":\"SILENTBLOCKS\",\"description\":\"Secure on the road\",\"publisher\":{\"@id\":\"https:\\\/\\\/www.silentblocks.com\\\/de\\\/#organization\"},\"potentialAction\":[{\"@type\":\"SearchAction\",\"target\":{\"@type\":\"EntryPoint\",\"urlTemplate\":\"https:\\\/\\\/www.silentblocks.com\\\/de\\\/?s={search_term_string}\"},\"query-input\":{\"@type\":\"PropertyValueSpecification\",\"valueRequired\":true,\"valueName\":\"search_term_string\"}}],\"inLanguage\":\"de\"},{\"@type\":\"Organization\",\"@id\":\"https:\\\/\\\/www.silentblocks.com\\\/de\\\/#organization\",\"name\":\"SILENTBLOCKS\",\"url\":\"https:\\\/\\\/www.silentblocks.com\\\/de\\\/\",\"logo\":{\"@type\":\"ImageObject\",\"inLanguage\":\"de\",\"@id\":\"https:\\\/\\\/www.silentblocks.com\\\/de\\\/#\\\/schema\\\/logo\\\/image\\\/\",\"url\":\"https:\\\/\\\/www.silentblocks.com\\\/wp-content\\\/uploads\\\/2023\\\/07\\\/logo211-sem-fundo_2012-PARA-BOUTIQUE-EBAY.png\",\"contentUrl\":\"https:\\\/\\\/www.silentblocks.com\\\/wp-content\\\/uploads\\\/2023\\\/07\\\/logo211-sem-fundo_2012-PARA-BOUTIQUE-EBAY.png\",\"width\":300,\"height\":190,\"caption\":\"SILENTBLOCKS\"},\"image\":{\"@id\":\"https:\\\/\\\/www.silentblocks.com\\\/de\\\/#\\\/schema\\\/logo\\\/image\\\/\"}}]}<\/script>\n<!-- \/ Yoast SEO Premium plugin. -->","yoast_head_json":{"title":"Keile zur Erh\u00f6hung der Aufh\u00e4ngung, Pajero III und Pajero IV - SILENT BLOCKS","description":"Keile zur Erh\u00f6hung der Aufh\u00e4ngung, Hebesatz f\u00fcr Mitsubishi Pajero III und Pajero IV","robots":{"index":"index","follow":"follow","max-snippet":"max-snippet:-1","max-image-preview":"max-image-preview:large","max-video-preview":"max-video-preview:-1"},"canonical":"https:\/\/www.silentblocks.com\/de\/produkt\/keile-zur-erhoehung-der-aufhaengung-pajero-iii-und-pajero-iv\/","og_locale":"de_DE","og_type":"article","og_title":"Keile zur Erh\u00f6hung der Aufh\u00e4ngung, Pajero III und Pajero IV","og_description":"Keile zur Erh\u00f6hung der Aufh\u00e4ngung, Hebesatz f\u00fcr Mitsubishi Pajero III und Pajero IV","og_url":"https:\/\/www.silentblocks.com\/de\/produkt\/keile-zur-erhoehung-der-aufhaengung-pajero-iii-und-pajero-iv\/","og_site_name":"SILENT BLOCKS","article_modified_time":"2026-02-26T14:52:59+00:00","og_image":[{"width":800,"height":800,"url":"https:\/\/www.silentblocks.com\/wp-content\/uploads\/2026\/02\/bodylift-pajero-III-IV-1.jpg","type":"image\/jpeg"}],"twitter_card":"summary_large_image","schema":{"@context":"https:\/\/schema.org","@graph":[{"@type":"WebPage","@id":"https:\/\/www.silentblocks.com\/de\/produkt\/keile-zur-erhoehung-der-aufhaengung-pajero-iii-und-pajero-iv\/","url":"https:\/\/www.silentblocks.com\/de\/produkt\/keile-zur-erhoehung-der-aufhaengung-pajero-iii-und-pajero-iv\/","name":"Keile zur Erh\u00f6hung der Aufh\u00e4ngung, Pajero III und Pajero IV - SILENT BLOCKS","isPartOf":{"@id":"https:\/\/www.silentblocks.com\/de\/#website"},"primaryImageOfPage":{"@id":"https:\/\/www.silentblocks.com\/de\/produkt\/keile-zur-erhoehung-der-aufhaengung-pajero-iii-und-pajero-iv\/#primaryimage"},"image":{"@id":"https:\/\/www.silentblocks.com\/de\/produkt\/keile-zur-erhoehung-der-aufhaengung-pajero-iii-und-pajero-iv\/#primaryimage"},"thumbnailUrl":"https:\/\/www.silentblocks.com\/wp-content\/uploads\/2026\/02\/bodylift-pajero-III-IV-1.jpg","datePublished":"2024-06-03T19:46:56+00:00","dateModified":"2026-02-26T14:52:59+00:00","description":"Keile zur Erh\u00f6hung der Aufh\u00e4ngung, Hebesatz f\u00fcr Mitsubishi Pajero III und Pajero IV","breadcrumb":{"@id":"https:\/\/www.silentblocks.com\/de\/produkt\/keile-zur-erhoehung-der-aufhaengung-pajero-iii-und-pajero-iv\/#breadcrumb"},"inLanguage":"de","potentialAction":[{"@type":"ReadAction","target":["https:\/\/www.silentblocks.com\/de\/produkt\/keile-zur-erhoehung-der-aufhaengung-pajero-iii-und-pajero-iv\/"]}]},{"@type":"ImageObject","inLanguage":"de","@id":"https:\/\/www.silentblocks.com\/de\/produkt\/keile-zur-erhoehung-der-aufhaengung-pajero-iii-und-pajero-iv\/#primaryimage","url":"https:\/\/www.silentblocks.com\/wp-content\/uploads\/2026\/02\/bodylift-pajero-III-IV-1.jpg","contentUrl":"https:\/\/www.silentblocks.com\/wp-content\/uploads\/2026\/02\/bodylift-pajero-III-IV-1.jpg","width":800,"height":800},{"@type":"BreadcrumbList","@id":"https:\/\/www.silentblocks.com\/de\/produkt\/keile-zur-erhoehung-der-aufhaengung-pajero-iii-und-pajero-iv\/#breadcrumb","itemListElement":[{"@type":"ListItem","position":1,"name":"In\u00edcio","item":"https:\/\/www.silentblocks.com\/de\/"},{"@type":"ListItem","position":2,"name":"Page boutique","item":"https:\/\/www.silentblocks.com\/shop-2\/"},{"@type":"ListItem","position":3,"name":"Keile zur Erh\u00f6hung der Aufh\u00e4ngung, Pajero III und Pajero IV"}]},{"@type":"WebSite","@id":"https:\/\/www.silentblocks.com\/de\/#website","url":"https:\/\/www.silentblocks.com\/de\/","name":"SILENTBLOCKS","description":"Secure on the road","publisher":{"@id":"https:\/\/www.silentblocks.com\/de\/#organization"},"potentialAction":[{"@type":"SearchAction","target":{"@type":"EntryPoint","urlTemplate":"https:\/\/www.silentblocks.com\/de\/?s={search_term_string}"},"query-input":{"@type":"PropertyValueSpecification","valueRequired":true,"valueName":"search_term_string"}}],"inLanguage":"de"},{"@type":"Organization","@id":"https:\/\/www.silentblocks.com\/de\/#organization","name":"SILENTBLOCKS","url":"https:\/\/www.silentblocks.com\/de\/","logo":{"@type":"ImageObject","inLanguage":"de","@id":"https:\/\/www.silentblocks.com\/de\/#\/schema\/logo\/image\/","url":"https:\/\/www.silentblocks.com\/wp-content\/uploads\/2023\/07\/logo211-sem-fundo_2012-PARA-BOUTIQUE-EBAY.png","contentUrl":"https:\/\/www.silentblocks.com\/wp-content\/uploads\/2023\/07\/logo211-sem-fundo_2012-PARA-BOUTIQUE-EBAY.png","width":300,"height":190,"caption":"SILENTBLOCKS"},"image":{"@id":"https:\/\/www.silentblocks.com\/de\/#\/schema\/logo\/image\/"}}]}},"_links":{"self":[{"href":"https:\/\/www.silentblocks.com\/de\/wp-json\/wp\/v2\/product\/91497","targetHints":{"allow":["GET"]}}],"collection":[{"href":"https:\/\/www.silentblocks.com\/de\/wp-json\/wp\/v2\/product"}],"about":[{"href":"https:\/\/www.silentblocks.com\/de\/wp-json\/wp\/v2\/types\/product"}],"version-history":[{"count":1,"href":"https:\/\/www.silentblocks.com\/de\/wp-json\/wp\/v2\/product\/91497\/revisions"}],"predecessor-version":[{"id":134782,"href":"https:\/\/www.silentblocks.com\/de\/wp-json\/wp\/v2\/product\/91497\/revisions\/134782"}],"wp:featuredmedia":[{"embeddable":true,"href":"https:\/\/www.silentblocks.com\/de\/wp-json\/wp\/v2\/media\/91499"}],"wp:attachment":[{"href":"https:\/\/www.silentblocks.com\/de\/wp-json\/wp\/v2\/media?parent=91497"}],"wp:term":[{"taxonomy":"product_brand","embeddable":true,"href":"https:\/\/www.silentblocks.com\/de\/wp-json\/wp\/v2\/product_brand?post=91497"},{"taxonomy":"product_cat","embeddable":true,"href":"https:\/\/www.silentblocks.com\/de\/wp-json\/wp\/v2\/product_cat?post=91497"},{"taxonomy":"product_tag","embeddable":true,"href":"https:\/\/www.silentblocks.com\/de\/wp-json\/wp\/v2\/product_tag?post=91497"}],"curies":[{"name":"wp","href":"https:\/\/api.w.org\/{rel}","templated":true}]}}