{"id":92242,"date":"2024-07-17T10:43:08","date_gmt":"2024-07-17T10:43:08","guid":{"rendered":"https:\/\/www.silentblocks.com\/product\/buchsen-der-hinteren-stossdaempfer-kangoo-i\/"},"modified":"2026-02-17T21:46:10","modified_gmt":"2026-02-17T21:46:10","slug":"buchsen-der-hinteren-stossdaempfer-kangoo-i","status":"publish","type":"product","link":"https:\/\/www.silentblocks.com\/de\/produkt\/buchsen-der-hinteren-stossdaempfer-kangoo-i\/","title":{"rendered":"Buchsen der hinteren Sto\u00dfd\u00e4mpfer, Kangoo I"},"content":{"rendered":"<p>4 Silentblocs aus Polyurethan f\u00fcr 2 hintere Sto\u00dfd\u00e4mpfer, passend f\u00fcr die folgenden Fahrzeuge:<br \/>\nRenault Kangoo KC0\/1_ (1997-2007)<\/p>\n<p>Herstellerreferenzen (OEM-Code) zur Orientierung :<br \/>\n82006-75682, 8200675682, 7700312011, 8200029308<\/p>\n<p>Neue Teile, die mit Rechnung verkauft werden. Alle unsere Produkte haben eine Garantie von 2 Jahren.<\/p>\n","protected":false},"excerpt":{"rendered":"<p>4 Silentblocs aus Polyurethan f\u00fcr 2 hintere Sto\u00dfd\u00e4mpfer, passend f\u00fcr die folgenden Fahrzeuge: Renault Kangoo KC0\/1_ (1997-2007) Herstellerreferenzen (OEM-Code) zur Orientierung : 82006-75682, 8200675682, 7700312011, 8200029308 Neue Teile, die mit Rechnung verkauft werden. Alle unsere Produkte haben eine Garantie von 2 Jahren.<\/p>\n","protected":false},"featured_media":92238,"template":"","meta":[],"product_brand":[],"product_cat":[2224,3408,3409],"product_tag":[],"class_list":{"0":"post-92242","1":"product","2":"type-product","3":"status-publish","4":"has-post-thumbnail","6":"product_cat-renault-de","7":"product_cat-kangoo-de","8":"product_cat-kangoo-97-08-de","10":"first","11":"instock","12":"shipping-taxable","13":"purchasable","14":"product-type-simple"},"yoast_head":"<!-- This site is optimized with the Yoast SEO Premium plugin v23.0 (Yoast SEO v27.4) - https:\/\/yoast.com\/product\/yoast-seo-premium-wordpress\/ -->\n<title>Buchsen der hinteren Sto\u00dfd\u00e4mpfer, Kangoo I - SILENT BLOCKS<\/title>\n<meta name=\"description\" content=\"Silentblocks der hinteren Sto\u00dfd\u00e4mpfer aus Polyurethan f\u00fcr Renault Kangoo, oem 82006-75682, 8200675682, 7700312011, 8200029308\" \/>\n<meta name=\"robots\" content=\"index, follow, max-snippet:-1, max-image-preview:large, max-video-preview:-1\" \/>\n<link rel=\"canonical\" href=\"https:\/\/www.silentblocks.com\/de\/produkt\/buchsen-der-hinteren-stossdaempfer-kangoo-i\/\" \/>\n<meta property=\"og:locale\" content=\"de_DE\" \/>\n<meta property=\"og:type\" content=\"article\" \/>\n<meta property=\"og:title\" content=\"Buchsen der hinteren Sto\u00dfd\u00e4mpfer, Kangoo I\" \/>\n<meta property=\"og:description\" content=\"Silentblocks der hinteren Sto\u00dfd\u00e4mpfer aus Polyurethan f\u00fcr Renault Kangoo, oem 82006-75682, 8200675682, 7700312011, 8200029308\" \/>\n<meta property=\"og:url\" content=\"https:\/\/www.silentblocks.com\/de\/produkt\/buchsen-der-hinteren-stossdaempfer-kangoo-i\/\" \/>\n<meta property=\"og:site_name\" content=\"SILENT BLOCKS\" \/>\n<meta property=\"article:modified_time\" content=\"2026-02-17T21:46:10+00:00\" \/>\n<meta property=\"og:image\" content=\"https:\/\/www.silentblocks.com\/wp-content\/uploads\/2026\/02\/silentblocs-amortisseurs-arriere-Kangoo-I.jpg\" \/>\n\t<meta property=\"og:image:width\" content=\"1024\" \/>\n\t<meta property=\"og:image:height\" content=\"1024\" \/>\n\t<meta property=\"og:image:type\" content=\"image\/jpeg\" \/>\n<meta name=\"twitter:card\" content=\"summary_large_image\" \/>\n<script type=\"application\/ld+json\" class=\"yoast-schema-graph\">{\"@context\":\"https:\\\/\\\/schema.org\",\"@graph\":[{\"@type\":\"WebPage\",\"@id\":\"https:\\\/\\\/www.silentblocks.com\\\/de\\\/produkt\\\/buchsen-der-hinteren-stossdaempfer-kangoo-i\\\/\",\"url\":\"https:\\\/\\\/www.silentblocks.com\\\/de\\\/produkt\\\/buchsen-der-hinteren-stossdaempfer-kangoo-i\\\/\",\"name\":\"Buchsen der hinteren Sto\u00dfd\u00e4mpfer, Kangoo I - SILENT BLOCKS\",\"isPartOf\":{\"@id\":\"https:\\\/\\\/www.silentblocks.com\\\/de\\\/#website\"},\"primaryImageOfPage\":{\"@id\":\"https:\\\/\\\/www.silentblocks.com\\\/de\\\/produkt\\\/buchsen-der-hinteren-stossdaempfer-kangoo-i\\\/#primaryimage\"},\"image\":{\"@id\":\"https:\\\/\\\/www.silentblocks.com\\\/de\\\/produkt\\\/buchsen-der-hinteren-stossdaempfer-kangoo-i\\\/#primaryimage\"},\"thumbnailUrl\":\"https:\\\/\\\/www.silentblocks.com\\\/wp-content\\\/uploads\\\/2026\\\/02\\\/silentblocs-amortisseurs-arriere-Kangoo-I.jpg\",\"datePublished\":\"2024-07-17T10:43:08+00:00\",\"dateModified\":\"2026-02-17T21:46:10+00:00\",\"description\":\"Silentblocks der hinteren Sto\u00dfd\u00e4mpfer aus Polyurethan f\u00fcr Renault Kangoo, oem 82006-75682, 8200675682, 7700312011, 8200029308\",\"breadcrumb\":{\"@id\":\"https:\\\/\\\/www.silentblocks.com\\\/de\\\/produkt\\\/buchsen-der-hinteren-stossdaempfer-kangoo-i\\\/#breadcrumb\"},\"inLanguage\":\"de\",\"potentialAction\":[{\"@type\":\"ReadAction\",\"target\":[\"https:\\\/\\\/www.silentblocks.com\\\/de\\\/produkt\\\/buchsen-der-hinteren-stossdaempfer-kangoo-i\\\/\"]}]},{\"@type\":\"ImageObject\",\"inLanguage\":\"de\",\"@id\":\"https:\\\/\\\/www.silentblocks.com\\\/de\\\/produkt\\\/buchsen-der-hinteren-stossdaempfer-kangoo-i\\\/#primaryimage\",\"url\":\"https:\\\/\\\/www.silentblocks.com\\\/wp-content\\\/uploads\\\/2026\\\/02\\\/silentblocs-amortisseurs-arriere-Kangoo-I.jpg\",\"contentUrl\":\"https:\\\/\\\/www.silentblocks.com\\\/wp-content\\\/uploads\\\/2026\\\/02\\\/silentblocs-amortisseurs-arriere-Kangoo-I.jpg\",\"width\":1024,\"height\":1024},{\"@type\":\"BreadcrumbList\",\"@id\":\"https:\\\/\\\/www.silentblocks.com\\\/de\\\/produkt\\\/buchsen-der-hinteren-stossdaempfer-kangoo-i\\\/#breadcrumb\",\"itemListElement\":[{\"@type\":\"ListItem\",\"position\":1,\"name\":\"In\u00edcio\",\"item\":\"https:\\\/\\\/www.silentblocks.com\\\/de\\\/\"},{\"@type\":\"ListItem\",\"position\":2,\"name\":\"Page boutique\",\"item\":\"https:\\\/\\\/www.silentblocks.com\\\/shop-2\\\/\"},{\"@type\":\"ListItem\",\"position\":3,\"name\":\"Buchsen der hinteren Sto\u00dfd\u00e4mpfer, Kangoo I\"}]},{\"@type\":\"WebSite\",\"@id\":\"https:\\\/\\\/www.silentblocks.com\\\/de\\\/#website\",\"url\":\"https:\\\/\\\/www.silentblocks.com\\\/de\\\/\",\"name\":\"SILENTBLOCKS\",\"description\":\"Secure on the road\",\"publisher\":{\"@id\":\"https:\\\/\\\/www.silentblocks.com\\\/de\\\/#organization\"},\"potentialAction\":[{\"@type\":\"SearchAction\",\"target\":{\"@type\":\"EntryPoint\",\"urlTemplate\":\"https:\\\/\\\/www.silentblocks.com\\\/de\\\/?s={search_term_string}\"},\"query-input\":{\"@type\":\"PropertyValueSpecification\",\"valueRequired\":true,\"valueName\":\"search_term_string\"}}],\"inLanguage\":\"de\"},{\"@type\":\"Organization\",\"@id\":\"https:\\\/\\\/www.silentblocks.com\\\/de\\\/#organization\",\"name\":\"SILENTBLOCKS\",\"url\":\"https:\\\/\\\/www.silentblocks.com\\\/de\\\/\",\"logo\":{\"@type\":\"ImageObject\",\"inLanguage\":\"de\",\"@id\":\"https:\\\/\\\/www.silentblocks.com\\\/de\\\/#\\\/schema\\\/logo\\\/image\\\/\",\"url\":\"https:\\\/\\\/www.silentblocks.com\\\/wp-content\\\/uploads\\\/2023\\\/07\\\/logo211-sem-fundo_2012-PARA-BOUTIQUE-EBAY.png\",\"contentUrl\":\"https:\\\/\\\/www.silentblocks.com\\\/wp-content\\\/uploads\\\/2023\\\/07\\\/logo211-sem-fundo_2012-PARA-BOUTIQUE-EBAY.png\",\"width\":300,\"height\":190,\"caption\":\"SILENTBLOCKS\"},\"image\":{\"@id\":\"https:\\\/\\\/www.silentblocks.com\\\/de\\\/#\\\/schema\\\/logo\\\/image\\\/\"}}]}<\/script>\n<!-- \/ Yoast SEO Premium plugin. -->","yoast_head_json":{"title":"Buchsen der hinteren Sto\u00dfd\u00e4mpfer, Kangoo I - SILENT BLOCKS","description":"Silentblocks der hinteren Sto\u00dfd\u00e4mpfer aus Polyurethan f\u00fcr Renault Kangoo, oem 82006-75682, 8200675682, 7700312011, 8200029308","robots":{"index":"index","follow":"follow","max-snippet":"max-snippet:-1","max-image-preview":"max-image-preview:large","max-video-preview":"max-video-preview:-1"},"canonical":"https:\/\/www.silentblocks.com\/de\/produkt\/buchsen-der-hinteren-stossdaempfer-kangoo-i\/","og_locale":"de_DE","og_type":"article","og_title":"Buchsen der hinteren Sto\u00dfd\u00e4mpfer, Kangoo I","og_description":"Silentblocks der hinteren Sto\u00dfd\u00e4mpfer aus Polyurethan f\u00fcr Renault Kangoo, oem 82006-75682, 8200675682, 7700312011, 8200029308","og_url":"https:\/\/www.silentblocks.com\/de\/produkt\/buchsen-der-hinteren-stossdaempfer-kangoo-i\/","og_site_name":"SILENT BLOCKS","article_modified_time":"2026-02-17T21:46:10+00:00","og_image":[{"width":1024,"height":1024,"url":"https:\/\/www.silentblocks.com\/wp-content\/uploads\/2026\/02\/silentblocs-amortisseurs-arriere-Kangoo-I.jpg","type":"image\/jpeg"}],"twitter_card":"summary_large_image","schema":{"@context":"https:\/\/schema.org","@graph":[{"@type":"WebPage","@id":"https:\/\/www.silentblocks.com\/de\/produkt\/buchsen-der-hinteren-stossdaempfer-kangoo-i\/","url":"https:\/\/www.silentblocks.com\/de\/produkt\/buchsen-der-hinteren-stossdaempfer-kangoo-i\/","name":"Buchsen der hinteren Sto\u00dfd\u00e4mpfer, Kangoo I - SILENT BLOCKS","isPartOf":{"@id":"https:\/\/www.silentblocks.com\/de\/#website"},"primaryImageOfPage":{"@id":"https:\/\/www.silentblocks.com\/de\/produkt\/buchsen-der-hinteren-stossdaempfer-kangoo-i\/#primaryimage"},"image":{"@id":"https:\/\/www.silentblocks.com\/de\/produkt\/buchsen-der-hinteren-stossdaempfer-kangoo-i\/#primaryimage"},"thumbnailUrl":"https:\/\/www.silentblocks.com\/wp-content\/uploads\/2026\/02\/silentblocs-amortisseurs-arriere-Kangoo-I.jpg","datePublished":"2024-07-17T10:43:08+00:00","dateModified":"2026-02-17T21:46:10+00:00","description":"Silentblocks der hinteren Sto\u00dfd\u00e4mpfer aus Polyurethan f\u00fcr Renault Kangoo, oem 82006-75682, 8200675682, 7700312011, 8200029308","breadcrumb":{"@id":"https:\/\/www.silentblocks.com\/de\/produkt\/buchsen-der-hinteren-stossdaempfer-kangoo-i\/#breadcrumb"},"inLanguage":"de","potentialAction":[{"@type":"ReadAction","target":["https:\/\/www.silentblocks.com\/de\/produkt\/buchsen-der-hinteren-stossdaempfer-kangoo-i\/"]}]},{"@type":"ImageObject","inLanguage":"de","@id":"https:\/\/www.silentblocks.com\/de\/produkt\/buchsen-der-hinteren-stossdaempfer-kangoo-i\/#primaryimage","url":"https:\/\/www.silentblocks.com\/wp-content\/uploads\/2026\/02\/silentblocs-amortisseurs-arriere-Kangoo-I.jpg","contentUrl":"https:\/\/www.silentblocks.com\/wp-content\/uploads\/2026\/02\/silentblocs-amortisseurs-arriere-Kangoo-I.jpg","width":1024,"height":1024},{"@type":"BreadcrumbList","@id":"https:\/\/www.silentblocks.com\/de\/produkt\/buchsen-der-hinteren-stossdaempfer-kangoo-i\/#breadcrumb","itemListElement":[{"@type":"ListItem","position":1,"name":"In\u00edcio","item":"https:\/\/www.silentblocks.com\/de\/"},{"@type":"ListItem","position":2,"name":"Page boutique","item":"https:\/\/www.silentblocks.com\/shop-2\/"},{"@type":"ListItem","position":3,"name":"Buchsen der hinteren Sto\u00dfd\u00e4mpfer, Kangoo I"}]},{"@type":"WebSite","@id":"https:\/\/www.silentblocks.com\/de\/#website","url":"https:\/\/www.silentblocks.com\/de\/","name":"SILENTBLOCKS","description":"Secure on the road","publisher":{"@id":"https:\/\/www.silentblocks.com\/de\/#organization"},"potentialAction":[{"@type":"SearchAction","target":{"@type":"EntryPoint","urlTemplate":"https:\/\/www.silentblocks.com\/de\/?s={search_term_string}"},"query-input":{"@type":"PropertyValueSpecification","valueRequired":true,"valueName":"search_term_string"}}],"inLanguage":"de"},{"@type":"Organization","@id":"https:\/\/www.silentblocks.com\/de\/#organization","name":"SILENTBLOCKS","url":"https:\/\/www.silentblocks.com\/de\/","logo":{"@type":"ImageObject","inLanguage":"de","@id":"https:\/\/www.silentblocks.com\/de\/#\/schema\/logo\/image\/","url":"https:\/\/www.silentblocks.com\/wp-content\/uploads\/2023\/07\/logo211-sem-fundo_2012-PARA-BOUTIQUE-EBAY.png","contentUrl":"https:\/\/www.silentblocks.com\/wp-content\/uploads\/2023\/07\/logo211-sem-fundo_2012-PARA-BOUTIQUE-EBAY.png","width":300,"height":190,"caption":"SILENTBLOCKS"},"image":{"@id":"https:\/\/www.silentblocks.com\/de\/#\/schema\/logo\/image\/"}}]}},"_links":{"self":[{"href":"https:\/\/www.silentblocks.com\/de\/wp-json\/wp\/v2\/product\/92242","targetHints":{"allow":["GET"]}}],"collection":[{"href":"https:\/\/www.silentblocks.com\/de\/wp-json\/wp\/v2\/product"}],"about":[{"href":"https:\/\/www.silentblocks.com\/de\/wp-json\/wp\/v2\/types\/product"}],"version-history":[{"count":0,"href":"https:\/\/www.silentblocks.com\/de\/wp-json\/wp\/v2\/product\/92242\/revisions"}],"wp:featuredmedia":[{"embeddable":true,"href":"https:\/\/www.silentblocks.com\/de\/wp-json\/wp\/v2\/media\/92238"}],"wp:attachment":[{"href":"https:\/\/www.silentblocks.com\/de\/wp-json\/wp\/v2\/media?parent=92242"}],"wp:term":[{"taxonomy":"product_brand","embeddable":true,"href":"https:\/\/www.silentblocks.com\/de\/wp-json\/wp\/v2\/product_brand?post=92242"},{"taxonomy":"product_cat","embeddable":true,"href":"https:\/\/www.silentblocks.com\/de\/wp-json\/wp\/v2\/product_cat?post=92242"},{"taxonomy":"product_tag","embeddable":true,"href":"https:\/\/www.silentblocks.com\/de\/wp-json\/wp\/v2\/product_tag?post=92242"}],"curies":[{"name":"wp","href":"https:\/\/api.w.org\/{rel}","templated":true}]}}