{"id":92846,"date":"2024-08-24T20:40:05","date_gmt":"2024-08-24T20:40:05","guid":{"rendered":"https:\/\/www.silentblocks.com\/product\/buchsen-kit-vorderradaufhaengung-micra-ii-k11\/"},"modified":"2026-02-17T21:47:36","modified_gmt":"2026-02-17T21:47:36","slug":"buchsen-kit-vorderradaufhaengung-micra-ii-k11","status":"publish","type":"product","link":"https:\/\/www.silentblocks.com\/de\/produkt\/buchsen-kit-vorderradaufhaengung-micra-ii-k11\/","title":{"rendered":"Buchsen-Kit Vorderradaufh\u00e4ngung, Micra II K11"},"content":{"rendered":"<p>Polyurethan-Silentblock-Kit f\u00fcr die Vorderradaufh\u00e4ngung, kompatibel mit den folgenden Fahrzeugen: Nissan Micra II (01.1992-12.2007) Modelle: K11 Im Kit enthalten: Silentbl\u00f6cke f\u00fcr die vorderen unteren Dreiecksquerlenker und den Stabilisator (\u00d819mm). H\u00e4rte: 75Sha Referenzen des Herstellers (OEM-Code) als Hinweis: NZ-4937-2-4 Nagelneue Teile, die mit Rechnung verkauft werden. Alle unsere Produkte haben eine Garantie von 2 Jahren.<\/p>\n","protected":false},"excerpt":{"rendered":"<p>Polyurethan-Silentblock-Kit f\u00fcr die Vorderradaufh\u00e4ngung, kompatibel mit den folgenden Fahrzeugen: Nissan Micra II (01.1992-12.2007) Modelle: K11 Im Kit enthalten: Silentbl\u00f6cke f\u00fcr die vorderen unteren Dreiecksquerlenker und den Stabilisator (\u00d819mm). H\u00e4rte: 75Sha Referenzen des Herstellers (OEM-Code) als Hinweis: NZ-4937-2-4 Nagelneue Teile, die mit Rechnung verkauft werden. Alle unsere Produkte haben eine Garantie von 2 Jahren.<\/p>\n","protected":false},"featured_media":92844,"template":"","meta":[],"product_brand":[],"product_cat":[2212,3189],"product_tag":[],"class_list":{"0":"post-92846","1":"product","2":"type-product","3":"status-publish","4":"has-post-thumbnail","6":"product_cat-nissan-de","7":"product_cat-micra-de","9":"first","10":"instock","11":"shipping-taxable","12":"purchasable","13":"product-type-simple"},"yoast_head":"<!-- This site is optimized with the Yoast SEO Premium plugin v23.0 (Yoast SEO v27.4) - https:\/\/yoast.com\/product\/yoast-seo-premium-wordpress\/ -->\n<title>Buchsen-Kit Vorderradaufh\u00e4ngung, Micra II K11 - SILENT BLOCKS<\/title>\n<meta name=\"description\" content=\"Polyurethan-Silentblocksatz Vorderradaufh\u00e4ngung f\u00fcr Nissan Micra II K11, oem NZ-4937-2-4\" \/>\n<meta name=\"robots\" content=\"index, follow, max-snippet:-1, max-image-preview:large, max-video-preview:-1\" \/>\n<link rel=\"canonical\" href=\"https:\/\/www.silentblocks.com\/de\/produkt\/buchsen-kit-vorderradaufhaengung-micra-ii-k11\/\" \/>\n<meta property=\"og:locale\" content=\"de_DE\" \/>\n<meta property=\"og:type\" content=\"article\" \/>\n<meta property=\"og:title\" content=\"Buchsen-Kit Vorderradaufh\u00e4ngung, Micra II K11\" \/>\n<meta property=\"og:description\" content=\"Polyurethan-Silentblocksatz Vorderradaufh\u00e4ngung f\u00fcr Nissan Micra II K11, oem NZ-4937-2-4\" \/>\n<meta property=\"og:url\" content=\"https:\/\/www.silentblocks.com\/de\/produkt\/buchsen-kit-vorderradaufhaengung-micra-ii-k11\/\" \/>\n<meta property=\"og:site_name\" content=\"SILENT BLOCKS\" \/>\n<meta property=\"article:modified_time\" content=\"2026-02-17T21:47:36+00:00\" \/>\n<meta property=\"og:image\" content=\"https:\/\/www.silentblocks.com\/wp-content\/uploads\/2026\/02\/kit-suspension-avant-micra-k11.jpg\" \/>\n\t<meta property=\"og:image:width\" content=\"800\" \/>\n\t<meta property=\"og:image:height\" content=\"800\" \/>\n\t<meta property=\"og:image:type\" content=\"image\/jpeg\" \/>\n<meta name=\"twitter:card\" content=\"summary_large_image\" \/>\n<script type=\"application\/ld+json\" class=\"yoast-schema-graph\">{\"@context\":\"https:\\\/\\\/schema.org\",\"@graph\":[{\"@type\":\"WebPage\",\"@id\":\"https:\\\/\\\/www.silentblocks.com\\\/de\\\/produkt\\\/buchsen-kit-vorderradaufhaengung-micra-ii-k11\\\/\",\"url\":\"https:\\\/\\\/www.silentblocks.com\\\/de\\\/produkt\\\/buchsen-kit-vorderradaufhaengung-micra-ii-k11\\\/\",\"name\":\"Buchsen-Kit Vorderradaufh\u00e4ngung, Micra II K11 - SILENT BLOCKS\",\"isPartOf\":{\"@id\":\"https:\\\/\\\/www.silentblocks.com\\\/de\\\/#website\"},\"primaryImageOfPage\":{\"@id\":\"https:\\\/\\\/www.silentblocks.com\\\/de\\\/produkt\\\/buchsen-kit-vorderradaufhaengung-micra-ii-k11\\\/#primaryimage\"},\"image\":{\"@id\":\"https:\\\/\\\/www.silentblocks.com\\\/de\\\/produkt\\\/buchsen-kit-vorderradaufhaengung-micra-ii-k11\\\/#primaryimage\"},\"thumbnailUrl\":\"https:\\\/\\\/www.silentblocks.com\\\/wp-content\\\/uploads\\\/2026\\\/02\\\/kit-suspension-avant-micra-k11.jpg\",\"datePublished\":\"2024-08-24T20:40:05+00:00\",\"dateModified\":\"2026-02-17T21:47:36+00:00\",\"description\":\"Polyurethan-Silentblocksatz Vorderradaufh\u00e4ngung f\u00fcr Nissan Micra II K11, oem NZ-4937-2-4\",\"breadcrumb\":{\"@id\":\"https:\\\/\\\/www.silentblocks.com\\\/de\\\/produkt\\\/buchsen-kit-vorderradaufhaengung-micra-ii-k11\\\/#breadcrumb\"},\"inLanguage\":\"de\",\"potentialAction\":[{\"@type\":\"ReadAction\",\"target\":[\"https:\\\/\\\/www.silentblocks.com\\\/de\\\/produkt\\\/buchsen-kit-vorderradaufhaengung-micra-ii-k11\\\/\"]}]},{\"@type\":\"ImageObject\",\"inLanguage\":\"de\",\"@id\":\"https:\\\/\\\/www.silentblocks.com\\\/de\\\/produkt\\\/buchsen-kit-vorderradaufhaengung-micra-ii-k11\\\/#primaryimage\",\"url\":\"https:\\\/\\\/www.silentblocks.com\\\/wp-content\\\/uploads\\\/2026\\\/02\\\/kit-suspension-avant-micra-k11.jpg\",\"contentUrl\":\"https:\\\/\\\/www.silentblocks.com\\\/wp-content\\\/uploads\\\/2026\\\/02\\\/kit-suspension-avant-micra-k11.jpg\",\"width\":800,\"height\":800},{\"@type\":\"BreadcrumbList\",\"@id\":\"https:\\\/\\\/www.silentblocks.com\\\/de\\\/produkt\\\/buchsen-kit-vorderradaufhaengung-micra-ii-k11\\\/#breadcrumb\",\"itemListElement\":[{\"@type\":\"ListItem\",\"position\":1,\"name\":\"In\u00edcio\",\"item\":\"https:\\\/\\\/www.silentblocks.com\\\/de\\\/\"},{\"@type\":\"ListItem\",\"position\":2,\"name\":\"Page boutique\",\"item\":\"https:\\\/\\\/www.silentblocks.com\\\/shop-2\\\/\"},{\"@type\":\"ListItem\",\"position\":3,\"name\":\"Buchsen-Kit Vorderradaufh\u00e4ngung, Micra II K11\"}]},{\"@type\":\"WebSite\",\"@id\":\"https:\\\/\\\/www.silentblocks.com\\\/de\\\/#website\",\"url\":\"https:\\\/\\\/www.silentblocks.com\\\/de\\\/\",\"name\":\"SILENTBLOCKS\",\"description\":\"Secure on the road\",\"publisher\":{\"@id\":\"https:\\\/\\\/www.silentblocks.com\\\/de\\\/#organization\"},\"potentialAction\":[{\"@type\":\"SearchAction\",\"target\":{\"@type\":\"EntryPoint\",\"urlTemplate\":\"https:\\\/\\\/www.silentblocks.com\\\/de\\\/?s={search_term_string}\"},\"query-input\":{\"@type\":\"PropertyValueSpecification\",\"valueRequired\":true,\"valueName\":\"search_term_string\"}}],\"inLanguage\":\"de\"},{\"@type\":\"Organization\",\"@id\":\"https:\\\/\\\/www.silentblocks.com\\\/de\\\/#organization\",\"name\":\"SILENTBLOCKS\",\"url\":\"https:\\\/\\\/www.silentblocks.com\\\/de\\\/\",\"logo\":{\"@type\":\"ImageObject\",\"inLanguage\":\"de\",\"@id\":\"https:\\\/\\\/www.silentblocks.com\\\/de\\\/#\\\/schema\\\/logo\\\/image\\\/\",\"url\":\"https:\\\/\\\/www.silentblocks.com\\\/wp-content\\\/uploads\\\/2023\\\/07\\\/logo211-sem-fundo_2012-PARA-BOUTIQUE-EBAY.png\",\"contentUrl\":\"https:\\\/\\\/www.silentblocks.com\\\/wp-content\\\/uploads\\\/2023\\\/07\\\/logo211-sem-fundo_2012-PARA-BOUTIQUE-EBAY.png\",\"width\":300,\"height\":190,\"caption\":\"SILENTBLOCKS\"},\"image\":{\"@id\":\"https:\\\/\\\/www.silentblocks.com\\\/de\\\/#\\\/schema\\\/logo\\\/image\\\/\"}}]}<\/script>\n<!-- \/ Yoast SEO Premium plugin. -->","yoast_head_json":{"title":"Buchsen-Kit Vorderradaufh\u00e4ngung, Micra II K11 - SILENT BLOCKS","description":"Polyurethan-Silentblocksatz Vorderradaufh\u00e4ngung f\u00fcr Nissan Micra II K11, oem NZ-4937-2-4","robots":{"index":"index","follow":"follow","max-snippet":"max-snippet:-1","max-image-preview":"max-image-preview:large","max-video-preview":"max-video-preview:-1"},"canonical":"https:\/\/www.silentblocks.com\/de\/produkt\/buchsen-kit-vorderradaufhaengung-micra-ii-k11\/","og_locale":"de_DE","og_type":"article","og_title":"Buchsen-Kit Vorderradaufh\u00e4ngung, Micra II K11","og_description":"Polyurethan-Silentblocksatz Vorderradaufh\u00e4ngung f\u00fcr Nissan Micra II K11, oem NZ-4937-2-4","og_url":"https:\/\/www.silentblocks.com\/de\/produkt\/buchsen-kit-vorderradaufhaengung-micra-ii-k11\/","og_site_name":"SILENT BLOCKS","article_modified_time":"2026-02-17T21:47:36+00:00","og_image":[{"width":800,"height":800,"url":"https:\/\/www.silentblocks.com\/wp-content\/uploads\/2026\/02\/kit-suspension-avant-micra-k11.jpg","type":"image\/jpeg"}],"twitter_card":"summary_large_image","schema":{"@context":"https:\/\/schema.org","@graph":[{"@type":"WebPage","@id":"https:\/\/www.silentblocks.com\/de\/produkt\/buchsen-kit-vorderradaufhaengung-micra-ii-k11\/","url":"https:\/\/www.silentblocks.com\/de\/produkt\/buchsen-kit-vorderradaufhaengung-micra-ii-k11\/","name":"Buchsen-Kit Vorderradaufh\u00e4ngung, Micra II K11 - SILENT BLOCKS","isPartOf":{"@id":"https:\/\/www.silentblocks.com\/de\/#website"},"primaryImageOfPage":{"@id":"https:\/\/www.silentblocks.com\/de\/produkt\/buchsen-kit-vorderradaufhaengung-micra-ii-k11\/#primaryimage"},"image":{"@id":"https:\/\/www.silentblocks.com\/de\/produkt\/buchsen-kit-vorderradaufhaengung-micra-ii-k11\/#primaryimage"},"thumbnailUrl":"https:\/\/www.silentblocks.com\/wp-content\/uploads\/2026\/02\/kit-suspension-avant-micra-k11.jpg","datePublished":"2024-08-24T20:40:05+00:00","dateModified":"2026-02-17T21:47:36+00:00","description":"Polyurethan-Silentblocksatz Vorderradaufh\u00e4ngung f\u00fcr Nissan Micra II K11, oem NZ-4937-2-4","breadcrumb":{"@id":"https:\/\/www.silentblocks.com\/de\/produkt\/buchsen-kit-vorderradaufhaengung-micra-ii-k11\/#breadcrumb"},"inLanguage":"de","potentialAction":[{"@type":"ReadAction","target":["https:\/\/www.silentblocks.com\/de\/produkt\/buchsen-kit-vorderradaufhaengung-micra-ii-k11\/"]}]},{"@type":"ImageObject","inLanguage":"de","@id":"https:\/\/www.silentblocks.com\/de\/produkt\/buchsen-kit-vorderradaufhaengung-micra-ii-k11\/#primaryimage","url":"https:\/\/www.silentblocks.com\/wp-content\/uploads\/2026\/02\/kit-suspension-avant-micra-k11.jpg","contentUrl":"https:\/\/www.silentblocks.com\/wp-content\/uploads\/2026\/02\/kit-suspension-avant-micra-k11.jpg","width":800,"height":800},{"@type":"BreadcrumbList","@id":"https:\/\/www.silentblocks.com\/de\/produkt\/buchsen-kit-vorderradaufhaengung-micra-ii-k11\/#breadcrumb","itemListElement":[{"@type":"ListItem","position":1,"name":"In\u00edcio","item":"https:\/\/www.silentblocks.com\/de\/"},{"@type":"ListItem","position":2,"name":"Page boutique","item":"https:\/\/www.silentblocks.com\/shop-2\/"},{"@type":"ListItem","position":3,"name":"Buchsen-Kit Vorderradaufh\u00e4ngung, Micra II K11"}]},{"@type":"WebSite","@id":"https:\/\/www.silentblocks.com\/de\/#website","url":"https:\/\/www.silentblocks.com\/de\/","name":"SILENTBLOCKS","description":"Secure on the road","publisher":{"@id":"https:\/\/www.silentblocks.com\/de\/#organization"},"potentialAction":[{"@type":"SearchAction","target":{"@type":"EntryPoint","urlTemplate":"https:\/\/www.silentblocks.com\/de\/?s={search_term_string}"},"query-input":{"@type":"PropertyValueSpecification","valueRequired":true,"valueName":"search_term_string"}}],"inLanguage":"de"},{"@type":"Organization","@id":"https:\/\/www.silentblocks.com\/de\/#organization","name":"SILENTBLOCKS","url":"https:\/\/www.silentblocks.com\/de\/","logo":{"@type":"ImageObject","inLanguage":"de","@id":"https:\/\/www.silentblocks.com\/de\/#\/schema\/logo\/image\/","url":"https:\/\/www.silentblocks.com\/wp-content\/uploads\/2023\/07\/logo211-sem-fundo_2012-PARA-BOUTIQUE-EBAY.png","contentUrl":"https:\/\/www.silentblocks.com\/wp-content\/uploads\/2023\/07\/logo211-sem-fundo_2012-PARA-BOUTIQUE-EBAY.png","width":300,"height":190,"caption":"SILENTBLOCKS"},"image":{"@id":"https:\/\/www.silentblocks.com\/de\/#\/schema\/logo\/image\/"}}]}},"_links":{"self":[{"href":"https:\/\/www.silentblocks.com\/de\/wp-json\/wp\/v2\/product\/92846","targetHints":{"allow":["GET"]}}],"collection":[{"href":"https:\/\/www.silentblocks.com\/de\/wp-json\/wp\/v2\/product"}],"about":[{"href":"https:\/\/www.silentblocks.com\/de\/wp-json\/wp\/v2\/types\/product"}],"version-history":[{"count":0,"href":"https:\/\/www.silentblocks.com\/de\/wp-json\/wp\/v2\/product\/92846\/revisions"}],"wp:featuredmedia":[{"embeddable":true,"href":"https:\/\/www.silentblocks.com\/de\/wp-json\/wp\/v2\/media\/92844"}],"wp:attachment":[{"href":"https:\/\/www.silentblocks.com\/de\/wp-json\/wp\/v2\/media?parent=92846"}],"wp:term":[{"taxonomy":"product_brand","embeddable":true,"href":"https:\/\/www.silentblocks.com\/de\/wp-json\/wp\/v2\/product_brand?post=92846"},{"taxonomy":"product_cat","embeddable":true,"href":"https:\/\/www.silentblocks.com\/de\/wp-json\/wp\/v2\/product_cat?post=92846"},{"taxonomy":"product_tag","embeddable":true,"href":"https:\/\/www.silentblocks.com\/de\/wp-json\/wp\/v2\/product_tag?post=92846"}],"curies":[{"name":"wp","href":"https:\/\/api.w.org\/{rel}","templated":true}]}}