{"id":93413,"date":"2024-09-26T21:25:07","date_gmt":"2024-09-26T21:25:07","guid":{"rendered":"https:\/\/www.silentblocks.com\/product\/lenkgetriebe-buchslagerset-land-cruiser-prado-j90\/"},"modified":"2026-02-17T21:48:51","modified_gmt":"2026-02-17T21:48:51","slug":"lenkgetriebe-buchslagerset-land-cruiser-prado-j90","status":"publish","type":"product","link":"https:\/\/www.silentblocks.com\/de\/produkt\/lenkgetriebe-buchslagerset-land-cruiser-prado-j90\/","title":{"rendered":"Lenkgetriebe BuchsLagerset, Land Cruiser Prado J90"},"content":{"rendered":"<p>Silentblocks f\u00fcr die Lenkstange, aus Polyurethan, kompatibel mit den folgenden Fahrzeugen: Toyota Land Cruiser 1996-2002 (3.0 Motoren)&gt;3.4) VZJ90-&gt;95 \/ VJ90-&gt;95 \/ KZJ90-&gt;95 \/ GJ90-&gt;95 \/ KDJ90-&gt;95 Abmessung: f\u00fcr Zahnstangen \u00d850mm H\u00e4rte: 75Sha Herstellerreferenzen (OEM-Code) als Hinweis: 45517-35010, 45522-35040 Neue Teile, verkauft mit Rechnung. Alle unsere Produkte haben eine Garantie von 2 Jahren.<\/p>\n","protected":false},"excerpt":{"rendered":"<p>Silentblocks f\u00fcr die Lenkstange, aus Polyurethan, kompatibel mit den folgenden Fahrzeugen: Toyota Land Cruiser 1996-2002 (3.0 Motoren)&gt;3.4) VZJ90-&gt;95 \/ VJ90-&gt;95 \/ KZJ90-&gt;95 \/ GJ90-&gt;95 \/ KDJ90-&gt;95 Abmessung: f\u00fcr Zahnstangen \u00d850mm H\u00e4rte: 75Sha Herstellerreferenzen (OEM-Code) als Hinweis: 45517-35010, 45522-35040 Neue Teile, verkauft mit Rechnung. Alle unsere Produkte haben eine Garantie von 2 Jahren.<\/p>\n","protected":false},"featured_media":93411,"template":"","meta":[],"product_brand":[],"product_cat":[2248,3668],"product_tag":[],"class_list":{"0":"post-93413","1":"product","2":"type-product","3":"status-publish","4":"has-post-thumbnail","6":"product_cat-toyota-de","7":"product_cat-landcruiser-de","9":"first","10":"instock","11":"shipping-taxable","12":"purchasable","13":"product-type-simple"},"yoast_head":"<!-- This site is optimized with the Yoast SEO Premium plugin v23.0 (Yoast SEO v27.4) - https:\/\/yoast.com\/product\/yoast-seo-premium-wordpress\/ -->\n<title>Lenkgetriebe BuchsLagerset, Land Cruiser Prado J90 - SILENT BLOCKS<\/title>\n<meta name=\"description\" content=\"Silentblocks der Lenkstange f\u00fcr Toyota Land Cruiser Prado J90, OEM 45517-35010, 45522-35040\" \/>\n<meta name=\"robots\" content=\"index, follow, max-snippet:-1, max-image-preview:large, max-video-preview:-1\" \/>\n<link rel=\"canonical\" href=\"https:\/\/www.silentblocks.com\/de\/produkt\/lenkgetriebe-buchslagerset-land-cruiser-prado-j90\/\" \/>\n<meta property=\"og:locale\" content=\"de_DE\" \/>\n<meta property=\"og:type\" content=\"article\" \/>\n<meta property=\"og:title\" content=\"Lenkgetriebe BuchsLagerset, Land Cruiser Prado J90\" \/>\n<meta property=\"og:description\" content=\"Silentblocks der Lenkstange f\u00fcr Toyota Land Cruiser Prado J90, OEM 45517-35010, 45522-35040\" \/>\n<meta property=\"og:url\" content=\"https:\/\/www.silentblocks.com\/de\/produkt\/lenkgetriebe-buchslagerset-land-cruiser-prado-j90\/\" \/>\n<meta property=\"og:site_name\" content=\"SILENT BLOCKS\" \/>\n<meta property=\"article:modified_time\" content=\"2026-02-17T21:48:51+00:00\" \/>\n<meta property=\"og:image\" content=\"https:\/\/www.silentblocks.com\/wp-content\/uploads\/2026\/02\/silentblocs-cremaillere-landcruiser-prado-J90-45517-35010-45522-35040.jpg\" \/>\n\t<meta property=\"og:image:width\" content=\"1000\" \/>\n\t<meta property=\"og:image:height\" content=\"1000\" \/>\n\t<meta property=\"og:image:type\" content=\"image\/jpeg\" \/>\n<meta name=\"twitter:card\" content=\"summary_large_image\" \/>\n<script type=\"application\/ld+json\" class=\"yoast-schema-graph\">{\"@context\":\"https:\\\/\\\/schema.org\",\"@graph\":[{\"@type\":\"WebPage\",\"@id\":\"https:\\\/\\\/www.silentblocks.com\\\/de\\\/produkt\\\/lenkgetriebe-buchslagerset-land-cruiser-prado-j90\\\/\",\"url\":\"https:\\\/\\\/www.silentblocks.com\\\/de\\\/produkt\\\/lenkgetriebe-buchslagerset-land-cruiser-prado-j90\\\/\",\"name\":\"Lenkgetriebe BuchsLagerset, Land Cruiser Prado J90 - SILENT BLOCKS\",\"isPartOf\":{\"@id\":\"https:\\\/\\\/www.silentblocks.com\\\/de\\\/#website\"},\"primaryImageOfPage\":{\"@id\":\"https:\\\/\\\/www.silentblocks.com\\\/de\\\/produkt\\\/lenkgetriebe-buchslagerset-land-cruiser-prado-j90\\\/#primaryimage\"},\"image\":{\"@id\":\"https:\\\/\\\/www.silentblocks.com\\\/de\\\/produkt\\\/lenkgetriebe-buchslagerset-land-cruiser-prado-j90\\\/#primaryimage\"},\"thumbnailUrl\":\"https:\\\/\\\/www.silentblocks.com\\\/wp-content\\\/uploads\\\/2026\\\/02\\\/silentblocs-cremaillere-landcruiser-prado-J90-45517-35010-45522-35040.jpg\",\"datePublished\":\"2024-09-26T21:25:07+00:00\",\"dateModified\":\"2026-02-17T21:48:51+00:00\",\"description\":\"Silentblocks der Lenkstange f\u00fcr Toyota Land Cruiser Prado J90, OEM 45517-35010, 45522-35040\",\"breadcrumb\":{\"@id\":\"https:\\\/\\\/www.silentblocks.com\\\/de\\\/produkt\\\/lenkgetriebe-buchslagerset-land-cruiser-prado-j90\\\/#breadcrumb\"},\"inLanguage\":\"de\",\"potentialAction\":[{\"@type\":\"ReadAction\",\"target\":[\"https:\\\/\\\/www.silentblocks.com\\\/de\\\/produkt\\\/lenkgetriebe-buchslagerset-land-cruiser-prado-j90\\\/\"]}]},{\"@type\":\"ImageObject\",\"inLanguage\":\"de\",\"@id\":\"https:\\\/\\\/www.silentblocks.com\\\/de\\\/produkt\\\/lenkgetriebe-buchslagerset-land-cruiser-prado-j90\\\/#primaryimage\",\"url\":\"https:\\\/\\\/www.silentblocks.com\\\/wp-content\\\/uploads\\\/2026\\\/02\\\/silentblocs-cremaillere-landcruiser-prado-J90-45517-35010-45522-35040.jpg\",\"contentUrl\":\"https:\\\/\\\/www.silentblocks.com\\\/wp-content\\\/uploads\\\/2026\\\/02\\\/silentblocs-cremaillere-landcruiser-prado-J90-45517-35010-45522-35040.jpg\",\"width\":1000,\"height\":1000},{\"@type\":\"BreadcrumbList\",\"@id\":\"https:\\\/\\\/www.silentblocks.com\\\/de\\\/produkt\\\/lenkgetriebe-buchslagerset-land-cruiser-prado-j90\\\/#breadcrumb\",\"itemListElement\":[{\"@type\":\"ListItem\",\"position\":1,\"name\":\"In\u00edcio\",\"item\":\"https:\\\/\\\/www.silentblocks.com\\\/de\\\/\"},{\"@type\":\"ListItem\",\"position\":2,\"name\":\"Page boutique\",\"item\":\"https:\\\/\\\/www.silentblocks.com\\\/shop-2\\\/\"},{\"@type\":\"ListItem\",\"position\":3,\"name\":\"Lenkgetriebe BuchsLagerset, Land Cruiser Prado J90\"}]},{\"@type\":\"WebSite\",\"@id\":\"https:\\\/\\\/www.silentblocks.com\\\/de\\\/#website\",\"url\":\"https:\\\/\\\/www.silentblocks.com\\\/de\\\/\",\"name\":\"SILENTBLOCKS\",\"description\":\"Secure on the road\",\"publisher\":{\"@id\":\"https:\\\/\\\/www.silentblocks.com\\\/de\\\/#organization\"},\"potentialAction\":[{\"@type\":\"SearchAction\",\"target\":{\"@type\":\"EntryPoint\",\"urlTemplate\":\"https:\\\/\\\/www.silentblocks.com\\\/de\\\/?s={search_term_string}\"},\"query-input\":{\"@type\":\"PropertyValueSpecification\",\"valueRequired\":true,\"valueName\":\"search_term_string\"}}],\"inLanguage\":\"de\"},{\"@type\":\"Organization\",\"@id\":\"https:\\\/\\\/www.silentblocks.com\\\/de\\\/#organization\",\"name\":\"SILENTBLOCKS\",\"url\":\"https:\\\/\\\/www.silentblocks.com\\\/de\\\/\",\"logo\":{\"@type\":\"ImageObject\",\"inLanguage\":\"de\",\"@id\":\"https:\\\/\\\/www.silentblocks.com\\\/de\\\/#\\\/schema\\\/logo\\\/image\\\/\",\"url\":\"https:\\\/\\\/www.silentblocks.com\\\/wp-content\\\/uploads\\\/2023\\\/07\\\/logo211-sem-fundo_2012-PARA-BOUTIQUE-EBAY.png\",\"contentUrl\":\"https:\\\/\\\/www.silentblocks.com\\\/wp-content\\\/uploads\\\/2023\\\/07\\\/logo211-sem-fundo_2012-PARA-BOUTIQUE-EBAY.png\",\"width\":300,\"height\":190,\"caption\":\"SILENTBLOCKS\"},\"image\":{\"@id\":\"https:\\\/\\\/www.silentblocks.com\\\/de\\\/#\\\/schema\\\/logo\\\/image\\\/\"}}]}<\/script>\n<!-- \/ Yoast SEO Premium plugin. -->","yoast_head_json":{"title":"Lenkgetriebe BuchsLagerset, Land Cruiser Prado J90 - SILENT BLOCKS","description":"Silentblocks der Lenkstange f\u00fcr Toyota Land Cruiser Prado J90, OEM 45517-35010, 45522-35040","robots":{"index":"index","follow":"follow","max-snippet":"max-snippet:-1","max-image-preview":"max-image-preview:large","max-video-preview":"max-video-preview:-1"},"canonical":"https:\/\/www.silentblocks.com\/de\/produkt\/lenkgetriebe-buchslagerset-land-cruiser-prado-j90\/","og_locale":"de_DE","og_type":"article","og_title":"Lenkgetriebe BuchsLagerset, Land Cruiser Prado J90","og_description":"Silentblocks der Lenkstange f\u00fcr Toyota Land Cruiser Prado J90, OEM 45517-35010, 45522-35040","og_url":"https:\/\/www.silentblocks.com\/de\/produkt\/lenkgetriebe-buchslagerset-land-cruiser-prado-j90\/","og_site_name":"SILENT BLOCKS","article_modified_time":"2026-02-17T21:48:51+00:00","og_image":[{"width":1000,"height":1000,"url":"https:\/\/www.silentblocks.com\/wp-content\/uploads\/2026\/02\/silentblocs-cremaillere-landcruiser-prado-J90-45517-35010-45522-35040.jpg","type":"image\/jpeg"}],"twitter_card":"summary_large_image","schema":{"@context":"https:\/\/schema.org","@graph":[{"@type":"WebPage","@id":"https:\/\/www.silentblocks.com\/de\/produkt\/lenkgetriebe-buchslagerset-land-cruiser-prado-j90\/","url":"https:\/\/www.silentblocks.com\/de\/produkt\/lenkgetriebe-buchslagerset-land-cruiser-prado-j90\/","name":"Lenkgetriebe BuchsLagerset, Land Cruiser Prado J90 - SILENT BLOCKS","isPartOf":{"@id":"https:\/\/www.silentblocks.com\/de\/#website"},"primaryImageOfPage":{"@id":"https:\/\/www.silentblocks.com\/de\/produkt\/lenkgetriebe-buchslagerset-land-cruiser-prado-j90\/#primaryimage"},"image":{"@id":"https:\/\/www.silentblocks.com\/de\/produkt\/lenkgetriebe-buchslagerset-land-cruiser-prado-j90\/#primaryimage"},"thumbnailUrl":"https:\/\/www.silentblocks.com\/wp-content\/uploads\/2026\/02\/silentblocs-cremaillere-landcruiser-prado-J90-45517-35010-45522-35040.jpg","datePublished":"2024-09-26T21:25:07+00:00","dateModified":"2026-02-17T21:48:51+00:00","description":"Silentblocks der Lenkstange f\u00fcr Toyota Land Cruiser Prado J90, OEM 45517-35010, 45522-35040","breadcrumb":{"@id":"https:\/\/www.silentblocks.com\/de\/produkt\/lenkgetriebe-buchslagerset-land-cruiser-prado-j90\/#breadcrumb"},"inLanguage":"de","potentialAction":[{"@type":"ReadAction","target":["https:\/\/www.silentblocks.com\/de\/produkt\/lenkgetriebe-buchslagerset-land-cruiser-prado-j90\/"]}]},{"@type":"ImageObject","inLanguage":"de","@id":"https:\/\/www.silentblocks.com\/de\/produkt\/lenkgetriebe-buchslagerset-land-cruiser-prado-j90\/#primaryimage","url":"https:\/\/www.silentblocks.com\/wp-content\/uploads\/2026\/02\/silentblocs-cremaillere-landcruiser-prado-J90-45517-35010-45522-35040.jpg","contentUrl":"https:\/\/www.silentblocks.com\/wp-content\/uploads\/2026\/02\/silentblocs-cremaillere-landcruiser-prado-J90-45517-35010-45522-35040.jpg","width":1000,"height":1000},{"@type":"BreadcrumbList","@id":"https:\/\/www.silentblocks.com\/de\/produkt\/lenkgetriebe-buchslagerset-land-cruiser-prado-j90\/#breadcrumb","itemListElement":[{"@type":"ListItem","position":1,"name":"In\u00edcio","item":"https:\/\/www.silentblocks.com\/de\/"},{"@type":"ListItem","position":2,"name":"Page boutique","item":"https:\/\/www.silentblocks.com\/shop-2\/"},{"@type":"ListItem","position":3,"name":"Lenkgetriebe BuchsLagerset, Land Cruiser Prado J90"}]},{"@type":"WebSite","@id":"https:\/\/www.silentblocks.com\/de\/#website","url":"https:\/\/www.silentblocks.com\/de\/","name":"SILENTBLOCKS","description":"Secure on the road","publisher":{"@id":"https:\/\/www.silentblocks.com\/de\/#organization"},"potentialAction":[{"@type":"SearchAction","target":{"@type":"EntryPoint","urlTemplate":"https:\/\/www.silentblocks.com\/de\/?s={search_term_string}"},"query-input":{"@type":"PropertyValueSpecification","valueRequired":true,"valueName":"search_term_string"}}],"inLanguage":"de"},{"@type":"Organization","@id":"https:\/\/www.silentblocks.com\/de\/#organization","name":"SILENTBLOCKS","url":"https:\/\/www.silentblocks.com\/de\/","logo":{"@type":"ImageObject","inLanguage":"de","@id":"https:\/\/www.silentblocks.com\/de\/#\/schema\/logo\/image\/","url":"https:\/\/www.silentblocks.com\/wp-content\/uploads\/2023\/07\/logo211-sem-fundo_2012-PARA-BOUTIQUE-EBAY.png","contentUrl":"https:\/\/www.silentblocks.com\/wp-content\/uploads\/2023\/07\/logo211-sem-fundo_2012-PARA-BOUTIQUE-EBAY.png","width":300,"height":190,"caption":"SILENTBLOCKS"},"image":{"@id":"https:\/\/www.silentblocks.com\/de\/#\/schema\/logo\/image\/"}}]}},"_links":{"self":[{"href":"https:\/\/www.silentblocks.com\/de\/wp-json\/wp\/v2\/product\/93413","targetHints":{"allow":["GET"]}}],"collection":[{"href":"https:\/\/www.silentblocks.com\/de\/wp-json\/wp\/v2\/product"}],"about":[{"href":"https:\/\/www.silentblocks.com\/de\/wp-json\/wp\/v2\/types\/product"}],"version-history":[{"count":0,"href":"https:\/\/www.silentblocks.com\/de\/wp-json\/wp\/v2\/product\/93413\/revisions"}],"wp:featuredmedia":[{"embeddable":true,"href":"https:\/\/www.silentblocks.com\/de\/wp-json\/wp\/v2\/media\/93411"}],"wp:attachment":[{"href":"https:\/\/www.silentblocks.com\/de\/wp-json\/wp\/v2\/media?parent=93413"}],"wp:term":[{"taxonomy":"product_brand","embeddable":true,"href":"https:\/\/www.silentblocks.com\/de\/wp-json\/wp\/v2\/product_brand?post=93413"},{"taxonomy":"product_cat","embeddable":true,"href":"https:\/\/www.silentblocks.com\/de\/wp-json\/wp\/v2\/product_cat?post=93413"},{"taxonomy":"product_tag","embeddable":true,"href":"https:\/\/www.silentblocks.com\/de\/wp-json\/wp\/v2\/product_tag?post=93413"}],"curies":[{"name":"wp","href":"https:\/\/api.w.org\/{rel}","templated":true}]}}