{"id":93666,"date":"2024-11-02T11:18:11","date_gmt":"2024-11-02T11:18:11","guid":{"rendered":"https:\/\/www.silentblocks.com\/product\/exzentrische-bolzen-fuer-die-einstellung-der-woelbung-der-arme-mazda-3-6-cx-5-mx-5\/"},"modified":"2026-02-17T21:49:28","modified_gmt":"2026-02-17T21:49:28","slug":"exzentrische-bolzen-fuer-die-einstellung-der-woelbung-der-arme-mazda-3-6-cx-5-mx-5","status":"publish","type":"product","link":"https:\/\/www.silentblocks.com\/de\/produkt\/exzentrische-bolzen-fuer-die-einstellung-der-woelbung-der-arme-mazda-3-6-cx-5-mx-5\/","title":{"rendered":"Exzentrische Bolzen f\u00fcr die Einstellung der W\u00f6lbung der Arme, Mazda 3, 6, CX-5, MX-5"},"content":{"rendered":"<p>Exzenterbolzen, Unterlegscheiben und Muttern f\u00fcr die Einstellung des Cambers der hinteren Querlenker, passend f\u00fcr die folgenden Fahrzeuge:<br \/>\nMazda 3 BM 2013-2015<br \/>\nMazda 3 BN 2016-<br \/>\nMazda 6 GG 2002-2005<br \/>\nMazda 6 GH 2007-2010<br \/>\nMazda 6 GJ 2012-2012<br \/>\nMazda 6 GL 2016-<br \/>\nMazda 6 MPS GG 2005-2005<br \/>\nMazda 6 WAGON GH 2007-2009<br \/>\nMazda 6 WAGON GJ 2012-2012<br \/>\nMazda 6 WAGON GY 2002-2005<br \/>\nMazda CX-5 KE 2011-2012<br \/>\nMazda CX-5 KF 2017-<br \/>\nMazda MX-5 NC 2005-2008<\/p>\n<p>Referenzen des Herstellers (OEM-Code) zur Orientierung :<br \/>\nKD35-28-66Z, 9YB04-1221D, 9YB04-1238, B001-39-037B, FD16-28-473, FD16-28-473A, FD16-28-66ZA<\/p>\n<p>Neue Teile, die mit Rechnung verkauft werden. Alle unsere Produkte haben eine Garantie von 2 Jahren.<\/p>\n","protected":false},"excerpt":{"rendered":"<p>Exzenterbolzen, Unterlegscheiben und Muttern f\u00fcr die Einstellung des Cambers der hinteren Querlenker, passend f\u00fcr die folgenden Fahrzeuge: Mazda 3 BM 2013-2015 Mazda 3 BN 2016- Mazda 6 GG 2002-2005 Mazda 6 GH 2007-2010 Mazda 6 GJ 2012-2012 Mazda 6 GL 2016- Mazda 6 MPS GG 2005-2005 Mazda 6 WAGON GH 2007-2009 Mazda 6 WAGON GJ [&hellip;]<\/p>\n","protected":false},"featured_media":93664,"template":"","meta":[],"product_brand":[],"product_cat":[2200,4336,3000,6265,4339,3024,4345,3037],"product_tag":[],"class_list":{"0":"post-93666","1":"product","2":"type-product","3":"status-publish","4":"has-post-thumbnail","6":"product_cat-mazda-de","7":"product_cat-3-bm-2013-2016-de","8":"product_cat-6-de","9":"product_cat-6-gh","10":"product_cat-6-gj-gl-de","11":"product_cat-cx-5-de","12":"product_cat-cx-5-kf-2017-de","13":"product_cat-mx-5-de","15":"first","16":"instock","17":"shipping-taxable","18":"purchasable","19":"product-type-simple"},"yoast_head":"<!-- This site is optimized with the Yoast SEO Premium plugin v23.0 (Yoast SEO v27.4) - https:\/\/yoast.com\/product\/yoast-seo-premium-wordpress\/ -->\n<title>Exzentrische Bolzen f\u00fcr die Einstellung der W\u00f6lbung der Arme, Mazda 3, 6, CX-5, MX-5 - SILENT BLOCKS<\/title>\n<meta name=\"description\" content=\"Exzentrische Bolzen f\u00fcr die Einstellung der W\u00f6lbung der Arme, Mazda 3, 6, CX-5, MX-5, oem KD35-28-66Z, 9YB04-1221D, 9YB04-1238, B001-39-037B, FD16-28-473\" \/>\n<meta name=\"robots\" content=\"index, follow, max-snippet:-1, max-image-preview:large, max-video-preview:-1\" \/>\n<link rel=\"canonical\" href=\"https:\/\/www.silentblocks.com\/de\/produkt\/exzentrische-bolzen-fuer-die-einstellung-der-woelbung-der-arme-mazda-3-6-cx-5-mx-5\/\" \/>\n<meta property=\"og:locale\" content=\"de_DE\" \/>\n<meta property=\"og:type\" content=\"article\" \/>\n<meta property=\"og:title\" content=\"Exzentrische Bolzen f\u00fcr die Einstellung der W\u00f6lbung der Arme, Mazda 3, 6, CX-5, MX-5\" \/>\n<meta property=\"og:description\" content=\"Exzentrische Bolzen f\u00fcr die Einstellung der W\u00f6lbung der Arme, Mazda 3, 6, CX-5, MX-5, oem KD35-28-66Z, 9YB04-1221D, 9YB04-1238, B001-39-037B, FD16-28-473\" \/>\n<meta property=\"og:url\" content=\"https:\/\/www.silentblocks.com\/de\/produkt\/exzentrische-bolzen-fuer-die-einstellung-der-woelbung-der-arme-mazda-3-6-cx-5-mx-5\/\" \/>\n<meta property=\"og:site_name\" content=\"SILENT BLOCKS\" \/>\n<meta property=\"article:modified_time\" content=\"2026-02-17T21:49:28+00:00\" \/>\n<meta property=\"og:image\" content=\"https:\/\/www.silentblocks.com\/wp-content\/uploads\/2026\/02\/boulon-excentric-bras-arriere-mazda-6-CX-5-KD35-28-473-KD3528473-KD35-28-66Z-KD352866Z.jpg\" \/>\n\t<meta property=\"og:image:width\" content=\"1000\" \/>\n\t<meta property=\"og:image:height\" content=\"1000\" \/>\n\t<meta property=\"og:image:type\" content=\"image\/jpeg\" \/>\n<meta name=\"twitter:card\" content=\"summary_large_image\" \/>\n<meta name=\"twitter:label1\" content=\"Gesch\u00e4tzte Lesezeit\" \/>\n\t<meta name=\"twitter:data1\" content=\"1\u00a0Minute\" \/>\n<script type=\"application\/ld+json\" class=\"yoast-schema-graph\">{\"@context\":\"https:\\\/\\\/schema.org\",\"@graph\":[{\"@type\":\"WebPage\",\"@id\":\"https:\\\/\\\/www.silentblocks.com\\\/de\\\/produkt\\\/exzentrische-bolzen-fuer-die-einstellung-der-woelbung-der-arme-mazda-3-6-cx-5-mx-5\\\/\",\"url\":\"https:\\\/\\\/www.silentblocks.com\\\/de\\\/produkt\\\/exzentrische-bolzen-fuer-die-einstellung-der-woelbung-der-arme-mazda-3-6-cx-5-mx-5\\\/\",\"name\":\"Exzentrische Bolzen f\u00fcr die Einstellung der W\u00f6lbung der Arme, Mazda 3, 6, CX-5, MX-5 - SILENT BLOCKS\",\"isPartOf\":{\"@id\":\"https:\\\/\\\/www.silentblocks.com\\\/de\\\/#website\"},\"primaryImageOfPage\":{\"@id\":\"https:\\\/\\\/www.silentblocks.com\\\/de\\\/produkt\\\/exzentrische-bolzen-fuer-die-einstellung-der-woelbung-der-arme-mazda-3-6-cx-5-mx-5\\\/#primaryimage\"},\"image\":{\"@id\":\"https:\\\/\\\/www.silentblocks.com\\\/de\\\/produkt\\\/exzentrische-bolzen-fuer-die-einstellung-der-woelbung-der-arme-mazda-3-6-cx-5-mx-5\\\/#primaryimage\"},\"thumbnailUrl\":\"https:\\\/\\\/www.silentblocks.com\\\/wp-content\\\/uploads\\\/2026\\\/02\\\/boulon-excentric-bras-arriere-mazda-6-CX-5-KD35-28-473-KD3528473-KD35-28-66Z-KD352866Z.jpg\",\"datePublished\":\"2024-11-02T11:18:11+00:00\",\"dateModified\":\"2026-02-17T21:49:28+00:00\",\"description\":\"Exzentrische Bolzen f\u00fcr die Einstellung der W\u00f6lbung der Arme, Mazda 3, 6, CX-5, MX-5, oem KD35-28-66Z, 9YB04-1221D, 9YB04-1238, B001-39-037B, FD16-28-473\",\"breadcrumb\":{\"@id\":\"https:\\\/\\\/www.silentblocks.com\\\/de\\\/produkt\\\/exzentrische-bolzen-fuer-die-einstellung-der-woelbung-der-arme-mazda-3-6-cx-5-mx-5\\\/#breadcrumb\"},\"inLanguage\":\"de\",\"potentialAction\":[{\"@type\":\"ReadAction\",\"target\":[\"https:\\\/\\\/www.silentblocks.com\\\/de\\\/produkt\\\/exzentrische-bolzen-fuer-die-einstellung-der-woelbung-der-arme-mazda-3-6-cx-5-mx-5\\\/\"]}]},{\"@type\":\"ImageObject\",\"inLanguage\":\"de\",\"@id\":\"https:\\\/\\\/www.silentblocks.com\\\/de\\\/produkt\\\/exzentrische-bolzen-fuer-die-einstellung-der-woelbung-der-arme-mazda-3-6-cx-5-mx-5\\\/#primaryimage\",\"url\":\"https:\\\/\\\/www.silentblocks.com\\\/wp-content\\\/uploads\\\/2026\\\/02\\\/boulon-excentric-bras-arriere-mazda-6-CX-5-KD35-28-473-KD3528473-KD35-28-66Z-KD352866Z.jpg\",\"contentUrl\":\"https:\\\/\\\/www.silentblocks.com\\\/wp-content\\\/uploads\\\/2026\\\/02\\\/boulon-excentric-bras-arriere-mazda-6-CX-5-KD35-28-473-KD3528473-KD35-28-66Z-KD352866Z.jpg\",\"width\":1000,\"height\":1000},{\"@type\":\"BreadcrumbList\",\"@id\":\"https:\\\/\\\/www.silentblocks.com\\\/de\\\/produkt\\\/exzentrische-bolzen-fuer-die-einstellung-der-woelbung-der-arme-mazda-3-6-cx-5-mx-5\\\/#breadcrumb\",\"itemListElement\":[{\"@type\":\"ListItem\",\"position\":1,\"name\":\"In\u00edcio\",\"item\":\"https:\\\/\\\/www.silentblocks.com\\\/de\\\/\"},{\"@type\":\"ListItem\",\"position\":2,\"name\":\"Page boutique\",\"item\":\"https:\\\/\\\/www.silentblocks.com\\\/shop-2\\\/\"},{\"@type\":\"ListItem\",\"position\":3,\"name\":\"Exzentrische Bolzen f\u00fcr die Einstellung der W\u00f6lbung der Arme, Mazda 3, 6, CX-5, MX-5\"}]},{\"@type\":\"WebSite\",\"@id\":\"https:\\\/\\\/www.silentblocks.com\\\/de\\\/#website\",\"url\":\"https:\\\/\\\/www.silentblocks.com\\\/de\\\/\",\"name\":\"SILENTBLOCKS\",\"description\":\"Secure on the road\",\"publisher\":{\"@id\":\"https:\\\/\\\/www.silentblocks.com\\\/de\\\/#organization\"},\"potentialAction\":[{\"@type\":\"SearchAction\",\"target\":{\"@type\":\"EntryPoint\",\"urlTemplate\":\"https:\\\/\\\/www.silentblocks.com\\\/de\\\/?s={search_term_string}\"},\"query-input\":{\"@type\":\"PropertyValueSpecification\",\"valueRequired\":true,\"valueName\":\"search_term_string\"}}],\"inLanguage\":\"de\"},{\"@type\":\"Organization\",\"@id\":\"https:\\\/\\\/www.silentblocks.com\\\/de\\\/#organization\",\"name\":\"SILENTBLOCKS\",\"url\":\"https:\\\/\\\/www.silentblocks.com\\\/de\\\/\",\"logo\":{\"@type\":\"ImageObject\",\"inLanguage\":\"de\",\"@id\":\"https:\\\/\\\/www.silentblocks.com\\\/de\\\/#\\\/schema\\\/logo\\\/image\\\/\",\"url\":\"https:\\\/\\\/www.silentblocks.com\\\/wp-content\\\/uploads\\\/2023\\\/07\\\/logo211-sem-fundo_2012-PARA-BOUTIQUE-EBAY.png\",\"contentUrl\":\"https:\\\/\\\/www.silentblocks.com\\\/wp-content\\\/uploads\\\/2023\\\/07\\\/logo211-sem-fundo_2012-PARA-BOUTIQUE-EBAY.png\",\"width\":300,\"height\":190,\"caption\":\"SILENTBLOCKS\"},\"image\":{\"@id\":\"https:\\\/\\\/www.silentblocks.com\\\/de\\\/#\\\/schema\\\/logo\\\/image\\\/\"}}]}<\/script>\n<!-- \/ Yoast SEO Premium plugin. -->","yoast_head_json":{"title":"Exzentrische Bolzen f\u00fcr die Einstellung der W\u00f6lbung der Arme, Mazda 3, 6, CX-5, MX-5 - SILENT BLOCKS","description":"Exzentrische Bolzen f\u00fcr die Einstellung der W\u00f6lbung der Arme, Mazda 3, 6, CX-5, MX-5, oem KD35-28-66Z, 9YB04-1221D, 9YB04-1238, B001-39-037B, FD16-28-473","robots":{"index":"index","follow":"follow","max-snippet":"max-snippet:-1","max-image-preview":"max-image-preview:large","max-video-preview":"max-video-preview:-1"},"canonical":"https:\/\/www.silentblocks.com\/de\/produkt\/exzentrische-bolzen-fuer-die-einstellung-der-woelbung-der-arme-mazda-3-6-cx-5-mx-5\/","og_locale":"de_DE","og_type":"article","og_title":"Exzentrische Bolzen f\u00fcr die Einstellung der W\u00f6lbung der Arme, Mazda 3, 6, CX-5, MX-5","og_description":"Exzentrische Bolzen f\u00fcr die Einstellung der W\u00f6lbung der Arme, Mazda 3, 6, CX-5, MX-5, oem KD35-28-66Z, 9YB04-1221D, 9YB04-1238, B001-39-037B, FD16-28-473","og_url":"https:\/\/www.silentblocks.com\/de\/produkt\/exzentrische-bolzen-fuer-die-einstellung-der-woelbung-der-arme-mazda-3-6-cx-5-mx-5\/","og_site_name":"SILENT BLOCKS","article_modified_time":"2026-02-17T21:49:28+00:00","og_image":[{"width":1000,"height":1000,"url":"https:\/\/www.silentblocks.com\/wp-content\/uploads\/2026\/02\/boulon-excentric-bras-arriere-mazda-6-CX-5-KD35-28-473-KD3528473-KD35-28-66Z-KD352866Z.jpg","type":"image\/jpeg"}],"twitter_card":"summary_large_image","twitter_misc":{"Gesch\u00e4tzte Lesezeit":"1\u00a0Minute"},"schema":{"@context":"https:\/\/schema.org","@graph":[{"@type":"WebPage","@id":"https:\/\/www.silentblocks.com\/de\/produkt\/exzentrische-bolzen-fuer-die-einstellung-der-woelbung-der-arme-mazda-3-6-cx-5-mx-5\/","url":"https:\/\/www.silentblocks.com\/de\/produkt\/exzentrische-bolzen-fuer-die-einstellung-der-woelbung-der-arme-mazda-3-6-cx-5-mx-5\/","name":"Exzentrische Bolzen f\u00fcr die Einstellung der W\u00f6lbung der Arme, Mazda 3, 6, CX-5, MX-5 - SILENT BLOCKS","isPartOf":{"@id":"https:\/\/www.silentblocks.com\/de\/#website"},"primaryImageOfPage":{"@id":"https:\/\/www.silentblocks.com\/de\/produkt\/exzentrische-bolzen-fuer-die-einstellung-der-woelbung-der-arme-mazda-3-6-cx-5-mx-5\/#primaryimage"},"image":{"@id":"https:\/\/www.silentblocks.com\/de\/produkt\/exzentrische-bolzen-fuer-die-einstellung-der-woelbung-der-arme-mazda-3-6-cx-5-mx-5\/#primaryimage"},"thumbnailUrl":"https:\/\/www.silentblocks.com\/wp-content\/uploads\/2026\/02\/boulon-excentric-bras-arriere-mazda-6-CX-5-KD35-28-473-KD3528473-KD35-28-66Z-KD352866Z.jpg","datePublished":"2024-11-02T11:18:11+00:00","dateModified":"2026-02-17T21:49:28+00:00","description":"Exzentrische Bolzen f\u00fcr die Einstellung der W\u00f6lbung der Arme, Mazda 3, 6, CX-5, MX-5, oem KD35-28-66Z, 9YB04-1221D, 9YB04-1238, B001-39-037B, FD16-28-473","breadcrumb":{"@id":"https:\/\/www.silentblocks.com\/de\/produkt\/exzentrische-bolzen-fuer-die-einstellung-der-woelbung-der-arme-mazda-3-6-cx-5-mx-5\/#breadcrumb"},"inLanguage":"de","potentialAction":[{"@type":"ReadAction","target":["https:\/\/www.silentblocks.com\/de\/produkt\/exzentrische-bolzen-fuer-die-einstellung-der-woelbung-der-arme-mazda-3-6-cx-5-mx-5\/"]}]},{"@type":"ImageObject","inLanguage":"de","@id":"https:\/\/www.silentblocks.com\/de\/produkt\/exzentrische-bolzen-fuer-die-einstellung-der-woelbung-der-arme-mazda-3-6-cx-5-mx-5\/#primaryimage","url":"https:\/\/www.silentblocks.com\/wp-content\/uploads\/2026\/02\/boulon-excentric-bras-arriere-mazda-6-CX-5-KD35-28-473-KD3528473-KD35-28-66Z-KD352866Z.jpg","contentUrl":"https:\/\/www.silentblocks.com\/wp-content\/uploads\/2026\/02\/boulon-excentric-bras-arriere-mazda-6-CX-5-KD35-28-473-KD3528473-KD35-28-66Z-KD352866Z.jpg","width":1000,"height":1000},{"@type":"BreadcrumbList","@id":"https:\/\/www.silentblocks.com\/de\/produkt\/exzentrische-bolzen-fuer-die-einstellung-der-woelbung-der-arme-mazda-3-6-cx-5-mx-5\/#breadcrumb","itemListElement":[{"@type":"ListItem","position":1,"name":"In\u00edcio","item":"https:\/\/www.silentblocks.com\/de\/"},{"@type":"ListItem","position":2,"name":"Page boutique","item":"https:\/\/www.silentblocks.com\/shop-2\/"},{"@type":"ListItem","position":3,"name":"Exzentrische Bolzen f\u00fcr die Einstellung der W\u00f6lbung der Arme, Mazda 3, 6, CX-5, MX-5"}]},{"@type":"WebSite","@id":"https:\/\/www.silentblocks.com\/de\/#website","url":"https:\/\/www.silentblocks.com\/de\/","name":"SILENTBLOCKS","description":"Secure on the road","publisher":{"@id":"https:\/\/www.silentblocks.com\/de\/#organization"},"potentialAction":[{"@type":"SearchAction","target":{"@type":"EntryPoint","urlTemplate":"https:\/\/www.silentblocks.com\/de\/?s={search_term_string}"},"query-input":{"@type":"PropertyValueSpecification","valueRequired":true,"valueName":"search_term_string"}}],"inLanguage":"de"},{"@type":"Organization","@id":"https:\/\/www.silentblocks.com\/de\/#organization","name":"SILENTBLOCKS","url":"https:\/\/www.silentblocks.com\/de\/","logo":{"@type":"ImageObject","inLanguage":"de","@id":"https:\/\/www.silentblocks.com\/de\/#\/schema\/logo\/image\/","url":"https:\/\/www.silentblocks.com\/wp-content\/uploads\/2023\/07\/logo211-sem-fundo_2012-PARA-BOUTIQUE-EBAY.png","contentUrl":"https:\/\/www.silentblocks.com\/wp-content\/uploads\/2023\/07\/logo211-sem-fundo_2012-PARA-BOUTIQUE-EBAY.png","width":300,"height":190,"caption":"SILENTBLOCKS"},"image":{"@id":"https:\/\/www.silentblocks.com\/de\/#\/schema\/logo\/image\/"}}]}},"_links":{"self":[{"href":"https:\/\/www.silentblocks.com\/de\/wp-json\/wp\/v2\/product\/93666","targetHints":{"allow":["GET"]}}],"collection":[{"href":"https:\/\/www.silentblocks.com\/de\/wp-json\/wp\/v2\/product"}],"about":[{"href":"https:\/\/www.silentblocks.com\/de\/wp-json\/wp\/v2\/types\/product"}],"version-history":[{"count":0,"href":"https:\/\/www.silentblocks.com\/de\/wp-json\/wp\/v2\/product\/93666\/revisions"}],"wp:featuredmedia":[{"embeddable":true,"href":"https:\/\/www.silentblocks.com\/de\/wp-json\/wp\/v2\/media\/93664"}],"wp:attachment":[{"href":"https:\/\/www.silentblocks.com\/de\/wp-json\/wp\/v2\/media?parent=93666"}],"wp:term":[{"taxonomy":"product_brand","embeddable":true,"href":"https:\/\/www.silentblocks.com\/de\/wp-json\/wp\/v2\/product_brand?post=93666"},{"taxonomy":"product_cat","embeddable":true,"href":"https:\/\/www.silentblocks.com\/de\/wp-json\/wp\/v2\/product_cat?post=93666"},{"taxonomy":"product_tag","embeddable":true,"href":"https:\/\/www.silentblocks.com\/de\/wp-json\/wp\/v2\/product_tag?post=93666"}],"curies":[{"name":"wp","href":"https:\/\/api.w.org\/{rel}","templated":true}]}}