{"id":94950,"date":"2025-02-23T18:34:27","date_gmt":"2025-02-23T18:34:27","guid":{"rendered":"https:\/\/www.silentblocks.com\/product\/gleitstuecke-fuer-hintere-federn-bmw-serie-6-e24-serie-7-e32-e38\/"},"modified":"2026-02-17T21:52:43","modified_gmt":"2026-02-17T21:52:43","slug":"gleitstuecke-fuer-hintere-federn-bmw-serie-6-e24-serie-7-e32-e38","status":"publish","type":"product","link":"https:\/\/www.silentblocks.com\/de\/produkt\/gleitstuecke-fuer-hintere-federn-bmw-serie-6-e24-serie-7-e32-e38\/","title":{"rendered":"Gleitst\u00fccke f\u00fcr hintere Federn, BMW Serie 6 E24, Serie 7 E32 E38"},"content":{"rendered":"<p>Gleitkufen der hinteren Federn, aus Polyurethan, passend f\u00fcr die folgenden Fahrzeuge:<br \/>\nBMW Serie 6 E24 (10\/1975 &#8211; 04\/1989)<br \/>\nBMW Serie 7 E32 (09\/1986 &#8211; 10\/1994)<br \/>\nBMW Serie 7 E38 (10\/1994 &#8211; 11\/2001)<\/p>\n<p>Referenzen des Herstellers (OEM-Code) zur Orientierung :<br \/>\n33521131523, 1131523<\/p>\n<p>Neue Teile, die mit Rechnung verkauft werden. Alle unsere Produkte haben eine Garantie von 2 Jahren.<\/p>\n","protected":false},"excerpt":{"rendered":"<p>Gleitkufen der hinteren Federn, aus Polyurethan, passend f\u00fcr die folgenden Fahrzeuge: BMW Serie 6 E24 (10\/1975 &#8211; 04\/1989) BMW Serie 7 E32 (09\/1986 &#8211; 10\/1994) BMW Serie 7 E38 (10\/1994 &#8211; 11\/2001) Referenzen des Herstellers (OEM-Code) zur Orientierung : 33521131523, 1131523 Neue Teile, die mit Rechnung verkauft werden. Alle unsere Produkte haben eine Garantie von [&hellip;]<\/p>\n","protected":false},"featured_media":94945,"template":"","meta":[],"product_brand":[],"product_cat":[932,1013,1898,1014],"product_tag":[],"class_list":{"0":"post-94950","1":"product","2":"type-product","3":"status-publish","4":"has-post-thumbnail","6":"product_cat-bmw","7":"product_cat-serie-7-e32-1986-1994","8":"product_cat-serie-7-e38-1994-2001-de","9":"product_cat-serie-7-e38-1994-2001","11":"first","12":"instock","13":"shipping-taxable","14":"purchasable","15":"product-type-simple"},"yoast_head":"<!-- This site is optimized with the Yoast SEO Premium plugin v23.0 (Yoast SEO v27.4) - https:\/\/yoast.com\/product\/yoast-seo-premium-wordpress\/ -->\n<title>Gleitst\u00fccke f\u00fcr hintere Federn, BMW Serie 6 E24, Serie 7 E32 E38 - SILENT BLOCKS<\/title>\n<meta name=\"description\" content=\"Polsterung der hinteren Federn aus Polyurethan f\u00fcr BMW Serie 6 E24, BMW Serie 7 E32 E38, oem 33521131523, 1131523\" \/>\n<meta name=\"robots\" content=\"index, follow, max-snippet:-1, max-image-preview:large, max-video-preview:-1\" \/>\n<link rel=\"canonical\" href=\"https:\/\/www.silentblocks.com\/de\/produkt\/gleitstuecke-fuer-hintere-federn-bmw-serie-6-e24-serie-7-e32-e38\/\" \/>\n<meta property=\"og:locale\" content=\"de_DE\" \/>\n<meta property=\"og:type\" content=\"article\" \/>\n<meta property=\"og:title\" content=\"Gleitst\u00fccke f\u00fcr hintere Federn, BMW Serie 6 E24, Serie 7 E32 E38\" \/>\n<meta property=\"og:description\" content=\"Polsterung der hinteren Federn aus Polyurethan f\u00fcr BMW Serie 6 E24, BMW Serie 7 E32 E38, oem 33521131523, 1131523\" \/>\n<meta property=\"og:url\" content=\"https:\/\/www.silentblocks.com\/de\/produkt\/gleitstuecke-fuer-hintere-federn-bmw-serie-6-e24-serie-7-e32-e38\/\" \/>\n<meta property=\"og:site_name\" content=\"SILENT BLOCKS\" \/>\n<meta property=\"article:modified_time\" content=\"2026-02-17T21:52:43+00:00\" \/>\n<meta property=\"og:image\" content=\"https:\/\/www.silentblocks.com\/wp-content\/uploads\/2026\/02\/patin-ressort-arriere-e24.jpg\" \/>\n\t<meta property=\"og:image:width\" content=\"1000\" \/>\n\t<meta property=\"og:image:height\" content=\"1000\" \/>\n\t<meta property=\"og:image:type\" content=\"image\/jpeg\" \/>\n<meta name=\"twitter:card\" content=\"summary_large_image\" \/>\n<script type=\"application\/ld+json\" class=\"yoast-schema-graph\">{\"@context\":\"https:\\\/\\\/schema.org\",\"@graph\":[{\"@type\":\"WebPage\",\"@id\":\"https:\\\/\\\/www.silentblocks.com\\\/de\\\/produkt\\\/gleitstuecke-fuer-hintere-federn-bmw-serie-6-e24-serie-7-e32-e38\\\/\",\"url\":\"https:\\\/\\\/www.silentblocks.com\\\/de\\\/produkt\\\/gleitstuecke-fuer-hintere-federn-bmw-serie-6-e24-serie-7-e32-e38\\\/\",\"name\":\"Gleitst\u00fccke f\u00fcr hintere Federn, BMW Serie 6 E24, Serie 7 E32 E38 - SILENT BLOCKS\",\"isPartOf\":{\"@id\":\"https:\\\/\\\/www.silentblocks.com\\\/de\\\/#website\"},\"primaryImageOfPage\":{\"@id\":\"https:\\\/\\\/www.silentblocks.com\\\/de\\\/produkt\\\/gleitstuecke-fuer-hintere-federn-bmw-serie-6-e24-serie-7-e32-e38\\\/#primaryimage\"},\"image\":{\"@id\":\"https:\\\/\\\/www.silentblocks.com\\\/de\\\/produkt\\\/gleitstuecke-fuer-hintere-federn-bmw-serie-6-e24-serie-7-e32-e38\\\/#primaryimage\"},\"thumbnailUrl\":\"https:\\\/\\\/www.silentblocks.com\\\/wp-content\\\/uploads\\\/2026\\\/02\\\/patin-ressort-arriere-e24.jpg\",\"datePublished\":\"2025-02-23T18:34:27+00:00\",\"dateModified\":\"2026-02-17T21:52:43+00:00\",\"description\":\"Polsterung der hinteren Federn aus Polyurethan f\u00fcr BMW Serie 6 E24, BMW Serie 7 E32 E38, oem 33521131523, 1131523\",\"breadcrumb\":{\"@id\":\"https:\\\/\\\/www.silentblocks.com\\\/de\\\/produkt\\\/gleitstuecke-fuer-hintere-federn-bmw-serie-6-e24-serie-7-e32-e38\\\/#breadcrumb\"},\"inLanguage\":\"de\",\"potentialAction\":[{\"@type\":\"ReadAction\",\"target\":[\"https:\\\/\\\/www.silentblocks.com\\\/de\\\/produkt\\\/gleitstuecke-fuer-hintere-federn-bmw-serie-6-e24-serie-7-e32-e38\\\/\"]}]},{\"@type\":\"ImageObject\",\"inLanguage\":\"de\",\"@id\":\"https:\\\/\\\/www.silentblocks.com\\\/de\\\/produkt\\\/gleitstuecke-fuer-hintere-federn-bmw-serie-6-e24-serie-7-e32-e38\\\/#primaryimage\",\"url\":\"https:\\\/\\\/www.silentblocks.com\\\/wp-content\\\/uploads\\\/2026\\\/02\\\/patin-ressort-arriere-e24.jpg\",\"contentUrl\":\"https:\\\/\\\/www.silentblocks.com\\\/wp-content\\\/uploads\\\/2026\\\/02\\\/patin-ressort-arriere-e24.jpg\",\"width\":1000,\"height\":1000},{\"@type\":\"BreadcrumbList\",\"@id\":\"https:\\\/\\\/www.silentblocks.com\\\/de\\\/produkt\\\/gleitstuecke-fuer-hintere-federn-bmw-serie-6-e24-serie-7-e32-e38\\\/#breadcrumb\",\"itemListElement\":[{\"@type\":\"ListItem\",\"position\":1,\"name\":\"In\u00edcio\",\"item\":\"https:\\\/\\\/www.silentblocks.com\\\/de\\\/\"},{\"@type\":\"ListItem\",\"position\":2,\"name\":\"Page boutique\",\"item\":\"https:\\\/\\\/www.silentblocks.com\\\/shop-2\\\/\"},{\"@type\":\"ListItem\",\"position\":3,\"name\":\"Gleitst\u00fccke f\u00fcr hintere Federn, BMW Serie 6 E24, Serie 7 E32 E38\"}]},{\"@type\":\"WebSite\",\"@id\":\"https:\\\/\\\/www.silentblocks.com\\\/de\\\/#website\",\"url\":\"https:\\\/\\\/www.silentblocks.com\\\/de\\\/\",\"name\":\"SILENTBLOCKS\",\"description\":\"Secure on the road\",\"publisher\":{\"@id\":\"https:\\\/\\\/www.silentblocks.com\\\/de\\\/#organization\"},\"potentialAction\":[{\"@type\":\"SearchAction\",\"target\":{\"@type\":\"EntryPoint\",\"urlTemplate\":\"https:\\\/\\\/www.silentblocks.com\\\/de\\\/?s={search_term_string}\"},\"query-input\":{\"@type\":\"PropertyValueSpecification\",\"valueRequired\":true,\"valueName\":\"search_term_string\"}}],\"inLanguage\":\"de\"},{\"@type\":\"Organization\",\"@id\":\"https:\\\/\\\/www.silentblocks.com\\\/de\\\/#organization\",\"name\":\"SILENTBLOCKS\",\"url\":\"https:\\\/\\\/www.silentblocks.com\\\/de\\\/\",\"logo\":{\"@type\":\"ImageObject\",\"inLanguage\":\"de\",\"@id\":\"https:\\\/\\\/www.silentblocks.com\\\/de\\\/#\\\/schema\\\/logo\\\/image\\\/\",\"url\":\"https:\\\/\\\/www.silentblocks.com\\\/wp-content\\\/uploads\\\/2023\\\/07\\\/logo211-sem-fundo_2012-PARA-BOUTIQUE-EBAY.png\",\"contentUrl\":\"https:\\\/\\\/www.silentblocks.com\\\/wp-content\\\/uploads\\\/2023\\\/07\\\/logo211-sem-fundo_2012-PARA-BOUTIQUE-EBAY.png\",\"width\":300,\"height\":190,\"caption\":\"SILENTBLOCKS\"},\"image\":{\"@id\":\"https:\\\/\\\/www.silentblocks.com\\\/de\\\/#\\\/schema\\\/logo\\\/image\\\/\"}}]}<\/script>\n<!-- \/ Yoast SEO Premium plugin. -->","yoast_head_json":{"title":"Gleitst\u00fccke f\u00fcr hintere Federn, BMW Serie 6 E24, Serie 7 E32 E38 - SILENT BLOCKS","description":"Polsterung der hinteren Federn aus Polyurethan f\u00fcr BMW Serie 6 E24, BMW Serie 7 E32 E38, oem 33521131523, 1131523","robots":{"index":"index","follow":"follow","max-snippet":"max-snippet:-1","max-image-preview":"max-image-preview:large","max-video-preview":"max-video-preview:-1"},"canonical":"https:\/\/www.silentblocks.com\/de\/produkt\/gleitstuecke-fuer-hintere-federn-bmw-serie-6-e24-serie-7-e32-e38\/","og_locale":"de_DE","og_type":"article","og_title":"Gleitst\u00fccke f\u00fcr hintere Federn, BMW Serie 6 E24, Serie 7 E32 E38","og_description":"Polsterung der hinteren Federn aus Polyurethan f\u00fcr BMW Serie 6 E24, BMW Serie 7 E32 E38, oem 33521131523, 1131523","og_url":"https:\/\/www.silentblocks.com\/de\/produkt\/gleitstuecke-fuer-hintere-federn-bmw-serie-6-e24-serie-7-e32-e38\/","og_site_name":"SILENT BLOCKS","article_modified_time":"2026-02-17T21:52:43+00:00","og_image":[{"width":1000,"height":1000,"url":"https:\/\/www.silentblocks.com\/wp-content\/uploads\/2026\/02\/patin-ressort-arriere-e24.jpg","type":"image\/jpeg"}],"twitter_card":"summary_large_image","schema":{"@context":"https:\/\/schema.org","@graph":[{"@type":"WebPage","@id":"https:\/\/www.silentblocks.com\/de\/produkt\/gleitstuecke-fuer-hintere-federn-bmw-serie-6-e24-serie-7-e32-e38\/","url":"https:\/\/www.silentblocks.com\/de\/produkt\/gleitstuecke-fuer-hintere-federn-bmw-serie-6-e24-serie-7-e32-e38\/","name":"Gleitst\u00fccke f\u00fcr hintere Federn, BMW Serie 6 E24, Serie 7 E32 E38 - SILENT BLOCKS","isPartOf":{"@id":"https:\/\/www.silentblocks.com\/de\/#website"},"primaryImageOfPage":{"@id":"https:\/\/www.silentblocks.com\/de\/produkt\/gleitstuecke-fuer-hintere-federn-bmw-serie-6-e24-serie-7-e32-e38\/#primaryimage"},"image":{"@id":"https:\/\/www.silentblocks.com\/de\/produkt\/gleitstuecke-fuer-hintere-federn-bmw-serie-6-e24-serie-7-e32-e38\/#primaryimage"},"thumbnailUrl":"https:\/\/www.silentblocks.com\/wp-content\/uploads\/2026\/02\/patin-ressort-arriere-e24.jpg","datePublished":"2025-02-23T18:34:27+00:00","dateModified":"2026-02-17T21:52:43+00:00","description":"Polsterung der hinteren Federn aus Polyurethan f\u00fcr BMW Serie 6 E24, BMW Serie 7 E32 E38, oem 33521131523, 1131523","breadcrumb":{"@id":"https:\/\/www.silentblocks.com\/de\/produkt\/gleitstuecke-fuer-hintere-federn-bmw-serie-6-e24-serie-7-e32-e38\/#breadcrumb"},"inLanguage":"de","potentialAction":[{"@type":"ReadAction","target":["https:\/\/www.silentblocks.com\/de\/produkt\/gleitstuecke-fuer-hintere-federn-bmw-serie-6-e24-serie-7-e32-e38\/"]}]},{"@type":"ImageObject","inLanguage":"de","@id":"https:\/\/www.silentblocks.com\/de\/produkt\/gleitstuecke-fuer-hintere-federn-bmw-serie-6-e24-serie-7-e32-e38\/#primaryimage","url":"https:\/\/www.silentblocks.com\/wp-content\/uploads\/2026\/02\/patin-ressort-arriere-e24.jpg","contentUrl":"https:\/\/www.silentblocks.com\/wp-content\/uploads\/2026\/02\/patin-ressort-arriere-e24.jpg","width":1000,"height":1000},{"@type":"BreadcrumbList","@id":"https:\/\/www.silentblocks.com\/de\/produkt\/gleitstuecke-fuer-hintere-federn-bmw-serie-6-e24-serie-7-e32-e38\/#breadcrumb","itemListElement":[{"@type":"ListItem","position":1,"name":"In\u00edcio","item":"https:\/\/www.silentblocks.com\/de\/"},{"@type":"ListItem","position":2,"name":"Page boutique","item":"https:\/\/www.silentblocks.com\/shop-2\/"},{"@type":"ListItem","position":3,"name":"Gleitst\u00fccke f\u00fcr hintere Federn, BMW Serie 6 E24, Serie 7 E32 E38"}]},{"@type":"WebSite","@id":"https:\/\/www.silentblocks.com\/de\/#website","url":"https:\/\/www.silentblocks.com\/de\/","name":"SILENTBLOCKS","description":"Secure on the road","publisher":{"@id":"https:\/\/www.silentblocks.com\/de\/#organization"},"potentialAction":[{"@type":"SearchAction","target":{"@type":"EntryPoint","urlTemplate":"https:\/\/www.silentblocks.com\/de\/?s={search_term_string}"},"query-input":{"@type":"PropertyValueSpecification","valueRequired":true,"valueName":"search_term_string"}}],"inLanguage":"de"},{"@type":"Organization","@id":"https:\/\/www.silentblocks.com\/de\/#organization","name":"SILENTBLOCKS","url":"https:\/\/www.silentblocks.com\/de\/","logo":{"@type":"ImageObject","inLanguage":"de","@id":"https:\/\/www.silentblocks.com\/de\/#\/schema\/logo\/image\/","url":"https:\/\/www.silentblocks.com\/wp-content\/uploads\/2023\/07\/logo211-sem-fundo_2012-PARA-BOUTIQUE-EBAY.png","contentUrl":"https:\/\/www.silentblocks.com\/wp-content\/uploads\/2023\/07\/logo211-sem-fundo_2012-PARA-BOUTIQUE-EBAY.png","width":300,"height":190,"caption":"SILENTBLOCKS"},"image":{"@id":"https:\/\/www.silentblocks.com\/de\/#\/schema\/logo\/image\/"}}]}},"_links":{"self":[{"href":"https:\/\/www.silentblocks.com\/de\/wp-json\/wp\/v2\/product\/94950","targetHints":{"allow":["GET"]}}],"collection":[{"href":"https:\/\/www.silentblocks.com\/de\/wp-json\/wp\/v2\/product"}],"about":[{"href":"https:\/\/www.silentblocks.com\/de\/wp-json\/wp\/v2\/types\/product"}],"version-history":[{"count":0,"href":"https:\/\/www.silentblocks.com\/de\/wp-json\/wp\/v2\/product\/94950\/revisions"}],"wp:featuredmedia":[{"embeddable":true,"href":"https:\/\/www.silentblocks.com\/de\/wp-json\/wp\/v2\/media\/94945"}],"wp:attachment":[{"href":"https:\/\/www.silentblocks.com\/de\/wp-json\/wp\/v2\/media?parent=94950"}],"wp:term":[{"taxonomy":"product_brand","embeddable":true,"href":"https:\/\/www.silentblocks.com\/de\/wp-json\/wp\/v2\/product_brand?post=94950"},{"taxonomy":"product_cat","embeddable":true,"href":"https:\/\/www.silentblocks.com\/de\/wp-json\/wp\/v2\/product_cat?post=94950"},{"taxonomy":"product_tag","embeddable":true,"href":"https:\/\/www.silentblocks.com\/de\/wp-json\/wp\/v2\/product_tag?post=94950"}],"curies":[{"name":"wp","href":"https:\/\/api.w.org\/{rel}","templated":true}]}}