{"id":97061,"date":"2025-05-10T12:44:06","date_gmt":"2025-05-10T12:44:06","guid":{"rendered":"https:\/\/www.silentblocks.com\/product\/gummilager-strebe-vorne-satz-pajero-pinin\/"},"modified":"2026-02-17T21:58:24","modified_gmt":"2026-02-17T21:58:24","slug":"gummilager-strebe-vorne-satz-pajero-pinin","status":"publish","type":"product","link":"https:\/\/www.silentblocks.com\/de\/produkt\/gummilager-strebe-vorne-satz-pajero-pinin\/","title":{"rendered":"Gummilager strebe vorne satz, Pajero Pinin"},"content":{"rendered":"<p>Buchsens\u00e4tze f\u00fcr die vorderen Aufh\u00e4ngungsstangen, passend f\u00fcr die folgenden Fahrzeuge:<br \/>\nMitsubishi Pajero Pinin (1999-2007) 1.6 4WD (H65W) (75KW \/ 102HP) Benzin<br \/>\nMitsubishi Pajero Pinin (1999-2007) 1.8 GDI (H66W) (88KW \/ 120HP) Benzin<br \/>\nMitsubishi Pajero Pinin (1999-2007) 1.8 GDI (H66W, H76W) (88KW \/ 120HP) Benzin<br \/>\nMitsubishi Pajero Pinin (1999-2007) 1.8 GDI All-wheel Drive (H66W, H76W) (88KW \/ 120HP) Benzin<br \/>\nMitsubishi Pajero Pinin (1999-2007) 1.8 4WD (86KW \/ 117HP) Benzin<br \/>\nMitsubishi Pajero Pinin (1999-2007) 1.8 (H61W, H71W) (96KW \/ 131HP) Benzin<br \/>\nMitsubishi Pajero Pinin (1999-2007) 1.8 (H61W, H71W) (96KW \/ 131HP) Benzin<br \/>\nMitsubishi Pajero Pinin (1999-2007) 1.8 (H76W, H66W) (84KW \/ 114HP) Benzin<br \/>\nMitsubishi Pajero Pinin (1999-2007) 2.0 (96KW \/ 131HP) Benzin<br \/>\nMitsubishi Pajero Pinin (1999-2007) 2.0 GDI (H67W, H77W) (95KW \/ 129HP) Benzin<br \/>\nMitsubishi Pajero Pinin (1999-2007) 2.0 GDI All-wheel Drive (H67W, H77W) (95KW \/ 129HP) Benzin<br \/>\nMitsubishi Pajero Pinin (1999-2007) 2.0 AWD (H77W) (100KW \/ 136HP) Benzin<br \/>\nMitsubishi Pajero Pinin (1999-2007) 2.0 (H62W, H72W) (100KW \/ 136HP) Benzin<\/p>\n<p>Herstellerreferenzen (OEM-Code) zur Orientierung :<br \/>\nMR465868<\/p>\n<p>Neue Teile, die mit Rechnung verkauft werden. Alle unsere Produkte haben eine Garantie von 2 Jahren.<\/p>\n","protected":false},"excerpt":{"rendered":"<p>Buchsens\u00e4tze f\u00fcr die vorderen Aufh\u00e4ngungsstangen, passend f\u00fcr die folgenden Fahrzeuge: Mitsubishi Pajero Pinin (1999-2007) 1.6 4WD (H65W) (75KW \/ 102HP) Benzin Mitsubishi Pajero Pinin (1999-2007) 1.8 GDI (H66W) (88KW \/ 120HP) Benzin Mitsubishi Pajero Pinin (1999-2007) 1.8 GDI (H66W, H76W) (88KW \/ 120HP) Benzin Mitsubishi Pajero Pinin (1999-2007) 1.8 GDI All-wheel Drive (H66W, H76W) (88KW [&hellip;]<\/p>\n","protected":false},"featured_media":97045,"template":"","meta":[],"product_brand":[],"product_cat":[943,1291,3140],"product_tag":[],"class_list":{"0":"post-97061","1":"product","2":"type-product","3":"status-publish","4":"has-post-thumbnail","6":"product_cat-mitsubishi","7":"product_cat-pajero-pinin","8":"product_cat-pajero-pinin-de","10":"first","11":"instock","12":"shipping-taxable","13":"purchasable","14":"product-type-simple"},"yoast_head":"<!-- This site is optimized with the Yoast SEO Premium plugin v23.0 (Yoast SEO v27.4) - https:\/\/yoast.com\/product\/yoast-seo-premium-wordpress\/ -->\n<title>Gummilager strebe vorne satz, Pajero Pinin - SILENT BLOCKS<\/title>\n<meta name=\"description\" content=\"Satz von Buchsen der vorderen Aufh\u00e4ngungsstangen f\u00fcr Mitsubishi Pajero Pinin, oem MR465868\" \/>\n<meta name=\"robots\" content=\"index, follow, max-snippet:-1, max-image-preview:large, max-video-preview:-1\" \/>\n<link rel=\"canonical\" href=\"https:\/\/www.silentblocks.com\/de\/produkt\/gummilager-strebe-vorne-satz-pajero-pinin\/\" \/>\n<meta property=\"og:locale\" content=\"de_DE\" \/>\n<meta property=\"og:type\" content=\"article\" \/>\n<meta property=\"og:title\" content=\"Gummilager strebe vorne satz, Pajero Pinin\" \/>\n<meta property=\"og:description\" content=\"Satz von Buchsen der vorderen Aufh\u00e4ngungsstangen f\u00fcr Mitsubishi Pajero Pinin, oem MR465868\" \/>\n<meta property=\"og:url\" content=\"https:\/\/www.silentblocks.com\/de\/produkt\/gummilager-strebe-vorne-satz-pajero-pinin\/\" \/>\n<meta property=\"og:site_name\" content=\"SILENT BLOCKS\" \/>\n<meta property=\"article:modified_time\" content=\"2026-02-17T21:58:24+00:00\" \/>\n<meta property=\"og:image\" content=\"https:\/\/www.silentblocks.com\/wp-content\/uploads\/2026\/02\/bague-de-tirant-de-suspension-avant-Pinin.jpg\" \/>\n\t<meta property=\"og:image:width\" content=\"1000\" \/>\n\t<meta property=\"og:image:height\" content=\"1000\" \/>\n\t<meta property=\"og:image:type\" content=\"image\/jpeg\" \/>\n<meta name=\"twitter:card\" content=\"summary_large_image\" \/>\n<meta name=\"twitter:label1\" content=\"Gesch\u00e4tzte Lesezeit\" \/>\n\t<meta name=\"twitter:data1\" content=\"1\u00a0Minute\" \/>\n<script type=\"application\/ld+json\" class=\"yoast-schema-graph\">{\"@context\":\"https:\\\/\\\/schema.org\",\"@graph\":[{\"@type\":\"WebPage\",\"@id\":\"https:\\\/\\\/www.silentblocks.com\\\/de\\\/produkt\\\/gummilager-strebe-vorne-satz-pajero-pinin\\\/\",\"url\":\"https:\\\/\\\/www.silentblocks.com\\\/de\\\/produkt\\\/gummilager-strebe-vorne-satz-pajero-pinin\\\/\",\"name\":\"Gummilager strebe vorne satz, Pajero Pinin - SILENT BLOCKS\",\"isPartOf\":{\"@id\":\"https:\\\/\\\/www.silentblocks.com\\\/de\\\/#website\"},\"primaryImageOfPage\":{\"@id\":\"https:\\\/\\\/www.silentblocks.com\\\/de\\\/produkt\\\/gummilager-strebe-vorne-satz-pajero-pinin\\\/#primaryimage\"},\"image\":{\"@id\":\"https:\\\/\\\/www.silentblocks.com\\\/de\\\/produkt\\\/gummilager-strebe-vorne-satz-pajero-pinin\\\/#primaryimage\"},\"thumbnailUrl\":\"https:\\\/\\\/www.silentblocks.com\\\/wp-content\\\/uploads\\\/2026\\\/02\\\/bague-de-tirant-de-suspension-avant-Pinin.jpg\",\"datePublished\":\"2025-05-10T12:44:06+00:00\",\"dateModified\":\"2026-02-17T21:58:24+00:00\",\"description\":\"Satz von Buchsen der vorderen Aufh\u00e4ngungsstangen f\u00fcr Mitsubishi Pajero Pinin, oem MR465868\",\"breadcrumb\":{\"@id\":\"https:\\\/\\\/www.silentblocks.com\\\/de\\\/produkt\\\/gummilager-strebe-vorne-satz-pajero-pinin\\\/#breadcrumb\"},\"inLanguage\":\"de\",\"potentialAction\":[{\"@type\":\"ReadAction\",\"target\":[\"https:\\\/\\\/www.silentblocks.com\\\/de\\\/produkt\\\/gummilager-strebe-vorne-satz-pajero-pinin\\\/\"]}]},{\"@type\":\"ImageObject\",\"inLanguage\":\"de\",\"@id\":\"https:\\\/\\\/www.silentblocks.com\\\/de\\\/produkt\\\/gummilager-strebe-vorne-satz-pajero-pinin\\\/#primaryimage\",\"url\":\"https:\\\/\\\/www.silentblocks.com\\\/wp-content\\\/uploads\\\/2026\\\/02\\\/bague-de-tirant-de-suspension-avant-Pinin.jpg\",\"contentUrl\":\"https:\\\/\\\/www.silentblocks.com\\\/wp-content\\\/uploads\\\/2026\\\/02\\\/bague-de-tirant-de-suspension-avant-Pinin.jpg\",\"width\":1000,\"height\":1000},{\"@type\":\"BreadcrumbList\",\"@id\":\"https:\\\/\\\/www.silentblocks.com\\\/de\\\/produkt\\\/gummilager-strebe-vorne-satz-pajero-pinin\\\/#breadcrumb\",\"itemListElement\":[{\"@type\":\"ListItem\",\"position\":1,\"name\":\"In\u00edcio\",\"item\":\"https:\\\/\\\/www.silentblocks.com\\\/de\\\/\"},{\"@type\":\"ListItem\",\"position\":2,\"name\":\"Page boutique\",\"item\":\"https:\\\/\\\/www.silentblocks.com\\\/shop-2\\\/\"},{\"@type\":\"ListItem\",\"position\":3,\"name\":\"Gummilager strebe vorne satz, Pajero Pinin\"}]},{\"@type\":\"WebSite\",\"@id\":\"https:\\\/\\\/www.silentblocks.com\\\/de\\\/#website\",\"url\":\"https:\\\/\\\/www.silentblocks.com\\\/de\\\/\",\"name\":\"SILENTBLOCKS\",\"description\":\"Secure on the road\",\"publisher\":{\"@id\":\"https:\\\/\\\/www.silentblocks.com\\\/de\\\/#organization\"},\"potentialAction\":[{\"@type\":\"SearchAction\",\"target\":{\"@type\":\"EntryPoint\",\"urlTemplate\":\"https:\\\/\\\/www.silentblocks.com\\\/de\\\/?s={search_term_string}\"},\"query-input\":{\"@type\":\"PropertyValueSpecification\",\"valueRequired\":true,\"valueName\":\"search_term_string\"}}],\"inLanguage\":\"de\"},{\"@type\":\"Organization\",\"@id\":\"https:\\\/\\\/www.silentblocks.com\\\/de\\\/#organization\",\"name\":\"SILENTBLOCKS\",\"url\":\"https:\\\/\\\/www.silentblocks.com\\\/de\\\/\",\"logo\":{\"@type\":\"ImageObject\",\"inLanguage\":\"de\",\"@id\":\"https:\\\/\\\/www.silentblocks.com\\\/de\\\/#\\\/schema\\\/logo\\\/image\\\/\",\"url\":\"https:\\\/\\\/www.silentblocks.com\\\/wp-content\\\/uploads\\\/2023\\\/07\\\/logo211-sem-fundo_2012-PARA-BOUTIQUE-EBAY.png\",\"contentUrl\":\"https:\\\/\\\/www.silentblocks.com\\\/wp-content\\\/uploads\\\/2023\\\/07\\\/logo211-sem-fundo_2012-PARA-BOUTIQUE-EBAY.png\",\"width\":300,\"height\":190,\"caption\":\"SILENTBLOCKS\"},\"image\":{\"@id\":\"https:\\\/\\\/www.silentblocks.com\\\/de\\\/#\\\/schema\\\/logo\\\/image\\\/\"}}]}<\/script>\n<!-- \/ Yoast SEO Premium plugin. -->","yoast_head_json":{"title":"Gummilager strebe vorne satz, Pajero Pinin - SILENT BLOCKS","description":"Satz von Buchsen der vorderen Aufh\u00e4ngungsstangen f\u00fcr Mitsubishi Pajero Pinin, oem MR465868","robots":{"index":"index","follow":"follow","max-snippet":"max-snippet:-1","max-image-preview":"max-image-preview:large","max-video-preview":"max-video-preview:-1"},"canonical":"https:\/\/www.silentblocks.com\/de\/produkt\/gummilager-strebe-vorne-satz-pajero-pinin\/","og_locale":"de_DE","og_type":"article","og_title":"Gummilager strebe vorne satz, Pajero Pinin","og_description":"Satz von Buchsen der vorderen Aufh\u00e4ngungsstangen f\u00fcr Mitsubishi Pajero Pinin, oem MR465868","og_url":"https:\/\/www.silentblocks.com\/de\/produkt\/gummilager-strebe-vorne-satz-pajero-pinin\/","og_site_name":"SILENT BLOCKS","article_modified_time":"2026-02-17T21:58:24+00:00","og_image":[{"width":1000,"height":1000,"url":"https:\/\/www.silentblocks.com\/wp-content\/uploads\/2026\/02\/bague-de-tirant-de-suspension-avant-Pinin.jpg","type":"image\/jpeg"}],"twitter_card":"summary_large_image","twitter_misc":{"Gesch\u00e4tzte Lesezeit":"1\u00a0Minute"},"schema":{"@context":"https:\/\/schema.org","@graph":[{"@type":"WebPage","@id":"https:\/\/www.silentblocks.com\/de\/produkt\/gummilager-strebe-vorne-satz-pajero-pinin\/","url":"https:\/\/www.silentblocks.com\/de\/produkt\/gummilager-strebe-vorne-satz-pajero-pinin\/","name":"Gummilager strebe vorne satz, Pajero Pinin - SILENT BLOCKS","isPartOf":{"@id":"https:\/\/www.silentblocks.com\/de\/#website"},"primaryImageOfPage":{"@id":"https:\/\/www.silentblocks.com\/de\/produkt\/gummilager-strebe-vorne-satz-pajero-pinin\/#primaryimage"},"image":{"@id":"https:\/\/www.silentblocks.com\/de\/produkt\/gummilager-strebe-vorne-satz-pajero-pinin\/#primaryimage"},"thumbnailUrl":"https:\/\/www.silentblocks.com\/wp-content\/uploads\/2026\/02\/bague-de-tirant-de-suspension-avant-Pinin.jpg","datePublished":"2025-05-10T12:44:06+00:00","dateModified":"2026-02-17T21:58:24+00:00","description":"Satz von Buchsen der vorderen Aufh\u00e4ngungsstangen f\u00fcr Mitsubishi Pajero Pinin, oem MR465868","breadcrumb":{"@id":"https:\/\/www.silentblocks.com\/de\/produkt\/gummilager-strebe-vorne-satz-pajero-pinin\/#breadcrumb"},"inLanguage":"de","potentialAction":[{"@type":"ReadAction","target":["https:\/\/www.silentblocks.com\/de\/produkt\/gummilager-strebe-vorne-satz-pajero-pinin\/"]}]},{"@type":"ImageObject","inLanguage":"de","@id":"https:\/\/www.silentblocks.com\/de\/produkt\/gummilager-strebe-vorne-satz-pajero-pinin\/#primaryimage","url":"https:\/\/www.silentblocks.com\/wp-content\/uploads\/2026\/02\/bague-de-tirant-de-suspension-avant-Pinin.jpg","contentUrl":"https:\/\/www.silentblocks.com\/wp-content\/uploads\/2026\/02\/bague-de-tirant-de-suspension-avant-Pinin.jpg","width":1000,"height":1000},{"@type":"BreadcrumbList","@id":"https:\/\/www.silentblocks.com\/de\/produkt\/gummilager-strebe-vorne-satz-pajero-pinin\/#breadcrumb","itemListElement":[{"@type":"ListItem","position":1,"name":"In\u00edcio","item":"https:\/\/www.silentblocks.com\/de\/"},{"@type":"ListItem","position":2,"name":"Page boutique","item":"https:\/\/www.silentblocks.com\/shop-2\/"},{"@type":"ListItem","position":3,"name":"Gummilager strebe vorne satz, Pajero Pinin"}]},{"@type":"WebSite","@id":"https:\/\/www.silentblocks.com\/de\/#website","url":"https:\/\/www.silentblocks.com\/de\/","name":"SILENTBLOCKS","description":"Secure on the road","publisher":{"@id":"https:\/\/www.silentblocks.com\/de\/#organization"},"potentialAction":[{"@type":"SearchAction","target":{"@type":"EntryPoint","urlTemplate":"https:\/\/www.silentblocks.com\/de\/?s={search_term_string}"},"query-input":{"@type":"PropertyValueSpecification","valueRequired":true,"valueName":"search_term_string"}}],"inLanguage":"de"},{"@type":"Organization","@id":"https:\/\/www.silentblocks.com\/de\/#organization","name":"SILENTBLOCKS","url":"https:\/\/www.silentblocks.com\/de\/","logo":{"@type":"ImageObject","inLanguage":"de","@id":"https:\/\/www.silentblocks.com\/de\/#\/schema\/logo\/image\/","url":"https:\/\/www.silentblocks.com\/wp-content\/uploads\/2023\/07\/logo211-sem-fundo_2012-PARA-BOUTIQUE-EBAY.png","contentUrl":"https:\/\/www.silentblocks.com\/wp-content\/uploads\/2023\/07\/logo211-sem-fundo_2012-PARA-BOUTIQUE-EBAY.png","width":300,"height":190,"caption":"SILENTBLOCKS"},"image":{"@id":"https:\/\/www.silentblocks.com\/de\/#\/schema\/logo\/image\/"}}]}},"_links":{"self":[{"href":"https:\/\/www.silentblocks.com\/de\/wp-json\/wp\/v2\/product\/97061","targetHints":{"allow":["GET"]}}],"collection":[{"href":"https:\/\/www.silentblocks.com\/de\/wp-json\/wp\/v2\/product"}],"about":[{"href":"https:\/\/www.silentblocks.com\/de\/wp-json\/wp\/v2\/types\/product"}],"version-history":[{"count":0,"href":"https:\/\/www.silentblocks.com\/de\/wp-json\/wp\/v2\/product\/97061\/revisions"}],"wp:featuredmedia":[{"embeddable":true,"href":"https:\/\/www.silentblocks.com\/de\/wp-json\/wp\/v2\/media\/97045"}],"wp:attachment":[{"href":"https:\/\/www.silentblocks.com\/de\/wp-json\/wp\/v2\/media?parent=97061"}],"wp:term":[{"taxonomy":"product_brand","embeddable":true,"href":"https:\/\/www.silentblocks.com\/de\/wp-json\/wp\/v2\/product_brand?post=97061"},{"taxonomy":"product_cat","embeddable":true,"href":"https:\/\/www.silentblocks.com\/de\/wp-json\/wp\/v2\/product_cat?post=97061"},{"taxonomy":"product_tag","embeddable":true,"href":"https:\/\/www.silentblocks.com\/de\/wp-json\/wp\/v2\/product_tag?post=97061"}],"curies":[{"name":"wp","href":"https:\/\/api.w.org\/{rel}","templated":true}]}}