{"id":98176,"date":"2025-05-31T09:26:28","date_gmt":"2025-05-31T09:26:28","guid":{"rendered":"https:\/\/www.silentblocks.com\/product\/hinterachskoerperbuchsen-stilo-bravo-linea-lancia-delta\/"},"modified":"2026-02-17T22:01:10","modified_gmt":"2026-02-17T22:01:10","slug":"hinterachskoerperbuchsen-stilo-bravo-linea-lancia-delta","status":"publish","type":"product","link":"https:\/\/www.silentblocks.com\/de\/produkt\/hinterachskoerperbuchsen-stilo-bravo-linea-lancia-delta\/","title":{"rendered":"Hinterachsk\u00f6rperbuchsen, Stilo, Bravo, Linea, Lancia Delta"},"content":{"rendered":"<p>2 Buchsen der Hinterachse, passend f\u00fcr die folgenden Fahrzeuge:<br \/>\nFiat Stilo (10.2001&gt;)<br \/>\nModelle: Alle<br \/>\nMotoren: 1.2&gt;2.4<br \/>\nFiat Bravo (11.2006-07.2014)<br \/>\nModelle: II, 198<br \/>\nMotoren: 1.4&gt;2.0<br \/>\nLancia Delta<br \/>\nModelle: III, 844<br \/>\nMotoren: 1.4&gt;2.0<br \/>\nFiat Linea<br \/>\nModelle: 323<br \/>\nMotoren: 1.4<\/p>\n<p>Herstellerreferenzen (OEM-Code) zur Orientierung :<br \/>\n50700796, 50702649, 50 700 796, 50 702 649, 50 706 312, 50 706 505, 51 795 336, 51 812 443, 51 840 600, 507 00 796, 507 02 649, 50706312, 50706505, 517 95 336, 518 12 443, 518 40 600<\/p>\n<p>Neue Teile, die mit Rechnung verkauft werden. Alle unsere Produkte haben eine Garantie von 2 Jahren.<\/p>\n","protected":false},"excerpt":{"rendered":"<p>2 Buchsen der Hinterachse, passend f\u00fcr die folgenden Fahrzeuge: Fiat Stilo (10.2001&gt;) Modelle: Alle Motoren: 1.2&gt;2.4 Fiat Bravo (11.2006-07.2014) Modelle: II, 198 Motoren: 1.4&gt;2.0 Lancia Delta Modelle: III, 844 Motoren: 1.4&gt;2.0 Fiat Linea Modelle: 323 Motoren: 1.4 Herstellerreferenzen (OEM-Code) zur Orientierung : 50700796, 50702649, 50 700 796, 50 702 649, 50 706 312, 50 706 [&hellip;]<\/p>\n","protected":false},"featured_media":98171,"template":"","meta":[],"product_brand":[],"product_cat":[938,1092,1104,1114,935,1207,2898],"product_tag":[],"class_list":{"0":"post-98176","1":"product","2":"type-product","3":"status-publish","4":"has-post-thumbnail","6":"product_cat-fiat","7":"product_cat-bravo","8":"product_cat-linea","9":"product_cat-stilo","10":"product_cat-lancia","11":"product_cat-delta-iii","12":"product_cat-delta-iii-de","14":"first","15":"instock","16":"shipping-taxable","17":"purchasable","18":"product-type-simple"},"yoast_head":"<!-- This site is optimized with the Yoast SEO Premium plugin v23.0 (Yoast SEO v27.4) - https:\/\/yoast.com\/product\/yoast-seo-premium-wordpress\/ -->\n<title>Hinterachsk\u00f6rperbuchsen, Stilo, Bravo, Linea, Lancia Delta - SILENT BLOCKS<\/title>\n<meta name=\"description\" content=\"Buchsen Hinterachsk\u00f6rper aus Polyurethan f\u00fcr Fiat Stilo, Fiat Bravo, Fiat Linea, Lancia Delta, oem 50700796, 50702649, 50 700 796, 50 702 649\" \/>\n<meta name=\"robots\" content=\"index, follow, max-snippet:-1, max-image-preview:large, max-video-preview:-1\" \/>\n<link rel=\"canonical\" href=\"https:\/\/www.silentblocks.com\/de\/produkt\/hinterachskoerperbuchsen-stilo-bravo-linea-lancia-delta\/\" \/>\n<meta property=\"og:locale\" content=\"de_DE\" \/>\n<meta property=\"og:type\" content=\"article\" \/>\n<meta property=\"og:title\" content=\"Hinterachsk\u00f6rperbuchsen, Stilo, Bravo, Linea, Lancia Delta\" \/>\n<meta property=\"og:description\" content=\"Buchsen Hinterachsk\u00f6rper aus Polyurethan f\u00fcr Fiat Stilo, Fiat Bravo, Fiat Linea, Lancia Delta, oem 50700796, 50702649, 50 700 796, 50 702 649\" \/>\n<meta property=\"og:url\" content=\"https:\/\/www.silentblocks.com\/de\/produkt\/hinterachskoerperbuchsen-stilo-bravo-linea-lancia-delta\/\" \/>\n<meta property=\"og:site_name\" content=\"SILENT BLOCKS\" \/>\n<meta property=\"article:modified_time\" content=\"2026-02-17T22:01:10+00:00\" \/>\n<meta property=\"og:image\" content=\"https:\/\/www.silentblocks.com\/wp-content\/uploads\/2026\/02\/silentbloc-polyurethane-corps-essieu-bravo.jpg\" \/>\n\t<meta property=\"og:image:width\" content=\"800\" \/>\n\t<meta property=\"og:image:height\" content=\"800\" \/>\n\t<meta property=\"og:image:type\" content=\"image\/jpeg\" \/>\n<meta name=\"twitter:card\" content=\"summary_large_image\" \/>\n<script type=\"application\/ld+json\" class=\"yoast-schema-graph\">{\"@context\":\"https:\\\/\\\/schema.org\",\"@graph\":[{\"@type\":\"WebPage\",\"@id\":\"https:\\\/\\\/www.silentblocks.com\\\/de\\\/produkt\\\/hinterachskoerperbuchsen-stilo-bravo-linea-lancia-delta\\\/\",\"url\":\"https:\\\/\\\/www.silentblocks.com\\\/de\\\/produkt\\\/hinterachskoerperbuchsen-stilo-bravo-linea-lancia-delta\\\/\",\"name\":\"Hinterachsk\u00f6rperbuchsen, Stilo, Bravo, Linea, Lancia Delta - SILENT BLOCKS\",\"isPartOf\":{\"@id\":\"https:\\\/\\\/www.silentblocks.com\\\/de\\\/#website\"},\"primaryImageOfPage\":{\"@id\":\"https:\\\/\\\/www.silentblocks.com\\\/de\\\/produkt\\\/hinterachskoerperbuchsen-stilo-bravo-linea-lancia-delta\\\/#primaryimage\"},\"image\":{\"@id\":\"https:\\\/\\\/www.silentblocks.com\\\/de\\\/produkt\\\/hinterachskoerperbuchsen-stilo-bravo-linea-lancia-delta\\\/#primaryimage\"},\"thumbnailUrl\":\"https:\\\/\\\/www.silentblocks.com\\\/wp-content\\\/uploads\\\/2026\\\/02\\\/silentbloc-polyurethane-corps-essieu-bravo.jpg\",\"datePublished\":\"2025-05-31T09:26:28+00:00\",\"dateModified\":\"2026-02-17T22:01:10+00:00\",\"description\":\"Buchsen Hinterachsk\u00f6rper aus Polyurethan f\u00fcr Fiat Stilo, Fiat Bravo, Fiat Linea, Lancia Delta, oem 50700796, 50702649, 50 700 796, 50 702 649\",\"breadcrumb\":{\"@id\":\"https:\\\/\\\/www.silentblocks.com\\\/de\\\/produkt\\\/hinterachskoerperbuchsen-stilo-bravo-linea-lancia-delta\\\/#breadcrumb\"},\"inLanguage\":\"de\",\"potentialAction\":[{\"@type\":\"ReadAction\",\"target\":[\"https:\\\/\\\/www.silentblocks.com\\\/de\\\/produkt\\\/hinterachskoerperbuchsen-stilo-bravo-linea-lancia-delta\\\/\"]}]},{\"@type\":\"ImageObject\",\"inLanguage\":\"de\",\"@id\":\"https:\\\/\\\/www.silentblocks.com\\\/de\\\/produkt\\\/hinterachskoerperbuchsen-stilo-bravo-linea-lancia-delta\\\/#primaryimage\",\"url\":\"https:\\\/\\\/www.silentblocks.com\\\/wp-content\\\/uploads\\\/2026\\\/02\\\/silentbloc-polyurethane-corps-essieu-bravo.jpg\",\"contentUrl\":\"https:\\\/\\\/www.silentblocks.com\\\/wp-content\\\/uploads\\\/2026\\\/02\\\/silentbloc-polyurethane-corps-essieu-bravo.jpg\",\"width\":800,\"height\":800},{\"@type\":\"BreadcrumbList\",\"@id\":\"https:\\\/\\\/www.silentblocks.com\\\/de\\\/produkt\\\/hinterachskoerperbuchsen-stilo-bravo-linea-lancia-delta\\\/#breadcrumb\",\"itemListElement\":[{\"@type\":\"ListItem\",\"position\":1,\"name\":\"In\u00edcio\",\"item\":\"https:\\\/\\\/www.silentblocks.com\\\/de\\\/\"},{\"@type\":\"ListItem\",\"position\":2,\"name\":\"Page boutique\",\"item\":\"https:\\\/\\\/www.silentblocks.com\\\/shop-2\\\/\"},{\"@type\":\"ListItem\",\"position\":3,\"name\":\"Hinterachsk\u00f6rperbuchsen, Stilo, Bravo, Linea, Lancia Delta\"}]},{\"@type\":\"WebSite\",\"@id\":\"https:\\\/\\\/www.silentblocks.com\\\/de\\\/#website\",\"url\":\"https:\\\/\\\/www.silentblocks.com\\\/de\\\/\",\"name\":\"SILENTBLOCKS\",\"description\":\"Secure on the road\",\"publisher\":{\"@id\":\"https:\\\/\\\/www.silentblocks.com\\\/de\\\/#organization\"},\"potentialAction\":[{\"@type\":\"SearchAction\",\"target\":{\"@type\":\"EntryPoint\",\"urlTemplate\":\"https:\\\/\\\/www.silentblocks.com\\\/de\\\/?s={search_term_string}\"},\"query-input\":{\"@type\":\"PropertyValueSpecification\",\"valueRequired\":true,\"valueName\":\"search_term_string\"}}],\"inLanguage\":\"de\"},{\"@type\":\"Organization\",\"@id\":\"https:\\\/\\\/www.silentblocks.com\\\/de\\\/#organization\",\"name\":\"SILENTBLOCKS\",\"url\":\"https:\\\/\\\/www.silentblocks.com\\\/de\\\/\",\"logo\":{\"@type\":\"ImageObject\",\"inLanguage\":\"de\",\"@id\":\"https:\\\/\\\/www.silentblocks.com\\\/de\\\/#\\\/schema\\\/logo\\\/image\\\/\",\"url\":\"https:\\\/\\\/www.silentblocks.com\\\/wp-content\\\/uploads\\\/2023\\\/07\\\/logo211-sem-fundo_2012-PARA-BOUTIQUE-EBAY.png\",\"contentUrl\":\"https:\\\/\\\/www.silentblocks.com\\\/wp-content\\\/uploads\\\/2023\\\/07\\\/logo211-sem-fundo_2012-PARA-BOUTIQUE-EBAY.png\",\"width\":300,\"height\":190,\"caption\":\"SILENTBLOCKS\"},\"image\":{\"@id\":\"https:\\\/\\\/www.silentblocks.com\\\/de\\\/#\\\/schema\\\/logo\\\/image\\\/\"}}]}<\/script>\n<!-- \/ Yoast SEO Premium plugin. -->","yoast_head_json":{"title":"Hinterachsk\u00f6rperbuchsen, Stilo, Bravo, Linea, Lancia Delta - SILENT BLOCKS","description":"Buchsen Hinterachsk\u00f6rper aus Polyurethan f\u00fcr Fiat Stilo, Fiat Bravo, Fiat Linea, Lancia Delta, oem 50700796, 50702649, 50 700 796, 50 702 649","robots":{"index":"index","follow":"follow","max-snippet":"max-snippet:-1","max-image-preview":"max-image-preview:large","max-video-preview":"max-video-preview:-1"},"canonical":"https:\/\/www.silentblocks.com\/de\/produkt\/hinterachskoerperbuchsen-stilo-bravo-linea-lancia-delta\/","og_locale":"de_DE","og_type":"article","og_title":"Hinterachsk\u00f6rperbuchsen, Stilo, Bravo, Linea, Lancia Delta","og_description":"Buchsen Hinterachsk\u00f6rper aus Polyurethan f\u00fcr Fiat Stilo, Fiat Bravo, Fiat Linea, Lancia Delta, oem 50700796, 50702649, 50 700 796, 50 702 649","og_url":"https:\/\/www.silentblocks.com\/de\/produkt\/hinterachskoerperbuchsen-stilo-bravo-linea-lancia-delta\/","og_site_name":"SILENT BLOCKS","article_modified_time":"2026-02-17T22:01:10+00:00","og_image":[{"width":800,"height":800,"url":"https:\/\/www.silentblocks.com\/wp-content\/uploads\/2026\/02\/silentbloc-polyurethane-corps-essieu-bravo.jpg","type":"image\/jpeg"}],"twitter_card":"summary_large_image","schema":{"@context":"https:\/\/schema.org","@graph":[{"@type":"WebPage","@id":"https:\/\/www.silentblocks.com\/de\/produkt\/hinterachskoerperbuchsen-stilo-bravo-linea-lancia-delta\/","url":"https:\/\/www.silentblocks.com\/de\/produkt\/hinterachskoerperbuchsen-stilo-bravo-linea-lancia-delta\/","name":"Hinterachsk\u00f6rperbuchsen, Stilo, Bravo, Linea, Lancia Delta - SILENT BLOCKS","isPartOf":{"@id":"https:\/\/www.silentblocks.com\/de\/#website"},"primaryImageOfPage":{"@id":"https:\/\/www.silentblocks.com\/de\/produkt\/hinterachskoerperbuchsen-stilo-bravo-linea-lancia-delta\/#primaryimage"},"image":{"@id":"https:\/\/www.silentblocks.com\/de\/produkt\/hinterachskoerperbuchsen-stilo-bravo-linea-lancia-delta\/#primaryimage"},"thumbnailUrl":"https:\/\/www.silentblocks.com\/wp-content\/uploads\/2026\/02\/silentbloc-polyurethane-corps-essieu-bravo.jpg","datePublished":"2025-05-31T09:26:28+00:00","dateModified":"2026-02-17T22:01:10+00:00","description":"Buchsen Hinterachsk\u00f6rper aus Polyurethan f\u00fcr Fiat Stilo, Fiat Bravo, Fiat Linea, Lancia Delta, oem 50700796, 50702649, 50 700 796, 50 702 649","breadcrumb":{"@id":"https:\/\/www.silentblocks.com\/de\/produkt\/hinterachskoerperbuchsen-stilo-bravo-linea-lancia-delta\/#breadcrumb"},"inLanguage":"de","potentialAction":[{"@type":"ReadAction","target":["https:\/\/www.silentblocks.com\/de\/produkt\/hinterachskoerperbuchsen-stilo-bravo-linea-lancia-delta\/"]}]},{"@type":"ImageObject","inLanguage":"de","@id":"https:\/\/www.silentblocks.com\/de\/produkt\/hinterachskoerperbuchsen-stilo-bravo-linea-lancia-delta\/#primaryimage","url":"https:\/\/www.silentblocks.com\/wp-content\/uploads\/2026\/02\/silentbloc-polyurethane-corps-essieu-bravo.jpg","contentUrl":"https:\/\/www.silentblocks.com\/wp-content\/uploads\/2026\/02\/silentbloc-polyurethane-corps-essieu-bravo.jpg","width":800,"height":800},{"@type":"BreadcrumbList","@id":"https:\/\/www.silentblocks.com\/de\/produkt\/hinterachskoerperbuchsen-stilo-bravo-linea-lancia-delta\/#breadcrumb","itemListElement":[{"@type":"ListItem","position":1,"name":"In\u00edcio","item":"https:\/\/www.silentblocks.com\/de\/"},{"@type":"ListItem","position":2,"name":"Page boutique","item":"https:\/\/www.silentblocks.com\/shop-2\/"},{"@type":"ListItem","position":3,"name":"Hinterachsk\u00f6rperbuchsen, Stilo, Bravo, Linea, Lancia Delta"}]},{"@type":"WebSite","@id":"https:\/\/www.silentblocks.com\/de\/#website","url":"https:\/\/www.silentblocks.com\/de\/","name":"SILENTBLOCKS","description":"Secure on the road","publisher":{"@id":"https:\/\/www.silentblocks.com\/de\/#organization"},"potentialAction":[{"@type":"SearchAction","target":{"@type":"EntryPoint","urlTemplate":"https:\/\/www.silentblocks.com\/de\/?s={search_term_string}"},"query-input":{"@type":"PropertyValueSpecification","valueRequired":true,"valueName":"search_term_string"}}],"inLanguage":"de"},{"@type":"Organization","@id":"https:\/\/www.silentblocks.com\/de\/#organization","name":"SILENTBLOCKS","url":"https:\/\/www.silentblocks.com\/de\/","logo":{"@type":"ImageObject","inLanguage":"de","@id":"https:\/\/www.silentblocks.com\/de\/#\/schema\/logo\/image\/","url":"https:\/\/www.silentblocks.com\/wp-content\/uploads\/2023\/07\/logo211-sem-fundo_2012-PARA-BOUTIQUE-EBAY.png","contentUrl":"https:\/\/www.silentblocks.com\/wp-content\/uploads\/2023\/07\/logo211-sem-fundo_2012-PARA-BOUTIQUE-EBAY.png","width":300,"height":190,"caption":"SILENTBLOCKS"},"image":{"@id":"https:\/\/www.silentblocks.com\/de\/#\/schema\/logo\/image\/"}}]}},"_links":{"self":[{"href":"https:\/\/www.silentblocks.com\/de\/wp-json\/wp\/v2\/product\/98176","targetHints":{"allow":["GET"]}}],"collection":[{"href":"https:\/\/www.silentblocks.com\/de\/wp-json\/wp\/v2\/product"}],"about":[{"href":"https:\/\/www.silentblocks.com\/de\/wp-json\/wp\/v2\/types\/product"}],"version-history":[{"count":0,"href":"https:\/\/www.silentblocks.com\/de\/wp-json\/wp\/v2\/product\/98176\/revisions"}],"wp:featuredmedia":[{"embeddable":true,"href":"https:\/\/www.silentblocks.com\/de\/wp-json\/wp\/v2\/media\/98171"}],"wp:attachment":[{"href":"https:\/\/www.silentblocks.com\/de\/wp-json\/wp\/v2\/media?parent=98176"}],"wp:term":[{"taxonomy":"product_brand","embeddable":true,"href":"https:\/\/www.silentblocks.com\/de\/wp-json\/wp\/v2\/product_brand?post=98176"},{"taxonomy":"product_cat","embeddable":true,"href":"https:\/\/www.silentblocks.com\/de\/wp-json\/wp\/v2\/product_cat?post=98176"},{"taxonomy":"product_tag","embeddable":true,"href":"https:\/\/www.silentblocks.com\/de\/wp-json\/wp\/v2\/product_tag?post=98176"}],"curies":[{"name":"wp","href":"https:\/\/api.w.org\/{rel}","templated":true}]}}