{"id":99247,"date":"2025-06-25T09:43:45","date_gmt":"2025-06-25T09:43:45","guid":{"rendered":"https:\/\/www.silentblocks.com\/product\/buchsen-fuer-die-halterung-des-verteilergetriebes-mitsubishi-l300-seit-1988\/"},"modified":"2026-02-17T22:04:00","modified_gmt":"2026-02-17T22:04:00","slug":"buchsen-fuer-die-halterung-des-verteilergetriebes-mitsubishi-l300-seit-1988","status":"publish","type":"product","link":"https:\/\/www.silentblocks.com\/de\/produkt\/buchsen-fuer-die-halterung-des-verteilergetriebes-mitsubishi-l300-seit-1988\/","title":{"rendered":"Buchsen f\u00fcr die Halterung des Verteilergetriebes, Mitsubishi L300 seit 1988"},"content":{"rendered":"<p>Satz von 4 buchsen f\u00fcr die Halterung des Verteilergetriebes, aus Polyurethan, kompatibel mit den folgenden Fahrzeugen:<br \/>\nMitsubishi L300 II (1988-1998)<br \/>\nNur kompatibel mit dem Ersatzteil MB581119, nicht kompatibel mit Modellen vor 1988.<\/p>\n<p>H\u00e4rte: 80Sha<\/p>\n<p>Herstellerreferenzen (OEM-Code) zur Orientierung :<br \/>\nMB581119, MB581113, MB581114<\/p>\n<p>Neue Teile, die mit Rechnung verkauft werden. Alle unsere Produkte haben eine Garantie von 2 Jahren.<\/p>\n","protected":false},"excerpt":{"rendered":"<p>Satz von 4 buchsen f\u00fcr die Halterung des Verteilergetriebes, aus Polyurethan, kompatibel mit den folgenden Fahrzeugen: Mitsubishi L300 II (1988-1998) Nur kompatibel mit dem Ersatzteil MB581119, nicht kompatibel mit Modellen vor 1988. H\u00e4rte: 80Sha Herstellerreferenzen (OEM-Code) zur Orientierung : MB581119, MB581113, MB581114 Neue Teile, die mit Rechnung verkauft werden. Alle unsere Produkte haben eine Garantie [&hellip;]<\/p>\n","protected":false},"featured_media":99239,"template":"","meta":[],"product_brand":[],"product_cat":[943,3116,1283],"product_tag":[],"class_list":{"0":"post-99247","1":"product","2":"type-product","3":"status-publish","4":"has-post-thumbnail","6":"product_cat-mitsubishi","7":"product_cat-l300-de","8":"product_cat-l300","10":"first","11":"instock","12":"shipping-taxable","13":"purchasable","14":"product-type-simple"},"yoast_head":"<!-- This site is optimized with the Yoast SEO Premium plugin v23.0 (Yoast SEO v27.4) - https:\/\/yoast.com\/product\/yoast-seo-premium-wordpress\/ -->\n<title>Buchsen f\u00fcr die Halterung des Verteilergetriebes, Mitsubishi L300 seit 1988 - SILENT BLOCKS<\/title>\n<meta name=\"description\" content=\"Buchsen f\u00fcr die Halterung des Verteilergetriebes f\u00fcr Mitsubishi L300, kompatibel mit oem MB581119, MB581113, MB581114\" \/>\n<meta name=\"robots\" content=\"index, follow, max-snippet:-1, max-image-preview:large, max-video-preview:-1\" \/>\n<link rel=\"canonical\" href=\"https:\/\/www.silentblocks.com\/de\/produkt\/buchsen-fuer-die-halterung-des-verteilergetriebes-mitsubishi-l300-seit-1988\/\" \/>\n<meta property=\"og:locale\" content=\"de_DE\" \/>\n<meta property=\"og:type\" content=\"article\" \/>\n<meta property=\"og:title\" content=\"Buchsen f\u00fcr die Halterung des Verteilergetriebes, Mitsubishi L300 seit 1988\" \/>\n<meta property=\"og:description\" content=\"Buchsen f\u00fcr die Halterung des Verteilergetriebes f\u00fcr Mitsubishi L300, kompatibel mit oem MB581119, MB581113, MB581114\" \/>\n<meta property=\"og:url\" content=\"https:\/\/www.silentblocks.com\/de\/produkt\/buchsen-fuer-die-halterung-des-verteilergetriebes-mitsubishi-l300-seit-1988\/\" \/>\n<meta property=\"og:site_name\" content=\"SILENT BLOCKS\" \/>\n<meta property=\"article:modified_time\" content=\"2026-02-17T22:04:00+00:00\" \/>\n<meta property=\"og:image\" content=\"https:\/\/www.silentblocks.com\/wp-content\/uploads\/2026\/02\/122013B122014B.jpg\" \/>\n\t<meta property=\"og:image:width\" content=\"1000\" \/>\n\t<meta property=\"og:image:height\" content=\"1000\" \/>\n\t<meta property=\"og:image:type\" content=\"image\/jpeg\" \/>\n<meta name=\"twitter:card\" content=\"summary_large_image\" \/>\n<script type=\"application\/ld+json\" class=\"yoast-schema-graph\">{\"@context\":\"https:\\\/\\\/schema.org\",\"@graph\":[{\"@type\":\"WebPage\",\"@id\":\"https:\\\/\\\/www.silentblocks.com\\\/de\\\/produkt\\\/buchsen-fuer-die-halterung-des-verteilergetriebes-mitsubishi-l300-seit-1988\\\/\",\"url\":\"https:\\\/\\\/www.silentblocks.com\\\/de\\\/produkt\\\/buchsen-fuer-die-halterung-des-verteilergetriebes-mitsubishi-l300-seit-1988\\\/\",\"name\":\"Buchsen f\u00fcr die Halterung des Verteilergetriebes, Mitsubishi L300 seit 1988 - SILENT BLOCKS\",\"isPartOf\":{\"@id\":\"https:\\\/\\\/www.silentblocks.com\\\/de\\\/#website\"},\"primaryImageOfPage\":{\"@id\":\"https:\\\/\\\/www.silentblocks.com\\\/de\\\/produkt\\\/buchsen-fuer-die-halterung-des-verteilergetriebes-mitsubishi-l300-seit-1988\\\/#primaryimage\"},\"image\":{\"@id\":\"https:\\\/\\\/www.silentblocks.com\\\/de\\\/produkt\\\/buchsen-fuer-die-halterung-des-verteilergetriebes-mitsubishi-l300-seit-1988\\\/#primaryimage\"},\"thumbnailUrl\":\"https:\\\/\\\/www.silentblocks.com\\\/wp-content\\\/uploads\\\/2026\\\/02\\\/122013B122014B.jpg\",\"datePublished\":\"2025-06-25T09:43:45+00:00\",\"dateModified\":\"2026-02-17T22:04:00+00:00\",\"description\":\"Buchsen f\u00fcr die Halterung des Verteilergetriebes f\u00fcr Mitsubishi L300, kompatibel mit oem MB581119, MB581113, MB581114\",\"breadcrumb\":{\"@id\":\"https:\\\/\\\/www.silentblocks.com\\\/de\\\/produkt\\\/buchsen-fuer-die-halterung-des-verteilergetriebes-mitsubishi-l300-seit-1988\\\/#breadcrumb\"},\"inLanguage\":\"de\",\"potentialAction\":[{\"@type\":\"ReadAction\",\"target\":[\"https:\\\/\\\/www.silentblocks.com\\\/de\\\/produkt\\\/buchsen-fuer-die-halterung-des-verteilergetriebes-mitsubishi-l300-seit-1988\\\/\"]}]},{\"@type\":\"ImageObject\",\"inLanguage\":\"de\",\"@id\":\"https:\\\/\\\/www.silentblocks.com\\\/de\\\/produkt\\\/buchsen-fuer-die-halterung-des-verteilergetriebes-mitsubishi-l300-seit-1988\\\/#primaryimage\",\"url\":\"https:\\\/\\\/www.silentblocks.com\\\/wp-content\\\/uploads\\\/2026\\\/02\\\/122013B122014B.jpg\",\"contentUrl\":\"https:\\\/\\\/www.silentblocks.com\\\/wp-content\\\/uploads\\\/2026\\\/02\\\/122013B122014B.jpg\",\"width\":1000,\"height\":1000},{\"@type\":\"BreadcrumbList\",\"@id\":\"https:\\\/\\\/www.silentblocks.com\\\/de\\\/produkt\\\/buchsen-fuer-die-halterung-des-verteilergetriebes-mitsubishi-l300-seit-1988\\\/#breadcrumb\",\"itemListElement\":[{\"@type\":\"ListItem\",\"position\":1,\"name\":\"In\u00edcio\",\"item\":\"https:\\\/\\\/www.silentblocks.com\\\/de\\\/\"},{\"@type\":\"ListItem\",\"position\":2,\"name\":\"Page boutique\",\"item\":\"https:\\\/\\\/www.silentblocks.com\\\/shop-2\\\/\"},{\"@type\":\"ListItem\",\"position\":3,\"name\":\"Buchsen f\u00fcr die Halterung des Verteilergetriebes, Mitsubishi L300 seit 1988\"}]},{\"@type\":\"WebSite\",\"@id\":\"https:\\\/\\\/www.silentblocks.com\\\/de\\\/#website\",\"url\":\"https:\\\/\\\/www.silentblocks.com\\\/de\\\/\",\"name\":\"SILENTBLOCKS\",\"description\":\"Secure on the road\",\"publisher\":{\"@id\":\"https:\\\/\\\/www.silentblocks.com\\\/de\\\/#organization\"},\"potentialAction\":[{\"@type\":\"SearchAction\",\"target\":{\"@type\":\"EntryPoint\",\"urlTemplate\":\"https:\\\/\\\/www.silentblocks.com\\\/de\\\/?s={search_term_string}\"},\"query-input\":{\"@type\":\"PropertyValueSpecification\",\"valueRequired\":true,\"valueName\":\"search_term_string\"}}],\"inLanguage\":\"de\"},{\"@type\":\"Organization\",\"@id\":\"https:\\\/\\\/www.silentblocks.com\\\/de\\\/#organization\",\"name\":\"SILENTBLOCKS\",\"url\":\"https:\\\/\\\/www.silentblocks.com\\\/de\\\/\",\"logo\":{\"@type\":\"ImageObject\",\"inLanguage\":\"de\",\"@id\":\"https:\\\/\\\/www.silentblocks.com\\\/de\\\/#\\\/schema\\\/logo\\\/image\\\/\",\"url\":\"https:\\\/\\\/www.silentblocks.com\\\/wp-content\\\/uploads\\\/2023\\\/07\\\/logo211-sem-fundo_2012-PARA-BOUTIQUE-EBAY.png\",\"contentUrl\":\"https:\\\/\\\/www.silentblocks.com\\\/wp-content\\\/uploads\\\/2023\\\/07\\\/logo211-sem-fundo_2012-PARA-BOUTIQUE-EBAY.png\",\"width\":300,\"height\":190,\"caption\":\"SILENTBLOCKS\"},\"image\":{\"@id\":\"https:\\\/\\\/www.silentblocks.com\\\/de\\\/#\\\/schema\\\/logo\\\/image\\\/\"}}]}<\/script>\n<!-- \/ Yoast SEO Premium plugin. -->","yoast_head_json":{"title":"Buchsen f\u00fcr die Halterung des Verteilergetriebes, Mitsubishi L300 seit 1988 - SILENT BLOCKS","description":"Buchsen f\u00fcr die Halterung des Verteilergetriebes f\u00fcr Mitsubishi L300, kompatibel mit oem MB581119, MB581113, MB581114","robots":{"index":"index","follow":"follow","max-snippet":"max-snippet:-1","max-image-preview":"max-image-preview:large","max-video-preview":"max-video-preview:-1"},"canonical":"https:\/\/www.silentblocks.com\/de\/produkt\/buchsen-fuer-die-halterung-des-verteilergetriebes-mitsubishi-l300-seit-1988\/","og_locale":"de_DE","og_type":"article","og_title":"Buchsen f\u00fcr die Halterung des Verteilergetriebes, Mitsubishi L300 seit 1988","og_description":"Buchsen f\u00fcr die Halterung des Verteilergetriebes f\u00fcr Mitsubishi L300, kompatibel mit oem MB581119, MB581113, MB581114","og_url":"https:\/\/www.silentblocks.com\/de\/produkt\/buchsen-fuer-die-halterung-des-verteilergetriebes-mitsubishi-l300-seit-1988\/","og_site_name":"SILENT BLOCKS","article_modified_time":"2026-02-17T22:04:00+00:00","og_image":[{"width":1000,"height":1000,"url":"https:\/\/www.silentblocks.com\/wp-content\/uploads\/2026\/02\/122013B122014B.jpg","type":"image\/jpeg"}],"twitter_card":"summary_large_image","schema":{"@context":"https:\/\/schema.org","@graph":[{"@type":"WebPage","@id":"https:\/\/www.silentblocks.com\/de\/produkt\/buchsen-fuer-die-halterung-des-verteilergetriebes-mitsubishi-l300-seit-1988\/","url":"https:\/\/www.silentblocks.com\/de\/produkt\/buchsen-fuer-die-halterung-des-verteilergetriebes-mitsubishi-l300-seit-1988\/","name":"Buchsen f\u00fcr die Halterung des Verteilergetriebes, Mitsubishi L300 seit 1988 - SILENT BLOCKS","isPartOf":{"@id":"https:\/\/www.silentblocks.com\/de\/#website"},"primaryImageOfPage":{"@id":"https:\/\/www.silentblocks.com\/de\/produkt\/buchsen-fuer-die-halterung-des-verteilergetriebes-mitsubishi-l300-seit-1988\/#primaryimage"},"image":{"@id":"https:\/\/www.silentblocks.com\/de\/produkt\/buchsen-fuer-die-halterung-des-verteilergetriebes-mitsubishi-l300-seit-1988\/#primaryimage"},"thumbnailUrl":"https:\/\/www.silentblocks.com\/wp-content\/uploads\/2026\/02\/122013B122014B.jpg","datePublished":"2025-06-25T09:43:45+00:00","dateModified":"2026-02-17T22:04:00+00:00","description":"Buchsen f\u00fcr die Halterung des Verteilergetriebes f\u00fcr Mitsubishi L300, kompatibel mit oem MB581119, MB581113, MB581114","breadcrumb":{"@id":"https:\/\/www.silentblocks.com\/de\/produkt\/buchsen-fuer-die-halterung-des-verteilergetriebes-mitsubishi-l300-seit-1988\/#breadcrumb"},"inLanguage":"de","potentialAction":[{"@type":"ReadAction","target":["https:\/\/www.silentblocks.com\/de\/produkt\/buchsen-fuer-die-halterung-des-verteilergetriebes-mitsubishi-l300-seit-1988\/"]}]},{"@type":"ImageObject","inLanguage":"de","@id":"https:\/\/www.silentblocks.com\/de\/produkt\/buchsen-fuer-die-halterung-des-verteilergetriebes-mitsubishi-l300-seit-1988\/#primaryimage","url":"https:\/\/www.silentblocks.com\/wp-content\/uploads\/2026\/02\/122013B122014B.jpg","contentUrl":"https:\/\/www.silentblocks.com\/wp-content\/uploads\/2026\/02\/122013B122014B.jpg","width":1000,"height":1000},{"@type":"BreadcrumbList","@id":"https:\/\/www.silentblocks.com\/de\/produkt\/buchsen-fuer-die-halterung-des-verteilergetriebes-mitsubishi-l300-seit-1988\/#breadcrumb","itemListElement":[{"@type":"ListItem","position":1,"name":"In\u00edcio","item":"https:\/\/www.silentblocks.com\/de\/"},{"@type":"ListItem","position":2,"name":"Page boutique","item":"https:\/\/www.silentblocks.com\/shop-2\/"},{"@type":"ListItem","position":3,"name":"Buchsen f\u00fcr die Halterung des Verteilergetriebes, Mitsubishi L300 seit 1988"}]},{"@type":"WebSite","@id":"https:\/\/www.silentblocks.com\/de\/#website","url":"https:\/\/www.silentblocks.com\/de\/","name":"SILENTBLOCKS","description":"Secure on the road","publisher":{"@id":"https:\/\/www.silentblocks.com\/de\/#organization"},"potentialAction":[{"@type":"SearchAction","target":{"@type":"EntryPoint","urlTemplate":"https:\/\/www.silentblocks.com\/de\/?s={search_term_string}"},"query-input":{"@type":"PropertyValueSpecification","valueRequired":true,"valueName":"search_term_string"}}],"inLanguage":"de"},{"@type":"Organization","@id":"https:\/\/www.silentblocks.com\/de\/#organization","name":"SILENTBLOCKS","url":"https:\/\/www.silentblocks.com\/de\/","logo":{"@type":"ImageObject","inLanguage":"de","@id":"https:\/\/www.silentblocks.com\/de\/#\/schema\/logo\/image\/","url":"https:\/\/www.silentblocks.com\/wp-content\/uploads\/2023\/07\/logo211-sem-fundo_2012-PARA-BOUTIQUE-EBAY.png","contentUrl":"https:\/\/www.silentblocks.com\/wp-content\/uploads\/2023\/07\/logo211-sem-fundo_2012-PARA-BOUTIQUE-EBAY.png","width":300,"height":190,"caption":"SILENTBLOCKS"},"image":{"@id":"https:\/\/www.silentblocks.com\/de\/#\/schema\/logo\/image\/"}}]}},"_links":{"self":[{"href":"https:\/\/www.silentblocks.com\/de\/wp-json\/wp\/v2\/product\/99247","targetHints":{"allow":["GET"]}}],"collection":[{"href":"https:\/\/www.silentblocks.com\/de\/wp-json\/wp\/v2\/product"}],"about":[{"href":"https:\/\/www.silentblocks.com\/de\/wp-json\/wp\/v2\/types\/product"}],"version-history":[{"count":0,"href":"https:\/\/www.silentblocks.com\/de\/wp-json\/wp\/v2\/product\/99247\/revisions"}],"wp:featuredmedia":[{"embeddable":true,"href":"https:\/\/www.silentblocks.com\/de\/wp-json\/wp\/v2\/media\/99239"}],"wp:attachment":[{"href":"https:\/\/www.silentblocks.com\/de\/wp-json\/wp\/v2\/media?parent=99247"}],"wp:term":[{"taxonomy":"product_brand","embeddable":true,"href":"https:\/\/www.silentblocks.com\/de\/wp-json\/wp\/v2\/product_brand?post=99247"},{"taxonomy":"product_cat","embeddable":true,"href":"https:\/\/www.silentblocks.com\/de\/wp-json\/wp\/v2\/product_cat?post=99247"},{"taxonomy":"product_tag","embeddable":true,"href":"https:\/\/www.silentblocks.com\/de\/wp-json\/wp\/v2\/product_tag?post=99247"}],"curies":[{"name":"wp","href":"https:\/\/api.w.org\/{rel}","templated":true}]}}