{"id":95663,"date":"2024-06-01T16:02:27","date_gmt":"2024-06-01T16:02:27","guid":{"rendered":"https:\/\/www.silentblocks.com\/product\/rear-axle-body-bushes-honda-civic-ix-type-r\/"},"modified":"2026-02-26T14:52:53","modified_gmt":"2026-02-26T14:52:53","slug":"rear-axle-body-bushes-honda-civic-ix-type-r","status":"publish","type":"product","link":"https:\/\/www.silentblocks.com\/en\/product\/rear-axle-body-bushes-honda-civic-ix-type-r\/","title":{"rendered":"Rear axle body bushes, Honda Civic IX Type R"},"content":{"rendered":"<div  class=\"section-element\"><div class=\"row\"><div class=\"large-12 nasa-col columns\"><div  class=\"wpb_text_column wpb_content_element\"><p>Kit 2 silentblocs du corps d&#8217;essieu arri\u00e8re, en polyur\u00e9thane, compatible avec les v\u00e9hicules suivants:<\/p>\n<p>Honda Civic IX Hatchback (FK):<br \/>\n1.4 i-VTEC (FK1) 1339 ccm, 99 HP<br \/>\n1.6 i-DTEC (FK3), 1597 ccm, 120 HP<br \/>\n1.8 i-VTEC (FK2), 1798 ccm, 141 HP<br \/>\n2.0 i-VTEC Type R (FK2), 1996 ccm, 310 HP<br \/>\n2.2 i-DTEC (FK3), 2199 ccm, 150 HP<\/p>\n<p>Honda Civic IX Sedan (FB, FG):<br \/>\n1.6 (FB7, FB1), 1597 ccm, 125 HP<br \/>\n1.8 (FB2), 1799 ccm, 140 HP<br \/>\n1.8 (FB2), 1798 ccm, 141 HP<\/p>\n<p>Honda Civic IX Tourer (FK):<br \/>\n1.6 i-DTEC (FK3), 1597 ccm, 120 HP<br \/>\n1.8 i-VTEC (FK2), 1798 ccm, 141 HP<\/p>\n<p>Dimensions: 80\/14x97mm<\/p>\n<p>Duret\u00e9: 75Sha<\/p>\n<p>R\u00e9f\u00e9rences du constructeur (code OEM) \u00e0 titre indicatif :<br \/>\n42100TV8E03, 42100-TV0-E00<\/p>\n<p>Pi\u00e8ces neuves, vendues avec facture. Tous nos produits sont garantie 2 ans.<\/p>\n<\/div><\/div><\/div><\/div>\n","protected":false},"excerpt":{"rendered":"","protected":false},"featured_media":91416,"template":"","meta":[],"product_brand":[],"product_cat":[4773,4796],"product_tag":[],"class_list":{"0":"post-95663","1":"product","2":"type-product","3":"status-publish","4":"has-post-thumbnail","6":"product_cat-honda-en","7":"product_cat-civic-ix-type-r-en","9":"first","10":"instock","11":"shipping-taxable","12":"purchasable","13":"product-type-simple"},"yoast_head":"<!-- This site is optimized with the Yoast SEO Premium plugin v23.0 (Yoast SEO v27.4) - https:\/\/yoast.com\/product\/yoast-seo-premium-wordpress\/ -->\n<title>Rear axle body bushes, Honda Civic IX Type R - SILENT BLOCKS<\/title>\n<meta name=\"robots\" content=\"index, follow, max-snippet:-1, max-image-preview:large, max-video-preview:-1\" \/>\n<link rel=\"canonical\" href=\"https:\/\/www.silentblocks.com\/en\/product\/rear-axle-body-bushes-honda-civic-ix-type-r\/\" \/>\n<meta property=\"og:locale\" content=\"en_US\" \/>\n<meta property=\"og:type\" content=\"article\" \/>\n<meta property=\"og:title\" content=\"Rear axle body bushes, Honda Civic IX Type R\" \/>\n<meta property=\"og:url\" content=\"https:\/\/www.silentblocks.com\/en\/product\/rear-axle-body-bushes-honda-civic-ix-type-r\/\" \/>\n<meta property=\"og:site_name\" content=\"SILENT BLOCKS\" \/>\n<meta property=\"article:modified_time\" content=\"2026-02-26T14:52:53+00:00\" \/>\n<meta property=\"og:image\" content=\"https:\/\/www.silentblocks.com\/wp-content\/uploads\/2026\/02\/silentbloc-essieu-arriere-Honda-Civic-IX.jpg\" \/>\n\t<meta property=\"og:image:width\" content=\"1000\" \/>\n\t<meta property=\"og:image:height\" content=\"1000\" \/>\n\t<meta property=\"og:image:type\" content=\"image\/jpeg\" \/>\n<meta name=\"twitter:card\" content=\"summary_large_image\" \/>\n<meta name=\"twitter:label1\" content=\"Est. reading time\" \/>\n\t<meta name=\"twitter:data1\" content=\"1 minute\" \/>\n<script type=\"application\/ld+json\" class=\"yoast-schema-graph\">{\"@context\":\"https:\\\/\\\/schema.org\",\"@graph\":[{\"@type\":\"WebPage\",\"@id\":\"https:\\\/\\\/www.silentblocks.com\\\/en\\\/product\\\/rear-axle-body-bushes-honda-civic-ix-type-r\\\/\",\"url\":\"https:\\\/\\\/www.silentblocks.com\\\/en\\\/product\\\/rear-axle-body-bushes-honda-civic-ix-type-r\\\/\",\"name\":\"Rear axle body bushes, Honda Civic IX Type R - SILENT BLOCKS\",\"isPartOf\":{\"@id\":\"https:\\\/\\\/www.silentblocks.com\\\/en\\\/#website\"},\"primaryImageOfPage\":{\"@id\":\"https:\\\/\\\/www.silentblocks.com\\\/en\\\/product\\\/rear-axle-body-bushes-honda-civic-ix-type-r\\\/#primaryimage\"},\"image\":{\"@id\":\"https:\\\/\\\/www.silentblocks.com\\\/en\\\/product\\\/rear-axle-body-bushes-honda-civic-ix-type-r\\\/#primaryimage\"},\"thumbnailUrl\":\"https:\\\/\\\/www.silentblocks.com\\\/wp-content\\\/uploads\\\/2026\\\/02\\\/silentbloc-essieu-arriere-Honda-Civic-IX.jpg\",\"datePublished\":\"2024-06-01T16:02:27+00:00\",\"dateModified\":\"2026-02-26T14:52:53+00:00\",\"breadcrumb\":{\"@id\":\"https:\\\/\\\/www.silentblocks.com\\\/en\\\/product\\\/rear-axle-body-bushes-honda-civic-ix-type-r\\\/#breadcrumb\"},\"inLanguage\":\"en-US\",\"potentialAction\":[{\"@type\":\"ReadAction\",\"target\":[\"https:\\\/\\\/www.silentblocks.com\\\/en\\\/product\\\/rear-axle-body-bushes-honda-civic-ix-type-r\\\/\"]}]},{\"@type\":\"ImageObject\",\"inLanguage\":\"en-US\",\"@id\":\"https:\\\/\\\/www.silentblocks.com\\\/en\\\/product\\\/rear-axle-body-bushes-honda-civic-ix-type-r\\\/#primaryimage\",\"url\":\"https:\\\/\\\/www.silentblocks.com\\\/wp-content\\\/uploads\\\/2026\\\/02\\\/silentbloc-essieu-arriere-Honda-Civic-IX.jpg\",\"contentUrl\":\"https:\\\/\\\/www.silentblocks.com\\\/wp-content\\\/uploads\\\/2026\\\/02\\\/silentbloc-essieu-arriere-Honda-Civic-IX.jpg\",\"width\":1000,\"height\":1000},{\"@type\":\"BreadcrumbList\",\"@id\":\"https:\\\/\\\/www.silentblocks.com\\\/en\\\/product\\\/rear-axle-body-bushes-honda-civic-ix-type-r\\\/#breadcrumb\",\"itemListElement\":[{\"@type\":\"ListItem\",\"position\":1,\"name\":\"In\u00edcio\",\"item\":\"https:\\\/\\\/www.silentblocks.com\\\/en\\\/\"},{\"@type\":\"ListItem\",\"position\":2,\"name\":\"Page boutique\",\"item\":\"https:\\\/\\\/www.silentblocks.com\\\/shop-2\\\/\"},{\"@type\":\"ListItem\",\"position\":3,\"name\":\"Rear axle body bushes, Honda Civic IX Type R\"}]},{\"@type\":\"WebSite\",\"@id\":\"https:\\\/\\\/www.silentblocks.com\\\/en\\\/#website\",\"url\":\"https:\\\/\\\/www.silentblocks.com\\\/en\\\/\",\"name\":\"SILENTBLOCKS\",\"description\":\"Secure on the road\",\"publisher\":{\"@id\":\"https:\\\/\\\/www.silentblocks.com\\\/en\\\/#organization\"},\"potentialAction\":[{\"@type\":\"SearchAction\",\"target\":{\"@type\":\"EntryPoint\",\"urlTemplate\":\"https:\\\/\\\/www.silentblocks.com\\\/en\\\/?s={search_term_string}\"},\"query-input\":{\"@type\":\"PropertyValueSpecification\",\"valueRequired\":true,\"valueName\":\"search_term_string\"}}],\"inLanguage\":\"en-US\"},{\"@type\":\"Organization\",\"@id\":\"https:\\\/\\\/www.silentblocks.com\\\/en\\\/#organization\",\"name\":\"SILENTBLOCKS\",\"url\":\"https:\\\/\\\/www.silentblocks.com\\\/en\\\/\",\"logo\":{\"@type\":\"ImageObject\",\"inLanguage\":\"en-US\",\"@id\":\"https:\\\/\\\/www.silentblocks.com\\\/en\\\/#\\\/schema\\\/logo\\\/image\\\/\",\"url\":\"https:\\\/\\\/www.silentblocks.com\\\/wp-content\\\/uploads\\\/2023\\\/07\\\/logo211-sem-fundo_2012-PARA-BOUTIQUE-EBAY.png\",\"contentUrl\":\"https:\\\/\\\/www.silentblocks.com\\\/wp-content\\\/uploads\\\/2023\\\/07\\\/logo211-sem-fundo_2012-PARA-BOUTIQUE-EBAY.png\",\"width\":300,\"height\":190,\"caption\":\"SILENTBLOCKS\"},\"image\":{\"@id\":\"https:\\\/\\\/www.silentblocks.com\\\/en\\\/#\\\/schema\\\/logo\\\/image\\\/\"}}]}<\/script>\n<!-- \/ Yoast SEO Premium plugin. -->","yoast_head_json":{"title":"Rear axle body bushes, Honda Civic IX Type R - SILENT BLOCKS","robots":{"index":"index","follow":"follow","max-snippet":"max-snippet:-1","max-image-preview":"max-image-preview:large","max-video-preview":"max-video-preview:-1"},"canonical":"https:\/\/www.silentblocks.com\/en\/product\/rear-axle-body-bushes-honda-civic-ix-type-r\/","og_locale":"en_US","og_type":"article","og_title":"Rear axle body bushes, Honda Civic IX Type R","og_url":"https:\/\/www.silentblocks.com\/en\/product\/rear-axle-body-bushes-honda-civic-ix-type-r\/","og_site_name":"SILENT BLOCKS","article_modified_time":"2026-02-26T14:52:53+00:00","og_image":[{"width":1000,"height":1000,"url":"https:\/\/www.silentblocks.com\/wp-content\/uploads\/2026\/02\/silentbloc-essieu-arriere-Honda-Civic-IX.jpg","type":"image\/jpeg"}],"twitter_card":"summary_large_image","twitter_misc":{"Est. reading time":"1 minute"},"schema":{"@context":"https:\/\/schema.org","@graph":[{"@type":"WebPage","@id":"https:\/\/www.silentblocks.com\/en\/product\/rear-axle-body-bushes-honda-civic-ix-type-r\/","url":"https:\/\/www.silentblocks.com\/en\/product\/rear-axle-body-bushes-honda-civic-ix-type-r\/","name":"Rear axle body bushes, Honda Civic IX Type R - SILENT BLOCKS","isPartOf":{"@id":"https:\/\/www.silentblocks.com\/en\/#website"},"primaryImageOfPage":{"@id":"https:\/\/www.silentblocks.com\/en\/product\/rear-axle-body-bushes-honda-civic-ix-type-r\/#primaryimage"},"image":{"@id":"https:\/\/www.silentblocks.com\/en\/product\/rear-axle-body-bushes-honda-civic-ix-type-r\/#primaryimage"},"thumbnailUrl":"https:\/\/www.silentblocks.com\/wp-content\/uploads\/2026\/02\/silentbloc-essieu-arriere-Honda-Civic-IX.jpg","datePublished":"2024-06-01T16:02:27+00:00","dateModified":"2026-02-26T14:52:53+00:00","breadcrumb":{"@id":"https:\/\/www.silentblocks.com\/en\/product\/rear-axle-body-bushes-honda-civic-ix-type-r\/#breadcrumb"},"inLanguage":"en-US","potentialAction":[{"@type":"ReadAction","target":["https:\/\/www.silentblocks.com\/en\/product\/rear-axle-body-bushes-honda-civic-ix-type-r\/"]}]},{"@type":"ImageObject","inLanguage":"en-US","@id":"https:\/\/www.silentblocks.com\/en\/product\/rear-axle-body-bushes-honda-civic-ix-type-r\/#primaryimage","url":"https:\/\/www.silentblocks.com\/wp-content\/uploads\/2026\/02\/silentbloc-essieu-arriere-Honda-Civic-IX.jpg","contentUrl":"https:\/\/www.silentblocks.com\/wp-content\/uploads\/2026\/02\/silentbloc-essieu-arriere-Honda-Civic-IX.jpg","width":1000,"height":1000},{"@type":"BreadcrumbList","@id":"https:\/\/www.silentblocks.com\/en\/product\/rear-axle-body-bushes-honda-civic-ix-type-r\/#breadcrumb","itemListElement":[{"@type":"ListItem","position":1,"name":"In\u00edcio","item":"https:\/\/www.silentblocks.com\/en\/"},{"@type":"ListItem","position":2,"name":"Page boutique","item":"https:\/\/www.silentblocks.com\/shop-2\/"},{"@type":"ListItem","position":3,"name":"Rear axle body bushes, Honda Civic IX Type R"}]},{"@type":"WebSite","@id":"https:\/\/www.silentblocks.com\/en\/#website","url":"https:\/\/www.silentblocks.com\/en\/","name":"SILENTBLOCKS","description":"Secure on the road","publisher":{"@id":"https:\/\/www.silentblocks.com\/en\/#organization"},"potentialAction":[{"@type":"SearchAction","target":{"@type":"EntryPoint","urlTemplate":"https:\/\/www.silentblocks.com\/en\/?s={search_term_string}"},"query-input":{"@type":"PropertyValueSpecification","valueRequired":true,"valueName":"search_term_string"}}],"inLanguage":"en-US"},{"@type":"Organization","@id":"https:\/\/www.silentblocks.com\/en\/#organization","name":"SILENTBLOCKS","url":"https:\/\/www.silentblocks.com\/en\/","logo":{"@type":"ImageObject","inLanguage":"en-US","@id":"https:\/\/www.silentblocks.com\/en\/#\/schema\/logo\/image\/","url":"https:\/\/www.silentblocks.com\/wp-content\/uploads\/2023\/07\/logo211-sem-fundo_2012-PARA-BOUTIQUE-EBAY.png","contentUrl":"https:\/\/www.silentblocks.com\/wp-content\/uploads\/2023\/07\/logo211-sem-fundo_2012-PARA-BOUTIQUE-EBAY.png","width":300,"height":190,"caption":"SILENTBLOCKS"},"image":{"@id":"https:\/\/www.silentblocks.com\/en\/#\/schema\/logo\/image\/"}}]}},"_links":{"self":[{"href":"https:\/\/www.silentblocks.com\/en\/wp-json\/wp\/v2\/product\/95663","targetHints":{"allow":["GET"]}}],"collection":[{"href":"https:\/\/www.silentblocks.com\/en\/wp-json\/wp\/v2\/product"}],"about":[{"href":"https:\/\/www.silentblocks.com\/en\/wp-json\/wp\/v2\/types\/product"}],"version-history":[{"count":1,"href":"https:\/\/www.silentblocks.com\/en\/wp-json\/wp\/v2\/product\/95663\/revisions"}],"predecessor-version":[{"id":134781,"href":"https:\/\/www.silentblocks.com\/en\/wp-json\/wp\/v2\/product\/95663\/revisions\/134781"}],"wp:featuredmedia":[{"embeddable":true,"href":"https:\/\/www.silentblocks.com\/en\/wp-json\/wp\/v2\/media\/91416"}],"wp:attachment":[{"href":"https:\/\/www.silentblocks.com\/en\/wp-json\/wp\/v2\/media?parent=95663"}],"wp:term":[{"taxonomy":"product_brand","embeddable":true,"href":"https:\/\/www.silentblocks.com\/en\/wp-json\/wp\/v2\/product_brand?post=95663"},{"taxonomy":"product_cat","embeddable":true,"href":"https:\/\/www.silentblocks.com\/en\/wp-json\/wp\/v2\/product_cat?post=95663"},{"taxonomy":"product_tag","embeddable":true,"href":"https:\/\/www.silentblocks.com\/en\/wp-json\/wp\/v2\/product_tag?post=95663"}],"curies":[{"name":"wp","href":"https:\/\/api.w.org\/{rel}","templated":true}]}}