{"id":57205,"date":"2021-08-24T13:55:11","date_gmt":"2021-08-24T13:55:11","guid":{"rendered":"https:\/\/www.silentblocks.com\/2026\/a-propos-de-nous\/"},"modified":"2026-02-09T17:27:15","modified_gmt":"2026-02-09T17:27:15","slug":"acerca-de-nosotros","status":"publish","type":"page","link":"https:\/\/www.silentblocks.com\/es\/acerca-de-nosotros\/","title":{"rendered":"Acerca de nosotros"},"content":{"rendered":"\t\t<div data-elementor-type=\"wp-page\" data-elementor-id=\"57205\" class=\"elementor elementor-57205 elementor-5121\" data-elementor-post-type=\"page\">\n\t\t\t\t<div class=\"elementor-element elementor-element-f2f82ea e-flex e-con-boxed e-con e-parent\" data-id=\"f2f82ea\" data-element_type=\"container\" data-e-type=\"container\">\n\t\t\t\t\t<div class=\"e-con-inner\">\n\t\t<div class=\"elementor-element elementor-element-09025c9 e-con-full e-flex e-con e-child\" data-id=\"09025c9\" data-element_type=\"container\" data-e-type=\"container\">\n\t\t<div class=\"elementor-element elementor-element-5d76fe6 e-con-full e-flex e-con e-child\" data-id=\"5d76fe6\" data-element_type=\"container\" data-e-type=\"container\">\n\t\t\t\t<div class=\"elementor-element elementor-element-e4bbe25 elementor-widget__width-initial titleH2Home elementor-widget elementor-widget-ucaddon_dual_color_heading\" data-id=\"e4bbe25\" data-element_type=\"widget\" data-e-type=\"widget\" data-widget_type=\"ucaddon_dual_color_heading.default\">\n\t\t\t\t<div class=\"elementor-widget-container\">\n\t\t\t\t\t\n<!-- start Dual Color Heading -->\n\n<div class=\"ue-dual-color-heading\">\n  <h2>\n    <span class=\"ue-title-one\">Su experto en<\/span> <span class=\"ue-title-two\">Silentblocs<\/span>\n  <\/h2>\n<\/div>\n<!-- end Dual Color Heading -->\t\t\t\t<\/div>\n\t\t\t\t<\/div>\n\t\t\t\t<div class=\"elementor-element elementor-element-64272e8 elementor-hidden-mobile elementor-view-default elementor-widget elementor-widget-icon\" data-id=\"64272e8\" data-element_type=\"widget\" data-e-type=\"widget\" data-widget_type=\"icon.default\">\n\t\t\t\t\t\t\t<div class=\"elementor-icon-wrapper\">\n\t\t\t<div class=\"elementor-icon\">\n\t\t\t<i aria-hidden=\"true\" class=\"icon icon-seta\"><\/i>\t\t\t<\/div>\n\t\t<\/div>\n\t\t\t\t\t\t<\/div>\n\t\t\t\t<\/div>\n\t\t\t\t<div class=\"elementor-element elementor-element-78fd97a elementor-widget elementor-widget-text-editor\" data-id=\"78fd97a\" data-element_type=\"widget\" data-e-type=\"widget\" data-widget_type=\"text-editor.default\">\n\t\t\t\t\t\t\t\t\t<p>Somos una empresa especializada en la venta de silentblocs desde 2010. Contamos con una amplia gama de silentblocs para todo tipo de autom\u00f3viles, pero en los \u00faltimos a\u00f1os tambi\u00e9n hemos introducido en nuestro cat\u00e1logo otras categor\u00edas, como soportes de motor, espaciadores y cu\u00f1as de muelles, y seguimos buscando nuevos productos para satisfacer a nuestros clientes.<\/p>\t\t\t\t\t\t\t\t<\/div>\n\t\t\t\t<div class=\"elementor-element elementor-element-5f54c11 elementor-widget elementor-widget-button\" data-id=\"5f54c11\" data-element_type=\"widget\" data-e-type=\"widget\" data-widget_type=\"button.default\">\n\t\t\t\t\t\t\t\t\t\t<a class=\"elementor-button elementor-button-link elementor-size-sm\" href=\"https:\/\/www.silentblocks.com\/es\/shop\/\">\n\t\t\t\t\t\t<span class=\"elementor-button-content-wrapper\">\n\t\t\t\t\t\t\t\t\t<span class=\"elementor-button-text\">Busque su marca<\/span>\n\t\t\t\t\t<\/span>\n\t\t\t\t\t<\/a>\n\t\t\t\t\t\t\t\t<\/div>\n\t\t<div class=\"elementor-element elementor-element-7df097c e-con-full e-flex e-con e-child\" data-id=\"7df097c\" data-element_type=\"container\" data-e-type=\"container\">\n\t\t\t\t<div class=\"elementor-element elementor-element-1b2c13a elementor-widget__width-initial elementor-widget-divider--view-line elementor-widget elementor-widget-divider\" data-id=\"1b2c13a\" data-element_type=\"widget\" data-e-type=\"widget\" data-widget_type=\"divider.default\">\n\t\t\t\t\t\t\t<div class=\"elementor-divider\">\n\t\t\t<span class=\"elementor-divider-separator\">\n\t\t\t\t\t\t<\/span>\n\t\t<\/div>\n\t\t\t\t\t\t<\/div>\n\t\t\t\t<div class=\"elementor-element elementor-element-ff53c13 elementor-widget__width-initial elementor-widget-divider--view-line elementor-widget elementor-widget-divider\" data-id=\"ff53c13\" data-element_type=\"widget\" data-e-type=\"widget\" data-widget_type=\"divider.default\">\n\t\t\t\t\t\t\t<div class=\"elementor-divider\">\n\t\t\t<span class=\"elementor-divider-separator\">\n\t\t\t\t\t\t<\/span>\n\t\t<\/div>\n\t\t\t\t\t\t<\/div>\n\t\t\t\t<\/div>\n\t\t\t\t<\/div>\n\t\t<div class=\"elementor-element elementor-element-684a767 e-con-full e-flex e-con e-child\" data-id=\"684a767\" data-element_type=\"container\" data-e-type=\"container\">\n\t\t<div class=\"elementor-element elementor-element-e6cb993 e-con-full e-flex e-con e-child\" data-id=\"e6cb993\" data-element_type=\"container\" data-e-type=\"container\">\n\t\t\t\t<div class=\"elementor-element elementor-element-b9bd809 elementor-widget__width-initial elementor-widget elementor-widget-image\" data-id=\"b9bd809\" data-element_type=\"widget\" data-e-type=\"widget\" data-widget_type=\"image.default\">\n\t\t\t\t\t\t\t\t\t\t\t\t\t\t\t<img fetchpriority=\"high\" decoding=\"async\" width=\"595\" height=\"397\" src=\"https:\/\/www.silentblocks.com\/wp-content\/uploads\/2023\/02\/sobre2.jpg\" class=\"attachment-large size-large wp-image-9164\" alt=\"\" srcset=\"https:\/\/www.silentblocks.com\/wp-content\/uploads\/2023\/02\/sobre2.jpg 1200w, https:\/\/www.silentblocks.com\/wp-content\/uploads\/2023\/02\/sobre2-350x233.jpg 350w, https:\/\/www.silentblocks.com\/wp-content\/uploads\/2023\/02\/sobre2-595x397.jpg 595w, https:\/\/www.silentblocks.com\/wp-content\/uploads\/2023\/02\/sobre2-400x267.jpg 400w, https:\/\/www.silentblocks.com\/wp-content\/uploads\/2023\/02\/sobre2-768x512.jpg 768w, https:\/\/www.silentblocks.com\/wp-content\/uploads\/2023\/02\/sobre2-900x600.jpg 900w\" sizes=\"(max-width: 595px) 100vw, 595px\" \/>\t\t\t\t\t\t\t\t\t\t\t\t\t\t\t<\/div>\n\t\t\t\t<div class=\"elementor-element elementor-element-856d942 elementor-widget__width-initial elementor-widget elementor-widget-image\" data-id=\"856d942\" data-element_type=\"widget\" data-e-type=\"widget\" data-widget_type=\"image.default\">\n\t\t\t\t\t\t\t\t\t\t\t\t\t\t\t<img decoding=\"async\" width=\"595\" height=\"397\" src=\"https:\/\/www.silentblocks.com\/wp-content\/uploads\/2023\/02\/sobre1.jpg\" class=\"attachment-large size-large wp-image-9159\" alt=\"\" srcset=\"https:\/\/www.silentblocks.com\/wp-content\/uploads\/2023\/02\/sobre1.jpg 1200w, https:\/\/www.silentblocks.com\/wp-content\/uploads\/2023\/02\/sobre1-350x233.jpg 350w, https:\/\/www.silentblocks.com\/wp-content\/uploads\/2023\/02\/sobre1-595x397.jpg 595w, https:\/\/www.silentblocks.com\/wp-content\/uploads\/2023\/02\/sobre1-400x267.jpg 400w, https:\/\/www.silentblocks.com\/wp-content\/uploads\/2023\/02\/sobre1-768x512.jpg 768w, https:\/\/www.silentblocks.com\/wp-content\/uploads\/2023\/02\/sobre1-900x600.jpg 900w\" sizes=\"(max-width: 595px) 100vw, 595px\" \/>\t\t\t\t\t\t\t\t\t\t\t\t\t\t\t<\/div>\n\t\t\t\t<\/div>\n\t\t\t\t<div class=\"elementor-element elementor-element-424eb64 elementor-widget__width-inherit elementor-widget elementor-widget-ucaddon_dual_color_heading\" data-id=\"424eb64\" data-element_type=\"widget\" data-e-type=\"widget\" data-widget_type=\"ucaddon_dual_color_heading.default\">\n\t\t\t\t<div class=\"elementor-widget-container\">\n\t\t\t\t\t\n<!-- start Dual Color Heading -->\n\n<div class=\"ue-dual-color-heading\">\n  <div>\n    <span class=\"ue-title-one\">Por qu\u00e9 confiar en nosotros:<\/span> <span class=\"ue-title-two\"><\/span>\n  <\/div>\n<\/div>\n<!-- end Dual Color Heading -->\t\t\t\t<\/div>\n\t\t\t\t<\/div>\n\t\t\t\t<div class=\"elementor-element elementor-element-4ee0d76 elementor-widget elementor-widget-text-editor\" data-id=\"4ee0d76\" data-element_type=\"widget\" data-e-type=\"widget\" data-widget_type=\"text-editor.default\">\n\t\t\t\t\t\t\t\t\t<p>Sabemos que las compras en l\u00ednea siempre suponen un riesgo, por lo que hacemos todo lo posible para transmitir confianza a nuestros clientes. Por eso, en nuestra p\u00e1gina web encontrar\u00e1 todos nuestros datos de contacto, nuestra direcci\u00f3n, n\u00famero de tel\u00e9fono y n\u00famero de identificaci\u00f3n fiscal (IVA) profesional.<\/p>\t\t\t\t\t\t\t\t<\/div>\n\t\t\t\t<\/div>\n\t\t\t\t\t<\/div>\n\t\t\t\t<\/div>\n\t\t\t\t<\/div>\n\t\t","protected":false},"excerpt":{"rendered":"<p>Su experto en Silentblocs Somos una empresa especializada en la venta de silentblocs desde 2010. Contamos con una amplia gama de silentblocs para todo tipo de autom\u00f3viles, pero en los \u00faltimos a\u00f1os tambi\u00e9n hemos introducido en nuestro cat\u00e1logo otras categor\u00edas, como soportes de motor, espaciadores y cu\u00f1as de muelles, y seguimos buscando nuevos productos para [&hellip;]<\/p>\n","protected":false},"author":1,"featured_media":0,"parent":0,"menu_order":0,"comment_status":"closed","ping_status":"closed","template":"","meta":{"footnotes":""},"class_list":["post-57205","page","type-page","status-publish","hentry"],"yoast_head":"<!-- This site is optimized with the Yoast SEO Premium plugin v23.0 (Yoast SEO v27.4) - https:\/\/yoast.com\/product\/yoast-seo-premium-wordpress\/ -->\n<title>Acerca de nosotros - SILENT BLOCKS<\/title>\n<meta name=\"robots\" content=\"index, follow, max-snippet:-1, max-image-preview:large, max-video-preview:-1\" \/>\n<link rel=\"canonical\" href=\"https:\/\/www.silentblocks.com\/es\/acerca-de-nosotros\/\" \/>\n<meta property=\"og:locale\" content=\"es_ES\" \/>\n<meta property=\"og:type\" content=\"article\" \/>\n<meta property=\"og:title\" content=\"Acerca de nosotros\" \/>\n<meta property=\"og:description\" content=\"Su experto en Silentblocs Somos una empresa especializada en la venta de silentblocs desde 2010. Contamos con una amplia gama de silentblocs para todo tipo de autom\u00f3viles, pero en los \u00faltimos a\u00f1os tambi\u00e9n hemos introducido en nuestro cat\u00e1logo otras categor\u00edas, como soportes de motor, espaciadores y cu\u00f1as de muelles, y seguimos buscando nuevos productos para [&hellip;]\" \/>\n<meta property=\"og:url\" content=\"https:\/\/www.silentblocks.com\/es\/acerca-de-nosotros\/\" \/>\n<meta property=\"og:site_name\" content=\"SILENT BLOCKS\" \/>\n<meta property=\"article:modified_time\" content=\"2026-02-09T17:27:15+00:00\" \/>\n<meta property=\"og:image\" content=\"https:\/\/www.silentblocks.com\/2026\/wp-content\/uploads\/2023\/02\/sobre2.jpg\" \/>\n<meta name=\"twitter:card\" content=\"summary_large_image\" \/>\n<meta name=\"twitter:label1\" content=\"Tiempo de lectura\" \/>\n\t<meta name=\"twitter:data1\" content=\"1 minuto\" \/>\n<script type=\"application\/ld+json\" class=\"yoast-schema-graph\">{\"@context\":\"https:\\\/\\\/schema.org\",\"@graph\":[{\"@type\":\"WebPage\",\"@id\":\"https:\\\/\\\/www.silentblocks.com\\\/es\\\/acerca-de-nosotros\\\/\",\"url\":\"https:\\\/\\\/www.silentblocks.com\\\/es\\\/acerca-de-nosotros\\\/\",\"name\":\"Acerca de nosotros - SILENT BLOCKS\",\"isPartOf\":{\"@id\":\"https:\\\/\\\/www.silentblocks.com\\\/es\\\/#website\"},\"primaryImageOfPage\":{\"@id\":\"https:\\\/\\\/www.silentblocks.com\\\/es\\\/acerca-de-nosotros\\\/#primaryimage\"},\"image\":{\"@id\":\"https:\\\/\\\/www.silentblocks.com\\\/es\\\/acerca-de-nosotros\\\/#primaryimage\"},\"thumbnailUrl\":\"https:\\\/\\\/www.silentblocks.com\\\/2026\\\/wp-content\\\/uploads\\\/2023\\\/02\\\/sobre2.jpg\",\"datePublished\":\"2021-08-24T13:55:11+00:00\",\"dateModified\":\"2026-02-09T17:27:15+00:00\",\"breadcrumb\":{\"@id\":\"https:\\\/\\\/www.silentblocks.com\\\/es\\\/acerca-de-nosotros\\\/#breadcrumb\"},\"inLanguage\":\"es\",\"potentialAction\":[{\"@type\":\"ReadAction\",\"target\":[\"https:\\\/\\\/www.silentblocks.com\\\/es\\\/acerca-de-nosotros\\\/\"]}]},{\"@type\":\"ImageObject\",\"inLanguage\":\"es\",\"@id\":\"https:\\\/\\\/www.silentblocks.com\\\/es\\\/acerca-de-nosotros\\\/#primaryimage\",\"url\":\"https:\\\/\\\/www.silentblocks.com\\\/2026\\\/wp-content\\\/uploads\\\/2023\\\/02\\\/sobre2.jpg\",\"contentUrl\":\"https:\\\/\\\/www.silentblocks.com\\\/2026\\\/wp-content\\\/uploads\\\/2023\\\/02\\\/sobre2.jpg\"},{\"@type\":\"BreadcrumbList\",\"@id\":\"https:\\\/\\\/www.silentblocks.com\\\/es\\\/acerca-de-nosotros\\\/#breadcrumb\",\"itemListElement\":[{\"@type\":\"ListItem\",\"position\":1,\"name\":\"In\u00edcio\",\"item\":\"https:\\\/\\\/www.silentblocks.com\\\/es\\\/\"},{\"@type\":\"ListItem\",\"position\":2,\"name\":\"Acerca de nosotros\"}]},{\"@type\":\"WebSite\",\"@id\":\"https:\\\/\\\/www.silentblocks.com\\\/es\\\/#website\",\"url\":\"https:\\\/\\\/www.silentblocks.com\\\/es\\\/\",\"name\":\"SILENTBLOCKS\",\"description\":\"Secure on the road\",\"publisher\":{\"@id\":\"https:\\\/\\\/www.silentblocks.com\\\/es\\\/#organization\"},\"potentialAction\":[{\"@type\":\"SearchAction\",\"target\":{\"@type\":\"EntryPoint\",\"urlTemplate\":\"https:\\\/\\\/www.silentblocks.com\\\/es\\\/?s={search_term_string}\"},\"query-input\":{\"@type\":\"PropertyValueSpecification\",\"valueRequired\":true,\"valueName\":\"search_term_string\"}}],\"inLanguage\":\"es\"},{\"@type\":\"Organization\",\"@id\":\"https:\\\/\\\/www.silentblocks.com\\\/es\\\/#organization\",\"name\":\"SILENTBLOCKS\",\"url\":\"https:\\\/\\\/www.silentblocks.com\\\/es\\\/\",\"logo\":{\"@type\":\"ImageObject\",\"inLanguage\":\"es\",\"@id\":\"https:\\\/\\\/www.silentblocks.com\\\/es\\\/#\\\/schema\\\/logo\\\/image\\\/\",\"url\":\"https:\\\/\\\/www.silentblocks.com\\\/wp-content\\\/uploads\\\/2023\\\/07\\\/logo211-sem-fundo_2012-PARA-BOUTIQUE-EBAY.png\",\"contentUrl\":\"https:\\\/\\\/www.silentblocks.com\\\/wp-content\\\/uploads\\\/2023\\\/07\\\/logo211-sem-fundo_2012-PARA-BOUTIQUE-EBAY.png\",\"width\":300,\"height\":190,\"caption\":\"SILENTBLOCKS\"},\"image\":{\"@id\":\"https:\\\/\\\/www.silentblocks.com\\\/es\\\/#\\\/schema\\\/logo\\\/image\\\/\"}}]}<\/script>\n<!-- \/ Yoast SEO Premium plugin. -->","yoast_head_json":{"title":"Acerca de nosotros - SILENT BLOCKS","robots":{"index":"index","follow":"follow","max-snippet":"max-snippet:-1","max-image-preview":"max-image-preview:large","max-video-preview":"max-video-preview:-1"},"canonical":"https:\/\/www.silentblocks.com\/es\/acerca-de-nosotros\/","og_locale":"es_ES","og_type":"article","og_title":"Acerca de nosotros","og_description":"Su experto en Silentblocs Somos una empresa especializada en la venta de silentblocs desde 2010. Contamos con una amplia gama de silentblocs para todo tipo de autom\u00f3viles, pero en los \u00faltimos a\u00f1os tambi\u00e9n hemos introducido en nuestro cat\u00e1logo otras categor\u00edas, como soportes de motor, espaciadores y cu\u00f1as de muelles, y seguimos buscando nuevos productos para [&hellip;]","og_url":"https:\/\/www.silentblocks.com\/es\/acerca-de-nosotros\/","og_site_name":"SILENT BLOCKS","article_modified_time":"2026-02-09T17:27:15+00:00","og_image":[{"url":"https:\/\/www.silentblocks.com\/2026\/wp-content\/uploads\/2023\/02\/sobre2.jpg","type":"","width":"","height":""}],"twitter_card":"summary_large_image","twitter_misc":{"Tiempo de lectura":"1 minuto"},"schema":{"@context":"https:\/\/schema.org","@graph":[{"@type":"WebPage","@id":"https:\/\/www.silentblocks.com\/es\/acerca-de-nosotros\/","url":"https:\/\/www.silentblocks.com\/es\/acerca-de-nosotros\/","name":"Acerca de nosotros - SILENT BLOCKS","isPartOf":{"@id":"https:\/\/www.silentblocks.com\/es\/#website"},"primaryImageOfPage":{"@id":"https:\/\/www.silentblocks.com\/es\/acerca-de-nosotros\/#primaryimage"},"image":{"@id":"https:\/\/www.silentblocks.com\/es\/acerca-de-nosotros\/#primaryimage"},"thumbnailUrl":"https:\/\/www.silentblocks.com\/2026\/wp-content\/uploads\/2023\/02\/sobre2.jpg","datePublished":"2021-08-24T13:55:11+00:00","dateModified":"2026-02-09T17:27:15+00:00","breadcrumb":{"@id":"https:\/\/www.silentblocks.com\/es\/acerca-de-nosotros\/#breadcrumb"},"inLanguage":"es","potentialAction":[{"@type":"ReadAction","target":["https:\/\/www.silentblocks.com\/es\/acerca-de-nosotros\/"]}]},{"@type":"ImageObject","inLanguage":"es","@id":"https:\/\/www.silentblocks.com\/es\/acerca-de-nosotros\/#primaryimage","url":"https:\/\/www.silentblocks.com\/2026\/wp-content\/uploads\/2023\/02\/sobre2.jpg","contentUrl":"https:\/\/www.silentblocks.com\/2026\/wp-content\/uploads\/2023\/02\/sobre2.jpg"},{"@type":"BreadcrumbList","@id":"https:\/\/www.silentblocks.com\/es\/acerca-de-nosotros\/#breadcrumb","itemListElement":[{"@type":"ListItem","position":1,"name":"In\u00edcio","item":"https:\/\/www.silentblocks.com\/es\/"},{"@type":"ListItem","position":2,"name":"Acerca de nosotros"}]},{"@type":"WebSite","@id":"https:\/\/www.silentblocks.com\/es\/#website","url":"https:\/\/www.silentblocks.com\/es\/","name":"SILENTBLOCKS","description":"Secure on the road","publisher":{"@id":"https:\/\/www.silentblocks.com\/es\/#organization"},"potentialAction":[{"@type":"SearchAction","target":{"@type":"EntryPoint","urlTemplate":"https:\/\/www.silentblocks.com\/es\/?s={search_term_string}"},"query-input":{"@type":"PropertyValueSpecification","valueRequired":true,"valueName":"search_term_string"}}],"inLanguage":"es"},{"@type":"Organization","@id":"https:\/\/www.silentblocks.com\/es\/#organization","name":"SILENTBLOCKS","url":"https:\/\/www.silentblocks.com\/es\/","logo":{"@type":"ImageObject","inLanguage":"es","@id":"https:\/\/www.silentblocks.com\/es\/#\/schema\/logo\/image\/","url":"https:\/\/www.silentblocks.com\/wp-content\/uploads\/2023\/07\/logo211-sem-fundo_2012-PARA-BOUTIQUE-EBAY.png","contentUrl":"https:\/\/www.silentblocks.com\/wp-content\/uploads\/2023\/07\/logo211-sem-fundo_2012-PARA-BOUTIQUE-EBAY.png","width":300,"height":190,"caption":"SILENTBLOCKS"},"image":{"@id":"https:\/\/www.silentblocks.com\/es\/#\/schema\/logo\/image\/"}}]}},"_links":{"self":[{"href":"https:\/\/www.silentblocks.com\/es\/wp-json\/wp\/v2\/pages\/57205","targetHints":{"allow":["GET"]}}],"collection":[{"href":"https:\/\/www.silentblocks.com\/es\/wp-json\/wp\/v2\/pages"}],"about":[{"href":"https:\/\/www.silentblocks.com\/es\/wp-json\/wp\/v2\/types\/page"}],"author":[{"embeddable":true,"href":"https:\/\/www.silentblocks.com\/es\/wp-json\/wp\/v2\/users\/1"}],"replies":[{"embeddable":true,"href":"https:\/\/www.silentblocks.com\/es\/wp-json\/wp\/v2\/comments?post=57205"}],"version-history":[{"count":0,"href":"https:\/\/www.silentblocks.com\/es\/wp-json\/wp\/v2\/pages\/57205\/revisions"}],"wp:attachment":[{"href":"https:\/\/www.silentblocks.com\/es\/wp-json\/wp\/v2\/media?parent=57205"}],"curies":[{"name":"wp","href":"https:\/\/api.w.org\/{rel}","templated":true}]}}