{"id":101437,"date":"2025-07-25T17:38:18","date_gmt":"2025-07-25T17:38:18","guid":{"rendered":"https:\/\/www.silentblocks.com\/product\/reparacion-del-soporte-del-motor-alfa-155-crosswagon-q4-tempra-dedra\/"},"modified":"2026-02-17T22:09:24","modified_gmt":"2026-02-17T22:09:24","slug":"reparacion-del-soporte-del-motor-alfa-155-crosswagon-q4-tempra-dedra","status":"publish","type":"product","link":"https:\/\/www.silentblocks.com\/es\/producto\/reparacion-del-soporte-del-motor-alfa-155-crosswagon-q4-tempra-dedra\/","title":{"rendered":"Reparaci\u00f3n del soporte del motor, Alfa 155 Crosswagon Q4, Tempra, Dedra"},"content":{"rendered":"<p>Reparaci\u00f3n del soporte del motor, reparaci\u00f3n de ambos silentblocks del soporte con inyecci\u00f3n de poliuretano, compatible con los siguientes veh\u00edculos:<br \/>\nFiat Tempra<br \/>\nLancia Dedra<br \/>\nAlfa Romeo 155 Crosswagon Q4<\/p>\n<p>Dureza: 65Sha<\/p>\n<p>Referencias del fabricante (c\u00f3digo OEM) s\u00f3lo a t\u00edtulo informativo :<br \/>\n82434626<\/p>\n<p>El soporte completo de caucho-metal mencionado anteriormente debe enviarse a la direcci\u00f3n de nuestra empresa (v\u00e9ase la pesta\u00f1a de contacto) junto con el n\u00famero de pedido de la tienda generado por nuestro sistema de ventas en l\u00ednea. El art\u00edculo te ser\u00e1 devuelto 3 semanas despu\u00e9s de su recepci\u00f3n.<\/p>\n","protected":false},"excerpt":{"rendered":"<p>Reparaci\u00f3n del soporte del motor, reparaci\u00f3n de ambos silentblocks del soporte con inyecci\u00f3n de poliuretano, compatible con los siguientes veh\u00edculos: Fiat Tempra Lancia Dedra Alfa Romeo 155 Crosswagon Q4 Dureza: 65Sha Referencias del fabricante (c\u00f3digo OEM) s\u00f3lo a t\u00edtulo informativo : 82434626 El soporte completo de caucho-metal mencionado anteriormente debe enviarse a la direcci\u00f3n de [&hellip;]<\/p>\n","protected":false},"featured_media":101425,"template":"","meta":[],"product_brand":[],"product_cat":[930,977,938,1118,935,1206,2891],"product_tag":[],"class_list":{"0":"post-101437","1":"product","2":"type-product","3":"status-publish","4":"has-post-thumbnail","6":"product_cat-alfa-romeo","7":"product_cat-977","8":"product_cat-fiat","9":"product_cat-tempra","10":"product_cat-lancia","11":"product_cat-dedra","12":"product_cat-dedra-es","14":"first","15":"instock","16":"shipping-taxable","17":"purchasable","18":"product-type-simple"},"yoast_head":"<!-- This site is optimized with the Yoast SEO Premium plugin v23.0 (Yoast SEO v27.5) - https:\/\/yoast.com\/product\/yoast-seo-premium-wordpress\/ -->\n<title>Reparaci\u00f3n del soporte del motor, Alfa 155 Crosswagon Q4, Tempra, Dedra - SILENT BLOCKS<\/title>\n<meta name=\"description\" content=\"Reparaci\u00f3n del soporte del motor para Alfa Romeo 156 Crosswagon Q4, Fiat Tempra, Lancia Dedra, oem 82434626\" \/>\n<meta name=\"robots\" content=\"index, follow, max-snippet:-1, max-image-preview:large, max-video-preview:-1\" \/>\n<link rel=\"canonical\" href=\"https:\/\/www.silentblocks.com\/es\/producto\/reparacion-del-soporte-del-motor-alfa-155-crosswagon-q4-tempra-dedra\/\" \/>\n<meta property=\"og:locale\" content=\"es_ES\" \/>\n<meta property=\"og:type\" content=\"article\" \/>\n<meta property=\"og:title\" content=\"Reparaci\u00f3n del soporte del motor, Alfa 155 Crosswagon Q4, Tempra, Dedra\" \/>\n<meta property=\"og:description\" content=\"Reparaci\u00f3n del soporte del motor para Alfa Romeo 156 Crosswagon Q4, Fiat Tempra, Lancia Dedra, oem 82434626\" \/>\n<meta property=\"og:url\" content=\"https:\/\/www.silentblocks.com\/es\/producto\/reparacion-del-soporte-del-motor-alfa-155-crosswagon-q4-tempra-dedra\/\" \/>\n<meta property=\"og:site_name\" content=\"SILENT BLOCKS\" \/>\n<meta property=\"article:modified_time\" content=\"2026-02-17T22:09:24+00:00\" \/>\n<meta property=\"og:image\" content=\"https:\/\/www.silentblocks.com\/wp-content\/uploads\/2026\/02\/Alfa-Romeo-Crosswagon-Q4-155-82434626.jpg\" \/>\n\t<meta property=\"og:image:width\" content=\"1000\" \/>\n\t<meta property=\"og:image:height\" content=\"1000\" \/>\n\t<meta property=\"og:image:type\" content=\"image\/jpeg\" \/>\n<meta name=\"twitter:card\" content=\"summary_large_image\" \/>\n<meta name=\"twitter:label1\" content=\"Tiempo de lectura\" \/>\n\t<meta name=\"twitter:data1\" content=\"1 minuto\" \/>\n<script type=\"application\/ld+json\" class=\"yoast-schema-graph\">{\"@context\":\"https:\\\/\\\/schema.org\",\"@graph\":[{\"@type\":\"WebPage\",\"@id\":\"https:\\\/\\\/www.silentblocks.com\\\/es\\\/producto\\\/reparacion-del-soporte-del-motor-alfa-155-crosswagon-q4-tempra-dedra\\\/\",\"url\":\"https:\\\/\\\/www.silentblocks.com\\\/es\\\/producto\\\/reparacion-del-soporte-del-motor-alfa-155-crosswagon-q4-tempra-dedra\\\/\",\"name\":\"Reparaci\u00f3n del soporte del motor, Alfa 155 Crosswagon Q4, Tempra, Dedra - SILENT BLOCKS\",\"isPartOf\":{\"@id\":\"https:\\\/\\\/www.silentblocks.com\\\/es\\\/#website\"},\"primaryImageOfPage\":{\"@id\":\"https:\\\/\\\/www.silentblocks.com\\\/es\\\/producto\\\/reparacion-del-soporte-del-motor-alfa-155-crosswagon-q4-tempra-dedra\\\/#primaryimage\"},\"image\":{\"@id\":\"https:\\\/\\\/www.silentblocks.com\\\/es\\\/producto\\\/reparacion-del-soporte-del-motor-alfa-155-crosswagon-q4-tempra-dedra\\\/#primaryimage\"},\"thumbnailUrl\":\"https:\\\/\\\/www.silentblocks.com\\\/wp-content\\\/uploads\\\/2026\\\/02\\\/Alfa-Romeo-Crosswagon-Q4-155-82434626.jpg\",\"datePublished\":\"2025-07-25T17:38:18+00:00\",\"dateModified\":\"2026-02-17T22:09:24+00:00\",\"description\":\"Reparaci\u00f3n del soporte del motor para Alfa Romeo 156 Crosswagon Q4, Fiat Tempra, Lancia Dedra, oem 82434626\",\"breadcrumb\":{\"@id\":\"https:\\\/\\\/www.silentblocks.com\\\/es\\\/producto\\\/reparacion-del-soporte-del-motor-alfa-155-crosswagon-q4-tempra-dedra\\\/#breadcrumb\"},\"inLanguage\":\"es\",\"potentialAction\":[{\"@type\":\"ReadAction\",\"target\":[\"https:\\\/\\\/www.silentblocks.com\\\/es\\\/producto\\\/reparacion-del-soporte-del-motor-alfa-155-crosswagon-q4-tempra-dedra\\\/\"]}]},{\"@type\":\"ImageObject\",\"inLanguage\":\"es\",\"@id\":\"https:\\\/\\\/www.silentblocks.com\\\/es\\\/producto\\\/reparacion-del-soporte-del-motor-alfa-155-crosswagon-q4-tempra-dedra\\\/#primaryimage\",\"url\":\"https:\\\/\\\/www.silentblocks.com\\\/wp-content\\\/uploads\\\/2026\\\/02\\\/Alfa-Romeo-Crosswagon-Q4-155-82434626.jpg\",\"contentUrl\":\"https:\\\/\\\/www.silentblocks.com\\\/wp-content\\\/uploads\\\/2026\\\/02\\\/Alfa-Romeo-Crosswagon-Q4-155-82434626.jpg\",\"width\":1000,\"height\":1000},{\"@type\":\"BreadcrumbList\",\"@id\":\"https:\\\/\\\/www.silentblocks.com\\\/es\\\/producto\\\/reparacion-del-soporte-del-motor-alfa-155-crosswagon-q4-tempra-dedra\\\/#breadcrumb\",\"itemListElement\":[{\"@type\":\"ListItem\",\"position\":1,\"name\":\"In\u00edcio\",\"item\":\"https:\\\/\\\/www.silentblocks.com\\\/es\\\/\"},{\"@type\":\"ListItem\",\"position\":2,\"name\":\"Page boutique\",\"item\":\"https:\\\/\\\/www.silentblocks.com\\\/es\\\/shop-2\\\/\"},{\"@type\":\"ListItem\",\"position\":3,\"name\":\"Reparaci\u00f3n del soporte del motor, Alfa 155 Crosswagon Q4, Tempra, Dedra\"}]},{\"@type\":\"WebSite\",\"@id\":\"https:\\\/\\\/www.silentblocks.com\\\/es\\\/#website\",\"url\":\"https:\\\/\\\/www.silentblocks.com\\\/es\\\/\",\"name\":\"SILENTBLOCKS\",\"description\":\"Secure on the road\",\"publisher\":{\"@id\":\"https:\\\/\\\/www.silentblocks.com\\\/es\\\/#organization\"},\"potentialAction\":[{\"@type\":\"SearchAction\",\"target\":{\"@type\":\"EntryPoint\",\"urlTemplate\":\"https:\\\/\\\/www.silentblocks.com\\\/es\\\/?s={search_term_string}\"},\"query-input\":{\"@type\":\"PropertyValueSpecification\",\"valueRequired\":true,\"valueName\":\"search_term_string\"}}],\"inLanguage\":\"es\"},{\"@type\":\"Organization\",\"@id\":\"https:\\\/\\\/www.silentblocks.com\\\/es\\\/#organization\",\"name\":\"SILENTBLOCKS\",\"url\":\"https:\\\/\\\/www.silentblocks.com\\\/es\\\/\",\"logo\":{\"@type\":\"ImageObject\",\"inLanguage\":\"es\",\"@id\":\"https:\\\/\\\/www.silentblocks.com\\\/es\\\/#\\\/schema\\\/logo\\\/image\\\/\",\"url\":\"https:\\\/\\\/www.silentblocks.com\\\/wp-content\\\/uploads\\\/2023\\\/07\\\/logo211-sem-fundo_2012-PARA-BOUTIQUE-EBAY.png\",\"contentUrl\":\"https:\\\/\\\/www.silentblocks.com\\\/wp-content\\\/uploads\\\/2023\\\/07\\\/logo211-sem-fundo_2012-PARA-BOUTIQUE-EBAY.png\",\"width\":300,\"height\":190,\"caption\":\"SILENTBLOCKS\"},\"image\":{\"@id\":\"https:\\\/\\\/www.silentblocks.com\\\/es\\\/#\\\/schema\\\/logo\\\/image\\\/\"}}]}<\/script>\n<!-- \/ Yoast SEO Premium plugin. -->","yoast_head_json":{"title":"Reparaci\u00f3n del soporte del motor, Alfa 155 Crosswagon Q4, Tempra, Dedra - SILENT BLOCKS","description":"Reparaci\u00f3n del soporte del motor para Alfa Romeo 156 Crosswagon Q4, Fiat Tempra, Lancia Dedra, oem 82434626","robots":{"index":"index","follow":"follow","max-snippet":"max-snippet:-1","max-image-preview":"max-image-preview:large","max-video-preview":"max-video-preview:-1"},"canonical":"https:\/\/www.silentblocks.com\/es\/producto\/reparacion-del-soporte-del-motor-alfa-155-crosswagon-q4-tempra-dedra\/","og_locale":"es_ES","og_type":"article","og_title":"Reparaci\u00f3n del soporte del motor, Alfa 155 Crosswagon Q4, Tempra, Dedra","og_description":"Reparaci\u00f3n del soporte del motor para Alfa Romeo 156 Crosswagon Q4, Fiat Tempra, Lancia Dedra, oem 82434626","og_url":"https:\/\/www.silentblocks.com\/es\/producto\/reparacion-del-soporte-del-motor-alfa-155-crosswagon-q4-tempra-dedra\/","og_site_name":"SILENT BLOCKS","article_modified_time":"2026-02-17T22:09:24+00:00","og_image":[{"width":1000,"height":1000,"url":"https:\/\/www.silentblocks.com\/wp-content\/uploads\/2026\/02\/Alfa-Romeo-Crosswagon-Q4-155-82434626.jpg","type":"image\/jpeg"}],"twitter_card":"summary_large_image","twitter_misc":{"Tiempo de lectura":"1 minuto"},"schema":{"@context":"https:\/\/schema.org","@graph":[{"@type":"WebPage","@id":"https:\/\/www.silentblocks.com\/es\/producto\/reparacion-del-soporte-del-motor-alfa-155-crosswagon-q4-tempra-dedra\/","url":"https:\/\/www.silentblocks.com\/es\/producto\/reparacion-del-soporte-del-motor-alfa-155-crosswagon-q4-tempra-dedra\/","name":"Reparaci\u00f3n del soporte del motor, Alfa 155 Crosswagon Q4, Tempra, Dedra - SILENT BLOCKS","isPartOf":{"@id":"https:\/\/www.silentblocks.com\/es\/#website"},"primaryImageOfPage":{"@id":"https:\/\/www.silentblocks.com\/es\/producto\/reparacion-del-soporte-del-motor-alfa-155-crosswagon-q4-tempra-dedra\/#primaryimage"},"image":{"@id":"https:\/\/www.silentblocks.com\/es\/producto\/reparacion-del-soporte-del-motor-alfa-155-crosswagon-q4-tempra-dedra\/#primaryimage"},"thumbnailUrl":"https:\/\/www.silentblocks.com\/wp-content\/uploads\/2026\/02\/Alfa-Romeo-Crosswagon-Q4-155-82434626.jpg","datePublished":"2025-07-25T17:38:18+00:00","dateModified":"2026-02-17T22:09:24+00:00","description":"Reparaci\u00f3n del soporte del motor para Alfa Romeo 156 Crosswagon Q4, Fiat Tempra, Lancia Dedra, oem 82434626","breadcrumb":{"@id":"https:\/\/www.silentblocks.com\/es\/producto\/reparacion-del-soporte-del-motor-alfa-155-crosswagon-q4-tempra-dedra\/#breadcrumb"},"inLanguage":"es","potentialAction":[{"@type":"ReadAction","target":["https:\/\/www.silentblocks.com\/es\/producto\/reparacion-del-soporte-del-motor-alfa-155-crosswagon-q4-tempra-dedra\/"]}]},{"@type":"ImageObject","inLanguage":"es","@id":"https:\/\/www.silentblocks.com\/es\/producto\/reparacion-del-soporte-del-motor-alfa-155-crosswagon-q4-tempra-dedra\/#primaryimage","url":"https:\/\/www.silentblocks.com\/wp-content\/uploads\/2026\/02\/Alfa-Romeo-Crosswagon-Q4-155-82434626.jpg","contentUrl":"https:\/\/www.silentblocks.com\/wp-content\/uploads\/2026\/02\/Alfa-Romeo-Crosswagon-Q4-155-82434626.jpg","width":1000,"height":1000},{"@type":"BreadcrumbList","@id":"https:\/\/www.silentblocks.com\/es\/producto\/reparacion-del-soporte-del-motor-alfa-155-crosswagon-q4-tempra-dedra\/#breadcrumb","itemListElement":[{"@type":"ListItem","position":1,"name":"In\u00edcio","item":"https:\/\/www.silentblocks.com\/es\/"},{"@type":"ListItem","position":2,"name":"Page boutique","item":"https:\/\/www.silentblocks.com\/es\/shop-2\/"},{"@type":"ListItem","position":3,"name":"Reparaci\u00f3n del soporte del motor, Alfa 155 Crosswagon Q4, Tempra, Dedra"}]},{"@type":"WebSite","@id":"https:\/\/www.silentblocks.com\/es\/#website","url":"https:\/\/www.silentblocks.com\/es\/","name":"SILENTBLOCKS","description":"Secure on the road","publisher":{"@id":"https:\/\/www.silentblocks.com\/es\/#organization"},"potentialAction":[{"@type":"SearchAction","target":{"@type":"EntryPoint","urlTemplate":"https:\/\/www.silentblocks.com\/es\/?s={search_term_string}"},"query-input":{"@type":"PropertyValueSpecification","valueRequired":true,"valueName":"search_term_string"}}],"inLanguage":"es"},{"@type":"Organization","@id":"https:\/\/www.silentblocks.com\/es\/#organization","name":"SILENTBLOCKS","url":"https:\/\/www.silentblocks.com\/es\/","logo":{"@type":"ImageObject","inLanguage":"es","@id":"https:\/\/www.silentblocks.com\/es\/#\/schema\/logo\/image\/","url":"https:\/\/www.silentblocks.com\/wp-content\/uploads\/2023\/07\/logo211-sem-fundo_2012-PARA-BOUTIQUE-EBAY.png","contentUrl":"https:\/\/www.silentblocks.com\/wp-content\/uploads\/2023\/07\/logo211-sem-fundo_2012-PARA-BOUTIQUE-EBAY.png","width":300,"height":190,"caption":"SILENTBLOCKS"},"image":{"@id":"https:\/\/www.silentblocks.com\/es\/#\/schema\/logo\/image\/"}}]}},"_links":{"self":[{"href":"https:\/\/www.silentblocks.com\/es\/wp-json\/wp\/v2\/product\/101437","targetHints":{"allow":["GET"]}}],"collection":[{"href":"https:\/\/www.silentblocks.com\/es\/wp-json\/wp\/v2\/product"}],"about":[{"href":"https:\/\/www.silentblocks.com\/es\/wp-json\/wp\/v2\/types\/product"}],"version-history":[{"count":0,"href":"https:\/\/www.silentblocks.com\/es\/wp-json\/wp\/v2\/product\/101437\/revisions"}],"wp:featuredmedia":[{"embeddable":true,"href":"https:\/\/www.silentblocks.com\/es\/wp-json\/wp\/v2\/media\/101425"}],"wp:attachment":[{"href":"https:\/\/www.silentblocks.com\/es\/wp-json\/wp\/v2\/media?parent=101437"}],"wp:term":[{"taxonomy":"product_brand","embeddable":true,"href":"https:\/\/www.silentblocks.com\/es\/wp-json\/wp\/v2\/product_brand?post=101437"},{"taxonomy":"product_cat","embeddable":true,"href":"https:\/\/www.silentblocks.com\/es\/wp-json\/wp\/v2\/product_cat?post=101437"},{"taxonomy":"product_tag","embeddable":true,"href":"https:\/\/www.silentblocks.com\/es\/wp-json\/wp\/v2\/product_tag?post=101437"}],"curies":[{"name":"wp","href":"https:\/\/api.w.org\/{rel}","templated":true}]}}