{"id":101701,"date":"2025-07-28T18:33:07","date_gmt":"2025-07-28T18:33:07","guid":{"rendered":"https:\/\/www.silentblocks.com\/product\/silentblocks-brazos-delanteros-mazda-6-cx-5\/"},"modified":"2026-02-17T22:10:12","modified_gmt":"2026-02-17T22:10:12","slug":"silentblocks-brazos-delanteros-mazda-6-cx-5","status":"publish","type":"product","link":"https:\/\/www.silentblocks.com\/es\/producto\/silentblocks-brazos-delanteros-mazda-6-cx-5\/","title":{"rendered":"Silentblocks brazos delanteros, Mazda 6, CX-5"},"content":{"rendered":"<p>Silentblocks de poliuretano para los dos trapecios inferiores de la suspensi\u00f3n delantera, compatibles con los siguientes veh\u00edculos:<br \/>\nMazda 6 GJ 2012-2012<br \/>\nMazda 6 GL 2016-2016<br \/>\nMazda 6 WAGON GJ 2012<br \/>\nMazda 6 WAGON GL 2016-2016<br \/>\nMazda CX-5 I (KE, GH) (11.2011-02.2017)<\/p>\n<p>Dureza: 60\/85Sha<\/p>\n<p>Referencias del fabricante (c\u00f3digo OEM) s\u00f3lo a t\u00edtulo informativo :<br \/>\nKD35-34-460A, KD3534460A, KD35-34-470C, KD3534470C<\/p>\n<p>Piezas nuevas, se vende con factura. Todos nuestros productos tienen 2 a\u00f1os de garant\u00eda.<\/p>\n","protected":false},"excerpt":{"rendered":"<p>Silentblocks de poliuretano para los dos trapecios inferiores de la suspensi\u00f3n delantera, compatibles con los siguientes veh\u00edculos: Mazda 6 GJ 2012-2012 Mazda 6 GL 2016-2016 Mazda 6 WAGON GJ 2012 Mazda 6 WAGON GL 2016-2016 Mazda CX-5 I (KE, GH) (11.2011-02.2017) Dureza: 60\/85Sha Referencias del fabricante (c\u00f3digo OEM) s\u00f3lo a t\u00edtulo informativo : KD35-34-460A, KD3534460A, [&hellip;]<\/p>\n","protected":false},"featured_media":136957,"template":"","meta":[],"product_brand":[],"product_cat":[2202,4341,3022],"product_tag":[],"class_list":{"0":"post-101701","1":"product","2":"type-product","3":"status-publish","4":"has-post-thumbnail","6":"product_cat-mazda-es","7":"product_cat-6-gj-gl-es","8":"product_cat-cx-5-es","10":"first","11":"instock","12":"shipping-taxable","13":"purchasable","14":"product-type-simple"},"yoast_head":"<!-- This site is optimized with the Yoast SEO Premium plugin v23.0 (Yoast SEO v27.4) - https:\/\/yoast.com\/product\/yoast-seo-premium-wordpress\/ -->\n<title>Silentblocks brazos delanteros, Mazda 6, CX-5 - SILENT BLOCKS<\/title>\n<meta name=\"description\" content=\"silentblocks de brazo delantero de poliuretano para Mazda 6, CX-5 KE GH, compatibles con oem KD35-34-460A, KD3534460A, KD35-34-470C, KD3534470C\" \/>\n<meta name=\"robots\" content=\"index, follow, max-snippet:-1, max-image-preview:large, max-video-preview:-1\" \/>\n<link rel=\"canonical\" href=\"https:\/\/www.silentblocks.com\/es\/producto\/silentblocks-brazos-delanteros-mazda-6-cx-5\/\" \/>\n<meta property=\"og:locale\" content=\"es_ES\" \/>\n<meta property=\"og:type\" content=\"article\" \/>\n<meta property=\"og:title\" content=\"Silentblocks brazos delanteros, Mazda 6, CX-5\" \/>\n<meta property=\"og:description\" content=\"silentblocks de brazo delantero de poliuretano para Mazda 6, CX-5 KE GH, compatibles con oem KD35-34-460A, KD3534460A, KD35-34-470C, KD3534470C\" \/>\n<meta property=\"og:url\" content=\"https:\/\/www.silentblocks.com\/es\/producto\/silentblocks-brazos-delanteros-mazda-6-cx-5\/\" \/>\n<meta property=\"og:site_name\" content=\"SILENT BLOCKS\" \/>\n<meta property=\"article:modified_time\" content=\"2026-02-17T22:10:12+00:00\" \/>\n<meta property=\"og:image\" content=\"https:\/\/www.silentblocks.com\/wp-content\/uploads\/2025\/07\/silentblocs-POLYURETHANE-bras-avant-Mazda-6-mazda-Cx5-1.jpg\" \/>\n\t<meta property=\"og:image:width\" content=\"1024\" \/>\n\t<meta property=\"og:image:height\" content=\"1024\" \/>\n\t<meta property=\"og:image:type\" content=\"image\/jpeg\" \/>\n<meta name=\"twitter:card\" content=\"summary_large_image\" \/>\n<script type=\"application\/ld+json\" class=\"yoast-schema-graph\">{\"@context\":\"https:\\\/\\\/schema.org\",\"@graph\":[{\"@type\":\"WebPage\",\"@id\":\"https:\\\/\\\/www.silentblocks.com\\\/es\\\/producto\\\/silentblocks-brazos-delanteros-mazda-6-cx-5\\\/\",\"url\":\"https:\\\/\\\/www.silentblocks.com\\\/es\\\/producto\\\/silentblocks-brazos-delanteros-mazda-6-cx-5\\\/\",\"name\":\"Silentblocks brazos delanteros, Mazda 6, CX-5 - SILENT BLOCKS\",\"isPartOf\":{\"@id\":\"https:\\\/\\\/www.silentblocks.com\\\/es\\\/#website\"},\"primaryImageOfPage\":{\"@id\":\"https:\\\/\\\/www.silentblocks.com\\\/es\\\/producto\\\/silentblocks-brazos-delanteros-mazda-6-cx-5\\\/#primaryimage\"},\"image\":{\"@id\":\"https:\\\/\\\/www.silentblocks.com\\\/es\\\/producto\\\/silentblocks-brazos-delanteros-mazda-6-cx-5\\\/#primaryimage\"},\"thumbnailUrl\":\"https:\\\/\\\/www.silentblocks.com\\\/wp-content\\\/uploads\\\/2025\\\/07\\\/silentblocs-POLYURETHANE-bras-avant-Mazda-6-mazda-Cx5-1.jpg\",\"datePublished\":\"2025-07-28T18:33:07+00:00\",\"dateModified\":\"2026-02-17T22:10:12+00:00\",\"description\":\"silentblocks de brazo delantero de poliuretano para Mazda 6, CX-5 KE GH, compatibles con oem KD35-34-460A, KD3534460A, KD35-34-470C, KD3534470C\",\"breadcrumb\":{\"@id\":\"https:\\\/\\\/www.silentblocks.com\\\/es\\\/producto\\\/silentblocks-brazos-delanteros-mazda-6-cx-5\\\/#breadcrumb\"},\"inLanguage\":\"es\",\"potentialAction\":[{\"@type\":\"ReadAction\",\"target\":[\"https:\\\/\\\/www.silentblocks.com\\\/es\\\/producto\\\/silentblocks-brazos-delanteros-mazda-6-cx-5\\\/\"]}]},{\"@type\":\"ImageObject\",\"inLanguage\":\"es\",\"@id\":\"https:\\\/\\\/www.silentblocks.com\\\/es\\\/producto\\\/silentblocks-brazos-delanteros-mazda-6-cx-5\\\/#primaryimage\",\"url\":\"https:\\\/\\\/www.silentblocks.com\\\/wp-content\\\/uploads\\\/2025\\\/07\\\/silentblocs-POLYURETHANE-bras-avant-Mazda-6-mazda-Cx5-1.jpg\",\"contentUrl\":\"https:\\\/\\\/www.silentblocks.com\\\/wp-content\\\/uploads\\\/2025\\\/07\\\/silentblocs-POLYURETHANE-bras-avant-Mazda-6-mazda-Cx5-1.jpg\",\"width\":1024,\"height\":1024},{\"@type\":\"BreadcrumbList\",\"@id\":\"https:\\\/\\\/www.silentblocks.com\\\/es\\\/producto\\\/silentblocks-brazos-delanteros-mazda-6-cx-5\\\/#breadcrumb\",\"itemListElement\":[{\"@type\":\"ListItem\",\"position\":1,\"name\":\"In\u00edcio\",\"item\":\"https:\\\/\\\/www.silentblocks.com\\\/es\\\/\"},{\"@type\":\"ListItem\",\"position\":2,\"name\":\"Page boutique\",\"item\":\"https:\\\/\\\/www.silentblocks.com\\\/es\\\/shop-2\\\/\"},{\"@type\":\"ListItem\",\"position\":3,\"name\":\"Silentblocks brazos delanteros, Mazda 6, CX-5\"}]},{\"@type\":\"WebSite\",\"@id\":\"https:\\\/\\\/www.silentblocks.com\\\/es\\\/#website\",\"url\":\"https:\\\/\\\/www.silentblocks.com\\\/es\\\/\",\"name\":\"SILENTBLOCKS\",\"description\":\"Secure on the road\",\"publisher\":{\"@id\":\"https:\\\/\\\/www.silentblocks.com\\\/es\\\/#organization\"},\"potentialAction\":[{\"@type\":\"SearchAction\",\"target\":{\"@type\":\"EntryPoint\",\"urlTemplate\":\"https:\\\/\\\/www.silentblocks.com\\\/es\\\/?s={search_term_string}\"},\"query-input\":{\"@type\":\"PropertyValueSpecification\",\"valueRequired\":true,\"valueName\":\"search_term_string\"}}],\"inLanguage\":\"es\"},{\"@type\":\"Organization\",\"@id\":\"https:\\\/\\\/www.silentblocks.com\\\/es\\\/#organization\",\"name\":\"SILENTBLOCKS\",\"url\":\"https:\\\/\\\/www.silentblocks.com\\\/es\\\/\",\"logo\":{\"@type\":\"ImageObject\",\"inLanguage\":\"es\",\"@id\":\"https:\\\/\\\/www.silentblocks.com\\\/es\\\/#\\\/schema\\\/logo\\\/image\\\/\",\"url\":\"https:\\\/\\\/www.silentblocks.com\\\/wp-content\\\/uploads\\\/2023\\\/07\\\/logo211-sem-fundo_2012-PARA-BOUTIQUE-EBAY.png\",\"contentUrl\":\"https:\\\/\\\/www.silentblocks.com\\\/wp-content\\\/uploads\\\/2023\\\/07\\\/logo211-sem-fundo_2012-PARA-BOUTIQUE-EBAY.png\",\"width\":300,\"height\":190,\"caption\":\"SILENTBLOCKS\"},\"image\":{\"@id\":\"https:\\\/\\\/www.silentblocks.com\\\/es\\\/#\\\/schema\\\/logo\\\/image\\\/\"}}]}<\/script>\n<!-- \/ Yoast SEO Premium plugin. -->","yoast_head_json":{"title":"Silentblocks brazos delanteros, Mazda 6, CX-5 - SILENT BLOCKS","description":"silentblocks de brazo delantero de poliuretano para Mazda 6, CX-5 KE GH, compatibles con oem KD35-34-460A, KD3534460A, KD35-34-470C, KD3534470C","robots":{"index":"index","follow":"follow","max-snippet":"max-snippet:-1","max-image-preview":"max-image-preview:large","max-video-preview":"max-video-preview:-1"},"canonical":"https:\/\/www.silentblocks.com\/es\/producto\/silentblocks-brazos-delanteros-mazda-6-cx-5\/","og_locale":"es_ES","og_type":"article","og_title":"Silentblocks brazos delanteros, Mazda 6, CX-5","og_description":"silentblocks de brazo delantero de poliuretano para Mazda 6, CX-5 KE GH, compatibles con oem KD35-34-460A, KD3534460A, KD35-34-470C, KD3534470C","og_url":"https:\/\/www.silentblocks.com\/es\/producto\/silentblocks-brazos-delanteros-mazda-6-cx-5\/","og_site_name":"SILENT BLOCKS","article_modified_time":"2026-02-17T22:10:12+00:00","og_image":[{"width":1024,"height":1024,"url":"https:\/\/www.silentblocks.com\/wp-content\/uploads\/2025\/07\/silentblocs-POLYURETHANE-bras-avant-Mazda-6-mazda-Cx5-1.jpg","type":"image\/jpeg"}],"twitter_card":"summary_large_image","schema":{"@context":"https:\/\/schema.org","@graph":[{"@type":"WebPage","@id":"https:\/\/www.silentblocks.com\/es\/producto\/silentblocks-brazos-delanteros-mazda-6-cx-5\/","url":"https:\/\/www.silentblocks.com\/es\/producto\/silentblocks-brazos-delanteros-mazda-6-cx-5\/","name":"Silentblocks brazos delanteros, Mazda 6, CX-5 - SILENT BLOCKS","isPartOf":{"@id":"https:\/\/www.silentblocks.com\/es\/#website"},"primaryImageOfPage":{"@id":"https:\/\/www.silentblocks.com\/es\/producto\/silentblocks-brazos-delanteros-mazda-6-cx-5\/#primaryimage"},"image":{"@id":"https:\/\/www.silentblocks.com\/es\/producto\/silentblocks-brazos-delanteros-mazda-6-cx-5\/#primaryimage"},"thumbnailUrl":"https:\/\/www.silentblocks.com\/wp-content\/uploads\/2025\/07\/silentblocs-POLYURETHANE-bras-avant-Mazda-6-mazda-Cx5-1.jpg","datePublished":"2025-07-28T18:33:07+00:00","dateModified":"2026-02-17T22:10:12+00:00","description":"silentblocks de brazo delantero de poliuretano para Mazda 6, CX-5 KE GH, compatibles con oem KD35-34-460A, KD3534460A, KD35-34-470C, KD3534470C","breadcrumb":{"@id":"https:\/\/www.silentblocks.com\/es\/producto\/silentblocks-brazos-delanteros-mazda-6-cx-5\/#breadcrumb"},"inLanguage":"es","potentialAction":[{"@type":"ReadAction","target":["https:\/\/www.silentblocks.com\/es\/producto\/silentblocks-brazos-delanteros-mazda-6-cx-5\/"]}]},{"@type":"ImageObject","inLanguage":"es","@id":"https:\/\/www.silentblocks.com\/es\/producto\/silentblocks-brazos-delanteros-mazda-6-cx-5\/#primaryimage","url":"https:\/\/www.silentblocks.com\/wp-content\/uploads\/2025\/07\/silentblocs-POLYURETHANE-bras-avant-Mazda-6-mazda-Cx5-1.jpg","contentUrl":"https:\/\/www.silentblocks.com\/wp-content\/uploads\/2025\/07\/silentblocs-POLYURETHANE-bras-avant-Mazda-6-mazda-Cx5-1.jpg","width":1024,"height":1024},{"@type":"BreadcrumbList","@id":"https:\/\/www.silentblocks.com\/es\/producto\/silentblocks-brazos-delanteros-mazda-6-cx-5\/#breadcrumb","itemListElement":[{"@type":"ListItem","position":1,"name":"In\u00edcio","item":"https:\/\/www.silentblocks.com\/es\/"},{"@type":"ListItem","position":2,"name":"Page boutique","item":"https:\/\/www.silentblocks.com\/es\/shop-2\/"},{"@type":"ListItem","position":3,"name":"Silentblocks brazos delanteros, Mazda 6, CX-5"}]},{"@type":"WebSite","@id":"https:\/\/www.silentblocks.com\/es\/#website","url":"https:\/\/www.silentblocks.com\/es\/","name":"SILENTBLOCKS","description":"Secure on the road","publisher":{"@id":"https:\/\/www.silentblocks.com\/es\/#organization"},"potentialAction":[{"@type":"SearchAction","target":{"@type":"EntryPoint","urlTemplate":"https:\/\/www.silentblocks.com\/es\/?s={search_term_string}"},"query-input":{"@type":"PropertyValueSpecification","valueRequired":true,"valueName":"search_term_string"}}],"inLanguage":"es"},{"@type":"Organization","@id":"https:\/\/www.silentblocks.com\/es\/#organization","name":"SILENTBLOCKS","url":"https:\/\/www.silentblocks.com\/es\/","logo":{"@type":"ImageObject","inLanguage":"es","@id":"https:\/\/www.silentblocks.com\/es\/#\/schema\/logo\/image\/","url":"https:\/\/www.silentblocks.com\/wp-content\/uploads\/2023\/07\/logo211-sem-fundo_2012-PARA-BOUTIQUE-EBAY.png","contentUrl":"https:\/\/www.silentblocks.com\/wp-content\/uploads\/2023\/07\/logo211-sem-fundo_2012-PARA-BOUTIQUE-EBAY.png","width":300,"height":190,"caption":"SILENTBLOCKS"},"image":{"@id":"https:\/\/www.silentblocks.com\/es\/#\/schema\/logo\/image\/"}}]}},"_links":{"self":[{"href":"https:\/\/www.silentblocks.com\/es\/wp-json\/wp\/v2\/product\/101701","targetHints":{"allow":["GET"]}}],"collection":[{"href":"https:\/\/www.silentblocks.com\/es\/wp-json\/wp\/v2\/product"}],"about":[{"href":"https:\/\/www.silentblocks.com\/es\/wp-json\/wp\/v2\/types\/product"}],"version-history":[{"count":0,"href":"https:\/\/www.silentblocks.com\/es\/wp-json\/wp\/v2\/product\/101701\/revisions"}],"wp:featuredmedia":[{"embeddable":true,"href":"https:\/\/www.silentblocks.com\/es\/wp-json\/wp\/v2\/media\/136957"}],"wp:attachment":[{"href":"https:\/\/www.silentblocks.com\/es\/wp-json\/wp\/v2\/media?parent=101701"}],"wp:term":[{"taxonomy":"product_brand","embeddable":true,"href":"https:\/\/www.silentblocks.com\/es\/wp-json\/wp\/v2\/product_brand?post=101701"},{"taxonomy":"product_cat","embeddable":true,"href":"https:\/\/www.silentblocks.com\/es\/wp-json\/wp\/v2\/product_cat?post=101701"},{"taxonomy":"product_tag","embeddable":true,"href":"https:\/\/www.silentblocks.com\/es\/wp-json\/wp\/v2\/product_tag?post=101701"}],"curies":[{"name":"wp","href":"https:\/\/api.w.org\/{rel}","templated":true}]}}