{"id":102550,"date":"2025-08-06T14:16:50","date_gmt":"2025-08-06T14:16:50","guid":{"rendered":"https:\/\/www.silentblocks.com\/product\/bujes-para-barra-estabilizadora-trasera-california-multivan-transporter-t5-t6\/"},"modified":"2026-02-17T22:12:06","modified_gmt":"2026-02-17T22:12:06","slug":"bujes-para-barra-estabilizadora-trasera-california-multivan-transporter-t5-t6","status":"publish","type":"product","link":"https:\/\/www.silentblocks.com\/es\/producto\/bujes-para-barra-estabilizadora-trasera-california-multivan-transporter-t5-t6\/","title":{"rendered":"Bujes para barra estabilizadora trasera, California, Multivan, Transporter (T5\/T6)"},"content":{"rendered":"<p>Kit de 4 bujes de barra estabilizadora trasera, compatibles con los siguientes veh\u00edculos:<br \/>\nCalifornia T5 Camper (7EC, 7EF, 7EG, 7HF, 7HC)<br \/>\nCalifornia T6 Camper (SGC, SGG, SHC)<br \/>\nMultivan T5 (7HM, 7HN, 7HF, 7EF, 7EM, 7EN)<br \/>\nMultivan T6 (SGF, SGM, SGN, SHM, SHN)<br \/>\nAutob\u00fas Transporter T5 (7HB, 7HJ, 7EB, 7EJ)<br \/>\nPlataforma\/chasis Transporter T5 (7JD, 7JE, 7JL, 7JY, 7JZ, 7F<br \/>\nFurgoneta Transporter T5 (7HA, 7HH, 7EA, 7EH)<br \/>\nAutob\u00fas Transporter T6 \/ CARAVELLE T6 (SGB, SGJ, SHB, SHJ)<br \/>\nPlataforma\/chasis Transporter T6 (SFD, SFE, SFL, SFZ, SJD, SJ<br \/>\nFurgoneta Transporter T6 (SGA, SGH, SHA, SHH)<\/p>\n<p>Di\u00e1metro: \u00d821mm centro \/\u00d822mm extremos<\/p>\n<p>Referencias del fabricante (c\u00f3digo OEM) s\u00f3lo a t\u00edtulo informativo :<br \/>\n7H5 511 414, 7H0 411 313, 7H0 511 413 A, 7H5 411 313 A, 7H5 511 413 B<\/p>\n<p>Piezas nuevas, se vende con factura. Todos nuestros productos tienen 2 a\u00f1os de garant\u00eda.<\/p>\n","protected":false},"excerpt":{"rendered":"<p>Kit de 4 bujes de barra estabilizadora trasera, compatibles con los siguientes veh\u00edculos: California T5 Camper (7EC, 7EF, 7EG, 7HF, 7HC) California T6 Camper (SGC, SGG, SHC) Multivan T5 (7HM, 7HN, 7HF, 7EF, 7EM, 7EN) Multivan T6 (SGF, SGM, SGN, SHM, SHN) Autob\u00fas Transporter T5 (7HB, 7HJ, 7EB, 7EJ) Plataforma\/chasis Transporter T5 (7JD, 7JE, 7JL, [&hellip;]<\/p>\n","protected":false},"featured_media":102535,"template":"","meta":[],"product_brand":[],"product_cat":[964,5640,5641,5655],"product_tag":[],"class_list":{"0":"post-102550","1":"product","2":"type-product","3":"status-publish","4":"has-post-thumbnail","6":"product_cat-vw","7":"product_cat-transporter-t5","8":"product_cat-transporter-t6","9":"product_cat-transporter-t6-es","11":"first","12":"instock","13":"shipping-taxable","14":"purchasable","15":"product-type-simple"},"yoast_head":"<!-- This site is optimized with the Yoast SEO Premium plugin v23.0 (Yoast SEO v27.4) - https:\/\/yoast.com\/product\/yoast-seo-premium-wordpress\/ -->\n<title>Bujes para barra estabilizadora trasera, California, Multivan, Transporter (T5\/T6) - SILENT BLOCKS<\/title>\n<meta name=\"description\" content=\"Bujes de la barra estabilizadora trasera para VW California, Multivan, Transporter (T5\/T6), oem 7H5 511 414, 7H0 411 313, 7H0 511 413 A, 7H5 411 313 A\" \/>\n<meta name=\"robots\" content=\"index, follow, max-snippet:-1, max-image-preview:large, max-video-preview:-1\" \/>\n<link rel=\"canonical\" href=\"https:\/\/www.silentblocks.com\/es\/producto\/bujes-para-barra-estabilizadora-trasera-california-multivan-transporter-t5-t6\/\" \/>\n<meta property=\"og:locale\" content=\"es_ES\" \/>\n<meta property=\"og:type\" content=\"article\" \/>\n<meta property=\"og:title\" content=\"Bujes para barra estabilizadora trasera, California, Multivan, Transporter (T5\/T6)\" \/>\n<meta property=\"og:description\" content=\"Bujes de la barra estabilizadora trasera para VW California, Multivan, Transporter (T5\/T6), oem 7H5 511 414, 7H0 411 313, 7H0 511 413 A, 7H5 411 313 A\" \/>\n<meta property=\"og:url\" content=\"https:\/\/www.silentblocks.com\/es\/producto\/bujes-para-barra-estabilizadora-trasera-california-multivan-transporter-t5-t6\/\" \/>\n<meta property=\"og:site_name\" content=\"SILENT BLOCKS\" \/>\n<meta property=\"article:modified_time\" content=\"2026-02-17T22:12:06+00:00\" \/>\n<meta property=\"og:image\" content=\"https:\/\/www.silentblocks.com\/wp-content\/uploads\/2026\/02\/silentblocs-barre-stabilisatrice-arriere-multivan-Transporter-T5-T6.jpg\" \/>\n\t<meta property=\"og:image:width\" content=\"1000\" \/>\n\t<meta property=\"og:image:height\" content=\"1000\" \/>\n\t<meta property=\"og:image:type\" content=\"image\/jpeg\" \/>\n<meta name=\"twitter:card\" content=\"summary_large_image\" \/>\n<meta name=\"twitter:label1\" content=\"Tiempo de lectura\" \/>\n\t<meta name=\"twitter:data1\" content=\"1 minuto\" \/>\n<script type=\"application\/ld+json\" class=\"yoast-schema-graph\">{\"@context\":\"https:\\\/\\\/schema.org\",\"@graph\":[{\"@type\":\"WebPage\",\"@id\":\"https:\\\/\\\/www.silentblocks.com\\\/es\\\/producto\\\/bujes-para-barra-estabilizadora-trasera-california-multivan-transporter-t5-t6\\\/\",\"url\":\"https:\\\/\\\/www.silentblocks.com\\\/es\\\/producto\\\/bujes-para-barra-estabilizadora-trasera-california-multivan-transporter-t5-t6\\\/\",\"name\":\"Bujes para barra estabilizadora trasera, California, Multivan, Transporter (T5\\\/T6) - SILENT BLOCKS\",\"isPartOf\":{\"@id\":\"https:\\\/\\\/www.silentblocks.com\\\/es\\\/#website\"},\"primaryImageOfPage\":{\"@id\":\"https:\\\/\\\/www.silentblocks.com\\\/es\\\/producto\\\/bujes-para-barra-estabilizadora-trasera-california-multivan-transporter-t5-t6\\\/#primaryimage\"},\"image\":{\"@id\":\"https:\\\/\\\/www.silentblocks.com\\\/es\\\/producto\\\/bujes-para-barra-estabilizadora-trasera-california-multivan-transporter-t5-t6\\\/#primaryimage\"},\"thumbnailUrl\":\"https:\\\/\\\/www.silentblocks.com\\\/wp-content\\\/uploads\\\/2026\\\/02\\\/silentblocs-barre-stabilisatrice-arriere-multivan-Transporter-T5-T6.jpg\",\"datePublished\":\"2025-08-06T14:16:50+00:00\",\"dateModified\":\"2026-02-17T22:12:06+00:00\",\"description\":\"Bujes de la barra estabilizadora trasera para VW California, Multivan, Transporter (T5\\\/T6), oem 7H5 511 414, 7H0 411 313, 7H0 511 413 A, 7H5 411 313 A\",\"breadcrumb\":{\"@id\":\"https:\\\/\\\/www.silentblocks.com\\\/es\\\/producto\\\/bujes-para-barra-estabilizadora-trasera-california-multivan-transporter-t5-t6\\\/#breadcrumb\"},\"inLanguage\":\"es\",\"potentialAction\":[{\"@type\":\"ReadAction\",\"target\":[\"https:\\\/\\\/www.silentblocks.com\\\/es\\\/producto\\\/bujes-para-barra-estabilizadora-trasera-california-multivan-transporter-t5-t6\\\/\"]}]},{\"@type\":\"ImageObject\",\"inLanguage\":\"es\",\"@id\":\"https:\\\/\\\/www.silentblocks.com\\\/es\\\/producto\\\/bujes-para-barra-estabilizadora-trasera-california-multivan-transporter-t5-t6\\\/#primaryimage\",\"url\":\"https:\\\/\\\/www.silentblocks.com\\\/wp-content\\\/uploads\\\/2026\\\/02\\\/silentblocs-barre-stabilisatrice-arriere-multivan-Transporter-T5-T6.jpg\",\"contentUrl\":\"https:\\\/\\\/www.silentblocks.com\\\/wp-content\\\/uploads\\\/2026\\\/02\\\/silentblocs-barre-stabilisatrice-arriere-multivan-Transporter-T5-T6.jpg\",\"width\":1000,\"height\":1000},{\"@type\":\"BreadcrumbList\",\"@id\":\"https:\\\/\\\/www.silentblocks.com\\\/es\\\/producto\\\/bujes-para-barra-estabilizadora-trasera-california-multivan-transporter-t5-t6\\\/#breadcrumb\",\"itemListElement\":[{\"@type\":\"ListItem\",\"position\":1,\"name\":\"In\u00edcio\",\"item\":\"https:\\\/\\\/www.silentblocks.com\\\/es\\\/\"},{\"@type\":\"ListItem\",\"position\":2,\"name\":\"Page boutique\",\"item\":\"https:\\\/\\\/www.silentblocks.com\\\/es\\\/shop-2\\\/\"},{\"@type\":\"ListItem\",\"position\":3,\"name\":\"Bujes para barra estabilizadora trasera, California, Multivan, Transporter (T5\\\/T6)\"}]},{\"@type\":\"WebSite\",\"@id\":\"https:\\\/\\\/www.silentblocks.com\\\/es\\\/#website\",\"url\":\"https:\\\/\\\/www.silentblocks.com\\\/es\\\/\",\"name\":\"SILENTBLOCKS\",\"description\":\"Secure on the road\",\"publisher\":{\"@id\":\"https:\\\/\\\/www.silentblocks.com\\\/es\\\/#organization\"},\"potentialAction\":[{\"@type\":\"SearchAction\",\"target\":{\"@type\":\"EntryPoint\",\"urlTemplate\":\"https:\\\/\\\/www.silentblocks.com\\\/es\\\/?s={search_term_string}\"},\"query-input\":{\"@type\":\"PropertyValueSpecification\",\"valueRequired\":true,\"valueName\":\"search_term_string\"}}],\"inLanguage\":\"es\"},{\"@type\":\"Organization\",\"@id\":\"https:\\\/\\\/www.silentblocks.com\\\/es\\\/#organization\",\"name\":\"SILENTBLOCKS\",\"url\":\"https:\\\/\\\/www.silentblocks.com\\\/es\\\/\",\"logo\":{\"@type\":\"ImageObject\",\"inLanguage\":\"es\",\"@id\":\"https:\\\/\\\/www.silentblocks.com\\\/es\\\/#\\\/schema\\\/logo\\\/image\\\/\",\"url\":\"https:\\\/\\\/www.silentblocks.com\\\/wp-content\\\/uploads\\\/2023\\\/07\\\/logo211-sem-fundo_2012-PARA-BOUTIQUE-EBAY.png\",\"contentUrl\":\"https:\\\/\\\/www.silentblocks.com\\\/wp-content\\\/uploads\\\/2023\\\/07\\\/logo211-sem-fundo_2012-PARA-BOUTIQUE-EBAY.png\",\"width\":300,\"height\":190,\"caption\":\"SILENTBLOCKS\"},\"image\":{\"@id\":\"https:\\\/\\\/www.silentblocks.com\\\/es\\\/#\\\/schema\\\/logo\\\/image\\\/\"}}]}<\/script>\n<!-- \/ Yoast SEO Premium plugin. -->","yoast_head_json":{"title":"Bujes para barra estabilizadora trasera, California, Multivan, Transporter (T5\/T6) - SILENT BLOCKS","description":"Bujes de la barra estabilizadora trasera para VW California, Multivan, Transporter (T5\/T6), oem 7H5 511 414, 7H0 411 313, 7H0 511 413 A, 7H5 411 313 A","robots":{"index":"index","follow":"follow","max-snippet":"max-snippet:-1","max-image-preview":"max-image-preview:large","max-video-preview":"max-video-preview:-1"},"canonical":"https:\/\/www.silentblocks.com\/es\/producto\/bujes-para-barra-estabilizadora-trasera-california-multivan-transporter-t5-t6\/","og_locale":"es_ES","og_type":"article","og_title":"Bujes para barra estabilizadora trasera, California, Multivan, Transporter (T5\/T6)","og_description":"Bujes de la barra estabilizadora trasera para VW California, Multivan, Transporter (T5\/T6), oem 7H5 511 414, 7H0 411 313, 7H0 511 413 A, 7H5 411 313 A","og_url":"https:\/\/www.silentblocks.com\/es\/producto\/bujes-para-barra-estabilizadora-trasera-california-multivan-transporter-t5-t6\/","og_site_name":"SILENT BLOCKS","article_modified_time":"2026-02-17T22:12:06+00:00","og_image":[{"width":1000,"height":1000,"url":"https:\/\/www.silentblocks.com\/wp-content\/uploads\/2026\/02\/silentblocs-barre-stabilisatrice-arriere-multivan-Transporter-T5-T6.jpg","type":"image\/jpeg"}],"twitter_card":"summary_large_image","twitter_misc":{"Tiempo de lectura":"1 minuto"},"schema":{"@context":"https:\/\/schema.org","@graph":[{"@type":"WebPage","@id":"https:\/\/www.silentblocks.com\/es\/producto\/bujes-para-barra-estabilizadora-trasera-california-multivan-transporter-t5-t6\/","url":"https:\/\/www.silentblocks.com\/es\/producto\/bujes-para-barra-estabilizadora-trasera-california-multivan-transporter-t5-t6\/","name":"Bujes para barra estabilizadora trasera, California, Multivan, Transporter (T5\/T6) - SILENT BLOCKS","isPartOf":{"@id":"https:\/\/www.silentblocks.com\/es\/#website"},"primaryImageOfPage":{"@id":"https:\/\/www.silentblocks.com\/es\/producto\/bujes-para-barra-estabilizadora-trasera-california-multivan-transporter-t5-t6\/#primaryimage"},"image":{"@id":"https:\/\/www.silentblocks.com\/es\/producto\/bujes-para-barra-estabilizadora-trasera-california-multivan-transporter-t5-t6\/#primaryimage"},"thumbnailUrl":"https:\/\/www.silentblocks.com\/wp-content\/uploads\/2026\/02\/silentblocs-barre-stabilisatrice-arriere-multivan-Transporter-T5-T6.jpg","datePublished":"2025-08-06T14:16:50+00:00","dateModified":"2026-02-17T22:12:06+00:00","description":"Bujes de la barra estabilizadora trasera para VW California, Multivan, Transporter (T5\/T6), oem 7H5 511 414, 7H0 411 313, 7H0 511 413 A, 7H5 411 313 A","breadcrumb":{"@id":"https:\/\/www.silentblocks.com\/es\/producto\/bujes-para-barra-estabilizadora-trasera-california-multivan-transporter-t5-t6\/#breadcrumb"},"inLanguage":"es","potentialAction":[{"@type":"ReadAction","target":["https:\/\/www.silentblocks.com\/es\/producto\/bujes-para-barra-estabilizadora-trasera-california-multivan-transporter-t5-t6\/"]}]},{"@type":"ImageObject","inLanguage":"es","@id":"https:\/\/www.silentblocks.com\/es\/producto\/bujes-para-barra-estabilizadora-trasera-california-multivan-transporter-t5-t6\/#primaryimage","url":"https:\/\/www.silentblocks.com\/wp-content\/uploads\/2026\/02\/silentblocs-barre-stabilisatrice-arriere-multivan-Transporter-T5-T6.jpg","contentUrl":"https:\/\/www.silentblocks.com\/wp-content\/uploads\/2026\/02\/silentblocs-barre-stabilisatrice-arriere-multivan-Transporter-T5-T6.jpg","width":1000,"height":1000},{"@type":"BreadcrumbList","@id":"https:\/\/www.silentblocks.com\/es\/producto\/bujes-para-barra-estabilizadora-trasera-california-multivan-transporter-t5-t6\/#breadcrumb","itemListElement":[{"@type":"ListItem","position":1,"name":"In\u00edcio","item":"https:\/\/www.silentblocks.com\/es\/"},{"@type":"ListItem","position":2,"name":"Page boutique","item":"https:\/\/www.silentblocks.com\/es\/shop-2\/"},{"@type":"ListItem","position":3,"name":"Bujes para barra estabilizadora trasera, California, Multivan, Transporter (T5\/T6)"}]},{"@type":"WebSite","@id":"https:\/\/www.silentblocks.com\/es\/#website","url":"https:\/\/www.silentblocks.com\/es\/","name":"SILENTBLOCKS","description":"Secure on the road","publisher":{"@id":"https:\/\/www.silentblocks.com\/es\/#organization"},"potentialAction":[{"@type":"SearchAction","target":{"@type":"EntryPoint","urlTemplate":"https:\/\/www.silentblocks.com\/es\/?s={search_term_string}"},"query-input":{"@type":"PropertyValueSpecification","valueRequired":true,"valueName":"search_term_string"}}],"inLanguage":"es"},{"@type":"Organization","@id":"https:\/\/www.silentblocks.com\/es\/#organization","name":"SILENTBLOCKS","url":"https:\/\/www.silentblocks.com\/es\/","logo":{"@type":"ImageObject","inLanguage":"es","@id":"https:\/\/www.silentblocks.com\/es\/#\/schema\/logo\/image\/","url":"https:\/\/www.silentblocks.com\/wp-content\/uploads\/2023\/07\/logo211-sem-fundo_2012-PARA-BOUTIQUE-EBAY.png","contentUrl":"https:\/\/www.silentblocks.com\/wp-content\/uploads\/2023\/07\/logo211-sem-fundo_2012-PARA-BOUTIQUE-EBAY.png","width":300,"height":190,"caption":"SILENTBLOCKS"},"image":{"@id":"https:\/\/www.silentblocks.com\/es\/#\/schema\/logo\/image\/"}}]}},"_links":{"self":[{"href":"https:\/\/www.silentblocks.com\/es\/wp-json\/wp\/v2\/product\/102550","targetHints":{"allow":["GET"]}}],"collection":[{"href":"https:\/\/www.silentblocks.com\/es\/wp-json\/wp\/v2\/product"}],"about":[{"href":"https:\/\/www.silentblocks.com\/es\/wp-json\/wp\/v2\/types\/product"}],"version-history":[{"count":0,"href":"https:\/\/www.silentblocks.com\/es\/wp-json\/wp\/v2\/product\/102550\/revisions"}],"wp:featuredmedia":[{"embeddable":true,"href":"https:\/\/www.silentblocks.com\/es\/wp-json\/wp\/v2\/media\/102535"}],"wp:attachment":[{"href":"https:\/\/www.silentblocks.com\/es\/wp-json\/wp\/v2\/media?parent=102550"}],"wp:term":[{"taxonomy":"product_brand","embeddable":true,"href":"https:\/\/www.silentblocks.com\/es\/wp-json\/wp\/v2\/product_brand?post=102550"},{"taxonomy":"product_cat","embeddable":true,"href":"https:\/\/www.silentblocks.com\/es\/wp-json\/wp\/v2\/product_cat?post=102550"},{"taxonomy":"product_tag","embeddable":true,"href":"https:\/\/www.silentblocks.com\/es\/wp-json\/wp\/v2\/product_tag?post=102550"}],"curies":[{"name":"wp","href":"https:\/\/api.w.org\/{rel}","templated":true}]}}