{"id":103001,"date":"2025-08-12T09:52:10","date_gmt":"2025-08-12T09:52:10","guid":{"rendered":"https:\/\/www.silentblocks.com\/product\/silentblocks-de-los-brazos-inferiores-traseros-audi-a6-4b-c5-vw-passat-b5\/"},"modified":"2026-02-17T22:13:16","modified_gmt":"2026-02-17T22:13:16","slug":"silentblocks-de-los-brazos-inferiores-traseros-audi-a6-4b-c5-vw-passat-b5","status":"publish","type":"product","link":"https:\/\/www.silentblocks.com\/es\/producto\/silentblocks-de-los-brazos-inferiores-traseros-audi-a6-4b-c5-vw-passat-b5\/","title":{"rendered":"Silentblocks de los brazos inferiores traseros, Audi A6 4B C5, VW Passat B5"},"content":{"rendered":"<p>Kit silentblocs para dos brazos inferiores traseros, compatible con los siguientes veh\u00edculos:<br \/>\nAudi A6 4B 1997-2005<br \/>\nAudi A6 C5 1997-2005<br \/>\nAudi A6 ALLROAD C5 1999-2005<br \/>\nAudi A6 ALLROAD 4B 1999-2005<br \/>\nVW Passat B5 1997-2005<br \/>\nVW Passat B5+ 1997-2005<\/p>\n<p>Referencias del fabricante (c\u00f3digo OEM) s\u00f3lo a t\u00edtulo informativo :<br \/>\n4B0505311, 4B0511523, 8E0511523C, 4B0505312, 4Z7505311<\/p>\n<p>Piezas nuevas, se vende con factura. Todos nuestros productos tienen 2 a\u00f1os de garant\u00eda.<\/p>\n","protected":false},"excerpt":{"rendered":"<p>Kit silentblocs para dos brazos inferiores traseros, compatible con los siguientes veh\u00edculos: Audi A6 4B 1997-2005 Audi A6 C5 1997-2005 Audi A6 ALLROAD C5 1999-2005 Audi A6 ALLROAD 4B 1999-2005 VW Passat B5 1997-2005 VW Passat B5+ 1997-2005 Referencias del fabricante (c\u00f3digo OEM) s\u00f3lo a t\u00edtulo informativo : 4B0505311, 4B0511523, 8E0511523C, 4B0505312, 4Z7505311 Piezas nuevas, [&hellip;]<\/p>\n","protected":false},"featured_media":102990,"template":"","meta":[],"product_brand":[],"product_cat":[949,1001,964,1535,3813],"product_tag":[],"class_list":{"0":"post-103001","1":"product","2":"type-product","3":"status-publish","4":"has-post-thumbnail","6":"product_cat-audi","7":"product_cat-a6-c5","8":"product_cat-vw","9":"product_cat-passat","10":"product_cat-passat-es","12":"first","13":"instock","14":"shipping-taxable","15":"purchasable","16":"product-type-simple"},"yoast_head":"<!-- This site is optimized with the Yoast SEO Premium plugin v23.0 (Yoast SEO v27.4) - https:\/\/yoast.com\/product\/yoast-seo-premium-wordpress\/ -->\n<title>Silentblocks de los brazos inferiores traseros, Audi A6 4B C5, VW Passat B5 - SILENT BLOCKS<\/title>\n<meta name=\"description\" content=\"Silentblocks del brazo inferior trasero para Audi A6 4B C5, VW Passat B5, compatibles con oem 4B0505311, 4B0511523, 8E0511523C, 4B0505312, 4Z7505311\" \/>\n<meta name=\"robots\" content=\"index, follow, max-snippet:-1, max-image-preview:large, max-video-preview:-1\" \/>\n<link rel=\"canonical\" href=\"https:\/\/www.silentblocks.com\/es\/producto\/silentblocks-de-los-brazos-inferiores-traseros-audi-a6-4b-c5-vw-passat-b5\/\" \/>\n<meta property=\"og:locale\" content=\"es_ES\" \/>\n<meta property=\"og:type\" content=\"article\" \/>\n<meta property=\"og:title\" content=\"Silentblocks de los brazos inferiores traseros, Audi A6 4B C5, VW Passat B5\" \/>\n<meta property=\"og:description\" content=\"Silentblocks del brazo inferior trasero para Audi A6 4B C5, VW Passat B5, compatibles con oem 4B0505311, 4B0511523, 8E0511523C, 4B0505312, 4Z7505311\" \/>\n<meta property=\"og:url\" content=\"https:\/\/www.silentblocks.com\/es\/producto\/silentblocks-de-los-brazos-inferiores-traseros-audi-a6-4b-c5-vw-passat-b5\/\" \/>\n<meta property=\"og:site_name\" content=\"SILENT BLOCKS\" \/>\n<meta property=\"article:modified_time\" content=\"2026-02-17T22:13:16+00:00\" \/>\n<meta property=\"og:image\" content=\"https:\/\/www.silentblocks.com\/wp-content\/uploads\/2026\/02\/silentblocs-bras-inferieur-arriere-audi-a6-4B0505311-1.jpg\" \/>\n\t<meta property=\"og:image:width\" content=\"800\" \/>\n\t<meta property=\"og:image:height\" content=\"800\" \/>\n\t<meta property=\"og:image:type\" content=\"image\/jpeg\" \/>\n<meta name=\"twitter:card\" content=\"summary_large_image\" \/>\n<script type=\"application\/ld+json\" class=\"yoast-schema-graph\">{\"@context\":\"https:\\\/\\\/schema.org\",\"@graph\":[{\"@type\":\"WebPage\",\"@id\":\"https:\\\/\\\/www.silentblocks.com\\\/es\\\/producto\\\/silentblocks-de-los-brazos-inferiores-traseros-audi-a6-4b-c5-vw-passat-b5\\\/\",\"url\":\"https:\\\/\\\/www.silentblocks.com\\\/es\\\/producto\\\/silentblocks-de-los-brazos-inferiores-traseros-audi-a6-4b-c5-vw-passat-b5\\\/\",\"name\":\"Silentblocks de los brazos inferiores traseros, Audi A6 4B C5, VW Passat B5 - SILENT BLOCKS\",\"isPartOf\":{\"@id\":\"https:\\\/\\\/www.silentblocks.com\\\/es\\\/#website\"},\"primaryImageOfPage\":{\"@id\":\"https:\\\/\\\/www.silentblocks.com\\\/es\\\/producto\\\/silentblocks-de-los-brazos-inferiores-traseros-audi-a6-4b-c5-vw-passat-b5\\\/#primaryimage\"},\"image\":{\"@id\":\"https:\\\/\\\/www.silentblocks.com\\\/es\\\/producto\\\/silentblocks-de-los-brazos-inferiores-traseros-audi-a6-4b-c5-vw-passat-b5\\\/#primaryimage\"},\"thumbnailUrl\":\"https:\\\/\\\/www.silentblocks.com\\\/wp-content\\\/uploads\\\/2026\\\/02\\\/silentblocs-bras-inferieur-arriere-audi-a6-4B0505311-1.jpg\",\"datePublished\":\"2025-08-12T09:52:10+00:00\",\"dateModified\":\"2026-02-17T22:13:16+00:00\",\"description\":\"Silentblocks del brazo inferior trasero para Audi A6 4B C5, VW Passat B5, compatibles con oem 4B0505311, 4B0511523, 8E0511523C, 4B0505312, 4Z7505311\",\"breadcrumb\":{\"@id\":\"https:\\\/\\\/www.silentblocks.com\\\/es\\\/producto\\\/silentblocks-de-los-brazos-inferiores-traseros-audi-a6-4b-c5-vw-passat-b5\\\/#breadcrumb\"},\"inLanguage\":\"es\",\"potentialAction\":[{\"@type\":\"ReadAction\",\"target\":[\"https:\\\/\\\/www.silentblocks.com\\\/es\\\/producto\\\/silentblocks-de-los-brazos-inferiores-traseros-audi-a6-4b-c5-vw-passat-b5\\\/\"]}]},{\"@type\":\"ImageObject\",\"inLanguage\":\"es\",\"@id\":\"https:\\\/\\\/www.silentblocks.com\\\/es\\\/producto\\\/silentblocks-de-los-brazos-inferiores-traseros-audi-a6-4b-c5-vw-passat-b5\\\/#primaryimage\",\"url\":\"https:\\\/\\\/www.silentblocks.com\\\/wp-content\\\/uploads\\\/2026\\\/02\\\/silentblocs-bras-inferieur-arriere-audi-a6-4B0505311-1.jpg\",\"contentUrl\":\"https:\\\/\\\/www.silentblocks.com\\\/wp-content\\\/uploads\\\/2026\\\/02\\\/silentblocs-bras-inferieur-arriere-audi-a6-4B0505311-1.jpg\",\"width\":800,\"height\":800},{\"@type\":\"BreadcrumbList\",\"@id\":\"https:\\\/\\\/www.silentblocks.com\\\/es\\\/producto\\\/silentblocks-de-los-brazos-inferiores-traseros-audi-a6-4b-c5-vw-passat-b5\\\/#breadcrumb\",\"itemListElement\":[{\"@type\":\"ListItem\",\"position\":1,\"name\":\"In\u00edcio\",\"item\":\"https:\\\/\\\/www.silentblocks.com\\\/es\\\/\"},{\"@type\":\"ListItem\",\"position\":2,\"name\":\"Page boutique\",\"item\":\"https:\\\/\\\/www.silentblocks.com\\\/es\\\/shop-2\\\/\"},{\"@type\":\"ListItem\",\"position\":3,\"name\":\"Silentblocks de los brazos inferiores traseros, Audi A6 4B C5, VW Passat B5\"}]},{\"@type\":\"WebSite\",\"@id\":\"https:\\\/\\\/www.silentblocks.com\\\/es\\\/#website\",\"url\":\"https:\\\/\\\/www.silentblocks.com\\\/es\\\/\",\"name\":\"SILENTBLOCKS\",\"description\":\"Secure on the road\",\"publisher\":{\"@id\":\"https:\\\/\\\/www.silentblocks.com\\\/es\\\/#organization\"},\"potentialAction\":[{\"@type\":\"SearchAction\",\"target\":{\"@type\":\"EntryPoint\",\"urlTemplate\":\"https:\\\/\\\/www.silentblocks.com\\\/es\\\/?s={search_term_string}\"},\"query-input\":{\"@type\":\"PropertyValueSpecification\",\"valueRequired\":true,\"valueName\":\"search_term_string\"}}],\"inLanguage\":\"es\"},{\"@type\":\"Organization\",\"@id\":\"https:\\\/\\\/www.silentblocks.com\\\/es\\\/#organization\",\"name\":\"SILENTBLOCKS\",\"url\":\"https:\\\/\\\/www.silentblocks.com\\\/es\\\/\",\"logo\":{\"@type\":\"ImageObject\",\"inLanguage\":\"es\",\"@id\":\"https:\\\/\\\/www.silentblocks.com\\\/es\\\/#\\\/schema\\\/logo\\\/image\\\/\",\"url\":\"https:\\\/\\\/www.silentblocks.com\\\/wp-content\\\/uploads\\\/2023\\\/07\\\/logo211-sem-fundo_2012-PARA-BOUTIQUE-EBAY.png\",\"contentUrl\":\"https:\\\/\\\/www.silentblocks.com\\\/wp-content\\\/uploads\\\/2023\\\/07\\\/logo211-sem-fundo_2012-PARA-BOUTIQUE-EBAY.png\",\"width\":300,\"height\":190,\"caption\":\"SILENTBLOCKS\"},\"image\":{\"@id\":\"https:\\\/\\\/www.silentblocks.com\\\/es\\\/#\\\/schema\\\/logo\\\/image\\\/\"}}]}<\/script>\n<!-- \/ Yoast SEO Premium plugin. -->","yoast_head_json":{"title":"Silentblocks de los brazos inferiores traseros, Audi A6 4B C5, VW Passat B5 - SILENT BLOCKS","description":"Silentblocks del brazo inferior trasero para Audi A6 4B C5, VW Passat B5, compatibles con oem 4B0505311, 4B0511523, 8E0511523C, 4B0505312, 4Z7505311","robots":{"index":"index","follow":"follow","max-snippet":"max-snippet:-1","max-image-preview":"max-image-preview:large","max-video-preview":"max-video-preview:-1"},"canonical":"https:\/\/www.silentblocks.com\/es\/producto\/silentblocks-de-los-brazos-inferiores-traseros-audi-a6-4b-c5-vw-passat-b5\/","og_locale":"es_ES","og_type":"article","og_title":"Silentblocks de los brazos inferiores traseros, Audi A6 4B C5, VW Passat B5","og_description":"Silentblocks del brazo inferior trasero para Audi A6 4B C5, VW Passat B5, compatibles con oem 4B0505311, 4B0511523, 8E0511523C, 4B0505312, 4Z7505311","og_url":"https:\/\/www.silentblocks.com\/es\/producto\/silentblocks-de-los-brazos-inferiores-traseros-audi-a6-4b-c5-vw-passat-b5\/","og_site_name":"SILENT BLOCKS","article_modified_time":"2026-02-17T22:13:16+00:00","og_image":[{"width":800,"height":800,"url":"https:\/\/www.silentblocks.com\/wp-content\/uploads\/2026\/02\/silentblocs-bras-inferieur-arriere-audi-a6-4B0505311-1.jpg","type":"image\/jpeg"}],"twitter_card":"summary_large_image","schema":{"@context":"https:\/\/schema.org","@graph":[{"@type":"WebPage","@id":"https:\/\/www.silentblocks.com\/es\/producto\/silentblocks-de-los-brazos-inferiores-traseros-audi-a6-4b-c5-vw-passat-b5\/","url":"https:\/\/www.silentblocks.com\/es\/producto\/silentblocks-de-los-brazos-inferiores-traseros-audi-a6-4b-c5-vw-passat-b5\/","name":"Silentblocks de los brazos inferiores traseros, Audi A6 4B C5, VW Passat B5 - SILENT BLOCKS","isPartOf":{"@id":"https:\/\/www.silentblocks.com\/es\/#website"},"primaryImageOfPage":{"@id":"https:\/\/www.silentblocks.com\/es\/producto\/silentblocks-de-los-brazos-inferiores-traseros-audi-a6-4b-c5-vw-passat-b5\/#primaryimage"},"image":{"@id":"https:\/\/www.silentblocks.com\/es\/producto\/silentblocks-de-los-brazos-inferiores-traseros-audi-a6-4b-c5-vw-passat-b5\/#primaryimage"},"thumbnailUrl":"https:\/\/www.silentblocks.com\/wp-content\/uploads\/2026\/02\/silentblocs-bras-inferieur-arriere-audi-a6-4B0505311-1.jpg","datePublished":"2025-08-12T09:52:10+00:00","dateModified":"2026-02-17T22:13:16+00:00","description":"Silentblocks del brazo inferior trasero para Audi A6 4B C5, VW Passat B5, compatibles con oem 4B0505311, 4B0511523, 8E0511523C, 4B0505312, 4Z7505311","breadcrumb":{"@id":"https:\/\/www.silentblocks.com\/es\/producto\/silentblocks-de-los-brazos-inferiores-traseros-audi-a6-4b-c5-vw-passat-b5\/#breadcrumb"},"inLanguage":"es","potentialAction":[{"@type":"ReadAction","target":["https:\/\/www.silentblocks.com\/es\/producto\/silentblocks-de-los-brazos-inferiores-traseros-audi-a6-4b-c5-vw-passat-b5\/"]}]},{"@type":"ImageObject","inLanguage":"es","@id":"https:\/\/www.silentblocks.com\/es\/producto\/silentblocks-de-los-brazos-inferiores-traseros-audi-a6-4b-c5-vw-passat-b5\/#primaryimage","url":"https:\/\/www.silentblocks.com\/wp-content\/uploads\/2026\/02\/silentblocs-bras-inferieur-arriere-audi-a6-4B0505311-1.jpg","contentUrl":"https:\/\/www.silentblocks.com\/wp-content\/uploads\/2026\/02\/silentblocs-bras-inferieur-arriere-audi-a6-4B0505311-1.jpg","width":800,"height":800},{"@type":"BreadcrumbList","@id":"https:\/\/www.silentblocks.com\/es\/producto\/silentblocks-de-los-brazos-inferiores-traseros-audi-a6-4b-c5-vw-passat-b5\/#breadcrumb","itemListElement":[{"@type":"ListItem","position":1,"name":"In\u00edcio","item":"https:\/\/www.silentblocks.com\/es\/"},{"@type":"ListItem","position":2,"name":"Page boutique","item":"https:\/\/www.silentblocks.com\/es\/shop-2\/"},{"@type":"ListItem","position":3,"name":"Silentblocks de los brazos inferiores traseros, Audi A6 4B C5, VW Passat B5"}]},{"@type":"WebSite","@id":"https:\/\/www.silentblocks.com\/es\/#website","url":"https:\/\/www.silentblocks.com\/es\/","name":"SILENTBLOCKS","description":"Secure on the road","publisher":{"@id":"https:\/\/www.silentblocks.com\/es\/#organization"},"potentialAction":[{"@type":"SearchAction","target":{"@type":"EntryPoint","urlTemplate":"https:\/\/www.silentblocks.com\/es\/?s={search_term_string}"},"query-input":{"@type":"PropertyValueSpecification","valueRequired":true,"valueName":"search_term_string"}}],"inLanguage":"es"},{"@type":"Organization","@id":"https:\/\/www.silentblocks.com\/es\/#organization","name":"SILENTBLOCKS","url":"https:\/\/www.silentblocks.com\/es\/","logo":{"@type":"ImageObject","inLanguage":"es","@id":"https:\/\/www.silentblocks.com\/es\/#\/schema\/logo\/image\/","url":"https:\/\/www.silentblocks.com\/wp-content\/uploads\/2023\/07\/logo211-sem-fundo_2012-PARA-BOUTIQUE-EBAY.png","contentUrl":"https:\/\/www.silentblocks.com\/wp-content\/uploads\/2023\/07\/logo211-sem-fundo_2012-PARA-BOUTIQUE-EBAY.png","width":300,"height":190,"caption":"SILENTBLOCKS"},"image":{"@id":"https:\/\/www.silentblocks.com\/es\/#\/schema\/logo\/image\/"}}]}},"_links":{"self":[{"href":"https:\/\/www.silentblocks.com\/es\/wp-json\/wp\/v2\/product\/103001","targetHints":{"allow":["GET"]}}],"collection":[{"href":"https:\/\/www.silentblocks.com\/es\/wp-json\/wp\/v2\/product"}],"about":[{"href":"https:\/\/www.silentblocks.com\/es\/wp-json\/wp\/v2\/types\/product"}],"version-history":[{"count":0,"href":"https:\/\/www.silentblocks.com\/es\/wp-json\/wp\/v2\/product\/103001\/revisions"}],"wp:featuredmedia":[{"embeddable":true,"href":"https:\/\/www.silentblocks.com\/es\/wp-json\/wp\/v2\/media\/102990"}],"wp:attachment":[{"href":"https:\/\/www.silentblocks.com\/es\/wp-json\/wp\/v2\/media?parent=103001"}],"wp:term":[{"taxonomy":"product_brand","embeddable":true,"href":"https:\/\/www.silentblocks.com\/es\/wp-json\/wp\/v2\/product_brand?post=103001"},{"taxonomy":"product_cat","embeddable":true,"href":"https:\/\/www.silentblocks.com\/es\/wp-json\/wp\/v2\/product_cat?post=103001"},{"taxonomy":"product_tag","embeddable":true,"href":"https:\/\/www.silentblocks.com\/es\/wp-json\/wp\/v2\/product_tag?post=103001"}],"curies":[{"name":"wp","href":"https:\/\/api.w.org\/{rel}","templated":true}]}}