{"id":103026,"date":"2025-08-12T10:26:45","date_gmt":"2025-08-12T10:26:45","guid":{"rendered":"https:\/\/www.silentblocks.com\/product\/acoplador-flexible-de-la-columna-de-direccion-bmw-e21-e23-e24-e26-e28-e30-e31-e32-e34\/"},"modified":"2026-02-19T16:49:54","modified_gmt":"2026-02-19T16:49:54","slug":"acoplador-flexible-de-la-columna-de-direccion-bmw-e21-e23-e24-e26-e28-e30-e31-e32-e34","status":"publish","type":"product","link":"https:\/\/www.silentblocks.com\/es\/producto\/acoplador-flexible-de-la-columna-de-direccion-bmw-e21-e23-e24-e26-e28-e30-e31-e32-e34\/","title":{"rendered":"Acoplador flexible de la columna de direcci\u00f3n, BMW E21 E23 E24 E26 E28 E30 E31 E32 E34"},"content":{"rendered":"<p>Junta universal de poliuretano para columna de direcci\u00f3n, compatible con los siguientes veh\u00edculos:<br \/>\nBMW M1 Coup\u00e9 E26 (78-81)<br \/>\nBMW 3 I (75-82) E21<br \/>\nBMW 5 II (81-88) E28<br \/>\nBMW 5 III (88-96) E34<br \/>\nBMW 6 I (75-89) E24<br \/>\nBMW 7 I (77-86) E23<br \/>\nBMW 7 II (86-94) E32<br \/>\nBMW 8 I (90-99) E31<br \/>\nBMW Z1 (89-91) E30\/Z<\/p>\n<p>Dureza: 90Sha<\/p>\n<p>Referencias del fabricante (c\u00f3digo OEM) s\u00f3lo a t\u00edtulo informativo :<br \/>\n32 31 1 115 092<\/p>\n<p>Piezas nuevas, se vende con factura. Todos nuestros productos tienen 2 a\u00f1os de garant\u00eda.<\/p>\n","protected":false},"excerpt":{"rendered":"<p>Junta universal de poliuretano para columna de direcci\u00f3n, compatible con los siguientes veh\u00edculos: BMW M1 Coup\u00e9 E26 (78-81) BMW 3 I (75-82) E21 BMW 5 II (81-88) E28 BMW 5 III (88-96) E34 BMW 6 I (75-89) E24 BMW 7 I (77-86) E23 BMW 7 II (86-94) E32 BMW 8 I (90-99) E31 BMW Z1 [&hellip;]<\/p>\n","protected":false},"featured_media":103006,"template":"","meta":[],"product_brand":[],"product_cat":[932,5995,5998,1009,5491,1013,1016],"product_tag":[],"class_list":{"0":"post-103026","1":"product","2":"type-product","3":"status-publish","4":"has-post-thumbnail","6":"product_cat-bmw","7":"product_cat-serie-3-e21","8":"product_cat-serie-3-e21-es","9":"product_cat-serie-5-e34","10":"product_cat-serie-6-e24","11":"product_cat-serie-7-e32-1986-1994","12":"product_cat-serie-8-e31","14":"first","15":"instock","16":"shipping-taxable","17":"purchasable","18":"product-type-simple"},"yoast_head":"<!-- This site is optimized with the Yoast SEO Premium plugin v23.0 (Yoast SEO v27.5) - https:\/\/yoast.com\/product\/yoast-seo-premium-wordpress\/ -->\n<title>Acoplador flexible de la columna de direcci\u00f3n, BMW E21 E23 E24 E26 E28 E30 E31 E32 E34 - SILENT BLOCKS<\/title>\n<meta name=\"description\" content=\"Acoplador flexible de la columna de direcci\u00f3n para BMW E21 E23 E24 E26 E28 E30 E31 E32 E34, oem 32 31 compatible 1 115 092, 32311115092\" \/>\n<meta name=\"robots\" content=\"index, follow, max-snippet:-1, max-image-preview:large, max-video-preview:-1\" \/>\n<link rel=\"canonical\" href=\"https:\/\/www.silentblocks.com\/es\/producto\/acoplador-flexible-de-la-columna-de-direccion-bmw-e21-e23-e24-e26-e28-e30-e31-e32-e34\/\" \/>\n<meta property=\"og:locale\" content=\"es_ES\" \/>\n<meta property=\"og:type\" content=\"article\" \/>\n<meta property=\"og:title\" content=\"Acoplador flexible de la columna de direcci\u00f3n, BMW E21 E23 E24 E26 E28 E30 E31 E32 E34\" \/>\n<meta property=\"og:description\" content=\"Acoplador flexible de la columna de direcci\u00f3n para BMW E21 E23 E24 E26 E28 E30 E31 E32 E34, oem 32 31 compatible 1 115 092, 32311115092\" \/>\n<meta property=\"og:url\" content=\"https:\/\/www.silentblocks.com\/es\/producto\/acoplador-flexible-de-la-columna-de-direccion-bmw-e21-e23-e24-e26-e28-e30-e31-e32-e34\/\" \/>\n<meta property=\"og:site_name\" content=\"SILENT BLOCKS\" \/>\n<meta property=\"article:modified_time\" content=\"2026-02-19T16:49:54+00:00\" \/>\n<meta property=\"og:image\" content=\"https:\/\/www.silentblocks.com\/wp-content\/uploads\/2026\/02\/flector-bmw-032115A-1.jpg\" \/>\n\t<meta property=\"og:image:width\" content=\"1024\" \/>\n\t<meta property=\"og:image:height\" content=\"1024\" \/>\n\t<meta property=\"og:image:type\" content=\"image\/jpeg\" \/>\n<meta name=\"twitter:card\" content=\"summary_large_image\" \/>\n<script type=\"application\/ld+json\" class=\"yoast-schema-graph\">{\"@context\":\"https:\\\/\\\/schema.org\",\"@graph\":[{\"@type\":\"WebPage\",\"@id\":\"https:\\\/\\\/www.silentblocks.com\\\/es\\\/producto\\\/acoplador-flexible-de-la-columna-de-direccion-bmw-e21-e23-e24-e26-e28-e30-e31-e32-e34\\\/\",\"url\":\"https:\\\/\\\/www.silentblocks.com\\\/es\\\/producto\\\/acoplador-flexible-de-la-columna-de-direccion-bmw-e21-e23-e24-e26-e28-e30-e31-e32-e34\\\/\",\"name\":\"Acoplador flexible de la columna de direcci\u00f3n, BMW E21 E23 E24 E26 E28 E30 E31 E32 E34 - SILENT BLOCKS\",\"isPartOf\":{\"@id\":\"https:\\\/\\\/www.silentblocks.com\\\/es\\\/#website\"},\"primaryImageOfPage\":{\"@id\":\"https:\\\/\\\/www.silentblocks.com\\\/es\\\/producto\\\/acoplador-flexible-de-la-columna-de-direccion-bmw-e21-e23-e24-e26-e28-e30-e31-e32-e34\\\/#primaryimage\"},\"image\":{\"@id\":\"https:\\\/\\\/www.silentblocks.com\\\/es\\\/producto\\\/acoplador-flexible-de-la-columna-de-direccion-bmw-e21-e23-e24-e26-e28-e30-e31-e32-e34\\\/#primaryimage\"},\"thumbnailUrl\":\"https:\\\/\\\/www.silentblocks.com\\\/wp-content\\\/uploads\\\/2026\\\/02\\\/flector-bmw-032115A-1.jpg\",\"datePublished\":\"2025-08-12T10:26:45+00:00\",\"dateModified\":\"2026-02-19T16:49:54+00:00\",\"description\":\"Acoplador flexible de la columna de direcci\u00f3n para BMW E21 E23 E24 E26 E28 E30 E31 E32 E34, oem 32 31 compatible 1 115 092, 32311115092\",\"breadcrumb\":{\"@id\":\"https:\\\/\\\/www.silentblocks.com\\\/es\\\/producto\\\/acoplador-flexible-de-la-columna-de-direccion-bmw-e21-e23-e24-e26-e28-e30-e31-e32-e34\\\/#breadcrumb\"},\"inLanguage\":\"es\",\"potentialAction\":[{\"@type\":\"ReadAction\",\"target\":[\"https:\\\/\\\/www.silentblocks.com\\\/es\\\/producto\\\/acoplador-flexible-de-la-columna-de-direccion-bmw-e21-e23-e24-e26-e28-e30-e31-e32-e34\\\/\"]}]},{\"@type\":\"ImageObject\",\"inLanguage\":\"es\",\"@id\":\"https:\\\/\\\/www.silentblocks.com\\\/es\\\/producto\\\/acoplador-flexible-de-la-columna-de-direccion-bmw-e21-e23-e24-e26-e28-e30-e31-e32-e34\\\/#primaryimage\",\"url\":\"https:\\\/\\\/www.silentblocks.com\\\/wp-content\\\/uploads\\\/2026\\\/02\\\/flector-bmw-032115A-1.jpg\",\"contentUrl\":\"https:\\\/\\\/www.silentblocks.com\\\/wp-content\\\/uploads\\\/2026\\\/02\\\/flector-bmw-032115A-1.jpg\",\"width\":1024,\"height\":1024},{\"@type\":\"BreadcrumbList\",\"@id\":\"https:\\\/\\\/www.silentblocks.com\\\/es\\\/producto\\\/acoplador-flexible-de-la-columna-de-direccion-bmw-e21-e23-e24-e26-e28-e30-e31-e32-e34\\\/#breadcrumb\",\"itemListElement\":[{\"@type\":\"ListItem\",\"position\":1,\"name\":\"In\u00edcio\",\"item\":\"https:\\\/\\\/www.silentblocks.com\\\/es\\\/\"},{\"@type\":\"ListItem\",\"position\":2,\"name\":\"Page boutique\",\"item\":\"https:\\\/\\\/www.silentblocks.com\\\/es\\\/shop-2\\\/\"},{\"@type\":\"ListItem\",\"position\":3,\"name\":\"Acoplador flexible de la columna de direcci\u00f3n, BMW E21 E23 E24 E26 E28 E30 E31 E32 E34\"}]},{\"@type\":\"WebSite\",\"@id\":\"https:\\\/\\\/www.silentblocks.com\\\/es\\\/#website\",\"url\":\"https:\\\/\\\/www.silentblocks.com\\\/es\\\/\",\"name\":\"SILENTBLOCKS\",\"description\":\"Secure on the road\",\"publisher\":{\"@id\":\"https:\\\/\\\/www.silentblocks.com\\\/es\\\/#organization\"},\"potentialAction\":[{\"@type\":\"SearchAction\",\"target\":{\"@type\":\"EntryPoint\",\"urlTemplate\":\"https:\\\/\\\/www.silentblocks.com\\\/es\\\/?s={search_term_string}\"},\"query-input\":{\"@type\":\"PropertyValueSpecification\",\"valueRequired\":true,\"valueName\":\"search_term_string\"}}],\"inLanguage\":\"es\"},{\"@type\":\"Organization\",\"@id\":\"https:\\\/\\\/www.silentblocks.com\\\/es\\\/#organization\",\"name\":\"SILENTBLOCKS\",\"url\":\"https:\\\/\\\/www.silentblocks.com\\\/es\\\/\",\"logo\":{\"@type\":\"ImageObject\",\"inLanguage\":\"es\",\"@id\":\"https:\\\/\\\/www.silentblocks.com\\\/es\\\/#\\\/schema\\\/logo\\\/image\\\/\",\"url\":\"https:\\\/\\\/www.silentblocks.com\\\/wp-content\\\/uploads\\\/2023\\\/07\\\/logo211-sem-fundo_2012-PARA-BOUTIQUE-EBAY.png\",\"contentUrl\":\"https:\\\/\\\/www.silentblocks.com\\\/wp-content\\\/uploads\\\/2023\\\/07\\\/logo211-sem-fundo_2012-PARA-BOUTIQUE-EBAY.png\",\"width\":300,\"height\":190,\"caption\":\"SILENTBLOCKS\"},\"image\":{\"@id\":\"https:\\\/\\\/www.silentblocks.com\\\/es\\\/#\\\/schema\\\/logo\\\/image\\\/\"}}]}<\/script>\n<!-- \/ Yoast SEO Premium plugin. -->","yoast_head_json":{"title":"Acoplador flexible de la columna de direcci\u00f3n, BMW E21 E23 E24 E26 E28 E30 E31 E32 E34 - SILENT BLOCKS","description":"Acoplador flexible de la columna de direcci\u00f3n para BMW E21 E23 E24 E26 E28 E30 E31 E32 E34, oem 32 31 compatible 1 115 092, 32311115092","robots":{"index":"index","follow":"follow","max-snippet":"max-snippet:-1","max-image-preview":"max-image-preview:large","max-video-preview":"max-video-preview:-1"},"canonical":"https:\/\/www.silentblocks.com\/es\/producto\/acoplador-flexible-de-la-columna-de-direccion-bmw-e21-e23-e24-e26-e28-e30-e31-e32-e34\/","og_locale":"es_ES","og_type":"article","og_title":"Acoplador flexible de la columna de direcci\u00f3n, BMW E21 E23 E24 E26 E28 E30 E31 E32 E34","og_description":"Acoplador flexible de la columna de direcci\u00f3n para BMW E21 E23 E24 E26 E28 E30 E31 E32 E34, oem 32 31 compatible 1 115 092, 32311115092","og_url":"https:\/\/www.silentblocks.com\/es\/producto\/acoplador-flexible-de-la-columna-de-direccion-bmw-e21-e23-e24-e26-e28-e30-e31-e32-e34\/","og_site_name":"SILENT BLOCKS","article_modified_time":"2026-02-19T16:49:54+00:00","og_image":[{"width":1024,"height":1024,"url":"https:\/\/www.silentblocks.com\/wp-content\/uploads\/2026\/02\/flector-bmw-032115A-1.jpg","type":"image\/jpeg"}],"twitter_card":"summary_large_image","schema":{"@context":"https:\/\/schema.org","@graph":[{"@type":"WebPage","@id":"https:\/\/www.silentblocks.com\/es\/producto\/acoplador-flexible-de-la-columna-de-direccion-bmw-e21-e23-e24-e26-e28-e30-e31-e32-e34\/","url":"https:\/\/www.silentblocks.com\/es\/producto\/acoplador-flexible-de-la-columna-de-direccion-bmw-e21-e23-e24-e26-e28-e30-e31-e32-e34\/","name":"Acoplador flexible de la columna de direcci\u00f3n, BMW E21 E23 E24 E26 E28 E30 E31 E32 E34 - SILENT BLOCKS","isPartOf":{"@id":"https:\/\/www.silentblocks.com\/es\/#website"},"primaryImageOfPage":{"@id":"https:\/\/www.silentblocks.com\/es\/producto\/acoplador-flexible-de-la-columna-de-direccion-bmw-e21-e23-e24-e26-e28-e30-e31-e32-e34\/#primaryimage"},"image":{"@id":"https:\/\/www.silentblocks.com\/es\/producto\/acoplador-flexible-de-la-columna-de-direccion-bmw-e21-e23-e24-e26-e28-e30-e31-e32-e34\/#primaryimage"},"thumbnailUrl":"https:\/\/www.silentblocks.com\/wp-content\/uploads\/2026\/02\/flector-bmw-032115A-1.jpg","datePublished":"2025-08-12T10:26:45+00:00","dateModified":"2026-02-19T16:49:54+00:00","description":"Acoplador flexible de la columna de direcci\u00f3n para BMW E21 E23 E24 E26 E28 E30 E31 E32 E34, oem 32 31 compatible 1 115 092, 32311115092","breadcrumb":{"@id":"https:\/\/www.silentblocks.com\/es\/producto\/acoplador-flexible-de-la-columna-de-direccion-bmw-e21-e23-e24-e26-e28-e30-e31-e32-e34\/#breadcrumb"},"inLanguage":"es","potentialAction":[{"@type":"ReadAction","target":["https:\/\/www.silentblocks.com\/es\/producto\/acoplador-flexible-de-la-columna-de-direccion-bmw-e21-e23-e24-e26-e28-e30-e31-e32-e34\/"]}]},{"@type":"ImageObject","inLanguage":"es","@id":"https:\/\/www.silentblocks.com\/es\/producto\/acoplador-flexible-de-la-columna-de-direccion-bmw-e21-e23-e24-e26-e28-e30-e31-e32-e34\/#primaryimage","url":"https:\/\/www.silentblocks.com\/wp-content\/uploads\/2026\/02\/flector-bmw-032115A-1.jpg","contentUrl":"https:\/\/www.silentblocks.com\/wp-content\/uploads\/2026\/02\/flector-bmw-032115A-1.jpg","width":1024,"height":1024},{"@type":"BreadcrumbList","@id":"https:\/\/www.silentblocks.com\/es\/producto\/acoplador-flexible-de-la-columna-de-direccion-bmw-e21-e23-e24-e26-e28-e30-e31-e32-e34\/#breadcrumb","itemListElement":[{"@type":"ListItem","position":1,"name":"In\u00edcio","item":"https:\/\/www.silentblocks.com\/es\/"},{"@type":"ListItem","position":2,"name":"Page boutique","item":"https:\/\/www.silentblocks.com\/es\/shop-2\/"},{"@type":"ListItem","position":3,"name":"Acoplador flexible de la columna de direcci\u00f3n, BMW E21 E23 E24 E26 E28 E30 E31 E32 E34"}]},{"@type":"WebSite","@id":"https:\/\/www.silentblocks.com\/es\/#website","url":"https:\/\/www.silentblocks.com\/es\/","name":"SILENTBLOCKS","description":"Secure on the road","publisher":{"@id":"https:\/\/www.silentblocks.com\/es\/#organization"},"potentialAction":[{"@type":"SearchAction","target":{"@type":"EntryPoint","urlTemplate":"https:\/\/www.silentblocks.com\/es\/?s={search_term_string}"},"query-input":{"@type":"PropertyValueSpecification","valueRequired":true,"valueName":"search_term_string"}}],"inLanguage":"es"},{"@type":"Organization","@id":"https:\/\/www.silentblocks.com\/es\/#organization","name":"SILENTBLOCKS","url":"https:\/\/www.silentblocks.com\/es\/","logo":{"@type":"ImageObject","inLanguage":"es","@id":"https:\/\/www.silentblocks.com\/es\/#\/schema\/logo\/image\/","url":"https:\/\/www.silentblocks.com\/wp-content\/uploads\/2023\/07\/logo211-sem-fundo_2012-PARA-BOUTIQUE-EBAY.png","contentUrl":"https:\/\/www.silentblocks.com\/wp-content\/uploads\/2023\/07\/logo211-sem-fundo_2012-PARA-BOUTIQUE-EBAY.png","width":300,"height":190,"caption":"SILENTBLOCKS"},"image":{"@id":"https:\/\/www.silentblocks.com\/es\/#\/schema\/logo\/image\/"}}]}},"_links":{"self":[{"href":"https:\/\/www.silentblocks.com\/es\/wp-json\/wp\/v2\/product\/103026","targetHints":{"allow":["GET"]}}],"collection":[{"href":"https:\/\/www.silentblocks.com\/es\/wp-json\/wp\/v2\/product"}],"about":[{"href":"https:\/\/www.silentblocks.com\/es\/wp-json\/wp\/v2\/types\/product"}],"version-history":[{"count":0,"href":"https:\/\/www.silentblocks.com\/es\/wp-json\/wp\/v2\/product\/103026\/revisions"}],"wp:featuredmedia":[{"embeddable":true,"href":"https:\/\/www.silentblocks.com\/es\/wp-json\/wp\/v2\/media\/103006"}],"wp:attachment":[{"href":"https:\/\/www.silentblocks.com\/es\/wp-json\/wp\/v2\/media?parent=103026"}],"wp:term":[{"taxonomy":"product_brand","embeddable":true,"href":"https:\/\/www.silentblocks.com\/es\/wp-json\/wp\/v2\/product_brand?post=103026"},{"taxonomy":"product_cat","embeddable":true,"href":"https:\/\/www.silentblocks.com\/es\/wp-json\/wp\/v2\/product_cat?post=103026"},{"taxonomy":"product_tag","embeddable":true,"href":"https:\/\/www.silentblocks.com\/es\/wp-json\/wp\/v2\/product_tag?post=103026"}],"curies":[{"name":"wp","href":"https:\/\/api.w.org\/{rel}","templated":true}]}}