{"id":103520,"date":"2025-08-17T18:22:52","date_gmt":"2025-08-17T18:22:52","guid":{"rendered":"https:\/\/www.silentblocks.com\/product\/bujes-de-la-barra-estabilizadora-delantera-audi-lamborghini-porsche-seat-skoda-vw\/"},"modified":"2026-02-17T22:14:21","modified_gmt":"2026-02-17T22:14:21","slug":"bujes-de-la-barra-estabilizadora-delantera-audi-lamborghini-porsche-seat-skoda-vw","status":"publish","type":"product","link":"https:\/\/www.silentblocks.com\/es\/producto\/bujes-de-la-barra-estabilizadora-delantera-audi-lamborghini-porsche-seat-skoda-vw\/","title":{"rendered":"Bujes de la barra estabilizadora delantera, Audi, Lamborghini, Porsche, Seat, Skoda, VW"},"content":{"rendered":"<p>Bujes de poliuretano para la barra estabilizadora delantera, compatibles con los siguientes veh\u00edculos:<br \/>\nAudi A4 B5 (95-01) FWD \/ Quattro \/ S4 \/ RS4<br \/>\nAudi A4 B6 (01-05) FWD \/ Quattro \/ S4<br \/>\nAudi A4 B7 (05-08) FWD \/ Quattro \/ S4 \/ RS4<br \/>\nAudi A4 B8 (07-15) FWD \/ Quattro y Allroad \/ S4 \/ RS4<br \/>\nAudi A4 B9 (15-) FWD \/ Quattro y Allroad \/ S4 \/ RS4<br \/>\nAudi A5 8T (07-16) FWD \/ Quattro \/ S5 \/ RS5<br \/>\nAudi A5 F5 (16-) FWD \/ Quattro \/ S5 \/ RS5<br \/>\nAudi A6 C5 (97-04) FWD \/ Quattro y Allroad \/ S6 \/ RS6<br \/>\nAudi A6 C6 (04-11) FWD \/ Quattro &amp; Allroad \/ S6 \/ RS6<br \/>\nAudi A6 C7 (11-18) FWD \/ Quattro y Allroad \/ S6 \/ RS6<br \/>\nAudi A6 C8 (18-) FWD \/ Quattro y Allroad \/ S6 \/ RS6<br \/>\nAudi A7 C7 (10-17) FWD \/ Quattro \/ S7 \/ RS7<br \/>\nAudi A7 C8 (17-) FWD \/ Quattro \/ S7 \/ RS7<br \/>\nAudi A8 D2 (94-03) FWD \/ Quattro \/ S8<br \/>\nAudi A8 D4 (09-17) FWD \/ Quattro \/ S8<br \/>\nAudi A8 D5 (17-) FWD \/ Quattro \/ S8<br \/>\nAudi Q5 8R (08-16) FWD \/ Quattro \/ SQ5<br \/>\nAudi Q5 FY (17-) FWD \/ Quattro \/ SQ5<br \/>\nAudi R8 I Tipo 42 (06-15) (El casquillo se adapta a las barras estabilizadoras delantera y trasera).<br \/>\nLamborghini Gallardo (03-13) (El casquillo se adapta a las barras estabilizadoras delantera y trasera).<br \/>\nPorsche Macan (2018-2024)<br \/>\nSeat Exeo (08-13)<br \/>\nSkoda Superb I (02-08)<br \/>\nVolkswagen Passat B5 (97-05) FWD \/ 4Motion<br \/>\nVolkswagen Phaeton (02-08) FWD \/ 4Motion<\/p>\n<p>Di\u00e1metros disponibles: \u00d823-29mm<br \/>\nDureza: 75Sha<\/p>\n<p>Referencias del fabricante (c\u00f3digo OEM) s\u00f3lo a t\u00edtulo informativo:<br \/>\n4D0 411 327, 4D0411327, 4D0 411 327 D, 4D0411327D, 4D0 411 327 E, 4D0411327E, 4D0 411 327 G, 4D0411327G, 4D0 411 327 J, 4D041324J, 4D0 411 327 F, 4D041324F, 4D0 411 327 H, 4D041324H<\/p>\n<p>Piezas nuevas, se vende con factura. Todos nuestros productos tienen 2 a\u00f1os de garant\u00eda.<\/p>\n","protected":false},"excerpt":{"rendered":"<p>Bujes de poliuretano para la barra estabilizadora delantera, compatibles con los siguientes veh\u00edculos: Audi A4 B5 (95-01) FWD \/ Quattro \/ S4 \/ RS4 Audi A4 B6 (01-05) FWD \/ Quattro \/ S4 Audi A4 B7 (05-08) FWD \/ Quattro \/ S4 \/ RS4 Audi A4 B8 (07-15) FWD \/ Quattro y Allroad \/ S4 [&hellip;]<\/p>\n","protected":false},"featured_media":103453,"template":"","meta":[],"product_brand":[],"product_cat":[949,993,994,4399,4026,1702,1001,995,4022,4034,3969,4030,998,5658,5661,934,4407,967,1466,964,1535,1736],"product_tag":[],"class_list":{"0":"post-103520","1":"product","2":"type-product","3":"status-publish","4":"has-post-thumbnail","6":"product_cat-audi","7":"product_cat-a4-1995-2001","8":"product_cat-a4-2001-2007","9":"product_cat-a4-b7-avant-2004-2008","10":"product_cat-a4-2007-2015","11":"product_cat-a4-2015","12":"product_cat-a6-c5","13":"product_cat-a6-c6","14":"product_cat-a6-c7","15":"product_cat-a7-sportback-4ga-4gf","16":"product_cat-a8-d2","17":"product_cat-a8-d4","18":"product_cat-q5","19":"product_cat-r8","20":"product_cat-r8-es","21":"product_cat-seat","22":"product_cat-exeo-2008","23":"product_cat-skoda","24":"product_cat-superb","25":"product_cat-vw","26":"product_cat-passat","27":"product_cat-phaeton","29":"first","30":"instock","31":"shipping-taxable","32":"purchasable","33":"product-type-simple"},"yoast_head":"<!-- This site is optimized with the Yoast SEO Premium plugin v23.0 (Yoast SEO v27.4) - https:\/\/yoast.com\/product\/yoast-seo-premium-wordpress\/ -->\n<title>Bujes de la barra estabilizadora delantera, Audi, Lamborghini, Porsche, Seat, Skoda, VW - SILENT BLOCKS<\/title>\n<meta name=\"description\" content=\"Bujes de la barra estabilizadora delantera para Audi, Lamborghini, Porsche, Seat, Skoda, VW , oem 4D0 411 327, 4D0411327, 4D0 411 327 D, 4D0411327D\" \/>\n<meta name=\"robots\" content=\"index, follow, max-snippet:-1, max-image-preview:large, max-video-preview:-1\" \/>\n<link rel=\"canonical\" href=\"https:\/\/www.silentblocks.com\/es\/producto\/bujes-de-la-barra-estabilizadora-delantera-audi-lamborghini-porsche-seat-skoda-vw\/\" \/>\n<meta property=\"og:locale\" content=\"es_ES\" \/>\n<meta property=\"og:type\" content=\"article\" \/>\n<meta property=\"og:title\" content=\"Bujes de la barra estabilizadora delantera, Audi, Lamborghini, Porsche, Seat, Skoda, VW\" \/>\n<meta property=\"og:description\" content=\"Bujes de la barra estabilizadora delantera para Audi, Lamborghini, Porsche, Seat, Skoda, VW , oem 4D0 411 327, 4D0411327, 4D0 411 327 D, 4D0411327D\" \/>\n<meta property=\"og:url\" content=\"https:\/\/www.silentblocks.com\/es\/producto\/bujes-de-la-barra-estabilizadora-delantera-audi-lamborghini-porsche-seat-skoda-vw\/\" \/>\n<meta property=\"og:site_name\" content=\"SILENT BLOCKS\" \/>\n<meta property=\"article:modified_time\" content=\"2026-02-17T22:14:21+00:00\" \/>\n<meta property=\"og:image\" content=\"https:\/\/www.silentblocks.com\/wp-content\/uploads\/2026\/02\/silentblocs-barre-stabilisatrice-avant-audi-a6-c6-1.jpg\" \/>\n\t<meta property=\"og:image:width\" content=\"1024\" \/>\n\t<meta property=\"og:image:height\" content=\"1024\" \/>\n\t<meta property=\"og:image:type\" content=\"image\/jpeg\" \/>\n<meta name=\"twitter:card\" content=\"summary_large_image\" \/>\n<meta name=\"twitter:label1\" content=\"Tiempo de lectura\" \/>\n\t<meta name=\"twitter:data1\" content=\"1 minuto\" \/>\n<script type=\"application\/ld+json\" class=\"yoast-schema-graph\">{\"@context\":\"https:\\\/\\\/schema.org\",\"@graph\":[{\"@type\":\"WebPage\",\"@id\":\"https:\\\/\\\/www.silentblocks.com\\\/es\\\/producto\\\/bujes-de-la-barra-estabilizadora-delantera-audi-lamborghini-porsche-seat-skoda-vw\\\/\",\"url\":\"https:\\\/\\\/www.silentblocks.com\\\/es\\\/producto\\\/bujes-de-la-barra-estabilizadora-delantera-audi-lamborghini-porsche-seat-skoda-vw\\\/\",\"name\":\"Bujes de la barra estabilizadora delantera, Audi, Lamborghini, Porsche, Seat, Skoda, VW - SILENT BLOCKS\",\"isPartOf\":{\"@id\":\"https:\\\/\\\/www.silentblocks.com\\\/es\\\/#website\"},\"primaryImageOfPage\":{\"@id\":\"https:\\\/\\\/www.silentblocks.com\\\/es\\\/producto\\\/bujes-de-la-barra-estabilizadora-delantera-audi-lamborghini-porsche-seat-skoda-vw\\\/#primaryimage\"},\"image\":{\"@id\":\"https:\\\/\\\/www.silentblocks.com\\\/es\\\/producto\\\/bujes-de-la-barra-estabilizadora-delantera-audi-lamborghini-porsche-seat-skoda-vw\\\/#primaryimage\"},\"thumbnailUrl\":\"https:\\\/\\\/www.silentblocks.com\\\/wp-content\\\/uploads\\\/2026\\\/02\\\/silentblocs-barre-stabilisatrice-avant-audi-a6-c6-1.jpg\",\"datePublished\":\"2025-08-17T18:22:52+00:00\",\"dateModified\":\"2026-02-17T22:14:21+00:00\",\"description\":\"Bujes de la barra estabilizadora delantera para Audi, Lamborghini, Porsche, Seat, Skoda, VW , oem 4D0 411 327, 4D0411327, 4D0 411 327 D, 4D0411327D\",\"breadcrumb\":{\"@id\":\"https:\\\/\\\/www.silentblocks.com\\\/es\\\/producto\\\/bujes-de-la-barra-estabilizadora-delantera-audi-lamborghini-porsche-seat-skoda-vw\\\/#breadcrumb\"},\"inLanguage\":\"es\",\"potentialAction\":[{\"@type\":\"ReadAction\",\"target\":[\"https:\\\/\\\/www.silentblocks.com\\\/es\\\/producto\\\/bujes-de-la-barra-estabilizadora-delantera-audi-lamborghini-porsche-seat-skoda-vw\\\/\"]}]},{\"@type\":\"ImageObject\",\"inLanguage\":\"es\",\"@id\":\"https:\\\/\\\/www.silentblocks.com\\\/es\\\/producto\\\/bujes-de-la-barra-estabilizadora-delantera-audi-lamborghini-porsche-seat-skoda-vw\\\/#primaryimage\",\"url\":\"https:\\\/\\\/www.silentblocks.com\\\/wp-content\\\/uploads\\\/2026\\\/02\\\/silentblocs-barre-stabilisatrice-avant-audi-a6-c6-1.jpg\",\"contentUrl\":\"https:\\\/\\\/www.silentblocks.com\\\/wp-content\\\/uploads\\\/2026\\\/02\\\/silentblocs-barre-stabilisatrice-avant-audi-a6-c6-1.jpg\",\"width\":1024,\"height\":1024},{\"@type\":\"BreadcrumbList\",\"@id\":\"https:\\\/\\\/www.silentblocks.com\\\/es\\\/producto\\\/bujes-de-la-barra-estabilizadora-delantera-audi-lamborghini-porsche-seat-skoda-vw\\\/#breadcrumb\",\"itemListElement\":[{\"@type\":\"ListItem\",\"position\":1,\"name\":\"In\u00edcio\",\"item\":\"https:\\\/\\\/www.silentblocks.com\\\/es\\\/\"},{\"@type\":\"ListItem\",\"position\":2,\"name\":\"Page boutique\",\"item\":\"https:\\\/\\\/www.silentblocks.com\\\/es\\\/shop-2\\\/\"},{\"@type\":\"ListItem\",\"position\":3,\"name\":\"Bujes de la barra estabilizadora delantera, Audi, Lamborghini, Porsche, Seat, Skoda, VW\"}]},{\"@type\":\"WebSite\",\"@id\":\"https:\\\/\\\/www.silentblocks.com\\\/es\\\/#website\",\"url\":\"https:\\\/\\\/www.silentblocks.com\\\/es\\\/\",\"name\":\"SILENTBLOCKS\",\"description\":\"Secure on the road\",\"publisher\":{\"@id\":\"https:\\\/\\\/www.silentblocks.com\\\/es\\\/#organization\"},\"potentialAction\":[{\"@type\":\"SearchAction\",\"target\":{\"@type\":\"EntryPoint\",\"urlTemplate\":\"https:\\\/\\\/www.silentblocks.com\\\/es\\\/?s={search_term_string}\"},\"query-input\":{\"@type\":\"PropertyValueSpecification\",\"valueRequired\":true,\"valueName\":\"search_term_string\"}}],\"inLanguage\":\"es\"},{\"@type\":\"Organization\",\"@id\":\"https:\\\/\\\/www.silentblocks.com\\\/es\\\/#organization\",\"name\":\"SILENTBLOCKS\",\"url\":\"https:\\\/\\\/www.silentblocks.com\\\/es\\\/\",\"logo\":{\"@type\":\"ImageObject\",\"inLanguage\":\"es\",\"@id\":\"https:\\\/\\\/www.silentblocks.com\\\/es\\\/#\\\/schema\\\/logo\\\/image\\\/\",\"url\":\"https:\\\/\\\/www.silentblocks.com\\\/wp-content\\\/uploads\\\/2023\\\/07\\\/logo211-sem-fundo_2012-PARA-BOUTIQUE-EBAY.png\",\"contentUrl\":\"https:\\\/\\\/www.silentblocks.com\\\/wp-content\\\/uploads\\\/2023\\\/07\\\/logo211-sem-fundo_2012-PARA-BOUTIQUE-EBAY.png\",\"width\":300,\"height\":190,\"caption\":\"SILENTBLOCKS\"},\"image\":{\"@id\":\"https:\\\/\\\/www.silentblocks.com\\\/es\\\/#\\\/schema\\\/logo\\\/image\\\/\"}}]}<\/script>\n<!-- \/ Yoast SEO Premium plugin. -->","yoast_head_json":{"title":"Bujes de la barra estabilizadora delantera, Audi, Lamborghini, Porsche, Seat, Skoda, VW - SILENT BLOCKS","description":"Bujes de la barra estabilizadora delantera para Audi, Lamborghini, Porsche, Seat, Skoda, VW , oem 4D0 411 327, 4D0411327, 4D0 411 327 D, 4D0411327D","robots":{"index":"index","follow":"follow","max-snippet":"max-snippet:-1","max-image-preview":"max-image-preview:large","max-video-preview":"max-video-preview:-1"},"canonical":"https:\/\/www.silentblocks.com\/es\/producto\/bujes-de-la-barra-estabilizadora-delantera-audi-lamborghini-porsche-seat-skoda-vw\/","og_locale":"es_ES","og_type":"article","og_title":"Bujes de la barra estabilizadora delantera, Audi, Lamborghini, Porsche, Seat, Skoda, VW","og_description":"Bujes de la barra estabilizadora delantera para Audi, Lamborghini, Porsche, Seat, Skoda, VW , oem 4D0 411 327, 4D0411327, 4D0 411 327 D, 4D0411327D","og_url":"https:\/\/www.silentblocks.com\/es\/producto\/bujes-de-la-barra-estabilizadora-delantera-audi-lamborghini-porsche-seat-skoda-vw\/","og_site_name":"SILENT BLOCKS","article_modified_time":"2026-02-17T22:14:21+00:00","og_image":[{"width":1024,"height":1024,"url":"https:\/\/www.silentblocks.com\/wp-content\/uploads\/2026\/02\/silentblocs-barre-stabilisatrice-avant-audi-a6-c6-1.jpg","type":"image\/jpeg"}],"twitter_card":"summary_large_image","twitter_misc":{"Tiempo de lectura":"1 minuto"},"schema":{"@context":"https:\/\/schema.org","@graph":[{"@type":"WebPage","@id":"https:\/\/www.silentblocks.com\/es\/producto\/bujes-de-la-barra-estabilizadora-delantera-audi-lamborghini-porsche-seat-skoda-vw\/","url":"https:\/\/www.silentblocks.com\/es\/producto\/bujes-de-la-barra-estabilizadora-delantera-audi-lamborghini-porsche-seat-skoda-vw\/","name":"Bujes de la barra estabilizadora delantera, Audi, Lamborghini, Porsche, Seat, Skoda, VW - SILENT BLOCKS","isPartOf":{"@id":"https:\/\/www.silentblocks.com\/es\/#website"},"primaryImageOfPage":{"@id":"https:\/\/www.silentblocks.com\/es\/producto\/bujes-de-la-barra-estabilizadora-delantera-audi-lamborghini-porsche-seat-skoda-vw\/#primaryimage"},"image":{"@id":"https:\/\/www.silentblocks.com\/es\/producto\/bujes-de-la-barra-estabilizadora-delantera-audi-lamborghini-porsche-seat-skoda-vw\/#primaryimage"},"thumbnailUrl":"https:\/\/www.silentblocks.com\/wp-content\/uploads\/2026\/02\/silentblocs-barre-stabilisatrice-avant-audi-a6-c6-1.jpg","datePublished":"2025-08-17T18:22:52+00:00","dateModified":"2026-02-17T22:14:21+00:00","description":"Bujes de la barra estabilizadora delantera para Audi, Lamborghini, Porsche, Seat, Skoda, VW , oem 4D0 411 327, 4D0411327, 4D0 411 327 D, 4D0411327D","breadcrumb":{"@id":"https:\/\/www.silentblocks.com\/es\/producto\/bujes-de-la-barra-estabilizadora-delantera-audi-lamborghini-porsche-seat-skoda-vw\/#breadcrumb"},"inLanguage":"es","potentialAction":[{"@type":"ReadAction","target":["https:\/\/www.silentblocks.com\/es\/producto\/bujes-de-la-barra-estabilizadora-delantera-audi-lamborghini-porsche-seat-skoda-vw\/"]}]},{"@type":"ImageObject","inLanguage":"es","@id":"https:\/\/www.silentblocks.com\/es\/producto\/bujes-de-la-barra-estabilizadora-delantera-audi-lamborghini-porsche-seat-skoda-vw\/#primaryimage","url":"https:\/\/www.silentblocks.com\/wp-content\/uploads\/2026\/02\/silentblocs-barre-stabilisatrice-avant-audi-a6-c6-1.jpg","contentUrl":"https:\/\/www.silentblocks.com\/wp-content\/uploads\/2026\/02\/silentblocs-barre-stabilisatrice-avant-audi-a6-c6-1.jpg","width":1024,"height":1024},{"@type":"BreadcrumbList","@id":"https:\/\/www.silentblocks.com\/es\/producto\/bujes-de-la-barra-estabilizadora-delantera-audi-lamborghini-porsche-seat-skoda-vw\/#breadcrumb","itemListElement":[{"@type":"ListItem","position":1,"name":"In\u00edcio","item":"https:\/\/www.silentblocks.com\/es\/"},{"@type":"ListItem","position":2,"name":"Page boutique","item":"https:\/\/www.silentblocks.com\/es\/shop-2\/"},{"@type":"ListItem","position":3,"name":"Bujes de la barra estabilizadora delantera, Audi, Lamborghini, Porsche, Seat, Skoda, VW"}]},{"@type":"WebSite","@id":"https:\/\/www.silentblocks.com\/es\/#website","url":"https:\/\/www.silentblocks.com\/es\/","name":"SILENTBLOCKS","description":"Secure on the road","publisher":{"@id":"https:\/\/www.silentblocks.com\/es\/#organization"},"potentialAction":[{"@type":"SearchAction","target":{"@type":"EntryPoint","urlTemplate":"https:\/\/www.silentblocks.com\/es\/?s={search_term_string}"},"query-input":{"@type":"PropertyValueSpecification","valueRequired":true,"valueName":"search_term_string"}}],"inLanguage":"es"},{"@type":"Organization","@id":"https:\/\/www.silentblocks.com\/es\/#organization","name":"SILENTBLOCKS","url":"https:\/\/www.silentblocks.com\/es\/","logo":{"@type":"ImageObject","inLanguage":"es","@id":"https:\/\/www.silentblocks.com\/es\/#\/schema\/logo\/image\/","url":"https:\/\/www.silentblocks.com\/wp-content\/uploads\/2023\/07\/logo211-sem-fundo_2012-PARA-BOUTIQUE-EBAY.png","contentUrl":"https:\/\/www.silentblocks.com\/wp-content\/uploads\/2023\/07\/logo211-sem-fundo_2012-PARA-BOUTIQUE-EBAY.png","width":300,"height":190,"caption":"SILENTBLOCKS"},"image":{"@id":"https:\/\/www.silentblocks.com\/es\/#\/schema\/logo\/image\/"}}]}},"_links":{"self":[{"href":"https:\/\/www.silentblocks.com\/es\/wp-json\/wp\/v2\/product\/103520","targetHints":{"allow":["GET"]}}],"collection":[{"href":"https:\/\/www.silentblocks.com\/es\/wp-json\/wp\/v2\/product"}],"about":[{"href":"https:\/\/www.silentblocks.com\/es\/wp-json\/wp\/v2\/types\/product"}],"version-history":[{"count":0,"href":"https:\/\/www.silentblocks.com\/es\/wp-json\/wp\/v2\/product\/103520\/revisions"}],"wp:featuredmedia":[{"embeddable":true,"href":"https:\/\/www.silentblocks.com\/es\/wp-json\/wp\/v2\/media\/103453"}],"wp:attachment":[{"href":"https:\/\/www.silentblocks.com\/es\/wp-json\/wp\/v2\/media?parent=103520"}],"wp:term":[{"taxonomy":"product_brand","embeddable":true,"href":"https:\/\/www.silentblocks.com\/es\/wp-json\/wp\/v2\/product_brand?post=103520"},{"taxonomy":"product_cat","embeddable":true,"href":"https:\/\/www.silentblocks.com\/es\/wp-json\/wp\/v2\/product_cat?post=103520"},{"taxonomy":"product_tag","embeddable":true,"href":"https:\/\/www.silentblocks.com\/es\/wp-json\/wp\/v2\/product_tag?post=103520"}],"curies":[{"name":"wp","href":"https:\/\/api.w.org\/{rel}","templated":true}]}}