{"id":103635,"date":"2025-08-18T19:27:39","date_gmt":"2025-08-18T19:27:39","guid":{"rendered":"https:\/\/www.silentblocks.com\/product\/silentblocks-para-soporte-diferencial-trasero-outback-legacy-impreza-forester-tribeca\/"},"modified":"2026-02-17T22:14:40","modified_gmt":"2026-02-17T22:14:40","slug":"silentblocks-para-soporte-diferencial-trasero-outback-legacy-impreza-forester-tribeca","status":"publish","type":"product","link":"https:\/\/www.silentblocks.com\/es\/producto\/silentblocks-para-soporte-diferencial-trasero-outback-legacy-impreza-forester-tribeca\/","title":{"rendered":"Silentblocks para soporte diferencial trasero, Outback, Legacy, Impreza, Forester, Tribeca"},"content":{"rendered":"<p>Silentblocks para el soporte del diferencial trasero, compatible con los siguientes veh\u00edculos:<br \/>\nSubaru Outback III (BL, BP) (11.2003-09.2009)<br \/>\nSubaru Outback IV (BR) (09.2009-03.2015)<br \/>\nSubaru Outback V (BS) (03.2015-)<br \/>\nSubaru Legacy IV Berlina (BL) (09.2003- 03.2012)<br \/>\nSubaru Legacy IV Estate (BP) (09.2003-12.2009)<br \/>\nSubaru Legacy V Sed\u00e1n (BM) (09.2009-12.2014)<br \/>\nSubaru Legacy V Kombi (BR) (09.2009-12.2014)<br \/>\nSubaru Impreza III con port\u00f3n trasero (GR, GH, G3) (01.2008-)<br \/>\nSubaru Impreza III Berlina (GR) (02.2008-)<br \/>\nSubaru Impreza IV Hatchback (GP) (06.2012-)<br \/>\nSubaru Forester II (SG) (06.2002-10.2012)<br \/>\nSubaru Forester III (SH) (01.2008-)<br \/>\nSubaru Forester IV (SJ) (03.2013-)<br \/>\nSubaru Tribeca (B9) (09.2007-)<br \/>\nSubaru XV I (_GP_) (03.2012-)<br \/>\nSubaru XV II (GT) (03.2017-)<\/p>\n<p>Referencias del fabricante (c\u00f3digo OEM) s\u00f3lo a t\u00edtulo informativo :<br \/>\n20152-AG000, 20152-AG020, 20152-AG030, 20152-AG031, 20152-AG040, 20152-AG050, 20152-AG051, 20152-AG060, 20152-XA01B, 20152-XA02A, 20152-XA02B, 41322-AG000, 41322-AG00A, 41322-AJ000, 41322-FJ010<\/p>\n<p>Piezas nuevas, se vende con factura. Todos nuestros productos tienen 2 a\u00f1os de garant\u00eda.<\/p>\n","protected":false},"excerpt":{"rendered":"<p>Silentblocks para el soporte del diferencial trasero, compatible con los siguientes veh\u00edculos: Subaru Outback III (BL, BP) (11.2003-09.2009) Subaru Outback IV (BR) (09.2009-03.2015) Subaru Outback V (BS) (03.2015-) Subaru Legacy IV Berlina (BL) (09.2003- 03.2012) Subaru Legacy IV Estate (BP) (09.2003-12.2009) Subaru Legacy V Sed\u00e1n (BM) (09.2009-12.2014) Subaru Legacy V Kombi (BR) (09.2009-12.2014) Subaru Impreza [&hellip;]<\/p>\n","protected":false},"featured_media":103595,"template":"","meta":[],"product_brand":[],"product_cat":[970,1471,1472,1476,5889,5885,1475],"product_tag":[],"class_list":{"0":"post-103635","1":"product","2":"type-product","3":"status-publish","4":"has-post-thumbnail","6":"product_cat-subaru","7":"product_cat-forester","8":"product_cat-forester-s13","9":"product_cat-impreza-08-13","10":"product_cat-impreza-iv-11-16-gp-gj-es","11":"product_cat-impreza-iv-11-16-gp-gj","12":"product_cat-legacy","14":"first","15":"instock","16":"shipping-taxable","17":"purchasable","18":"product-type-simple"},"yoast_head":"<!-- This site is optimized with the Yoast SEO Premium plugin v23.0 (Yoast SEO v27.4) - https:\/\/yoast.com\/product\/yoast-seo-premium-wordpress\/ -->\n<title>Silentblocks para soporte diferencial trasero, Outback, Legacy, Impreza, Forester, Tribeca - SILENT BLOCKS<\/title>\n<meta name=\"description\" content=\"Silentblocks soporte diferencial trasero para Subaru Outback, Legacy, Impreza, Forester, Tribeca, oem 20152-AG000, 20152-AG020, 20152-AG030\" \/>\n<meta name=\"robots\" content=\"index, follow, max-snippet:-1, max-image-preview:large, max-video-preview:-1\" \/>\n<link rel=\"canonical\" href=\"https:\/\/www.silentblocks.com\/es\/producto\/silentblocks-para-soporte-diferencial-trasero-outback-legacy-impreza-forester-tribeca\/\" \/>\n<meta property=\"og:locale\" content=\"es_ES\" \/>\n<meta property=\"og:type\" content=\"article\" \/>\n<meta property=\"og:title\" content=\"Silentblocks para soporte diferencial trasero, Outback, Legacy, Impreza, Forester, Tribeca\" \/>\n<meta property=\"og:description\" content=\"Silentblocks soporte diferencial trasero para Subaru Outback, Legacy, Impreza, Forester, Tribeca, oem 20152-AG000, 20152-AG020, 20152-AG030\" \/>\n<meta property=\"og:url\" content=\"https:\/\/www.silentblocks.com\/es\/producto\/silentblocks-para-soporte-diferencial-trasero-outback-legacy-impreza-forester-tribeca\/\" \/>\n<meta property=\"og:site_name\" content=\"SILENT BLOCKS\" \/>\n<meta property=\"article:modified_time\" content=\"2026-02-17T22:14:40+00:00\" \/>\n<meta property=\"og:image\" content=\"https:\/\/www.silentblocks.com\/wp-content\/uploads\/2026\/02\/silentbloc-SUPPORT-DIFFERENTIEL-legacy-b12-41322AE013-1.jpg\" \/>\n\t<meta property=\"og:image:width\" content=\"1000\" \/>\n\t<meta property=\"og:image:height\" content=\"1000\" \/>\n\t<meta property=\"og:image:type\" content=\"image\/jpeg\" \/>\n<meta name=\"twitter:card\" content=\"summary_large_image\" \/>\n<meta name=\"twitter:label1\" content=\"Tiempo de lectura\" \/>\n\t<meta name=\"twitter:data1\" content=\"1 minuto\" \/>\n<script type=\"application\/ld+json\" class=\"yoast-schema-graph\">{\"@context\":\"https:\\\/\\\/schema.org\",\"@graph\":[{\"@type\":\"WebPage\",\"@id\":\"https:\\\/\\\/www.silentblocks.com\\\/es\\\/producto\\\/silentblocks-para-soporte-diferencial-trasero-outback-legacy-impreza-forester-tribeca\\\/\",\"url\":\"https:\\\/\\\/www.silentblocks.com\\\/es\\\/producto\\\/silentblocks-para-soporte-diferencial-trasero-outback-legacy-impreza-forester-tribeca\\\/\",\"name\":\"Silentblocks para soporte diferencial trasero, Outback, Legacy, Impreza, Forester, Tribeca - SILENT BLOCKS\",\"isPartOf\":{\"@id\":\"https:\\\/\\\/www.silentblocks.com\\\/es\\\/#website\"},\"primaryImageOfPage\":{\"@id\":\"https:\\\/\\\/www.silentblocks.com\\\/es\\\/producto\\\/silentblocks-para-soporte-diferencial-trasero-outback-legacy-impreza-forester-tribeca\\\/#primaryimage\"},\"image\":{\"@id\":\"https:\\\/\\\/www.silentblocks.com\\\/es\\\/producto\\\/silentblocks-para-soporte-diferencial-trasero-outback-legacy-impreza-forester-tribeca\\\/#primaryimage\"},\"thumbnailUrl\":\"https:\\\/\\\/www.silentblocks.com\\\/wp-content\\\/uploads\\\/2026\\\/02\\\/silentbloc-SUPPORT-DIFFERENTIEL-legacy-b12-41322AE013-1.jpg\",\"datePublished\":\"2025-08-18T19:27:39+00:00\",\"dateModified\":\"2026-02-17T22:14:40+00:00\",\"description\":\"Silentblocks soporte diferencial trasero para Subaru Outback, Legacy, Impreza, Forester, Tribeca, oem 20152-AG000, 20152-AG020, 20152-AG030\",\"breadcrumb\":{\"@id\":\"https:\\\/\\\/www.silentblocks.com\\\/es\\\/producto\\\/silentblocks-para-soporte-diferencial-trasero-outback-legacy-impreza-forester-tribeca\\\/#breadcrumb\"},\"inLanguage\":\"es\",\"potentialAction\":[{\"@type\":\"ReadAction\",\"target\":[\"https:\\\/\\\/www.silentblocks.com\\\/es\\\/producto\\\/silentblocks-para-soporte-diferencial-trasero-outback-legacy-impreza-forester-tribeca\\\/\"]}]},{\"@type\":\"ImageObject\",\"inLanguage\":\"es\",\"@id\":\"https:\\\/\\\/www.silentblocks.com\\\/es\\\/producto\\\/silentblocks-para-soporte-diferencial-trasero-outback-legacy-impreza-forester-tribeca\\\/#primaryimage\",\"url\":\"https:\\\/\\\/www.silentblocks.com\\\/wp-content\\\/uploads\\\/2026\\\/02\\\/silentbloc-SUPPORT-DIFFERENTIEL-legacy-b12-41322AE013-1.jpg\",\"contentUrl\":\"https:\\\/\\\/www.silentblocks.com\\\/wp-content\\\/uploads\\\/2026\\\/02\\\/silentbloc-SUPPORT-DIFFERENTIEL-legacy-b12-41322AE013-1.jpg\",\"width\":1000,\"height\":1000},{\"@type\":\"BreadcrumbList\",\"@id\":\"https:\\\/\\\/www.silentblocks.com\\\/es\\\/producto\\\/silentblocks-para-soporte-diferencial-trasero-outback-legacy-impreza-forester-tribeca\\\/#breadcrumb\",\"itemListElement\":[{\"@type\":\"ListItem\",\"position\":1,\"name\":\"In\u00edcio\",\"item\":\"https:\\\/\\\/www.silentblocks.com\\\/es\\\/\"},{\"@type\":\"ListItem\",\"position\":2,\"name\":\"Page boutique\",\"item\":\"https:\\\/\\\/www.silentblocks.com\\\/es\\\/shop-2\\\/\"},{\"@type\":\"ListItem\",\"position\":3,\"name\":\"Silentblocks para soporte diferencial trasero, Outback, Legacy, Impreza, Forester, Tribeca\"}]},{\"@type\":\"WebSite\",\"@id\":\"https:\\\/\\\/www.silentblocks.com\\\/es\\\/#website\",\"url\":\"https:\\\/\\\/www.silentblocks.com\\\/es\\\/\",\"name\":\"SILENTBLOCKS\",\"description\":\"Secure on the road\",\"publisher\":{\"@id\":\"https:\\\/\\\/www.silentblocks.com\\\/es\\\/#organization\"},\"potentialAction\":[{\"@type\":\"SearchAction\",\"target\":{\"@type\":\"EntryPoint\",\"urlTemplate\":\"https:\\\/\\\/www.silentblocks.com\\\/es\\\/?s={search_term_string}\"},\"query-input\":{\"@type\":\"PropertyValueSpecification\",\"valueRequired\":true,\"valueName\":\"search_term_string\"}}],\"inLanguage\":\"es\"},{\"@type\":\"Organization\",\"@id\":\"https:\\\/\\\/www.silentblocks.com\\\/es\\\/#organization\",\"name\":\"SILENTBLOCKS\",\"url\":\"https:\\\/\\\/www.silentblocks.com\\\/es\\\/\",\"logo\":{\"@type\":\"ImageObject\",\"inLanguage\":\"es\",\"@id\":\"https:\\\/\\\/www.silentblocks.com\\\/es\\\/#\\\/schema\\\/logo\\\/image\\\/\",\"url\":\"https:\\\/\\\/www.silentblocks.com\\\/wp-content\\\/uploads\\\/2023\\\/07\\\/logo211-sem-fundo_2012-PARA-BOUTIQUE-EBAY.png\",\"contentUrl\":\"https:\\\/\\\/www.silentblocks.com\\\/wp-content\\\/uploads\\\/2023\\\/07\\\/logo211-sem-fundo_2012-PARA-BOUTIQUE-EBAY.png\",\"width\":300,\"height\":190,\"caption\":\"SILENTBLOCKS\"},\"image\":{\"@id\":\"https:\\\/\\\/www.silentblocks.com\\\/es\\\/#\\\/schema\\\/logo\\\/image\\\/\"}}]}<\/script>\n<!-- \/ Yoast SEO Premium plugin. -->","yoast_head_json":{"title":"Silentblocks para soporte diferencial trasero, Outback, Legacy, Impreza, Forester, Tribeca - SILENT BLOCKS","description":"Silentblocks soporte diferencial trasero para Subaru Outback, Legacy, Impreza, Forester, Tribeca, oem 20152-AG000, 20152-AG020, 20152-AG030","robots":{"index":"index","follow":"follow","max-snippet":"max-snippet:-1","max-image-preview":"max-image-preview:large","max-video-preview":"max-video-preview:-1"},"canonical":"https:\/\/www.silentblocks.com\/es\/producto\/silentblocks-para-soporte-diferencial-trasero-outback-legacy-impreza-forester-tribeca\/","og_locale":"es_ES","og_type":"article","og_title":"Silentblocks para soporte diferencial trasero, Outback, Legacy, Impreza, Forester, Tribeca","og_description":"Silentblocks soporte diferencial trasero para Subaru Outback, Legacy, Impreza, Forester, Tribeca, oem 20152-AG000, 20152-AG020, 20152-AG030","og_url":"https:\/\/www.silentblocks.com\/es\/producto\/silentblocks-para-soporte-diferencial-trasero-outback-legacy-impreza-forester-tribeca\/","og_site_name":"SILENT BLOCKS","article_modified_time":"2026-02-17T22:14:40+00:00","og_image":[{"width":1000,"height":1000,"url":"https:\/\/www.silentblocks.com\/wp-content\/uploads\/2026\/02\/silentbloc-SUPPORT-DIFFERENTIEL-legacy-b12-41322AE013-1.jpg","type":"image\/jpeg"}],"twitter_card":"summary_large_image","twitter_misc":{"Tiempo de lectura":"1 minuto"},"schema":{"@context":"https:\/\/schema.org","@graph":[{"@type":"WebPage","@id":"https:\/\/www.silentblocks.com\/es\/producto\/silentblocks-para-soporte-diferencial-trasero-outback-legacy-impreza-forester-tribeca\/","url":"https:\/\/www.silentblocks.com\/es\/producto\/silentblocks-para-soporte-diferencial-trasero-outback-legacy-impreza-forester-tribeca\/","name":"Silentblocks para soporte diferencial trasero, Outback, Legacy, Impreza, Forester, Tribeca - SILENT BLOCKS","isPartOf":{"@id":"https:\/\/www.silentblocks.com\/es\/#website"},"primaryImageOfPage":{"@id":"https:\/\/www.silentblocks.com\/es\/producto\/silentblocks-para-soporte-diferencial-trasero-outback-legacy-impreza-forester-tribeca\/#primaryimage"},"image":{"@id":"https:\/\/www.silentblocks.com\/es\/producto\/silentblocks-para-soporte-diferencial-trasero-outback-legacy-impreza-forester-tribeca\/#primaryimage"},"thumbnailUrl":"https:\/\/www.silentblocks.com\/wp-content\/uploads\/2026\/02\/silentbloc-SUPPORT-DIFFERENTIEL-legacy-b12-41322AE013-1.jpg","datePublished":"2025-08-18T19:27:39+00:00","dateModified":"2026-02-17T22:14:40+00:00","description":"Silentblocks soporte diferencial trasero para Subaru Outback, Legacy, Impreza, Forester, Tribeca, oem 20152-AG000, 20152-AG020, 20152-AG030","breadcrumb":{"@id":"https:\/\/www.silentblocks.com\/es\/producto\/silentblocks-para-soporte-diferencial-trasero-outback-legacy-impreza-forester-tribeca\/#breadcrumb"},"inLanguage":"es","potentialAction":[{"@type":"ReadAction","target":["https:\/\/www.silentblocks.com\/es\/producto\/silentblocks-para-soporte-diferencial-trasero-outback-legacy-impreza-forester-tribeca\/"]}]},{"@type":"ImageObject","inLanguage":"es","@id":"https:\/\/www.silentblocks.com\/es\/producto\/silentblocks-para-soporte-diferencial-trasero-outback-legacy-impreza-forester-tribeca\/#primaryimage","url":"https:\/\/www.silentblocks.com\/wp-content\/uploads\/2026\/02\/silentbloc-SUPPORT-DIFFERENTIEL-legacy-b12-41322AE013-1.jpg","contentUrl":"https:\/\/www.silentblocks.com\/wp-content\/uploads\/2026\/02\/silentbloc-SUPPORT-DIFFERENTIEL-legacy-b12-41322AE013-1.jpg","width":1000,"height":1000},{"@type":"BreadcrumbList","@id":"https:\/\/www.silentblocks.com\/es\/producto\/silentblocks-para-soporte-diferencial-trasero-outback-legacy-impreza-forester-tribeca\/#breadcrumb","itemListElement":[{"@type":"ListItem","position":1,"name":"In\u00edcio","item":"https:\/\/www.silentblocks.com\/es\/"},{"@type":"ListItem","position":2,"name":"Page boutique","item":"https:\/\/www.silentblocks.com\/es\/shop-2\/"},{"@type":"ListItem","position":3,"name":"Silentblocks para soporte diferencial trasero, Outback, Legacy, Impreza, Forester, Tribeca"}]},{"@type":"WebSite","@id":"https:\/\/www.silentblocks.com\/es\/#website","url":"https:\/\/www.silentblocks.com\/es\/","name":"SILENTBLOCKS","description":"Secure on the road","publisher":{"@id":"https:\/\/www.silentblocks.com\/es\/#organization"},"potentialAction":[{"@type":"SearchAction","target":{"@type":"EntryPoint","urlTemplate":"https:\/\/www.silentblocks.com\/es\/?s={search_term_string}"},"query-input":{"@type":"PropertyValueSpecification","valueRequired":true,"valueName":"search_term_string"}}],"inLanguage":"es"},{"@type":"Organization","@id":"https:\/\/www.silentblocks.com\/es\/#organization","name":"SILENTBLOCKS","url":"https:\/\/www.silentblocks.com\/es\/","logo":{"@type":"ImageObject","inLanguage":"es","@id":"https:\/\/www.silentblocks.com\/es\/#\/schema\/logo\/image\/","url":"https:\/\/www.silentblocks.com\/wp-content\/uploads\/2023\/07\/logo211-sem-fundo_2012-PARA-BOUTIQUE-EBAY.png","contentUrl":"https:\/\/www.silentblocks.com\/wp-content\/uploads\/2023\/07\/logo211-sem-fundo_2012-PARA-BOUTIQUE-EBAY.png","width":300,"height":190,"caption":"SILENTBLOCKS"},"image":{"@id":"https:\/\/www.silentblocks.com\/es\/#\/schema\/logo\/image\/"}}]}},"_links":{"self":[{"href":"https:\/\/www.silentblocks.com\/es\/wp-json\/wp\/v2\/product\/103635","targetHints":{"allow":["GET"]}}],"collection":[{"href":"https:\/\/www.silentblocks.com\/es\/wp-json\/wp\/v2\/product"}],"about":[{"href":"https:\/\/www.silentblocks.com\/es\/wp-json\/wp\/v2\/types\/product"}],"version-history":[{"count":0,"href":"https:\/\/www.silentblocks.com\/es\/wp-json\/wp\/v2\/product\/103635\/revisions"}],"wp:featuredmedia":[{"embeddable":true,"href":"https:\/\/www.silentblocks.com\/es\/wp-json\/wp\/v2\/media\/103595"}],"wp:attachment":[{"href":"https:\/\/www.silentblocks.com\/es\/wp-json\/wp\/v2\/media?parent=103635"}],"wp:term":[{"taxonomy":"product_brand","embeddable":true,"href":"https:\/\/www.silentblocks.com\/es\/wp-json\/wp\/v2\/product_brand?post=103635"},{"taxonomy":"product_cat","embeddable":true,"href":"https:\/\/www.silentblocks.com\/es\/wp-json\/wp\/v2\/product_cat?post=103635"},{"taxonomy":"product_tag","embeddable":true,"href":"https:\/\/www.silentblocks.com\/es\/wp-json\/wp\/v2\/product_tag?post=103635"}],"curies":[{"name":"wp","href":"https:\/\/api.w.org\/{rel}","templated":true}]}}