{"id":104245,"date":"2025-08-29T16:44:48","date_gmt":"2025-08-29T16:44:48","guid":{"rendered":"https:\/\/www.silentblocks.com\/product\/silentblock-para-barra-panhard-cherokee-xj-grand-cherokee-wj-zj-comanche-wrangler\/"},"modified":"2026-02-17T22:16:21","modified_gmt":"2026-02-17T22:16:21","slug":"silentblock-para-barra-panhard-cherokee-xj-grand-cherokee-wj-zj-comanche-wrangler","status":"publish","type":"product","link":"https:\/\/www.silentblocks.com\/es\/producto\/silentblock-para-barra-panhard-cherokee-xj-grand-cherokee-wj-zj-comanche-wrangler\/","title":{"rendered":"Silentblock para barra Panhard, Cherokee XJ, Grand Cherokee WJ\/ZJ, Comanche, Wrangler"},"content":{"rendered":"<p>Silenbloc de poliuretano para barra Panhard, compatible con los siguientes veh\u00edculos:<br \/>\nJeep Grand Cherokee WJ 1999-2004 (perno 12)<br \/>\nJeep Grand Cherokee ZJ 1993-1998 (perno 10)<br \/>\nJeep Grand Cherokee ZG 1993-1998 (perno 10)<br \/>\nJeep Cherokee XJ 1984-2001<br \/>\nJeep Comanche 1986-1993 (perno 10)<br \/>\nJeep Wrangler TJ 1997-2005<\/p>\n<p>Dureza: 85Sha<\/p>\n<p>Referencias del fabricante (c\u00f3digo OEM) s\u00f3lo a t\u00edtulo informativo :<br \/>\n52003918, 53054317<\/p>\n<p>Piezas nuevas, se vende con factura. Todos nuestros productos tienen 2 a\u00f1os de garant\u00eda.<\/p>\n","protected":false},"excerpt":{"rendered":"<p>Silenbloc de poliuretano para barra Panhard, compatible con los siguientes veh\u00edculos: Jeep Grand Cherokee WJ 1999-2004 (perno 12) Jeep Grand Cherokee ZJ 1993-1998 (perno 10) Jeep Grand Cherokee ZG 1993-1998 (perno 10) Jeep Cherokee XJ 1984-2001 Jeep Comanche 1986-1993 (perno 10) Jeep Wrangler TJ 1997-2005 Dureza: 85Sha Referencias del fabricante (c\u00f3digo OEM) s\u00f3lo a t\u00edtulo [&hellip;]<\/p>\n","protected":false},"featured_media":132992,"template":"","meta":[],"product_brand":[],"product_cat":[2184,5882,1764,5427,2843,1768],"product_tag":[],"class_list":{"0":"post-104245","1":"product","2":"type-product","3":"status-publish","4":"has-post-thumbnail","6":"product_cat-jeep-es","7":"product_cat-cherokee-xj-es","8":"product_cat-cherokee-grand-cherokee-es","9":"product_cat-grand-cherokee-ii-1999-2005-es","10":"product_cat-comanche-es","11":"product_cat-wrangler-es","13":"first","14":"instock","15":"shipping-taxable","16":"purchasable","17":"product-type-simple"},"yoast_head":"<!-- This site is optimized with the Yoast SEO Premium plugin v23.0 (Yoast SEO v27.4) - https:\/\/yoast.com\/product\/yoast-seo-premium-wordpress\/ -->\n<title>Silentblock para barra Panhard, Cherokee XJ, Grand Cherokee WJ\/ZJ, Comanche, Wrangler - SILENT BLOCKS<\/title>\n<meta name=\"description\" content=\"Silentblock barra Panhard para Jeep Cherokee XJ, Grand Cherokee WJ\/ZJ, Comanche, Wrangler, oem 52003918, 53054317\" \/>\n<meta name=\"robots\" content=\"index, follow, max-snippet:-1, max-image-preview:large, max-video-preview:-1\" \/>\n<link rel=\"canonical\" href=\"https:\/\/www.silentblocks.com\/es\/producto\/silentblock-para-barra-panhard-cherokee-xj-grand-cherokee-wj-zj-comanche-wrangler\/\" \/>\n<meta property=\"og:locale\" content=\"es_ES\" \/>\n<meta property=\"og:type\" content=\"article\" \/>\n<meta property=\"og:title\" content=\"Silentblock para barra Panhard, Cherokee XJ, Grand Cherokee WJ\/ZJ, Comanche, Wrangler\" \/>\n<meta property=\"og:description\" content=\"Silentblock barra Panhard para Jeep Cherokee XJ, Grand Cherokee WJ\/ZJ, Comanche, Wrangler, oem 52003918, 53054317\" \/>\n<meta property=\"og:url\" content=\"https:\/\/www.silentblocks.com\/es\/producto\/silentblock-para-barra-panhard-cherokee-xj-grand-cherokee-wj-zj-comanche-wrangler\/\" \/>\n<meta property=\"og:site_name\" content=\"SILENT BLOCKS\" \/>\n<meta property=\"article:modified_time\" content=\"2026-02-17T22:16:21+00:00\" \/>\n<meta property=\"og:image\" content=\"https:\/\/www.silentblocks.com\/wp-content\/uploads\/2025\/08\/silentblocs-barre-panhard-avant-Cherokee-XJ-1.jpg\" \/>\n\t<meta property=\"og:image:width\" content=\"1024\" \/>\n\t<meta property=\"og:image:height\" content=\"1024\" \/>\n\t<meta property=\"og:image:type\" content=\"image\/jpeg\" \/>\n<meta name=\"twitter:card\" content=\"summary_large_image\" \/>\n<script type=\"application\/ld+json\" class=\"yoast-schema-graph\">{\"@context\":\"https:\\\/\\\/schema.org\",\"@graph\":[{\"@type\":\"WebPage\",\"@id\":\"https:\\\/\\\/www.silentblocks.com\\\/es\\\/producto\\\/silentblock-para-barra-panhard-cherokee-xj-grand-cherokee-wj-zj-comanche-wrangler\\\/\",\"url\":\"https:\\\/\\\/www.silentblocks.com\\\/es\\\/producto\\\/silentblock-para-barra-panhard-cherokee-xj-grand-cherokee-wj-zj-comanche-wrangler\\\/\",\"name\":\"Silentblock para barra Panhard, Cherokee XJ, Grand Cherokee WJ\\\/ZJ, Comanche, Wrangler - SILENT BLOCKS\",\"isPartOf\":{\"@id\":\"https:\\\/\\\/www.silentblocks.com\\\/es\\\/#website\"},\"primaryImageOfPage\":{\"@id\":\"https:\\\/\\\/www.silentblocks.com\\\/es\\\/producto\\\/silentblock-para-barra-panhard-cherokee-xj-grand-cherokee-wj-zj-comanche-wrangler\\\/#primaryimage\"},\"image\":{\"@id\":\"https:\\\/\\\/www.silentblocks.com\\\/es\\\/producto\\\/silentblock-para-barra-panhard-cherokee-xj-grand-cherokee-wj-zj-comanche-wrangler\\\/#primaryimage\"},\"thumbnailUrl\":\"https:\\\/\\\/www.silentblocks.com\\\/wp-content\\\/uploads\\\/2025\\\/08\\\/silentblocs-barre-panhard-avant-Cherokee-XJ-1.jpg\",\"datePublished\":\"2025-08-29T16:44:48+00:00\",\"dateModified\":\"2026-02-17T22:16:21+00:00\",\"description\":\"Silentblock barra Panhard para Jeep Cherokee XJ, Grand Cherokee WJ\\\/ZJ, Comanche, Wrangler, oem 52003918, 53054317\",\"breadcrumb\":{\"@id\":\"https:\\\/\\\/www.silentblocks.com\\\/es\\\/producto\\\/silentblock-para-barra-panhard-cherokee-xj-grand-cherokee-wj-zj-comanche-wrangler\\\/#breadcrumb\"},\"inLanguage\":\"es\",\"potentialAction\":[{\"@type\":\"ReadAction\",\"target\":[\"https:\\\/\\\/www.silentblocks.com\\\/es\\\/producto\\\/silentblock-para-barra-panhard-cherokee-xj-grand-cherokee-wj-zj-comanche-wrangler\\\/\"]}]},{\"@type\":\"ImageObject\",\"inLanguage\":\"es\",\"@id\":\"https:\\\/\\\/www.silentblocks.com\\\/es\\\/producto\\\/silentblock-para-barra-panhard-cherokee-xj-grand-cherokee-wj-zj-comanche-wrangler\\\/#primaryimage\",\"url\":\"https:\\\/\\\/www.silentblocks.com\\\/wp-content\\\/uploads\\\/2025\\\/08\\\/silentblocs-barre-panhard-avant-Cherokee-XJ-1.jpg\",\"contentUrl\":\"https:\\\/\\\/www.silentblocks.com\\\/wp-content\\\/uploads\\\/2025\\\/08\\\/silentblocs-barre-panhard-avant-Cherokee-XJ-1.jpg\",\"width\":1024,\"height\":1024},{\"@type\":\"BreadcrumbList\",\"@id\":\"https:\\\/\\\/www.silentblocks.com\\\/es\\\/producto\\\/silentblock-para-barra-panhard-cherokee-xj-grand-cherokee-wj-zj-comanche-wrangler\\\/#breadcrumb\",\"itemListElement\":[{\"@type\":\"ListItem\",\"position\":1,\"name\":\"In\u00edcio\",\"item\":\"https:\\\/\\\/www.silentblocks.com\\\/es\\\/\"},{\"@type\":\"ListItem\",\"position\":2,\"name\":\"Page boutique\",\"item\":\"https:\\\/\\\/www.silentblocks.com\\\/es\\\/shop-2\\\/\"},{\"@type\":\"ListItem\",\"position\":3,\"name\":\"Silentblock para barra Panhard, Cherokee XJ, Grand Cherokee WJ\\\/ZJ, Comanche, Wrangler\"}]},{\"@type\":\"WebSite\",\"@id\":\"https:\\\/\\\/www.silentblocks.com\\\/es\\\/#website\",\"url\":\"https:\\\/\\\/www.silentblocks.com\\\/es\\\/\",\"name\":\"SILENTBLOCKS\",\"description\":\"Secure on the road\",\"publisher\":{\"@id\":\"https:\\\/\\\/www.silentblocks.com\\\/es\\\/#organization\"},\"potentialAction\":[{\"@type\":\"SearchAction\",\"target\":{\"@type\":\"EntryPoint\",\"urlTemplate\":\"https:\\\/\\\/www.silentblocks.com\\\/es\\\/?s={search_term_string}\"},\"query-input\":{\"@type\":\"PropertyValueSpecification\",\"valueRequired\":true,\"valueName\":\"search_term_string\"}}],\"inLanguage\":\"es\"},{\"@type\":\"Organization\",\"@id\":\"https:\\\/\\\/www.silentblocks.com\\\/es\\\/#organization\",\"name\":\"SILENTBLOCKS\",\"url\":\"https:\\\/\\\/www.silentblocks.com\\\/es\\\/\",\"logo\":{\"@type\":\"ImageObject\",\"inLanguage\":\"es\",\"@id\":\"https:\\\/\\\/www.silentblocks.com\\\/es\\\/#\\\/schema\\\/logo\\\/image\\\/\",\"url\":\"https:\\\/\\\/www.silentblocks.com\\\/wp-content\\\/uploads\\\/2023\\\/07\\\/logo211-sem-fundo_2012-PARA-BOUTIQUE-EBAY.png\",\"contentUrl\":\"https:\\\/\\\/www.silentblocks.com\\\/wp-content\\\/uploads\\\/2023\\\/07\\\/logo211-sem-fundo_2012-PARA-BOUTIQUE-EBAY.png\",\"width\":300,\"height\":190,\"caption\":\"SILENTBLOCKS\"},\"image\":{\"@id\":\"https:\\\/\\\/www.silentblocks.com\\\/es\\\/#\\\/schema\\\/logo\\\/image\\\/\"}}]}<\/script>\n<!-- \/ Yoast SEO Premium plugin. -->","yoast_head_json":{"title":"Silentblock para barra Panhard, Cherokee XJ, Grand Cherokee WJ\/ZJ, Comanche, Wrangler - SILENT BLOCKS","description":"Silentblock barra Panhard para Jeep Cherokee XJ, Grand Cherokee WJ\/ZJ, Comanche, Wrangler, oem 52003918, 53054317","robots":{"index":"index","follow":"follow","max-snippet":"max-snippet:-1","max-image-preview":"max-image-preview:large","max-video-preview":"max-video-preview:-1"},"canonical":"https:\/\/www.silentblocks.com\/es\/producto\/silentblock-para-barra-panhard-cherokee-xj-grand-cherokee-wj-zj-comanche-wrangler\/","og_locale":"es_ES","og_type":"article","og_title":"Silentblock para barra Panhard, Cherokee XJ, Grand Cherokee WJ\/ZJ, Comanche, Wrangler","og_description":"Silentblock barra Panhard para Jeep Cherokee XJ, Grand Cherokee WJ\/ZJ, Comanche, Wrangler, oem 52003918, 53054317","og_url":"https:\/\/www.silentblocks.com\/es\/producto\/silentblock-para-barra-panhard-cherokee-xj-grand-cherokee-wj-zj-comanche-wrangler\/","og_site_name":"SILENT BLOCKS","article_modified_time":"2026-02-17T22:16:21+00:00","og_image":[{"width":1024,"height":1024,"url":"https:\/\/www.silentblocks.com\/wp-content\/uploads\/2025\/08\/silentblocs-barre-panhard-avant-Cherokee-XJ-1.jpg","type":"image\/jpeg"}],"twitter_card":"summary_large_image","schema":{"@context":"https:\/\/schema.org","@graph":[{"@type":"WebPage","@id":"https:\/\/www.silentblocks.com\/es\/producto\/silentblock-para-barra-panhard-cherokee-xj-grand-cherokee-wj-zj-comanche-wrangler\/","url":"https:\/\/www.silentblocks.com\/es\/producto\/silentblock-para-barra-panhard-cherokee-xj-grand-cherokee-wj-zj-comanche-wrangler\/","name":"Silentblock para barra Panhard, Cherokee XJ, Grand Cherokee WJ\/ZJ, Comanche, Wrangler - SILENT BLOCKS","isPartOf":{"@id":"https:\/\/www.silentblocks.com\/es\/#website"},"primaryImageOfPage":{"@id":"https:\/\/www.silentblocks.com\/es\/producto\/silentblock-para-barra-panhard-cherokee-xj-grand-cherokee-wj-zj-comanche-wrangler\/#primaryimage"},"image":{"@id":"https:\/\/www.silentblocks.com\/es\/producto\/silentblock-para-barra-panhard-cherokee-xj-grand-cherokee-wj-zj-comanche-wrangler\/#primaryimage"},"thumbnailUrl":"https:\/\/www.silentblocks.com\/wp-content\/uploads\/2025\/08\/silentblocs-barre-panhard-avant-Cherokee-XJ-1.jpg","datePublished":"2025-08-29T16:44:48+00:00","dateModified":"2026-02-17T22:16:21+00:00","description":"Silentblock barra Panhard para Jeep Cherokee XJ, Grand Cherokee WJ\/ZJ, Comanche, Wrangler, oem 52003918, 53054317","breadcrumb":{"@id":"https:\/\/www.silentblocks.com\/es\/producto\/silentblock-para-barra-panhard-cherokee-xj-grand-cherokee-wj-zj-comanche-wrangler\/#breadcrumb"},"inLanguage":"es","potentialAction":[{"@type":"ReadAction","target":["https:\/\/www.silentblocks.com\/es\/producto\/silentblock-para-barra-panhard-cherokee-xj-grand-cherokee-wj-zj-comanche-wrangler\/"]}]},{"@type":"ImageObject","inLanguage":"es","@id":"https:\/\/www.silentblocks.com\/es\/producto\/silentblock-para-barra-panhard-cherokee-xj-grand-cherokee-wj-zj-comanche-wrangler\/#primaryimage","url":"https:\/\/www.silentblocks.com\/wp-content\/uploads\/2025\/08\/silentblocs-barre-panhard-avant-Cherokee-XJ-1.jpg","contentUrl":"https:\/\/www.silentblocks.com\/wp-content\/uploads\/2025\/08\/silentblocs-barre-panhard-avant-Cherokee-XJ-1.jpg","width":1024,"height":1024},{"@type":"BreadcrumbList","@id":"https:\/\/www.silentblocks.com\/es\/producto\/silentblock-para-barra-panhard-cherokee-xj-grand-cherokee-wj-zj-comanche-wrangler\/#breadcrumb","itemListElement":[{"@type":"ListItem","position":1,"name":"In\u00edcio","item":"https:\/\/www.silentblocks.com\/es\/"},{"@type":"ListItem","position":2,"name":"Page boutique","item":"https:\/\/www.silentblocks.com\/es\/shop-2\/"},{"@type":"ListItem","position":3,"name":"Silentblock para barra Panhard, Cherokee XJ, Grand Cherokee WJ\/ZJ, Comanche, Wrangler"}]},{"@type":"WebSite","@id":"https:\/\/www.silentblocks.com\/es\/#website","url":"https:\/\/www.silentblocks.com\/es\/","name":"SILENTBLOCKS","description":"Secure on the road","publisher":{"@id":"https:\/\/www.silentblocks.com\/es\/#organization"},"potentialAction":[{"@type":"SearchAction","target":{"@type":"EntryPoint","urlTemplate":"https:\/\/www.silentblocks.com\/es\/?s={search_term_string}"},"query-input":{"@type":"PropertyValueSpecification","valueRequired":true,"valueName":"search_term_string"}}],"inLanguage":"es"},{"@type":"Organization","@id":"https:\/\/www.silentblocks.com\/es\/#organization","name":"SILENTBLOCKS","url":"https:\/\/www.silentblocks.com\/es\/","logo":{"@type":"ImageObject","inLanguage":"es","@id":"https:\/\/www.silentblocks.com\/es\/#\/schema\/logo\/image\/","url":"https:\/\/www.silentblocks.com\/wp-content\/uploads\/2023\/07\/logo211-sem-fundo_2012-PARA-BOUTIQUE-EBAY.png","contentUrl":"https:\/\/www.silentblocks.com\/wp-content\/uploads\/2023\/07\/logo211-sem-fundo_2012-PARA-BOUTIQUE-EBAY.png","width":300,"height":190,"caption":"SILENTBLOCKS"},"image":{"@id":"https:\/\/www.silentblocks.com\/es\/#\/schema\/logo\/image\/"}}]}},"_links":{"self":[{"href":"https:\/\/www.silentblocks.com\/es\/wp-json\/wp\/v2\/product\/104245","targetHints":{"allow":["GET"]}}],"collection":[{"href":"https:\/\/www.silentblocks.com\/es\/wp-json\/wp\/v2\/product"}],"about":[{"href":"https:\/\/www.silentblocks.com\/es\/wp-json\/wp\/v2\/types\/product"}],"version-history":[{"count":0,"href":"https:\/\/www.silentblocks.com\/es\/wp-json\/wp\/v2\/product\/104245\/revisions"}],"wp:featuredmedia":[{"embeddable":true,"href":"https:\/\/www.silentblocks.com\/es\/wp-json\/wp\/v2\/media\/132992"}],"wp:attachment":[{"href":"https:\/\/www.silentblocks.com\/es\/wp-json\/wp\/v2\/media?parent=104245"}],"wp:term":[{"taxonomy":"product_brand","embeddable":true,"href":"https:\/\/www.silentblocks.com\/es\/wp-json\/wp\/v2\/product_brand?post=104245"},{"taxonomy":"product_cat","embeddable":true,"href":"https:\/\/www.silentblocks.com\/es\/wp-json\/wp\/v2\/product_cat?post=104245"},{"taxonomy":"product_tag","embeddable":true,"href":"https:\/\/www.silentblocks.com\/es\/wp-json\/wp\/v2\/product_tag?post=104245"}],"curies":[{"name":"wp","href":"https:\/\/api.w.org\/{rel}","templated":true}]}}