{"id":104316,"date":"2025-08-31T14:57:43","date_gmt":"2025-08-31T14:57:43","guid":{"rendered":"https:\/\/www.silentblocks.com\/product\/kit-de-elevacion-de-5-cm-discovery-i\/"},"modified":"2026-02-17T22:16:31","modified_gmt":"2026-02-17T22:16:31","slug":"kit-de-elevacion-de-5-cm-discovery-i","status":"publish","type":"product","link":"https:\/\/www.silentblocks.com\/es\/producto\/kit-de-elevacion-de-5-cm-discovery-i\/","title":{"rendered":"Kit de elevaci\u00f3n de 5 cm, Discovery I"},"content":{"rendered":"<p>Kit de elevaci\u00f3n de poliuretano de 5 cm, compatible con los siguientes veh\u00edculos:<br \/>\nLand Rover Discovery I<\/p>\n<p>El paquete incluye :<br \/>\n&#8211; 10 cu\u00f1as 65\/10&#215;50<br \/>\n&#8211; 10 cu\u00f1as 65\/10&#215;13<br \/>\n&#8211; 10 Pernos de montaje (M10 x 140)<br \/>\n&#8211; 10 Tuercas especiales<\/p>\n<p>Dureza: 90Sha<\/p>\n<p>Piezas nuevas, se vende con factura. Todos nuestros productos tienen 2 a\u00f1os de garant\u00eda.<\/p>\n","protected":false},"excerpt":{"rendered":"<p>Kit de elevaci\u00f3n de poliuretano de 5 cm, compatible con los siguientes veh\u00edculos: Land Rover Discovery I El paquete incluye : &#8211; 10 cu\u00f1as 65\/10&#215;50 &#8211; 10 cu\u00f1as 65\/10&#215;13 &#8211; 10 Pernos de montaje (M10 x 140) &#8211; 10 Tuercas especiales Dureza: 90Sha Piezas nuevas, se vende con factura. Todos nuestros productos tienen 2 a\u00f1os [&hellip;]<\/p>\n","protected":false},"featured_media":104291,"template":"","meta":[],"product_brand":[],"product_cat":[961,2933,1220],"product_tag":[],"class_list":{"0":"post-104316","1":"product","2":"type-product","3":"status-publish","4":"has-post-thumbnail","6":"product_cat-landrover","7":"product_cat-discovery-i-es","8":"product_cat-discovery-i","10":"first","11":"instock","12":"shipping-taxable","13":"purchasable","14":"product-type-simple"},"yoast_head":"<!-- This site is optimized with the Yoast SEO Premium plugin v23.0 (Yoast SEO v27.4) - https:\/\/yoast.com\/product\/yoast-seo-premium-wordpress\/ -->\n<title>Kit de elevaci\u00f3n de 5 cm, Discovery I - SILENT BLOCKS<\/title>\n<meta name=\"description\" content=\"Kit de elevaci\u00f3n de 5 cm, elevaci\u00f3n de carrocer\u00eda para Landrover Discovery 1\" \/>\n<meta name=\"robots\" content=\"index, follow, max-snippet:-1, max-image-preview:large, max-video-preview:-1\" \/>\n<link rel=\"canonical\" href=\"https:\/\/www.silentblocks.com\/es\/producto\/kit-de-elevacion-de-5-cm-discovery-i\/\" \/>\n<meta property=\"og:locale\" content=\"es_ES\" \/>\n<meta property=\"og:type\" content=\"article\" \/>\n<meta property=\"og:title\" content=\"Kit de elevaci\u00f3n de 5 cm, Discovery I\" \/>\n<meta property=\"og:description\" content=\"Kit de elevaci\u00f3n de 5 cm, elevaci\u00f3n de carrocer\u00eda para Landrover Discovery 1\" \/>\n<meta property=\"og:url\" content=\"https:\/\/www.silentblocks.com\/es\/producto\/kit-de-elevacion-de-5-cm-discovery-i\/\" \/>\n<meta property=\"og:site_name\" content=\"SILENT BLOCKS\" \/>\n<meta property=\"article:modified_time\" content=\"2026-02-17T22:16:31+00:00\" \/>\n<meta property=\"og:image\" content=\"https:\/\/www.silentblocks.com\/wp-content\/uploads\/2026\/02\/bodylift-kit-elevation-discovery-I-1.jpg\" \/>\n\t<meta property=\"og:image:width\" content=\"1500\" \/>\n\t<meta property=\"og:image:height\" content=\"1500\" \/>\n\t<meta property=\"og:image:type\" content=\"image\/jpeg\" \/>\n<meta name=\"twitter:card\" content=\"summary_large_image\" \/>\n<script type=\"application\/ld+json\" class=\"yoast-schema-graph\">{\"@context\":\"https:\\\/\\\/schema.org\",\"@graph\":[{\"@type\":\"WebPage\",\"@id\":\"https:\\\/\\\/www.silentblocks.com\\\/es\\\/producto\\\/kit-de-elevacion-de-5-cm-discovery-i\\\/\",\"url\":\"https:\\\/\\\/www.silentblocks.com\\\/es\\\/producto\\\/kit-de-elevacion-de-5-cm-discovery-i\\\/\",\"name\":\"Kit de elevaci\u00f3n de 5 cm, Discovery I - SILENT BLOCKS\",\"isPartOf\":{\"@id\":\"https:\\\/\\\/www.silentblocks.com\\\/es\\\/#website\"},\"primaryImageOfPage\":{\"@id\":\"https:\\\/\\\/www.silentblocks.com\\\/es\\\/producto\\\/kit-de-elevacion-de-5-cm-discovery-i\\\/#primaryimage\"},\"image\":{\"@id\":\"https:\\\/\\\/www.silentblocks.com\\\/es\\\/producto\\\/kit-de-elevacion-de-5-cm-discovery-i\\\/#primaryimage\"},\"thumbnailUrl\":\"https:\\\/\\\/www.silentblocks.com\\\/wp-content\\\/uploads\\\/2026\\\/02\\\/bodylift-kit-elevation-discovery-I-1.jpg\",\"datePublished\":\"2025-08-31T14:57:43+00:00\",\"dateModified\":\"2026-02-17T22:16:31+00:00\",\"description\":\"Kit de elevaci\u00f3n de 5 cm, elevaci\u00f3n de carrocer\u00eda para Landrover Discovery 1\",\"breadcrumb\":{\"@id\":\"https:\\\/\\\/www.silentblocks.com\\\/es\\\/producto\\\/kit-de-elevacion-de-5-cm-discovery-i\\\/#breadcrumb\"},\"inLanguage\":\"es\",\"potentialAction\":[{\"@type\":\"ReadAction\",\"target\":[\"https:\\\/\\\/www.silentblocks.com\\\/es\\\/producto\\\/kit-de-elevacion-de-5-cm-discovery-i\\\/\"]}]},{\"@type\":\"ImageObject\",\"inLanguage\":\"es\",\"@id\":\"https:\\\/\\\/www.silentblocks.com\\\/es\\\/producto\\\/kit-de-elevacion-de-5-cm-discovery-i\\\/#primaryimage\",\"url\":\"https:\\\/\\\/www.silentblocks.com\\\/wp-content\\\/uploads\\\/2026\\\/02\\\/bodylift-kit-elevation-discovery-I-1.jpg\",\"contentUrl\":\"https:\\\/\\\/www.silentblocks.com\\\/wp-content\\\/uploads\\\/2026\\\/02\\\/bodylift-kit-elevation-discovery-I-1.jpg\",\"width\":1500,\"height\":1500},{\"@type\":\"BreadcrumbList\",\"@id\":\"https:\\\/\\\/www.silentblocks.com\\\/es\\\/producto\\\/kit-de-elevacion-de-5-cm-discovery-i\\\/#breadcrumb\",\"itemListElement\":[{\"@type\":\"ListItem\",\"position\":1,\"name\":\"In\u00edcio\",\"item\":\"https:\\\/\\\/www.silentblocks.com\\\/es\\\/\"},{\"@type\":\"ListItem\",\"position\":2,\"name\":\"Page boutique\",\"item\":\"https:\\\/\\\/www.silentblocks.com\\\/es\\\/shop-2\\\/\"},{\"@type\":\"ListItem\",\"position\":3,\"name\":\"Kit de elevaci\u00f3n de 5 cm, Discovery I\"}]},{\"@type\":\"WebSite\",\"@id\":\"https:\\\/\\\/www.silentblocks.com\\\/es\\\/#website\",\"url\":\"https:\\\/\\\/www.silentblocks.com\\\/es\\\/\",\"name\":\"SILENTBLOCKS\",\"description\":\"Secure on the road\",\"publisher\":{\"@id\":\"https:\\\/\\\/www.silentblocks.com\\\/es\\\/#organization\"},\"potentialAction\":[{\"@type\":\"SearchAction\",\"target\":{\"@type\":\"EntryPoint\",\"urlTemplate\":\"https:\\\/\\\/www.silentblocks.com\\\/es\\\/?s={search_term_string}\"},\"query-input\":{\"@type\":\"PropertyValueSpecification\",\"valueRequired\":true,\"valueName\":\"search_term_string\"}}],\"inLanguage\":\"es\"},{\"@type\":\"Organization\",\"@id\":\"https:\\\/\\\/www.silentblocks.com\\\/es\\\/#organization\",\"name\":\"SILENTBLOCKS\",\"url\":\"https:\\\/\\\/www.silentblocks.com\\\/es\\\/\",\"logo\":{\"@type\":\"ImageObject\",\"inLanguage\":\"es\",\"@id\":\"https:\\\/\\\/www.silentblocks.com\\\/es\\\/#\\\/schema\\\/logo\\\/image\\\/\",\"url\":\"https:\\\/\\\/www.silentblocks.com\\\/wp-content\\\/uploads\\\/2023\\\/07\\\/logo211-sem-fundo_2012-PARA-BOUTIQUE-EBAY.png\",\"contentUrl\":\"https:\\\/\\\/www.silentblocks.com\\\/wp-content\\\/uploads\\\/2023\\\/07\\\/logo211-sem-fundo_2012-PARA-BOUTIQUE-EBAY.png\",\"width\":300,\"height\":190,\"caption\":\"SILENTBLOCKS\"},\"image\":{\"@id\":\"https:\\\/\\\/www.silentblocks.com\\\/es\\\/#\\\/schema\\\/logo\\\/image\\\/\"}}]}<\/script>\n<!-- \/ Yoast SEO Premium plugin. -->","yoast_head_json":{"title":"Kit de elevaci\u00f3n de 5 cm, Discovery I - SILENT BLOCKS","description":"Kit de elevaci\u00f3n de 5 cm, elevaci\u00f3n de carrocer\u00eda para Landrover Discovery 1","robots":{"index":"index","follow":"follow","max-snippet":"max-snippet:-1","max-image-preview":"max-image-preview:large","max-video-preview":"max-video-preview:-1"},"canonical":"https:\/\/www.silentblocks.com\/es\/producto\/kit-de-elevacion-de-5-cm-discovery-i\/","og_locale":"es_ES","og_type":"article","og_title":"Kit de elevaci\u00f3n de 5 cm, Discovery I","og_description":"Kit de elevaci\u00f3n de 5 cm, elevaci\u00f3n de carrocer\u00eda para Landrover Discovery 1","og_url":"https:\/\/www.silentblocks.com\/es\/producto\/kit-de-elevacion-de-5-cm-discovery-i\/","og_site_name":"SILENT BLOCKS","article_modified_time":"2026-02-17T22:16:31+00:00","og_image":[{"width":1500,"height":1500,"url":"https:\/\/www.silentblocks.com\/wp-content\/uploads\/2026\/02\/bodylift-kit-elevation-discovery-I-1.jpg","type":"image\/jpeg"}],"twitter_card":"summary_large_image","schema":{"@context":"https:\/\/schema.org","@graph":[{"@type":"WebPage","@id":"https:\/\/www.silentblocks.com\/es\/producto\/kit-de-elevacion-de-5-cm-discovery-i\/","url":"https:\/\/www.silentblocks.com\/es\/producto\/kit-de-elevacion-de-5-cm-discovery-i\/","name":"Kit de elevaci\u00f3n de 5 cm, Discovery I - SILENT BLOCKS","isPartOf":{"@id":"https:\/\/www.silentblocks.com\/es\/#website"},"primaryImageOfPage":{"@id":"https:\/\/www.silentblocks.com\/es\/producto\/kit-de-elevacion-de-5-cm-discovery-i\/#primaryimage"},"image":{"@id":"https:\/\/www.silentblocks.com\/es\/producto\/kit-de-elevacion-de-5-cm-discovery-i\/#primaryimage"},"thumbnailUrl":"https:\/\/www.silentblocks.com\/wp-content\/uploads\/2026\/02\/bodylift-kit-elevation-discovery-I-1.jpg","datePublished":"2025-08-31T14:57:43+00:00","dateModified":"2026-02-17T22:16:31+00:00","description":"Kit de elevaci\u00f3n de 5 cm, elevaci\u00f3n de carrocer\u00eda para Landrover Discovery 1","breadcrumb":{"@id":"https:\/\/www.silentblocks.com\/es\/producto\/kit-de-elevacion-de-5-cm-discovery-i\/#breadcrumb"},"inLanguage":"es","potentialAction":[{"@type":"ReadAction","target":["https:\/\/www.silentblocks.com\/es\/producto\/kit-de-elevacion-de-5-cm-discovery-i\/"]}]},{"@type":"ImageObject","inLanguage":"es","@id":"https:\/\/www.silentblocks.com\/es\/producto\/kit-de-elevacion-de-5-cm-discovery-i\/#primaryimage","url":"https:\/\/www.silentblocks.com\/wp-content\/uploads\/2026\/02\/bodylift-kit-elevation-discovery-I-1.jpg","contentUrl":"https:\/\/www.silentblocks.com\/wp-content\/uploads\/2026\/02\/bodylift-kit-elevation-discovery-I-1.jpg","width":1500,"height":1500},{"@type":"BreadcrumbList","@id":"https:\/\/www.silentblocks.com\/es\/producto\/kit-de-elevacion-de-5-cm-discovery-i\/#breadcrumb","itemListElement":[{"@type":"ListItem","position":1,"name":"In\u00edcio","item":"https:\/\/www.silentblocks.com\/es\/"},{"@type":"ListItem","position":2,"name":"Page boutique","item":"https:\/\/www.silentblocks.com\/es\/shop-2\/"},{"@type":"ListItem","position":3,"name":"Kit de elevaci\u00f3n de 5 cm, Discovery I"}]},{"@type":"WebSite","@id":"https:\/\/www.silentblocks.com\/es\/#website","url":"https:\/\/www.silentblocks.com\/es\/","name":"SILENTBLOCKS","description":"Secure on the road","publisher":{"@id":"https:\/\/www.silentblocks.com\/es\/#organization"},"potentialAction":[{"@type":"SearchAction","target":{"@type":"EntryPoint","urlTemplate":"https:\/\/www.silentblocks.com\/es\/?s={search_term_string}"},"query-input":{"@type":"PropertyValueSpecification","valueRequired":true,"valueName":"search_term_string"}}],"inLanguage":"es"},{"@type":"Organization","@id":"https:\/\/www.silentblocks.com\/es\/#organization","name":"SILENTBLOCKS","url":"https:\/\/www.silentblocks.com\/es\/","logo":{"@type":"ImageObject","inLanguage":"es","@id":"https:\/\/www.silentblocks.com\/es\/#\/schema\/logo\/image\/","url":"https:\/\/www.silentblocks.com\/wp-content\/uploads\/2023\/07\/logo211-sem-fundo_2012-PARA-BOUTIQUE-EBAY.png","contentUrl":"https:\/\/www.silentblocks.com\/wp-content\/uploads\/2023\/07\/logo211-sem-fundo_2012-PARA-BOUTIQUE-EBAY.png","width":300,"height":190,"caption":"SILENTBLOCKS"},"image":{"@id":"https:\/\/www.silentblocks.com\/es\/#\/schema\/logo\/image\/"}}]}},"_links":{"self":[{"href":"https:\/\/www.silentblocks.com\/es\/wp-json\/wp\/v2\/product\/104316","targetHints":{"allow":["GET"]}}],"collection":[{"href":"https:\/\/www.silentblocks.com\/es\/wp-json\/wp\/v2\/product"}],"about":[{"href":"https:\/\/www.silentblocks.com\/es\/wp-json\/wp\/v2\/types\/product"}],"version-history":[{"count":0,"href":"https:\/\/www.silentblocks.com\/es\/wp-json\/wp\/v2\/product\/104316\/revisions"}],"wp:featuredmedia":[{"embeddable":true,"href":"https:\/\/www.silentblocks.com\/es\/wp-json\/wp\/v2\/media\/104291"}],"wp:attachment":[{"href":"https:\/\/www.silentblocks.com\/es\/wp-json\/wp\/v2\/media?parent=104316"}],"wp:term":[{"taxonomy":"product_brand","embeddable":true,"href":"https:\/\/www.silentblocks.com\/es\/wp-json\/wp\/v2\/product_brand?post=104316"},{"taxonomy":"product_cat","embeddable":true,"href":"https:\/\/www.silentblocks.com\/es\/wp-json\/wp\/v2\/product_cat?post=104316"},{"taxonomy":"product_tag","embeddable":true,"href":"https:\/\/www.silentblocks.com\/es\/wp-json\/wp\/v2\/product_tag?post=104316"}],"curies":[{"name":"wp","href":"https:\/\/api.w.org\/{rel}","templated":true}]}}