{"id":105982,"date":"2025-09-27T20:59:26","date_gmt":"2025-09-27T20:59:26","guid":{"rendered":"https:\/\/www.silentblocks.com\/product\/espaciadores-de-muelles-clase-g-w460-40-mm\/"},"modified":"2026-02-17T22:20:32","modified_gmt":"2026-02-17T22:20:32","slug":"espaciadores-de-muelles-clase-g-w460-40-mm","status":"publish","type":"product","link":"https:\/\/www.silentblocks.com\/es\/producto\/espaciadores-de-muelles-clase-g-w460-40-mm\/","title":{"rendered":"Espaciadores de muelles, Clase G W460 (40 mm)"},"content":{"rendered":"<p>Espaciadores de muelles de poliuretano para muelles delanteros y traseros, compatibles con los siguientes veh\u00edculos:<br \/>\nMercedes Benz G-CLASS 460 (1976-2012)<\/p>\n<p>Dureza: 90Sha<br \/>\nCu\u00f1as delanteras: 150&#215;110, Altura 40mm<br \/>\nCu\u00f1as traseras: 180&#215;145, Altura 40mm<\/p>\n<p>Piezas nuevas, se vende con factura. Todos nuestros productos tienen 2 a\u00f1os de garant\u00eda.<\/p>\n","protected":false},"excerpt":{"rendered":"<p>Espaciadores de muelles de poliuretano para muelles delanteros y traseros, compatibles con los siguientes veh\u00edculos: Mercedes Benz G-CLASS 460 (1976-2012) Dureza: 90Sha Cu\u00f1as delanteras: 150&#215;110, Altura 40mm Cu\u00f1as traseras: 180&#215;145, Altura 40mm Piezas nuevas, se vende con factura. Todos nuestros productos tienen 2 a\u00f1os de garant\u00eda.<\/p>\n","protected":false},"featured_media":105962,"template":"","meta":[],"product_brand":[],"product_cat":[948,5961,5960],"product_tag":[],"class_list":{"0":"post-105982","1":"product","2":"type-product","3":"status-publish","4":"has-post-thumbnail","6":"product_cat-mercedes","7":"product_cat-g-class-460-461-463-es","8":"product_cat-g-class-460-461-463","10":"first","11":"instock","12":"shipping-taxable","13":"purchasable","14":"product-type-simple"},"yoast_head":"<!-- This site is optimized with the Yoast SEO Premium plugin v23.0 (Yoast SEO v27.4) - https:\/\/yoast.com\/product\/yoast-seo-premium-wordpress\/ -->\n<title>Espaciadores de muelles, Clase G W460 (40 mm) - SILENT BLOCKS<\/title>\n<meta name=\"description\" content=\"Espaciadores de muelles, kit de elevaci\u00f3n para Mercedes Clase G W460\" \/>\n<meta name=\"robots\" content=\"index, follow, max-snippet:-1, max-image-preview:large, max-video-preview:-1\" \/>\n<link rel=\"canonical\" href=\"https:\/\/www.silentblocks.com\/es\/producto\/espaciadores-de-muelles-clase-g-w460-40-mm\/\" \/>\n<meta property=\"og:locale\" content=\"es_ES\" \/>\n<meta property=\"og:type\" content=\"article\" \/>\n<meta property=\"og:title\" content=\"Espaciadores de muelles, Clase G W460 (40 mm)\" \/>\n<meta property=\"og:description\" content=\"Espaciadores de muelles, kit de elevaci\u00f3n para Mercedes Clase G W460\" \/>\n<meta property=\"og:url\" content=\"https:\/\/www.silentblocks.com\/es\/producto\/espaciadores-de-muelles-clase-g-w460-40-mm\/\" \/>\n<meta property=\"og:site_name\" content=\"SILENT BLOCKS\" \/>\n<meta property=\"article:modified_time\" content=\"2026-02-17T22:20:32+00:00\" \/>\n<meta property=\"og:image\" content=\"https:\/\/www.silentblocks.com\/wp-content\/uploads\/2026\/02\/cales-ressorts-G-Class-W460-1.jpg\" \/>\n\t<meta property=\"og:image:width\" content=\"1500\" \/>\n\t<meta property=\"og:image:height\" content=\"1500\" \/>\n\t<meta property=\"og:image:type\" content=\"image\/jpeg\" \/>\n<meta name=\"twitter:card\" content=\"summary_large_image\" \/>\n<script type=\"application\/ld+json\" class=\"yoast-schema-graph\">{\"@context\":\"https:\\\/\\\/schema.org\",\"@graph\":[{\"@type\":\"WebPage\",\"@id\":\"https:\\\/\\\/www.silentblocks.com\\\/es\\\/producto\\\/espaciadores-de-muelles-clase-g-w460-40-mm\\\/\",\"url\":\"https:\\\/\\\/www.silentblocks.com\\\/es\\\/producto\\\/espaciadores-de-muelles-clase-g-w460-40-mm\\\/\",\"name\":\"Espaciadores de muelles, Clase G W460 (40 mm) - SILENT BLOCKS\",\"isPartOf\":{\"@id\":\"https:\\\/\\\/www.silentblocks.com\\\/es\\\/#website\"},\"primaryImageOfPage\":{\"@id\":\"https:\\\/\\\/www.silentblocks.com\\\/es\\\/producto\\\/espaciadores-de-muelles-clase-g-w460-40-mm\\\/#primaryimage\"},\"image\":{\"@id\":\"https:\\\/\\\/www.silentblocks.com\\\/es\\\/producto\\\/espaciadores-de-muelles-clase-g-w460-40-mm\\\/#primaryimage\"},\"thumbnailUrl\":\"https:\\\/\\\/www.silentblocks.com\\\/wp-content\\\/uploads\\\/2026\\\/02\\\/cales-ressorts-G-Class-W460-1.jpg\",\"datePublished\":\"2025-09-27T20:59:26+00:00\",\"dateModified\":\"2026-02-17T22:20:32+00:00\",\"description\":\"Espaciadores de muelles, kit de elevaci\u00f3n para Mercedes Clase G W460\",\"breadcrumb\":{\"@id\":\"https:\\\/\\\/www.silentblocks.com\\\/es\\\/producto\\\/espaciadores-de-muelles-clase-g-w460-40-mm\\\/#breadcrumb\"},\"inLanguage\":\"es\",\"potentialAction\":[{\"@type\":\"ReadAction\",\"target\":[\"https:\\\/\\\/www.silentblocks.com\\\/es\\\/producto\\\/espaciadores-de-muelles-clase-g-w460-40-mm\\\/\"]}]},{\"@type\":\"ImageObject\",\"inLanguage\":\"es\",\"@id\":\"https:\\\/\\\/www.silentblocks.com\\\/es\\\/producto\\\/espaciadores-de-muelles-clase-g-w460-40-mm\\\/#primaryimage\",\"url\":\"https:\\\/\\\/www.silentblocks.com\\\/wp-content\\\/uploads\\\/2026\\\/02\\\/cales-ressorts-G-Class-W460-1.jpg\",\"contentUrl\":\"https:\\\/\\\/www.silentblocks.com\\\/wp-content\\\/uploads\\\/2026\\\/02\\\/cales-ressorts-G-Class-W460-1.jpg\",\"width\":1500,\"height\":1500},{\"@type\":\"BreadcrumbList\",\"@id\":\"https:\\\/\\\/www.silentblocks.com\\\/es\\\/producto\\\/espaciadores-de-muelles-clase-g-w460-40-mm\\\/#breadcrumb\",\"itemListElement\":[{\"@type\":\"ListItem\",\"position\":1,\"name\":\"In\u00edcio\",\"item\":\"https:\\\/\\\/www.silentblocks.com\\\/es\\\/\"},{\"@type\":\"ListItem\",\"position\":2,\"name\":\"Page boutique\",\"item\":\"https:\\\/\\\/www.silentblocks.com\\\/es\\\/shop-2\\\/\"},{\"@type\":\"ListItem\",\"position\":3,\"name\":\"Espaciadores de muelles, Clase G W460 (40 mm)\"}]},{\"@type\":\"WebSite\",\"@id\":\"https:\\\/\\\/www.silentblocks.com\\\/es\\\/#website\",\"url\":\"https:\\\/\\\/www.silentblocks.com\\\/es\\\/\",\"name\":\"SILENTBLOCKS\",\"description\":\"Secure on the road\",\"publisher\":{\"@id\":\"https:\\\/\\\/www.silentblocks.com\\\/es\\\/#organization\"},\"potentialAction\":[{\"@type\":\"SearchAction\",\"target\":{\"@type\":\"EntryPoint\",\"urlTemplate\":\"https:\\\/\\\/www.silentblocks.com\\\/es\\\/?s={search_term_string}\"},\"query-input\":{\"@type\":\"PropertyValueSpecification\",\"valueRequired\":true,\"valueName\":\"search_term_string\"}}],\"inLanguage\":\"es\"},{\"@type\":\"Organization\",\"@id\":\"https:\\\/\\\/www.silentblocks.com\\\/es\\\/#organization\",\"name\":\"SILENTBLOCKS\",\"url\":\"https:\\\/\\\/www.silentblocks.com\\\/es\\\/\",\"logo\":{\"@type\":\"ImageObject\",\"inLanguage\":\"es\",\"@id\":\"https:\\\/\\\/www.silentblocks.com\\\/es\\\/#\\\/schema\\\/logo\\\/image\\\/\",\"url\":\"https:\\\/\\\/www.silentblocks.com\\\/wp-content\\\/uploads\\\/2023\\\/07\\\/logo211-sem-fundo_2012-PARA-BOUTIQUE-EBAY.png\",\"contentUrl\":\"https:\\\/\\\/www.silentblocks.com\\\/wp-content\\\/uploads\\\/2023\\\/07\\\/logo211-sem-fundo_2012-PARA-BOUTIQUE-EBAY.png\",\"width\":300,\"height\":190,\"caption\":\"SILENTBLOCKS\"},\"image\":{\"@id\":\"https:\\\/\\\/www.silentblocks.com\\\/es\\\/#\\\/schema\\\/logo\\\/image\\\/\"}}]}<\/script>\n<!-- \/ Yoast SEO Premium plugin. -->","yoast_head_json":{"title":"Espaciadores de muelles, Clase G W460 (40 mm) - SILENT BLOCKS","description":"Espaciadores de muelles, kit de elevaci\u00f3n para Mercedes Clase G W460","robots":{"index":"index","follow":"follow","max-snippet":"max-snippet:-1","max-image-preview":"max-image-preview:large","max-video-preview":"max-video-preview:-1"},"canonical":"https:\/\/www.silentblocks.com\/es\/producto\/espaciadores-de-muelles-clase-g-w460-40-mm\/","og_locale":"es_ES","og_type":"article","og_title":"Espaciadores de muelles, Clase G W460 (40 mm)","og_description":"Espaciadores de muelles, kit de elevaci\u00f3n para Mercedes Clase G W460","og_url":"https:\/\/www.silentblocks.com\/es\/producto\/espaciadores-de-muelles-clase-g-w460-40-mm\/","og_site_name":"SILENT BLOCKS","article_modified_time":"2026-02-17T22:20:32+00:00","og_image":[{"width":1500,"height":1500,"url":"https:\/\/www.silentblocks.com\/wp-content\/uploads\/2026\/02\/cales-ressorts-G-Class-W460-1.jpg","type":"image\/jpeg"}],"twitter_card":"summary_large_image","schema":{"@context":"https:\/\/schema.org","@graph":[{"@type":"WebPage","@id":"https:\/\/www.silentblocks.com\/es\/producto\/espaciadores-de-muelles-clase-g-w460-40-mm\/","url":"https:\/\/www.silentblocks.com\/es\/producto\/espaciadores-de-muelles-clase-g-w460-40-mm\/","name":"Espaciadores de muelles, Clase G W460 (40 mm) - SILENT BLOCKS","isPartOf":{"@id":"https:\/\/www.silentblocks.com\/es\/#website"},"primaryImageOfPage":{"@id":"https:\/\/www.silentblocks.com\/es\/producto\/espaciadores-de-muelles-clase-g-w460-40-mm\/#primaryimage"},"image":{"@id":"https:\/\/www.silentblocks.com\/es\/producto\/espaciadores-de-muelles-clase-g-w460-40-mm\/#primaryimage"},"thumbnailUrl":"https:\/\/www.silentblocks.com\/wp-content\/uploads\/2026\/02\/cales-ressorts-G-Class-W460-1.jpg","datePublished":"2025-09-27T20:59:26+00:00","dateModified":"2026-02-17T22:20:32+00:00","description":"Espaciadores de muelles, kit de elevaci\u00f3n para Mercedes Clase G W460","breadcrumb":{"@id":"https:\/\/www.silentblocks.com\/es\/producto\/espaciadores-de-muelles-clase-g-w460-40-mm\/#breadcrumb"},"inLanguage":"es","potentialAction":[{"@type":"ReadAction","target":["https:\/\/www.silentblocks.com\/es\/producto\/espaciadores-de-muelles-clase-g-w460-40-mm\/"]}]},{"@type":"ImageObject","inLanguage":"es","@id":"https:\/\/www.silentblocks.com\/es\/producto\/espaciadores-de-muelles-clase-g-w460-40-mm\/#primaryimage","url":"https:\/\/www.silentblocks.com\/wp-content\/uploads\/2026\/02\/cales-ressorts-G-Class-W460-1.jpg","contentUrl":"https:\/\/www.silentblocks.com\/wp-content\/uploads\/2026\/02\/cales-ressorts-G-Class-W460-1.jpg","width":1500,"height":1500},{"@type":"BreadcrumbList","@id":"https:\/\/www.silentblocks.com\/es\/producto\/espaciadores-de-muelles-clase-g-w460-40-mm\/#breadcrumb","itemListElement":[{"@type":"ListItem","position":1,"name":"In\u00edcio","item":"https:\/\/www.silentblocks.com\/es\/"},{"@type":"ListItem","position":2,"name":"Page boutique","item":"https:\/\/www.silentblocks.com\/es\/shop-2\/"},{"@type":"ListItem","position":3,"name":"Espaciadores de muelles, Clase G W460 (40 mm)"}]},{"@type":"WebSite","@id":"https:\/\/www.silentblocks.com\/es\/#website","url":"https:\/\/www.silentblocks.com\/es\/","name":"SILENTBLOCKS","description":"Secure on the road","publisher":{"@id":"https:\/\/www.silentblocks.com\/es\/#organization"},"potentialAction":[{"@type":"SearchAction","target":{"@type":"EntryPoint","urlTemplate":"https:\/\/www.silentblocks.com\/es\/?s={search_term_string}"},"query-input":{"@type":"PropertyValueSpecification","valueRequired":true,"valueName":"search_term_string"}}],"inLanguage":"es"},{"@type":"Organization","@id":"https:\/\/www.silentblocks.com\/es\/#organization","name":"SILENTBLOCKS","url":"https:\/\/www.silentblocks.com\/es\/","logo":{"@type":"ImageObject","inLanguage":"es","@id":"https:\/\/www.silentblocks.com\/es\/#\/schema\/logo\/image\/","url":"https:\/\/www.silentblocks.com\/wp-content\/uploads\/2023\/07\/logo211-sem-fundo_2012-PARA-BOUTIQUE-EBAY.png","contentUrl":"https:\/\/www.silentblocks.com\/wp-content\/uploads\/2023\/07\/logo211-sem-fundo_2012-PARA-BOUTIQUE-EBAY.png","width":300,"height":190,"caption":"SILENTBLOCKS"},"image":{"@id":"https:\/\/www.silentblocks.com\/es\/#\/schema\/logo\/image\/"}}]}},"_links":{"self":[{"href":"https:\/\/www.silentblocks.com\/es\/wp-json\/wp\/v2\/product\/105982","targetHints":{"allow":["GET"]}}],"collection":[{"href":"https:\/\/www.silentblocks.com\/es\/wp-json\/wp\/v2\/product"}],"about":[{"href":"https:\/\/www.silentblocks.com\/es\/wp-json\/wp\/v2\/types\/product"}],"version-history":[{"count":0,"href":"https:\/\/www.silentblocks.com\/es\/wp-json\/wp\/v2\/product\/105982\/revisions"}],"wp:featuredmedia":[{"embeddable":true,"href":"https:\/\/www.silentblocks.com\/es\/wp-json\/wp\/v2\/media\/105962"}],"wp:attachment":[{"href":"https:\/\/www.silentblocks.com\/es\/wp-json\/wp\/v2\/media?parent=105982"}],"wp:term":[{"taxonomy":"product_brand","embeddable":true,"href":"https:\/\/www.silentblocks.com\/es\/wp-json\/wp\/v2\/product_brand?post=105982"},{"taxonomy":"product_cat","embeddable":true,"href":"https:\/\/www.silentblocks.com\/es\/wp-json\/wp\/v2\/product_cat?post=105982"},{"taxonomy":"product_tag","embeddable":true,"href":"https:\/\/www.silentblocks.com\/es\/wp-json\/wp\/v2\/product_tag?post=105982"}],"curies":[{"name":"wp","href":"https:\/\/api.w.org\/{rel}","templated":true}]}}