{"id":107396,"date":"2025-10-10T10:29:38","date_gmt":"2025-10-10T10:29:38","guid":{"rendered":"https:\/\/www.silentblocks.com\/product\/silentblocks-portamangueta-trasera-a6-c5-a8-d2-d3-allroad-c5-passat-b5-phaeton\/"},"modified":"2026-02-17T22:24:05","modified_gmt":"2026-02-17T22:24:05","slug":"silentblocks-portamangueta-trasera-a6-c5-a8-d2-d3-allroad-c5-passat-b5-phaeton","status":"publish","type":"product","link":"https:\/\/www.silentblocks.com\/es\/producto\/silentblocks-portamangueta-trasera-a6-c5-a8-d2-d3-allroad-c5-passat-b5-phaeton\/","title":{"rendered":"Silentblocks portamangueta trasera, A6 C5, A8 D2\/D3, Allroad C5, Passat B5, Phaeton"},"content":{"rendered":"<p>Kit de 8 silentblocs para 2 portamanguetas traseras, compatible con los siguientes veh\u00edculos:<br \/>\nAudi A6 C5 (4B2)<br \/>\nAudi A6 C5 Avant (4B5)<br \/>\nAudi A6 C5 Berlina (4B2)<br \/>\nAudi A6 \/ S6 C5 (4B2)<br \/>\nAudi A6 \/ S6 C5 Avant (4B5)<br \/>\nAudi A8 D2 (4D2, 4D8)<br \/>\nAudi A8 D3 (4E2, 4E8)<br \/>\nAudi A8L D3 (4E2, 4E8)<br \/>\nAudi A8 \/ S8 D2 (4D2, 4D8)<br \/>\nAudi A8 \/ S8 D3 (4E2, 4E8)<br \/>\nAudi Allroad C5 (4BH)<br \/>\nAudi Allroad C5 Avant (4BH)<\/p>\n<p>VW Passat B5 (3B2)<br \/>\nVW Passat B5.5 (3B3)<br \/>\nVW Passat B5.5 Familiar (3B6)<br \/>\nVW Passat B5.5 Berlina (3B3)<br \/>\nVW Passat B5.5 Variante (3B6)<br \/>\nVW Passat B5 Familiar (3B5)<br \/>\nVW Passat B5 Berlina (3B2)<br \/>\nVW Passat B5 Variante (3B5)<br \/>\nVW Passat B5 Wagon (3B5)<br \/>\nVW Phaeton (3D1, 3D2, 3D3, 3D4, 3D6, 3D7, 3D8, 3D9)<br \/>\nVW Phaeton Berlina (3D1, 3D2, 3D3, 3D4, 3D6, 3D7, 3D8, 3D9)<\/p>\n<p>Referencias del fabricante (c\u00f3digo OEM) s\u00f3lo a t\u00edtulo informativo :<br \/>\n4D0505171K, 4E0505171K, 4D0505171L, 4E0511512F, 8E0505172A, 8A0505171, 4E0511511E, 4E0511512E, 3D0505171, 4E0511511F<\/p>\n<p>Piezas nuevas, se vende con factura. Todos nuestros productos tienen 2 a\u00f1os de garant\u00eda.<\/p>\n","protected":false},"excerpt":{"rendered":"<p>Kit de 8 silentblocs para 2 portamanguetas traseras, compatible con los siguientes veh\u00edculos: Audi A6 C5 (4B2) Audi A6 C5 Avant (4B5) Audi A6 C5 Berlina (4B2) Audi A6 \/ S6 C5 (4B2) Audi A6 \/ S6 C5 Avant (4B5) Audi A8 D2 (4D2, 4D8) Audi A8 D3 (4E2, 4E8) Audi A8L D3 (4E2, 4E8) [&hellip;]<\/p>\n","protected":false},"featured_media":107372,"template":"","meta":[],"product_brand":[],"product_cat":[949,997,1001,3969,3972,996,964,1535,1736],"product_tag":[],"class_list":{"0":"post-107396","1":"product","2":"type-product","3":"status-publish","4":"has-post-thumbnail","6":"product_cat-audi","7":"product_cat-allroad","8":"product_cat-a6-c5","9":"product_cat-a8-d2","10":"product_cat-a8-d2-es","11":"product_cat-a8","12":"product_cat-vw","13":"product_cat-passat","14":"product_cat-phaeton","16":"first","17":"instock","18":"shipping-taxable","19":"purchasable","20":"product-type-simple"},"yoast_head":"<!-- This site is optimized with the Yoast SEO Premium plugin v23.0 (Yoast SEO v27.4) - https:\/\/yoast.com\/product\/yoast-seo-premium-wordpress\/ -->\n<title>Silentblocks portamangueta trasera, A6 C5, A8 D2\/D3, Allroad C5, Passat B5, Phaeton - SILENT BLOCKS<\/title>\n<meta name=\"description\" content=\"Silentblocks del munon posterior para Audi A6 C5, A8 D2\/D3, Allroad C5, VW Passat B5, Phaeton, oem 4D0505171K, 4E0505171K, 4D0505171L, 4E0511512F\" \/>\n<meta name=\"robots\" content=\"index, follow, max-snippet:-1, max-image-preview:large, max-video-preview:-1\" \/>\n<link rel=\"canonical\" href=\"https:\/\/www.silentblocks.com\/es\/producto\/silentblocks-portamangueta-trasera-a6-c5-a8-d2-d3-allroad-c5-passat-b5-phaeton\/\" \/>\n<meta property=\"og:locale\" content=\"es_ES\" \/>\n<meta property=\"og:type\" content=\"article\" \/>\n<meta property=\"og:title\" content=\"Silentblocks portamangueta trasera, A6 C5, A8 D2\/D3, Allroad C5, Passat B5, Phaeton\" \/>\n<meta property=\"og:description\" content=\"Silentblocks del munon posterior para Audi A6 C5, A8 D2\/D3, Allroad C5, VW Passat B5, Phaeton, oem 4D0505171K, 4E0505171K, 4D0505171L, 4E0511512F\" \/>\n<meta property=\"og:url\" content=\"https:\/\/www.silentblocks.com\/es\/producto\/silentblocks-portamangueta-trasera-a6-c5-a8-d2-d3-allroad-c5-passat-b5-phaeton\/\" \/>\n<meta property=\"og:site_name\" content=\"SILENT BLOCKS\" \/>\n<meta property=\"article:modified_time\" content=\"2026-02-17T22:24:05+00:00\" \/>\n<meta property=\"og:image\" content=\"https:\/\/www.silentblocks.com\/wp-content\/uploads\/2026\/02\/silentblocs-fusees-arriere-Audi-A6-C5-8E0505172A-1.jpg\" \/>\n\t<meta property=\"og:image:width\" content=\"1024\" \/>\n\t<meta property=\"og:image:height\" content=\"1024\" \/>\n\t<meta property=\"og:image:type\" content=\"image\/jpeg\" \/>\n<meta name=\"twitter:card\" content=\"summary_large_image\" \/>\n<meta name=\"twitter:label1\" content=\"Tiempo de lectura\" \/>\n\t<meta name=\"twitter:data1\" content=\"1 minuto\" \/>\n<script type=\"application\/ld+json\" class=\"yoast-schema-graph\">{\"@context\":\"https:\\\/\\\/schema.org\",\"@graph\":[{\"@type\":\"WebPage\",\"@id\":\"https:\\\/\\\/www.silentblocks.com\\\/es\\\/producto\\\/silentblocks-portamangueta-trasera-a6-c5-a8-d2-d3-allroad-c5-passat-b5-phaeton\\\/\",\"url\":\"https:\\\/\\\/www.silentblocks.com\\\/es\\\/producto\\\/silentblocks-portamangueta-trasera-a6-c5-a8-d2-d3-allroad-c5-passat-b5-phaeton\\\/\",\"name\":\"Silentblocks portamangueta trasera, A6 C5, A8 D2\\\/D3, Allroad C5, Passat B5, Phaeton - SILENT BLOCKS\",\"isPartOf\":{\"@id\":\"https:\\\/\\\/www.silentblocks.com\\\/es\\\/#website\"},\"primaryImageOfPage\":{\"@id\":\"https:\\\/\\\/www.silentblocks.com\\\/es\\\/producto\\\/silentblocks-portamangueta-trasera-a6-c5-a8-d2-d3-allroad-c5-passat-b5-phaeton\\\/#primaryimage\"},\"image\":{\"@id\":\"https:\\\/\\\/www.silentblocks.com\\\/es\\\/producto\\\/silentblocks-portamangueta-trasera-a6-c5-a8-d2-d3-allroad-c5-passat-b5-phaeton\\\/#primaryimage\"},\"thumbnailUrl\":\"https:\\\/\\\/www.silentblocks.com\\\/wp-content\\\/uploads\\\/2026\\\/02\\\/silentblocs-fusees-arriere-Audi-A6-C5-8E0505172A-1.jpg\",\"datePublished\":\"2025-10-10T10:29:38+00:00\",\"dateModified\":\"2026-02-17T22:24:05+00:00\",\"description\":\"Silentblocks del munon posterior para Audi A6 C5, A8 D2\\\/D3, Allroad C5, VW Passat B5, Phaeton, oem 4D0505171K, 4E0505171K, 4D0505171L, 4E0511512F\",\"breadcrumb\":{\"@id\":\"https:\\\/\\\/www.silentblocks.com\\\/es\\\/producto\\\/silentblocks-portamangueta-trasera-a6-c5-a8-d2-d3-allroad-c5-passat-b5-phaeton\\\/#breadcrumb\"},\"inLanguage\":\"es\",\"potentialAction\":[{\"@type\":\"ReadAction\",\"target\":[\"https:\\\/\\\/www.silentblocks.com\\\/es\\\/producto\\\/silentblocks-portamangueta-trasera-a6-c5-a8-d2-d3-allroad-c5-passat-b5-phaeton\\\/\"]}]},{\"@type\":\"ImageObject\",\"inLanguage\":\"es\",\"@id\":\"https:\\\/\\\/www.silentblocks.com\\\/es\\\/producto\\\/silentblocks-portamangueta-trasera-a6-c5-a8-d2-d3-allroad-c5-passat-b5-phaeton\\\/#primaryimage\",\"url\":\"https:\\\/\\\/www.silentblocks.com\\\/wp-content\\\/uploads\\\/2026\\\/02\\\/silentblocs-fusees-arriere-Audi-A6-C5-8E0505172A-1.jpg\",\"contentUrl\":\"https:\\\/\\\/www.silentblocks.com\\\/wp-content\\\/uploads\\\/2026\\\/02\\\/silentblocs-fusees-arriere-Audi-A6-C5-8E0505172A-1.jpg\",\"width\":1024,\"height\":1024},{\"@type\":\"BreadcrumbList\",\"@id\":\"https:\\\/\\\/www.silentblocks.com\\\/es\\\/producto\\\/silentblocks-portamangueta-trasera-a6-c5-a8-d2-d3-allroad-c5-passat-b5-phaeton\\\/#breadcrumb\",\"itemListElement\":[{\"@type\":\"ListItem\",\"position\":1,\"name\":\"In\u00edcio\",\"item\":\"https:\\\/\\\/www.silentblocks.com\\\/es\\\/\"},{\"@type\":\"ListItem\",\"position\":2,\"name\":\"Page boutique\",\"item\":\"https:\\\/\\\/www.silentblocks.com\\\/es\\\/shop-2\\\/\"},{\"@type\":\"ListItem\",\"position\":3,\"name\":\"Silentblocks portamangueta trasera, A6 C5, A8 D2\\\/D3, Allroad C5, Passat B5, Phaeton\"}]},{\"@type\":\"WebSite\",\"@id\":\"https:\\\/\\\/www.silentblocks.com\\\/es\\\/#website\",\"url\":\"https:\\\/\\\/www.silentblocks.com\\\/es\\\/\",\"name\":\"SILENTBLOCKS\",\"description\":\"Secure on the road\",\"publisher\":{\"@id\":\"https:\\\/\\\/www.silentblocks.com\\\/es\\\/#organization\"},\"potentialAction\":[{\"@type\":\"SearchAction\",\"target\":{\"@type\":\"EntryPoint\",\"urlTemplate\":\"https:\\\/\\\/www.silentblocks.com\\\/es\\\/?s={search_term_string}\"},\"query-input\":{\"@type\":\"PropertyValueSpecification\",\"valueRequired\":true,\"valueName\":\"search_term_string\"}}],\"inLanguage\":\"es\"},{\"@type\":\"Organization\",\"@id\":\"https:\\\/\\\/www.silentblocks.com\\\/es\\\/#organization\",\"name\":\"SILENTBLOCKS\",\"url\":\"https:\\\/\\\/www.silentblocks.com\\\/es\\\/\",\"logo\":{\"@type\":\"ImageObject\",\"inLanguage\":\"es\",\"@id\":\"https:\\\/\\\/www.silentblocks.com\\\/es\\\/#\\\/schema\\\/logo\\\/image\\\/\",\"url\":\"https:\\\/\\\/www.silentblocks.com\\\/wp-content\\\/uploads\\\/2023\\\/07\\\/logo211-sem-fundo_2012-PARA-BOUTIQUE-EBAY.png\",\"contentUrl\":\"https:\\\/\\\/www.silentblocks.com\\\/wp-content\\\/uploads\\\/2023\\\/07\\\/logo211-sem-fundo_2012-PARA-BOUTIQUE-EBAY.png\",\"width\":300,\"height\":190,\"caption\":\"SILENTBLOCKS\"},\"image\":{\"@id\":\"https:\\\/\\\/www.silentblocks.com\\\/es\\\/#\\\/schema\\\/logo\\\/image\\\/\"}}]}<\/script>\n<!-- \/ Yoast SEO Premium plugin. -->","yoast_head_json":{"title":"Silentblocks portamangueta trasera, A6 C5, A8 D2\/D3, Allroad C5, Passat B5, Phaeton - SILENT BLOCKS","description":"Silentblocks del munon posterior para Audi A6 C5, A8 D2\/D3, Allroad C5, VW Passat B5, Phaeton, oem 4D0505171K, 4E0505171K, 4D0505171L, 4E0511512F","robots":{"index":"index","follow":"follow","max-snippet":"max-snippet:-1","max-image-preview":"max-image-preview:large","max-video-preview":"max-video-preview:-1"},"canonical":"https:\/\/www.silentblocks.com\/es\/producto\/silentblocks-portamangueta-trasera-a6-c5-a8-d2-d3-allroad-c5-passat-b5-phaeton\/","og_locale":"es_ES","og_type":"article","og_title":"Silentblocks portamangueta trasera, A6 C5, A8 D2\/D3, Allroad C5, Passat B5, Phaeton","og_description":"Silentblocks del munon posterior para Audi A6 C5, A8 D2\/D3, Allroad C5, VW Passat B5, Phaeton, oem 4D0505171K, 4E0505171K, 4D0505171L, 4E0511512F","og_url":"https:\/\/www.silentblocks.com\/es\/producto\/silentblocks-portamangueta-trasera-a6-c5-a8-d2-d3-allroad-c5-passat-b5-phaeton\/","og_site_name":"SILENT BLOCKS","article_modified_time":"2026-02-17T22:24:05+00:00","og_image":[{"width":1024,"height":1024,"url":"https:\/\/www.silentblocks.com\/wp-content\/uploads\/2026\/02\/silentblocs-fusees-arriere-Audi-A6-C5-8E0505172A-1.jpg","type":"image\/jpeg"}],"twitter_card":"summary_large_image","twitter_misc":{"Tiempo de lectura":"1 minuto"},"schema":{"@context":"https:\/\/schema.org","@graph":[{"@type":"WebPage","@id":"https:\/\/www.silentblocks.com\/es\/producto\/silentblocks-portamangueta-trasera-a6-c5-a8-d2-d3-allroad-c5-passat-b5-phaeton\/","url":"https:\/\/www.silentblocks.com\/es\/producto\/silentblocks-portamangueta-trasera-a6-c5-a8-d2-d3-allroad-c5-passat-b5-phaeton\/","name":"Silentblocks portamangueta trasera, A6 C5, A8 D2\/D3, Allroad C5, Passat B5, Phaeton - SILENT BLOCKS","isPartOf":{"@id":"https:\/\/www.silentblocks.com\/es\/#website"},"primaryImageOfPage":{"@id":"https:\/\/www.silentblocks.com\/es\/producto\/silentblocks-portamangueta-trasera-a6-c5-a8-d2-d3-allroad-c5-passat-b5-phaeton\/#primaryimage"},"image":{"@id":"https:\/\/www.silentblocks.com\/es\/producto\/silentblocks-portamangueta-trasera-a6-c5-a8-d2-d3-allroad-c5-passat-b5-phaeton\/#primaryimage"},"thumbnailUrl":"https:\/\/www.silentblocks.com\/wp-content\/uploads\/2026\/02\/silentblocs-fusees-arriere-Audi-A6-C5-8E0505172A-1.jpg","datePublished":"2025-10-10T10:29:38+00:00","dateModified":"2026-02-17T22:24:05+00:00","description":"Silentblocks del munon posterior para Audi A6 C5, A8 D2\/D3, Allroad C5, VW Passat B5, Phaeton, oem 4D0505171K, 4E0505171K, 4D0505171L, 4E0511512F","breadcrumb":{"@id":"https:\/\/www.silentblocks.com\/es\/producto\/silentblocks-portamangueta-trasera-a6-c5-a8-d2-d3-allroad-c5-passat-b5-phaeton\/#breadcrumb"},"inLanguage":"es","potentialAction":[{"@type":"ReadAction","target":["https:\/\/www.silentblocks.com\/es\/producto\/silentblocks-portamangueta-trasera-a6-c5-a8-d2-d3-allroad-c5-passat-b5-phaeton\/"]}]},{"@type":"ImageObject","inLanguage":"es","@id":"https:\/\/www.silentblocks.com\/es\/producto\/silentblocks-portamangueta-trasera-a6-c5-a8-d2-d3-allroad-c5-passat-b5-phaeton\/#primaryimage","url":"https:\/\/www.silentblocks.com\/wp-content\/uploads\/2026\/02\/silentblocs-fusees-arriere-Audi-A6-C5-8E0505172A-1.jpg","contentUrl":"https:\/\/www.silentblocks.com\/wp-content\/uploads\/2026\/02\/silentblocs-fusees-arriere-Audi-A6-C5-8E0505172A-1.jpg","width":1024,"height":1024},{"@type":"BreadcrumbList","@id":"https:\/\/www.silentblocks.com\/es\/producto\/silentblocks-portamangueta-trasera-a6-c5-a8-d2-d3-allroad-c5-passat-b5-phaeton\/#breadcrumb","itemListElement":[{"@type":"ListItem","position":1,"name":"In\u00edcio","item":"https:\/\/www.silentblocks.com\/es\/"},{"@type":"ListItem","position":2,"name":"Page boutique","item":"https:\/\/www.silentblocks.com\/es\/shop-2\/"},{"@type":"ListItem","position":3,"name":"Silentblocks portamangueta trasera, A6 C5, A8 D2\/D3, Allroad C5, Passat B5, Phaeton"}]},{"@type":"WebSite","@id":"https:\/\/www.silentblocks.com\/es\/#website","url":"https:\/\/www.silentblocks.com\/es\/","name":"SILENTBLOCKS","description":"Secure on the road","publisher":{"@id":"https:\/\/www.silentblocks.com\/es\/#organization"},"potentialAction":[{"@type":"SearchAction","target":{"@type":"EntryPoint","urlTemplate":"https:\/\/www.silentblocks.com\/es\/?s={search_term_string}"},"query-input":{"@type":"PropertyValueSpecification","valueRequired":true,"valueName":"search_term_string"}}],"inLanguage":"es"},{"@type":"Organization","@id":"https:\/\/www.silentblocks.com\/es\/#organization","name":"SILENTBLOCKS","url":"https:\/\/www.silentblocks.com\/es\/","logo":{"@type":"ImageObject","inLanguage":"es","@id":"https:\/\/www.silentblocks.com\/es\/#\/schema\/logo\/image\/","url":"https:\/\/www.silentblocks.com\/wp-content\/uploads\/2023\/07\/logo211-sem-fundo_2012-PARA-BOUTIQUE-EBAY.png","contentUrl":"https:\/\/www.silentblocks.com\/wp-content\/uploads\/2023\/07\/logo211-sem-fundo_2012-PARA-BOUTIQUE-EBAY.png","width":300,"height":190,"caption":"SILENTBLOCKS"},"image":{"@id":"https:\/\/www.silentblocks.com\/es\/#\/schema\/logo\/image\/"}}]}},"_links":{"self":[{"href":"https:\/\/www.silentblocks.com\/es\/wp-json\/wp\/v2\/product\/107396","targetHints":{"allow":["GET"]}}],"collection":[{"href":"https:\/\/www.silentblocks.com\/es\/wp-json\/wp\/v2\/product"}],"about":[{"href":"https:\/\/www.silentblocks.com\/es\/wp-json\/wp\/v2\/types\/product"}],"version-history":[{"count":0,"href":"https:\/\/www.silentblocks.com\/es\/wp-json\/wp\/v2\/product\/107396\/revisions"}],"wp:featuredmedia":[{"embeddable":true,"href":"https:\/\/www.silentblocks.com\/es\/wp-json\/wp\/v2\/media\/107372"}],"wp:attachment":[{"href":"https:\/\/www.silentblocks.com\/es\/wp-json\/wp\/v2\/media?parent=107396"}],"wp:term":[{"taxonomy":"product_brand","embeddable":true,"href":"https:\/\/www.silentblocks.com\/es\/wp-json\/wp\/v2\/product_brand?post=107396"},{"taxonomy":"product_cat","embeddable":true,"href":"https:\/\/www.silentblocks.com\/es\/wp-json\/wp\/v2\/product_cat?post=107396"},{"taxonomy":"product_tag","embeddable":true,"href":"https:\/\/www.silentblocks.com\/es\/wp-json\/wp\/v2\/product_tag?post=107396"}],"curies":[{"name":"wp","href":"https:\/\/api.w.org\/{rel}","templated":true}]}}