{"id":107451,"date":"2025-10-11T10:19:23","date_gmt":"2025-10-11T10:19:23","guid":{"rendered":"https:\/\/www.silentblocks.com\/product\/casquillos-de-direccion-para-vectra-b-copie\/"},"modified":"2026-02-17T22:24:12","modified_gmt":"2026-02-17T22:24:12","slug":"casquillos-de-direccion-para-vectra-b-copie","status":"publish","type":"product","link":"https:\/\/www.silentblocks.com\/es\/producto\/casquillos-de-direccion-para-vectra-b-copie\/","title":{"rendered":"Bujes de cremallera de direcci\u00f3n, Vectra B"},"content":{"rendered":"<p>Anillos de poliuretano para cremallera de direcci\u00f3n, compatibles con los siguientes veh\u00edculos:<br \/>\nOpel Vectra (09.1995-07.2003)<br \/>\nModelo: B<br \/>\nMotores: 1.6&gt;2.6<\/p>\n<p>Dureza: 90Sha<\/p>\n<p>Referencias del fabricante (c\u00f3digo OEM) s\u00f3lo a t\u00edtulo informativo :<br \/>\n90495815, 09 02 767, 09 02 766, 902766<\/p>\n<p>Piezas nuevas, se vende con factura. Todos nuestros productos tienen 2 a\u00f1os de garant\u00eda.<\/p>\n","protected":false},"excerpt":{"rendered":"<p>Anillos de poliuretano para cremallera de direcci\u00f3n, compatibles con los siguientes veh\u00edculos: Opel Vectra (09.1995-07.2003) Modelo: B Motores: 1.6&gt;2.6 Dureza: 90Sha Referencias del fabricante (c\u00f3digo OEM) s\u00f3lo a t\u00edtulo informativo : 90495815, 09 02 767, 09 02 766, 902766 Piezas nuevas, se vende con factura. Todos nuestros productos tienen 2 a\u00f1os de garant\u00eda.<\/p>\n","protected":false},"featured_media":107435,"template":"","meta":[],"product_brand":[],"product_cat":[940,1729,3851,1366],"product_tag":[],"class_list":{"0":"post-107451","1":"product","2":"type-product","3":"status-publish","4":"has-post-thumbnail","6":"product_cat-opel","7":"product_cat-vectra","8":"product_cat-vectra-es","9":"product_cat-vectra-b","11":"first","12":"instock","13":"shipping-taxable","14":"purchasable","15":"product-type-simple"},"yoast_head":"<!-- This site is optimized with the Yoast SEO Premium plugin v23.0 (Yoast SEO v27.4) - https:\/\/yoast.com\/product\/yoast-seo-premium-wordpress\/ -->\n<title>Bujes de cremallera de direcci\u00f3n, Vectra B - SILENT BLOCKS<\/title>\n<meta name=\"description\" content=\"Bujes de cremallera de direcci\u00f3n de poliuretano para Opel Vectra B, compatibles OEM 90495815, 09 02 767, 09 02 766, 902766\" \/>\n<meta name=\"robots\" content=\"index, follow, max-snippet:-1, max-image-preview:large, max-video-preview:-1\" \/>\n<link rel=\"canonical\" href=\"https:\/\/www.silentblocks.com\/es\/producto\/casquillos-de-direccion-para-vectra-b-copie\/\" \/>\n<meta property=\"og:locale\" content=\"es_ES\" \/>\n<meta property=\"og:type\" content=\"article\" \/>\n<meta property=\"og:title\" content=\"Bujes de cremallera de direcci\u00f3n, Vectra B\" \/>\n<meta property=\"og:description\" content=\"Bujes de cremallera de direcci\u00f3n de poliuretano para Opel Vectra B, compatibles OEM 90495815, 09 02 767, 09 02 766, 902766\" \/>\n<meta property=\"og:url\" content=\"https:\/\/www.silentblocks.com\/es\/producto\/casquillos-de-direccion-para-vectra-b-copie\/\" \/>\n<meta property=\"og:site_name\" content=\"SILENT BLOCKS\" \/>\n<meta property=\"article:modified_time\" content=\"2026-02-17T22:24:12+00:00\" \/>\n<meta property=\"og:image\" content=\"https:\/\/www.silentblocks.com\/wp-content\/uploads\/2026\/02\/silentblocs-cremaillere-direction-Vectra-B-902766.jpg\" \/>\n\t<meta property=\"og:image:width\" content=\"1000\" \/>\n\t<meta property=\"og:image:height\" content=\"1000\" \/>\n\t<meta property=\"og:image:type\" content=\"image\/jpeg\" \/>\n<meta name=\"twitter:card\" content=\"summary_large_image\" \/>\n<script type=\"application\/ld+json\" class=\"yoast-schema-graph\">{\"@context\":\"https:\\\/\\\/schema.org\",\"@graph\":[{\"@type\":\"WebPage\",\"@id\":\"https:\\\/\\\/www.silentblocks.com\\\/es\\\/producto\\\/casquillos-de-direccion-para-vectra-b-copie\\\/\",\"url\":\"https:\\\/\\\/www.silentblocks.com\\\/es\\\/producto\\\/casquillos-de-direccion-para-vectra-b-copie\\\/\",\"name\":\"Bujes de cremallera de direcci\u00f3n, Vectra B - SILENT BLOCKS\",\"isPartOf\":{\"@id\":\"https:\\\/\\\/www.silentblocks.com\\\/es\\\/#website\"},\"primaryImageOfPage\":{\"@id\":\"https:\\\/\\\/www.silentblocks.com\\\/es\\\/producto\\\/casquillos-de-direccion-para-vectra-b-copie\\\/#primaryimage\"},\"image\":{\"@id\":\"https:\\\/\\\/www.silentblocks.com\\\/es\\\/producto\\\/casquillos-de-direccion-para-vectra-b-copie\\\/#primaryimage\"},\"thumbnailUrl\":\"https:\\\/\\\/www.silentblocks.com\\\/wp-content\\\/uploads\\\/2026\\\/02\\\/silentblocs-cremaillere-direction-Vectra-B-902766.jpg\",\"datePublished\":\"2025-10-11T10:19:23+00:00\",\"dateModified\":\"2026-02-17T22:24:12+00:00\",\"description\":\"Bujes de cremallera de direcci\u00f3n de poliuretano para Opel Vectra B, compatibles OEM 90495815, 09 02 767, 09 02 766, 902766\",\"breadcrumb\":{\"@id\":\"https:\\\/\\\/www.silentblocks.com\\\/es\\\/producto\\\/casquillos-de-direccion-para-vectra-b-copie\\\/#breadcrumb\"},\"inLanguage\":\"es\",\"potentialAction\":[{\"@type\":\"ReadAction\",\"target\":[\"https:\\\/\\\/www.silentblocks.com\\\/es\\\/producto\\\/casquillos-de-direccion-para-vectra-b-copie\\\/\"]}]},{\"@type\":\"ImageObject\",\"inLanguage\":\"es\",\"@id\":\"https:\\\/\\\/www.silentblocks.com\\\/es\\\/producto\\\/casquillos-de-direccion-para-vectra-b-copie\\\/#primaryimage\",\"url\":\"https:\\\/\\\/www.silentblocks.com\\\/wp-content\\\/uploads\\\/2026\\\/02\\\/silentblocs-cremaillere-direction-Vectra-B-902766.jpg\",\"contentUrl\":\"https:\\\/\\\/www.silentblocks.com\\\/wp-content\\\/uploads\\\/2026\\\/02\\\/silentblocs-cremaillere-direction-Vectra-B-902766.jpg\",\"width\":1000,\"height\":1000},{\"@type\":\"BreadcrumbList\",\"@id\":\"https:\\\/\\\/www.silentblocks.com\\\/es\\\/producto\\\/casquillos-de-direccion-para-vectra-b-copie\\\/#breadcrumb\",\"itemListElement\":[{\"@type\":\"ListItem\",\"position\":1,\"name\":\"In\u00edcio\",\"item\":\"https:\\\/\\\/www.silentblocks.com\\\/es\\\/\"},{\"@type\":\"ListItem\",\"position\":2,\"name\":\"Page boutique\",\"item\":\"https:\\\/\\\/www.silentblocks.com\\\/es\\\/shop-2\\\/\"},{\"@type\":\"ListItem\",\"position\":3,\"name\":\"Bujes de cremallera de direcci\u00f3n, Vectra B\"}]},{\"@type\":\"WebSite\",\"@id\":\"https:\\\/\\\/www.silentblocks.com\\\/es\\\/#website\",\"url\":\"https:\\\/\\\/www.silentblocks.com\\\/es\\\/\",\"name\":\"SILENTBLOCKS\",\"description\":\"Secure on the road\",\"publisher\":{\"@id\":\"https:\\\/\\\/www.silentblocks.com\\\/es\\\/#organization\"},\"potentialAction\":[{\"@type\":\"SearchAction\",\"target\":{\"@type\":\"EntryPoint\",\"urlTemplate\":\"https:\\\/\\\/www.silentblocks.com\\\/es\\\/?s={search_term_string}\"},\"query-input\":{\"@type\":\"PropertyValueSpecification\",\"valueRequired\":true,\"valueName\":\"search_term_string\"}}],\"inLanguage\":\"es\"},{\"@type\":\"Organization\",\"@id\":\"https:\\\/\\\/www.silentblocks.com\\\/es\\\/#organization\",\"name\":\"SILENTBLOCKS\",\"url\":\"https:\\\/\\\/www.silentblocks.com\\\/es\\\/\",\"logo\":{\"@type\":\"ImageObject\",\"inLanguage\":\"es\",\"@id\":\"https:\\\/\\\/www.silentblocks.com\\\/es\\\/#\\\/schema\\\/logo\\\/image\\\/\",\"url\":\"https:\\\/\\\/www.silentblocks.com\\\/wp-content\\\/uploads\\\/2023\\\/07\\\/logo211-sem-fundo_2012-PARA-BOUTIQUE-EBAY.png\",\"contentUrl\":\"https:\\\/\\\/www.silentblocks.com\\\/wp-content\\\/uploads\\\/2023\\\/07\\\/logo211-sem-fundo_2012-PARA-BOUTIQUE-EBAY.png\",\"width\":300,\"height\":190,\"caption\":\"SILENTBLOCKS\"},\"image\":{\"@id\":\"https:\\\/\\\/www.silentblocks.com\\\/es\\\/#\\\/schema\\\/logo\\\/image\\\/\"}}]}<\/script>\n<!-- \/ Yoast SEO Premium plugin. -->","yoast_head_json":{"title":"Bujes de cremallera de direcci\u00f3n, Vectra B - SILENT BLOCKS","description":"Bujes de cremallera de direcci\u00f3n de poliuretano para Opel Vectra B, compatibles OEM 90495815, 09 02 767, 09 02 766, 902766","robots":{"index":"index","follow":"follow","max-snippet":"max-snippet:-1","max-image-preview":"max-image-preview:large","max-video-preview":"max-video-preview:-1"},"canonical":"https:\/\/www.silentblocks.com\/es\/producto\/casquillos-de-direccion-para-vectra-b-copie\/","og_locale":"es_ES","og_type":"article","og_title":"Bujes de cremallera de direcci\u00f3n, Vectra B","og_description":"Bujes de cremallera de direcci\u00f3n de poliuretano para Opel Vectra B, compatibles OEM 90495815, 09 02 767, 09 02 766, 902766","og_url":"https:\/\/www.silentblocks.com\/es\/producto\/casquillos-de-direccion-para-vectra-b-copie\/","og_site_name":"SILENT BLOCKS","article_modified_time":"2026-02-17T22:24:12+00:00","og_image":[{"width":1000,"height":1000,"url":"https:\/\/www.silentblocks.com\/wp-content\/uploads\/2026\/02\/silentblocs-cremaillere-direction-Vectra-B-902766.jpg","type":"image\/jpeg"}],"twitter_card":"summary_large_image","schema":{"@context":"https:\/\/schema.org","@graph":[{"@type":"WebPage","@id":"https:\/\/www.silentblocks.com\/es\/producto\/casquillos-de-direccion-para-vectra-b-copie\/","url":"https:\/\/www.silentblocks.com\/es\/producto\/casquillos-de-direccion-para-vectra-b-copie\/","name":"Bujes de cremallera de direcci\u00f3n, Vectra B - SILENT BLOCKS","isPartOf":{"@id":"https:\/\/www.silentblocks.com\/es\/#website"},"primaryImageOfPage":{"@id":"https:\/\/www.silentblocks.com\/es\/producto\/casquillos-de-direccion-para-vectra-b-copie\/#primaryimage"},"image":{"@id":"https:\/\/www.silentblocks.com\/es\/producto\/casquillos-de-direccion-para-vectra-b-copie\/#primaryimage"},"thumbnailUrl":"https:\/\/www.silentblocks.com\/wp-content\/uploads\/2026\/02\/silentblocs-cremaillere-direction-Vectra-B-902766.jpg","datePublished":"2025-10-11T10:19:23+00:00","dateModified":"2026-02-17T22:24:12+00:00","description":"Bujes de cremallera de direcci\u00f3n de poliuretano para Opel Vectra B, compatibles OEM 90495815, 09 02 767, 09 02 766, 902766","breadcrumb":{"@id":"https:\/\/www.silentblocks.com\/es\/producto\/casquillos-de-direccion-para-vectra-b-copie\/#breadcrumb"},"inLanguage":"es","potentialAction":[{"@type":"ReadAction","target":["https:\/\/www.silentblocks.com\/es\/producto\/casquillos-de-direccion-para-vectra-b-copie\/"]}]},{"@type":"ImageObject","inLanguage":"es","@id":"https:\/\/www.silentblocks.com\/es\/producto\/casquillos-de-direccion-para-vectra-b-copie\/#primaryimage","url":"https:\/\/www.silentblocks.com\/wp-content\/uploads\/2026\/02\/silentblocs-cremaillere-direction-Vectra-B-902766.jpg","contentUrl":"https:\/\/www.silentblocks.com\/wp-content\/uploads\/2026\/02\/silentblocs-cremaillere-direction-Vectra-B-902766.jpg","width":1000,"height":1000},{"@type":"BreadcrumbList","@id":"https:\/\/www.silentblocks.com\/es\/producto\/casquillos-de-direccion-para-vectra-b-copie\/#breadcrumb","itemListElement":[{"@type":"ListItem","position":1,"name":"In\u00edcio","item":"https:\/\/www.silentblocks.com\/es\/"},{"@type":"ListItem","position":2,"name":"Page boutique","item":"https:\/\/www.silentblocks.com\/es\/shop-2\/"},{"@type":"ListItem","position":3,"name":"Bujes de cremallera de direcci\u00f3n, Vectra B"}]},{"@type":"WebSite","@id":"https:\/\/www.silentblocks.com\/es\/#website","url":"https:\/\/www.silentblocks.com\/es\/","name":"SILENTBLOCKS","description":"Secure on the road","publisher":{"@id":"https:\/\/www.silentblocks.com\/es\/#organization"},"potentialAction":[{"@type":"SearchAction","target":{"@type":"EntryPoint","urlTemplate":"https:\/\/www.silentblocks.com\/es\/?s={search_term_string}"},"query-input":{"@type":"PropertyValueSpecification","valueRequired":true,"valueName":"search_term_string"}}],"inLanguage":"es"},{"@type":"Organization","@id":"https:\/\/www.silentblocks.com\/es\/#organization","name":"SILENTBLOCKS","url":"https:\/\/www.silentblocks.com\/es\/","logo":{"@type":"ImageObject","inLanguage":"es","@id":"https:\/\/www.silentblocks.com\/es\/#\/schema\/logo\/image\/","url":"https:\/\/www.silentblocks.com\/wp-content\/uploads\/2023\/07\/logo211-sem-fundo_2012-PARA-BOUTIQUE-EBAY.png","contentUrl":"https:\/\/www.silentblocks.com\/wp-content\/uploads\/2023\/07\/logo211-sem-fundo_2012-PARA-BOUTIQUE-EBAY.png","width":300,"height":190,"caption":"SILENTBLOCKS"},"image":{"@id":"https:\/\/www.silentblocks.com\/es\/#\/schema\/logo\/image\/"}}]}},"_links":{"self":[{"href":"https:\/\/www.silentblocks.com\/es\/wp-json\/wp\/v2\/product\/107451","targetHints":{"allow":["GET"]}}],"collection":[{"href":"https:\/\/www.silentblocks.com\/es\/wp-json\/wp\/v2\/product"}],"about":[{"href":"https:\/\/www.silentblocks.com\/es\/wp-json\/wp\/v2\/types\/product"}],"version-history":[{"count":0,"href":"https:\/\/www.silentblocks.com\/es\/wp-json\/wp\/v2\/product\/107451\/revisions"}],"wp:featuredmedia":[{"embeddable":true,"href":"https:\/\/www.silentblocks.com\/es\/wp-json\/wp\/v2\/media\/107435"}],"wp:attachment":[{"href":"https:\/\/www.silentblocks.com\/es\/wp-json\/wp\/v2\/media?parent=107451"}],"wp:term":[{"taxonomy":"product_brand","embeddable":true,"href":"https:\/\/www.silentblocks.com\/es\/wp-json\/wp\/v2\/product_brand?post=107451"},{"taxonomy":"product_cat","embeddable":true,"href":"https:\/\/www.silentblocks.com\/es\/wp-json\/wp\/v2\/product_cat?post=107451"},{"taxonomy":"product_tag","embeddable":true,"href":"https:\/\/www.silentblocks.com\/es\/wp-json\/wp\/v2\/product_tag?post=107451"}],"curies":[{"name":"wp","href":"https:\/\/api.w.org\/{rel}","templated":true}]}}