{"id":107769,"date":"2025-10-14T20:05:56","date_gmt":"2025-10-14T20:05:56","guid":{"rendered":"https:\/\/www.silentblocks.com\/product\/bujes-para-barra-estabilizadora-delantera-c-crosser-c4-aircross-asx-lancer-viii-outlander-4007-4008\/"},"modified":"2026-02-17T22:24:59","modified_gmt":"2026-02-17T22:24:59","slug":"bujes-para-barra-estabilizadora-delantera-c-crosser-c4-aircross-asx-lancer-viii-outlander-4007-4008","status":"publish","type":"product","link":"https:\/\/www.silentblocks.com\/es\/producto\/bujes-para-barra-estabilizadora-delantera-c-crosser-c4-aircross-asx-lancer-viii-outlander-4007-4008\/","title":{"rendered":"Bujes para barra estabilizadora delantera, C-Crosser, C4 Aircross, ASX, Lancer VIII, Outlander, 4007, 4008"},"content":{"rendered":"<p>Kit de 2 silentblocs para barra estabilizadora delantera, compatible con los siguientes veh\u00edculos:<br \/>\nCitroen C-Crosser (VU_, VV_)<br \/>\nCitroen C-Crosser Enterprise (VU_, VV_)<br \/>\nCitroen C-Crosser Furgoneta (LCV_)<br \/>\nCitro\u00ebn C4 Aircross<\/p>\n<p>Mitsubishi ASX (GA_W_)<br \/>\nMitsubishi ASX Furgoneta (GA_W_)<br \/>\nMitsubishi Lancer VIII (CY_A, CZ_A)<br \/>\nMitsubishi Lancer VIII Sportback (CX_A)<br \/>\nMitsubishi Outlander II (CW_W)<br \/>\nMitsubishi Outlander II Furgoneta (CW_W)<br \/>\nMitsubishi Outlander III (GG_W, GF_W, ZJ, ZL, ZK)<br \/>\nMitsubishi Outlander III Furgoneta (GF_W, GG_W)<\/p>\n<p>Peugeot 4007 (VU_, VV_)<br \/>\nPeugeot 4007 Furgoneta (VU_, VV_)<br \/>\nPeugeot 4008<\/p>\n<p>Di\u00e1metro interior: \u00d822mm<\/p>\n<p>Referencias del fabricante (c\u00f3digo OEM) s\u00f3lo a t\u00edtulo informativo :<br \/>\n5094 C6, 4056A079<\/p>\n<p>Piezas nuevas, se vende con factura. Todos nuestros productos tienen 2 a\u00f1os de garant\u00eda.<\/p>\n","protected":false},"excerpt":{"rendered":"<p>Kit de 2 silentblocs para barra estabilizadora delantera, compatible con los siguientes veh\u00edculos: Citroen C-Crosser (VU_, VV_) Citroen C-Crosser Enterprise (VU_, VV_) Citroen C-Crosser Furgoneta (LCV_) Citro\u00ebn C4 Aircross Mitsubishi ASX (GA_W_) Mitsubishi ASX Furgoneta (GA_W_) Mitsubishi Lancer VIII (CY_A, CZ_A) Mitsubishi Lancer VIII Sportback (CX_A) Mitsubishi Outlander II (CW_W) Mitsubishi Outlander II Furgoneta (CW_W) [&hellip;]<\/p>\n","protected":false},"featured_media":107733,"template":"","meta":[],"product_brand":[],"product_cat":[939,1054,1048,943,6000,6002,4304,4183,4187,931,1397],"product_tag":[],"class_list":{"0":"post-107769","1":"product","2":"type-product","3":"status-publish","4":"has-post-thumbnail","6":"product_cat-citroen","7":"product_cat-c-crosser","8":"product_cat-c4","9":"product_cat-mitsubishi","10":"product_cat-asx","11":"product_cat-asx-es","12":"product_cat-lancer-evo-vii-viii-ix","13":"product_cat-outlander-ii","14":"product_cat-outlander-iii","15":"product_cat-peugeot","16":"product_cat-1397","18":"first","19":"instock","20":"shipping-taxable","21":"purchasable","22":"product-type-simple"},"yoast_head":"<!-- This site is optimized with the Yoast SEO Premium plugin v23.0 (Yoast SEO v27.4) - https:\/\/yoast.com\/product\/yoast-seo-premium-wordpress\/ -->\n<title>Bujes para barra estabilizadora delantera, C-Crosser, C4 Aircross, ASX, Lancer VIII, Outlander, 4007, 4008 - SILENT BLOCKS<\/title>\n<meta name=\"description\" content=\"Bujes de la barra estabilizadora delantera para Citroen C-Crosser, C4 Aircross, Mitsubishi ASX, Lancer VIII, Outlander, Peugeot 4007, 4008, oem 5094 C6, 4056A079\" \/>\n<meta name=\"robots\" content=\"index, follow, max-snippet:-1, max-image-preview:large, max-video-preview:-1\" \/>\n<link rel=\"canonical\" href=\"https:\/\/www.silentblocks.com\/es\/producto\/bujes-para-barra-estabilizadora-delantera-c-crosser-c4-aircross-asx-lancer-viii-outlander-4007-4008\/\" \/>\n<meta property=\"og:locale\" content=\"es_ES\" \/>\n<meta property=\"og:type\" content=\"article\" \/>\n<meta property=\"og:title\" content=\"Bujes para barra estabilizadora delantera, C-Crosser, C4 Aircross, ASX, Lancer VIII, Outlander, 4007, 4008\" \/>\n<meta property=\"og:description\" content=\"Bujes de la barra estabilizadora delantera para Citroen C-Crosser, C4 Aircross, Mitsubishi ASX, Lancer VIII, Outlander, Peugeot 4007, 4008, oem 5094 C6, 4056A079\" \/>\n<meta property=\"og:url\" content=\"https:\/\/www.silentblocks.com\/es\/producto\/bujes-para-barra-estabilizadora-delantera-c-crosser-c4-aircross-asx-lancer-viii-outlander-4007-4008\/\" \/>\n<meta property=\"og:site_name\" content=\"SILENT BLOCKS\" \/>\n<meta property=\"article:modified_time\" content=\"2026-02-17T22:24:59+00:00\" \/>\n<meta property=\"og:image\" content=\"https:\/\/www.silentblocks.com\/wp-content\/uploads\/2026\/02\/silentblocs-barre-stabilisatrice-avant-Peugeot-4007-4008-1.jpg\" \/>\n\t<meta property=\"og:image:width\" content=\"1024\" \/>\n\t<meta property=\"og:image:height\" content=\"1024\" \/>\n\t<meta property=\"og:image:type\" content=\"image\/jpeg\" \/>\n<meta name=\"twitter:card\" content=\"summary_large_image\" \/>\n<meta name=\"twitter:label1\" content=\"Tiempo de lectura\" \/>\n\t<meta name=\"twitter:data1\" content=\"1 minuto\" \/>\n<script type=\"application\/ld+json\" class=\"yoast-schema-graph\">{\"@context\":\"https:\\\/\\\/schema.org\",\"@graph\":[{\"@type\":\"WebPage\",\"@id\":\"https:\\\/\\\/www.silentblocks.com\\\/es\\\/producto\\\/bujes-para-barra-estabilizadora-delantera-c-crosser-c4-aircross-asx-lancer-viii-outlander-4007-4008\\\/\",\"url\":\"https:\\\/\\\/www.silentblocks.com\\\/es\\\/producto\\\/bujes-para-barra-estabilizadora-delantera-c-crosser-c4-aircross-asx-lancer-viii-outlander-4007-4008\\\/\",\"name\":\"Bujes para barra estabilizadora delantera, C-Crosser, C4 Aircross, ASX, Lancer VIII, Outlander, 4007, 4008 - SILENT BLOCKS\",\"isPartOf\":{\"@id\":\"https:\\\/\\\/www.silentblocks.com\\\/es\\\/#website\"},\"primaryImageOfPage\":{\"@id\":\"https:\\\/\\\/www.silentblocks.com\\\/es\\\/producto\\\/bujes-para-barra-estabilizadora-delantera-c-crosser-c4-aircross-asx-lancer-viii-outlander-4007-4008\\\/#primaryimage\"},\"image\":{\"@id\":\"https:\\\/\\\/www.silentblocks.com\\\/es\\\/producto\\\/bujes-para-barra-estabilizadora-delantera-c-crosser-c4-aircross-asx-lancer-viii-outlander-4007-4008\\\/#primaryimage\"},\"thumbnailUrl\":\"https:\\\/\\\/www.silentblocks.com\\\/wp-content\\\/uploads\\\/2026\\\/02\\\/silentblocs-barre-stabilisatrice-avant-Peugeot-4007-4008-1.jpg\",\"datePublished\":\"2025-10-14T20:05:56+00:00\",\"dateModified\":\"2026-02-17T22:24:59+00:00\",\"description\":\"Bujes de la barra estabilizadora delantera para Citroen C-Crosser, C4 Aircross, Mitsubishi ASX, Lancer VIII, Outlander, Peugeot 4007, 4008, oem 5094 C6, 4056A079\",\"breadcrumb\":{\"@id\":\"https:\\\/\\\/www.silentblocks.com\\\/es\\\/producto\\\/bujes-para-barra-estabilizadora-delantera-c-crosser-c4-aircross-asx-lancer-viii-outlander-4007-4008\\\/#breadcrumb\"},\"inLanguage\":\"es\",\"potentialAction\":[{\"@type\":\"ReadAction\",\"target\":[\"https:\\\/\\\/www.silentblocks.com\\\/es\\\/producto\\\/bujes-para-barra-estabilizadora-delantera-c-crosser-c4-aircross-asx-lancer-viii-outlander-4007-4008\\\/\"]}]},{\"@type\":\"ImageObject\",\"inLanguage\":\"es\",\"@id\":\"https:\\\/\\\/www.silentblocks.com\\\/es\\\/producto\\\/bujes-para-barra-estabilizadora-delantera-c-crosser-c4-aircross-asx-lancer-viii-outlander-4007-4008\\\/#primaryimage\",\"url\":\"https:\\\/\\\/www.silentblocks.com\\\/wp-content\\\/uploads\\\/2026\\\/02\\\/silentblocs-barre-stabilisatrice-avant-Peugeot-4007-4008-1.jpg\",\"contentUrl\":\"https:\\\/\\\/www.silentblocks.com\\\/wp-content\\\/uploads\\\/2026\\\/02\\\/silentblocs-barre-stabilisatrice-avant-Peugeot-4007-4008-1.jpg\",\"width\":1024,\"height\":1024},{\"@type\":\"BreadcrumbList\",\"@id\":\"https:\\\/\\\/www.silentblocks.com\\\/es\\\/producto\\\/bujes-para-barra-estabilizadora-delantera-c-crosser-c4-aircross-asx-lancer-viii-outlander-4007-4008\\\/#breadcrumb\",\"itemListElement\":[{\"@type\":\"ListItem\",\"position\":1,\"name\":\"In\u00edcio\",\"item\":\"https:\\\/\\\/www.silentblocks.com\\\/es\\\/\"},{\"@type\":\"ListItem\",\"position\":2,\"name\":\"Page boutique\",\"item\":\"https:\\\/\\\/www.silentblocks.com\\\/es\\\/shop-2\\\/\"},{\"@type\":\"ListItem\",\"position\":3,\"name\":\"Bujes para barra estabilizadora delantera, C-Crosser, C4 Aircross, ASX, Lancer VIII, Outlander, 4007, 4008\"}]},{\"@type\":\"WebSite\",\"@id\":\"https:\\\/\\\/www.silentblocks.com\\\/es\\\/#website\",\"url\":\"https:\\\/\\\/www.silentblocks.com\\\/es\\\/\",\"name\":\"SILENTBLOCKS\",\"description\":\"Secure on the road\",\"publisher\":{\"@id\":\"https:\\\/\\\/www.silentblocks.com\\\/es\\\/#organization\"},\"potentialAction\":[{\"@type\":\"SearchAction\",\"target\":{\"@type\":\"EntryPoint\",\"urlTemplate\":\"https:\\\/\\\/www.silentblocks.com\\\/es\\\/?s={search_term_string}\"},\"query-input\":{\"@type\":\"PropertyValueSpecification\",\"valueRequired\":true,\"valueName\":\"search_term_string\"}}],\"inLanguage\":\"es\"},{\"@type\":\"Organization\",\"@id\":\"https:\\\/\\\/www.silentblocks.com\\\/es\\\/#organization\",\"name\":\"SILENTBLOCKS\",\"url\":\"https:\\\/\\\/www.silentblocks.com\\\/es\\\/\",\"logo\":{\"@type\":\"ImageObject\",\"inLanguage\":\"es\",\"@id\":\"https:\\\/\\\/www.silentblocks.com\\\/es\\\/#\\\/schema\\\/logo\\\/image\\\/\",\"url\":\"https:\\\/\\\/www.silentblocks.com\\\/wp-content\\\/uploads\\\/2023\\\/07\\\/logo211-sem-fundo_2012-PARA-BOUTIQUE-EBAY.png\",\"contentUrl\":\"https:\\\/\\\/www.silentblocks.com\\\/wp-content\\\/uploads\\\/2023\\\/07\\\/logo211-sem-fundo_2012-PARA-BOUTIQUE-EBAY.png\",\"width\":300,\"height\":190,\"caption\":\"SILENTBLOCKS\"},\"image\":{\"@id\":\"https:\\\/\\\/www.silentblocks.com\\\/es\\\/#\\\/schema\\\/logo\\\/image\\\/\"}}]}<\/script>\n<!-- \/ Yoast SEO Premium plugin. -->","yoast_head_json":{"title":"Bujes para barra estabilizadora delantera, C-Crosser, C4 Aircross, ASX, Lancer VIII, Outlander, 4007, 4008 - SILENT BLOCKS","description":"Bujes de la barra estabilizadora delantera para Citroen C-Crosser, C4 Aircross, Mitsubishi ASX, Lancer VIII, Outlander, Peugeot 4007, 4008, oem 5094 C6, 4056A079","robots":{"index":"index","follow":"follow","max-snippet":"max-snippet:-1","max-image-preview":"max-image-preview:large","max-video-preview":"max-video-preview:-1"},"canonical":"https:\/\/www.silentblocks.com\/es\/producto\/bujes-para-barra-estabilizadora-delantera-c-crosser-c4-aircross-asx-lancer-viii-outlander-4007-4008\/","og_locale":"es_ES","og_type":"article","og_title":"Bujes para barra estabilizadora delantera, C-Crosser, C4 Aircross, ASX, Lancer VIII, Outlander, 4007, 4008","og_description":"Bujes de la barra estabilizadora delantera para Citroen C-Crosser, C4 Aircross, Mitsubishi ASX, Lancer VIII, Outlander, Peugeot 4007, 4008, oem 5094 C6, 4056A079","og_url":"https:\/\/www.silentblocks.com\/es\/producto\/bujes-para-barra-estabilizadora-delantera-c-crosser-c4-aircross-asx-lancer-viii-outlander-4007-4008\/","og_site_name":"SILENT BLOCKS","article_modified_time":"2026-02-17T22:24:59+00:00","og_image":[{"width":1024,"height":1024,"url":"https:\/\/www.silentblocks.com\/wp-content\/uploads\/2026\/02\/silentblocs-barre-stabilisatrice-avant-Peugeot-4007-4008-1.jpg","type":"image\/jpeg"}],"twitter_card":"summary_large_image","twitter_misc":{"Tiempo de lectura":"1 minuto"},"schema":{"@context":"https:\/\/schema.org","@graph":[{"@type":"WebPage","@id":"https:\/\/www.silentblocks.com\/es\/producto\/bujes-para-barra-estabilizadora-delantera-c-crosser-c4-aircross-asx-lancer-viii-outlander-4007-4008\/","url":"https:\/\/www.silentblocks.com\/es\/producto\/bujes-para-barra-estabilizadora-delantera-c-crosser-c4-aircross-asx-lancer-viii-outlander-4007-4008\/","name":"Bujes para barra estabilizadora delantera, C-Crosser, C4 Aircross, ASX, Lancer VIII, Outlander, 4007, 4008 - SILENT BLOCKS","isPartOf":{"@id":"https:\/\/www.silentblocks.com\/es\/#website"},"primaryImageOfPage":{"@id":"https:\/\/www.silentblocks.com\/es\/producto\/bujes-para-barra-estabilizadora-delantera-c-crosser-c4-aircross-asx-lancer-viii-outlander-4007-4008\/#primaryimage"},"image":{"@id":"https:\/\/www.silentblocks.com\/es\/producto\/bujes-para-barra-estabilizadora-delantera-c-crosser-c4-aircross-asx-lancer-viii-outlander-4007-4008\/#primaryimage"},"thumbnailUrl":"https:\/\/www.silentblocks.com\/wp-content\/uploads\/2026\/02\/silentblocs-barre-stabilisatrice-avant-Peugeot-4007-4008-1.jpg","datePublished":"2025-10-14T20:05:56+00:00","dateModified":"2026-02-17T22:24:59+00:00","description":"Bujes de la barra estabilizadora delantera para Citroen C-Crosser, C4 Aircross, Mitsubishi ASX, Lancer VIII, Outlander, Peugeot 4007, 4008, oem 5094 C6, 4056A079","breadcrumb":{"@id":"https:\/\/www.silentblocks.com\/es\/producto\/bujes-para-barra-estabilizadora-delantera-c-crosser-c4-aircross-asx-lancer-viii-outlander-4007-4008\/#breadcrumb"},"inLanguage":"es","potentialAction":[{"@type":"ReadAction","target":["https:\/\/www.silentblocks.com\/es\/producto\/bujes-para-barra-estabilizadora-delantera-c-crosser-c4-aircross-asx-lancer-viii-outlander-4007-4008\/"]}]},{"@type":"ImageObject","inLanguage":"es","@id":"https:\/\/www.silentblocks.com\/es\/producto\/bujes-para-barra-estabilizadora-delantera-c-crosser-c4-aircross-asx-lancer-viii-outlander-4007-4008\/#primaryimage","url":"https:\/\/www.silentblocks.com\/wp-content\/uploads\/2026\/02\/silentblocs-barre-stabilisatrice-avant-Peugeot-4007-4008-1.jpg","contentUrl":"https:\/\/www.silentblocks.com\/wp-content\/uploads\/2026\/02\/silentblocs-barre-stabilisatrice-avant-Peugeot-4007-4008-1.jpg","width":1024,"height":1024},{"@type":"BreadcrumbList","@id":"https:\/\/www.silentblocks.com\/es\/producto\/bujes-para-barra-estabilizadora-delantera-c-crosser-c4-aircross-asx-lancer-viii-outlander-4007-4008\/#breadcrumb","itemListElement":[{"@type":"ListItem","position":1,"name":"In\u00edcio","item":"https:\/\/www.silentblocks.com\/es\/"},{"@type":"ListItem","position":2,"name":"Page boutique","item":"https:\/\/www.silentblocks.com\/es\/shop-2\/"},{"@type":"ListItem","position":3,"name":"Bujes para barra estabilizadora delantera, C-Crosser, C4 Aircross, ASX, Lancer VIII, Outlander, 4007, 4008"}]},{"@type":"WebSite","@id":"https:\/\/www.silentblocks.com\/es\/#website","url":"https:\/\/www.silentblocks.com\/es\/","name":"SILENTBLOCKS","description":"Secure on the road","publisher":{"@id":"https:\/\/www.silentblocks.com\/es\/#organization"},"potentialAction":[{"@type":"SearchAction","target":{"@type":"EntryPoint","urlTemplate":"https:\/\/www.silentblocks.com\/es\/?s={search_term_string}"},"query-input":{"@type":"PropertyValueSpecification","valueRequired":true,"valueName":"search_term_string"}}],"inLanguage":"es"},{"@type":"Organization","@id":"https:\/\/www.silentblocks.com\/es\/#organization","name":"SILENTBLOCKS","url":"https:\/\/www.silentblocks.com\/es\/","logo":{"@type":"ImageObject","inLanguage":"es","@id":"https:\/\/www.silentblocks.com\/es\/#\/schema\/logo\/image\/","url":"https:\/\/www.silentblocks.com\/wp-content\/uploads\/2023\/07\/logo211-sem-fundo_2012-PARA-BOUTIQUE-EBAY.png","contentUrl":"https:\/\/www.silentblocks.com\/wp-content\/uploads\/2023\/07\/logo211-sem-fundo_2012-PARA-BOUTIQUE-EBAY.png","width":300,"height":190,"caption":"SILENTBLOCKS"},"image":{"@id":"https:\/\/www.silentblocks.com\/es\/#\/schema\/logo\/image\/"}}]}},"_links":{"self":[{"href":"https:\/\/www.silentblocks.com\/es\/wp-json\/wp\/v2\/product\/107769","targetHints":{"allow":["GET"]}}],"collection":[{"href":"https:\/\/www.silentblocks.com\/es\/wp-json\/wp\/v2\/product"}],"about":[{"href":"https:\/\/www.silentblocks.com\/es\/wp-json\/wp\/v2\/types\/product"}],"version-history":[{"count":0,"href":"https:\/\/www.silentblocks.com\/es\/wp-json\/wp\/v2\/product\/107769\/revisions"}],"wp:featuredmedia":[{"embeddable":true,"href":"https:\/\/www.silentblocks.com\/es\/wp-json\/wp\/v2\/media\/107733"}],"wp:attachment":[{"href":"https:\/\/www.silentblocks.com\/es\/wp-json\/wp\/v2\/media?parent=107769"}],"wp:term":[{"taxonomy":"product_brand","embeddable":true,"href":"https:\/\/www.silentblocks.com\/es\/wp-json\/wp\/v2\/product_brand?post=107769"},{"taxonomy":"product_cat","embeddable":true,"href":"https:\/\/www.silentblocks.com\/es\/wp-json\/wp\/v2\/product_cat?post=107769"},{"taxonomy":"product_tag","embeddable":true,"href":"https:\/\/www.silentblocks.com\/es\/wp-json\/wp\/v2\/product_tag?post=107769"}],"curies":[{"name":"wp","href":"https:\/\/api.w.org\/{rel}","templated":true}]}}