{"id":108034,"date":"2025-10-18T10:07:40","date_gmt":"2025-10-18T10:07:40","guid":{"rendered":"https:\/\/www.silentblocks.com\/product\/silentblocks-para-soporte-diferencial-trasero-grancabrio-granturismo-quattroporte-copie\/"},"modified":"2026-02-17T22:25:38","modified_gmt":"2026-02-17T22:25:38","slug":"silentblocks-para-soporte-diferencial-trasero-grancabrio-granturismo-quattroporte-copie","status":"publish","type":"product","link":"https:\/\/www.silentblocks.com\/es\/producto\/silentblocks-para-soporte-diferencial-trasero-grancabrio-granturismo-quattroporte-copie\/","title":{"rendered":"Cuna trasera silentblocks, Grancabrio, Granturismo, Quattroporte"},"content":{"rendered":"<p>Kit de 4 silentblocks de poliuretano para la cuna trasera, compatible con los siguientes veh\u00edculos:<br \/>\nMaserati Grancabrio (2010-2019)<br \/>\nMaserati Granturismo (2007-2019)<br \/>\nMaserati Quattroporte V (2004-2012)<\/p>\n<p>Dureza: 80Sha<\/p>\n<p>Referencias del fabricante (c\u00f3digo OEM) s\u00f3lo a t\u00edtulo informativo :<br \/>\n980139810<\/p>\n<p>Piezas nuevas, se vende con factura. Todos nuestros productos tienen 2 a\u00f1os de garant\u00eda.<\/p>\n","protected":false},"excerpt":{"rendered":"<p>Kit de 4 silentblocks de poliuretano para la cuna trasera, compatible con los siguientes veh\u00edculos: Maserati Grancabrio (2010-2019) Maserati Granturismo (2007-2019) Maserati Quattroporte V (2004-2012) Dureza: 80Sha Referencias del fabricante (c\u00f3digo OEM) s\u00f3lo a t\u00edtulo informativo : 980139810 Piezas nuevas, se vende con factura. Todos nuestros productos tienen 2 a\u00f1os de garant\u00eda.<\/p>\n","protected":false},"featured_media":108020,"template":"","meta":[],"product_brand":[],"product_cat":[3981,3998,4008,3997,3994],"product_tag":[],"class_list":{"0":"post-108034","1":"product","2":"type-product","3":"status-publish","4":"has-post-thumbnail","6":"product_cat-maserati","7":"product_cat-grancabrio","8":"product_cat-grancabrio-es","9":"product_cat-granturismo","10":"product_cat-quattroporte-2","12":"first","13":"instock","14":"shipping-taxable","15":"purchasable","16":"product-type-simple"},"yoast_head":"<!-- This site is optimized with the Yoast SEO Premium plugin v23.0 (Yoast SEO v27.4) - https:\/\/yoast.com\/product\/yoast-seo-premium-wordpress\/ -->\n<title>Cuna trasera silentblocks, Grancabrio, Granturismo, Quattroporte - SILENT BLOCKS<\/title>\n<meta name=\"description\" content=\"Cuna trasera silentblocks para Maserati Grancabrio, Granturismo, Quattroporte, compatible oem 980139810\" \/>\n<meta name=\"robots\" content=\"index, follow, max-snippet:-1, max-image-preview:large, max-video-preview:-1\" \/>\n<link rel=\"canonical\" href=\"https:\/\/www.silentblocks.com\/es\/producto\/silentblocks-para-soporte-diferencial-trasero-grancabrio-granturismo-quattroporte-copie\/\" \/>\n<meta property=\"og:locale\" content=\"es_ES\" \/>\n<meta property=\"og:type\" content=\"article\" \/>\n<meta property=\"og:title\" content=\"Cuna trasera silentblocks, Grancabrio, Granturismo, Quattroporte\" \/>\n<meta property=\"og:description\" content=\"Cuna trasera silentblocks para Maserati Grancabrio, Granturismo, Quattroporte, compatible oem 980139810\" \/>\n<meta property=\"og:url\" content=\"https:\/\/www.silentblocks.com\/es\/producto\/silentblocks-para-soporte-diferencial-trasero-grancabrio-granturismo-quattroporte-copie\/\" \/>\n<meta property=\"og:site_name\" content=\"SILENT BLOCKS\" \/>\n<meta property=\"article:modified_time\" content=\"2026-02-17T22:25:38+00:00\" \/>\n<meta property=\"og:image\" content=\"https:\/\/www.silentblocks.com\/wp-content\/uploads\/2026\/02\/silentblocs-essieu-arriere-Quattroporte-980139810.jpg\" \/>\n\t<meta property=\"og:image:width\" content=\"1000\" \/>\n\t<meta property=\"og:image:height\" content=\"1000\" \/>\n\t<meta property=\"og:image:type\" content=\"image\/jpeg\" \/>\n<meta name=\"twitter:card\" content=\"summary_large_image\" \/>\n<script type=\"application\/ld+json\" class=\"yoast-schema-graph\">{\"@context\":\"https:\\\/\\\/schema.org\",\"@graph\":[{\"@type\":\"WebPage\",\"@id\":\"https:\\\/\\\/www.silentblocks.com\\\/es\\\/producto\\\/silentblocks-para-soporte-diferencial-trasero-grancabrio-granturismo-quattroporte-copie\\\/\",\"url\":\"https:\\\/\\\/www.silentblocks.com\\\/es\\\/producto\\\/silentblocks-para-soporte-diferencial-trasero-grancabrio-granturismo-quattroporte-copie\\\/\",\"name\":\"Cuna trasera silentblocks, Grancabrio, Granturismo, Quattroporte - SILENT BLOCKS\",\"isPartOf\":{\"@id\":\"https:\\\/\\\/www.silentblocks.com\\\/es\\\/#website\"},\"primaryImageOfPage\":{\"@id\":\"https:\\\/\\\/www.silentblocks.com\\\/es\\\/producto\\\/silentblocks-para-soporte-diferencial-trasero-grancabrio-granturismo-quattroporte-copie\\\/#primaryimage\"},\"image\":{\"@id\":\"https:\\\/\\\/www.silentblocks.com\\\/es\\\/producto\\\/silentblocks-para-soporte-diferencial-trasero-grancabrio-granturismo-quattroporte-copie\\\/#primaryimage\"},\"thumbnailUrl\":\"https:\\\/\\\/www.silentblocks.com\\\/wp-content\\\/uploads\\\/2026\\\/02\\\/silentblocs-essieu-arriere-Quattroporte-980139810.jpg\",\"datePublished\":\"2025-10-18T10:07:40+00:00\",\"dateModified\":\"2026-02-17T22:25:38+00:00\",\"description\":\"Cuna trasera silentblocks para Maserati Grancabrio, Granturismo, Quattroporte, compatible oem 980139810\",\"breadcrumb\":{\"@id\":\"https:\\\/\\\/www.silentblocks.com\\\/es\\\/producto\\\/silentblocks-para-soporte-diferencial-trasero-grancabrio-granturismo-quattroporte-copie\\\/#breadcrumb\"},\"inLanguage\":\"es\",\"potentialAction\":[{\"@type\":\"ReadAction\",\"target\":[\"https:\\\/\\\/www.silentblocks.com\\\/es\\\/producto\\\/silentblocks-para-soporte-diferencial-trasero-grancabrio-granturismo-quattroporte-copie\\\/\"]}]},{\"@type\":\"ImageObject\",\"inLanguage\":\"es\",\"@id\":\"https:\\\/\\\/www.silentblocks.com\\\/es\\\/producto\\\/silentblocks-para-soporte-diferencial-trasero-grancabrio-granturismo-quattroporte-copie\\\/#primaryimage\",\"url\":\"https:\\\/\\\/www.silentblocks.com\\\/wp-content\\\/uploads\\\/2026\\\/02\\\/silentblocs-essieu-arriere-Quattroporte-980139810.jpg\",\"contentUrl\":\"https:\\\/\\\/www.silentblocks.com\\\/wp-content\\\/uploads\\\/2026\\\/02\\\/silentblocs-essieu-arriere-Quattroporte-980139810.jpg\",\"width\":1000,\"height\":1000},{\"@type\":\"BreadcrumbList\",\"@id\":\"https:\\\/\\\/www.silentblocks.com\\\/es\\\/producto\\\/silentblocks-para-soporte-diferencial-trasero-grancabrio-granturismo-quattroporte-copie\\\/#breadcrumb\",\"itemListElement\":[{\"@type\":\"ListItem\",\"position\":1,\"name\":\"In\u00edcio\",\"item\":\"https:\\\/\\\/www.silentblocks.com\\\/es\\\/\"},{\"@type\":\"ListItem\",\"position\":2,\"name\":\"Page boutique\",\"item\":\"https:\\\/\\\/www.silentblocks.com\\\/es\\\/shop-2\\\/\"},{\"@type\":\"ListItem\",\"position\":3,\"name\":\"Cuna trasera silentblocks, Grancabrio, Granturismo, Quattroporte\"}]},{\"@type\":\"WebSite\",\"@id\":\"https:\\\/\\\/www.silentblocks.com\\\/es\\\/#website\",\"url\":\"https:\\\/\\\/www.silentblocks.com\\\/es\\\/\",\"name\":\"SILENTBLOCKS\",\"description\":\"Secure on the road\",\"publisher\":{\"@id\":\"https:\\\/\\\/www.silentblocks.com\\\/es\\\/#organization\"},\"potentialAction\":[{\"@type\":\"SearchAction\",\"target\":{\"@type\":\"EntryPoint\",\"urlTemplate\":\"https:\\\/\\\/www.silentblocks.com\\\/es\\\/?s={search_term_string}\"},\"query-input\":{\"@type\":\"PropertyValueSpecification\",\"valueRequired\":true,\"valueName\":\"search_term_string\"}}],\"inLanguage\":\"es\"},{\"@type\":\"Organization\",\"@id\":\"https:\\\/\\\/www.silentblocks.com\\\/es\\\/#organization\",\"name\":\"SILENTBLOCKS\",\"url\":\"https:\\\/\\\/www.silentblocks.com\\\/es\\\/\",\"logo\":{\"@type\":\"ImageObject\",\"inLanguage\":\"es\",\"@id\":\"https:\\\/\\\/www.silentblocks.com\\\/es\\\/#\\\/schema\\\/logo\\\/image\\\/\",\"url\":\"https:\\\/\\\/www.silentblocks.com\\\/wp-content\\\/uploads\\\/2023\\\/07\\\/logo211-sem-fundo_2012-PARA-BOUTIQUE-EBAY.png\",\"contentUrl\":\"https:\\\/\\\/www.silentblocks.com\\\/wp-content\\\/uploads\\\/2023\\\/07\\\/logo211-sem-fundo_2012-PARA-BOUTIQUE-EBAY.png\",\"width\":300,\"height\":190,\"caption\":\"SILENTBLOCKS\"},\"image\":{\"@id\":\"https:\\\/\\\/www.silentblocks.com\\\/es\\\/#\\\/schema\\\/logo\\\/image\\\/\"}}]}<\/script>\n<!-- \/ Yoast SEO Premium plugin. -->","yoast_head_json":{"title":"Cuna trasera silentblocks, Grancabrio, Granturismo, Quattroporte - SILENT BLOCKS","description":"Cuna trasera silentblocks para Maserati Grancabrio, Granturismo, Quattroporte, compatible oem 980139810","robots":{"index":"index","follow":"follow","max-snippet":"max-snippet:-1","max-image-preview":"max-image-preview:large","max-video-preview":"max-video-preview:-1"},"canonical":"https:\/\/www.silentblocks.com\/es\/producto\/silentblocks-para-soporte-diferencial-trasero-grancabrio-granturismo-quattroporte-copie\/","og_locale":"es_ES","og_type":"article","og_title":"Cuna trasera silentblocks, Grancabrio, Granturismo, Quattroporte","og_description":"Cuna trasera silentblocks para Maserati Grancabrio, Granturismo, Quattroporte, compatible oem 980139810","og_url":"https:\/\/www.silentblocks.com\/es\/producto\/silentblocks-para-soporte-diferencial-trasero-grancabrio-granturismo-quattroporte-copie\/","og_site_name":"SILENT BLOCKS","article_modified_time":"2026-02-17T22:25:38+00:00","og_image":[{"width":1000,"height":1000,"url":"https:\/\/www.silentblocks.com\/wp-content\/uploads\/2026\/02\/silentblocs-essieu-arriere-Quattroporte-980139810.jpg","type":"image\/jpeg"}],"twitter_card":"summary_large_image","schema":{"@context":"https:\/\/schema.org","@graph":[{"@type":"WebPage","@id":"https:\/\/www.silentblocks.com\/es\/producto\/silentblocks-para-soporte-diferencial-trasero-grancabrio-granturismo-quattroporte-copie\/","url":"https:\/\/www.silentblocks.com\/es\/producto\/silentblocks-para-soporte-diferencial-trasero-grancabrio-granturismo-quattroporte-copie\/","name":"Cuna trasera silentblocks, Grancabrio, Granturismo, Quattroporte - SILENT BLOCKS","isPartOf":{"@id":"https:\/\/www.silentblocks.com\/es\/#website"},"primaryImageOfPage":{"@id":"https:\/\/www.silentblocks.com\/es\/producto\/silentblocks-para-soporte-diferencial-trasero-grancabrio-granturismo-quattroporte-copie\/#primaryimage"},"image":{"@id":"https:\/\/www.silentblocks.com\/es\/producto\/silentblocks-para-soporte-diferencial-trasero-grancabrio-granturismo-quattroporte-copie\/#primaryimage"},"thumbnailUrl":"https:\/\/www.silentblocks.com\/wp-content\/uploads\/2026\/02\/silentblocs-essieu-arriere-Quattroporte-980139810.jpg","datePublished":"2025-10-18T10:07:40+00:00","dateModified":"2026-02-17T22:25:38+00:00","description":"Cuna trasera silentblocks para Maserati Grancabrio, Granturismo, Quattroporte, compatible oem 980139810","breadcrumb":{"@id":"https:\/\/www.silentblocks.com\/es\/producto\/silentblocks-para-soporte-diferencial-trasero-grancabrio-granturismo-quattroporte-copie\/#breadcrumb"},"inLanguage":"es","potentialAction":[{"@type":"ReadAction","target":["https:\/\/www.silentblocks.com\/es\/producto\/silentblocks-para-soporte-diferencial-trasero-grancabrio-granturismo-quattroporte-copie\/"]}]},{"@type":"ImageObject","inLanguage":"es","@id":"https:\/\/www.silentblocks.com\/es\/producto\/silentblocks-para-soporte-diferencial-trasero-grancabrio-granturismo-quattroporte-copie\/#primaryimage","url":"https:\/\/www.silentblocks.com\/wp-content\/uploads\/2026\/02\/silentblocs-essieu-arriere-Quattroporte-980139810.jpg","contentUrl":"https:\/\/www.silentblocks.com\/wp-content\/uploads\/2026\/02\/silentblocs-essieu-arriere-Quattroporte-980139810.jpg","width":1000,"height":1000},{"@type":"BreadcrumbList","@id":"https:\/\/www.silentblocks.com\/es\/producto\/silentblocks-para-soporte-diferencial-trasero-grancabrio-granturismo-quattroporte-copie\/#breadcrumb","itemListElement":[{"@type":"ListItem","position":1,"name":"In\u00edcio","item":"https:\/\/www.silentblocks.com\/es\/"},{"@type":"ListItem","position":2,"name":"Page boutique","item":"https:\/\/www.silentblocks.com\/es\/shop-2\/"},{"@type":"ListItem","position":3,"name":"Cuna trasera silentblocks, Grancabrio, Granturismo, Quattroporte"}]},{"@type":"WebSite","@id":"https:\/\/www.silentblocks.com\/es\/#website","url":"https:\/\/www.silentblocks.com\/es\/","name":"SILENTBLOCKS","description":"Secure on the road","publisher":{"@id":"https:\/\/www.silentblocks.com\/es\/#organization"},"potentialAction":[{"@type":"SearchAction","target":{"@type":"EntryPoint","urlTemplate":"https:\/\/www.silentblocks.com\/es\/?s={search_term_string}"},"query-input":{"@type":"PropertyValueSpecification","valueRequired":true,"valueName":"search_term_string"}}],"inLanguage":"es"},{"@type":"Organization","@id":"https:\/\/www.silentblocks.com\/es\/#organization","name":"SILENTBLOCKS","url":"https:\/\/www.silentblocks.com\/es\/","logo":{"@type":"ImageObject","inLanguage":"es","@id":"https:\/\/www.silentblocks.com\/es\/#\/schema\/logo\/image\/","url":"https:\/\/www.silentblocks.com\/wp-content\/uploads\/2023\/07\/logo211-sem-fundo_2012-PARA-BOUTIQUE-EBAY.png","contentUrl":"https:\/\/www.silentblocks.com\/wp-content\/uploads\/2023\/07\/logo211-sem-fundo_2012-PARA-BOUTIQUE-EBAY.png","width":300,"height":190,"caption":"SILENTBLOCKS"},"image":{"@id":"https:\/\/www.silentblocks.com\/es\/#\/schema\/logo\/image\/"}}]}},"_links":{"self":[{"href":"https:\/\/www.silentblocks.com\/es\/wp-json\/wp\/v2\/product\/108034","targetHints":{"allow":["GET"]}}],"collection":[{"href":"https:\/\/www.silentblocks.com\/es\/wp-json\/wp\/v2\/product"}],"about":[{"href":"https:\/\/www.silentblocks.com\/es\/wp-json\/wp\/v2\/types\/product"}],"version-history":[{"count":0,"href":"https:\/\/www.silentblocks.com\/es\/wp-json\/wp\/v2\/product\/108034\/revisions"}],"wp:featuredmedia":[{"embeddable":true,"href":"https:\/\/www.silentblocks.com\/es\/wp-json\/wp\/v2\/media\/108020"}],"wp:attachment":[{"href":"https:\/\/www.silentblocks.com\/es\/wp-json\/wp\/v2\/media?parent=108034"}],"wp:term":[{"taxonomy":"product_brand","embeddable":true,"href":"https:\/\/www.silentblocks.com\/es\/wp-json\/wp\/v2\/product_brand?post=108034"},{"taxonomy":"product_cat","embeddable":true,"href":"https:\/\/www.silentblocks.com\/es\/wp-json\/wp\/v2\/product_cat?post=108034"},{"taxonomy":"product_tag","embeddable":true,"href":"https:\/\/www.silentblocks.com\/es\/wp-json\/wp\/v2\/product_tag?post=108034"}],"curies":[{"name":"wp","href":"https:\/\/api.w.org\/{rel}","templated":true}]}}