{"id":108380,"date":"2025-10-23T15:41:03","date_gmt":"2025-10-23T15:41:03","guid":{"rendered":"https:\/\/www.silentblocks.com\/product\/casquillos-de-resorte-trasero-ghibli-indy-mistral\/"},"modified":"2026-02-17T22:26:23","modified_gmt":"2026-02-17T22:26:23","slug":"casquillos-de-resorte-trasero-ghibli-indy-mistral","status":"publish","type":"product","link":"https:\/\/www.silentblocks.com\/es\/producto\/casquillos-de-resorte-trasero-ghibli-indy-mistral\/","title":{"rendered":"Casquillos de resorte trasero, Ghibli, Indy, Mistral"},"content":{"rendered":"<p>Kit de 2 silentblocks de poliuretano para ballestas traseras, compatible con los siguientes veh\u00edculos:<br \/>\nMaserati Ghibli 1967-1973<br \/>\nMotores: 4.7, 5.0<br \/>\nMaserati Ghibli Spider 1968-1973<br \/>\nMotores: 4.7, 4.9<br \/>\nMaserati Indy 1969-1974<br \/>\nMotores: 4.2, 4.7, 4.9<br \/>\nMaserati Mistral Coup\u00e9 1969-1974<br \/>\nMotores: 3.7, 4.0<br \/>\nMaserati Mistral Spider 1963-1970<br \/>\nMotores: 3.7, 4.0<\/p>\n<p>Di\u00e1metro interior\/exterior: \u00d824\/34mm<\/p>\n<p>Dureza: 80Sha<\/p>\n<p>Referencias del fabricante (c\u00f3digo OEM) s\u00f3lo a t\u00edtulo informativo :<br \/>\n1011509, 109-SA59732, SLN 42573<\/p>\n<p>Piezas nuevas, se vende con factura. Todos nuestros productos tienen 2 a\u00f1os de garant\u00eda.<\/p>\n","protected":false},"excerpt":{"rendered":"<p>Kit de 2 silentblocks de poliuretano para ballestas traseras, compatible con los siguientes veh\u00edculos: Maserati Ghibli 1967-1973 Motores: 4.7, 5.0 Maserati Ghibli Spider 1968-1973 Motores: 4.7, 4.9 Maserati Indy 1969-1974 Motores: 4.2, 4.7, 4.9 Maserati Mistral Coup\u00e9 1969-1974 Motores: 3.7, 4.0 Maserati Mistral Spider 1963-1970 Motores: 3.7, 4.0 Di\u00e1metro interior\/exterior: \u00d824\/34mm Dureza: 80Sha Referencias del [&hellip;]<\/p>\n","protected":false},"featured_media":108356,"template":"","meta":[],"product_brand":[],"product_cat":[3981,6050,6051],"product_tag":[],"class_list":{"0":"post-108380","1":"product","2":"type-product","3":"status-publish","4":"has-post-thumbnail","6":"product_cat-maserati","7":"product_cat-ghibli-1967-1973","10":"first","11":"instock","12":"shipping-taxable","13":"purchasable","14":"product-type-simple"},"yoast_head":"<!-- This site is optimized with the Yoast SEO Premium plugin v23.0 (Yoast SEO v27.4) - https:\/\/yoast.com\/product\/yoast-seo-premium-wordpress\/ -->\n<title>Casquillos de resorte trasero, Ghibli, Indy, Mistral - SILENT BLOCKS<\/title>\n<meta name=\"description\" content=\"Silentblocks para ballestas traseras para Maserati Ghibli, Indy, Mistral, compatible con oem 1011509, 109-SA59732, SLN 42573\" \/>\n<meta name=\"robots\" content=\"index, follow, max-snippet:-1, max-image-preview:large, max-video-preview:-1\" \/>\n<link rel=\"canonical\" href=\"https:\/\/www.silentblocks.com\/es\/producto\/casquillos-de-resorte-trasero-ghibli-indy-mistral\/\" \/>\n<meta property=\"og:locale\" content=\"es_ES\" \/>\n<meta property=\"og:type\" content=\"article\" \/>\n<meta property=\"og:title\" content=\"Casquillos de resorte trasero, Ghibli, Indy, Mistral\" \/>\n<meta property=\"og:description\" content=\"Silentblocks para ballestas traseras para Maserati Ghibli, Indy, Mistral, compatible con oem 1011509, 109-SA59732, SLN 42573\" \/>\n<meta property=\"og:url\" content=\"https:\/\/www.silentblocks.com\/es\/producto\/casquillos-de-resorte-trasero-ghibli-indy-mistral\/\" \/>\n<meta property=\"og:site_name\" content=\"SILENT BLOCKS\" \/>\n<meta property=\"article:modified_time\" content=\"2026-02-17T22:26:23+00:00\" \/>\n<meta property=\"og:image\" content=\"https:\/\/www.silentblocks.com\/wp-content\/uploads\/2026\/02\/silentblocs-lames-arriere-Ghibli.jpg\" \/>\n\t<meta property=\"og:image:width\" content=\"1000\" \/>\n\t<meta property=\"og:image:height\" content=\"1000\" \/>\n\t<meta property=\"og:image:type\" content=\"image\/jpeg\" \/>\n<meta name=\"twitter:card\" content=\"summary_large_image\" \/>\n<script type=\"application\/ld+json\" class=\"yoast-schema-graph\">{\"@context\":\"https:\\\/\\\/schema.org\",\"@graph\":[{\"@type\":\"WebPage\",\"@id\":\"https:\\\/\\\/www.silentblocks.com\\\/es\\\/producto\\\/casquillos-de-resorte-trasero-ghibli-indy-mistral\\\/\",\"url\":\"https:\\\/\\\/www.silentblocks.com\\\/es\\\/producto\\\/casquillos-de-resorte-trasero-ghibli-indy-mistral\\\/\",\"name\":\"Casquillos de resorte trasero, Ghibli, Indy, Mistral - SILENT BLOCKS\",\"isPartOf\":{\"@id\":\"https:\\\/\\\/www.silentblocks.com\\\/es\\\/#website\"},\"primaryImageOfPage\":{\"@id\":\"https:\\\/\\\/www.silentblocks.com\\\/es\\\/producto\\\/casquillos-de-resorte-trasero-ghibli-indy-mistral\\\/#primaryimage\"},\"image\":{\"@id\":\"https:\\\/\\\/www.silentblocks.com\\\/es\\\/producto\\\/casquillos-de-resorte-trasero-ghibli-indy-mistral\\\/#primaryimage\"},\"thumbnailUrl\":\"https:\\\/\\\/www.silentblocks.com\\\/wp-content\\\/uploads\\\/2026\\\/02\\\/silentblocs-lames-arriere-Ghibli.jpg\",\"datePublished\":\"2025-10-23T15:41:03+00:00\",\"dateModified\":\"2026-02-17T22:26:23+00:00\",\"description\":\"Silentblocks para ballestas traseras para Maserati Ghibli, Indy, Mistral, compatible con oem 1011509, 109-SA59732, SLN 42573\",\"breadcrumb\":{\"@id\":\"https:\\\/\\\/www.silentblocks.com\\\/es\\\/producto\\\/casquillos-de-resorte-trasero-ghibli-indy-mistral\\\/#breadcrumb\"},\"inLanguage\":\"es\",\"potentialAction\":[{\"@type\":\"ReadAction\",\"target\":[\"https:\\\/\\\/www.silentblocks.com\\\/es\\\/producto\\\/casquillos-de-resorte-trasero-ghibli-indy-mistral\\\/\"]}]},{\"@type\":\"ImageObject\",\"inLanguage\":\"es\",\"@id\":\"https:\\\/\\\/www.silentblocks.com\\\/es\\\/producto\\\/casquillos-de-resorte-trasero-ghibli-indy-mistral\\\/#primaryimage\",\"url\":\"https:\\\/\\\/www.silentblocks.com\\\/wp-content\\\/uploads\\\/2026\\\/02\\\/silentblocs-lames-arriere-Ghibli.jpg\",\"contentUrl\":\"https:\\\/\\\/www.silentblocks.com\\\/wp-content\\\/uploads\\\/2026\\\/02\\\/silentblocs-lames-arriere-Ghibli.jpg\",\"width\":1000,\"height\":1000},{\"@type\":\"BreadcrumbList\",\"@id\":\"https:\\\/\\\/www.silentblocks.com\\\/es\\\/producto\\\/casquillos-de-resorte-trasero-ghibli-indy-mistral\\\/#breadcrumb\",\"itemListElement\":[{\"@type\":\"ListItem\",\"position\":1,\"name\":\"In\u00edcio\",\"item\":\"https:\\\/\\\/www.silentblocks.com\\\/es\\\/\"},{\"@type\":\"ListItem\",\"position\":2,\"name\":\"Page boutique\",\"item\":\"https:\\\/\\\/www.silentblocks.com\\\/es\\\/shop-2\\\/\"},{\"@type\":\"ListItem\",\"position\":3,\"name\":\"Casquillos de resorte trasero, Ghibli, Indy, Mistral\"}]},{\"@type\":\"WebSite\",\"@id\":\"https:\\\/\\\/www.silentblocks.com\\\/es\\\/#website\",\"url\":\"https:\\\/\\\/www.silentblocks.com\\\/es\\\/\",\"name\":\"SILENTBLOCKS\",\"description\":\"Secure on the road\",\"publisher\":{\"@id\":\"https:\\\/\\\/www.silentblocks.com\\\/es\\\/#organization\"},\"potentialAction\":[{\"@type\":\"SearchAction\",\"target\":{\"@type\":\"EntryPoint\",\"urlTemplate\":\"https:\\\/\\\/www.silentblocks.com\\\/es\\\/?s={search_term_string}\"},\"query-input\":{\"@type\":\"PropertyValueSpecification\",\"valueRequired\":true,\"valueName\":\"search_term_string\"}}],\"inLanguage\":\"es\"},{\"@type\":\"Organization\",\"@id\":\"https:\\\/\\\/www.silentblocks.com\\\/es\\\/#organization\",\"name\":\"SILENTBLOCKS\",\"url\":\"https:\\\/\\\/www.silentblocks.com\\\/es\\\/\",\"logo\":{\"@type\":\"ImageObject\",\"inLanguage\":\"es\",\"@id\":\"https:\\\/\\\/www.silentblocks.com\\\/es\\\/#\\\/schema\\\/logo\\\/image\\\/\",\"url\":\"https:\\\/\\\/www.silentblocks.com\\\/wp-content\\\/uploads\\\/2023\\\/07\\\/logo211-sem-fundo_2012-PARA-BOUTIQUE-EBAY.png\",\"contentUrl\":\"https:\\\/\\\/www.silentblocks.com\\\/wp-content\\\/uploads\\\/2023\\\/07\\\/logo211-sem-fundo_2012-PARA-BOUTIQUE-EBAY.png\",\"width\":300,\"height\":190,\"caption\":\"SILENTBLOCKS\"},\"image\":{\"@id\":\"https:\\\/\\\/www.silentblocks.com\\\/es\\\/#\\\/schema\\\/logo\\\/image\\\/\"}}]}<\/script>\n<!-- \/ Yoast SEO Premium plugin. -->","yoast_head_json":{"title":"Casquillos de resorte trasero, Ghibli, Indy, Mistral - SILENT BLOCKS","description":"Silentblocks para ballestas traseras para Maserati Ghibli, Indy, Mistral, compatible con oem 1011509, 109-SA59732, SLN 42573","robots":{"index":"index","follow":"follow","max-snippet":"max-snippet:-1","max-image-preview":"max-image-preview:large","max-video-preview":"max-video-preview:-1"},"canonical":"https:\/\/www.silentblocks.com\/es\/producto\/casquillos-de-resorte-trasero-ghibli-indy-mistral\/","og_locale":"es_ES","og_type":"article","og_title":"Casquillos de resorte trasero, Ghibli, Indy, Mistral","og_description":"Silentblocks para ballestas traseras para Maserati Ghibli, Indy, Mistral, compatible con oem 1011509, 109-SA59732, SLN 42573","og_url":"https:\/\/www.silentblocks.com\/es\/producto\/casquillos-de-resorte-trasero-ghibli-indy-mistral\/","og_site_name":"SILENT BLOCKS","article_modified_time":"2026-02-17T22:26:23+00:00","og_image":[{"width":1000,"height":1000,"url":"https:\/\/www.silentblocks.com\/wp-content\/uploads\/2026\/02\/silentblocs-lames-arriere-Ghibli.jpg","type":"image\/jpeg"}],"twitter_card":"summary_large_image","schema":{"@context":"https:\/\/schema.org","@graph":[{"@type":"WebPage","@id":"https:\/\/www.silentblocks.com\/es\/producto\/casquillos-de-resorte-trasero-ghibli-indy-mistral\/","url":"https:\/\/www.silentblocks.com\/es\/producto\/casquillos-de-resorte-trasero-ghibli-indy-mistral\/","name":"Casquillos de resorte trasero, Ghibli, Indy, Mistral - SILENT BLOCKS","isPartOf":{"@id":"https:\/\/www.silentblocks.com\/es\/#website"},"primaryImageOfPage":{"@id":"https:\/\/www.silentblocks.com\/es\/producto\/casquillos-de-resorte-trasero-ghibli-indy-mistral\/#primaryimage"},"image":{"@id":"https:\/\/www.silentblocks.com\/es\/producto\/casquillos-de-resorte-trasero-ghibli-indy-mistral\/#primaryimage"},"thumbnailUrl":"https:\/\/www.silentblocks.com\/wp-content\/uploads\/2026\/02\/silentblocs-lames-arriere-Ghibli.jpg","datePublished":"2025-10-23T15:41:03+00:00","dateModified":"2026-02-17T22:26:23+00:00","description":"Silentblocks para ballestas traseras para Maserati Ghibli, Indy, Mistral, compatible con oem 1011509, 109-SA59732, SLN 42573","breadcrumb":{"@id":"https:\/\/www.silentblocks.com\/es\/producto\/casquillos-de-resorte-trasero-ghibli-indy-mistral\/#breadcrumb"},"inLanguage":"es","potentialAction":[{"@type":"ReadAction","target":["https:\/\/www.silentblocks.com\/es\/producto\/casquillos-de-resorte-trasero-ghibli-indy-mistral\/"]}]},{"@type":"ImageObject","inLanguage":"es","@id":"https:\/\/www.silentblocks.com\/es\/producto\/casquillos-de-resorte-trasero-ghibli-indy-mistral\/#primaryimage","url":"https:\/\/www.silentblocks.com\/wp-content\/uploads\/2026\/02\/silentblocs-lames-arriere-Ghibli.jpg","contentUrl":"https:\/\/www.silentblocks.com\/wp-content\/uploads\/2026\/02\/silentblocs-lames-arriere-Ghibli.jpg","width":1000,"height":1000},{"@type":"BreadcrumbList","@id":"https:\/\/www.silentblocks.com\/es\/producto\/casquillos-de-resorte-trasero-ghibli-indy-mistral\/#breadcrumb","itemListElement":[{"@type":"ListItem","position":1,"name":"In\u00edcio","item":"https:\/\/www.silentblocks.com\/es\/"},{"@type":"ListItem","position":2,"name":"Page boutique","item":"https:\/\/www.silentblocks.com\/es\/shop-2\/"},{"@type":"ListItem","position":3,"name":"Casquillos de resorte trasero, Ghibli, Indy, Mistral"}]},{"@type":"WebSite","@id":"https:\/\/www.silentblocks.com\/es\/#website","url":"https:\/\/www.silentblocks.com\/es\/","name":"SILENTBLOCKS","description":"Secure on the road","publisher":{"@id":"https:\/\/www.silentblocks.com\/es\/#organization"},"potentialAction":[{"@type":"SearchAction","target":{"@type":"EntryPoint","urlTemplate":"https:\/\/www.silentblocks.com\/es\/?s={search_term_string}"},"query-input":{"@type":"PropertyValueSpecification","valueRequired":true,"valueName":"search_term_string"}}],"inLanguage":"es"},{"@type":"Organization","@id":"https:\/\/www.silentblocks.com\/es\/#organization","name":"SILENTBLOCKS","url":"https:\/\/www.silentblocks.com\/es\/","logo":{"@type":"ImageObject","inLanguage":"es","@id":"https:\/\/www.silentblocks.com\/es\/#\/schema\/logo\/image\/","url":"https:\/\/www.silentblocks.com\/wp-content\/uploads\/2023\/07\/logo211-sem-fundo_2012-PARA-BOUTIQUE-EBAY.png","contentUrl":"https:\/\/www.silentblocks.com\/wp-content\/uploads\/2023\/07\/logo211-sem-fundo_2012-PARA-BOUTIQUE-EBAY.png","width":300,"height":190,"caption":"SILENTBLOCKS"},"image":{"@id":"https:\/\/www.silentblocks.com\/es\/#\/schema\/logo\/image\/"}}]}},"_links":{"self":[{"href":"https:\/\/www.silentblocks.com\/es\/wp-json\/wp\/v2\/product\/108380","targetHints":{"allow":["GET"]}}],"collection":[{"href":"https:\/\/www.silentblocks.com\/es\/wp-json\/wp\/v2\/product"}],"about":[{"href":"https:\/\/www.silentblocks.com\/es\/wp-json\/wp\/v2\/types\/product"}],"version-history":[{"count":0,"href":"https:\/\/www.silentblocks.com\/es\/wp-json\/wp\/v2\/product\/108380\/revisions"}],"wp:featuredmedia":[{"embeddable":true,"href":"https:\/\/www.silentblocks.com\/es\/wp-json\/wp\/v2\/media\/108356"}],"wp:attachment":[{"href":"https:\/\/www.silentblocks.com\/es\/wp-json\/wp\/v2\/media?parent=108380"}],"wp:term":[{"taxonomy":"product_brand","embeddable":true,"href":"https:\/\/www.silentblocks.com\/es\/wp-json\/wp\/v2\/product_brand?post=108380"},{"taxonomy":"product_cat","embeddable":true,"href":"https:\/\/www.silentblocks.com\/es\/wp-json\/wp\/v2\/product_cat?post=108380"},{"taxonomy":"product_tag","embeddable":true,"href":"https:\/\/www.silentblocks.com\/es\/wp-json\/wp\/v2\/product_tag?post=108380"}],"curies":[{"name":"wp","href":"https:\/\/api.w.org\/{rel}","templated":true}]}}