{"id":108393,"date":"2025-10-23T16:50:08","date_gmt":"2025-10-23T16:50:08","guid":{"rendered":"https:\/\/www.silentblocks.com\/product\/bujes-para-barra-estabilizadora-trasera-grancabrio-granturismo-quattroporte\/"},"modified":"2026-02-17T22:26:25","modified_gmt":"2026-02-17T22:26:25","slug":"bujes-para-barra-estabilizadora-trasera-grancabrio-granturismo-quattroporte","status":"publish","type":"product","link":"https:\/\/www.silentblocks.com\/es\/producto\/bujes-para-barra-estabilizadora-trasera-grancabrio-granturismo-quattroporte\/","title":{"rendered":"Bujes para barra estabilizadora trasera, GranCabrio, GranTurismo, Quattroporte"},"content":{"rendered":"<p>Kit de 2 casquillos de poliuretano para barra estabilizadora trasera, compatible con los siguientes veh\u00edculos:<br \/>\nMaserati GranCabrio (10-19)<br \/>\nMaserati GranTurismo (07-19)<br \/>\nMaserati Quattroporte V (04-12)<\/p>\n<p>Di\u00e1metros interiores disponibles: \u00d822mm a 26mm<br \/>\nDespu\u00e9s de hacer el pedido, inf\u00f3rmanos del di\u00e1metro de la barra estabilizadora que has elegido.<\/p>\n<p>Dureza: 90Sha<\/p>\n<p>Referencias del fabricante (c\u00f3digo OEM) s\u00f3lo a t\u00edtulo informativo :<br \/>\n110874, 118276, 118371, 153179, 153180, 155624, 178509, 178510, 195913, 196385, 200587, 200656, 208321, 264079<\/p>\n<p>Piezas nuevas, se vende con factura. Todos nuestros productos tienen 2 a\u00f1os de garant\u00eda.<\/p>\n","protected":false},"excerpt":{"rendered":"<p>Kit de 2 casquillos de poliuretano para barra estabilizadora trasera, compatible con los siguientes veh\u00edculos: Maserati GranCabrio (10-19) Maserati GranTurismo (07-19) Maserati Quattroporte V (04-12) Di\u00e1metros interiores disponibles: \u00d822mm a 26mm Despu\u00e9s de hacer el pedido, inf\u00f3rmanos del di\u00e1metro de la barra estabilizadora que has elegido. Dureza: 90Sha Referencias del fabricante (c\u00f3digo OEM) s\u00f3lo a [&hellip;]<\/p>\n","protected":false},"featured_media":108362,"template":"","meta":[],"product_brand":[],"product_cat":[3981,3998,4008,3997,3994],"product_tag":[],"class_list":{"0":"post-108393","1":"product","2":"type-product","3":"status-publish","4":"has-post-thumbnail","6":"product_cat-maserati","7":"product_cat-grancabrio","8":"product_cat-grancabrio-es","9":"product_cat-granturismo","10":"product_cat-quattroporte-2","12":"first","13":"instock","14":"shipping-taxable","15":"purchasable","16":"product-type-simple"},"yoast_head":"<!-- This site is optimized with the Yoast SEO Premium plugin v23.0 (Yoast SEO v27.4) - https:\/\/yoast.com\/product\/yoast-seo-premium-wordpress\/ -->\n<title>Bujes para barra estabilizadora trasera, GranCabrio, GranTurismo, Quattroporte - SILENT BLOCKS<\/title>\n<meta name=\"description\" content=\"Bujes de la barra estabilizadora trasera para Maserati GranCabrio, GranTurismo, Quattroporte, oem 110874, 118276, 118371, 153179, 153180, 155624, 178509\" \/>\n<meta name=\"robots\" content=\"index, follow, max-snippet:-1, max-image-preview:large, max-video-preview:-1\" \/>\n<link rel=\"canonical\" href=\"https:\/\/www.silentblocks.com\/es\/producto\/bujes-para-barra-estabilizadora-trasera-grancabrio-granturismo-quattroporte\/\" \/>\n<meta property=\"og:locale\" content=\"es_ES\" \/>\n<meta property=\"og:type\" content=\"article\" \/>\n<meta property=\"og:title\" content=\"Bujes para barra estabilizadora trasera, GranCabrio, GranTurismo, Quattroporte\" \/>\n<meta property=\"og:description\" content=\"Bujes de la barra estabilizadora trasera para Maserati GranCabrio, GranTurismo, Quattroporte, oem 110874, 118276, 118371, 153179, 153180, 155624, 178509\" \/>\n<meta property=\"og:url\" content=\"https:\/\/www.silentblocks.com\/es\/producto\/bujes-para-barra-estabilizadora-trasera-grancabrio-granturismo-quattroporte\/\" \/>\n<meta property=\"og:site_name\" content=\"SILENT BLOCKS\" \/>\n<meta property=\"article:modified_time\" content=\"2026-02-17T22:26:25+00:00\" \/>\n<meta property=\"og:image\" content=\"https:\/\/www.silentblocks.com\/wp-content\/uploads\/2026\/02\/silentblocs-barre-stabilisatrice-arriere-Maserati-Grand-turismo.jpg\" \/>\n\t<meta property=\"og:image:width\" content=\"1000\" \/>\n\t<meta property=\"og:image:height\" content=\"1000\" \/>\n\t<meta property=\"og:image:type\" content=\"image\/jpeg\" \/>\n<meta name=\"twitter:card\" content=\"summary_large_image\" \/>\n<script type=\"application\/ld+json\" class=\"yoast-schema-graph\">{\"@context\":\"https:\\\/\\\/schema.org\",\"@graph\":[{\"@type\":\"WebPage\",\"@id\":\"https:\\\/\\\/www.silentblocks.com\\\/es\\\/producto\\\/bujes-para-barra-estabilizadora-trasera-grancabrio-granturismo-quattroporte\\\/\",\"url\":\"https:\\\/\\\/www.silentblocks.com\\\/es\\\/producto\\\/bujes-para-barra-estabilizadora-trasera-grancabrio-granturismo-quattroporte\\\/\",\"name\":\"Bujes para barra estabilizadora trasera, GranCabrio, GranTurismo, Quattroporte - SILENT BLOCKS\",\"isPartOf\":{\"@id\":\"https:\\\/\\\/www.silentblocks.com\\\/es\\\/#website\"},\"primaryImageOfPage\":{\"@id\":\"https:\\\/\\\/www.silentblocks.com\\\/es\\\/producto\\\/bujes-para-barra-estabilizadora-trasera-grancabrio-granturismo-quattroporte\\\/#primaryimage\"},\"image\":{\"@id\":\"https:\\\/\\\/www.silentblocks.com\\\/es\\\/producto\\\/bujes-para-barra-estabilizadora-trasera-grancabrio-granturismo-quattroporte\\\/#primaryimage\"},\"thumbnailUrl\":\"https:\\\/\\\/www.silentblocks.com\\\/wp-content\\\/uploads\\\/2026\\\/02\\\/silentblocs-barre-stabilisatrice-arriere-Maserati-Grand-turismo.jpg\",\"datePublished\":\"2025-10-23T16:50:08+00:00\",\"dateModified\":\"2026-02-17T22:26:25+00:00\",\"description\":\"Bujes de la barra estabilizadora trasera para Maserati GranCabrio, GranTurismo, Quattroporte, oem 110874, 118276, 118371, 153179, 153180, 155624, 178509\",\"breadcrumb\":{\"@id\":\"https:\\\/\\\/www.silentblocks.com\\\/es\\\/producto\\\/bujes-para-barra-estabilizadora-trasera-grancabrio-granturismo-quattroporte\\\/#breadcrumb\"},\"inLanguage\":\"es\",\"potentialAction\":[{\"@type\":\"ReadAction\",\"target\":[\"https:\\\/\\\/www.silentblocks.com\\\/es\\\/producto\\\/bujes-para-barra-estabilizadora-trasera-grancabrio-granturismo-quattroporte\\\/\"]}]},{\"@type\":\"ImageObject\",\"inLanguage\":\"es\",\"@id\":\"https:\\\/\\\/www.silentblocks.com\\\/es\\\/producto\\\/bujes-para-barra-estabilizadora-trasera-grancabrio-granturismo-quattroporte\\\/#primaryimage\",\"url\":\"https:\\\/\\\/www.silentblocks.com\\\/wp-content\\\/uploads\\\/2026\\\/02\\\/silentblocs-barre-stabilisatrice-arriere-Maserati-Grand-turismo.jpg\",\"contentUrl\":\"https:\\\/\\\/www.silentblocks.com\\\/wp-content\\\/uploads\\\/2026\\\/02\\\/silentblocs-barre-stabilisatrice-arriere-Maserati-Grand-turismo.jpg\",\"width\":1000,\"height\":1000},{\"@type\":\"BreadcrumbList\",\"@id\":\"https:\\\/\\\/www.silentblocks.com\\\/es\\\/producto\\\/bujes-para-barra-estabilizadora-trasera-grancabrio-granturismo-quattroporte\\\/#breadcrumb\",\"itemListElement\":[{\"@type\":\"ListItem\",\"position\":1,\"name\":\"In\u00edcio\",\"item\":\"https:\\\/\\\/www.silentblocks.com\\\/es\\\/\"},{\"@type\":\"ListItem\",\"position\":2,\"name\":\"Page boutique\",\"item\":\"https:\\\/\\\/www.silentblocks.com\\\/es\\\/shop-2\\\/\"},{\"@type\":\"ListItem\",\"position\":3,\"name\":\"Bujes para barra estabilizadora trasera, GranCabrio, GranTurismo, Quattroporte\"}]},{\"@type\":\"WebSite\",\"@id\":\"https:\\\/\\\/www.silentblocks.com\\\/es\\\/#website\",\"url\":\"https:\\\/\\\/www.silentblocks.com\\\/es\\\/\",\"name\":\"SILENTBLOCKS\",\"description\":\"Secure on the road\",\"publisher\":{\"@id\":\"https:\\\/\\\/www.silentblocks.com\\\/es\\\/#organization\"},\"potentialAction\":[{\"@type\":\"SearchAction\",\"target\":{\"@type\":\"EntryPoint\",\"urlTemplate\":\"https:\\\/\\\/www.silentblocks.com\\\/es\\\/?s={search_term_string}\"},\"query-input\":{\"@type\":\"PropertyValueSpecification\",\"valueRequired\":true,\"valueName\":\"search_term_string\"}}],\"inLanguage\":\"es\"},{\"@type\":\"Organization\",\"@id\":\"https:\\\/\\\/www.silentblocks.com\\\/es\\\/#organization\",\"name\":\"SILENTBLOCKS\",\"url\":\"https:\\\/\\\/www.silentblocks.com\\\/es\\\/\",\"logo\":{\"@type\":\"ImageObject\",\"inLanguage\":\"es\",\"@id\":\"https:\\\/\\\/www.silentblocks.com\\\/es\\\/#\\\/schema\\\/logo\\\/image\\\/\",\"url\":\"https:\\\/\\\/www.silentblocks.com\\\/wp-content\\\/uploads\\\/2023\\\/07\\\/logo211-sem-fundo_2012-PARA-BOUTIQUE-EBAY.png\",\"contentUrl\":\"https:\\\/\\\/www.silentblocks.com\\\/wp-content\\\/uploads\\\/2023\\\/07\\\/logo211-sem-fundo_2012-PARA-BOUTIQUE-EBAY.png\",\"width\":300,\"height\":190,\"caption\":\"SILENTBLOCKS\"},\"image\":{\"@id\":\"https:\\\/\\\/www.silentblocks.com\\\/es\\\/#\\\/schema\\\/logo\\\/image\\\/\"}}]}<\/script>\n<!-- \/ Yoast SEO Premium plugin. -->","yoast_head_json":{"title":"Bujes para barra estabilizadora trasera, GranCabrio, GranTurismo, Quattroporte - SILENT BLOCKS","description":"Bujes de la barra estabilizadora trasera para Maserati GranCabrio, GranTurismo, Quattroporte, oem 110874, 118276, 118371, 153179, 153180, 155624, 178509","robots":{"index":"index","follow":"follow","max-snippet":"max-snippet:-1","max-image-preview":"max-image-preview:large","max-video-preview":"max-video-preview:-1"},"canonical":"https:\/\/www.silentblocks.com\/es\/producto\/bujes-para-barra-estabilizadora-trasera-grancabrio-granturismo-quattroporte\/","og_locale":"es_ES","og_type":"article","og_title":"Bujes para barra estabilizadora trasera, GranCabrio, GranTurismo, Quattroporte","og_description":"Bujes de la barra estabilizadora trasera para Maserati GranCabrio, GranTurismo, Quattroporte, oem 110874, 118276, 118371, 153179, 153180, 155624, 178509","og_url":"https:\/\/www.silentblocks.com\/es\/producto\/bujes-para-barra-estabilizadora-trasera-grancabrio-granturismo-quattroporte\/","og_site_name":"SILENT BLOCKS","article_modified_time":"2026-02-17T22:26:25+00:00","og_image":[{"width":1000,"height":1000,"url":"https:\/\/www.silentblocks.com\/wp-content\/uploads\/2026\/02\/silentblocs-barre-stabilisatrice-arriere-Maserati-Grand-turismo.jpg","type":"image\/jpeg"}],"twitter_card":"summary_large_image","schema":{"@context":"https:\/\/schema.org","@graph":[{"@type":"WebPage","@id":"https:\/\/www.silentblocks.com\/es\/producto\/bujes-para-barra-estabilizadora-trasera-grancabrio-granturismo-quattroporte\/","url":"https:\/\/www.silentblocks.com\/es\/producto\/bujes-para-barra-estabilizadora-trasera-grancabrio-granturismo-quattroporte\/","name":"Bujes para barra estabilizadora trasera, GranCabrio, GranTurismo, Quattroporte - SILENT BLOCKS","isPartOf":{"@id":"https:\/\/www.silentblocks.com\/es\/#website"},"primaryImageOfPage":{"@id":"https:\/\/www.silentblocks.com\/es\/producto\/bujes-para-barra-estabilizadora-trasera-grancabrio-granturismo-quattroporte\/#primaryimage"},"image":{"@id":"https:\/\/www.silentblocks.com\/es\/producto\/bujes-para-barra-estabilizadora-trasera-grancabrio-granturismo-quattroporte\/#primaryimage"},"thumbnailUrl":"https:\/\/www.silentblocks.com\/wp-content\/uploads\/2026\/02\/silentblocs-barre-stabilisatrice-arriere-Maserati-Grand-turismo.jpg","datePublished":"2025-10-23T16:50:08+00:00","dateModified":"2026-02-17T22:26:25+00:00","description":"Bujes de la barra estabilizadora trasera para Maserati GranCabrio, GranTurismo, Quattroporte, oem 110874, 118276, 118371, 153179, 153180, 155624, 178509","breadcrumb":{"@id":"https:\/\/www.silentblocks.com\/es\/producto\/bujes-para-barra-estabilizadora-trasera-grancabrio-granturismo-quattroporte\/#breadcrumb"},"inLanguage":"es","potentialAction":[{"@type":"ReadAction","target":["https:\/\/www.silentblocks.com\/es\/producto\/bujes-para-barra-estabilizadora-trasera-grancabrio-granturismo-quattroporte\/"]}]},{"@type":"ImageObject","inLanguage":"es","@id":"https:\/\/www.silentblocks.com\/es\/producto\/bujes-para-barra-estabilizadora-trasera-grancabrio-granturismo-quattroporte\/#primaryimage","url":"https:\/\/www.silentblocks.com\/wp-content\/uploads\/2026\/02\/silentblocs-barre-stabilisatrice-arriere-Maserati-Grand-turismo.jpg","contentUrl":"https:\/\/www.silentblocks.com\/wp-content\/uploads\/2026\/02\/silentblocs-barre-stabilisatrice-arriere-Maserati-Grand-turismo.jpg","width":1000,"height":1000},{"@type":"BreadcrumbList","@id":"https:\/\/www.silentblocks.com\/es\/producto\/bujes-para-barra-estabilizadora-trasera-grancabrio-granturismo-quattroporte\/#breadcrumb","itemListElement":[{"@type":"ListItem","position":1,"name":"In\u00edcio","item":"https:\/\/www.silentblocks.com\/es\/"},{"@type":"ListItem","position":2,"name":"Page boutique","item":"https:\/\/www.silentblocks.com\/es\/shop-2\/"},{"@type":"ListItem","position":3,"name":"Bujes para barra estabilizadora trasera, GranCabrio, GranTurismo, Quattroporte"}]},{"@type":"WebSite","@id":"https:\/\/www.silentblocks.com\/es\/#website","url":"https:\/\/www.silentblocks.com\/es\/","name":"SILENTBLOCKS","description":"Secure on the road","publisher":{"@id":"https:\/\/www.silentblocks.com\/es\/#organization"},"potentialAction":[{"@type":"SearchAction","target":{"@type":"EntryPoint","urlTemplate":"https:\/\/www.silentblocks.com\/es\/?s={search_term_string}"},"query-input":{"@type":"PropertyValueSpecification","valueRequired":true,"valueName":"search_term_string"}}],"inLanguage":"es"},{"@type":"Organization","@id":"https:\/\/www.silentblocks.com\/es\/#organization","name":"SILENTBLOCKS","url":"https:\/\/www.silentblocks.com\/es\/","logo":{"@type":"ImageObject","inLanguage":"es","@id":"https:\/\/www.silentblocks.com\/es\/#\/schema\/logo\/image\/","url":"https:\/\/www.silentblocks.com\/wp-content\/uploads\/2023\/07\/logo211-sem-fundo_2012-PARA-BOUTIQUE-EBAY.png","contentUrl":"https:\/\/www.silentblocks.com\/wp-content\/uploads\/2023\/07\/logo211-sem-fundo_2012-PARA-BOUTIQUE-EBAY.png","width":300,"height":190,"caption":"SILENTBLOCKS"},"image":{"@id":"https:\/\/www.silentblocks.com\/es\/#\/schema\/logo\/image\/"}}]}},"_links":{"self":[{"href":"https:\/\/www.silentblocks.com\/es\/wp-json\/wp\/v2\/product\/108393","targetHints":{"allow":["GET"]}}],"collection":[{"href":"https:\/\/www.silentblocks.com\/es\/wp-json\/wp\/v2\/product"}],"about":[{"href":"https:\/\/www.silentblocks.com\/es\/wp-json\/wp\/v2\/types\/product"}],"version-history":[{"count":0,"href":"https:\/\/www.silentblocks.com\/es\/wp-json\/wp\/v2\/product\/108393\/revisions"}],"wp:featuredmedia":[{"embeddable":true,"href":"https:\/\/www.silentblocks.com\/es\/wp-json\/wp\/v2\/media\/108362"}],"wp:attachment":[{"href":"https:\/\/www.silentblocks.com\/es\/wp-json\/wp\/v2\/media?parent=108393"}],"wp:term":[{"taxonomy":"product_brand","embeddable":true,"href":"https:\/\/www.silentblocks.com\/es\/wp-json\/wp\/v2\/product_brand?post=108393"},{"taxonomy":"product_cat","embeddable":true,"href":"https:\/\/www.silentblocks.com\/es\/wp-json\/wp\/v2\/product_cat?post=108393"},{"taxonomy":"product_tag","embeddable":true,"href":"https:\/\/www.silentblocks.com\/es\/wp-json\/wp\/v2\/product_tag?post=108393"}],"curies":[{"name":"wp","href":"https:\/\/api.w.org\/{rel}","templated":true}]}}