{"id":109193,"date":"2025-11-12T16:21:43","date_gmt":"2025-11-12T16:21:43","guid":{"rendered":"https:\/\/www.silentblocks.com\/product\/bujes-brazos-traseros-kia-carnival-ii-iii-copie-2\/"},"modified":"2026-02-17T22:28:35","modified_gmt":"2026-02-17T22:28:35","slug":"bujes-brazos-traseros-kia-carnival-ii-iii-copie-2","status":"publish","type":"product","link":"https:\/\/www.silentblocks.com\/es\/producto\/bujes-brazos-traseros-kia-carnival-ii-iii-copie-2\/","title":{"rendered":"Silentblocks en ambos brazos traseros, Kia Carnival II\/III"},"content":{"rendered":"<p>Kit de 4 silentblocks para los dos brazos de la suspensi\u00f3n trasera (brazos de soporte del muelle), compatible con los siguientes veh\u00edculos:<br \/>\nMonovolumen Kia Carnival (GQ) (1999-2007)<br \/>\nKia Carnival \/ Grand Carnival III (VQ) (monovolumen) 2010-2015<\/p>\n<p>Referencias del fabricante (c\u00f3digo OEM) s\u00f3lo a t\u00edtulo informativo :<br \/>\n552174D000, 55217-4D000<\/p>\n<p>Piezas nuevas, se vende con factura. Todos nuestros productos tienen 2 a\u00f1os de garant\u00eda.<\/p>\n","protected":false},"excerpt":{"rendered":"<p>Kit de 4 silentblocks para los dos brazos de la suspensi\u00f3n trasera (brazos de soporte del muelle), compatible con los siguientes veh\u00edculos: Monovolumen Kia Carnival (GQ) (1999-2007) Kia Carnival \/ Grand Carnival III (VQ) (monovolumen) 2010-2015 Referencias del fabricante (c\u00f3digo OEM) s\u00f3lo a t\u00edtulo informativo : 552174D000, 55217-4D000 Piezas nuevas, se vende con factura. Todos [&hellip;]<\/p>\n","protected":false},"featured_media":109185,"template":"","meta":[],"product_brand":[],"product_cat":[956,1195,2857],"product_tag":[],"class_list":{"0":"post-109193","1":"product","2":"type-product","3":"status-publish","4":"has-post-thumbnail","6":"product_cat-kia","7":"product_cat-carnival","8":"product_cat-carnival-es","10":"first","11":"instock","12":"shipping-taxable","13":"purchasable","14":"product-type-simple"},"yoast_head":"<!-- This site is optimized with the Yoast SEO Premium plugin v23.0 (Yoast SEO v27.4) - https:\/\/yoast.com\/product\/yoast-seo-premium-wordpress\/ -->\n<title>Silentblocks en ambos brazos traseros, Kia Carnival II\/III - SILENT BLOCKS<\/title>\n<meta name=\"description\" content=\"Silentblocks para brazos traseros para Kia Carnival II, Kia Carnival III, oem 552174D000, 55217-4D000\" \/>\n<meta name=\"robots\" content=\"index, follow, max-snippet:-1, max-image-preview:large, max-video-preview:-1\" \/>\n<link rel=\"canonical\" href=\"https:\/\/www.silentblocks.com\/es\/producto\/bujes-brazos-traseros-kia-carnival-ii-iii-copie-2\/\" \/>\n<meta property=\"og:locale\" content=\"es_ES\" \/>\n<meta property=\"og:type\" content=\"article\" \/>\n<meta property=\"og:title\" content=\"Silentblocks en ambos brazos traseros, Kia Carnival II\/III\" \/>\n<meta property=\"og:description\" content=\"Silentblocks para brazos traseros para Kia Carnival II, Kia Carnival III, oem 552174D000, 55217-4D000\" \/>\n<meta property=\"og:url\" content=\"https:\/\/www.silentblocks.com\/es\/producto\/bujes-brazos-traseros-kia-carnival-ii-iii-copie-2\/\" \/>\n<meta property=\"og:site_name\" content=\"SILENT BLOCKS\" \/>\n<meta property=\"article:modified_time\" content=\"2026-02-17T22:28:35+00:00\" \/>\n<meta property=\"og:image\" content=\"https:\/\/www.silentblocks.com\/wp-content\/uploads\/2026\/02\/silentblocs-des-bras-arriere-Kia-Carnival.jpg\" \/>\n\t<meta property=\"og:image:width\" content=\"1000\" \/>\n\t<meta property=\"og:image:height\" content=\"1000\" \/>\n\t<meta property=\"og:image:type\" content=\"image\/jpeg\" \/>\n<meta name=\"twitter:card\" content=\"summary_large_image\" \/>\n<script type=\"application\/ld+json\" class=\"yoast-schema-graph\">{\"@context\":\"https:\\\/\\\/schema.org\",\"@graph\":[{\"@type\":\"WebPage\",\"@id\":\"https:\\\/\\\/www.silentblocks.com\\\/es\\\/producto\\\/bujes-brazos-traseros-kia-carnival-ii-iii-copie-2\\\/\",\"url\":\"https:\\\/\\\/www.silentblocks.com\\\/es\\\/producto\\\/bujes-brazos-traseros-kia-carnival-ii-iii-copie-2\\\/\",\"name\":\"Silentblocks en ambos brazos traseros, Kia Carnival II\\\/III - SILENT BLOCKS\",\"isPartOf\":{\"@id\":\"https:\\\/\\\/www.silentblocks.com\\\/es\\\/#website\"},\"primaryImageOfPage\":{\"@id\":\"https:\\\/\\\/www.silentblocks.com\\\/es\\\/producto\\\/bujes-brazos-traseros-kia-carnival-ii-iii-copie-2\\\/#primaryimage\"},\"image\":{\"@id\":\"https:\\\/\\\/www.silentblocks.com\\\/es\\\/producto\\\/bujes-brazos-traseros-kia-carnival-ii-iii-copie-2\\\/#primaryimage\"},\"thumbnailUrl\":\"https:\\\/\\\/www.silentblocks.com\\\/wp-content\\\/uploads\\\/2026\\\/02\\\/silentblocs-des-bras-arriere-Kia-Carnival.jpg\",\"datePublished\":\"2025-11-12T16:21:43+00:00\",\"dateModified\":\"2026-02-17T22:28:35+00:00\",\"description\":\"Silentblocks para brazos traseros para Kia Carnival II, Kia Carnival III, oem 552174D000, 55217-4D000\",\"breadcrumb\":{\"@id\":\"https:\\\/\\\/www.silentblocks.com\\\/es\\\/producto\\\/bujes-brazos-traseros-kia-carnival-ii-iii-copie-2\\\/#breadcrumb\"},\"inLanguage\":\"es\",\"potentialAction\":[{\"@type\":\"ReadAction\",\"target\":[\"https:\\\/\\\/www.silentblocks.com\\\/es\\\/producto\\\/bujes-brazos-traseros-kia-carnival-ii-iii-copie-2\\\/\"]}]},{\"@type\":\"ImageObject\",\"inLanguage\":\"es\",\"@id\":\"https:\\\/\\\/www.silentblocks.com\\\/es\\\/producto\\\/bujes-brazos-traseros-kia-carnival-ii-iii-copie-2\\\/#primaryimage\",\"url\":\"https:\\\/\\\/www.silentblocks.com\\\/wp-content\\\/uploads\\\/2026\\\/02\\\/silentblocs-des-bras-arriere-Kia-Carnival.jpg\",\"contentUrl\":\"https:\\\/\\\/www.silentblocks.com\\\/wp-content\\\/uploads\\\/2026\\\/02\\\/silentblocs-des-bras-arriere-Kia-Carnival.jpg\",\"width\":1000,\"height\":1000},{\"@type\":\"BreadcrumbList\",\"@id\":\"https:\\\/\\\/www.silentblocks.com\\\/es\\\/producto\\\/bujes-brazos-traseros-kia-carnival-ii-iii-copie-2\\\/#breadcrumb\",\"itemListElement\":[{\"@type\":\"ListItem\",\"position\":1,\"name\":\"In\u00edcio\",\"item\":\"https:\\\/\\\/www.silentblocks.com\\\/es\\\/\"},{\"@type\":\"ListItem\",\"position\":2,\"name\":\"Page boutique\",\"item\":\"https:\\\/\\\/www.silentblocks.com\\\/es\\\/shop-2\\\/\"},{\"@type\":\"ListItem\",\"position\":3,\"name\":\"Silentblocks en ambos brazos traseros, Kia Carnival II\\\/III\"}]},{\"@type\":\"WebSite\",\"@id\":\"https:\\\/\\\/www.silentblocks.com\\\/es\\\/#website\",\"url\":\"https:\\\/\\\/www.silentblocks.com\\\/es\\\/\",\"name\":\"SILENTBLOCKS\",\"description\":\"Secure on the road\",\"publisher\":{\"@id\":\"https:\\\/\\\/www.silentblocks.com\\\/es\\\/#organization\"},\"potentialAction\":[{\"@type\":\"SearchAction\",\"target\":{\"@type\":\"EntryPoint\",\"urlTemplate\":\"https:\\\/\\\/www.silentblocks.com\\\/es\\\/?s={search_term_string}\"},\"query-input\":{\"@type\":\"PropertyValueSpecification\",\"valueRequired\":true,\"valueName\":\"search_term_string\"}}],\"inLanguage\":\"es\"},{\"@type\":\"Organization\",\"@id\":\"https:\\\/\\\/www.silentblocks.com\\\/es\\\/#organization\",\"name\":\"SILENTBLOCKS\",\"url\":\"https:\\\/\\\/www.silentblocks.com\\\/es\\\/\",\"logo\":{\"@type\":\"ImageObject\",\"inLanguage\":\"es\",\"@id\":\"https:\\\/\\\/www.silentblocks.com\\\/es\\\/#\\\/schema\\\/logo\\\/image\\\/\",\"url\":\"https:\\\/\\\/www.silentblocks.com\\\/wp-content\\\/uploads\\\/2023\\\/07\\\/logo211-sem-fundo_2012-PARA-BOUTIQUE-EBAY.png\",\"contentUrl\":\"https:\\\/\\\/www.silentblocks.com\\\/wp-content\\\/uploads\\\/2023\\\/07\\\/logo211-sem-fundo_2012-PARA-BOUTIQUE-EBAY.png\",\"width\":300,\"height\":190,\"caption\":\"SILENTBLOCKS\"},\"image\":{\"@id\":\"https:\\\/\\\/www.silentblocks.com\\\/es\\\/#\\\/schema\\\/logo\\\/image\\\/\"}}]}<\/script>\n<!-- \/ Yoast SEO Premium plugin. -->","yoast_head_json":{"title":"Silentblocks en ambos brazos traseros, Kia Carnival II\/III - SILENT BLOCKS","description":"Silentblocks para brazos traseros para Kia Carnival II, Kia Carnival III, oem 552174D000, 55217-4D000","robots":{"index":"index","follow":"follow","max-snippet":"max-snippet:-1","max-image-preview":"max-image-preview:large","max-video-preview":"max-video-preview:-1"},"canonical":"https:\/\/www.silentblocks.com\/es\/producto\/bujes-brazos-traseros-kia-carnival-ii-iii-copie-2\/","og_locale":"es_ES","og_type":"article","og_title":"Silentblocks en ambos brazos traseros, Kia Carnival II\/III","og_description":"Silentblocks para brazos traseros para Kia Carnival II, Kia Carnival III, oem 552174D000, 55217-4D000","og_url":"https:\/\/www.silentblocks.com\/es\/producto\/bujes-brazos-traseros-kia-carnival-ii-iii-copie-2\/","og_site_name":"SILENT BLOCKS","article_modified_time":"2026-02-17T22:28:35+00:00","og_image":[{"width":1000,"height":1000,"url":"https:\/\/www.silentblocks.com\/wp-content\/uploads\/2026\/02\/silentblocs-des-bras-arriere-Kia-Carnival.jpg","type":"image\/jpeg"}],"twitter_card":"summary_large_image","schema":{"@context":"https:\/\/schema.org","@graph":[{"@type":"WebPage","@id":"https:\/\/www.silentblocks.com\/es\/producto\/bujes-brazos-traseros-kia-carnival-ii-iii-copie-2\/","url":"https:\/\/www.silentblocks.com\/es\/producto\/bujes-brazos-traseros-kia-carnival-ii-iii-copie-2\/","name":"Silentblocks en ambos brazos traseros, Kia Carnival II\/III - SILENT BLOCKS","isPartOf":{"@id":"https:\/\/www.silentblocks.com\/es\/#website"},"primaryImageOfPage":{"@id":"https:\/\/www.silentblocks.com\/es\/producto\/bujes-brazos-traseros-kia-carnival-ii-iii-copie-2\/#primaryimage"},"image":{"@id":"https:\/\/www.silentblocks.com\/es\/producto\/bujes-brazos-traseros-kia-carnival-ii-iii-copie-2\/#primaryimage"},"thumbnailUrl":"https:\/\/www.silentblocks.com\/wp-content\/uploads\/2026\/02\/silentblocs-des-bras-arriere-Kia-Carnival.jpg","datePublished":"2025-11-12T16:21:43+00:00","dateModified":"2026-02-17T22:28:35+00:00","description":"Silentblocks para brazos traseros para Kia Carnival II, Kia Carnival III, oem 552174D000, 55217-4D000","breadcrumb":{"@id":"https:\/\/www.silentblocks.com\/es\/producto\/bujes-brazos-traseros-kia-carnival-ii-iii-copie-2\/#breadcrumb"},"inLanguage":"es","potentialAction":[{"@type":"ReadAction","target":["https:\/\/www.silentblocks.com\/es\/producto\/bujes-brazos-traseros-kia-carnival-ii-iii-copie-2\/"]}]},{"@type":"ImageObject","inLanguage":"es","@id":"https:\/\/www.silentblocks.com\/es\/producto\/bujes-brazos-traseros-kia-carnival-ii-iii-copie-2\/#primaryimage","url":"https:\/\/www.silentblocks.com\/wp-content\/uploads\/2026\/02\/silentblocs-des-bras-arriere-Kia-Carnival.jpg","contentUrl":"https:\/\/www.silentblocks.com\/wp-content\/uploads\/2026\/02\/silentblocs-des-bras-arriere-Kia-Carnival.jpg","width":1000,"height":1000},{"@type":"BreadcrumbList","@id":"https:\/\/www.silentblocks.com\/es\/producto\/bujes-brazos-traseros-kia-carnival-ii-iii-copie-2\/#breadcrumb","itemListElement":[{"@type":"ListItem","position":1,"name":"In\u00edcio","item":"https:\/\/www.silentblocks.com\/es\/"},{"@type":"ListItem","position":2,"name":"Page boutique","item":"https:\/\/www.silentblocks.com\/es\/shop-2\/"},{"@type":"ListItem","position":3,"name":"Silentblocks en ambos brazos traseros, Kia Carnival II\/III"}]},{"@type":"WebSite","@id":"https:\/\/www.silentblocks.com\/es\/#website","url":"https:\/\/www.silentblocks.com\/es\/","name":"SILENTBLOCKS","description":"Secure on the road","publisher":{"@id":"https:\/\/www.silentblocks.com\/es\/#organization"},"potentialAction":[{"@type":"SearchAction","target":{"@type":"EntryPoint","urlTemplate":"https:\/\/www.silentblocks.com\/es\/?s={search_term_string}"},"query-input":{"@type":"PropertyValueSpecification","valueRequired":true,"valueName":"search_term_string"}}],"inLanguage":"es"},{"@type":"Organization","@id":"https:\/\/www.silentblocks.com\/es\/#organization","name":"SILENTBLOCKS","url":"https:\/\/www.silentblocks.com\/es\/","logo":{"@type":"ImageObject","inLanguage":"es","@id":"https:\/\/www.silentblocks.com\/es\/#\/schema\/logo\/image\/","url":"https:\/\/www.silentblocks.com\/wp-content\/uploads\/2023\/07\/logo211-sem-fundo_2012-PARA-BOUTIQUE-EBAY.png","contentUrl":"https:\/\/www.silentblocks.com\/wp-content\/uploads\/2023\/07\/logo211-sem-fundo_2012-PARA-BOUTIQUE-EBAY.png","width":300,"height":190,"caption":"SILENTBLOCKS"},"image":{"@id":"https:\/\/www.silentblocks.com\/es\/#\/schema\/logo\/image\/"}}]}},"_links":{"self":[{"href":"https:\/\/www.silentblocks.com\/es\/wp-json\/wp\/v2\/product\/109193","targetHints":{"allow":["GET"]}}],"collection":[{"href":"https:\/\/www.silentblocks.com\/es\/wp-json\/wp\/v2\/product"}],"about":[{"href":"https:\/\/www.silentblocks.com\/es\/wp-json\/wp\/v2\/types\/product"}],"version-history":[{"count":0,"href":"https:\/\/www.silentblocks.com\/es\/wp-json\/wp\/v2\/product\/109193\/revisions"}],"wp:featuredmedia":[{"embeddable":true,"href":"https:\/\/www.silentblocks.com\/es\/wp-json\/wp\/v2\/media\/109185"}],"wp:attachment":[{"href":"https:\/\/www.silentblocks.com\/es\/wp-json\/wp\/v2\/media?parent=109193"}],"wp:term":[{"taxonomy":"product_brand","embeddable":true,"href":"https:\/\/www.silentblocks.com\/es\/wp-json\/wp\/v2\/product_brand?post=109193"},{"taxonomy":"product_cat","embeddable":true,"href":"https:\/\/www.silentblocks.com\/es\/wp-json\/wp\/v2\/product_cat?post=109193"},{"taxonomy":"product_tag","embeddable":true,"href":"https:\/\/www.silentblocks.com\/es\/wp-json\/wp\/v2\/product_tag?post=109193"}],"curies":[{"name":"wp","href":"https:\/\/api.w.org\/{rel}","templated":true}]}}