{"id":109855,"date":"2025-11-22T11:41:06","date_gmt":"2025-11-22T11:41:06","guid":{"rendered":"https:\/\/www.silentblocks.com\/product\/llave-para-aflojar-rotulas-de-brazos-delanteros-interstar-nv400-movano-b-master-iii\/"},"modified":"2026-02-17T22:30:06","modified_gmt":"2026-02-17T22:30:06","slug":"llave-para-aflojar-rotulas-de-brazos-delanteros-interstar-nv400-movano-b-master-iii","status":"publish","type":"product","link":"https:\/\/www.silentblocks.com\/es\/producto\/llave-para-aflojar-rotulas-de-brazos-delanteros-interstar-nv400-movano-b-master-iii\/","title":{"rendered":"Llave para aflojar r\u00f3tulas de brazos delanteros, Interstar, NV400, Movano B, Master III"},"content":{"rendered":"<p>Llave para aflojar r\u00f3tulas de brazo delantero, compatible con los siguientes veh\u00edculos:<br \/>\nPlataforma\/chasis Nissan Interstar (X62B)<br \/>\nFurgoneta Nissan Interstar (X62B)<br \/>\nAutob\u00fas Nissan NV400 (X62, X62B)<br \/>\nPlataforma\/chasis Nissan NV400 (X62, X62B)<br \/>\nNissan NV400 Furgoneta (X62, X62B)<br \/>\nAutob\u00fas Opel Movano B (X62)<br \/>\nPlataforma\/chasis Opel Movano B (X62)<br \/>\nOpel Movano B Furgoneta (X62)<br \/>\nAutob\u00fas Renault Master III (JV)<br \/>\nPlataforma\/chasis Renault Master III (EV, HV, UV)<br \/>\nRenault Master III Furgoneta (FV)<\/p>\n<p>Referencias del fabricante (c\u00f3digo OEM) s\u00f3lo a t\u00edtulo informativo :<br \/>\n40160 00Q0E, 40160 00Q0K, 40160-00Q1C, 44 19 219, 47 01 627, 93 197233, 955 19341, 40 16 113 63R, 40 16 134 16R, 40 16 191 49R, 82 00 688 877, 44 19 219<\/p>\n<p>Piezas nuevas, se vende con factura. Todos nuestros productos tienen 2 a\u00f1os de garant\u00eda.<\/p>\n","protected":false},"excerpt":{"rendered":"<p>Llave para aflojar r\u00f3tulas de brazo delantero, compatible con los siguientes veh\u00edculos: Plataforma\/chasis Nissan Interstar (X62B) Furgoneta Nissan Interstar (X62B) Autob\u00fas Nissan NV400 (X62, X62B) Plataforma\/chasis Nissan NV400 (X62, X62B) Nissan NV400 Furgoneta (X62, X62B) Autob\u00fas Opel Movano B (X62) Plataforma\/chasis Opel Movano B (X62) Opel Movano B Furgoneta (X62) Autob\u00fas Renault Master III (JV) [&hellip;]<\/p>\n","protected":false},"featured_media":109807,"template":"","meta":[],"product_brand":[],"product_cat":[940,1358,933,1424,3433],"product_tag":[],"class_list":{"0":"post-109855","1":"product","2":"type-product","3":"status-publish","4":"has-post-thumbnail","6":"product_cat-opel","7":"product_cat-movano-b","8":"product_cat-renault","9":"product_cat-master-iii","10":"product_cat-master-iii-es","12":"first","13":"instock","14":"shipping-taxable","15":"purchasable","16":"product-type-simple"},"yoast_head":"<!-- This site is optimized with the Yoast SEO Premium plugin v23.0 (Yoast SEO v27.4) - https:\/\/yoast.com\/product\/yoast-seo-premium-wordpress\/ -->\n<title>Llave para aflojar r\u00f3tulas de brazos delanteros, Interstar, NV400, Movano B, Master III - SILENT BLOCKS<\/title>\n<meta name=\"description\" content=\"Llave para aflojar r\u00f3tulas de brazo delantero para Nissan Interstar, NV400, Opel Movano B, Renault Master III, oem 40160 00Q0E, 40160 00Q0K, 40160-00Q1C\" \/>\n<meta name=\"robots\" content=\"index, follow, max-snippet:-1, max-image-preview:large, max-video-preview:-1\" \/>\n<link rel=\"canonical\" href=\"https:\/\/www.silentblocks.com\/es\/producto\/llave-para-aflojar-rotulas-de-brazos-delanteros-interstar-nv400-movano-b-master-iii\/\" \/>\n<meta property=\"og:locale\" content=\"es_ES\" \/>\n<meta property=\"og:type\" content=\"article\" \/>\n<meta property=\"og:title\" content=\"Llave para aflojar r\u00f3tulas de brazos delanteros, Interstar, NV400, Movano B, Master III\" \/>\n<meta property=\"og:description\" content=\"Llave para aflojar r\u00f3tulas de brazo delantero para Nissan Interstar, NV400, Opel Movano B, Renault Master III, oem 40160 00Q0E, 40160 00Q0K, 40160-00Q1C\" \/>\n<meta property=\"og:url\" content=\"https:\/\/www.silentblocks.com\/es\/producto\/llave-para-aflojar-rotulas-de-brazos-delanteros-interstar-nv400-movano-b-master-iii\/\" \/>\n<meta property=\"og:site_name\" content=\"SILENT BLOCKS\" \/>\n<meta property=\"article:modified_time\" content=\"2026-02-17T22:30:06+00:00\" \/>\n<meta property=\"og:image\" content=\"https:\/\/www.silentblocks.com\/wp-content\/uploads\/2026\/02\/Cle-pour-desserrer-lecrou-rotule-bras-avant.jpg\" \/>\n\t<meta property=\"og:image:width\" content=\"1000\" \/>\n\t<meta property=\"og:image:height\" content=\"1000\" \/>\n\t<meta property=\"og:image:type\" content=\"image\/jpeg\" \/>\n<meta name=\"twitter:card\" content=\"summary_large_image\" \/>\n<meta name=\"twitter:label1\" content=\"Tiempo de lectura\" \/>\n\t<meta name=\"twitter:data1\" content=\"1 minuto\" \/>\n<script type=\"application\/ld+json\" class=\"yoast-schema-graph\">{\"@context\":\"https:\\\/\\\/schema.org\",\"@graph\":[{\"@type\":\"WebPage\",\"@id\":\"https:\\\/\\\/www.silentblocks.com\\\/es\\\/producto\\\/llave-para-aflojar-rotulas-de-brazos-delanteros-interstar-nv400-movano-b-master-iii\\\/\",\"url\":\"https:\\\/\\\/www.silentblocks.com\\\/es\\\/producto\\\/llave-para-aflojar-rotulas-de-brazos-delanteros-interstar-nv400-movano-b-master-iii\\\/\",\"name\":\"Llave para aflojar r\u00f3tulas de brazos delanteros, Interstar, NV400, Movano B, Master III - SILENT BLOCKS\",\"isPartOf\":{\"@id\":\"https:\\\/\\\/www.silentblocks.com\\\/es\\\/#website\"},\"primaryImageOfPage\":{\"@id\":\"https:\\\/\\\/www.silentblocks.com\\\/es\\\/producto\\\/llave-para-aflojar-rotulas-de-brazos-delanteros-interstar-nv400-movano-b-master-iii\\\/#primaryimage\"},\"image\":{\"@id\":\"https:\\\/\\\/www.silentblocks.com\\\/es\\\/producto\\\/llave-para-aflojar-rotulas-de-brazos-delanteros-interstar-nv400-movano-b-master-iii\\\/#primaryimage\"},\"thumbnailUrl\":\"https:\\\/\\\/www.silentblocks.com\\\/wp-content\\\/uploads\\\/2026\\\/02\\\/Cle-pour-desserrer-lecrou-rotule-bras-avant.jpg\",\"datePublished\":\"2025-11-22T11:41:06+00:00\",\"dateModified\":\"2026-02-17T22:30:06+00:00\",\"description\":\"Llave para aflojar r\u00f3tulas de brazo delantero para Nissan Interstar, NV400, Opel Movano B, Renault Master III, oem 40160 00Q0E, 40160 00Q0K, 40160-00Q1C\",\"breadcrumb\":{\"@id\":\"https:\\\/\\\/www.silentblocks.com\\\/es\\\/producto\\\/llave-para-aflojar-rotulas-de-brazos-delanteros-interstar-nv400-movano-b-master-iii\\\/#breadcrumb\"},\"inLanguage\":\"es\",\"potentialAction\":[{\"@type\":\"ReadAction\",\"target\":[\"https:\\\/\\\/www.silentblocks.com\\\/es\\\/producto\\\/llave-para-aflojar-rotulas-de-brazos-delanteros-interstar-nv400-movano-b-master-iii\\\/\"]}]},{\"@type\":\"ImageObject\",\"inLanguage\":\"es\",\"@id\":\"https:\\\/\\\/www.silentblocks.com\\\/es\\\/producto\\\/llave-para-aflojar-rotulas-de-brazos-delanteros-interstar-nv400-movano-b-master-iii\\\/#primaryimage\",\"url\":\"https:\\\/\\\/www.silentblocks.com\\\/wp-content\\\/uploads\\\/2026\\\/02\\\/Cle-pour-desserrer-lecrou-rotule-bras-avant.jpg\",\"contentUrl\":\"https:\\\/\\\/www.silentblocks.com\\\/wp-content\\\/uploads\\\/2026\\\/02\\\/Cle-pour-desserrer-lecrou-rotule-bras-avant.jpg\",\"width\":1000,\"height\":1000},{\"@type\":\"BreadcrumbList\",\"@id\":\"https:\\\/\\\/www.silentblocks.com\\\/es\\\/producto\\\/llave-para-aflojar-rotulas-de-brazos-delanteros-interstar-nv400-movano-b-master-iii\\\/#breadcrumb\",\"itemListElement\":[{\"@type\":\"ListItem\",\"position\":1,\"name\":\"In\u00edcio\",\"item\":\"https:\\\/\\\/www.silentblocks.com\\\/es\\\/\"},{\"@type\":\"ListItem\",\"position\":2,\"name\":\"Page boutique\",\"item\":\"https:\\\/\\\/www.silentblocks.com\\\/es\\\/shop-2\\\/\"},{\"@type\":\"ListItem\",\"position\":3,\"name\":\"Llave para aflojar r\u00f3tulas de brazos delanteros, Interstar, NV400, Movano B, Master III\"}]},{\"@type\":\"WebSite\",\"@id\":\"https:\\\/\\\/www.silentblocks.com\\\/es\\\/#website\",\"url\":\"https:\\\/\\\/www.silentblocks.com\\\/es\\\/\",\"name\":\"SILENTBLOCKS\",\"description\":\"Secure on the road\",\"publisher\":{\"@id\":\"https:\\\/\\\/www.silentblocks.com\\\/es\\\/#organization\"},\"potentialAction\":[{\"@type\":\"SearchAction\",\"target\":{\"@type\":\"EntryPoint\",\"urlTemplate\":\"https:\\\/\\\/www.silentblocks.com\\\/es\\\/?s={search_term_string}\"},\"query-input\":{\"@type\":\"PropertyValueSpecification\",\"valueRequired\":true,\"valueName\":\"search_term_string\"}}],\"inLanguage\":\"es\"},{\"@type\":\"Organization\",\"@id\":\"https:\\\/\\\/www.silentblocks.com\\\/es\\\/#organization\",\"name\":\"SILENTBLOCKS\",\"url\":\"https:\\\/\\\/www.silentblocks.com\\\/es\\\/\",\"logo\":{\"@type\":\"ImageObject\",\"inLanguage\":\"es\",\"@id\":\"https:\\\/\\\/www.silentblocks.com\\\/es\\\/#\\\/schema\\\/logo\\\/image\\\/\",\"url\":\"https:\\\/\\\/www.silentblocks.com\\\/wp-content\\\/uploads\\\/2023\\\/07\\\/logo211-sem-fundo_2012-PARA-BOUTIQUE-EBAY.png\",\"contentUrl\":\"https:\\\/\\\/www.silentblocks.com\\\/wp-content\\\/uploads\\\/2023\\\/07\\\/logo211-sem-fundo_2012-PARA-BOUTIQUE-EBAY.png\",\"width\":300,\"height\":190,\"caption\":\"SILENTBLOCKS\"},\"image\":{\"@id\":\"https:\\\/\\\/www.silentblocks.com\\\/es\\\/#\\\/schema\\\/logo\\\/image\\\/\"}}]}<\/script>\n<!-- \/ Yoast SEO Premium plugin. -->","yoast_head_json":{"title":"Llave para aflojar r\u00f3tulas de brazos delanteros, Interstar, NV400, Movano B, Master III - SILENT BLOCKS","description":"Llave para aflojar r\u00f3tulas de brazo delantero para Nissan Interstar, NV400, Opel Movano B, Renault Master III, oem 40160 00Q0E, 40160 00Q0K, 40160-00Q1C","robots":{"index":"index","follow":"follow","max-snippet":"max-snippet:-1","max-image-preview":"max-image-preview:large","max-video-preview":"max-video-preview:-1"},"canonical":"https:\/\/www.silentblocks.com\/es\/producto\/llave-para-aflojar-rotulas-de-brazos-delanteros-interstar-nv400-movano-b-master-iii\/","og_locale":"es_ES","og_type":"article","og_title":"Llave para aflojar r\u00f3tulas de brazos delanteros, Interstar, NV400, Movano B, Master III","og_description":"Llave para aflojar r\u00f3tulas de brazo delantero para Nissan Interstar, NV400, Opel Movano B, Renault Master III, oem 40160 00Q0E, 40160 00Q0K, 40160-00Q1C","og_url":"https:\/\/www.silentblocks.com\/es\/producto\/llave-para-aflojar-rotulas-de-brazos-delanteros-interstar-nv400-movano-b-master-iii\/","og_site_name":"SILENT BLOCKS","article_modified_time":"2026-02-17T22:30:06+00:00","og_image":[{"width":1000,"height":1000,"url":"https:\/\/www.silentblocks.com\/wp-content\/uploads\/2026\/02\/Cle-pour-desserrer-lecrou-rotule-bras-avant.jpg","type":"image\/jpeg"}],"twitter_card":"summary_large_image","twitter_misc":{"Tiempo de lectura":"1 minuto"},"schema":{"@context":"https:\/\/schema.org","@graph":[{"@type":"WebPage","@id":"https:\/\/www.silentblocks.com\/es\/producto\/llave-para-aflojar-rotulas-de-brazos-delanteros-interstar-nv400-movano-b-master-iii\/","url":"https:\/\/www.silentblocks.com\/es\/producto\/llave-para-aflojar-rotulas-de-brazos-delanteros-interstar-nv400-movano-b-master-iii\/","name":"Llave para aflojar r\u00f3tulas de brazos delanteros, Interstar, NV400, Movano B, Master III - SILENT BLOCKS","isPartOf":{"@id":"https:\/\/www.silentblocks.com\/es\/#website"},"primaryImageOfPage":{"@id":"https:\/\/www.silentblocks.com\/es\/producto\/llave-para-aflojar-rotulas-de-brazos-delanteros-interstar-nv400-movano-b-master-iii\/#primaryimage"},"image":{"@id":"https:\/\/www.silentblocks.com\/es\/producto\/llave-para-aflojar-rotulas-de-brazos-delanteros-interstar-nv400-movano-b-master-iii\/#primaryimage"},"thumbnailUrl":"https:\/\/www.silentblocks.com\/wp-content\/uploads\/2026\/02\/Cle-pour-desserrer-lecrou-rotule-bras-avant.jpg","datePublished":"2025-11-22T11:41:06+00:00","dateModified":"2026-02-17T22:30:06+00:00","description":"Llave para aflojar r\u00f3tulas de brazo delantero para Nissan Interstar, NV400, Opel Movano B, Renault Master III, oem 40160 00Q0E, 40160 00Q0K, 40160-00Q1C","breadcrumb":{"@id":"https:\/\/www.silentblocks.com\/es\/producto\/llave-para-aflojar-rotulas-de-brazos-delanteros-interstar-nv400-movano-b-master-iii\/#breadcrumb"},"inLanguage":"es","potentialAction":[{"@type":"ReadAction","target":["https:\/\/www.silentblocks.com\/es\/producto\/llave-para-aflojar-rotulas-de-brazos-delanteros-interstar-nv400-movano-b-master-iii\/"]}]},{"@type":"ImageObject","inLanguage":"es","@id":"https:\/\/www.silentblocks.com\/es\/producto\/llave-para-aflojar-rotulas-de-brazos-delanteros-interstar-nv400-movano-b-master-iii\/#primaryimage","url":"https:\/\/www.silentblocks.com\/wp-content\/uploads\/2026\/02\/Cle-pour-desserrer-lecrou-rotule-bras-avant.jpg","contentUrl":"https:\/\/www.silentblocks.com\/wp-content\/uploads\/2026\/02\/Cle-pour-desserrer-lecrou-rotule-bras-avant.jpg","width":1000,"height":1000},{"@type":"BreadcrumbList","@id":"https:\/\/www.silentblocks.com\/es\/producto\/llave-para-aflojar-rotulas-de-brazos-delanteros-interstar-nv400-movano-b-master-iii\/#breadcrumb","itemListElement":[{"@type":"ListItem","position":1,"name":"In\u00edcio","item":"https:\/\/www.silentblocks.com\/es\/"},{"@type":"ListItem","position":2,"name":"Page boutique","item":"https:\/\/www.silentblocks.com\/es\/shop-2\/"},{"@type":"ListItem","position":3,"name":"Llave para aflojar r\u00f3tulas de brazos delanteros, Interstar, NV400, Movano B, Master III"}]},{"@type":"WebSite","@id":"https:\/\/www.silentblocks.com\/es\/#website","url":"https:\/\/www.silentblocks.com\/es\/","name":"SILENTBLOCKS","description":"Secure on the road","publisher":{"@id":"https:\/\/www.silentblocks.com\/es\/#organization"},"potentialAction":[{"@type":"SearchAction","target":{"@type":"EntryPoint","urlTemplate":"https:\/\/www.silentblocks.com\/es\/?s={search_term_string}"},"query-input":{"@type":"PropertyValueSpecification","valueRequired":true,"valueName":"search_term_string"}}],"inLanguage":"es"},{"@type":"Organization","@id":"https:\/\/www.silentblocks.com\/es\/#organization","name":"SILENTBLOCKS","url":"https:\/\/www.silentblocks.com\/es\/","logo":{"@type":"ImageObject","inLanguage":"es","@id":"https:\/\/www.silentblocks.com\/es\/#\/schema\/logo\/image\/","url":"https:\/\/www.silentblocks.com\/wp-content\/uploads\/2023\/07\/logo211-sem-fundo_2012-PARA-BOUTIQUE-EBAY.png","contentUrl":"https:\/\/www.silentblocks.com\/wp-content\/uploads\/2023\/07\/logo211-sem-fundo_2012-PARA-BOUTIQUE-EBAY.png","width":300,"height":190,"caption":"SILENTBLOCKS"},"image":{"@id":"https:\/\/www.silentblocks.com\/es\/#\/schema\/logo\/image\/"}}]}},"_links":{"self":[{"href":"https:\/\/www.silentblocks.com\/es\/wp-json\/wp\/v2\/product\/109855","targetHints":{"allow":["GET"]}}],"collection":[{"href":"https:\/\/www.silentblocks.com\/es\/wp-json\/wp\/v2\/product"}],"about":[{"href":"https:\/\/www.silentblocks.com\/es\/wp-json\/wp\/v2\/types\/product"}],"version-history":[{"count":0,"href":"https:\/\/www.silentblocks.com\/es\/wp-json\/wp\/v2\/product\/109855\/revisions"}],"wp:featuredmedia":[{"embeddable":true,"href":"https:\/\/www.silentblocks.com\/es\/wp-json\/wp\/v2\/media\/109807"}],"wp:attachment":[{"href":"https:\/\/www.silentblocks.com\/es\/wp-json\/wp\/v2\/media?parent=109855"}],"wp:term":[{"taxonomy":"product_brand","embeddable":true,"href":"https:\/\/www.silentblocks.com\/es\/wp-json\/wp\/v2\/product_brand?post=109855"},{"taxonomy":"product_cat","embeddable":true,"href":"https:\/\/www.silentblocks.com\/es\/wp-json\/wp\/v2\/product_cat?post=109855"},{"taxonomy":"product_tag","embeddable":true,"href":"https:\/\/www.silentblocks.com\/es\/wp-json\/wp\/v2\/product_tag?post=109855"}],"curies":[{"name":"wp","href":"https:\/\/api.w.org\/{rel}","templated":true}]}}