{"id":110313,"date":"2025-11-29T17:16:12","date_gmt":"2025-11-29T17:16:12","guid":{"rendered":"https:\/\/www.silentblocks.com\/product\/silentblocks-en-brazos-delanteros-f-pace-i-pace-velar-copie\/"},"modified":"2026-02-17T22:31:05","modified_gmt":"2026-02-17T22:31:05","slug":"silentblocks-en-brazos-delanteros-f-pace-i-pace-velar-copie","status":"publish","type":"product","link":"https:\/\/www.silentblocks.com\/es\/producto\/silentblocks-en-brazos-delanteros-f-pace-i-pace-velar-copie\/","title":{"rendered":"Silentblocks en los brazos superiores delanteros, F-Pace, I-Pace, Velar"},"content":{"rendered":"<p>Silentblocks en ambos brazos superiores delanteros, compatibles con los siguientes veh\u00edculos:<br \/>\nJaguar F-PACE (X761) (09.2015-)<br \/>\nJaguar I-PACE (X590) (02.2018-)<br \/>\nLand Rover Velar (L560) (03.2017-)<\/p>\n<p>Referencias del fabricante (c\u00f3digo OEM) s\u00f3lo a t\u00edtulo informativo :<br \/>\nGX73 3A188 AB, HK83 3084 BB, HK83 3091 BB, T4A 1067, T4A 1069, T4N7752, HK83 3084 BB, HK83 3091 BB, LR0 90502, LR0 90503, T4A1010, T4A1068<\/p>\n<p>Piezas nuevas, se vende con factura. Todos nuestros productos tienen 2 a\u00f1os de garant\u00eda.<\/p>\n","protected":false},"excerpt":{"rendered":"<p>Silentblocks en ambos brazos superiores delanteros, compatibles con los siguientes veh\u00edculos: Jaguar F-PACE (X761) (09.2015-) Jaguar I-PACE (X590) (02.2018-) Land Rover Velar (L560) (03.2017-) Referencias del fabricante (c\u00f3digo OEM) s\u00f3lo a t\u00edtulo informativo : GX73 3A188 AB, HK83 3084 BB, HK83 3091 BB, T4A 1067, T4A 1069, T4N7752, HK83 3084 BB, HK83 3091 BB, LR0 [&hellip;]<\/p>\n","protected":false},"featured_media":110297,"template":"","meta":[],"product_brand":[],"product_cat":[944,6135,6140,961,6145,6147],"product_tag":[],"class_list":{"0":"post-110313","1":"product","2":"type-product","3":"status-publish","4":"has-post-thumbnail","6":"product_cat-jaguar","7":"product_cat-f-pace-x761","8":"product_cat-i-pace-x590","9":"product_cat-landrover","10":"product_cat-range-rover-velar-l560","13":"first","14":"instock","15":"shipping-taxable","16":"purchasable","17":"product-type-simple"},"yoast_head":"<!-- This site is optimized with the Yoast SEO Premium plugin v23.0 (Yoast SEO v27.4) - https:\/\/yoast.com\/product\/yoast-seo-premium-wordpress\/ -->\n<title>Silentblocks en los brazos superiores delanteros, F-Pace, I-Pace, Velar - SILENT BLOCKS<\/title>\n<meta name=\"description\" content=\"Silentblocks de brazos superiores delanteros para Jaguar F-Pace, I-Pace, Range Rover Velar, compatibles con oem GX73 3A188 AB, HK83 3084 BB, HK83 3091 BB, T4A 1067\" \/>\n<meta name=\"robots\" content=\"index, follow, max-snippet:-1, max-image-preview:large, max-video-preview:-1\" \/>\n<link rel=\"canonical\" href=\"https:\/\/www.silentblocks.com\/es\/producto\/silentblocks-en-brazos-delanteros-f-pace-i-pace-velar-copie\/\" \/>\n<meta property=\"og:locale\" content=\"es_ES\" \/>\n<meta property=\"og:type\" content=\"article\" \/>\n<meta property=\"og:title\" content=\"Silentblocks en los brazos superiores delanteros, F-Pace, I-Pace, Velar\" \/>\n<meta property=\"og:description\" content=\"Silentblocks de brazos superiores delanteros para Jaguar F-Pace, I-Pace, Range Rover Velar, compatibles con oem GX73 3A188 AB, HK83 3084 BB, HK83 3091 BB, T4A 1067\" \/>\n<meta property=\"og:url\" content=\"https:\/\/www.silentblocks.com\/es\/producto\/silentblocks-en-brazos-delanteros-f-pace-i-pace-velar-copie\/\" \/>\n<meta property=\"og:site_name\" content=\"SILENT BLOCKS\" \/>\n<meta property=\"article:modified_time\" content=\"2026-02-17T22:31:05+00:00\" \/>\n<meta property=\"og:image\" content=\"https:\/\/www.silentblocks.com\/wp-content\/uploads\/2026\/02\/silentblocs-bras-superieur-avant-Jaguar-I-Pace.jpg\" \/>\n\t<meta property=\"og:image:width\" content=\"1500\" \/>\n\t<meta property=\"og:image:height\" content=\"1500\" \/>\n\t<meta property=\"og:image:type\" content=\"image\/jpeg\" \/>\n<meta name=\"twitter:card\" content=\"summary_large_image\" \/>\n<script type=\"application\/ld+json\" class=\"yoast-schema-graph\">{\"@context\":\"https:\\\/\\\/schema.org\",\"@graph\":[{\"@type\":\"WebPage\",\"@id\":\"https:\\\/\\\/www.silentblocks.com\\\/es\\\/producto\\\/silentblocks-en-brazos-delanteros-f-pace-i-pace-velar-copie\\\/\",\"url\":\"https:\\\/\\\/www.silentblocks.com\\\/es\\\/producto\\\/silentblocks-en-brazos-delanteros-f-pace-i-pace-velar-copie\\\/\",\"name\":\"Silentblocks en los brazos superiores delanteros, F-Pace, I-Pace, Velar - SILENT BLOCKS\",\"isPartOf\":{\"@id\":\"https:\\\/\\\/www.silentblocks.com\\\/es\\\/#website\"},\"primaryImageOfPage\":{\"@id\":\"https:\\\/\\\/www.silentblocks.com\\\/es\\\/producto\\\/silentblocks-en-brazos-delanteros-f-pace-i-pace-velar-copie\\\/#primaryimage\"},\"image\":{\"@id\":\"https:\\\/\\\/www.silentblocks.com\\\/es\\\/producto\\\/silentblocks-en-brazos-delanteros-f-pace-i-pace-velar-copie\\\/#primaryimage\"},\"thumbnailUrl\":\"https:\\\/\\\/www.silentblocks.com\\\/wp-content\\\/uploads\\\/2026\\\/02\\\/silentblocs-bras-superieur-avant-Jaguar-I-Pace.jpg\",\"datePublished\":\"2025-11-29T17:16:12+00:00\",\"dateModified\":\"2026-02-17T22:31:05+00:00\",\"description\":\"Silentblocks de brazos superiores delanteros para Jaguar F-Pace, I-Pace, Range Rover Velar, compatibles con oem GX73 3A188 AB, HK83 3084 BB, HK83 3091 BB, T4A 1067\",\"breadcrumb\":{\"@id\":\"https:\\\/\\\/www.silentblocks.com\\\/es\\\/producto\\\/silentblocks-en-brazos-delanteros-f-pace-i-pace-velar-copie\\\/#breadcrumb\"},\"inLanguage\":\"es\",\"potentialAction\":[{\"@type\":\"ReadAction\",\"target\":[\"https:\\\/\\\/www.silentblocks.com\\\/es\\\/producto\\\/silentblocks-en-brazos-delanteros-f-pace-i-pace-velar-copie\\\/\"]}]},{\"@type\":\"ImageObject\",\"inLanguage\":\"es\",\"@id\":\"https:\\\/\\\/www.silentblocks.com\\\/es\\\/producto\\\/silentblocks-en-brazos-delanteros-f-pace-i-pace-velar-copie\\\/#primaryimage\",\"url\":\"https:\\\/\\\/www.silentblocks.com\\\/wp-content\\\/uploads\\\/2026\\\/02\\\/silentblocs-bras-superieur-avant-Jaguar-I-Pace.jpg\",\"contentUrl\":\"https:\\\/\\\/www.silentblocks.com\\\/wp-content\\\/uploads\\\/2026\\\/02\\\/silentblocs-bras-superieur-avant-Jaguar-I-Pace.jpg\",\"width\":1500,\"height\":1500},{\"@type\":\"BreadcrumbList\",\"@id\":\"https:\\\/\\\/www.silentblocks.com\\\/es\\\/producto\\\/silentblocks-en-brazos-delanteros-f-pace-i-pace-velar-copie\\\/#breadcrumb\",\"itemListElement\":[{\"@type\":\"ListItem\",\"position\":1,\"name\":\"In\u00edcio\",\"item\":\"https:\\\/\\\/www.silentblocks.com\\\/es\\\/\"},{\"@type\":\"ListItem\",\"position\":2,\"name\":\"Page boutique\",\"item\":\"https:\\\/\\\/www.silentblocks.com\\\/es\\\/shop-2\\\/\"},{\"@type\":\"ListItem\",\"position\":3,\"name\":\"Silentblocks en los brazos superiores delanteros, F-Pace, I-Pace, Velar\"}]},{\"@type\":\"WebSite\",\"@id\":\"https:\\\/\\\/www.silentblocks.com\\\/es\\\/#website\",\"url\":\"https:\\\/\\\/www.silentblocks.com\\\/es\\\/\",\"name\":\"SILENTBLOCKS\",\"description\":\"Secure on the road\",\"publisher\":{\"@id\":\"https:\\\/\\\/www.silentblocks.com\\\/es\\\/#organization\"},\"potentialAction\":[{\"@type\":\"SearchAction\",\"target\":{\"@type\":\"EntryPoint\",\"urlTemplate\":\"https:\\\/\\\/www.silentblocks.com\\\/es\\\/?s={search_term_string}\"},\"query-input\":{\"@type\":\"PropertyValueSpecification\",\"valueRequired\":true,\"valueName\":\"search_term_string\"}}],\"inLanguage\":\"es\"},{\"@type\":\"Organization\",\"@id\":\"https:\\\/\\\/www.silentblocks.com\\\/es\\\/#organization\",\"name\":\"SILENTBLOCKS\",\"url\":\"https:\\\/\\\/www.silentblocks.com\\\/es\\\/\",\"logo\":{\"@type\":\"ImageObject\",\"inLanguage\":\"es\",\"@id\":\"https:\\\/\\\/www.silentblocks.com\\\/es\\\/#\\\/schema\\\/logo\\\/image\\\/\",\"url\":\"https:\\\/\\\/www.silentblocks.com\\\/wp-content\\\/uploads\\\/2023\\\/07\\\/logo211-sem-fundo_2012-PARA-BOUTIQUE-EBAY.png\",\"contentUrl\":\"https:\\\/\\\/www.silentblocks.com\\\/wp-content\\\/uploads\\\/2023\\\/07\\\/logo211-sem-fundo_2012-PARA-BOUTIQUE-EBAY.png\",\"width\":300,\"height\":190,\"caption\":\"SILENTBLOCKS\"},\"image\":{\"@id\":\"https:\\\/\\\/www.silentblocks.com\\\/es\\\/#\\\/schema\\\/logo\\\/image\\\/\"}}]}<\/script>\n<!-- \/ Yoast SEO Premium plugin. -->","yoast_head_json":{"title":"Silentblocks en los brazos superiores delanteros, F-Pace, I-Pace, Velar - SILENT BLOCKS","description":"Silentblocks de brazos superiores delanteros para Jaguar F-Pace, I-Pace, Range Rover Velar, compatibles con oem GX73 3A188 AB, HK83 3084 BB, HK83 3091 BB, T4A 1067","robots":{"index":"index","follow":"follow","max-snippet":"max-snippet:-1","max-image-preview":"max-image-preview:large","max-video-preview":"max-video-preview:-1"},"canonical":"https:\/\/www.silentblocks.com\/es\/producto\/silentblocks-en-brazos-delanteros-f-pace-i-pace-velar-copie\/","og_locale":"es_ES","og_type":"article","og_title":"Silentblocks en los brazos superiores delanteros, F-Pace, I-Pace, Velar","og_description":"Silentblocks de brazos superiores delanteros para Jaguar F-Pace, I-Pace, Range Rover Velar, compatibles con oem GX73 3A188 AB, HK83 3084 BB, HK83 3091 BB, T4A 1067","og_url":"https:\/\/www.silentblocks.com\/es\/producto\/silentblocks-en-brazos-delanteros-f-pace-i-pace-velar-copie\/","og_site_name":"SILENT BLOCKS","article_modified_time":"2026-02-17T22:31:05+00:00","og_image":[{"width":1500,"height":1500,"url":"https:\/\/www.silentblocks.com\/wp-content\/uploads\/2026\/02\/silentblocs-bras-superieur-avant-Jaguar-I-Pace.jpg","type":"image\/jpeg"}],"twitter_card":"summary_large_image","schema":{"@context":"https:\/\/schema.org","@graph":[{"@type":"WebPage","@id":"https:\/\/www.silentblocks.com\/es\/producto\/silentblocks-en-brazos-delanteros-f-pace-i-pace-velar-copie\/","url":"https:\/\/www.silentblocks.com\/es\/producto\/silentblocks-en-brazos-delanteros-f-pace-i-pace-velar-copie\/","name":"Silentblocks en los brazos superiores delanteros, F-Pace, I-Pace, Velar - SILENT BLOCKS","isPartOf":{"@id":"https:\/\/www.silentblocks.com\/es\/#website"},"primaryImageOfPage":{"@id":"https:\/\/www.silentblocks.com\/es\/producto\/silentblocks-en-brazos-delanteros-f-pace-i-pace-velar-copie\/#primaryimage"},"image":{"@id":"https:\/\/www.silentblocks.com\/es\/producto\/silentblocks-en-brazos-delanteros-f-pace-i-pace-velar-copie\/#primaryimage"},"thumbnailUrl":"https:\/\/www.silentblocks.com\/wp-content\/uploads\/2026\/02\/silentblocs-bras-superieur-avant-Jaguar-I-Pace.jpg","datePublished":"2025-11-29T17:16:12+00:00","dateModified":"2026-02-17T22:31:05+00:00","description":"Silentblocks de brazos superiores delanteros para Jaguar F-Pace, I-Pace, Range Rover Velar, compatibles con oem GX73 3A188 AB, HK83 3084 BB, HK83 3091 BB, T4A 1067","breadcrumb":{"@id":"https:\/\/www.silentblocks.com\/es\/producto\/silentblocks-en-brazos-delanteros-f-pace-i-pace-velar-copie\/#breadcrumb"},"inLanguage":"es","potentialAction":[{"@type":"ReadAction","target":["https:\/\/www.silentblocks.com\/es\/producto\/silentblocks-en-brazos-delanteros-f-pace-i-pace-velar-copie\/"]}]},{"@type":"ImageObject","inLanguage":"es","@id":"https:\/\/www.silentblocks.com\/es\/producto\/silentblocks-en-brazos-delanteros-f-pace-i-pace-velar-copie\/#primaryimage","url":"https:\/\/www.silentblocks.com\/wp-content\/uploads\/2026\/02\/silentblocs-bras-superieur-avant-Jaguar-I-Pace.jpg","contentUrl":"https:\/\/www.silentblocks.com\/wp-content\/uploads\/2026\/02\/silentblocs-bras-superieur-avant-Jaguar-I-Pace.jpg","width":1500,"height":1500},{"@type":"BreadcrumbList","@id":"https:\/\/www.silentblocks.com\/es\/producto\/silentblocks-en-brazos-delanteros-f-pace-i-pace-velar-copie\/#breadcrumb","itemListElement":[{"@type":"ListItem","position":1,"name":"In\u00edcio","item":"https:\/\/www.silentblocks.com\/es\/"},{"@type":"ListItem","position":2,"name":"Page boutique","item":"https:\/\/www.silentblocks.com\/es\/shop-2\/"},{"@type":"ListItem","position":3,"name":"Silentblocks en los brazos superiores delanteros, F-Pace, I-Pace, Velar"}]},{"@type":"WebSite","@id":"https:\/\/www.silentblocks.com\/es\/#website","url":"https:\/\/www.silentblocks.com\/es\/","name":"SILENTBLOCKS","description":"Secure on the road","publisher":{"@id":"https:\/\/www.silentblocks.com\/es\/#organization"},"potentialAction":[{"@type":"SearchAction","target":{"@type":"EntryPoint","urlTemplate":"https:\/\/www.silentblocks.com\/es\/?s={search_term_string}"},"query-input":{"@type":"PropertyValueSpecification","valueRequired":true,"valueName":"search_term_string"}}],"inLanguage":"es"},{"@type":"Organization","@id":"https:\/\/www.silentblocks.com\/es\/#organization","name":"SILENTBLOCKS","url":"https:\/\/www.silentblocks.com\/es\/","logo":{"@type":"ImageObject","inLanguage":"es","@id":"https:\/\/www.silentblocks.com\/es\/#\/schema\/logo\/image\/","url":"https:\/\/www.silentblocks.com\/wp-content\/uploads\/2023\/07\/logo211-sem-fundo_2012-PARA-BOUTIQUE-EBAY.png","contentUrl":"https:\/\/www.silentblocks.com\/wp-content\/uploads\/2023\/07\/logo211-sem-fundo_2012-PARA-BOUTIQUE-EBAY.png","width":300,"height":190,"caption":"SILENTBLOCKS"},"image":{"@id":"https:\/\/www.silentblocks.com\/es\/#\/schema\/logo\/image\/"}}]}},"_links":{"self":[{"href":"https:\/\/www.silentblocks.com\/es\/wp-json\/wp\/v2\/product\/110313","targetHints":{"allow":["GET"]}}],"collection":[{"href":"https:\/\/www.silentblocks.com\/es\/wp-json\/wp\/v2\/product"}],"about":[{"href":"https:\/\/www.silentblocks.com\/es\/wp-json\/wp\/v2\/types\/product"}],"version-history":[{"count":0,"href":"https:\/\/www.silentblocks.com\/es\/wp-json\/wp\/v2\/product\/110313\/revisions"}],"wp:featuredmedia":[{"embeddable":true,"href":"https:\/\/www.silentblocks.com\/es\/wp-json\/wp\/v2\/media\/110297"}],"wp:attachment":[{"href":"https:\/\/www.silentblocks.com\/es\/wp-json\/wp\/v2\/media?parent=110313"}],"wp:term":[{"taxonomy":"product_brand","embeddable":true,"href":"https:\/\/www.silentblocks.com\/es\/wp-json\/wp\/v2\/product_brand?post=110313"},{"taxonomy":"product_cat","embeddable":true,"href":"https:\/\/www.silentblocks.com\/es\/wp-json\/wp\/v2\/product_cat?post=110313"},{"taxonomy":"product_tag","embeddable":true,"href":"https:\/\/www.silentblocks.com\/es\/wp-json\/wp\/v2\/product_tag?post=110313"}],"curies":[{"name":"wp","href":"https:\/\/api.w.org\/{rel}","templated":true}]}}