{"id":110379,"date":"2025-11-29T22:15:43","date_gmt":"2025-11-29T22:15:43","guid":{"rendered":"https:\/\/www.silentblocks.com\/product\/silentblocks-bastidor-auxiliar-audi-a4-a5-q5-porsche-macan\/"},"modified":"2026-02-17T22:31:13","modified_gmt":"2026-02-17T22:31:13","slug":"silentblocks-bastidor-auxiliar-audi-a4-a5-q5-porsche-macan","status":"publish","type":"product","link":"https:\/\/www.silentblocks.com\/es\/producto\/silentblocks-bastidor-auxiliar-audi-a4-a5-q5-porsche-macan\/","title":{"rendered":"Silentblocks bastidor auxiliar, Audi A4\/A5\/Q5, Porsche Macan"},"content":{"rendered":"<p>Silentblocks de poliuretano para bastidor auxiliar, compatibles con los siguientes veh\u00edculos:<br \/>\nAudi A4 B8 (2007-2015) FWD \/Quattro &amp; Allroad\/S4\/RS4<br \/>\nAudi A5 8T (2007-2016) FWD \/Quattro\/S5\/RS5<br \/>\nAudi Q5 8R (2008-2016) FWD \/Quattro\/SQ5<br \/>\nPorsche Macan I (2013-2024)<\/p>\n<p>Dureza: 80Sha<\/p>\n<p>Referencias del fabricante (c\u00f3digo OEM) s\u00f3lo a t\u00edtulo informativo :<br \/>\n4G0 505 145 G, 8R0 505 145, 4G0 505 145 B, 8R0 505 145 F, 8R0 505 145 A<\/p>\n<p>Piezas nuevas, se vende con factura. Todos nuestros productos tienen 2 a\u00f1os de garant\u00eda.<\/p>\n","protected":false},"excerpt":{"rendered":"<p>Silentblocks de poliuretano para bastidor auxiliar, compatibles con los siguientes veh\u00edculos: Audi A4 B8 (2007-2015) FWD \/Quattro &amp; Allroad\/S4\/RS4 Audi A5 8T (2007-2016) FWD \/Quattro\/S5\/RS5 Audi Q5 8R (2008-2016) FWD \/Quattro\/SQ5 Porsche Macan I (2013-2024) Dureza: 80Sha Referencias del fabricante (c\u00f3digo OEM) s\u00f3lo a t\u00edtulo informativo : 4G0 505 145 G, 8R0 505 145, 4G0 [&hellip;]<\/p>\n","protected":false},"featured_media":110363,"template":"","meta":[],"product_brand":[],"product_cat":[949,4026,4027,998,1734,1735],"product_tag":[],"class_list":{"0":"post-110379","1":"product","2":"type-product","3":"status-publish","4":"has-post-thumbnail","6":"product_cat-audi","7":"product_cat-a4-2007-2015","8":"product_cat-a4-2007-2015-es","9":"product_cat-q5","10":"product_cat-porsche","11":"product_cat-macan-2014","13":"first","14":"instock","15":"shipping-taxable","16":"purchasable","17":"product-type-simple"},"yoast_head":"<!-- This site is optimized with the Yoast SEO Premium plugin v23.0 (Yoast SEO v27.4) - https:\/\/yoast.com\/product\/yoast-seo-premium-wordpress\/ -->\n<title>Silentblocks bastidor auxiliar, Audi A4\/A5\/Q5, Porsche Macan - SILENT BLOCKS<\/title>\n<meta name=\"description\" content=\"Silenciadores traseros de cuna para Audi A4\/A5\/Q5, Porsche Macan, compatibles con oem 4G0 505 145 G, 8R0 505 145, 4G0 505 145 B, 8R0 505 145 F, 8R0 505 145 A\" \/>\n<meta name=\"robots\" content=\"index, follow, max-snippet:-1, max-image-preview:large, max-video-preview:-1\" \/>\n<link rel=\"canonical\" href=\"https:\/\/www.silentblocks.com\/es\/producto\/silentblocks-bastidor-auxiliar-audi-a4-a5-q5-porsche-macan\/\" \/>\n<meta property=\"og:locale\" content=\"es_ES\" \/>\n<meta property=\"og:type\" content=\"article\" \/>\n<meta property=\"og:title\" content=\"Silentblocks bastidor auxiliar, Audi A4\/A5\/Q5, Porsche Macan\" \/>\n<meta property=\"og:description\" content=\"Silenciadores traseros de cuna para Audi A4\/A5\/Q5, Porsche Macan, compatibles con oem 4G0 505 145 G, 8R0 505 145, 4G0 505 145 B, 8R0 505 145 F, 8R0 505 145 A\" \/>\n<meta property=\"og:url\" content=\"https:\/\/www.silentblocks.com\/es\/producto\/silentblocks-bastidor-auxiliar-audi-a4-a5-q5-porsche-macan\/\" \/>\n<meta property=\"og:site_name\" content=\"SILENT BLOCKS\" \/>\n<meta property=\"article:modified_time\" content=\"2026-02-17T22:31:13+00:00\" \/>\n<meta property=\"og:image\" content=\"https:\/\/www.silentblocks.com\/wp-content\/uploads\/2026\/02\/026252B_.jpg\" \/>\n\t<meta property=\"og:image:width\" content=\"1500\" \/>\n\t<meta property=\"og:image:height\" content=\"1500\" \/>\n\t<meta property=\"og:image:type\" content=\"image\/jpeg\" \/>\n<meta name=\"twitter:card\" content=\"summary_large_image\" \/>\n<script type=\"application\/ld+json\" class=\"yoast-schema-graph\">{\"@context\":\"https:\\\/\\\/schema.org\",\"@graph\":[{\"@type\":\"WebPage\",\"@id\":\"https:\\\/\\\/www.silentblocks.com\\\/es\\\/producto\\\/silentblocks-bastidor-auxiliar-audi-a4-a5-q5-porsche-macan\\\/\",\"url\":\"https:\\\/\\\/www.silentblocks.com\\\/es\\\/producto\\\/silentblocks-bastidor-auxiliar-audi-a4-a5-q5-porsche-macan\\\/\",\"name\":\"Silentblocks bastidor auxiliar, Audi A4\\\/A5\\\/Q5, Porsche Macan - SILENT BLOCKS\",\"isPartOf\":{\"@id\":\"https:\\\/\\\/www.silentblocks.com\\\/es\\\/#website\"},\"primaryImageOfPage\":{\"@id\":\"https:\\\/\\\/www.silentblocks.com\\\/es\\\/producto\\\/silentblocks-bastidor-auxiliar-audi-a4-a5-q5-porsche-macan\\\/#primaryimage\"},\"image\":{\"@id\":\"https:\\\/\\\/www.silentblocks.com\\\/es\\\/producto\\\/silentblocks-bastidor-auxiliar-audi-a4-a5-q5-porsche-macan\\\/#primaryimage\"},\"thumbnailUrl\":\"https:\\\/\\\/www.silentblocks.com\\\/wp-content\\\/uploads\\\/2026\\\/02\\\/026252B_.jpg\",\"datePublished\":\"2025-11-29T22:15:43+00:00\",\"dateModified\":\"2026-02-17T22:31:13+00:00\",\"description\":\"Silenciadores traseros de cuna para Audi A4\\\/A5\\\/Q5, Porsche Macan, compatibles con oem 4G0 505 145 G, 8R0 505 145, 4G0 505 145 B, 8R0 505 145 F, 8R0 505 145 A\",\"breadcrumb\":{\"@id\":\"https:\\\/\\\/www.silentblocks.com\\\/es\\\/producto\\\/silentblocks-bastidor-auxiliar-audi-a4-a5-q5-porsche-macan\\\/#breadcrumb\"},\"inLanguage\":\"es\",\"potentialAction\":[{\"@type\":\"ReadAction\",\"target\":[\"https:\\\/\\\/www.silentblocks.com\\\/es\\\/producto\\\/silentblocks-bastidor-auxiliar-audi-a4-a5-q5-porsche-macan\\\/\"]}]},{\"@type\":\"ImageObject\",\"inLanguage\":\"es\",\"@id\":\"https:\\\/\\\/www.silentblocks.com\\\/es\\\/producto\\\/silentblocks-bastidor-auxiliar-audi-a4-a5-q5-porsche-macan\\\/#primaryimage\",\"url\":\"https:\\\/\\\/www.silentblocks.com\\\/wp-content\\\/uploads\\\/2026\\\/02\\\/026252B_.jpg\",\"contentUrl\":\"https:\\\/\\\/www.silentblocks.com\\\/wp-content\\\/uploads\\\/2026\\\/02\\\/026252B_.jpg\",\"width\":1500,\"height\":1500},{\"@type\":\"BreadcrumbList\",\"@id\":\"https:\\\/\\\/www.silentblocks.com\\\/es\\\/producto\\\/silentblocks-bastidor-auxiliar-audi-a4-a5-q5-porsche-macan\\\/#breadcrumb\",\"itemListElement\":[{\"@type\":\"ListItem\",\"position\":1,\"name\":\"In\u00edcio\",\"item\":\"https:\\\/\\\/www.silentblocks.com\\\/es\\\/\"},{\"@type\":\"ListItem\",\"position\":2,\"name\":\"Page boutique\",\"item\":\"https:\\\/\\\/www.silentblocks.com\\\/es\\\/shop-2\\\/\"},{\"@type\":\"ListItem\",\"position\":3,\"name\":\"Silentblocks bastidor auxiliar, Audi A4\\\/A5\\\/Q5, Porsche Macan\"}]},{\"@type\":\"WebSite\",\"@id\":\"https:\\\/\\\/www.silentblocks.com\\\/es\\\/#website\",\"url\":\"https:\\\/\\\/www.silentblocks.com\\\/es\\\/\",\"name\":\"SILENTBLOCKS\",\"description\":\"Secure on the road\",\"publisher\":{\"@id\":\"https:\\\/\\\/www.silentblocks.com\\\/es\\\/#organization\"},\"potentialAction\":[{\"@type\":\"SearchAction\",\"target\":{\"@type\":\"EntryPoint\",\"urlTemplate\":\"https:\\\/\\\/www.silentblocks.com\\\/es\\\/?s={search_term_string}\"},\"query-input\":{\"@type\":\"PropertyValueSpecification\",\"valueRequired\":true,\"valueName\":\"search_term_string\"}}],\"inLanguage\":\"es\"},{\"@type\":\"Organization\",\"@id\":\"https:\\\/\\\/www.silentblocks.com\\\/es\\\/#organization\",\"name\":\"SILENTBLOCKS\",\"url\":\"https:\\\/\\\/www.silentblocks.com\\\/es\\\/\",\"logo\":{\"@type\":\"ImageObject\",\"inLanguage\":\"es\",\"@id\":\"https:\\\/\\\/www.silentblocks.com\\\/es\\\/#\\\/schema\\\/logo\\\/image\\\/\",\"url\":\"https:\\\/\\\/www.silentblocks.com\\\/wp-content\\\/uploads\\\/2023\\\/07\\\/logo211-sem-fundo_2012-PARA-BOUTIQUE-EBAY.png\",\"contentUrl\":\"https:\\\/\\\/www.silentblocks.com\\\/wp-content\\\/uploads\\\/2023\\\/07\\\/logo211-sem-fundo_2012-PARA-BOUTIQUE-EBAY.png\",\"width\":300,\"height\":190,\"caption\":\"SILENTBLOCKS\"},\"image\":{\"@id\":\"https:\\\/\\\/www.silentblocks.com\\\/es\\\/#\\\/schema\\\/logo\\\/image\\\/\"}}]}<\/script>\n<!-- \/ Yoast SEO Premium plugin. -->","yoast_head_json":{"title":"Silentblocks bastidor auxiliar, Audi A4\/A5\/Q5, Porsche Macan - SILENT BLOCKS","description":"Silenciadores traseros de cuna para Audi A4\/A5\/Q5, Porsche Macan, compatibles con oem 4G0 505 145 G, 8R0 505 145, 4G0 505 145 B, 8R0 505 145 F, 8R0 505 145 A","robots":{"index":"index","follow":"follow","max-snippet":"max-snippet:-1","max-image-preview":"max-image-preview:large","max-video-preview":"max-video-preview:-1"},"canonical":"https:\/\/www.silentblocks.com\/es\/producto\/silentblocks-bastidor-auxiliar-audi-a4-a5-q5-porsche-macan\/","og_locale":"es_ES","og_type":"article","og_title":"Silentblocks bastidor auxiliar, Audi A4\/A5\/Q5, Porsche Macan","og_description":"Silenciadores traseros de cuna para Audi A4\/A5\/Q5, Porsche Macan, compatibles con oem 4G0 505 145 G, 8R0 505 145, 4G0 505 145 B, 8R0 505 145 F, 8R0 505 145 A","og_url":"https:\/\/www.silentblocks.com\/es\/producto\/silentblocks-bastidor-auxiliar-audi-a4-a5-q5-porsche-macan\/","og_site_name":"SILENT BLOCKS","article_modified_time":"2026-02-17T22:31:13+00:00","og_image":[{"width":1500,"height":1500,"url":"https:\/\/www.silentblocks.com\/wp-content\/uploads\/2026\/02\/026252B_.jpg","type":"image\/jpeg"}],"twitter_card":"summary_large_image","schema":{"@context":"https:\/\/schema.org","@graph":[{"@type":"WebPage","@id":"https:\/\/www.silentblocks.com\/es\/producto\/silentblocks-bastidor-auxiliar-audi-a4-a5-q5-porsche-macan\/","url":"https:\/\/www.silentblocks.com\/es\/producto\/silentblocks-bastidor-auxiliar-audi-a4-a5-q5-porsche-macan\/","name":"Silentblocks bastidor auxiliar, Audi A4\/A5\/Q5, Porsche Macan - SILENT BLOCKS","isPartOf":{"@id":"https:\/\/www.silentblocks.com\/es\/#website"},"primaryImageOfPage":{"@id":"https:\/\/www.silentblocks.com\/es\/producto\/silentblocks-bastidor-auxiliar-audi-a4-a5-q5-porsche-macan\/#primaryimage"},"image":{"@id":"https:\/\/www.silentblocks.com\/es\/producto\/silentblocks-bastidor-auxiliar-audi-a4-a5-q5-porsche-macan\/#primaryimage"},"thumbnailUrl":"https:\/\/www.silentblocks.com\/wp-content\/uploads\/2026\/02\/026252B_.jpg","datePublished":"2025-11-29T22:15:43+00:00","dateModified":"2026-02-17T22:31:13+00:00","description":"Silenciadores traseros de cuna para Audi A4\/A5\/Q5, Porsche Macan, compatibles con oem 4G0 505 145 G, 8R0 505 145, 4G0 505 145 B, 8R0 505 145 F, 8R0 505 145 A","breadcrumb":{"@id":"https:\/\/www.silentblocks.com\/es\/producto\/silentblocks-bastidor-auxiliar-audi-a4-a5-q5-porsche-macan\/#breadcrumb"},"inLanguage":"es","potentialAction":[{"@type":"ReadAction","target":["https:\/\/www.silentblocks.com\/es\/producto\/silentblocks-bastidor-auxiliar-audi-a4-a5-q5-porsche-macan\/"]}]},{"@type":"ImageObject","inLanguage":"es","@id":"https:\/\/www.silentblocks.com\/es\/producto\/silentblocks-bastidor-auxiliar-audi-a4-a5-q5-porsche-macan\/#primaryimage","url":"https:\/\/www.silentblocks.com\/wp-content\/uploads\/2026\/02\/026252B_.jpg","contentUrl":"https:\/\/www.silentblocks.com\/wp-content\/uploads\/2026\/02\/026252B_.jpg","width":1500,"height":1500},{"@type":"BreadcrumbList","@id":"https:\/\/www.silentblocks.com\/es\/producto\/silentblocks-bastidor-auxiliar-audi-a4-a5-q5-porsche-macan\/#breadcrumb","itemListElement":[{"@type":"ListItem","position":1,"name":"In\u00edcio","item":"https:\/\/www.silentblocks.com\/es\/"},{"@type":"ListItem","position":2,"name":"Page boutique","item":"https:\/\/www.silentblocks.com\/es\/shop-2\/"},{"@type":"ListItem","position":3,"name":"Silentblocks bastidor auxiliar, Audi A4\/A5\/Q5, Porsche Macan"}]},{"@type":"WebSite","@id":"https:\/\/www.silentblocks.com\/es\/#website","url":"https:\/\/www.silentblocks.com\/es\/","name":"SILENTBLOCKS","description":"Secure on the road","publisher":{"@id":"https:\/\/www.silentblocks.com\/es\/#organization"},"potentialAction":[{"@type":"SearchAction","target":{"@type":"EntryPoint","urlTemplate":"https:\/\/www.silentblocks.com\/es\/?s={search_term_string}"},"query-input":{"@type":"PropertyValueSpecification","valueRequired":true,"valueName":"search_term_string"}}],"inLanguage":"es"},{"@type":"Organization","@id":"https:\/\/www.silentblocks.com\/es\/#organization","name":"SILENTBLOCKS","url":"https:\/\/www.silentblocks.com\/es\/","logo":{"@type":"ImageObject","inLanguage":"es","@id":"https:\/\/www.silentblocks.com\/es\/#\/schema\/logo\/image\/","url":"https:\/\/www.silentblocks.com\/wp-content\/uploads\/2023\/07\/logo211-sem-fundo_2012-PARA-BOUTIQUE-EBAY.png","contentUrl":"https:\/\/www.silentblocks.com\/wp-content\/uploads\/2023\/07\/logo211-sem-fundo_2012-PARA-BOUTIQUE-EBAY.png","width":300,"height":190,"caption":"SILENTBLOCKS"},"image":{"@id":"https:\/\/www.silentblocks.com\/es\/#\/schema\/logo\/image\/"}}]}},"_links":{"self":[{"href":"https:\/\/www.silentblocks.com\/es\/wp-json\/wp\/v2\/product\/110379","targetHints":{"allow":["GET"]}}],"collection":[{"href":"https:\/\/www.silentblocks.com\/es\/wp-json\/wp\/v2\/product"}],"about":[{"href":"https:\/\/www.silentblocks.com\/es\/wp-json\/wp\/v2\/types\/product"}],"version-history":[{"count":0,"href":"https:\/\/www.silentblocks.com\/es\/wp-json\/wp\/v2\/product\/110379\/revisions"}],"wp:featuredmedia":[{"embeddable":true,"href":"https:\/\/www.silentblocks.com\/es\/wp-json\/wp\/v2\/media\/110363"}],"wp:attachment":[{"href":"https:\/\/www.silentblocks.com\/es\/wp-json\/wp\/v2\/media?parent=110379"}],"wp:term":[{"taxonomy":"product_brand","embeddable":true,"href":"https:\/\/www.silentblocks.com\/es\/wp-json\/wp\/v2\/product_brand?post=110379"},{"taxonomy":"product_cat","embeddable":true,"href":"https:\/\/www.silentblocks.com\/es\/wp-json\/wp\/v2\/product_cat?post=110379"},{"taxonomy":"product_tag","embeddable":true,"href":"https:\/\/www.silentblocks.com\/es\/wp-json\/wp\/v2\/product_tag?post=110379"}],"curies":[{"name":"wp","href":"https:\/\/api.w.org\/{rel}","templated":true}]}}