{"id":111055,"date":"2025-12-11T13:05:30","date_gmt":"2025-12-11T13:05:30","guid":{"rendered":"https:\/\/www.silentblocks.com\/product\/kit-suspension-trasera-poliuretano-rav4-iii-iv\/"},"modified":"2026-02-17T22:32:51","modified_gmt":"2026-02-17T22:32:51","slug":"kit-suspension-trasera-poliuretano-rav4-iii-iv","status":"publish","type":"product","link":"https:\/\/www.silentblocks.com\/es\/producto\/kit-suspension-trasera-poliuretano-rav4-iii-iv\/","title":{"rendered":"Kit suspensi\u00f3n trasera poliuretano, RAV4 III\/IV"},"content":{"rendered":"<p>Kit de 8 silentblocks de poliuretano para ambos lados de la suspensi\u00f3n trasera, compatible con los siguientes veh\u00edculos:<br \/>\nToyota RAV-4 III (XA30) (11.2005-12.2012)<br \/>\nToyota RAV-4 IV (XA40) (12.2012-)<\/p>\n<p>Dureza: 75\/85Sha<\/p>\n<p>Referencias del fabricante (c\u00f3digo OEM) s\u00f3lo a t\u00edtulo informativo :<br \/>\n48760-42010, 48760-0R010, 48780-0R010, 48780-42010, 48780-42030, 48760-42030, 48710-42020, 48710-0R010, 48710-0R020, 48710-0R030, 48710-42030, 48770-42040, 48730-42040, 48740-42010, 48730-42050, 48740-05060, 48725-05160<\/p>\n<p>Piezas nuevas, se vende con factura. Todos nuestros productos tienen 2 a\u00f1os de garant\u00eda.<\/p>\n","protected":false},"excerpt":{"rendered":"<p>Kit de 8 silentblocks de poliuretano para ambos lados de la suspensi\u00f3n trasera, compatible con los siguientes veh\u00edculos: Toyota RAV-4 III (XA30) (11.2005-12.2012) Toyota RAV-4 IV (XA40) (12.2012-) Dureza: 75\/85Sha Referencias del fabricante (c\u00f3digo OEM) s\u00f3lo a t\u00edtulo informativo : 48760-42010, 48760-0R010, 48780-0R010, 48780-42010, 48780-42030, 48760-42030, 48710-42020, 48710-0R010, 48710-0R020, 48710-0R030, 48710-42030, 48770-42040, 48730-42040, 48740-42010, 48730-42050, [&hellip;]<\/p>\n","protected":false},"featured_media":111033,"template":"","meta":[],"product_brand":[],"product_cat":[947,1508,1700,1701,3693],"product_tag":[],"class_list":{"0":"post-111055","1":"product","2":"type-product","3":"status-publish","4":"has-post-thumbnail","6":"product_cat-toyota","7":"product_cat-rav4","8":"product_cat-rav4-05-13","9":"product_cat-rav4-2013","10":"product_cat-rav4-2013-es","12":"first","13":"instock","14":"shipping-taxable","15":"purchasable","16":"product-type-simple"},"yoast_head":"<!-- This site is optimized with the Yoast SEO Premium plugin v23.0 (Yoast SEO v27.4) - https:\/\/yoast.com\/product\/yoast-seo-premium-wordpress\/ -->\n<title>Kit suspensi\u00f3n trasera poliuretano, RAV4 III\/IV - SILENT BLOCKS<\/title>\n<meta name=\"description\" content=\"Kit de suspensi\u00f3n trasera de poliuretano para Toyota RAV4 III\/IV, compatible con oem 48760-42010, 48760-0R010, 48780-0R010, 48780-42010\" \/>\n<meta name=\"robots\" content=\"index, follow, max-snippet:-1, max-image-preview:large, max-video-preview:-1\" \/>\n<link rel=\"canonical\" href=\"https:\/\/www.silentblocks.com\/es\/producto\/kit-suspension-trasera-poliuretano-rav4-iii-iv\/\" \/>\n<meta property=\"og:locale\" content=\"es_ES\" \/>\n<meta property=\"og:type\" content=\"article\" \/>\n<meta property=\"og:title\" content=\"Kit suspensi\u00f3n trasera poliuretano, RAV4 III\/IV\" \/>\n<meta property=\"og:description\" content=\"Kit de suspensi\u00f3n trasera de poliuretano para Toyota RAV4 III\/IV, compatible con oem 48760-42010, 48760-0R010, 48780-0R010, 48780-42010\" \/>\n<meta property=\"og:url\" content=\"https:\/\/www.silentblocks.com\/es\/producto\/kit-suspension-trasera-poliuretano-rav4-iii-iv\/\" \/>\n<meta property=\"og:site_name\" content=\"SILENT BLOCKS\" \/>\n<meta property=\"article:modified_time\" content=\"2026-02-17T22:32:51+00:00\" \/>\n<meta property=\"og:image\" content=\"https:\/\/www.silentblocks.com\/wp-content\/uploads\/2026\/02\/KIT-SUSPENSION-ARRIERE-RAV4-XA30.jpg\" \/>\n\t<meta property=\"og:image:width\" content=\"1500\" \/>\n\t<meta property=\"og:image:height\" content=\"1500\" \/>\n\t<meta property=\"og:image:type\" content=\"image\/jpeg\" \/>\n<meta name=\"twitter:card\" content=\"summary_large_image\" \/>\n<script type=\"application\/ld+json\" class=\"yoast-schema-graph\">{\"@context\":\"https:\\\/\\\/schema.org\",\"@graph\":[{\"@type\":\"WebPage\",\"@id\":\"https:\\\/\\\/www.silentblocks.com\\\/es\\\/producto\\\/kit-suspension-trasera-poliuretano-rav4-iii-iv\\\/\",\"url\":\"https:\\\/\\\/www.silentblocks.com\\\/es\\\/producto\\\/kit-suspension-trasera-poliuretano-rav4-iii-iv\\\/\",\"name\":\"Kit suspensi\u00f3n trasera poliuretano, RAV4 III\\\/IV - SILENT BLOCKS\",\"isPartOf\":{\"@id\":\"https:\\\/\\\/www.silentblocks.com\\\/es\\\/#website\"},\"primaryImageOfPage\":{\"@id\":\"https:\\\/\\\/www.silentblocks.com\\\/es\\\/producto\\\/kit-suspension-trasera-poliuretano-rav4-iii-iv\\\/#primaryimage\"},\"image\":{\"@id\":\"https:\\\/\\\/www.silentblocks.com\\\/es\\\/producto\\\/kit-suspension-trasera-poliuretano-rav4-iii-iv\\\/#primaryimage\"},\"thumbnailUrl\":\"https:\\\/\\\/www.silentblocks.com\\\/wp-content\\\/uploads\\\/2026\\\/02\\\/KIT-SUSPENSION-ARRIERE-RAV4-XA30.jpg\",\"datePublished\":\"2025-12-11T13:05:30+00:00\",\"dateModified\":\"2026-02-17T22:32:51+00:00\",\"description\":\"Kit de suspensi\u00f3n trasera de poliuretano para Toyota RAV4 III\\\/IV, compatible con oem 48760-42010, 48760-0R010, 48780-0R010, 48780-42010\",\"breadcrumb\":{\"@id\":\"https:\\\/\\\/www.silentblocks.com\\\/es\\\/producto\\\/kit-suspension-trasera-poliuretano-rav4-iii-iv\\\/#breadcrumb\"},\"inLanguage\":\"es\",\"potentialAction\":[{\"@type\":\"ReadAction\",\"target\":[\"https:\\\/\\\/www.silentblocks.com\\\/es\\\/producto\\\/kit-suspension-trasera-poliuretano-rav4-iii-iv\\\/\"]}]},{\"@type\":\"ImageObject\",\"inLanguage\":\"es\",\"@id\":\"https:\\\/\\\/www.silentblocks.com\\\/es\\\/producto\\\/kit-suspension-trasera-poliuretano-rav4-iii-iv\\\/#primaryimage\",\"url\":\"https:\\\/\\\/www.silentblocks.com\\\/wp-content\\\/uploads\\\/2026\\\/02\\\/KIT-SUSPENSION-ARRIERE-RAV4-XA30.jpg\",\"contentUrl\":\"https:\\\/\\\/www.silentblocks.com\\\/wp-content\\\/uploads\\\/2026\\\/02\\\/KIT-SUSPENSION-ARRIERE-RAV4-XA30.jpg\",\"width\":1500,\"height\":1500},{\"@type\":\"BreadcrumbList\",\"@id\":\"https:\\\/\\\/www.silentblocks.com\\\/es\\\/producto\\\/kit-suspension-trasera-poliuretano-rav4-iii-iv\\\/#breadcrumb\",\"itemListElement\":[{\"@type\":\"ListItem\",\"position\":1,\"name\":\"In\u00edcio\",\"item\":\"https:\\\/\\\/www.silentblocks.com\\\/es\\\/\"},{\"@type\":\"ListItem\",\"position\":2,\"name\":\"Page boutique\",\"item\":\"https:\\\/\\\/www.silentblocks.com\\\/es\\\/shop-2\\\/\"},{\"@type\":\"ListItem\",\"position\":3,\"name\":\"Kit suspensi\u00f3n trasera poliuretano, RAV4 III\\\/IV\"}]},{\"@type\":\"WebSite\",\"@id\":\"https:\\\/\\\/www.silentblocks.com\\\/es\\\/#website\",\"url\":\"https:\\\/\\\/www.silentblocks.com\\\/es\\\/\",\"name\":\"SILENTBLOCKS\",\"description\":\"Secure on the road\",\"publisher\":{\"@id\":\"https:\\\/\\\/www.silentblocks.com\\\/es\\\/#organization\"},\"potentialAction\":[{\"@type\":\"SearchAction\",\"target\":{\"@type\":\"EntryPoint\",\"urlTemplate\":\"https:\\\/\\\/www.silentblocks.com\\\/es\\\/?s={search_term_string}\"},\"query-input\":{\"@type\":\"PropertyValueSpecification\",\"valueRequired\":true,\"valueName\":\"search_term_string\"}}],\"inLanguage\":\"es\"},{\"@type\":\"Organization\",\"@id\":\"https:\\\/\\\/www.silentblocks.com\\\/es\\\/#organization\",\"name\":\"SILENTBLOCKS\",\"url\":\"https:\\\/\\\/www.silentblocks.com\\\/es\\\/\",\"logo\":{\"@type\":\"ImageObject\",\"inLanguage\":\"es\",\"@id\":\"https:\\\/\\\/www.silentblocks.com\\\/es\\\/#\\\/schema\\\/logo\\\/image\\\/\",\"url\":\"https:\\\/\\\/www.silentblocks.com\\\/wp-content\\\/uploads\\\/2023\\\/07\\\/logo211-sem-fundo_2012-PARA-BOUTIQUE-EBAY.png\",\"contentUrl\":\"https:\\\/\\\/www.silentblocks.com\\\/wp-content\\\/uploads\\\/2023\\\/07\\\/logo211-sem-fundo_2012-PARA-BOUTIQUE-EBAY.png\",\"width\":300,\"height\":190,\"caption\":\"SILENTBLOCKS\"},\"image\":{\"@id\":\"https:\\\/\\\/www.silentblocks.com\\\/es\\\/#\\\/schema\\\/logo\\\/image\\\/\"}}]}<\/script>\n<!-- \/ Yoast SEO Premium plugin. -->","yoast_head_json":{"title":"Kit suspensi\u00f3n trasera poliuretano, RAV4 III\/IV - SILENT BLOCKS","description":"Kit de suspensi\u00f3n trasera de poliuretano para Toyota RAV4 III\/IV, compatible con oem 48760-42010, 48760-0R010, 48780-0R010, 48780-42010","robots":{"index":"index","follow":"follow","max-snippet":"max-snippet:-1","max-image-preview":"max-image-preview:large","max-video-preview":"max-video-preview:-1"},"canonical":"https:\/\/www.silentblocks.com\/es\/producto\/kit-suspension-trasera-poliuretano-rav4-iii-iv\/","og_locale":"es_ES","og_type":"article","og_title":"Kit suspensi\u00f3n trasera poliuretano, RAV4 III\/IV","og_description":"Kit de suspensi\u00f3n trasera de poliuretano para Toyota RAV4 III\/IV, compatible con oem 48760-42010, 48760-0R010, 48780-0R010, 48780-42010","og_url":"https:\/\/www.silentblocks.com\/es\/producto\/kit-suspension-trasera-poliuretano-rav4-iii-iv\/","og_site_name":"SILENT BLOCKS","article_modified_time":"2026-02-17T22:32:51+00:00","og_image":[{"width":1500,"height":1500,"url":"https:\/\/www.silentblocks.com\/wp-content\/uploads\/2026\/02\/KIT-SUSPENSION-ARRIERE-RAV4-XA30.jpg","type":"image\/jpeg"}],"twitter_card":"summary_large_image","schema":{"@context":"https:\/\/schema.org","@graph":[{"@type":"WebPage","@id":"https:\/\/www.silentblocks.com\/es\/producto\/kit-suspension-trasera-poliuretano-rav4-iii-iv\/","url":"https:\/\/www.silentblocks.com\/es\/producto\/kit-suspension-trasera-poliuretano-rav4-iii-iv\/","name":"Kit suspensi\u00f3n trasera poliuretano, RAV4 III\/IV - SILENT BLOCKS","isPartOf":{"@id":"https:\/\/www.silentblocks.com\/es\/#website"},"primaryImageOfPage":{"@id":"https:\/\/www.silentblocks.com\/es\/producto\/kit-suspension-trasera-poliuretano-rav4-iii-iv\/#primaryimage"},"image":{"@id":"https:\/\/www.silentblocks.com\/es\/producto\/kit-suspension-trasera-poliuretano-rav4-iii-iv\/#primaryimage"},"thumbnailUrl":"https:\/\/www.silentblocks.com\/wp-content\/uploads\/2026\/02\/KIT-SUSPENSION-ARRIERE-RAV4-XA30.jpg","datePublished":"2025-12-11T13:05:30+00:00","dateModified":"2026-02-17T22:32:51+00:00","description":"Kit de suspensi\u00f3n trasera de poliuretano para Toyota RAV4 III\/IV, compatible con oem 48760-42010, 48760-0R010, 48780-0R010, 48780-42010","breadcrumb":{"@id":"https:\/\/www.silentblocks.com\/es\/producto\/kit-suspension-trasera-poliuretano-rav4-iii-iv\/#breadcrumb"},"inLanguage":"es","potentialAction":[{"@type":"ReadAction","target":["https:\/\/www.silentblocks.com\/es\/producto\/kit-suspension-trasera-poliuretano-rav4-iii-iv\/"]}]},{"@type":"ImageObject","inLanguage":"es","@id":"https:\/\/www.silentblocks.com\/es\/producto\/kit-suspension-trasera-poliuretano-rav4-iii-iv\/#primaryimage","url":"https:\/\/www.silentblocks.com\/wp-content\/uploads\/2026\/02\/KIT-SUSPENSION-ARRIERE-RAV4-XA30.jpg","contentUrl":"https:\/\/www.silentblocks.com\/wp-content\/uploads\/2026\/02\/KIT-SUSPENSION-ARRIERE-RAV4-XA30.jpg","width":1500,"height":1500},{"@type":"BreadcrumbList","@id":"https:\/\/www.silentblocks.com\/es\/producto\/kit-suspension-trasera-poliuretano-rav4-iii-iv\/#breadcrumb","itemListElement":[{"@type":"ListItem","position":1,"name":"In\u00edcio","item":"https:\/\/www.silentblocks.com\/es\/"},{"@type":"ListItem","position":2,"name":"Page boutique","item":"https:\/\/www.silentblocks.com\/es\/shop-2\/"},{"@type":"ListItem","position":3,"name":"Kit suspensi\u00f3n trasera poliuretano, RAV4 III\/IV"}]},{"@type":"WebSite","@id":"https:\/\/www.silentblocks.com\/es\/#website","url":"https:\/\/www.silentblocks.com\/es\/","name":"SILENTBLOCKS","description":"Secure on the road","publisher":{"@id":"https:\/\/www.silentblocks.com\/es\/#organization"},"potentialAction":[{"@type":"SearchAction","target":{"@type":"EntryPoint","urlTemplate":"https:\/\/www.silentblocks.com\/es\/?s={search_term_string}"},"query-input":{"@type":"PropertyValueSpecification","valueRequired":true,"valueName":"search_term_string"}}],"inLanguage":"es"},{"@type":"Organization","@id":"https:\/\/www.silentblocks.com\/es\/#organization","name":"SILENTBLOCKS","url":"https:\/\/www.silentblocks.com\/es\/","logo":{"@type":"ImageObject","inLanguage":"es","@id":"https:\/\/www.silentblocks.com\/es\/#\/schema\/logo\/image\/","url":"https:\/\/www.silentblocks.com\/wp-content\/uploads\/2023\/07\/logo211-sem-fundo_2012-PARA-BOUTIQUE-EBAY.png","contentUrl":"https:\/\/www.silentblocks.com\/wp-content\/uploads\/2023\/07\/logo211-sem-fundo_2012-PARA-BOUTIQUE-EBAY.png","width":300,"height":190,"caption":"SILENTBLOCKS"},"image":{"@id":"https:\/\/www.silentblocks.com\/es\/#\/schema\/logo\/image\/"}}]}},"_links":{"self":[{"href":"https:\/\/www.silentblocks.com\/es\/wp-json\/wp\/v2\/product\/111055","targetHints":{"allow":["GET"]}}],"collection":[{"href":"https:\/\/www.silentblocks.com\/es\/wp-json\/wp\/v2\/product"}],"about":[{"href":"https:\/\/www.silentblocks.com\/es\/wp-json\/wp\/v2\/types\/product"}],"version-history":[{"count":0,"href":"https:\/\/www.silentblocks.com\/es\/wp-json\/wp\/v2\/product\/111055\/revisions"}],"wp:featuredmedia":[{"embeddable":true,"href":"https:\/\/www.silentblocks.com\/es\/wp-json\/wp\/v2\/media\/111033"}],"wp:attachment":[{"href":"https:\/\/www.silentblocks.com\/es\/wp-json\/wp\/v2\/media?parent=111055"}],"wp:term":[{"taxonomy":"product_brand","embeddable":true,"href":"https:\/\/www.silentblocks.com\/es\/wp-json\/wp\/v2\/product_brand?post=111055"},{"taxonomy":"product_cat","embeddable":true,"href":"https:\/\/www.silentblocks.com\/es\/wp-json\/wp\/v2\/product_cat?post=111055"},{"taxonomy":"product_tag","embeddable":true,"href":"https:\/\/www.silentblocks.com\/es\/wp-json\/wp\/v2\/product_tag?post=111055"}],"curies":[{"name":"wp","href":"https:\/\/api.w.org\/{rel}","templated":true}]}}