{"id":111071,"date":"2025-12-11T13:31:38","date_gmt":"2025-12-11T13:31:38","guid":{"rendered":"https:\/\/www.silentblocks.com\/product\/silentblocks-para-brazos-delanteros-rav-4-xa30\/"},"modified":"2026-02-17T22:32:52","modified_gmt":"2026-02-17T22:32:52","slug":"silentblocks-para-brazos-delanteros-rav-4-xa30","status":"publish","type":"product","link":"https:\/\/www.silentblocks.com\/es\/producto\/silentblocks-para-brazos-delanteros-rav-4-xa30\/","title":{"rendered":"Silentblocks para brazos delanteros, Rav-4 XA30"},"content":{"rendered":"<p>Kit de 4 silentblocs de poliuretano para los dos brazos inferiores delanteros, compatible con los siguientes veh\u00edculos:<br \/>\nToyota RAV-4 III (XA30) (11.2005-12.2012)<\/p>\n<p>Dureza: 75\/90Sha<\/p>\n<p>Referencias del fabricante (c\u00f3digo OEM) s\u00f3lo a t\u00edtulo informativo :<br \/>\n48655-42060, 48068-42050, 48069-42050, 48654-42040<\/p>\n<p>Piezas nuevas, se vende con factura. Todos nuestros productos tienen 2 a\u00f1os de garant\u00eda.<\/p>\n","protected":false},"excerpt":{"rendered":"<p>Kit de 4 silentblocs de poliuretano para los dos brazos inferiores delanteros, compatible con los siguientes veh\u00edculos: Toyota RAV-4 III (XA30) (11.2005-12.2012) Dureza: 75\/90Sha Referencias del fabricante (c\u00f3digo OEM) s\u00f3lo a t\u00edtulo informativo : 48655-42060, 48068-42050, 48069-42050, 48654-42040 Piezas nuevas, se vende con factura. Todos nuestros productos tienen 2 a\u00f1os de garant\u00eda.<\/p>\n","protected":false},"featured_media":111039,"template":"","meta":[],"product_brand":[],"product_cat":[947,1508,3686,1700],"product_tag":[],"class_list":{"0":"post-111071","1":"product","2":"type-product","3":"status-publish","4":"has-post-thumbnail","6":"product_cat-toyota","7":"product_cat-rav4","8":"product_cat-rav4-05-13-es","9":"product_cat-rav4-05-13","11":"first","12":"instock","13":"shipping-taxable","14":"purchasable","15":"product-type-simple"},"yoast_head":"<!-- This site is optimized with the Yoast SEO Premium plugin v23.0 (Yoast SEO v27.5) - https:\/\/yoast.com\/product\/yoast-seo-premium-wordpress\/ -->\n<title>Silentblocks para brazos delanteros, Rav-4 XA30 - SILENT BLOCKS<\/title>\n<meta name=\"description\" content=\"Silentblocks de brazo delantero de poliuretano para Toyota Rav-4 III, compatibles con oem 48655-42060, 48068-42050, 48069-42050, 48654-42040\" \/>\n<meta name=\"robots\" content=\"index, follow, max-snippet:-1, max-image-preview:large, max-video-preview:-1\" \/>\n<link rel=\"canonical\" href=\"https:\/\/www.silentblocks.com\/es\/producto\/silentblocks-para-brazos-delanteros-rav-4-xa30\/\" \/>\n<meta property=\"og:locale\" content=\"es_ES\" \/>\n<meta property=\"og:type\" content=\"article\" \/>\n<meta property=\"og:title\" content=\"Silentblocks para brazos delanteros, Rav-4 XA30\" \/>\n<meta property=\"og:description\" content=\"Silentblocks de brazo delantero de poliuretano para Toyota Rav-4 III, compatibles con oem 48655-42060, 48068-42050, 48069-42050, 48654-42040\" \/>\n<meta property=\"og:url\" content=\"https:\/\/www.silentblocks.com\/es\/producto\/silentblocks-para-brazos-delanteros-rav-4-xa30\/\" \/>\n<meta property=\"og:site_name\" content=\"SILENT BLOCKS\" \/>\n<meta property=\"article:modified_time\" content=\"2026-02-17T22:32:52+00:00\" \/>\n<meta property=\"og:image\" content=\"https:\/\/www.silentblocks.com\/wp-content\/uploads\/2026\/02\/silentbloc-polyurethane-bras-avant-RAV4-III.jpg\" \/>\n\t<meta property=\"og:image:width\" content=\"1500\" \/>\n\t<meta property=\"og:image:height\" content=\"1500\" \/>\n\t<meta property=\"og:image:type\" content=\"image\/jpeg\" \/>\n<meta name=\"twitter:card\" content=\"summary_large_image\" \/>\n<script type=\"application\/ld+json\" class=\"yoast-schema-graph\">{\"@context\":\"https:\\\/\\\/schema.org\",\"@graph\":[{\"@type\":\"WebPage\",\"@id\":\"https:\\\/\\\/www.silentblocks.com\\\/es\\\/producto\\\/silentblocks-para-brazos-delanteros-rav-4-xa30\\\/\",\"url\":\"https:\\\/\\\/www.silentblocks.com\\\/es\\\/producto\\\/silentblocks-para-brazos-delanteros-rav-4-xa30\\\/\",\"name\":\"Silentblocks para brazos delanteros, Rav-4 XA30 - SILENT BLOCKS\",\"isPartOf\":{\"@id\":\"https:\\\/\\\/www.silentblocks.com\\\/es\\\/#website\"},\"primaryImageOfPage\":{\"@id\":\"https:\\\/\\\/www.silentblocks.com\\\/es\\\/producto\\\/silentblocks-para-brazos-delanteros-rav-4-xa30\\\/#primaryimage\"},\"image\":{\"@id\":\"https:\\\/\\\/www.silentblocks.com\\\/es\\\/producto\\\/silentblocks-para-brazos-delanteros-rav-4-xa30\\\/#primaryimage\"},\"thumbnailUrl\":\"https:\\\/\\\/www.silentblocks.com\\\/wp-content\\\/uploads\\\/2026\\\/02\\\/silentbloc-polyurethane-bras-avant-RAV4-III.jpg\",\"datePublished\":\"2025-12-11T13:31:38+00:00\",\"dateModified\":\"2026-02-17T22:32:52+00:00\",\"description\":\"Silentblocks de brazo delantero de poliuretano para Toyota Rav-4 III, compatibles con oem 48655-42060, 48068-42050, 48069-42050, 48654-42040\",\"breadcrumb\":{\"@id\":\"https:\\\/\\\/www.silentblocks.com\\\/es\\\/producto\\\/silentblocks-para-brazos-delanteros-rav-4-xa30\\\/#breadcrumb\"},\"inLanguage\":\"es\",\"potentialAction\":[{\"@type\":\"ReadAction\",\"target\":[\"https:\\\/\\\/www.silentblocks.com\\\/es\\\/producto\\\/silentblocks-para-brazos-delanteros-rav-4-xa30\\\/\"]}]},{\"@type\":\"ImageObject\",\"inLanguage\":\"es\",\"@id\":\"https:\\\/\\\/www.silentblocks.com\\\/es\\\/producto\\\/silentblocks-para-brazos-delanteros-rav-4-xa30\\\/#primaryimage\",\"url\":\"https:\\\/\\\/www.silentblocks.com\\\/wp-content\\\/uploads\\\/2026\\\/02\\\/silentbloc-polyurethane-bras-avant-RAV4-III.jpg\",\"contentUrl\":\"https:\\\/\\\/www.silentblocks.com\\\/wp-content\\\/uploads\\\/2026\\\/02\\\/silentbloc-polyurethane-bras-avant-RAV4-III.jpg\",\"width\":1500,\"height\":1500},{\"@type\":\"BreadcrumbList\",\"@id\":\"https:\\\/\\\/www.silentblocks.com\\\/es\\\/producto\\\/silentblocks-para-brazos-delanteros-rav-4-xa30\\\/#breadcrumb\",\"itemListElement\":[{\"@type\":\"ListItem\",\"position\":1,\"name\":\"In\u00edcio\",\"item\":\"https:\\\/\\\/www.silentblocks.com\\\/es\\\/\"},{\"@type\":\"ListItem\",\"position\":2,\"name\":\"Page boutique\",\"item\":\"https:\\\/\\\/www.silentblocks.com\\\/es\\\/shop-2\\\/\"},{\"@type\":\"ListItem\",\"position\":3,\"name\":\"Silentblocks para brazos delanteros, Rav-4 XA30\"}]},{\"@type\":\"WebSite\",\"@id\":\"https:\\\/\\\/www.silentblocks.com\\\/es\\\/#website\",\"url\":\"https:\\\/\\\/www.silentblocks.com\\\/es\\\/\",\"name\":\"SILENTBLOCKS\",\"description\":\"Secure on the road\",\"publisher\":{\"@id\":\"https:\\\/\\\/www.silentblocks.com\\\/es\\\/#organization\"},\"potentialAction\":[{\"@type\":\"SearchAction\",\"target\":{\"@type\":\"EntryPoint\",\"urlTemplate\":\"https:\\\/\\\/www.silentblocks.com\\\/es\\\/?s={search_term_string}\"},\"query-input\":{\"@type\":\"PropertyValueSpecification\",\"valueRequired\":true,\"valueName\":\"search_term_string\"}}],\"inLanguage\":\"es\"},{\"@type\":\"Organization\",\"@id\":\"https:\\\/\\\/www.silentblocks.com\\\/es\\\/#organization\",\"name\":\"SILENTBLOCKS\",\"url\":\"https:\\\/\\\/www.silentblocks.com\\\/es\\\/\",\"logo\":{\"@type\":\"ImageObject\",\"inLanguage\":\"es\",\"@id\":\"https:\\\/\\\/www.silentblocks.com\\\/es\\\/#\\\/schema\\\/logo\\\/image\\\/\",\"url\":\"https:\\\/\\\/www.silentblocks.com\\\/wp-content\\\/uploads\\\/2023\\\/07\\\/logo211-sem-fundo_2012-PARA-BOUTIQUE-EBAY.png\",\"contentUrl\":\"https:\\\/\\\/www.silentblocks.com\\\/wp-content\\\/uploads\\\/2023\\\/07\\\/logo211-sem-fundo_2012-PARA-BOUTIQUE-EBAY.png\",\"width\":300,\"height\":190,\"caption\":\"SILENTBLOCKS\"},\"image\":{\"@id\":\"https:\\\/\\\/www.silentblocks.com\\\/es\\\/#\\\/schema\\\/logo\\\/image\\\/\"}}]}<\/script>\n<!-- \/ Yoast SEO Premium plugin. -->","yoast_head_json":{"title":"Silentblocks para brazos delanteros, Rav-4 XA30 - SILENT BLOCKS","description":"Silentblocks de brazo delantero de poliuretano para Toyota Rav-4 III, compatibles con oem 48655-42060, 48068-42050, 48069-42050, 48654-42040","robots":{"index":"index","follow":"follow","max-snippet":"max-snippet:-1","max-image-preview":"max-image-preview:large","max-video-preview":"max-video-preview:-1"},"canonical":"https:\/\/www.silentblocks.com\/es\/producto\/silentblocks-para-brazos-delanteros-rav-4-xa30\/","og_locale":"es_ES","og_type":"article","og_title":"Silentblocks para brazos delanteros, Rav-4 XA30","og_description":"Silentblocks de brazo delantero de poliuretano para Toyota Rav-4 III, compatibles con oem 48655-42060, 48068-42050, 48069-42050, 48654-42040","og_url":"https:\/\/www.silentblocks.com\/es\/producto\/silentblocks-para-brazos-delanteros-rav-4-xa30\/","og_site_name":"SILENT BLOCKS","article_modified_time":"2026-02-17T22:32:52+00:00","og_image":[{"width":1500,"height":1500,"url":"https:\/\/www.silentblocks.com\/wp-content\/uploads\/2026\/02\/silentbloc-polyurethane-bras-avant-RAV4-III.jpg","type":"image\/jpeg"}],"twitter_card":"summary_large_image","schema":{"@context":"https:\/\/schema.org","@graph":[{"@type":"WebPage","@id":"https:\/\/www.silentblocks.com\/es\/producto\/silentblocks-para-brazos-delanteros-rav-4-xa30\/","url":"https:\/\/www.silentblocks.com\/es\/producto\/silentblocks-para-brazos-delanteros-rav-4-xa30\/","name":"Silentblocks para brazos delanteros, Rav-4 XA30 - SILENT BLOCKS","isPartOf":{"@id":"https:\/\/www.silentblocks.com\/es\/#website"},"primaryImageOfPage":{"@id":"https:\/\/www.silentblocks.com\/es\/producto\/silentblocks-para-brazos-delanteros-rav-4-xa30\/#primaryimage"},"image":{"@id":"https:\/\/www.silentblocks.com\/es\/producto\/silentblocks-para-brazos-delanteros-rav-4-xa30\/#primaryimage"},"thumbnailUrl":"https:\/\/www.silentblocks.com\/wp-content\/uploads\/2026\/02\/silentbloc-polyurethane-bras-avant-RAV4-III.jpg","datePublished":"2025-12-11T13:31:38+00:00","dateModified":"2026-02-17T22:32:52+00:00","description":"Silentblocks de brazo delantero de poliuretano para Toyota Rav-4 III, compatibles con oem 48655-42060, 48068-42050, 48069-42050, 48654-42040","breadcrumb":{"@id":"https:\/\/www.silentblocks.com\/es\/producto\/silentblocks-para-brazos-delanteros-rav-4-xa30\/#breadcrumb"},"inLanguage":"es","potentialAction":[{"@type":"ReadAction","target":["https:\/\/www.silentblocks.com\/es\/producto\/silentblocks-para-brazos-delanteros-rav-4-xa30\/"]}]},{"@type":"ImageObject","inLanguage":"es","@id":"https:\/\/www.silentblocks.com\/es\/producto\/silentblocks-para-brazos-delanteros-rav-4-xa30\/#primaryimage","url":"https:\/\/www.silentblocks.com\/wp-content\/uploads\/2026\/02\/silentbloc-polyurethane-bras-avant-RAV4-III.jpg","contentUrl":"https:\/\/www.silentblocks.com\/wp-content\/uploads\/2026\/02\/silentbloc-polyurethane-bras-avant-RAV4-III.jpg","width":1500,"height":1500},{"@type":"BreadcrumbList","@id":"https:\/\/www.silentblocks.com\/es\/producto\/silentblocks-para-brazos-delanteros-rav-4-xa30\/#breadcrumb","itemListElement":[{"@type":"ListItem","position":1,"name":"In\u00edcio","item":"https:\/\/www.silentblocks.com\/es\/"},{"@type":"ListItem","position":2,"name":"Page boutique","item":"https:\/\/www.silentblocks.com\/es\/shop-2\/"},{"@type":"ListItem","position":3,"name":"Silentblocks para brazos delanteros, Rav-4 XA30"}]},{"@type":"WebSite","@id":"https:\/\/www.silentblocks.com\/es\/#website","url":"https:\/\/www.silentblocks.com\/es\/","name":"SILENTBLOCKS","description":"Secure on the road","publisher":{"@id":"https:\/\/www.silentblocks.com\/es\/#organization"},"potentialAction":[{"@type":"SearchAction","target":{"@type":"EntryPoint","urlTemplate":"https:\/\/www.silentblocks.com\/es\/?s={search_term_string}"},"query-input":{"@type":"PropertyValueSpecification","valueRequired":true,"valueName":"search_term_string"}}],"inLanguage":"es"},{"@type":"Organization","@id":"https:\/\/www.silentblocks.com\/es\/#organization","name":"SILENTBLOCKS","url":"https:\/\/www.silentblocks.com\/es\/","logo":{"@type":"ImageObject","inLanguage":"es","@id":"https:\/\/www.silentblocks.com\/es\/#\/schema\/logo\/image\/","url":"https:\/\/www.silentblocks.com\/wp-content\/uploads\/2023\/07\/logo211-sem-fundo_2012-PARA-BOUTIQUE-EBAY.png","contentUrl":"https:\/\/www.silentblocks.com\/wp-content\/uploads\/2023\/07\/logo211-sem-fundo_2012-PARA-BOUTIQUE-EBAY.png","width":300,"height":190,"caption":"SILENTBLOCKS"},"image":{"@id":"https:\/\/www.silentblocks.com\/es\/#\/schema\/logo\/image\/"}}]}},"_links":{"self":[{"href":"https:\/\/www.silentblocks.com\/es\/wp-json\/wp\/v2\/product\/111071","targetHints":{"allow":["GET"]}}],"collection":[{"href":"https:\/\/www.silentblocks.com\/es\/wp-json\/wp\/v2\/product"}],"about":[{"href":"https:\/\/www.silentblocks.com\/es\/wp-json\/wp\/v2\/types\/product"}],"version-history":[{"count":0,"href":"https:\/\/www.silentblocks.com\/es\/wp-json\/wp\/v2\/product\/111071\/revisions"}],"wp:featuredmedia":[{"embeddable":true,"href":"https:\/\/www.silentblocks.com\/es\/wp-json\/wp\/v2\/media\/111039"}],"wp:attachment":[{"href":"https:\/\/www.silentblocks.com\/es\/wp-json\/wp\/v2\/media?parent=111071"}],"wp:term":[{"taxonomy":"product_brand","embeddable":true,"href":"https:\/\/www.silentblocks.com\/es\/wp-json\/wp\/v2\/product_brand?post=111071"},{"taxonomy":"product_cat","embeddable":true,"href":"https:\/\/www.silentblocks.com\/es\/wp-json\/wp\/v2\/product_cat?post=111071"},{"taxonomy":"product_tag","embeddable":true,"href":"https:\/\/www.silentblocks.com\/es\/wp-json\/wp\/v2\/product_tag?post=111071"}],"curies":[{"name":"wp","href":"https:\/\/api.w.org\/{rel}","templated":true}]}}