{"id":111115,"date":"2025-12-12T12:29:53","date_gmt":"2025-12-12T12:29:53","guid":{"rendered":"https:\/\/www.silentblocks.com\/product\/silentbloc-palanca-de-cambios-para-bmw\/"},"modified":"2026-02-17T22:32:57","modified_gmt":"2026-02-17T22:32:57","slug":"silentbloc-palanca-de-cambios-para-bmw","status":"publish","type":"product","link":"https:\/\/www.silentblocks.com\/es\/producto\/silentbloc-palanca-de-cambios-para-bmw\/","title":{"rendered":"Silentbloc palanca de cambios para BMW"},"content":{"rendered":"<p>Silentblock palanca de cambios, poliuretano, compatible con los siguientes veh\u00edculos:<br \/>\nBMW Serie 1 I (2004-2013) E81 \/ E82 \/ E87 \/ E88 \/ M1 Coup\u00e9<br \/>\nBMW Serie 1 II (2011-2019) F20 \/ F21<br \/>\nBMW Serie 2 I (2013-2021) F22 \/ F23 \/ F87 M2<br \/>\nBMW Serie 3 III (1990-1999) E36 \/ M3<br \/>\nBMW Serie 3 IV (1998-2007) E46 \/ M3<br \/>\nBMW Serie 3 V (2004-2013) E90 \/ E91 \/ E92 \/ E93 \/ M3<br \/>\nBMW Serie 3 VI (2013-2020) F30 \/ F31 \/ F34 \/ F80 M3<br \/>\nBMW Serie 4 I (2013-2020) F32 \/ F33 \/ F36 \/ F82 \/ F83 M4<br \/>\nBMW Serie 5 IV (1995-2003) E39<br \/>\nBMW Serie 5 V (2003-2010) E60 \/ E61 \/ M5<br \/>\nBMW Serie 5 VI (2010-2017) F07 GT \/ F10 \/ F11 \/ M5<br \/>\nBMW Serie 6 II (2003-2010) E63 \/ E64 \/ M6<br \/>\nBMW Serie 6 III (2011-2018) F06 \/ F12 \/ F13 \/ M6<br \/>\nBMW Serie 7 III (1994-2001) E38<br \/>\nBMW Serie 7 IV (2001-2008) E65 \/ E66<br \/>\nBMW Serie 8 I (1990-1999) E31<br \/>\nBMW X1 I (2009-2015) E84<br \/>\nBMW X3 I (2003-2010) E83<br \/>\nBMW X3 II (2010-2017) F25<br \/>\nBMW X4 I (2014-2018) F26<br \/>\nBMW Z3 (1994-2002)<br \/>\nBMW Z4 I (2002-2008) E85 \/ E86 \/ Z4 M<br \/>\nBMW Z4 II (2009-2016) E89<br \/>\nBMW Z8 (1999-2003) E52<\/p>\n<p>Dureza: 80Sha<br \/>\nPara instalar el anillo, retira el manguito met\u00e1lico exterior del antiguo anillo de goma.<\/p>\n<p>Referencias del fabricante (c\u00f3digo OEM) s\u00f3lo a t\u00edtulo informativo :<br \/>\n25111222015, 25111221736<\/p>\n<p>Piezas nuevas, se vende con factura. Todos nuestros productos tienen 2 a\u00f1os de garant\u00eda.<\/p>\n","protected":false},"excerpt":{"rendered":"<p>Silentblock palanca de cambios, poliuretano, compatible con los siguientes veh\u00edculos: BMW Serie 1 I (2004-2013) E81 \/ E82 \/ E87 \/ E88 \/ M1 Coup\u00e9 BMW Serie 1 II (2011-2019) F20 \/ F21 BMW Serie 2 I (2013-2021) F22 \/ F23 \/ F87 M2 BMW Serie 3 III (1990-1999) E36 \/ M3 BMW Serie 3 [&hellip;]<\/p>\n","protected":false},"featured_media":111099,"template":"","meta":[],"product_brand":[],"product_cat":[2133,2304,1926,1927,1928,1929,2307,2310,4417,1891,1893,1919,2361,4421,4397,1895,2364,4131,4134,2365,4137,1920,1921,1922,1923,6362,6364,2372,1924,1925,6500],"product_tag":[],"class_list":{"0":"post-111115","1":"product","2":"type-product","3":"status-publish","4":"has-post-thumbnail","6":"product_cat-bmw-es","7":"product_cat-bmw-serie-1-es","8":"product_cat-bmw-serie-1-e81-es","9":"product_cat-bmw-serie-1-e82-es","10":"product_cat-bmw-serie-1-e87-es","11":"product_cat-bmw-serie-1-e88-es","12":"product_cat-bmw-serie-1-f20-es","13":"product_cat-bmw-serie-1-f21-es","14":"product_cat-serie-2-m2-f87-es","15":"product_cat-serie-3-e36-es","16":"product_cat-serie-3-e46-es","17":"product_cat-serie-3-e90-e91-e92-e93-es","18":"product_cat-serie-3-f30-es","19":"product_cat-serie-3-m3-f80-es","20":"product_cat-serie-4-f32-f33-f36-f82-f83-es","21":"product_cat-serie-5-e39-1995-2004-es","22":"product_cat-serie-5-e60-e61-2003-2010-es","23":"product_cat-serie-5-f10-2010-2016-es","24":"product_cat-serie-5-f11-2009-2017-es","25":"product_cat-serie-6-e63-e64-2003-2010-es","26":"product_cat-serie-6-f06-f12-f13-es","27":"product_cat-serie-7-e38-1994-2001-es","28":"product_cat-serie-7-e65-e66-2001-2008-es","29":"product_cat-serie-8-e31-es","30":"product_cat-x1-es","31":"product_cat-bmw-x3-e83-03-10-es","32":"product_cat-bmw-x3-f25-10-17-es","33":"product_cat-x4-f26-es","34":"product_cat-z3-es","35":"product_cat-z4-e85-e86-es","36":"product_cat-z4-e89","38":"first","39":"instock","40":"shipping-taxable","41":"purchasable","42":"product-type-simple"},"yoast_head":"<!-- This site is optimized with the Yoast SEO Premium plugin v23.0 (Yoast SEO v27.5) - https:\/\/yoast.com\/product\/yoast-seo-premium-wordpress\/ -->\n<title>Silentbloc palanca de cambios para BMW - SILENT BLOCKS<\/title>\n<meta name=\"description\" content=\"Buje de palanca de cambios de poliuretano para BMW, compatible con oem 25111222015, 25111221736\" \/>\n<meta name=\"robots\" content=\"index, follow, max-snippet:-1, max-image-preview:large, max-video-preview:-1\" \/>\n<link rel=\"canonical\" href=\"https:\/\/www.silentblocks.com\/es\/producto\/silentbloc-palanca-de-cambios-para-bmw\/\" \/>\n<meta property=\"og:locale\" content=\"es_ES\" \/>\n<meta property=\"og:type\" content=\"article\" \/>\n<meta property=\"og:title\" content=\"Silentbloc palanca de cambios para BMW\" \/>\n<meta property=\"og:description\" content=\"Buje de palanca de cambios de poliuretano para BMW, compatible con oem 25111222015, 25111221736\" \/>\n<meta property=\"og:url\" content=\"https:\/\/www.silentblocks.com\/es\/producto\/silentbloc-palanca-de-cambios-para-bmw\/\" \/>\n<meta property=\"og:site_name\" content=\"SILENT BLOCKS\" \/>\n<meta property=\"article:modified_time\" content=\"2026-02-17T22:32:57+00:00\" \/>\n<meta property=\"og:image\" content=\"https:\/\/www.silentblocks.com\/wp-content\/uploads\/2026\/02\/silentbloc-levier-vitesse-bmw-serie-1.jpg\" \/>\n\t<meta property=\"og:image:width\" content=\"1024\" \/>\n\t<meta property=\"og:image:height\" content=\"1024\" \/>\n\t<meta property=\"og:image:type\" content=\"image\/jpeg\" \/>\n<meta name=\"twitter:card\" content=\"summary_large_image\" \/>\n<meta name=\"twitter:label1\" content=\"Tiempo de lectura\" \/>\n\t<meta name=\"twitter:data1\" content=\"1 minuto\" \/>\n<script type=\"application\/ld+json\" class=\"yoast-schema-graph\">{\"@context\":\"https:\\\/\\\/schema.org\",\"@graph\":[{\"@type\":\"WebPage\",\"@id\":\"https:\\\/\\\/www.silentblocks.com\\\/es\\\/producto\\\/silentbloc-palanca-de-cambios-para-bmw\\\/\",\"url\":\"https:\\\/\\\/www.silentblocks.com\\\/es\\\/producto\\\/silentbloc-palanca-de-cambios-para-bmw\\\/\",\"name\":\"Silentbloc palanca de cambios para BMW - SILENT BLOCKS\",\"isPartOf\":{\"@id\":\"https:\\\/\\\/www.silentblocks.com\\\/es\\\/#website\"},\"primaryImageOfPage\":{\"@id\":\"https:\\\/\\\/www.silentblocks.com\\\/es\\\/producto\\\/silentbloc-palanca-de-cambios-para-bmw\\\/#primaryimage\"},\"image\":{\"@id\":\"https:\\\/\\\/www.silentblocks.com\\\/es\\\/producto\\\/silentbloc-palanca-de-cambios-para-bmw\\\/#primaryimage\"},\"thumbnailUrl\":\"https:\\\/\\\/www.silentblocks.com\\\/wp-content\\\/uploads\\\/2026\\\/02\\\/silentbloc-levier-vitesse-bmw-serie-1.jpg\",\"datePublished\":\"2025-12-12T12:29:53+00:00\",\"dateModified\":\"2026-02-17T22:32:57+00:00\",\"description\":\"Buje de palanca de cambios de poliuretano para BMW, compatible con oem 25111222015, 25111221736\",\"breadcrumb\":{\"@id\":\"https:\\\/\\\/www.silentblocks.com\\\/es\\\/producto\\\/silentbloc-palanca-de-cambios-para-bmw\\\/#breadcrumb\"},\"inLanguage\":\"es\",\"potentialAction\":[{\"@type\":\"ReadAction\",\"target\":[\"https:\\\/\\\/www.silentblocks.com\\\/es\\\/producto\\\/silentbloc-palanca-de-cambios-para-bmw\\\/\"]}]},{\"@type\":\"ImageObject\",\"inLanguage\":\"es\",\"@id\":\"https:\\\/\\\/www.silentblocks.com\\\/es\\\/producto\\\/silentbloc-palanca-de-cambios-para-bmw\\\/#primaryimage\",\"url\":\"https:\\\/\\\/www.silentblocks.com\\\/wp-content\\\/uploads\\\/2026\\\/02\\\/silentbloc-levier-vitesse-bmw-serie-1.jpg\",\"contentUrl\":\"https:\\\/\\\/www.silentblocks.com\\\/wp-content\\\/uploads\\\/2026\\\/02\\\/silentbloc-levier-vitesse-bmw-serie-1.jpg\",\"width\":1024,\"height\":1024},{\"@type\":\"BreadcrumbList\",\"@id\":\"https:\\\/\\\/www.silentblocks.com\\\/es\\\/producto\\\/silentbloc-palanca-de-cambios-para-bmw\\\/#breadcrumb\",\"itemListElement\":[{\"@type\":\"ListItem\",\"position\":1,\"name\":\"In\u00edcio\",\"item\":\"https:\\\/\\\/www.silentblocks.com\\\/es\\\/\"},{\"@type\":\"ListItem\",\"position\":2,\"name\":\"Page boutique\",\"item\":\"https:\\\/\\\/www.silentblocks.com\\\/es\\\/shop-2\\\/\"},{\"@type\":\"ListItem\",\"position\":3,\"name\":\"Silentbloc palanca de cambios para BMW\"}]},{\"@type\":\"WebSite\",\"@id\":\"https:\\\/\\\/www.silentblocks.com\\\/es\\\/#website\",\"url\":\"https:\\\/\\\/www.silentblocks.com\\\/es\\\/\",\"name\":\"SILENTBLOCKS\",\"description\":\"Secure on the road\",\"publisher\":{\"@id\":\"https:\\\/\\\/www.silentblocks.com\\\/es\\\/#organization\"},\"potentialAction\":[{\"@type\":\"SearchAction\",\"target\":{\"@type\":\"EntryPoint\",\"urlTemplate\":\"https:\\\/\\\/www.silentblocks.com\\\/es\\\/?s={search_term_string}\"},\"query-input\":{\"@type\":\"PropertyValueSpecification\",\"valueRequired\":true,\"valueName\":\"search_term_string\"}}],\"inLanguage\":\"es\"},{\"@type\":\"Organization\",\"@id\":\"https:\\\/\\\/www.silentblocks.com\\\/es\\\/#organization\",\"name\":\"SILENTBLOCKS\",\"url\":\"https:\\\/\\\/www.silentblocks.com\\\/es\\\/\",\"logo\":{\"@type\":\"ImageObject\",\"inLanguage\":\"es\",\"@id\":\"https:\\\/\\\/www.silentblocks.com\\\/es\\\/#\\\/schema\\\/logo\\\/image\\\/\",\"url\":\"https:\\\/\\\/www.silentblocks.com\\\/wp-content\\\/uploads\\\/2023\\\/07\\\/logo211-sem-fundo_2012-PARA-BOUTIQUE-EBAY.png\",\"contentUrl\":\"https:\\\/\\\/www.silentblocks.com\\\/wp-content\\\/uploads\\\/2023\\\/07\\\/logo211-sem-fundo_2012-PARA-BOUTIQUE-EBAY.png\",\"width\":300,\"height\":190,\"caption\":\"SILENTBLOCKS\"},\"image\":{\"@id\":\"https:\\\/\\\/www.silentblocks.com\\\/es\\\/#\\\/schema\\\/logo\\\/image\\\/\"}}]}<\/script>\n<!-- \/ Yoast SEO Premium plugin. -->","yoast_head_json":{"title":"Silentbloc palanca de cambios para BMW - SILENT BLOCKS","description":"Buje de palanca de cambios de poliuretano para BMW, compatible con oem 25111222015, 25111221736","robots":{"index":"index","follow":"follow","max-snippet":"max-snippet:-1","max-image-preview":"max-image-preview:large","max-video-preview":"max-video-preview:-1"},"canonical":"https:\/\/www.silentblocks.com\/es\/producto\/silentbloc-palanca-de-cambios-para-bmw\/","og_locale":"es_ES","og_type":"article","og_title":"Silentbloc palanca de cambios para BMW","og_description":"Buje de palanca de cambios de poliuretano para BMW, compatible con oem 25111222015, 25111221736","og_url":"https:\/\/www.silentblocks.com\/es\/producto\/silentbloc-palanca-de-cambios-para-bmw\/","og_site_name":"SILENT BLOCKS","article_modified_time":"2026-02-17T22:32:57+00:00","og_image":[{"width":1024,"height":1024,"url":"https:\/\/www.silentblocks.com\/wp-content\/uploads\/2026\/02\/silentbloc-levier-vitesse-bmw-serie-1.jpg","type":"image\/jpeg"}],"twitter_card":"summary_large_image","twitter_misc":{"Tiempo de lectura":"1 minuto"},"schema":{"@context":"https:\/\/schema.org","@graph":[{"@type":"WebPage","@id":"https:\/\/www.silentblocks.com\/es\/producto\/silentbloc-palanca-de-cambios-para-bmw\/","url":"https:\/\/www.silentblocks.com\/es\/producto\/silentbloc-palanca-de-cambios-para-bmw\/","name":"Silentbloc palanca de cambios para BMW - SILENT BLOCKS","isPartOf":{"@id":"https:\/\/www.silentblocks.com\/es\/#website"},"primaryImageOfPage":{"@id":"https:\/\/www.silentblocks.com\/es\/producto\/silentbloc-palanca-de-cambios-para-bmw\/#primaryimage"},"image":{"@id":"https:\/\/www.silentblocks.com\/es\/producto\/silentbloc-palanca-de-cambios-para-bmw\/#primaryimage"},"thumbnailUrl":"https:\/\/www.silentblocks.com\/wp-content\/uploads\/2026\/02\/silentbloc-levier-vitesse-bmw-serie-1.jpg","datePublished":"2025-12-12T12:29:53+00:00","dateModified":"2026-02-17T22:32:57+00:00","description":"Buje de palanca de cambios de poliuretano para BMW, compatible con oem 25111222015, 25111221736","breadcrumb":{"@id":"https:\/\/www.silentblocks.com\/es\/producto\/silentbloc-palanca-de-cambios-para-bmw\/#breadcrumb"},"inLanguage":"es","potentialAction":[{"@type":"ReadAction","target":["https:\/\/www.silentblocks.com\/es\/producto\/silentbloc-palanca-de-cambios-para-bmw\/"]}]},{"@type":"ImageObject","inLanguage":"es","@id":"https:\/\/www.silentblocks.com\/es\/producto\/silentbloc-palanca-de-cambios-para-bmw\/#primaryimage","url":"https:\/\/www.silentblocks.com\/wp-content\/uploads\/2026\/02\/silentbloc-levier-vitesse-bmw-serie-1.jpg","contentUrl":"https:\/\/www.silentblocks.com\/wp-content\/uploads\/2026\/02\/silentbloc-levier-vitesse-bmw-serie-1.jpg","width":1024,"height":1024},{"@type":"BreadcrumbList","@id":"https:\/\/www.silentblocks.com\/es\/producto\/silentbloc-palanca-de-cambios-para-bmw\/#breadcrumb","itemListElement":[{"@type":"ListItem","position":1,"name":"In\u00edcio","item":"https:\/\/www.silentblocks.com\/es\/"},{"@type":"ListItem","position":2,"name":"Page boutique","item":"https:\/\/www.silentblocks.com\/es\/shop-2\/"},{"@type":"ListItem","position":3,"name":"Silentbloc palanca de cambios para BMW"}]},{"@type":"WebSite","@id":"https:\/\/www.silentblocks.com\/es\/#website","url":"https:\/\/www.silentblocks.com\/es\/","name":"SILENTBLOCKS","description":"Secure on the road","publisher":{"@id":"https:\/\/www.silentblocks.com\/es\/#organization"},"potentialAction":[{"@type":"SearchAction","target":{"@type":"EntryPoint","urlTemplate":"https:\/\/www.silentblocks.com\/es\/?s={search_term_string}"},"query-input":{"@type":"PropertyValueSpecification","valueRequired":true,"valueName":"search_term_string"}}],"inLanguage":"es"},{"@type":"Organization","@id":"https:\/\/www.silentblocks.com\/es\/#organization","name":"SILENTBLOCKS","url":"https:\/\/www.silentblocks.com\/es\/","logo":{"@type":"ImageObject","inLanguage":"es","@id":"https:\/\/www.silentblocks.com\/es\/#\/schema\/logo\/image\/","url":"https:\/\/www.silentblocks.com\/wp-content\/uploads\/2023\/07\/logo211-sem-fundo_2012-PARA-BOUTIQUE-EBAY.png","contentUrl":"https:\/\/www.silentblocks.com\/wp-content\/uploads\/2023\/07\/logo211-sem-fundo_2012-PARA-BOUTIQUE-EBAY.png","width":300,"height":190,"caption":"SILENTBLOCKS"},"image":{"@id":"https:\/\/www.silentblocks.com\/es\/#\/schema\/logo\/image\/"}}]}},"_links":{"self":[{"href":"https:\/\/www.silentblocks.com\/es\/wp-json\/wp\/v2\/product\/111115","targetHints":{"allow":["GET"]}}],"collection":[{"href":"https:\/\/www.silentblocks.com\/es\/wp-json\/wp\/v2\/product"}],"about":[{"href":"https:\/\/www.silentblocks.com\/es\/wp-json\/wp\/v2\/types\/product"}],"version-history":[{"count":0,"href":"https:\/\/www.silentblocks.com\/es\/wp-json\/wp\/v2\/product\/111115\/revisions"}],"wp:featuredmedia":[{"embeddable":true,"href":"https:\/\/www.silentblocks.com\/es\/wp-json\/wp\/v2\/media\/111099"}],"wp:attachment":[{"href":"https:\/\/www.silentblocks.com\/es\/wp-json\/wp\/v2\/media?parent=111115"}],"wp:term":[{"taxonomy":"product_brand","embeddable":true,"href":"https:\/\/www.silentblocks.com\/es\/wp-json\/wp\/v2\/product_brand?post=111115"},{"taxonomy":"product_cat","embeddable":true,"href":"https:\/\/www.silentblocks.com\/es\/wp-json\/wp\/v2\/product_cat?post=111115"},{"taxonomy":"product_tag","embeddable":true,"href":"https:\/\/www.silentblocks.com\/es\/wp-json\/wp\/v2\/product_tag?post=111115"}],"curies":[{"name":"wp","href":"https:\/\/api.w.org\/{rel}","templated":true}]}}