{"id":111316,"date":"2025-12-17T13:25:20","date_gmt":"2025-12-17T13:25:20","guid":{"rendered":"https:\/\/www.silentblocks.com\/product\/silentblocks-brazo-trasero-discovery-sport-l550\/"},"modified":"2026-02-17T22:33:26","modified_gmt":"2026-02-17T22:33:26","slug":"silentblocks-brazo-trasero-discovery-sport-l550","status":"publish","type":"product","link":"https:\/\/www.silentblocks.com\/es\/producto\/silentblocks-brazo-trasero-discovery-sport-l550\/","title":{"rendered":"Silentblocks brazo Trasero, Discovery Sport L550"},"content":{"rendered":"<p>Kit de 6 silentblocs para los dos brazos traseros inferiores, compatible con los siguientes veh\u00edculos:<br \/>\nLand Rover Discovery Sport L550 (2014-2021)<\/p>\n<p>Referencias del fabricante (c\u00f3digo OEM) s\u00f3lo a t\u00edtulo informativo :<br \/>\nLR098947, LR088530, FK725B530AH, LR060774, FK725B530AC, LR060775, FK725B531AC, LR076678, FK725B530AD, LR076679, FK725B531AD, FK725B531AF, LR088535, FK725B530AF, LR098944, FK725B531AH, LR137507, LK725B530AB, LR137508, LK725B531AB, LR175609, LK725B530AC, LR175610, LK725B531AC, FK72-5K653-AB<\/p>\n<p>Piezas nuevas, se vende con factura. Todos nuestros productos tienen 2 a\u00f1os de garant\u00eda.<\/p>\n","protected":false},"excerpt":{"rendered":"<p>Kit de 6 silentblocs para los dos brazos traseros inferiores, compatible con los siguientes veh\u00edculos: Land Rover Discovery Sport L550 (2014-2021) Referencias del fabricante (c\u00f3digo OEM) s\u00f3lo a t\u00edtulo informativo : LR098947, LR088530, FK725B530AH, LR060774, FK725B530AC, LR060775, FK725B531AC, LR076678, FK725B530AD, LR076679, FK725B531AD, FK725B531AF, LR088535, FK725B530AF, LR098944, FK725B531AH, LR137507, LK725B530AB, LR137508, LK725B531AB, LR175609, LK725B530AC, LR175610, LK725B531AC, [&hellip;]<\/p>\n","protected":false},"featured_media":111300,"template":"","meta":[],"product_brand":[],"product_cat":[2193,6255],"product_tag":[],"class_list":{"0":"post-111316","1":"product","2":"type-product","3":"status-publish","4":"has-post-thumbnail","6":"product_cat-land-rover-es","7":"product_cat-discovery-sport-l550","9":"first","10":"instock","11":"shipping-taxable","12":"purchasable","13":"product-type-simple"},"yoast_head":"<!-- This site is optimized with the Yoast SEO Premium plugin v23.0 (Yoast SEO v27.4) - https:\/\/yoast.com\/product\/yoast-seo-premium-wordpress\/ -->\n<title>Silentblocks brazo Trasero, Discovery Sport L550 - SILENT BLOCKS<\/title>\n<meta name=\"description\" content=\"Silentblocks de brazo trasero para Land Rover Discovery Sport L550, compatibles con LR098947, LR088530, FK725B530AH, LR060774, FK725B530AC, LR060775\" \/>\n<meta name=\"robots\" content=\"index, follow, max-snippet:-1, max-image-preview:large, max-video-preview:-1\" \/>\n<link rel=\"canonical\" href=\"https:\/\/www.silentblocks.com\/es\/producto\/silentblocks-brazo-trasero-discovery-sport-l550\/\" \/>\n<meta property=\"og:locale\" content=\"es_ES\" \/>\n<meta property=\"og:type\" content=\"article\" \/>\n<meta property=\"og:title\" content=\"Silentblocks brazo Trasero, Discovery Sport L550\" \/>\n<meta property=\"og:description\" content=\"Silentblocks de brazo trasero para Land Rover Discovery Sport L550, compatibles con LR098947, LR088530, FK725B530AH, LR060774, FK725B530AC, LR060775\" \/>\n<meta property=\"og:url\" content=\"https:\/\/www.silentblocks.com\/es\/producto\/silentblocks-brazo-trasero-discovery-sport-l550\/\" \/>\n<meta property=\"og:site_name\" content=\"SILENT BLOCKS\" \/>\n<meta property=\"article:modified_time\" content=\"2026-02-17T22:33:26+00:00\" \/>\n<meta property=\"og:image\" content=\"https:\/\/www.silentblocks.com\/wp-content\/uploads\/2026\/02\/silentblocs-bras-arriere-Discovery-Sport-L550.jpg\" \/>\n\t<meta property=\"og:image:width\" content=\"1200\" \/>\n\t<meta property=\"og:image:height\" content=\"1200\" \/>\n\t<meta property=\"og:image:type\" content=\"image\/jpeg\" \/>\n<meta name=\"twitter:card\" content=\"summary_large_image\" \/>\n<meta name=\"twitter:label1\" content=\"Tiempo de lectura\" \/>\n\t<meta name=\"twitter:data1\" content=\"1 minuto\" \/>\n<script type=\"application\/ld+json\" class=\"yoast-schema-graph\">{\"@context\":\"https:\\\/\\\/schema.org\",\"@graph\":[{\"@type\":\"WebPage\",\"@id\":\"https:\\\/\\\/www.silentblocks.com\\\/es\\\/producto\\\/silentblocks-brazo-trasero-discovery-sport-l550\\\/\",\"url\":\"https:\\\/\\\/www.silentblocks.com\\\/es\\\/producto\\\/silentblocks-brazo-trasero-discovery-sport-l550\\\/\",\"name\":\"Silentblocks brazo Trasero, Discovery Sport L550 - SILENT BLOCKS\",\"isPartOf\":{\"@id\":\"https:\\\/\\\/www.silentblocks.com\\\/es\\\/#website\"},\"primaryImageOfPage\":{\"@id\":\"https:\\\/\\\/www.silentblocks.com\\\/es\\\/producto\\\/silentblocks-brazo-trasero-discovery-sport-l550\\\/#primaryimage\"},\"image\":{\"@id\":\"https:\\\/\\\/www.silentblocks.com\\\/es\\\/producto\\\/silentblocks-brazo-trasero-discovery-sport-l550\\\/#primaryimage\"},\"thumbnailUrl\":\"https:\\\/\\\/www.silentblocks.com\\\/wp-content\\\/uploads\\\/2026\\\/02\\\/silentblocs-bras-arriere-Discovery-Sport-L550.jpg\",\"datePublished\":\"2025-12-17T13:25:20+00:00\",\"dateModified\":\"2026-02-17T22:33:26+00:00\",\"description\":\"Silentblocks de brazo trasero para Land Rover Discovery Sport L550, compatibles con LR098947, LR088530, FK725B530AH, LR060774, FK725B530AC, LR060775\",\"breadcrumb\":{\"@id\":\"https:\\\/\\\/www.silentblocks.com\\\/es\\\/producto\\\/silentblocks-brazo-trasero-discovery-sport-l550\\\/#breadcrumb\"},\"inLanguage\":\"es\",\"potentialAction\":[{\"@type\":\"ReadAction\",\"target\":[\"https:\\\/\\\/www.silentblocks.com\\\/es\\\/producto\\\/silentblocks-brazo-trasero-discovery-sport-l550\\\/\"]}]},{\"@type\":\"ImageObject\",\"inLanguage\":\"es\",\"@id\":\"https:\\\/\\\/www.silentblocks.com\\\/es\\\/producto\\\/silentblocks-brazo-trasero-discovery-sport-l550\\\/#primaryimage\",\"url\":\"https:\\\/\\\/www.silentblocks.com\\\/wp-content\\\/uploads\\\/2026\\\/02\\\/silentblocs-bras-arriere-Discovery-Sport-L550.jpg\",\"contentUrl\":\"https:\\\/\\\/www.silentblocks.com\\\/wp-content\\\/uploads\\\/2026\\\/02\\\/silentblocs-bras-arriere-Discovery-Sport-L550.jpg\",\"width\":1200,\"height\":1200},{\"@type\":\"BreadcrumbList\",\"@id\":\"https:\\\/\\\/www.silentblocks.com\\\/es\\\/producto\\\/silentblocks-brazo-trasero-discovery-sport-l550\\\/#breadcrumb\",\"itemListElement\":[{\"@type\":\"ListItem\",\"position\":1,\"name\":\"In\u00edcio\",\"item\":\"https:\\\/\\\/www.silentblocks.com\\\/es\\\/\"},{\"@type\":\"ListItem\",\"position\":2,\"name\":\"Page boutique\",\"item\":\"https:\\\/\\\/www.silentblocks.com\\\/es\\\/shop-2\\\/\"},{\"@type\":\"ListItem\",\"position\":3,\"name\":\"Silentblocks brazo Trasero, Discovery Sport L550\"}]},{\"@type\":\"WebSite\",\"@id\":\"https:\\\/\\\/www.silentblocks.com\\\/es\\\/#website\",\"url\":\"https:\\\/\\\/www.silentblocks.com\\\/es\\\/\",\"name\":\"SILENTBLOCKS\",\"description\":\"Secure on the road\",\"publisher\":{\"@id\":\"https:\\\/\\\/www.silentblocks.com\\\/es\\\/#organization\"},\"potentialAction\":[{\"@type\":\"SearchAction\",\"target\":{\"@type\":\"EntryPoint\",\"urlTemplate\":\"https:\\\/\\\/www.silentblocks.com\\\/es\\\/?s={search_term_string}\"},\"query-input\":{\"@type\":\"PropertyValueSpecification\",\"valueRequired\":true,\"valueName\":\"search_term_string\"}}],\"inLanguage\":\"es\"},{\"@type\":\"Organization\",\"@id\":\"https:\\\/\\\/www.silentblocks.com\\\/es\\\/#organization\",\"name\":\"SILENTBLOCKS\",\"url\":\"https:\\\/\\\/www.silentblocks.com\\\/es\\\/\",\"logo\":{\"@type\":\"ImageObject\",\"inLanguage\":\"es\",\"@id\":\"https:\\\/\\\/www.silentblocks.com\\\/es\\\/#\\\/schema\\\/logo\\\/image\\\/\",\"url\":\"https:\\\/\\\/www.silentblocks.com\\\/wp-content\\\/uploads\\\/2023\\\/07\\\/logo211-sem-fundo_2012-PARA-BOUTIQUE-EBAY.png\",\"contentUrl\":\"https:\\\/\\\/www.silentblocks.com\\\/wp-content\\\/uploads\\\/2023\\\/07\\\/logo211-sem-fundo_2012-PARA-BOUTIQUE-EBAY.png\",\"width\":300,\"height\":190,\"caption\":\"SILENTBLOCKS\"},\"image\":{\"@id\":\"https:\\\/\\\/www.silentblocks.com\\\/es\\\/#\\\/schema\\\/logo\\\/image\\\/\"}}]}<\/script>\n<!-- \/ Yoast SEO Premium plugin. -->","yoast_head_json":{"title":"Silentblocks brazo Trasero, Discovery Sport L550 - SILENT BLOCKS","description":"Silentblocks de brazo trasero para Land Rover Discovery Sport L550, compatibles con LR098947, LR088530, FK725B530AH, LR060774, FK725B530AC, LR060775","robots":{"index":"index","follow":"follow","max-snippet":"max-snippet:-1","max-image-preview":"max-image-preview:large","max-video-preview":"max-video-preview:-1"},"canonical":"https:\/\/www.silentblocks.com\/es\/producto\/silentblocks-brazo-trasero-discovery-sport-l550\/","og_locale":"es_ES","og_type":"article","og_title":"Silentblocks brazo Trasero, Discovery Sport L550","og_description":"Silentblocks de brazo trasero para Land Rover Discovery Sport L550, compatibles con LR098947, LR088530, FK725B530AH, LR060774, FK725B530AC, LR060775","og_url":"https:\/\/www.silentblocks.com\/es\/producto\/silentblocks-brazo-trasero-discovery-sport-l550\/","og_site_name":"SILENT BLOCKS","article_modified_time":"2026-02-17T22:33:26+00:00","og_image":[{"width":1200,"height":1200,"url":"https:\/\/www.silentblocks.com\/wp-content\/uploads\/2026\/02\/silentblocs-bras-arriere-Discovery-Sport-L550.jpg","type":"image\/jpeg"}],"twitter_card":"summary_large_image","twitter_misc":{"Tiempo de lectura":"1 minuto"},"schema":{"@context":"https:\/\/schema.org","@graph":[{"@type":"WebPage","@id":"https:\/\/www.silentblocks.com\/es\/producto\/silentblocks-brazo-trasero-discovery-sport-l550\/","url":"https:\/\/www.silentblocks.com\/es\/producto\/silentblocks-brazo-trasero-discovery-sport-l550\/","name":"Silentblocks brazo Trasero, Discovery Sport L550 - SILENT BLOCKS","isPartOf":{"@id":"https:\/\/www.silentblocks.com\/es\/#website"},"primaryImageOfPage":{"@id":"https:\/\/www.silentblocks.com\/es\/producto\/silentblocks-brazo-trasero-discovery-sport-l550\/#primaryimage"},"image":{"@id":"https:\/\/www.silentblocks.com\/es\/producto\/silentblocks-brazo-trasero-discovery-sport-l550\/#primaryimage"},"thumbnailUrl":"https:\/\/www.silentblocks.com\/wp-content\/uploads\/2026\/02\/silentblocs-bras-arriere-Discovery-Sport-L550.jpg","datePublished":"2025-12-17T13:25:20+00:00","dateModified":"2026-02-17T22:33:26+00:00","description":"Silentblocks de brazo trasero para Land Rover Discovery Sport L550, compatibles con LR098947, LR088530, FK725B530AH, LR060774, FK725B530AC, LR060775","breadcrumb":{"@id":"https:\/\/www.silentblocks.com\/es\/producto\/silentblocks-brazo-trasero-discovery-sport-l550\/#breadcrumb"},"inLanguage":"es","potentialAction":[{"@type":"ReadAction","target":["https:\/\/www.silentblocks.com\/es\/producto\/silentblocks-brazo-trasero-discovery-sport-l550\/"]}]},{"@type":"ImageObject","inLanguage":"es","@id":"https:\/\/www.silentblocks.com\/es\/producto\/silentblocks-brazo-trasero-discovery-sport-l550\/#primaryimage","url":"https:\/\/www.silentblocks.com\/wp-content\/uploads\/2026\/02\/silentblocs-bras-arriere-Discovery-Sport-L550.jpg","contentUrl":"https:\/\/www.silentblocks.com\/wp-content\/uploads\/2026\/02\/silentblocs-bras-arriere-Discovery-Sport-L550.jpg","width":1200,"height":1200},{"@type":"BreadcrumbList","@id":"https:\/\/www.silentblocks.com\/es\/producto\/silentblocks-brazo-trasero-discovery-sport-l550\/#breadcrumb","itemListElement":[{"@type":"ListItem","position":1,"name":"In\u00edcio","item":"https:\/\/www.silentblocks.com\/es\/"},{"@type":"ListItem","position":2,"name":"Page boutique","item":"https:\/\/www.silentblocks.com\/es\/shop-2\/"},{"@type":"ListItem","position":3,"name":"Silentblocks brazo Trasero, Discovery Sport L550"}]},{"@type":"WebSite","@id":"https:\/\/www.silentblocks.com\/es\/#website","url":"https:\/\/www.silentblocks.com\/es\/","name":"SILENTBLOCKS","description":"Secure on the road","publisher":{"@id":"https:\/\/www.silentblocks.com\/es\/#organization"},"potentialAction":[{"@type":"SearchAction","target":{"@type":"EntryPoint","urlTemplate":"https:\/\/www.silentblocks.com\/es\/?s={search_term_string}"},"query-input":{"@type":"PropertyValueSpecification","valueRequired":true,"valueName":"search_term_string"}}],"inLanguage":"es"},{"@type":"Organization","@id":"https:\/\/www.silentblocks.com\/es\/#organization","name":"SILENTBLOCKS","url":"https:\/\/www.silentblocks.com\/es\/","logo":{"@type":"ImageObject","inLanguage":"es","@id":"https:\/\/www.silentblocks.com\/es\/#\/schema\/logo\/image\/","url":"https:\/\/www.silentblocks.com\/wp-content\/uploads\/2023\/07\/logo211-sem-fundo_2012-PARA-BOUTIQUE-EBAY.png","contentUrl":"https:\/\/www.silentblocks.com\/wp-content\/uploads\/2023\/07\/logo211-sem-fundo_2012-PARA-BOUTIQUE-EBAY.png","width":300,"height":190,"caption":"SILENTBLOCKS"},"image":{"@id":"https:\/\/www.silentblocks.com\/es\/#\/schema\/logo\/image\/"}}]}},"_links":{"self":[{"href":"https:\/\/www.silentblocks.com\/es\/wp-json\/wp\/v2\/product\/111316","targetHints":{"allow":["GET"]}}],"collection":[{"href":"https:\/\/www.silentblocks.com\/es\/wp-json\/wp\/v2\/product"}],"about":[{"href":"https:\/\/www.silentblocks.com\/es\/wp-json\/wp\/v2\/types\/product"}],"version-history":[{"count":0,"href":"https:\/\/www.silentblocks.com\/es\/wp-json\/wp\/v2\/product\/111316\/revisions"}],"wp:featuredmedia":[{"embeddable":true,"href":"https:\/\/www.silentblocks.com\/es\/wp-json\/wp\/v2\/media\/111300"}],"wp:attachment":[{"href":"https:\/\/www.silentblocks.com\/es\/wp-json\/wp\/v2\/media?parent=111316"}],"wp:term":[{"taxonomy":"product_brand","embeddable":true,"href":"https:\/\/www.silentblocks.com\/es\/wp-json\/wp\/v2\/product_brand?post=111316"},{"taxonomy":"product_cat","embeddable":true,"href":"https:\/\/www.silentblocks.com\/es\/wp-json\/wp\/v2\/product_cat?post=111316"},{"taxonomy":"product_tag","embeddable":true,"href":"https:\/\/www.silentblocks.com\/es\/wp-json\/wp\/v2\/product_tag?post=111316"}],"curies":[{"name":"wp","href":"https:\/\/api.w.org\/{rel}","templated":true}]}}